{"id":65675,"date":"2018-03-08T21:16:37","date_gmt":"2018-03-08T21:16:37","guid":{"rendered":"https:\/\/shopbrasil.vinyllandrecords.com\/?post_type=product&#038;p=65675"},"modified":"2018-08-02T20:27:54","modified_gmt":"2018-08-02T20:27:54","slug":"rock-rocket","status":"publish","type":"product","link":"https:\/\/shopbrasil.vinyllandrecords.com\/en\/produto\/rock-rocket\/","title":{"rendered":"Rock Rocket"},"content":{"rendered":"<p><\/p>\n","protected":false},"excerpt":{"rendered":"<p>Content at this player may not reflect vinyl&#8217;s actual songs.<br \/>\n<iframe src=\"https:\/\/w.soundcloud.com\/player\/?url=https%3A\/\/api.soundcloud.com\/playlists\/3828289&amp;color=%23ff5500&amp;auto_play=false&amp;hide_related=false&amp;show_comments=true&amp;show_user=true&amp;show_reposts=false&amp;show_teaser=true&amp;visual=true\" width=\"100%\" height=\"300\" frameborder=\"no\" scrolling=\"no\"><\/iframe><\/p>\n<p>After releasing two records on CD, \u201cRock Rocket\u201d finally makes their debut on vinyl with the same alcoholic inconsequence that we love, released exclusively on this 7\u201d.<\/p>\n<p>New psychedelic, mod and 60s garage rock influences are added to their tradicional mixture of classic rock, pink and surf music, bringing they sound to new and unexpected heights.<\/p>\n<p><strong>Limited Edition 350 copies worldwide<\/strong><\/p>\n<p>A: Rocket Jane<\/p>\n<p>B: P\u00e9rola da Noite, Malori Beach<\/p>\n","protected":false},"featured_media":65676,"template":"","meta":[],"product_brand":[],"product_cat":[108,93],"product_tag":[],"class_list":{"0":"post-65675","1":"product","2":"type-product","3":"status-publish","4":"has-post-thumbnail","6":"product_cat-lancamentos","7":"product_cat-93","9":"first","10":"instock","11":"sale","12":"taxable","13":"shipping-taxable","14":"purchasable","15":"product-type-simple"},"yoast_head":"<!-- This site is optimized with the Yoast SEO plugin v27.4 - https:\/\/yoast.com\/product\/yoast-seo-wordpress\/ -->\n<title>Rock Rocket - Vinyl Land Records<\/title>\n<meta name=\"robots\" content=\"index, follow, max-snippet:-1, max-image-preview:large, max-video-preview:-1\" \/>\n<link rel=\"canonical\" href=\"https:\/\/shopbrasil.vinyllandrecords.com\/produto\/rock-rocket\/\" \/>\n<meta property=\"og:locale\" content=\"en_US\" \/>\n<meta property=\"og:type\" content=\"article\" \/>\n<meta property=\"og:title\" content=\"Rock Rocket - Vinyl Land Records\" \/>\n<meta property=\"og:description\" content=\"[:pb]As m\u00fasicas abaixo podem n\u00e3o refletir fielmente o conte\u00fado do vinil.   Estr\u00e9ia em vinil dos paulistas \u201cRock Rocket\u201d, que retornam em nova forma\u00e7\u00e3o mas com a mesma inconsequ\u00eancia alco\u00f3lica de sempre e 3 faixas in\u00e9ditas, lan\u00e7adas exclusivamente em compacto.  Novas influ\u00eancias de psicodelia, mod e rock garagem de 60 somadas a j\u00e1 tradicional mistura de rock cl\u00e1ssio, punk e surf music pontuam a bolachinha, que \u00e9 realiza\u00e7\u00e3o de um sonho antigo da banda de ver seu material prensado em acetato.  Edi\u00e7\u00e3o limitada 350 c\u00f3pias mundialmente  A: Rocket Jane  B: P\u00e9rola da Noite, Malori Beach[:en]Content at this player may not reflect vinyl&#039;s actual songs.   After releasing two records on CD, \u201cRock Rocket\u201d finally makes their debut on vinyl with the same alcoholic inconsequence that we love, released exclusively on this 7\u201d.  New psychedelic, mod and 60s garage rock influences are added to their tradicional mixture of classic rock, pink and surf music, bringing they sound to new and unexpected heights.  Limited Edition 350 copies worldwide  A: Rocket Jane  B: P\u00e9rola da Noite, Malori Beach[:]\" \/>\n<meta property=\"og:url\" content=\"https:\/\/shopbrasil.vinyllandrecords.com\/produto\/rock-rocket\/\" \/>\n<meta property=\"og:site_name\" content=\"Vinyl Land Records\" \/>\n<meta property=\"article:modified_time\" content=\"2018-08-02T20:27:54+00:00\" \/>\n<meta property=\"og:image\" content=\"https:\/\/shopbrasil.vinyllandrecords.com\/wp-content\/uploads\/2018\/03\/VL005-Sleeve.jpg\" \/>\n\t<meta property=\"og:image:width\" content=\"1058\" \/>\n\t<meta property=\"og:image:height\" content=\"1050\" \/>\n\t<meta property=\"og:image:type\" content=\"image\/jpeg\" \/>\n<meta name=\"twitter:card\" content=\"summary_large_image\" \/>\n<script type=\"application\/ld+json\" class=\"yoast-schema-graph\">{\"@context\":\"https:\\\/\\\/schema.org\",\"@graph\":[{\"@type\":\"WebPage\",\"@id\":\"https:\\\/\\\/shopbrasil.vinyllandrecords.com\\\/produto\\\/rock-rocket\\\/\",\"url\":\"https:\\\/\\\/shopbrasil.vinyllandrecords.com\\\/produto\\\/rock-rocket\\\/\",\"name\":\"Rock Rocket - Vinyl Land Records\",\"isPartOf\":{\"@id\":\"https:\\\/\\\/shopbrasil.vinyllandrecords.com\\\/#website\"},\"primaryImageOfPage\":{\"@id\":\"https:\\\/\\\/shopbrasil.vinyllandrecords.com\\\/produto\\\/rock-rocket\\\/#primaryimage\"},\"image\":{\"@id\":\"https:\\\/\\\/shopbrasil.vinyllandrecords.com\\\/produto\\\/rock-rocket\\\/#primaryimage\"},\"thumbnailUrl\":\"https:\\\/\\\/shopbrasil.vinyllandrecords.com\\\/wp-content\\\/uploads\\\/2018\\\/03\\\/VL005-Sleeve.jpg\",\"datePublished\":\"2018-03-08T21:16:37+00:00\",\"dateModified\":\"2018-08-02T20:27:54+00:00\",\"breadcrumb\":{\"@id\":\"https:\\\/\\\/shopbrasil.vinyllandrecords.com\\\/produto\\\/rock-rocket\\\/#breadcrumb\"},\"inLanguage\":\"en-US\",\"potentialAction\":[{\"@type\":\"ReadAction\",\"target\":[\"https:\\\/\\\/shopbrasil.vinyllandrecords.com\\\/produto\\\/rock-rocket\\\/\"]}]},{\"@type\":\"ImageObject\",\"inLanguage\":\"en-US\",\"@id\":\"https:\\\/\\\/shopbrasil.vinyllandrecords.com\\\/produto\\\/rock-rocket\\\/#primaryimage\",\"url\":\"https:\\\/\\\/shopbrasil.vinyllandrecords.com\\\/wp-content\\\/uploads\\\/2018\\\/03\\\/VL005-Sleeve.jpg\",\"contentUrl\":\"https:\\\/\\\/shopbrasil.vinyllandrecords.com\\\/wp-content\\\/uploads\\\/2018\\\/03\\\/VL005-Sleeve.jpg\",\"width\":1058,\"height\":1050},{\"@type\":\"BreadcrumbList\",\"@id\":\"https:\\\/\\\/shopbrasil.vinyllandrecords.com\\\/produto\\\/rock-rocket\\\/#breadcrumb\",\"itemListElement\":[{\"@type\":\"ListItem\",\"position\":1,\"name\":\"In\u00edcio\",\"item\":\"https:\\\/\\\/shopbrasil.vinyllandrecords.com\\\/\"},{\"@type\":\"ListItem\",\"position\":2,\"name\":\"Shops\",\"item\":\"https:\\\/\\\/shopbrasil.vinyllandrecords.com\\\/shops\\\/\"},{\"@type\":\"ListItem\",\"position\":3,\"name\":\"Rock Rocket\"}]},{\"@type\":\"WebSite\",\"@id\":\"https:\\\/\\\/shopbrasil.vinyllandrecords.com\\\/#website\",\"url\":\"https:\\\/\\\/shopbrasil.vinyllandrecords.com\\\/\",\"name\":\"Vinyl Land Records\",\"description\":\"ONLINE SHOP\",\"potentialAction\":[{\"@type\":\"SearchAction\",\"target\":{\"@type\":\"EntryPoint\",\"urlTemplate\":\"https:\\\/\\\/shopbrasil.vinyllandrecords.com\\\/?s={search_term_string}\"},\"query-input\":{\"@type\":\"PropertyValueSpecification\",\"valueRequired\":true,\"valueName\":\"search_term_string\"}}],\"inLanguage\":\"en-US\"}]}<\/script>\n<!-- \/ Yoast SEO plugin. -->","yoast_head_json":{"title":"Rock Rocket - Vinyl Land Records","robots":{"index":"index","follow":"follow","max-snippet":"max-snippet:-1","max-image-preview":"max-image-preview:large","max-video-preview":"max-video-preview:-1"},"canonical":"https:\/\/shopbrasil.vinyllandrecords.com\/produto\/rock-rocket\/","og_locale":"en_US","og_type":"article","og_title":"Rock Rocket - Vinyl Land Records","og_description":"[:pb]As m\u00fasicas abaixo podem n\u00e3o refletir fielmente o conte\u00fado do vinil.   Estr\u00e9ia em vinil dos paulistas \u201cRock Rocket\u201d, que retornam em nova forma\u00e7\u00e3o mas com a mesma inconsequ\u00eancia alco\u00f3lica de sempre e 3 faixas in\u00e9ditas, lan\u00e7adas exclusivamente em compacto.  Novas influ\u00eancias de psicodelia, mod e rock garagem de 60 somadas a j\u00e1 tradicional mistura de rock cl\u00e1ssio, punk e surf music pontuam a bolachinha, que \u00e9 realiza\u00e7\u00e3o de um sonho antigo da banda de ver seu material prensado em acetato.  Edi\u00e7\u00e3o limitada 350 c\u00f3pias mundialmente  A: Rocket Jane  B: P\u00e9rola da Noite, Malori Beach[:en]Content at this player may not reflect vinyl's actual songs.   After releasing two records on CD, \u201cRock Rocket\u201d finally makes their debut on vinyl with the same alcoholic inconsequence that we love, released exclusively on this 7\u201d.  New psychedelic, mod and 60s garage rock influences are added to their tradicional mixture of classic rock, pink and surf music, bringing they sound to new and unexpected heights.  Limited Edition 350 copies worldwide  A: Rocket Jane  B: P\u00e9rola da Noite, Malori Beach[:]","og_url":"https:\/\/shopbrasil.vinyllandrecords.com\/produto\/rock-rocket\/","og_site_name":"Vinyl Land Records","article_modified_time":"2018-08-02T20:27:54+00:00","og_image":[{"width":1058,"height":1050,"url":"https:\/\/shopbrasil.vinyllandrecords.com\/wp-content\/uploads\/2018\/03\/VL005-Sleeve.jpg","type":"image\/jpeg"}],"twitter_card":"summary_large_image","schema":{"@context":"https:\/\/schema.org","@graph":[{"@type":"WebPage","@id":"https:\/\/shopbrasil.vinyllandrecords.com\/produto\/rock-rocket\/","url":"https:\/\/shopbrasil.vinyllandrecords.com\/produto\/rock-rocket\/","name":"Rock Rocket - Vinyl Land Records","isPartOf":{"@id":"https:\/\/shopbrasil.vinyllandrecords.com\/#website"},"primaryImageOfPage":{"@id":"https:\/\/shopbrasil.vinyllandrecords.com\/produto\/rock-rocket\/#primaryimage"},"image":{"@id":"https:\/\/shopbrasil.vinyllandrecords.com\/produto\/rock-rocket\/#primaryimage"},"thumbnailUrl":"https:\/\/shopbrasil.vinyllandrecords.com\/wp-content\/uploads\/2018\/03\/VL005-Sleeve.jpg","datePublished":"2018-03-08T21:16:37+00:00","dateModified":"2018-08-02T20:27:54+00:00","breadcrumb":{"@id":"https:\/\/shopbrasil.vinyllandrecords.com\/produto\/rock-rocket\/#breadcrumb"},"inLanguage":"en-US","potentialAction":[{"@type":"ReadAction","target":["https:\/\/shopbrasil.vinyllandrecords.com\/produto\/rock-rocket\/"]}]},{"@type":"ImageObject","inLanguage":"en-US","@id":"https:\/\/shopbrasil.vinyllandrecords.com\/produto\/rock-rocket\/#primaryimage","url":"https:\/\/shopbrasil.vinyllandrecords.com\/wp-content\/uploads\/2018\/03\/VL005-Sleeve.jpg","contentUrl":"https:\/\/shopbrasil.vinyllandrecords.com\/wp-content\/uploads\/2018\/03\/VL005-Sleeve.jpg","width":1058,"height":1050},{"@type":"BreadcrumbList","@id":"https:\/\/shopbrasil.vinyllandrecords.com\/produto\/rock-rocket\/#breadcrumb","itemListElement":[{"@type":"ListItem","position":1,"name":"In\u00edcio","item":"https:\/\/shopbrasil.vinyllandrecords.com\/"},{"@type":"ListItem","position":2,"name":"Shops","item":"https:\/\/shopbrasil.vinyllandrecords.com\/shops\/"},{"@type":"ListItem","position":3,"name":"Rock Rocket"}]},{"@type":"WebSite","@id":"https:\/\/shopbrasil.vinyllandrecords.com\/#website","url":"https:\/\/shopbrasil.vinyllandrecords.com\/","name":"Vinyl Land Records","description":"ONLINE SHOP","potentialAction":[{"@type":"SearchAction","target":{"@type":"EntryPoint","urlTemplate":"https:\/\/shopbrasil.vinyllandrecords.com\/?s={search_term_string}"},"query-input":{"@type":"PropertyValueSpecification","valueRequired":true,"valueName":"search_term_string"}}],"inLanguage":"en-US"}]}},"_links":{"self":[{"href":"https:\/\/shopbrasil.vinyllandrecords.com\/en\/wp-json\/wp\/v2\/product\/65675","targetHints":{"allow":["GET"]}}],"collection":[{"href":"https:\/\/shopbrasil.vinyllandrecords.com\/en\/wp-json\/wp\/v2\/product"}],"about":[{"href":"https:\/\/shopbrasil.vinyllandrecords.com\/en\/wp-json\/wp\/v2\/types\/product"}],"wp:featuredmedia":[{"embeddable":true,"href":"https:\/\/shopbrasil.vinyllandrecords.com\/en\/wp-json\/wp\/v2\/media\/65676"}],"wp:attachment":[{"href":"https:\/\/shopbrasil.vinyllandrecords.com\/en\/wp-json\/wp\/v2\/media?parent=65675"}],"wp:term":[{"taxonomy":"product_brand","embeddable":true,"href":"https:\/\/shopbrasil.vinyllandrecords.com\/en\/wp-json\/wp\/v2\/product_brand?post=65675"},{"taxonomy":"product_cat","embeddable":true,"href":"https:\/\/shopbrasil.vinyllandrecords.com\/en\/wp-json\/wp\/v2\/product_cat?post=65675"},{"taxonomy":"product_tag","embeddable":true,"href":"https:\/\/shopbrasil.vinyllandrecords.com\/en\/wp-json\/wp\/v2\/product_tag?post=65675"}],"curies":[{"name":"wp","href":"https:\/\/api.w.org\/{rel}","templated":true}]}}