{"id":65686,"date":"2018-03-12T22:58:56","date_gmt":"2018-03-12T22:58:56","guid":{"rendered":"https:\/\/shopbrasil.vinyllandrecords.com\/?post_type=product&#038;p=65686"},"modified":"2023-11-22T12:01:52","modified_gmt":"2023-11-22T15:01:52","slug":"the-dead-lovers-twisted-heart-dlth","status":"publish","type":"product","link":"https:\/\/shopbrasil.vinyllandrecords.com\/en\/produto\/the-dead-lovers-twisted-heart-dlth\/","title":{"rendered":"The Dead Lover&#8217;s Twisted Heart &#8211; DLTH"},"content":{"rendered":"<p><br \/>\n<\/p>","protected":false},"excerpt":{"rendered":"<p>Content at this player may not reflect vinyl&#8217;s actual songs.<br \/>\n<iframe src=\"https:\/\/w.soundcloud.com\/player\/?url=https%3A\/\/api.soundcloud.com\/users\/1021689&amp;color=%23ff5500&amp;auto_play=false&amp;hide_related=false&amp;show_comments=true&amp;show_user=true&amp;show_reposts=false&amp;show_teaser=true&amp;visual=true\" width=\"100%\" height=\"300\" frameborder=\"no\" scrolling=\"no\"><\/iframe><\/p>\n<p>Simply untitled \u201cDLTH\u201d, the debut LP by \u201cThe Dead Lover\u00b4s Twisted Heart\u201d was released in 2010 and shows the eclectic side of the band, clearly seen in the style difference between side A and B of the album.<\/p>\n<p>The band brings together their equal love of Roberto Carlos and Odair Jos\u00e9 with David Bowie, Johnny Cash and Lou Reed, generating highly danceble riffs, catchy hooks, folk songs played with punk energy and punk songs disguised as ancestral folk.<\/p>\n<p><strong>Limited Edition 500 copies worldwide<\/strong><\/p>\n<p>A: Dead Lover, Backwards, All Things, Rock Hurts, Shake your Hips, Folk You<\/p>\n<p>B: Mrs. Magill, Line 5102, Devil Inside A Woman, Isabelle, Where I Am, Pretenders<\/p>\n","protected":false},"featured_media":65687,"template":"","meta":[],"product_brand":[],"product_cat":[108,122,97],"product_tag":[],"class_list":{"0":"post-65686","1":"product","2":"type-product","3":"status-publish","4":"has-post-thumbnail","6":"product_cat-lancamentos","7":"product_cat-musica-mineira-em-vinil","8":"product_cat-lp","10":"first","11":"instock","12":"taxable","13":"shipping-taxable","14":"purchasable","15":"product-type-simple"},"yoast_head":"<!-- This site is optimized with the Yoast SEO plugin v27.3 - https:\/\/yoast.com\/product\/yoast-seo-wordpress\/ -->\n<title>The Dead Lover&#039;s Twisted Heart - DLTH - Vinyl Land Records<\/title>\n<meta name=\"robots\" content=\"index, follow, max-snippet:-1, max-image-preview:large, max-video-preview:-1\" \/>\n<link rel=\"canonical\" href=\"https:\/\/shopbrasil.vinyllandrecords.com\/produto\/the-dead-lovers-twisted-heart-dlth\/\" \/>\n<meta property=\"og:locale\" content=\"en_US\" \/>\n<meta property=\"og:type\" content=\"article\" \/>\n<meta property=\"og:title\" content=\"The Dead Lover&#039;s Twisted Heart - DLTH - Vinyl Land Records\" \/>\n<meta property=\"og:description\" content=\"[:pb]As m\u00fasicas abaixo podem n\u00e3o refletir fielmente o conte\u00fado do vinil.   Entitulado simplesmete &quot;DLTH&quot;, o Lp de estr\u00e9ia dos \u201cThe Dead Lover\u00b4s Twisted Heart\u201d foi lan\u00e7ado em junho de 2010 e mostra a cara ecl\u00e9tica da banda, visivelmente destacada na diferen\u00e7a sonora entre o lado A e B do disco.  A banda arranja harmoniosamente uma liga\u00e7\u00e3o entre os nervos e as cordas de a\u00e7o, aproximando os amores de Roberto Carlos e Odair Jos\u00e9 aos de David Bowie &amp; Lou Reed e gerando m\u00fasicas altamente dan\u00e7\u00e1veis, refr\u00f5es instant\u00e2neos, folks tocados com energia punk e punks vestidos de folks ancestrais.  Edi\u00e7\u00e3o limitada 500 c\u00f3pias mundialmente  A: Dead Lover, Backwards, All Things, Rock Hurts, Shake your Hips, Folk You  B: Mrs. Magill, Line 5102, Devil Inside A Woman, Isabelle, Where I Am, Pretenders[:en]Content at this player may not reflect vinyl&#039;s actual songs.   Simply untitled \u201cDLTH\u201d, the debut LP by \u201cThe Dead Lover\u00b4s Twisted Heart\u201d was released in 2010 and shows the eclectic side of the band, clearly seen in the style difference between side A and B of the album.  The band brings together their equal love of Roberto Carlos and Odair Jos\u00e9 with David Bowie, Johnny Cash and Lou Reed, generating highly danceble riffs, catchy hooks, folk songs played with punk energy and punk songs disguised as ancestral folk.  Limited Edition 500 copies worldwide  A: Dead Lover, Backwards, All Things, Rock Hurts, Shake your Hips, Folk You  B: Mrs. Magill, Line 5102, Devil Inside A Woman, Isabelle, Where I Am, Pretenders[:]\" \/>\n<meta property=\"og:url\" content=\"https:\/\/shopbrasil.vinyllandrecords.com\/produto\/the-dead-lovers-twisted-heart-dlth\/\" \/>\n<meta property=\"og:site_name\" content=\"Vinyl Land Records\" \/>\n<meta property=\"article:modified_time\" content=\"2023-11-22T15:01:52+00:00\" \/>\n<meta property=\"og:image\" content=\"https:\/\/shopbrasil.vinyllandrecords.com\/wp-content\/uploads\/2018\/03\/DLTH.jpg\" \/>\n\t<meta property=\"og:image:width\" content=\"1846\" \/>\n\t<meta property=\"og:image:height\" content=\"1852\" \/>\n\t<meta property=\"og:image:type\" content=\"image\/jpeg\" \/>\n<meta name=\"twitter:card\" content=\"summary_large_image\" \/>\n<script type=\"application\/ld+json\" class=\"yoast-schema-graph\">{\"@context\":\"https:\\\/\\\/schema.org\",\"@graph\":[{\"@type\":\"WebPage\",\"@id\":\"https:\\\/\\\/shopbrasil.vinyllandrecords.com\\\/produto\\\/the-dead-lovers-twisted-heart-dlth\\\/\",\"url\":\"https:\\\/\\\/shopbrasil.vinyllandrecords.com\\\/produto\\\/the-dead-lovers-twisted-heart-dlth\\\/\",\"name\":\"The Dead Lover's Twisted Heart - DLTH - Vinyl Land Records\",\"isPartOf\":{\"@id\":\"https:\\\/\\\/shopbrasil.vinyllandrecords.com\\\/#website\"},\"primaryImageOfPage\":{\"@id\":\"https:\\\/\\\/shopbrasil.vinyllandrecords.com\\\/produto\\\/the-dead-lovers-twisted-heart-dlth\\\/#primaryimage\"},\"image\":{\"@id\":\"https:\\\/\\\/shopbrasil.vinyllandrecords.com\\\/produto\\\/the-dead-lovers-twisted-heart-dlth\\\/#primaryimage\"},\"thumbnailUrl\":\"https:\\\/\\\/shopbrasil.vinyllandrecords.com\\\/wp-content\\\/uploads\\\/2018\\\/03\\\/DLTH.jpg\",\"datePublished\":\"2018-03-12T22:58:56+00:00\",\"dateModified\":\"2023-11-22T15:01:52+00:00\",\"breadcrumb\":{\"@id\":\"https:\\\/\\\/shopbrasil.vinyllandrecords.com\\\/produto\\\/the-dead-lovers-twisted-heart-dlth\\\/#breadcrumb\"},\"inLanguage\":\"en-US\",\"potentialAction\":[{\"@type\":\"ReadAction\",\"target\":[\"https:\\\/\\\/shopbrasil.vinyllandrecords.com\\\/produto\\\/the-dead-lovers-twisted-heart-dlth\\\/\"]}]},{\"@type\":\"ImageObject\",\"inLanguage\":\"en-US\",\"@id\":\"https:\\\/\\\/shopbrasil.vinyllandrecords.com\\\/produto\\\/the-dead-lovers-twisted-heart-dlth\\\/#primaryimage\",\"url\":\"https:\\\/\\\/shopbrasil.vinyllandrecords.com\\\/wp-content\\\/uploads\\\/2018\\\/03\\\/DLTH.jpg\",\"contentUrl\":\"https:\\\/\\\/shopbrasil.vinyllandrecords.com\\\/wp-content\\\/uploads\\\/2018\\\/03\\\/DLTH.jpg\",\"width\":1846,\"height\":1852},{\"@type\":\"BreadcrumbList\",\"@id\":\"https:\\\/\\\/shopbrasil.vinyllandrecords.com\\\/produto\\\/the-dead-lovers-twisted-heart-dlth\\\/#breadcrumb\",\"itemListElement\":[{\"@type\":\"ListItem\",\"position\":1,\"name\":\"In\u00edcio\",\"item\":\"https:\\\/\\\/shopbrasil.vinyllandrecords.com\\\/\"},{\"@type\":\"ListItem\",\"position\":2,\"name\":\"Shops\",\"item\":\"https:\\\/\\\/shopbrasil.vinyllandrecords.com\\\/shops\\\/\"},{\"@type\":\"ListItem\",\"position\":3,\"name\":\"The Dead Lover&#8217;s Twisted Heart &#8211; DLTH\"}]},{\"@type\":\"WebSite\",\"@id\":\"https:\\\/\\\/shopbrasil.vinyllandrecords.com\\\/#website\",\"url\":\"https:\\\/\\\/shopbrasil.vinyllandrecords.com\\\/\",\"name\":\"Vinyl Land Records\",\"description\":\"ONLINE SHOP\",\"potentialAction\":[{\"@type\":\"SearchAction\",\"target\":{\"@type\":\"EntryPoint\",\"urlTemplate\":\"https:\\\/\\\/shopbrasil.vinyllandrecords.com\\\/?s={search_term_string}\"},\"query-input\":{\"@type\":\"PropertyValueSpecification\",\"valueRequired\":true,\"valueName\":\"search_term_string\"}}],\"inLanguage\":\"en-US\"}]}<\/script>\n<!-- \/ Yoast SEO plugin. -->","yoast_head_json":{"title":"The Dead Lover's Twisted Heart - DLTH - Vinyl Land Records","robots":{"index":"index","follow":"follow","max-snippet":"max-snippet:-1","max-image-preview":"max-image-preview:large","max-video-preview":"max-video-preview:-1"},"canonical":"https:\/\/shopbrasil.vinyllandrecords.com\/produto\/the-dead-lovers-twisted-heart-dlth\/","og_locale":"en_US","og_type":"article","og_title":"The Dead Lover's Twisted Heart - DLTH - Vinyl Land Records","og_description":"[:pb]As m\u00fasicas abaixo podem n\u00e3o refletir fielmente o conte\u00fado do vinil.   Entitulado simplesmete \"DLTH\", o Lp de estr\u00e9ia dos \u201cThe Dead Lover\u00b4s Twisted Heart\u201d foi lan\u00e7ado em junho de 2010 e mostra a cara ecl\u00e9tica da banda, visivelmente destacada na diferen\u00e7a sonora entre o lado A e B do disco.  A banda arranja harmoniosamente uma liga\u00e7\u00e3o entre os nervos e as cordas de a\u00e7o, aproximando os amores de Roberto Carlos e Odair Jos\u00e9 aos de David Bowie &amp; Lou Reed e gerando m\u00fasicas altamente dan\u00e7\u00e1veis, refr\u00f5es instant\u00e2neos, folks tocados com energia punk e punks vestidos de folks ancestrais.  Edi\u00e7\u00e3o limitada 500 c\u00f3pias mundialmente  A: Dead Lover, Backwards, All Things, Rock Hurts, Shake your Hips, Folk You  B: Mrs. Magill, Line 5102, Devil Inside A Woman, Isabelle, Where I Am, Pretenders[:en]Content at this player may not reflect vinyl's actual songs.   Simply untitled \u201cDLTH\u201d, the debut LP by \u201cThe Dead Lover\u00b4s Twisted Heart\u201d was released in 2010 and shows the eclectic side of the band, clearly seen in the style difference between side A and B of the album.  The band brings together their equal love of Roberto Carlos and Odair Jos\u00e9 with David Bowie, Johnny Cash and Lou Reed, generating highly danceble riffs, catchy hooks, folk songs played with punk energy and punk songs disguised as ancestral folk.  Limited Edition 500 copies worldwide  A: Dead Lover, Backwards, All Things, Rock Hurts, Shake your Hips, Folk You  B: Mrs. Magill, Line 5102, Devil Inside A Woman, Isabelle, Where I Am, Pretenders[:]","og_url":"https:\/\/shopbrasil.vinyllandrecords.com\/produto\/the-dead-lovers-twisted-heart-dlth\/","og_site_name":"Vinyl Land Records","article_modified_time":"2023-11-22T15:01:52+00:00","og_image":[{"width":1846,"height":1852,"url":"https:\/\/shopbrasil.vinyllandrecords.com\/wp-content\/uploads\/2018\/03\/DLTH.jpg","type":"image\/jpeg"}],"twitter_card":"summary_large_image","schema":{"@context":"https:\/\/schema.org","@graph":[{"@type":"WebPage","@id":"https:\/\/shopbrasil.vinyllandrecords.com\/produto\/the-dead-lovers-twisted-heart-dlth\/","url":"https:\/\/shopbrasil.vinyllandrecords.com\/produto\/the-dead-lovers-twisted-heart-dlth\/","name":"The Dead Lover's Twisted Heart - DLTH - Vinyl Land Records","isPartOf":{"@id":"https:\/\/shopbrasil.vinyllandrecords.com\/#website"},"primaryImageOfPage":{"@id":"https:\/\/shopbrasil.vinyllandrecords.com\/produto\/the-dead-lovers-twisted-heart-dlth\/#primaryimage"},"image":{"@id":"https:\/\/shopbrasil.vinyllandrecords.com\/produto\/the-dead-lovers-twisted-heart-dlth\/#primaryimage"},"thumbnailUrl":"https:\/\/shopbrasil.vinyllandrecords.com\/wp-content\/uploads\/2018\/03\/DLTH.jpg","datePublished":"2018-03-12T22:58:56+00:00","dateModified":"2023-11-22T15:01:52+00:00","breadcrumb":{"@id":"https:\/\/shopbrasil.vinyllandrecords.com\/produto\/the-dead-lovers-twisted-heart-dlth\/#breadcrumb"},"inLanguage":"en-US","potentialAction":[{"@type":"ReadAction","target":["https:\/\/shopbrasil.vinyllandrecords.com\/produto\/the-dead-lovers-twisted-heart-dlth\/"]}]},{"@type":"ImageObject","inLanguage":"en-US","@id":"https:\/\/shopbrasil.vinyllandrecords.com\/produto\/the-dead-lovers-twisted-heart-dlth\/#primaryimage","url":"https:\/\/shopbrasil.vinyllandrecords.com\/wp-content\/uploads\/2018\/03\/DLTH.jpg","contentUrl":"https:\/\/shopbrasil.vinyllandrecords.com\/wp-content\/uploads\/2018\/03\/DLTH.jpg","width":1846,"height":1852},{"@type":"BreadcrumbList","@id":"https:\/\/shopbrasil.vinyllandrecords.com\/produto\/the-dead-lovers-twisted-heart-dlth\/#breadcrumb","itemListElement":[{"@type":"ListItem","position":1,"name":"In\u00edcio","item":"https:\/\/shopbrasil.vinyllandrecords.com\/"},{"@type":"ListItem","position":2,"name":"Shops","item":"https:\/\/shopbrasil.vinyllandrecords.com\/shops\/"},{"@type":"ListItem","position":3,"name":"The Dead Lover&#8217;s Twisted Heart &#8211; DLTH"}]},{"@type":"WebSite","@id":"https:\/\/shopbrasil.vinyllandrecords.com\/#website","url":"https:\/\/shopbrasil.vinyllandrecords.com\/","name":"Vinyl Land Records","description":"ONLINE SHOP","potentialAction":[{"@type":"SearchAction","target":{"@type":"EntryPoint","urlTemplate":"https:\/\/shopbrasil.vinyllandrecords.com\/?s={search_term_string}"},"query-input":{"@type":"PropertyValueSpecification","valueRequired":true,"valueName":"search_term_string"}}],"inLanguage":"en-US"}]}},"_links":{"self":[{"href":"https:\/\/shopbrasil.vinyllandrecords.com\/en\/wp-json\/wp\/v2\/product\/65686","targetHints":{"allow":["GET"]}}],"collection":[{"href":"https:\/\/shopbrasil.vinyllandrecords.com\/en\/wp-json\/wp\/v2\/product"}],"about":[{"href":"https:\/\/shopbrasil.vinyllandrecords.com\/en\/wp-json\/wp\/v2\/types\/product"}],"wp:featuredmedia":[{"embeddable":true,"href":"https:\/\/shopbrasil.vinyllandrecords.com\/en\/wp-json\/wp\/v2\/media\/65687"}],"wp:attachment":[{"href":"https:\/\/shopbrasil.vinyllandrecords.com\/en\/wp-json\/wp\/v2\/media?parent=65686"}],"wp:term":[{"taxonomy":"product_brand","embeddable":true,"href":"https:\/\/shopbrasil.vinyllandrecords.com\/en\/wp-json\/wp\/v2\/product_brand?post=65686"},{"taxonomy":"product_cat","embeddable":true,"href":"https:\/\/shopbrasil.vinyllandrecords.com\/en\/wp-json\/wp\/v2\/product_cat?post=65686"},{"taxonomy":"product_tag","embeddable":true,"href":"https:\/\/shopbrasil.vinyllandrecords.com\/en\/wp-json\/wp\/v2\/product_tag?post=65686"}],"curies":[{"name":"wp","href":"https:\/\/api.w.org\/{rel}","templated":true}]}}