{"id":65721,"date":"2018-03-13T00:27:17","date_gmt":"2018-03-13T00:27:17","guid":{"rendered":"https:\/\/shopbrasil.vinyllandrecords.com\/?post_type=product&#038;p=65721"},"modified":"2020-09-17T18:26:12","modified_gmt":"2020-09-17T18:26:12","slug":"lucas-santtana-collectors-choice","status":"publish","type":"product","link":"https:\/\/shopbrasil.vinyllandrecords.com\/en\/produto\/lucas-santtana-collectors-choice\/","title":{"rendered":"Lucas Santtana &#8211; Collector&#8217;s Choice"},"content":{"rendered":"","protected":false},"excerpt":{"rendered":"<p>Content at this player may not reflect vinyl&#8217;s actual songs.<br \/>\n<iframe width=\"560\" height=\"315\" src=\"https:\/\/www.youtube.com\/embed\/rdyzqINSac4\" frameborder=\"0\" allow=\"autoplay; encrypted-media\" allowfullscreen><\/iframe><\/p>\n<p>Comemorating 10 years since his first record came out, Lucas Santtana releases his first vinyl record intitled \u201cCollector\u2019s Choice\u201d, which compiles the best tracks from his 4 previews albuns: Eletro Ben Dod\u00f4, Parada de Lucas, 3 Sessions in a Greenhouse e Sem Nostalgia.<\/p>\n<p>A landmark in the brilliant carrier of an artist that doesn\u2019t cease to surprise us with his ever changing and modern blend of e-mpb.<\/p>\n<p><strong>Limited Edition 500 copies worldwide<\/strong><\/p>\n<p>A:\u00a0Who can say which way,\u00a0Deixe o sol bater,\u00a0Lycra lim\u00e3o,\u00a0Nighttime in the backyard,\u00a0Cira Regina e Nana<\/p>\n<p>B:\u00a0Amor em jacum\u00e3,\u00a0De coletivo ou de metr\u00f4,\u00a0Tijolo a tijolo, dinheiro a dinheiro,\u00a0Eu@.com.voc\u00ea,\u00a0Super Viol\u00e3o Mashup<\/p>\n","protected":false},"featured_media":65722,"template":"","meta":[],"product_brand":[],"product_cat":[108,97],"product_tag":[],"class_list":{"0":"post-65721","1":"product","2":"type-product","3":"status-publish","4":"has-post-thumbnail","6":"product_cat-lancamentos","7":"product_cat-lp","9":"first","10":"outofstock","11":"taxable","12":"shipping-taxable","13":"purchasable","14":"product-type-simple"},"yoast_head":"<!-- This site is optimized with the Yoast SEO plugin v27.3 - https:\/\/yoast.com\/product\/yoast-seo-wordpress\/ -->\n<title>Lucas Santtana - Collector&#039;s Choice - Vinyl Land Records<\/title>\n<meta name=\"robots\" content=\"index, follow, max-snippet:-1, max-image-preview:large, max-video-preview:-1\" \/>\n<link rel=\"canonical\" href=\"https:\/\/shopbrasil.vinyllandrecords.com\/produto\/lucas-santtana-collectors-choice\/\" \/>\n<meta property=\"og:locale\" content=\"en_US\" \/>\n<meta property=\"og:type\" content=\"article\" \/>\n<meta property=\"og:title\" content=\"Lucas Santtana - Collector&#039;s Choice - Vinyl Land Records\" \/>\n<meta property=\"og:description\" content=\"[:pb]As m\u00fasicas abaixo podem n\u00e3o refletir fielmente o conte\u00fado do vinil.   Comemorando seus 10 anos de carreira em 2010, Lucas Santtana lan\u00e7a seu primeiro vinil com a colet\u00e2nea Collector\u2019s Choice, que traz um apanhado das melhores faixas dos seus 4 discos: Eletro Ben Dod\u00f4, Parada de Lucas, 3 Sessions in a Greenhouse e Sem Nostalgia.  Um marco na carreira desse artista que n\u00e3o para de surpreender com seu \u201cblend\u201d moderno de e-MPB.  Edi\u00e7\u00e3o limitada 50o c\u00f3pias mundialmente  A:\u00a0Who can say which way,\u00a0Deixe o sol bater,\u00a0Lycra lim\u00e3o,\u00a0Nighttime in the backyard,\u00a0Cira Regina e Nana  B:\u00a0Amor em jacum\u00e3,\u00a0De coletivo ou de metr\u00f4,\u00a0Tijolo a tijolo, dinheiro a dinheiro,\u00a0Eu@.com.voc\u00ea,\u00a0Super Viol\u00e3o Mashup[:en]Content at this player may not reflect vinyl&#039;s actual songs.   Comemorating 10 years since his first record came out, Lucas Santtana releases his first vinyl record intitled \u201cCollector\u2019s Choice\u201d, which compiles the best tracks from his 4 previews albuns: Eletro Ben Dod\u00f4, Parada de Lucas, 3 Sessions in a Greenhouse e Sem Nostalgia.  A landmark in the brilliant carrier of an artist that doesn\u2019t cease to surprise us with his ever changing and modern blend of e-mpb.  Limited Edition 500 copies worldwide  A:\u00a0Who can say which way,\u00a0Deixe o sol bater,\u00a0Lycra lim\u00e3o,\u00a0Nighttime in the backyard,\u00a0Cira Regina e Nana  B:\u00a0Amor em jacum\u00e3,\u00a0De coletivo ou de metr\u00f4,\u00a0Tijolo a tijolo, dinheiro a dinheiro,\u00a0Eu@.com.voc\u00ea,\u00a0Super Viol\u00e3o Mashup[:]\" \/>\n<meta property=\"og:url\" content=\"https:\/\/shopbrasil.vinyllandrecords.com\/produto\/lucas-santtana-collectors-choice\/\" \/>\n<meta property=\"og:site_name\" content=\"Vinyl Land Records\" \/>\n<meta property=\"article:modified_time\" content=\"2020-09-17T18:26:12+00:00\" \/>\n<meta property=\"og:image\" content=\"https:\/\/shopbrasil.vinyllandrecords.com\/wp-content\/uploads\/2018\/03\/Lucas-Santtana-Collectors-Choice-Capa-Alta-994x1024.jpg\" \/>\n\t<meta property=\"og:image:width\" content=\"994\" \/>\n\t<meta property=\"og:image:height\" content=\"1024\" \/>\n\t<meta property=\"og:image:type\" content=\"image\/jpeg\" \/>\n<meta name=\"twitter:card\" content=\"summary_large_image\" \/>\n<script type=\"application\/ld+json\" class=\"yoast-schema-graph\">{\"@context\":\"https:\\\/\\\/schema.org\",\"@graph\":[{\"@type\":\"WebPage\",\"@id\":\"https:\\\/\\\/shopbrasil.vinyllandrecords.com\\\/produto\\\/lucas-santtana-collectors-choice\\\/\",\"url\":\"https:\\\/\\\/shopbrasil.vinyllandrecords.com\\\/produto\\\/lucas-santtana-collectors-choice\\\/\",\"name\":\"Lucas Santtana - Collector's Choice - Vinyl Land Records\",\"isPartOf\":{\"@id\":\"https:\\\/\\\/shopbrasil.vinyllandrecords.com\\\/#website\"},\"primaryImageOfPage\":{\"@id\":\"https:\\\/\\\/shopbrasil.vinyllandrecords.com\\\/produto\\\/lucas-santtana-collectors-choice\\\/#primaryimage\"},\"image\":{\"@id\":\"https:\\\/\\\/shopbrasil.vinyllandrecords.com\\\/produto\\\/lucas-santtana-collectors-choice\\\/#primaryimage\"},\"thumbnailUrl\":\"https:\\\/\\\/shopbrasil.vinyllandrecords.com\\\/wp-content\\\/uploads\\\/2018\\\/03\\\/Lucas-Santtana-Collectors-Choice-Capa-Alta.jpg\",\"datePublished\":\"2018-03-13T00:27:17+00:00\",\"dateModified\":\"2020-09-17T18:26:12+00:00\",\"breadcrumb\":{\"@id\":\"https:\\\/\\\/shopbrasil.vinyllandrecords.com\\\/produto\\\/lucas-santtana-collectors-choice\\\/#breadcrumb\"},\"inLanguage\":\"en-US\",\"potentialAction\":[{\"@type\":\"ReadAction\",\"target\":[\"https:\\\/\\\/shopbrasil.vinyllandrecords.com\\\/produto\\\/lucas-santtana-collectors-choice\\\/\"]}]},{\"@type\":\"ImageObject\",\"inLanguage\":\"en-US\",\"@id\":\"https:\\\/\\\/shopbrasil.vinyllandrecords.com\\\/produto\\\/lucas-santtana-collectors-choice\\\/#primaryimage\",\"url\":\"https:\\\/\\\/shopbrasil.vinyllandrecords.com\\\/wp-content\\\/uploads\\\/2018\\\/03\\\/Lucas-Santtana-Collectors-Choice-Capa-Alta.jpg\",\"contentUrl\":\"https:\\\/\\\/shopbrasil.vinyllandrecords.com\\\/wp-content\\\/uploads\\\/2018\\\/03\\\/Lucas-Santtana-Collectors-Choice-Capa-Alta.jpg\",\"width\":1760,\"height\":1813},{\"@type\":\"BreadcrumbList\",\"@id\":\"https:\\\/\\\/shopbrasil.vinyllandrecords.com\\\/produto\\\/lucas-santtana-collectors-choice\\\/#breadcrumb\",\"itemListElement\":[{\"@type\":\"ListItem\",\"position\":1,\"name\":\"In\u00edcio\",\"item\":\"https:\\\/\\\/shopbrasil.vinyllandrecords.com\\\/\"},{\"@type\":\"ListItem\",\"position\":2,\"name\":\"Shops\",\"item\":\"https:\\\/\\\/shopbrasil.vinyllandrecords.com\\\/shops\\\/\"},{\"@type\":\"ListItem\",\"position\":3,\"name\":\"Lucas Santtana &#8211; Collector&#8217;s Choice\"}]},{\"@type\":\"WebSite\",\"@id\":\"https:\\\/\\\/shopbrasil.vinyllandrecords.com\\\/#website\",\"url\":\"https:\\\/\\\/shopbrasil.vinyllandrecords.com\\\/\",\"name\":\"Vinyl Land Records\",\"description\":\"ONLINE SHOP\",\"potentialAction\":[{\"@type\":\"SearchAction\",\"target\":{\"@type\":\"EntryPoint\",\"urlTemplate\":\"https:\\\/\\\/shopbrasil.vinyllandrecords.com\\\/?s={search_term_string}\"},\"query-input\":{\"@type\":\"PropertyValueSpecification\",\"valueRequired\":true,\"valueName\":\"search_term_string\"}}],\"inLanguage\":\"en-US\"}]}<\/script>\n<!-- \/ Yoast SEO plugin. -->","yoast_head_json":{"title":"Lucas Santtana - Collector's Choice - Vinyl Land Records","robots":{"index":"index","follow":"follow","max-snippet":"max-snippet:-1","max-image-preview":"max-image-preview:large","max-video-preview":"max-video-preview:-1"},"canonical":"https:\/\/shopbrasil.vinyllandrecords.com\/produto\/lucas-santtana-collectors-choice\/","og_locale":"en_US","og_type":"article","og_title":"Lucas Santtana - Collector's Choice - Vinyl Land Records","og_description":"[:pb]As m\u00fasicas abaixo podem n\u00e3o refletir fielmente o conte\u00fado do vinil.   Comemorando seus 10 anos de carreira em 2010, Lucas Santtana lan\u00e7a seu primeiro vinil com a colet\u00e2nea Collector\u2019s Choice, que traz um apanhado das melhores faixas dos seus 4 discos: Eletro Ben Dod\u00f4, Parada de Lucas, 3 Sessions in a Greenhouse e Sem Nostalgia.  Um marco na carreira desse artista que n\u00e3o para de surpreender com seu \u201cblend\u201d moderno de e-MPB.  Edi\u00e7\u00e3o limitada 50o c\u00f3pias mundialmente  A:\u00a0Who can say which way,\u00a0Deixe o sol bater,\u00a0Lycra lim\u00e3o,\u00a0Nighttime in the backyard,\u00a0Cira Regina e Nana  B:\u00a0Amor em jacum\u00e3,\u00a0De coletivo ou de metr\u00f4,\u00a0Tijolo a tijolo, dinheiro a dinheiro,\u00a0Eu@.com.voc\u00ea,\u00a0Super Viol\u00e3o Mashup[:en]Content at this player may not reflect vinyl's actual songs.   Comemorating 10 years since his first record came out, Lucas Santtana releases his first vinyl record intitled \u201cCollector\u2019s Choice\u201d, which compiles the best tracks from his 4 previews albuns: Eletro Ben Dod\u00f4, Parada de Lucas, 3 Sessions in a Greenhouse e Sem Nostalgia.  A landmark in the brilliant carrier of an artist that doesn\u2019t cease to surprise us with his ever changing and modern blend of e-mpb.  Limited Edition 500 copies worldwide  A:\u00a0Who can say which way,\u00a0Deixe o sol bater,\u00a0Lycra lim\u00e3o,\u00a0Nighttime in the backyard,\u00a0Cira Regina e Nana  B:\u00a0Amor em jacum\u00e3,\u00a0De coletivo ou de metr\u00f4,\u00a0Tijolo a tijolo, dinheiro a dinheiro,\u00a0Eu@.com.voc\u00ea,\u00a0Super Viol\u00e3o Mashup[:]","og_url":"https:\/\/shopbrasil.vinyllandrecords.com\/produto\/lucas-santtana-collectors-choice\/","og_site_name":"Vinyl Land Records","article_modified_time":"2020-09-17T18:26:12+00:00","og_image":[{"width":994,"height":1024,"url":"https:\/\/shopbrasil.vinyllandrecords.com\/wp-content\/uploads\/2018\/03\/Lucas-Santtana-Collectors-Choice-Capa-Alta-994x1024.jpg","type":"image\/jpeg"}],"twitter_card":"summary_large_image","schema":{"@context":"https:\/\/schema.org","@graph":[{"@type":"WebPage","@id":"https:\/\/shopbrasil.vinyllandrecords.com\/produto\/lucas-santtana-collectors-choice\/","url":"https:\/\/shopbrasil.vinyllandrecords.com\/produto\/lucas-santtana-collectors-choice\/","name":"Lucas Santtana - Collector's Choice - Vinyl Land Records","isPartOf":{"@id":"https:\/\/shopbrasil.vinyllandrecords.com\/#website"},"primaryImageOfPage":{"@id":"https:\/\/shopbrasil.vinyllandrecords.com\/produto\/lucas-santtana-collectors-choice\/#primaryimage"},"image":{"@id":"https:\/\/shopbrasil.vinyllandrecords.com\/produto\/lucas-santtana-collectors-choice\/#primaryimage"},"thumbnailUrl":"https:\/\/shopbrasil.vinyllandrecords.com\/wp-content\/uploads\/2018\/03\/Lucas-Santtana-Collectors-Choice-Capa-Alta.jpg","datePublished":"2018-03-13T00:27:17+00:00","dateModified":"2020-09-17T18:26:12+00:00","breadcrumb":{"@id":"https:\/\/shopbrasil.vinyllandrecords.com\/produto\/lucas-santtana-collectors-choice\/#breadcrumb"},"inLanguage":"en-US","potentialAction":[{"@type":"ReadAction","target":["https:\/\/shopbrasil.vinyllandrecords.com\/produto\/lucas-santtana-collectors-choice\/"]}]},{"@type":"ImageObject","inLanguage":"en-US","@id":"https:\/\/shopbrasil.vinyllandrecords.com\/produto\/lucas-santtana-collectors-choice\/#primaryimage","url":"https:\/\/shopbrasil.vinyllandrecords.com\/wp-content\/uploads\/2018\/03\/Lucas-Santtana-Collectors-Choice-Capa-Alta.jpg","contentUrl":"https:\/\/shopbrasil.vinyllandrecords.com\/wp-content\/uploads\/2018\/03\/Lucas-Santtana-Collectors-Choice-Capa-Alta.jpg","width":1760,"height":1813},{"@type":"BreadcrumbList","@id":"https:\/\/shopbrasil.vinyllandrecords.com\/produto\/lucas-santtana-collectors-choice\/#breadcrumb","itemListElement":[{"@type":"ListItem","position":1,"name":"In\u00edcio","item":"https:\/\/shopbrasil.vinyllandrecords.com\/"},{"@type":"ListItem","position":2,"name":"Shops","item":"https:\/\/shopbrasil.vinyllandrecords.com\/shops\/"},{"@type":"ListItem","position":3,"name":"Lucas Santtana &#8211; Collector&#8217;s Choice"}]},{"@type":"WebSite","@id":"https:\/\/shopbrasil.vinyllandrecords.com\/#website","url":"https:\/\/shopbrasil.vinyllandrecords.com\/","name":"Vinyl Land Records","description":"ONLINE SHOP","potentialAction":[{"@type":"SearchAction","target":{"@type":"EntryPoint","urlTemplate":"https:\/\/shopbrasil.vinyllandrecords.com\/?s={search_term_string}"},"query-input":{"@type":"PropertyValueSpecification","valueRequired":true,"valueName":"search_term_string"}}],"inLanguage":"en-US"}]}},"_links":{"self":[{"href":"https:\/\/shopbrasil.vinyllandrecords.com\/en\/wp-json\/wp\/v2\/product\/65721","targetHints":{"allow":["GET"]}}],"collection":[{"href":"https:\/\/shopbrasil.vinyllandrecords.com\/en\/wp-json\/wp\/v2\/product"}],"about":[{"href":"https:\/\/shopbrasil.vinyllandrecords.com\/en\/wp-json\/wp\/v2\/types\/product"}],"wp:featuredmedia":[{"embeddable":true,"href":"https:\/\/shopbrasil.vinyllandrecords.com\/en\/wp-json\/wp\/v2\/media\/65722"}],"wp:attachment":[{"href":"https:\/\/shopbrasil.vinyllandrecords.com\/en\/wp-json\/wp\/v2\/media?parent=65721"}],"wp:term":[{"taxonomy":"product_brand","embeddable":true,"href":"https:\/\/shopbrasil.vinyllandrecords.com\/en\/wp-json\/wp\/v2\/product_brand?post=65721"},{"taxonomy":"product_cat","embeddable":true,"href":"https:\/\/shopbrasil.vinyllandrecords.com\/en\/wp-json\/wp\/v2\/product_cat?post=65721"},{"taxonomy":"product_tag","embeddable":true,"href":"https:\/\/shopbrasil.vinyllandrecords.com\/en\/wp-json\/wp\/v2\/product_tag?post=65721"}],"curies":[{"name":"wp","href":"https:\/\/api.w.org\/{rel}","templated":true}]}}