{"id":65738,"date":"2018-03-14T23:05:26","date_gmt":"2018-03-14T23:05:26","guid":{"rendered":"https:\/\/shopbrasil.vinyllandrecords.com\/?post_type=product&#038;p=65738"},"modified":"2026-03-11T18:06:22","modified_gmt":"2026-03-11T21:06:22","slug":"fusile","status":"publish","type":"product","link":"https:\/\/shopbrasil.vinyllandrecords.com\/en\/produto\/fusile\/","title":{"rendered":"Fusile"},"content":{"rendered":"<p><\/p>\n","protected":false},"excerpt":{"rendered":"<p>Content at this player may not reflect vinyl&#8217;s actual songs.<br \/>\n<iframe width=\"100%\" height=\"300\" scrolling=\"no\" frameborder=\"no\" allow=\"autoplay\" src=\"https:\/\/w.soundcloud.com\/player\/?url=https%3A\/\/api.soundcloud.com\/playlists\/896898&#038;color=%23ff5500&#038;auto_play=false&#038;hide_related=false&#038;show_comments=true&#038;show_user=true&#038;show_reposts=false&#038;show_teaser=true&#038;visual=true\"><\/iframe><\/p>\n<p>Fusile was formed in 2006 and today is considered one of the main independent bands from the effervescent underground music scene of Belo Horizonte \/ Minas Gerais.<\/p>\n<p>Their energetic mixture of rock, ska, punk and latin rhythms infused with political activism posture make up for a powerful recipe that is very evident specially in their live shows.<\/p>\n<p>Their debut EP entitled \u201cCoconut Revolution\u201d (first of a series of 3 volumes) was released by the band on hand made CD copies and digitally, spreading like wild fire. The title refers to the documentary of the same name about the successful struggle of a small indigenous tribe from Bougainville Island that used coconut oil as fuel to fight the armed forces of Papua New Guinea and a british mining company.<\/p>\n<p>Now the EP gets its first official release on 7\u201d vinyl, coinciding with the debut of the music video for the track \u201cBlue Blood\u201d, all wrapped in its beautiful artwork by Azucrina and limited to only 350 copies worldwide.<\/p>\n","protected":false},"featured_media":65739,"template":"","meta":[],"product_brand":[],"product_cat":[108,122,93],"product_tag":[],"class_list":{"0":"post-65738","1":"product","2":"type-product","3":"status-publish","4":"has-post-thumbnail","6":"product_cat-lancamentos","7":"product_cat-musica-mineira-em-vinil","8":"product_cat-93","10":"first","11":"onbackorder","12":"sale","13":"taxable","14":"shipping-taxable","15":"purchasable","16":"product-type-simple"},"yoast_head":"<!-- This site is optimized with the Yoast SEO plugin v27.4 - https:\/\/yoast.com\/product\/yoast-seo-wordpress\/ -->\n<title>Fusile - Vinyl Land Records<\/title>\n<meta name=\"robots\" content=\"index, follow, max-snippet:-1, max-image-preview:large, max-video-preview:-1\" \/>\n<link rel=\"canonical\" href=\"https:\/\/shopbrasil.vinyllandrecords.com\/produto\/fusile\/\" \/>\n<meta property=\"og:locale\" content=\"en_US\" \/>\n<meta property=\"og:type\" content=\"article\" \/>\n<meta property=\"og:title\" content=\"Fusile - Vinyl Land Records\" \/>\n<meta property=\"og:description\" content=\"[:pb]As m\u00fasicas abaixo podem n\u00e3o refletir fielmente o conte\u00fado do vinil.   Fundada em 2006, a banda Fusile \u00e9 hoje considerada um dos expoentes maior destaque da efervecente cena independente de Belo Horizonte.  Sua mistura de rock, ska, punk e ritmos latinos, somadas ao ativismo pol\u00edtico presente nas letras, formam uma receita explosiva claramente vis\u00edvel nos shows da banda.  Seu Ep de estr\u00e9ia \u201cCoconut Revolution\u201d (primeiro de um s\u00e9rie de 3 volumes) foi lan\u00e7ado digitalmente e em Cds feitos a m\u00e3o pela pr\u00f3pria banda, e se espalharam rapidamente. O t\u00edtulo faz alus\u00e3o ao document\u00e1rio do mesmo nome sobre vitoriosa resistencia de uma comunidade ind\u00edgena da Ilha de Bougainville que usava \u00f3leo de coco como combust\u00edvel na luta contra as for\u00e7as armadas de Papua Nova Guin\u00e9 e uma mineradora.  &nbsp;  Agora o EP ganha seu primeiro lan\u00e7amento official, coincidindo com a estr\u00e9ia do clipe da m\u00fasica \u201cBlue Blood\u201d, tudo embalado na linda arte gr\u00e1fica feita pela Azucrina e em edi\u00e7\u00e3o limitada de 350 c\u00f3pias mundialmente.[:en]Content at this player may not reflect vinyl&#039;s actual songs.   Fusile was formed in 2006 and today is considered one of the main independent bands from the effervescent underground music scene of Belo Horizonte \/ Minas Gerais.  Their energetic mixture of rock, ska, punk and latin rhythms infused with political activism posture make up for a powerful recipe that is very evident specially in their live shows.  Their debut EP entitled \u201cCoconut Revolution\u201d (first of a series of 3 volumes) was released by the band on hand made CD copies and digitally, spreading like wild fire. The title refers to the documentary of the same name about the successful struggle of a small indigenous tribe from Bougainville Island that used coconut oil as fuel to fight the armed forces of Papua New Guinea and a british mining company.  Now the EP gets its first official release on 7\u201d vinyl, coinciding with the debut of the music video for the track \u201cBlue Blood\u201d, all wrapped in its beautiful artwork by Azucrina and limited to only 350 copies worldwide.[:]\" \/>\n<meta property=\"og:url\" content=\"https:\/\/shopbrasil.vinyllandrecords.com\/produto\/fusile\/\" \/>\n<meta property=\"og:site_name\" content=\"Vinyl Land Records\" \/>\n<meta property=\"article:modified_time\" content=\"2026-03-11T21:06:22+00:00\" \/>\n<meta property=\"og:image\" content=\"https:\/\/shopbrasil.vinyllandrecords.com\/wp-content\/uploads\/2018\/03\/VL009-FUSILE-Cover.jpg\" \/>\n\t<meta property=\"og:image:width\" content=\"1076\" \/>\n\t<meta property=\"og:image:height\" content=\"1082\" \/>\n\t<meta property=\"og:image:type\" content=\"image\/jpeg\" \/>\n<meta name=\"twitter:card\" content=\"summary_large_image\" \/>\n<script type=\"application\/ld+json\" class=\"yoast-schema-graph\">{\"@context\":\"https:\\\/\\\/schema.org\",\"@graph\":[{\"@type\":\"WebPage\",\"@id\":\"https:\\\/\\\/shopbrasil.vinyllandrecords.com\\\/produto\\\/fusile\\\/\",\"url\":\"https:\\\/\\\/shopbrasil.vinyllandrecords.com\\\/produto\\\/fusile\\\/\",\"name\":\"Fusile - Vinyl Land Records\",\"isPartOf\":{\"@id\":\"https:\\\/\\\/shopbrasil.vinyllandrecords.com\\\/#website\"},\"primaryImageOfPage\":{\"@id\":\"https:\\\/\\\/shopbrasil.vinyllandrecords.com\\\/produto\\\/fusile\\\/#primaryimage\"},\"image\":{\"@id\":\"https:\\\/\\\/shopbrasil.vinyllandrecords.com\\\/produto\\\/fusile\\\/#primaryimage\"},\"thumbnailUrl\":\"https:\\\/\\\/shopbrasil.vinyllandrecords.com\\\/wp-content\\\/uploads\\\/2018\\\/03\\\/VL009-FUSILE-Cover.jpg\",\"datePublished\":\"2018-03-14T23:05:26+00:00\",\"dateModified\":\"2026-03-11T21:06:22+00:00\",\"breadcrumb\":{\"@id\":\"https:\\\/\\\/shopbrasil.vinyllandrecords.com\\\/produto\\\/fusile\\\/#breadcrumb\"},\"inLanguage\":\"en-US\",\"potentialAction\":[{\"@type\":\"ReadAction\",\"target\":[\"https:\\\/\\\/shopbrasil.vinyllandrecords.com\\\/produto\\\/fusile\\\/\"]}]},{\"@type\":\"ImageObject\",\"inLanguage\":\"en-US\",\"@id\":\"https:\\\/\\\/shopbrasil.vinyllandrecords.com\\\/produto\\\/fusile\\\/#primaryimage\",\"url\":\"https:\\\/\\\/shopbrasil.vinyllandrecords.com\\\/wp-content\\\/uploads\\\/2018\\\/03\\\/VL009-FUSILE-Cover.jpg\",\"contentUrl\":\"https:\\\/\\\/shopbrasil.vinyllandrecords.com\\\/wp-content\\\/uploads\\\/2018\\\/03\\\/VL009-FUSILE-Cover.jpg\",\"width\":1076,\"height\":1082},{\"@type\":\"BreadcrumbList\",\"@id\":\"https:\\\/\\\/shopbrasil.vinyllandrecords.com\\\/produto\\\/fusile\\\/#breadcrumb\",\"itemListElement\":[{\"@type\":\"ListItem\",\"position\":1,\"name\":\"In\u00edcio\",\"item\":\"https:\\\/\\\/shopbrasil.vinyllandrecords.com\\\/\"},{\"@type\":\"ListItem\",\"position\":2,\"name\":\"Shops\",\"item\":\"https:\\\/\\\/shopbrasil.vinyllandrecords.com\\\/shops\\\/\"},{\"@type\":\"ListItem\",\"position\":3,\"name\":\"Fusile\"}]},{\"@type\":\"WebSite\",\"@id\":\"https:\\\/\\\/shopbrasil.vinyllandrecords.com\\\/#website\",\"url\":\"https:\\\/\\\/shopbrasil.vinyllandrecords.com\\\/\",\"name\":\"Vinyl Land Records\",\"description\":\"ONLINE SHOP\",\"potentialAction\":[{\"@type\":\"SearchAction\",\"target\":{\"@type\":\"EntryPoint\",\"urlTemplate\":\"https:\\\/\\\/shopbrasil.vinyllandrecords.com\\\/?s={search_term_string}\"},\"query-input\":{\"@type\":\"PropertyValueSpecification\",\"valueRequired\":true,\"valueName\":\"search_term_string\"}}],\"inLanguage\":\"en-US\"}]}<\/script>\n<!-- \/ Yoast SEO plugin. -->","yoast_head_json":{"title":"Fusile - Vinyl Land Records","robots":{"index":"index","follow":"follow","max-snippet":"max-snippet:-1","max-image-preview":"max-image-preview:large","max-video-preview":"max-video-preview:-1"},"canonical":"https:\/\/shopbrasil.vinyllandrecords.com\/produto\/fusile\/","og_locale":"en_US","og_type":"article","og_title":"Fusile - Vinyl Land Records","og_description":"[:pb]As m\u00fasicas abaixo podem n\u00e3o refletir fielmente o conte\u00fado do vinil.   Fundada em 2006, a banda Fusile \u00e9 hoje considerada um dos expoentes maior destaque da efervecente cena independente de Belo Horizonte.  Sua mistura de rock, ska, punk e ritmos latinos, somadas ao ativismo pol\u00edtico presente nas letras, formam uma receita explosiva claramente vis\u00edvel nos shows da banda.  Seu Ep de estr\u00e9ia \u201cCoconut Revolution\u201d (primeiro de um s\u00e9rie de 3 volumes) foi lan\u00e7ado digitalmente e em Cds feitos a m\u00e3o pela pr\u00f3pria banda, e se espalharam rapidamente. O t\u00edtulo faz alus\u00e3o ao document\u00e1rio do mesmo nome sobre vitoriosa resistencia de uma comunidade ind\u00edgena da Ilha de Bougainville que usava \u00f3leo de coco como combust\u00edvel na luta contra as for\u00e7as armadas de Papua Nova Guin\u00e9 e uma mineradora.  &nbsp;  Agora o EP ganha seu primeiro lan\u00e7amento official, coincidindo com a estr\u00e9ia do clipe da m\u00fasica \u201cBlue Blood\u201d, tudo embalado na linda arte gr\u00e1fica feita pela Azucrina e em edi\u00e7\u00e3o limitada de 350 c\u00f3pias mundialmente.[:en]Content at this player may not reflect vinyl's actual songs.   Fusile was formed in 2006 and today is considered one of the main independent bands from the effervescent underground music scene of Belo Horizonte \/ Minas Gerais.  Their energetic mixture of rock, ska, punk and latin rhythms infused with political activism posture make up for a powerful recipe that is very evident specially in their live shows.  Their debut EP entitled \u201cCoconut Revolution\u201d (first of a series of 3 volumes) was released by the band on hand made CD copies and digitally, spreading like wild fire. The title refers to the documentary of the same name about the successful struggle of a small indigenous tribe from Bougainville Island that used coconut oil as fuel to fight the armed forces of Papua New Guinea and a british mining company.  Now the EP gets its first official release on 7\u201d vinyl, coinciding with the debut of the music video for the track \u201cBlue Blood\u201d, all wrapped in its beautiful artwork by Azucrina and limited to only 350 copies worldwide.[:]","og_url":"https:\/\/shopbrasil.vinyllandrecords.com\/produto\/fusile\/","og_site_name":"Vinyl Land Records","article_modified_time":"2026-03-11T21:06:22+00:00","og_image":[{"width":1076,"height":1082,"url":"https:\/\/shopbrasil.vinyllandrecords.com\/wp-content\/uploads\/2018\/03\/VL009-FUSILE-Cover.jpg","type":"image\/jpeg"}],"twitter_card":"summary_large_image","schema":{"@context":"https:\/\/schema.org","@graph":[{"@type":"WebPage","@id":"https:\/\/shopbrasil.vinyllandrecords.com\/produto\/fusile\/","url":"https:\/\/shopbrasil.vinyllandrecords.com\/produto\/fusile\/","name":"Fusile - Vinyl Land Records","isPartOf":{"@id":"https:\/\/shopbrasil.vinyllandrecords.com\/#website"},"primaryImageOfPage":{"@id":"https:\/\/shopbrasil.vinyllandrecords.com\/produto\/fusile\/#primaryimage"},"image":{"@id":"https:\/\/shopbrasil.vinyllandrecords.com\/produto\/fusile\/#primaryimage"},"thumbnailUrl":"https:\/\/shopbrasil.vinyllandrecords.com\/wp-content\/uploads\/2018\/03\/VL009-FUSILE-Cover.jpg","datePublished":"2018-03-14T23:05:26+00:00","dateModified":"2026-03-11T21:06:22+00:00","breadcrumb":{"@id":"https:\/\/shopbrasil.vinyllandrecords.com\/produto\/fusile\/#breadcrumb"},"inLanguage":"en-US","potentialAction":[{"@type":"ReadAction","target":["https:\/\/shopbrasil.vinyllandrecords.com\/produto\/fusile\/"]}]},{"@type":"ImageObject","inLanguage":"en-US","@id":"https:\/\/shopbrasil.vinyllandrecords.com\/produto\/fusile\/#primaryimage","url":"https:\/\/shopbrasil.vinyllandrecords.com\/wp-content\/uploads\/2018\/03\/VL009-FUSILE-Cover.jpg","contentUrl":"https:\/\/shopbrasil.vinyllandrecords.com\/wp-content\/uploads\/2018\/03\/VL009-FUSILE-Cover.jpg","width":1076,"height":1082},{"@type":"BreadcrumbList","@id":"https:\/\/shopbrasil.vinyllandrecords.com\/produto\/fusile\/#breadcrumb","itemListElement":[{"@type":"ListItem","position":1,"name":"In\u00edcio","item":"https:\/\/shopbrasil.vinyllandrecords.com\/"},{"@type":"ListItem","position":2,"name":"Shops","item":"https:\/\/shopbrasil.vinyllandrecords.com\/shops\/"},{"@type":"ListItem","position":3,"name":"Fusile"}]},{"@type":"WebSite","@id":"https:\/\/shopbrasil.vinyllandrecords.com\/#website","url":"https:\/\/shopbrasil.vinyllandrecords.com\/","name":"Vinyl Land Records","description":"ONLINE SHOP","potentialAction":[{"@type":"SearchAction","target":{"@type":"EntryPoint","urlTemplate":"https:\/\/shopbrasil.vinyllandrecords.com\/?s={search_term_string}"},"query-input":{"@type":"PropertyValueSpecification","valueRequired":true,"valueName":"search_term_string"}}],"inLanguage":"en-US"}]}},"_links":{"self":[{"href":"https:\/\/shopbrasil.vinyllandrecords.com\/en\/wp-json\/wp\/v2\/product\/65738","targetHints":{"allow":["GET"]}}],"collection":[{"href":"https:\/\/shopbrasil.vinyllandrecords.com\/en\/wp-json\/wp\/v2\/product"}],"about":[{"href":"https:\/\/shopbrasil.vinyllandrecords.com\/en\/wp-json\/wp\/v2\/types\/product"}],"wp:featuredmedia":[{"embeddable":true,"href":"https:\/\/shopbrasil.vinyllandrecords.com\/en\/wp-json\/wp\/v2\/media\/65739"}],"wp:attachment":[{"href":"https:\/\/shopbrasil.vinyllandrecords.com\/en\/wp-json\/wp\/v2\/media?parent=65738"}],"wp:term":[{"taxonomy":"product_brand","embeddable":true,"href":"https:\/\/shopbrasil.vinyllandrecords.com\/en\/wp-json\/wp\/v2\/product_brand?post=65738"},{"taxonomy":"product_cat","embeddable":true,"href":"https:\/\/shopbrasil.vinyllandrecords.com\/en\/wp-json\/wp\/v2\/product_cat?post=65738"},{"taxonomy":"product_tag","embeddable":true,"href":"https:\/\/shopbrasil.vinyllandrecords.com\/en\/wp-json\/wp\/v2\/product_tag?post=65738"}],"curies":[{"name":"wp","href":"https:\/\/api.w.org\/{rel}","templated":true}]}}