{"id":65744,"date":"2021-11-19T11:00:18","date_gmt":"2021-11-19T14:00:18","guid":{"rendered":"https:\/\/shopbrasil.vinyllandrecords.com\/?post_type=product&#038;p=65744"},"modified":"2023-10-06T20:53:16","modified_gmt":"2023-10-06T23:53:16","slug":"karina-buhr-eu-menti-pra-voce","status":"publish","type":"product","link":"https:\/\/shopbrasil.vinyllandrecords.com\/en\/produto\/karina-buhr-eu-menti-pra-voce\/","title":{"rendered":"Karina Buhr &#8211; Eu Menti Pra Voc\u00ea (REPOSI\u00c7\u00c3O DE ESTOQUE DE 2011)"},"content":{"rendered":"","protected":false},"excerpt":{"rendered":"<p>***ATEN\u00c7\u00c3O!!! N\u00c3O COMPRE ANTES DE LER ABAIXO *** M\u00c1XIMO DE 2 UNIDADES POR CLIENTE\/PEDIDO ***<\/p>\n<p>OS LPS DISPON\u00cdVEIS PARA VENDA A PARTIR DE 19\/11\/2021 S\u00c3O PARTE DO ANTIGO ESTOQUE LAN\u00c7ADO EM 2011 QUE ESTAVAM LOCADOS RECENTEMENTE NA HOLANDA. TODAS AS UNIDADES EST\u00c3O LACRADAS. DEVIDO AO LONGO TEMPO PARADO DEPOIS DE SEREM TRANSPORTADAS POR DIVERSOS PONTOS DA EUROPA, ALGUMAS C\u00d3PIAS PODEM APRESENTAR UM LEVE EMPENO (FOTO) NA BORDA DO LP CONFORME FOI CONSTATADO POR AMOSTRAGEM. ESTE EMPENO N\u00c3O AFETA A REPRODU\u00c7\u00c3O, POR\u00c9M PODE INCOMODAR VISUALMENTE. N\u00c3O RECOMENDAMOS A COMPRA PARA CLIENTES MAIS EXIGENTES COM A PERFEI\u00c7\u00c3O DO DISCO OU QUEM USA TOCA DISCOS DE MALETA OU SIMILARES MODERNOS. N\u00c3O HAVER\u00c3O TROCAS POR OUTRA UNIDADE DO MESMO DISCO POR ESTE MOTIVO, SOMENTE A DEVOLU\u00c7\u00c3O DO DINHEIRO OU TROCA POR OUTRO PRODUTO COM CUSTO DE ENVIO PAGO PELO CLIENTE EM CASO DE INSATISFA\u00c7\u00c3O. AGRADECEMOS A COMPREENS\u00c3O. <\/p>\n<p>___________________________________________<\/p>\n<p>Vindo de um background de dan\u00e7a e teatro, Karina Buhr come\u00e7ou sua carreira musical em 1994 como percussionista dos grupos de maracatu Piaba de Ouro e Estrela Brilhante, durante o auge do movimento Manguebit em Pernambuco.<\/p>\n<p>De l\u00e1 pra c\u00e1 foram in\u00fameros os grupos dos quais participou, entre eles as bandas Eddie, Bonsucesso Samba Clube, DJ Dolores e mais notoriamente Comadre Fulozinha.<\/p>\n<p>Somando toda essa bagagem para desenvolver seu estilo \u00fanico e de composi\u00e7\u00e3o, performance e canto que resultaram no lan\u00e7amento de \u201cEu Menti pra Voc\u00ea\u201d em 2010, com sonoridade experimental e vigorosa, letras com formato muito particular e poesia marcante, al\u00e9m do forte acento pop.<\/p>\n<p>Acompanhada por uma extraordin\u00e1ria banda com Edgard Scandurra e Fernando Catatau nas guitarras, Guizado no trompete, Bruno Buarque na bateria e beats, Dustan Gallas no teclado e Mau no baixo, o album e shows forma recebidos com elogios de p\u00fablico e midia, resultando em shows pelo pa\u00eds e mundo (incluindo Womax e Rock in Rio) e listas de melhores do ano na Rollings Stone, O Globo, Folha, MTV etc.<\/p>\n<p>Depois de muita antecipa\u00e7\u00e3o, o disco recebe finalmente sua esperada edi\u00e7\u00e3o em vinil, embalado em uma linda capa gatefold e em edi\u00e7\u00e3o limitad\u00edssima de 500 c\u00f3pias.<\/p>\n<p>A: Eu Menti pra voc\u00ea, Vira P\u00f3, Nass\u00edria e Najaf, Telekphonen, O P\u00e9<\/p>\n<p>B: Ciranda do Incentivo, Mira Ira, Avi\u00e3o Aeroporto, Soldat, Esperan\u00e7a Cansa, Pl\u00e1stico Bolha<\/p>\n","protected":false},"featured_media":65745,"template":"","meta":[],"product_brand":[],"product_cat":[108,111,118,125,97],"product_tag":[],"class_list":{"0":"post-65744","1":"product","2":"type-product","3":"status-publish","4":"has-post-thumbnail","6":"product_cat-lancamentos","7":"product_cat-destaque","8":"product_cat-importado","9":"product_cat-gatefold-sleeve","10":"product_cat-lp","12":"first","13":"outofstock","14":"taxable","15":"shipping-taxable","16":"purchasable","17":"product-type-simple"},"yoast_head":"<!-- This site is optimized with the Yoast SEO plugin v27.4 - https:\/\/yoast.com\/product\/yoast-seo-wordpress\/ -->\n<title>Karina Buhr - Eu Menti Pra Voc\u00ea (REPOSI\u00c7\u00c3O DE ESTOQUE DE 2011) - Vinyl Land Records<\/title>\n<meta name=\"robots\" content=\"index, follow, max-snippet:-1, max-image-preview:large, max-video-preview:-1\" \/>\n<link rel=\"canonical\" href=\"https:\/\/shopbrasil.vinyllandrecords.com\/produto\/karina-buhr-eu-menti-pra-voce\/\" \/>\n<meta property=\"og:locale\" content=\"en_US\" \/>\n<meta property=\"og:type\" content=\"article\" \/>\n<meta property=\"og:title\" content=\"Karina Buhr - Eu Menti Pra Voc\u00ea (REPOSI\u00c7\u00c3O DE ESTOQUE DE 2011) - Vinyl Land Records\" \/>\n<meta property=\"og:description\" content=\"***ATEN\u00c7\u00c3O!!! N\u00c3O COMPRE ANTES DE LER ABAIXO *** M\u00c1XIMO DE 2 UNIDADES POR CLIENTE\/PEDIDO ***  OS LPS DISPON\u00cdVEIS PARA VENDA A PARTIR DE 19\/11\/2021 S\u00c3O PARTE DO ANTIGO ESTOQUE LAN\u00c7ADO EM 2011 QUE ESTAVAM LOCADOS RECENTEMENTE NA HOLANDA. TODAS AS UNIDADES EST\u00c3O LACRADAS. DEVIDO AO LONGO TEMPO PARADO DEPOIS DE SEREM TRANSPORTADAS POR DIVERSOS PONTOS DA EUROPA, ALGUMAS C\u00d3PIAS PODEM APRESENTAR UM LEVE EMPENO (FOTO) NA BORDA DO LP CONFORME FOI CONSTATADO POR AMOSTRAGEM. ESTE EMPENO N\u00c3O AFETA A REPRODU\u00c7\u00c3O, POR\u00c9M PODE INCOMODAR VISUALMENTE. N\u00c3O RECOMENDAMOS A COMPRA PARA CLIENTES MAIS EXIGENTES COM A PERFEI\u00c7\u00c3O DO DISCO OU QUEM USA TOCA DISCOS DE MALETA OU SIMILARES MODERNOS. N\u00c3O HAVER\u00c3O TROCAS POR OUTRA UNIDADE DO MESMO DISCO POR ESTE MOTIVO, SOMENTE A DEVOLU\u00c7\u00c3O DO DINHEIRO OU TROCA POR OUTRO PRODUTO COM CUSTO DE ENVIO PAGO PELO CLIENTE EM CASO DE INSATISFA\u00c7\u00c3O. AGRADECEMOS A COMPREENS\u00c3O.   ___________________________________________  Vindo de um background de dan\u00e7a e teatro, Karina Buhr come\u00e7ou sua carreira musical em 1994 como percussionista dos grupos de maracatu Piaba de Ouro e Estrela Brilhante, durante o auge do movimento Manguebit em Pernambuco.  De l\u00e1 pra c\u00e1 foram in\u00fameros os grupos dos quais participou, entre eles as bandas Eddie, Bonsucesso Samba Clube, DJ Dolores e mais notoriamente Comadre Fulozinha.  Somando toda essa bagagem para desenvolver seu estilo \u00fanico e de composi\u00e7\u00e3o, performance e canto que resultaram no lan\u00e7amento de \u201cEu Menti pra Voc\u00ea\u201d em 2010, com sonoridade experimental e vigorosa, letras com formato muito particular e poesia marcante, al\u00e9m do forte acento pop.  Acompanhada por uma extraordin\u00e1ria banda com Edgard Scandurra e Fernando Catatau nas guitarras, Guizado no trompete, Bruno Buarque na bateria e beats, Dustan Gallas no teclado e Mau no baixo, o album e shows forma recebidos com elogios de p\u00fablico e midia, resultando em shows pelo pa\u00eds e mundo (incluindo Womax e Rock in Rio) e listas de melhores do ano na Rollings Stone, O Globo, Folha, MTV etc.  Depois de muita antecipa\u00e7\u00e3o, o disco recebe finalmente sua esperada edi\u00e7\u00e3o em vinil, embalado em uma linda capa gatefold e em edi\u00e7\u00e3o limitad\u00edssima de 500 c\u00f3pias.  A: Eu Menti pra voc\u00ea, Vira P\u00f3, Nass\u00edria e Najaf, Telekphonen, O P\u00e9  B: Ciranda do Incentivo, Mira Ira, Avi\u00e3o Aeroporto, Soldat, Esperan\u00e7a Cansa, Pl\u00e1stico Bolha\" \/>\n<meta property=\"og:url\" content=\"https:\/\/shopbrasil.vinyllandrecords.com\/produto\/karina-buhr-eu-menti-pra-voce\/\" \/>\n<meta property=\"og:site_name\" content=\"Vinyl Land Records\" \/>\n<meta property=\"article:modified_time\" content=\"2023-10-06T23:53:16+00:00\" \/>\n<meta property=\"og:image\" content=\"https:\/\/shopbrasil.vinyllandrecords.com\/wp-content\/uploads\/2018\/03\/Karina.jpg\" \/>\n\t<meta property=\"og:image:width\" content=\"1834\" \/>\n\t<meta property=\"og:image:height\" content=\"1834\" \/>\n\t<meta property=\"og:image:type\" content=\"image\/jpeg\" \/>\n<meta name=\"twitter:card\" content=\"summary_large_image\" \/>\n<script type=\"application\/ld+json\" class=\"yoast-schema-graph\">{\"@context\":\"https:\\\/\\\/schema.org\",\"@graph\":[{\"@type\":\"WebPage\",\"@id\":\"https:\\\/\\\/shopbrasil.vinyllandrecords.com\\\/produto\\\/karina-buhr-eu-menti-pra-voce\\\/\",\"url\":\"https:\\\/\\\/shopbrasil.vinyllandrecords.com\\\/produto\\\/karina-buhr-eu-menti-pra-voce\\\/\",\"name\":\"Karina Buhr - Eu Menti Pra Voc\u00ea (REPOSI\u00c7\u00c3O DE ESTOQUE DE 2011) - Vinyl Land Records\",\"isPartOf\":{\"@id\":\"https:\\\/\\\/shopbrasil.vinyllandrecords.com\\\/#website\"},\"primaryImageOfPage\":{\"@id\":\"https:\\\/\\\/shopbrasil.vinyllandrecords.com\\\/produto\\\/karina-buhr-eu-menti-pra-voce\\\/#primaryimage\"},\"image\":{\"@id\":\"https:\\\/\\\/shopbrasil.vinyllandrecords.com\\\/produto\\\/karina-buhr-eu-menti-pra-voce\\\/#primaryimage\"},\"thumbnailUrl\":\"https:\\\/\\\/shopbrasil.vinyllandrecords.com\\\/wp-content\\\/uploads\\\/2018\\\/03\\\/Karina.jpg\",\"datePublished\":\"2021-11-19T14:00:18+00:00\",\"dateModified\":\"2023-10-06T23:53:16+00:00\",\"breadcrumb\":{\"@id\":\"https:\\\/\\\/shopbrasil.vinyllandrecords.com\\\/produto\\\/karina-buhr-eu-menti-pra-voce\\\/#breadcrumb\"},\"inLanguage\":\"en-US\",\"potentialAction\":[{\"@type\":\"ReadAction\",\"target\":[\"https:\\\/\\\/shopbrasil.vinyllandrecords.com\\\/produto\\\/karina-buhr-eu-menti-pra-voce\\\/\"]}]},{\"@type\":\"ImageObject\",\"inLanguage\":\"en-US\",\"@id\":\"https:\\\/\\\/shopbrasil.vinyllandrecords.com\\\/produto\\\/karina-buhr-eu-menti-pra-voce\\\/#primaryimage\",\"url\":\"https:\\\/\\\/shopbrasil.vinyllandrecords.com\\\/wp-content\\\/uploads\\\/2018\\\/03\\\/Karina.jpg\",\"contentUrl\":\"https:\\\/\\\/shopbrasil.vinyllandrecords.com\\\/wp-content\\\/uploads\\\/2018\\\/03\\\/Karina.jpg\",\"width\":1834,\"height\":1834},{\"@type\":\"BreadcrumbList\",\"@id\":\"https:\\\/\\\/shopbrasil.vinyllandrecords.com\\\/produto\\\/karina-buhr-eu-menti-pra-voce\\\/#breadcrumb\",\"itemListElement\":[{\"@type\":\"ListItem\",\"position\":1,\"name\":\"In\u00edcio\",\"item\":\"https:\\\/\\\/shopbrasil.vinyllandrecords.com\\\/\"},{\"@type\":\"ListItem\",\"position\":2,\"name\":\"Shops\",\"item\":\"https:\\\/\\\/shopbrasil.vinyllandrecords.com\\\/shops\\\/\"},{\"@type\":\"ListItem\",\"position\":3,\"name\":\"Karina Buhr &#8211; Eu Menti Pra Voc\u00ea (REPOSI\u00c7\u00c3O DE ESTOQUE DE 2011)\"}]},{\"@type\":\"WebSite\",\"@id\":\"https:\\\/\\\/shopbrasil.vinyllandrecords.com\\\/#website\",\"url\":\"https:\\\/\\\/shopbrasil.vinyllandrecords.com\\\/\",\"name\":\"Vinyl Land Records\",\"description\":\"ONLINE SHOP\",\"potentialAction\":[{\"@type\":\"SearchAction\",\"target\":{\"@type\":\"EntryPoint\",\"urlTemplate\":\"https:\\\/\\\/shopbrasil.vinyllandrecords.com\\\/?s={search_term_string}\"},\"query-input\":{\"@type\":\"PropertyValueSpecification\",\"valueRequired\":true,\"valueName\":\"search_term_string\"}}],\"inLanguage\":\"en-US\"}]}<\/script>\n<!-- \/ Yoast SEO plugin. -->","yoast_head_json":{"title":"Karina Buhr - Eu Menti Pra Voc\u00ea (REPOSI\u00c7\u00c3O DE ESTOQUE DE 2011) - Vinyl Land Records","robots":{"index":"index","follow":"follow","max-snippet":"max-snippet:-1","max-image-preview":"max-image-preview:large","max-video-preview":"max-video-preview:-1"},"canonical":"https:\/\/shopbrasil.vinyllandrecords.com\/produto\/karina-buhr-eu-menti-pra-voce\/","og_locale":"en_US","og_type":"article","og_title":"Karina Buhr - Eu Menti Pra Voc\u00ea (REPOSI\u00c7\u00c3O DE ESTOQUE DE 2011) - Vinyl Land Records","og_description":"***ATEN\u00c7\u00c3O!!! N\u00c3O COMPRE ANTES DE LER ABAIXO *** M\u00c1XIMO DE 2 UNIDADES POR CLIENTE\/PEDIDO ***  OS LPS DISPON\u00cdVEIS PARA VENDA A PARTIR DE 19\/11\/2021 S\u00c3O PARTE DO ANTIGO ESTOQUE LAN\u00c7ADO EM 2011 QUE ESTAVAM LOCADOS RECENTEMENTE NA HOLANDA. TODAS AS UNIDADES EST\u00c3O LACRADAS. DEVIDO AO LONGO TEMPO PARADO DEPOIS DE SEREM TRANSPORTADAS POR DIVERSOS PONTOS DA EUROPA, ALGUMAS C\u00d3PIAS PODEM APRESENTAR UM LEVE EMPENO (FOTO) NA BORDA DO LP CONFORME FOI CONSTATADO POR AMOSTRAGEM. ESTE EMPENO N\u00c3O AFETA A REPRODU\u00c7\u00c3O, POR\u00c9M PODE INCOMODAR VISUALMENTE. N\u00c3O RECOMENDAMOS A COMPRA PARA CLIENTES MAIS EXIGENTES COM A PERFEI\u00c7\u00c3O DO DISCO OU QUEM USA TOCA DISCOS DE MALETA OU SIMILARES MODERNOS. N\u00c3O HAVER\u00c3O TROCAS POR OUTRA UNIDADE DO MESMO DISCO POR ESTE MOTIVO, SOMENTE A DEVOLU\u00c7\u00c3O DO DINHEIRO OU TROCA POR OUTRO PRODUTO COM CUSTO DE ENVIO PAGO PELO CLIENTE EM CASO DE INSATISFA\u00c7\u00c3O. AGRADECEMOS A COMPREENS\u00c3O.   ___________________________________________  Vindo de um background de dan\u00e7a e teatro, Karina Buhr come\u00e7ou sua carreira musical em 1994 como percussionista dos grupos de maracatu Piaba de Ouro e Estrela Brilhante, durante o auge do movimento Manguebit em Pernambuco.  De l\u00e1 pra c\u00e1 foram in\u00fameros os grupos dos quais participou, entre eles as bandas Eddie, Bonsucesso Samba Clube, DJ Dolores e mais notoriamente Comadre Fulozinha.  Somando toda essa bagagem para desenvolver seu estilo \u00fanico e de composi\u00e7\u00e3o, performance e canto que resultaram no lan\u00e7amento de \u201cEu Menti pra Voc\u00ea\u201d em 2010, com sonoridade experimental e vigorosa, letras com formato muito particular e poesia marcante, al\u00e9m do forte acento pop.  Acompanhada por uma extraordin\u00e1ria banda com Edgard Scandurra e Fernando Catatau nas guitarras, Guizado no trompete, Bruno Buarque na bateria e beats, Dustan Gallas no teclado e Mau no baixo, o album e shows forma recebidos com elogios de p\u00fablico e midia, resultando em shows pelo pa\u00eds e mundo (incluindo Womax e Rock in Rio) e listas de melhores do ano na Rollings Stone, O Globo, Folha, MTV etc.  Depois de muita antecipa\u00e7\u00e3o, o disco recebe finalmente sua esperada edi\u00e7\u00e3o em vinil, embalado em uma linda capa gatefold e em edi\u00e7\u00e3o limitad\u00edssima de 500 c\u00f3pias.  A: Eu Menti pra voc\u00ea, Vira P\u00f3, Nass\u00edria e Najaf, Telekphonen, O P\u00e9  B: Ciranda do Incentivo, Mira Ira, Avi\u00e3o Aeroporto, Soldat, Esperan\u00e7a Cansa, Pl\u00e1stico Bolha","og_url":"https:\/\/shopbrasil.vinyllandrecords.com\/produto\/karina-buhr-eu-menti-pra-voce\/","og_site_name":"Vinyl Land Records","article_modified_time":"2023-10-06T23:53:16+00:00","og_image":[{"width":1834,"height":1834,"url":"https:\/\/shopbrasil.vinyllandrecords.com\/wp-content\/uploads\/2018\/03\/Karina.jpg","type":"image\/jpeg"}],"twitter_card":"summary_large_image","schema":{"@context":"https:\/\/schema.org","@graph":[{"@type":"WebPage","@id":"https:\/\/shopbrasil.vinyllandrecords.com\/produto\/karina-buhr-eu-menti-pra-voce\/","url":"https:\/\/shopbrasil.vinyllandrecords.com\/produto\/karina-buhr-eu-menti-pra-voce\/","name":"Karina Buhr - Eu Menti Pra Voc\u00ea (REPOSI\u00c7\u00c3O DE ESTOQUE DE 2011) - Vinyl Land Records","isPartOf":{"@id":"https:\/\/shopbrasil.vinyllandrecords.com\/#website"},"primaryImageOfPage":{"@id":"https:\/\/shopbrasil.vinyllandrecords.com\/produto\/karina-buhr-eu-menti-pra-voce\/#primaryimage"},"image":{"@id":"https:\/\/shopbrasil.vinyllandrecords.com\/produto\/karina-buhr-eu-menti-pra-voce\/#primaryimage"},"thumbnailUrl":"https:\/\/shopbrasil.vinyllandrecords.com\/wp-content\/uploads\/2018\/03\/Karina.jpg","datePublished":"2021-11-19T14:00:18+00:00","dateModified":"2023-10-06T23:53:16+00:00","breadcrumb":{"@id":"https:\/\/shopbrasil.vinyllandrecords.com\/produto\/karina-buhr-eu-menti-pra-voce\/#breadcrumb"},"inLanguage":"en-US","potentialAction":[{"@type":"ReadAction","target":["https:\/\/shopbrasil.vinyllandrecords.com\/produto\/karina-buhr-eu-menti-pra-voce\/"]}]},{"@type":"ImageObject","inLanguage":"en-US","@id":"https:\/\/shopbrasil.vinyllandrecords.com\/produto\/karina-buhr-eu-menti-pra-voce\/#primaryimage","url":"https:\/\/shopbrasil.vinyllandrecords.com\/wp-content\/uploads\/2018\/03\/Karina.jpg","contentUrl":"https:\/\/shopbrasil.vinyllandrecords.com\/wp-content\/uploads\/2018\/03\/Karina.jpg","width":1834,"height":1834},{"@type":"BreadcrumbList","@id":"https:\/\/shopbrasil.vinyllandrecords.com\/produto\/karina-buhr-eu-menti-pra-voce\/#breadcrumb","itemListElement":[{"@type":"ListItem","position":1,"name":"In\u00edcio","item":"https:\/\/shopbrasil.vinyllandrecords.com\/"},{"@type":"ListItem","position":2,"name":"Shops","item":"https:\/\/shopbrasil.vinyllandrecords.com\/shops\/"},{"@type":"ListItem","position":3,"name":"Karina Buhr &#8211; Eu Menti Pra Voc\u00ea (REPOSI\u00c7\u00c3O DE ESTOQUE DE 2011)"}]},{"@type":"WebSite","@id":"https:\/\/shopbrasil.vinyllandrecords.com\/#website","url":"https:\/\/shopbrasil.vinyllandrecords.com\/","name":"Vinyl Land Records","description":"ONLINE SHOP","potentialAction":[{"@type":"SearchAction","target":{"@type":"EntryPoint","urlTemplate":"https:\/\/shopbrasil.vinyllandrecords.com\/?s={search_term_string}"},"query-input":{"@type":"PropertyValueSpecification","valueRequired":true,"valueName":"search_term_string"}}],"inLanguage":"en-US"}]}},"_links":{"self":[{"href":"https:\/\/shopbrasil.vinyllandrecords.com\/en\/wp-json\/wp\/v2\/product\/65744","targetHints":{"allow":["GET"]}}],"collection":[{"href":"https:\/\/shopbrasil.vinyllandrecords.com\/en\/wp-json\/wp\/v2\/product"}],"about":[{"href":"https:\/\/shopbrasil.vinyllandrecords.com\/en\/wp-json\/wp\/v2\/types\/product"}],"wp:featuredmedia":[{"embeddable":true,"href":"https:\/\/shopbrasil.vinyllandrecords.com\/en\/wp-json\/wp\/v2\/media\/65745"}],"wp:attachment":[{"href":"https:\/\/shopbrasil.vinyllandrecords.com\/en\/wp-json\/wp\/v2\/media?parent=65744"}],"wp:term":[{"taxonomy":"product_brand","embeddable":true,"href":"https:\/\/shopbrasil.vinyllandrecords.com\/en\/wp-json\/wp\/v2\/product_brand?post=65744"},{"taxonomy":"product_cat","embeddable":true,"href":"https:\/\/shopbrasil.vinyllandrecords.com\/en\/wp-json\/wp\/v2\/product_cat?post=65744"},{"taxonomy":"product_tag","embeddable":true,"href":"https:\/\/shopbrasil.vinyllandrecords.com\/en\/wp-json\/wp\/v2\/product_tag?post=65744"}],"curies":[{"name":"wp","href":"https:\/\/api.w.org\/{rel}","templated":true}]}}