{"id":65753,"date":"2018-03-14T23:39:47","date_gmt":"2018-03-14T23:39:47","guid":{"rendered":"https:\/\/shopbrasil.vinyllandrecords.com\/?post_type=product&#038;p=65753"},"modified":"2018-08-14T14:16:17","modified_gmt":"2018-08-14T14:16:17","slug":"tulipa-efemera","status":"publish","type":"product","link":"https:\/\/shopbrasil.vinyllandrecords.com\/en\/produto\/tulipa-efemera\/","title":{"rendered":"Tulipa &#8211; Ef\u00eamera"},"content":{"rendered":"","protected":false},"excerpt":{"rendered":"<p>Content at this player may not reflect vinyl&#8217;s actual songs.<br \/>\n<iframe width=\"100%\" height=\"300\" scrolling=\"no\" frameborder=\"no\" allow=\"autoplay\" src=\"https:\/\/w.soundcloud.com\/player\/?url=https%3A\/\/api.soundcloud.com\/playlists\/1790055&#038;color=%23ff5500&#038;auto_play=false&#038;hide_related=false&#038;show_comments=true&#038;show_user=true&#038;show_reposts=false&#038;show_teaser=true&#038;visual=true\"><\/iframe><\/p>\n<p>In a country renowned as fertile ground for female singers Tulipa Ruiz stands out. She caught the global limelight in 2009 with her beautiful voice and unique singing style. She is perhaps the most exciting female voice to have emerged from Brazil in recent years. She reveals her musical soul: naked and bold and she has been praised for her \u201cexquisite melodies\u201d (The Daily Telegraph).<\/p>\n<p>\u201cEf\u00eamera\u201d is her debut album, recorded in the YB Music Studios in S\u00e3o Paulo, produced by her brother Gustavo Ruiz. It includes participations from many great musicians of her generation, including members of the Orquestra Imperial (Kassim and Stephane San Juan), Donatinho (son of the legendary Joao Donato), plus singers C\u00e9u, Thalma de Freitas, Anelise Assump\u00e7\u00e3o, Ti\u00ea, Mariana Aydar and more.<\/p>\n<p>Comprising of 11 songs (10 being her own compositions) the album was released to great reviews and a sell-out tour. She ended the year with Best Record and Best Song of the Year knods by Rolling Stone Magazine Brazil, and began 2011 with The Guardian describing her as the \u201cmost promising Brazilian singer\u201d.<\/p>\n<p>After much anticipation, the album gets its first ever release in LP, packed in a beautiful gatefold sleeve and limited to 500 copies worldwide .<\/p>\n","protected":false},"featured_media":65754,"template":"","meta":[],"product_brand":[],"product_cat":[108,97],"product_tag":[],"class_list":{"0":"post-65753","1":"product","2":"type-product","3":"status-publish","4":"has-post-thumbnail","6":"product_cat-lancamentos","7":"product_cat-lp","9":"first","10":"outofstock","11":"taxable","12":"shipping-taxable","13":"product-type-simple"},"yoast_head":"<!-- This site is optimized with the Yoast SEO plugin v27.4 - https:\/\/yoast.com\/product\/yoast-seo-wordpress\/ -->\n<title>Tulipa - Ef\u00eamera - Vinyl Land Records<\/title>\n<meta name=\"robots\" content=\"index, follow, max-snippet:-1, max-image-preview:large, max-video-preview:-1\" \/>\n<link rel=\"canonical\" href=\"https:\/\/shopbrasil.vinyllandrecords.com\/produto\/tulipa-efemera\/\" \/>\n<meta property=\"og:locale\" content=\"en_US\" \/>\n<meta property=\"og:type\" content=\"article\" \/>\n<meta property=\"og:title\" content=\"Tulipa - Ef\u00eamera - Vinyl Land Records\" \/>\n<meta property=\"og:description\" content=\"[:pb]As m\u00fasicas abaixo podem n\u00e3o refletir fielmente o conte\u00fado do vinil.   Em um pa\u00eds conhecido pela grande variedade e qualidade de suas cantoras, Tulipa Ruiz definitivamente se destaca.  Ela chamou aten\u00e7\u00e3o a partir de 2009, com sua linda voz e estilo \u00fanico de cantar, rapidamente se tornando uma das artistas mais surpreendentes de sua gera\u00e7\u00e3o.  Seu \u00e1lbum de estr\u00e9ia \u201cEf\u00eamera\u201d foi gravado nos est\u00fadio YB Music em S\u00e3o Paulo e produzido por seu irm\u00e3o Gustavo Ruiz, com participa\u00e7\u00f5es de membros da Orquestra Imperial (Kassim and Stephane San Juan), Donatinho, Tat\u00e1 Aeroplanos, C\u00e9u, Thalma de Freitas, Anelise Assump\u00e7\u00e3o, Ti\u00ea, Mariana Aydar e etc.  Contendo 11 faixas (sendo 10 de sua pr\u00f3pria composi\u00e7ao), o album foi recebido com grande entusiasmo pela m\u00eddia e p\u00fablico. Shows esgotados e elogios nos principais ve\u00edculos do pa\u00eds e mundo (como melhor disco e m\u00fasica de 2010 na Revista Rolling Stone) fizeram de 2010 um grande ano para a cantora, que continuou a tudo vapor em 2011, com uma turn\u00ea pela Europa (a ser repetida no segundo semestre) e EUA, al\u00e9m de participa\u00e7\u00f5es nos festivais SWU e Rock in Rio.  Depois de muita antecipa\u00e7\u00e3o, o disco recebe finalmente sua esperada edi\u00e7\u00e3o em vinil, embalado em uma linda capa gatefold e em edi\u00e7\u00e3o limitad\u00edssima de 500 c\u00f3pias mundialmente.  &nbsp;  &nbsp;[:en]Content at this player may not reflect vinyl&#039;s actual songs.   In a country renowned as fertile ground for female singers Tulipa Ruiz stands out. She caught the global limelight in 2009 with her beautiful voice and unique singing style. She is perhaps the most exciting female voice to have emerged from Brazil in recent years. She reveals her musical soul: naked and bold and she has been praised for her \u201cexquisite melodies\u201d (The Daily Telegraph).  \u201cEf\u00eamera\u201d is her debut album, recorded in the YB Music Studios in S\u00e3o Paulo, produced by her brother Gustavo Ruiz. It includes participations from many great musicians of her generation, including members of the Orquestra Imperial (Kassim and Stephane San Juan), Donatinho (son of the legendary Joao Donato), plus singers C\u00e9u, Thalma de Freitas, Anelise Assump\u00e7\u00e3o, Ti\u00ea, Mariana Aydar and more.  Comprising of 11 songs (10 being her own compositions) the album was released to great reviews and a sell-out tour. She ended the year with Best Record and Best Song of the Year knods by Rolling Stone Magazine Brazil, and began 2011 with The Guardian describing her as the \u201cmost promising Brazilian singer\u201d.  After much anticipation, the album gets its first ever release in LP, packed in a beautiful gatefold sleeve and limited to 500 copies worldwide .[:]\" \/>\n<meta property=\"og:url\" content=\"https:\/\/shopbrasil.vinyllandrecords.com\/produto\/tulipa-efemera\/\" \/>\n<meta property=\"og:site_name\" content=\"Vinyl Land Records\" \/>\n<meta property=\"article:modified_time\" content=\"2018-08-14T14:16:17+00:00\" \/>\n<meta property=\"og:image\" content=\"https:\/\/shopbrasil.vinyllandrecords.com\/wp-content\/uploads\/2018\/03\/Tulipa-LP-Front-Cover.jpg\" \/>\n\t<meta property=\"og:image:width\" content=\"1800\" \/>\n\t<meta property=\"og:image:height\" content=\"1820\" \/>\n\t<meta property=\"og:image:type\" content=\"image\/jpeg\" \/>\n<meta name=\"twitter:card\" content=\"summary_large_image\" \/>\n<script type=\"application\/ld+json\" class=\"yoast-schema-graph\">{\"@context\":\"https:\\\/\\\/schema.org\",\"@graph\":[{\"@type\":\"WebPage\",\"@id\":\"https:\\\/\\\/shopbrasil.vinyllandrecords.com\\\/produto\\\/tulipa-efemera\\\/\",\"url\":\"https:\\\/\\\/shopbrasil.vinyllandrecords.com\\\/produto\\\/tulipa-efemera\\\/\",\"name\":\"Tulipa - Ef\u00eamera - Vinyl Land Records\",\"isPartOf\":{\"@id\":\"https:\\\/\\\/shopbrasil.vinyllandrecords.com\\\/#website\"},\"primaryImageOfPage\":{\"@id\":\"https:\\\/\\\/shopbrasil.vinyllandrecords.com\\\/produto\\\/tulipa-efemera\\\/#primaryimage\"},\"image\":{\"@id\":\"https:\\\/\\\/shopbrasil.vinyllandrecords.com\\\/produto\\\/tulipa-efemera\\\/#primaryimage\"},\"thumbnailUrl\":\"https:\\\/\\\/shopbrasil.vinyllandrecords.com\\\/wp-content\\\/uploads\\\/2018\\\/03\\\/Tulipa-LP-Front-Cover.jpg\",\"datePublished\":\"2018-03-14T23:39:47+00:00\",\"dateModified\":\"2018-08-14T14:16:17+00:00\",\"breadcrumb\":{\"@id\":\"https:\\\/\\\/shopbrasil.vinyllandrecords.com\\\/produto\\\/tulipa-efemera\\\/#breadcrumb\"},\"inLanguage\":\"en-US\",\"potentialAction\":[{\"@type\":\"ReadAction\",\"target\":[\"https:\\\/\\\/shopbrasil.vinyllandrecords.com\\\/produto\\\/tulipa-efemera\\\/\"]}]},{\"@type\":\"ImageObject\",\"inLanguage\":\"en-US\",\"@id\":\"https:\\\/\\\/shopbrasil.vinyllandrecords.com\\\/produto\\\/tulipa-efemera\\\/#primaryimage\",\"url\":\"https:\\\/\\\/shopbrasil.vinyllandrecords.com\\\/wp-content\\\/uploads\\\/2018\\\/03\\\/Tulipa-LP-Front-Cover.jpg\",\"contentUrl\":\"https:\\\/\\\/shopbrasil.vinyllandrecords.com\\\/wp-content\\\/uploads\\\/2018\\\/03\\\/Tulipa-LP-Front-Cover.jpg\",\"width\":1800,\"height\":1820},{\"@type\":\"BreadcrumbList\",\"@id\":\"https:\\\/\\\/shopbrasil.vinyllandrecords.com\\\/produto\\\/tulipa-efemera\\\/#breadcrumb\",\"itemListElement\":[{\"@type\":\"ListItem\",\"position\":1,\"name\":\"In\u00edcio\",\"item\":\"https:\\\/\\\/shopbrasil.vinyllandrecords.com\\\/\"},{\"@type\":\"ListItem\",\"position\":2,\"name\":\"Shops\",\"item\":\"https:\\\/\\\/shopbrasil.vinyllandrecords.com\\\/shops\\\/\"},{\"@type\":\"ListItem\",\"position\":3,\"name\":\"Tulipa &#8211; Ef\u00eamera\"}]},{\"@type\":\"WebSite\",\"@id\":\"https:\\\/\\\/shopbrasil.vinyllandrecords.com\\\/#website\",\"url\":\"https:\\\/\\\/shopbrasil.vinyllandrecords.com\\\/\",\"name\":\"Vinyl Land Records\",\"description\":\"ONLINE SHOP\",\"potentialAction\":[{\"@type\":\"SearchAction\",\"target\":{\"@type\":\"EntryPoint\",\"urlTemplate\":\"https:\\\/\\\/shopbrasil.vinyllandrecords.com\\\/?s={search_term_string}\"},\"query-input\":{\"@type\":\"PropertyValueSpecification\",\"valueRequired\":true,\"valueName\":\"search_term_string\"}}],\"inLanguage\":\"en-US\"}]}<\/script>\n<!-- \/ Yoast SEO plugin. -->","yoast_head_json":{"title":"Tulipa - Ef\u00eamera - Vinyl Land Records","robots":{"index":"index","follow":"follow","max-snippet":"max-snippet:-1","max-image-preview":"max-image-preview:large","max-video-preview":"max-video-preview:-1"},"canonical":"https:\/\/shopbrasil.vinyllandrecords.com\/produto\/tulipa-efemera\/","og_locale":"en_US","og_type":"article","og_title":"Tulipa - Ef\u00eamera - Vinyl Land Records","og_description":"[:pb]As m\u00fasicas abaixo podem n\u00e3o refletir fielmente o conte\u00fado do vinil.   Em um pa\u00eds conhecido pela grande variedade e qualidade de suas cantoras, Tulipa Ruiz definitivamente se destaca.  Ela chamou aten\u00e7\u00e3o a partir de 2009, com sua linda voz e estilo \u00fanico de cantar, rapidamente se tornando uma das artistas mais surpreendentes de sua gera\u00e7\u00e3o.  Seu \u00e1lbum de estr\u00e9ia \u201cEf\u00eamera\u201d foi gravado nos est\u00fadio YB Music em S\u00e3o Paulo e produzido por seu irm\u00e3o Gustavo Ruiz, com participa\u00e7\u00f5es de membros da Orquestra Imperial (Kassim and Stephane San Juan), Donatinho, Tat\u00e1 Aeroplanos, C\u00e9u, Thalma de Freitas, Anelise Assump\u00e7\u00e3o, Ti\u00ea, Mariana Aydar e etc.  Contendo 11 faixas (sendo 10 de sua pr\u00f3pria composi\u00e7ao), o album foi recebido com grande entusiasmo pela m\u00eddia e p\u00fablico. Shows esgotados e elogios nos principais ve\u00edculos do pa\u00eds e mundo (como melhor disco e m\u00fasica de 2010 na Revista Rolling Stone) fizeram de 2010 um grande ano para a cantora, que continuou a tudo vapor em 2011, com uma turn\u00ea pela Europa (a ser repetida no segundo semestre) e EUA, al\u00e9m de participa\u00e7\u00f5es nos festivais SWU e Rock in Rio.  Depois de muita antecipa\u00e7\u00e3o, o disco recebe finalmente sua esperada edi\u00e7\u00e3o em vinil, embalado em uma linda capa gatefold e em edi\u00e7\u00e3o limitad\u00edssima de 500 c\u00f3pias mundialmente.  &nbsp;  &nbsp;[:en]Content at this player may not reflect vinyl's actual songs.   In a country renowned as fertile ground for female singers Tulipa Ruiz stands out. She caught the global limelight in 2009 with her beautiful voice and unique singing style. She is perhaps the most exciting female voice to have emerged from Brazil in recent years. She reveals her musical soul: naked and bold and she has been praised for her \u201cexquisite melodies\u201d (The Daily Telegraph).  \u201cEf\u00eamera\u201d is her debut album, recorded in the YB Music Studios in S\u00e3o Paulo, produced by her brother Gustavo Ruiz. It includes participations from many great musicians of her generation, including members of the Orquestra Imperial (Kassim and Stephane San Juan), Donatinho (son of the legendary Joao Donato), plus singers C\u00e9u, Thalma de Freitas, Anelise Assump\u00e7\u00e3o, Ti\u00ea, Mariana Aydar and more.  Comprising of 11 songs (10 being her own compositions) the album was released to great reviews and a sell-out tour. She ended the year with Best Record and Best Song of the Year knods by Rolling Stone Magazine Brazil, and began 2011 with The Guardian describing her as the \u201cmost promising Brazilian singer\u201d.  After much anticipation, the album gets its first ever release in LP, packed in a beautiful gatefold sleeve and limited to 500 copies worldwide .[:]","og_url":"https:\/\/shopbrasil.vinyllandrecords.com\/produto\/tulipa-efemera\/","og_site_name":"Vinyl Land Records","article_modified_time":"2018-08-14T14:16:17+00:00","og_image":[{"width":1800,"height":1820,"url":"https:\/\/shopbrasil.vinyllandrecords.com\/wp-content\/uploads\/2018\/03\/Tulipa-LP-Front-Cover.jpg","type":"image\/jpeg"}],"twitter_card":"summary_large_image","schema":{"@context":"https:\/\/schema.org","@graph":[{"@type":"WebPage","@id":"https:\/\/shopbrasil.vinyllandrecords.com\/produto\/tulipa-efemera\/","url":"https:\/\/shopbrasil.vinyllandrecords.com\/produto\/tulipa-efemera\/","name":"Tulipa - Ef\u00eamera - Vinyl Land Records","isPartOf":{"@id":"https:\/\/shopbrasil.vinyllandrecords.com\/#website"},"primaryImageOfPage":{"@id":"https:\/\/shopbrasil.vinyllandrecords.com\/produto\/tulipa-efemera\/#primaryimage"},"image":{"@id":"https:\/\/shopbrasil.vinyllandrecords.com\/produto\/tulipa-efemera\/#primaryimage"},"thumbnailUrl":"https:\/\/shopbrasil.vinyllandrecords.com\/wp-content\/uploads\/2018\/03\/Tulipa-LP-Front-Cover.jpg","datePublished":"2018-03-14T23:39:47+00:00","dateModified":"2018-08-14T14:16:17+00:00","breadcrumb":{"@id":"https:\/\/shopbrasil.vinyllandrecords.com\/produto\/tulipa-efemera\/#breadcrumb"},"inLanguage":"en-US","potentialAction":[{"@type":"ReadAction","target":["https:\/\/shopbrasil.vinyllandrecords.com\/produto\/tulipa-efemera\/"]}]},{"@type":"ImageObject","inLanguage":"en-US","@id":"https:\/\/shopbrasil.vinyllandrecords.com\/produto\/tulipa-efemera\/#primaryimage","url":"https:\/\/shopbrasil.vinyllandrecords.com\/wp-content\/uploads\/2018\/03\/Tulipa-LP-Front-Cover.jpg","contentUrl":"https:\/\/shopbrasil.vinyllandrecords.com\/wp-content\/uploads\/2018\/03\/Tulipa-LP-Front-Cover.jpg","width":1800,"height":1820},{"@type":"BreadcrumbList","@id":"https:\/\/shopbrasil.vinyllandrecords.com\/produto\/tulipa-efemera\/#breadcrumb","itemListElement":[{"@type":"ListItem","position":1,"name":"In\u00edcio","item":"https:\/\/shopbrasil.vinyllandrecords.com\/"},{"@type":"ListItem","position":2,"name":"Shops","item":"https:\/\/shopbrasil.vinyllandrecords.com\/shops\/"},{"@type":"ListItem","position":3,"name":"Tulipa &#8211; Ef\u00eamera"}]},{"@type":"WebSite","@id":"https:\/\/shopbrasil.vinyllandrecords.com\/#website","url":"https:\/\/shopbrasil.vinyllandrecords.com\/","name":"Vinyl Land Records","description":"ONLINE SHOP","potentialAction":[{"@type":"SearchAction","target":{"@type":"EntryPoint","urlTemplate":"https:\/\/shopbrasil.vinyllandrecords.com\/?s={search_term_string}"},"query-input":{"@type":"PropertyValueSpecification","valueRequired":true,"valueName":"search_term_string"}}],"inLanguage":"en-US"}]}},"_links":{"self":[{"href":"https:\/\/shopbrasil.vinyllandrecords.com\/en\/wp-json\/wp\/v2\/product\/65753","targetHints":{"allow":["GET"]}}],"collection":[{"href":"https:\/\/shopbrasil.vinyllandrecords.com\/en\/wp-json\/wp\/v2\/product"}],"about":[{"href":"https:\/\/shopbrasil.vinyllandrecords.com\/en\/wp-json\/wp\/v2\/types\/product"}],"wp:featuredmedia":[{"embeddable":true,"href":"https:\/\/shopbrasil.vinyllandrecords.com\/en\/wp-json\/wp\/v2\/media\/65754"}],"wp:attachment":[{"href":"https:\/\/shopbrasil.vinyllandrecords.com\/en\/wp-json\/wp\/v2\/media?parent=65753"}],"wp:term":[{"taxonomy":"product_brand","embeddable":true,"href":"https:\/\/shopbrasil.vinyllandrecords.com\/en\/wp-json\/wp\/v2\/product_brand?post=65753"},{"taxonomy":"product_cat","embeddable":true,"href":"https:\/\/shopbrasil.vinyllandrecords.com\/en\/wp-json\/wp\/v2\/product_cat?post=65753"},{"taxonomy":"product_tag","embeddable":true,"href":"https:\/\/shopbrasil.vinyllandrecords.com\/en\/wp-json\/wp\/v2\/product_tag?post=65753"}],"curies":[{"name":"wp","href":"https:\/\/api.w.org\/{rel}","templated":true}]}}