{"id":65844,"date":"2018-04-16T22:07:27","date_gmt":"2018-04-16T22:07:27","guid":{"rendered":"https:\/\/shopbrasil.vinyllandrecords.com\/?post_type=product&#038;p=65844"},"modified":"2025-04-26T15:58:02","modified_gmt":"2025-04-26T18:58:02","slug":"vinil-e-arte-remixes","status":"publish","type":"product","link":"https:\/\/shopbrasil.vinyllandrecords.com\/en\/produto\/vinil-e-arte-remixes\/","title":{"rendered":"Vinil \u00e9 Arte &#8211; Remixes"},"content":{"rendered":"","protected":false},"excerpt":{"rendered":"<p>Content at this player may not reflect vinyl&#8217;s actual songs.<\/p>\n<p>Governo do Estado de Minas Gerais e Natura apresentam O LP \u201cVinil \u00e9 Arte remixes\u201d, um recorte da m\u00fasica mineira independente, temperado pela experi\u00eancia dos DJs que n\u00e3o se cansam em garimpar discos pelas ruas, lojas e pra\u00e7as do pa\u00eds. Uma produ\u00e7\u00e3o coletiva que apresenta novas vers\u00f5es para oito composi\u00e7\u00f5es de artistas contempor\u00e2neos de Minas Gerais.<\/p>\n","protected":false},"featured_media":65846,"template":"","meta":[],"product_brand":[],"product_cat":[108,122,97],"product_tag":[],"class_list":{"0":"post-65844","1":"product","2":"type-product","3":"status-publish","4":"has-post-thumbnail","6":"product_cat-lancamentos","7":"product_cat-musica-mineira-em-vinil","8":"product_cat-lp","10":"first","11":"instock","12":"taxable","13":"shipping-taxable","14":"purchasable","15":"product-type-simple"},"yoast_head":"<!-- This site is optimized with the Yoast SEO plugin v27.3 - https:\/\/yoast.com\/product\/yoast-seo-wordpress\/ -->\n<title>Vinil \u00e9 Arte - Remixes - Vinyl Land Records<\/title>\n<meta name=\"robots\" content=\"index, follow, max-snippet:-1, max-image-preview:large, max-video-preview:-1\" \/>\n<link rel=\"canonical\" href=\"https:\/\/shopbrasil.vinyllandrecords.com\/produto\/vinil-e-arte-remixes\/\" \/>\n<meta property=\"og:locale\" content=\"en_US\" \/>\n<meta property=\"og:type\" content=\"article\" \/>\n<meta property=\"og:title\" content=\"Vinil \u00e9 Arte - Remixes - Vinyl Land Records\" \/>\n<meta property=\"og:description\" content=\"[:pb]As m\u00fasicas abaixo podem n\u00e3o refletir fielmente o conte\u00fado do vinil.  Governo do Estado de Minas Gerais e Natura apresentam O LP \u201cVinil \u00e9 Arte remixes\u201d, um recorte da m\u00fasica mineira independente, temperado pela experi\u00eancia dos DJs que n\u00e3o se cansam em garimpar discos pelas ruas, lojas e pra\u00e7as do pa\u00eds. Uma produ\u00e7\u00e3o coletiva que apresenta novas vers\u00f5es para oito composi\u00e7\u00f5es de artistas contempor\u00e2neos de Minas Gerais.[:en]Content at this player may not reflect vinyl&#039;s actual songs.   Governo do Estado de Minas Gerais e Natura apresentam O LP \u201cVinil \u00e9 Arte remixes\u201d, um recorte da m\u00fasica mineira independente, temperado pela experi\u00eancia dos DJs que n\u00e3o se cansam em garimpar discos pelas ruas, lojas e pra\u00e7as do pa\u00eds. Uma produ\u00e7\u00e3o coletiva que apresenta novas vers\u00f5es para oito composi\u00e7\u00f5es de artistas contempor\u00e2neos de Minas Gerais.[:]\" \/>\n<meta property=\"og:url\" content=\"https:\/\/shopbrasil.vinyllandrecords.com\/produto\/vinil-e-arte-remixes\/\" \/>\n<meta property=\"og:site_name\" content=\"Vinyl Land Records\" \/>\n<meta property=\"article:modified_time\" content=\"2025-04-26T18:58:02+00:00\" \/>\n<meta property=\"og:image\" content=\"https:\/\/shopbrasil.vinyllandrecords.com\/wp-content\/uploads\/2018\/04\/Vinil-e-arte-remixes-capa-LP.png\" \/>\n\t<meta property=\"og:image:width\" content=\"579\" \/>\n\t<meta property=\"og:image:height\" content=\"580\" \/>\n\t<meta property=\"og:image:type\" content=\"image\/png\" \/>\n<meta name=\"twitter:card\" content=\"summary_large_image\" \/>\n<meta name=\"twitter:label1\" content=\"Est. reading time\" \/>\n\t<meta name=\"twitter:data1\" content=\"1 minute\" \/>\n<script type=\"application\/ld+json\" class=\"yoast-schema-graph\">{\"@context\":\"https:\\\/\\\/schema.org\",\"@graph\":[{\"@type\":\"WebPage\",\"@id\":\"https:\\\/\\\/shopbrasil.vinyllandrecords.com\\\/produto\\\/vinil-e-arte-remixes\\\/\",\"url\":\"https:\\\/\\\/shopbrasil.vinyllandrecords.com\\\/produto\\\/vinil-e-arte-remixes\\\/\",\"name\":\"Vinil \u00e9 Arte - Remixes - Vinyl Land Records\",\"isPartOf\":{\"@id\":\"https:\\\/\\\/shopbrasil.vinyllandrecords.com\\\/#website\"},\"primaryImageOfPage\":{\"@id\":\"https:\\\/\\\/shopbrasil.vinyllandrecords.com\\\/produto\\\/vinil-e-arte-remixes\\\/#primaryimage\"},\"image\":{\"@id\":\"https:\\\/\\\/shopbrasil.vinyllandrecords.com\\\/produto\\\/vinil-e-arte-remixes\\\/#primaryimage\"},\"thumbnailUrl\":\"https:\\\/\\\/shopbrasil.vinyllandrecords.com\\\/wp-content\\\/uploads\\\/2018\\\/04\\\/Vinil-e-arte-remixes-capa-LP.png\",\"datePublished\":\"2018-04-16T22:07:27+00:00\",\"dateModified\":\"2025-04-26T18:58:02+00:00\",\"breadcrumb\":{\"@id\":\"https:\\\/\\\/shopbrasil.vinyllandrecords.com\\\/produto\\\/vinil-e-arte-remixes\\\/#breadcrumb\"},\"inLanguage\":\"en-US\",\"potentialAction\":[{\"@type\":\"ReadAction\",\"target\":[\"https:\\\/\\\/shopbrasil.vinyllandrecords.com\\\/produto\\\/vinil-e-arte-remixes\\\/\"]}]},{\"@type\":\"ImageObject\",\"inLanguage\":\"en-US\",\"@id\":\"https:\\\/\\\/shopbrasil.vinyllandrecords.com\\\/produto\\\/vinil-e-arte-remixes\\\/#primaryimage\",\"url\":\"https:\\\/\\\/shopbrasil.vinyllandrecords.com\\\/wp-content\\\/uploads\\\/2018\\\/04\\\/Vinil-e-arte-remixes-capa-LP.png\",\"contentUrl\":\"https:\\\/\\\/shopbrasil.vinyllandrecords.com\\\/wp-content\\\/uploads\\\/2018\\\/04\\\/Vinil-e-arte-remixes-capa-LP.png\",\"width\":579,\"height\":580},{\"@type\":\"BreadcrumbList\",\"@id\":\"https:\\\/\\\/shopbrasil.vinyllandrecords.com\\\/produto\\\/vinil-e-arte-remixes\\\/#breadcrumb\",\"itemListElement\":[{\"@type\":\"ListItem\",\"position\":1,\"name\":\"In\u00edcio\",\"item\":\"https:\\\/\\\/shopbrasil.vinyllandrecords.com\\\/\"},{\"@type\":\"ListItem\",\"position\":2,\"name\":\"Shops\",\"item\":\"https:\\\/\\\/shopbrasil.vinyllandrecords.com\\\/shops\\\/\"},{\"@type\":\"ListItem\",\"position\":3,\"name\":\"Vinil \u00e9 Arte &#8211; Remixes\"}]},{\"@type\":\"WebSite\",\"@id\":\"https:\\\/\\\/shopbrasil.vinyllandrecords.com\\\/#website\",\"url\":\"https:\\\/\\\/shopbrasil.vinyllandrecords.com\\\/\",\"name\":\"Vinyl Land Records\",\"description\":\"ONLINE SHOP\",\"potentialAction\":[{\"@type\":\"SearchAction\",\"target\":{\"@type\":\"EntryPoint\",\"urlTemplate\":\"https:\\\/\\\/shopbrasil.vinyllandrecords.com\\\/?s={search_term_string}\"},\"query-input\":{\"@type\":\"PropertyValueSpecification\",\"valueRequired\":true,\"valueName\":\"search_term_string\"}}],\"inLanguage\":\"en-US\"}]}<\/script>\n<!-- \/ Yoast SEO plugin. -->","yoast_head_json":{"title":"Vinil \u00e9 Arte - Remixes - Vinyl Land Records","robots":{"index":"index","follow":"follow","max-snippet":"max-snippet:-1","max-image-preview":"max-image-preview:large","max-video-preview":"max-video-preview:-1"},"canonical":"https:\/\/shopbrasil.vinyllandrecords.com\/produto\/vinil-e-arte-remixes\/","og_locale":"en_US","og_type":"article","og_title":"Vinil \u00e9 Arte - Remixes - Vinyl Land Records","og_description":"[:pb]As m\u00fasicas abaixo podem n\u00e3o refletir fielmente o conte\u00fado do vinil.  Governo do Estado de Minas Gerais e Natura apresentam O LP \u201cVinil \u00e9 Arte remixes\u201d, um recorte da m\u00fasica mineira independente, temperado pela experi\u00eancia dos DJs que n\u00e3o se cansam em garimpar discos pelas ruas, lojas e pra\u00e7as do pa\u00eds. Uma produ\u00e7\u00e3o coletiva que apresenta novas vers\u00f5es para oito composi\u00e7\u00f5es de artistas contempor\u00e2neos de Minas Gerais.[:en]Content at this player may not reflect vinyl's actual songs.   Governo do Estado de Minas Gerais e Natura apresentam O LP \u201cVinil \u00e9 Arte remixes\u201d, um recorte da m\u00fasica mineira independente, temperado pela experi\u00eancia dos DJs que n\u00e3o se cansam em garimpar discos pelas ruas, lojas e pra\u00e7as do pa\u00eds. Uma produ\u00e7\u00e3o coletiva que apresenta novas vers\u00f5es para oito composi\u00e7\u00f5es de artistas contempor\u00e2neos de Minas Gerais.[:]","og_url":"https:\/\/shopbrasil.vinyllandrecords.com\/produto\/vinil-e-arte-remixes\/","og_site_name":"Vinyl Land Records","article_modified_time":"2025-04-26T18:58:02+00:00","og_image":[{"width":579,"height":580,"url":"https:\/\/shopbrasil.vinyllandrecords.com\/wp-content\/uploads\/2018\/04\/Vinil-e-arte-remixes-capa-LP.png","type":"image\/png"}],"twitter_card":"summary_large_image","twitter_misc":{"Est. reading time":"1 minute"},"schema":{"@context":"https:\/\/schema.org","@graph":[{"@type":"WebPage","@id":"https:\/\/shopbrasil.vinyllandrecords.com\/produto\/vinil-e-arte-remixes\/","url":"https:\/\/shopbrasil.vinyllandrecords.com\/produto\/vinil-e-arte-remixes\/","name":"Vinil \u00e9 Arte - Remixes - Vinyl Land Records","isPartOf":{"@id":"https:\/\/shopbrasil.vinyllandrecords.com\/#website"},"primaryImageOfPage":{"@id":"https:\/\/shopbrasil.vinyllandrecords.com\/produto\/vinil-e-arte-remixes\/#primaryimage"},"image":{"@id":"https:\/\/shopbrasil.vinyllandrecords.com\/produto\/vinil-e-arte-remixes\/#primaryimage"},"thumbnailUrl":"https:\/\/shopbrasil.vinyllandrecords.com\/wp-content\/uploads\/2018\/04\/Vinil-e-arte-remixes-capa-LP.png","datePublished":"2018-04-16T22:07:27+00:00","dateModified":"2025-04-26T18:58:02+00:00","breadcrumb":{"@id":"https:\/\/shopbrasil.vinyllandrecords.com\/produto\/vinil-e-arte-remixes\/#breadcrumb"},"inLanguage":"en-US","potentialAction":[{"@type":"ReadAction","target":["https:\/\/shopbrasil.vinyllandrecords.com\/produto\/vinil-e-arte-remixes\/"]}]},{"@type":"ImageObject","inLanguage":"en-US","@id":"https:\/\/shopbrasil.vinyllandrecords.com\/produto\/vinil-e-arte-remixes\/#primaryimage","url":"https:\/\/shopbrasil.vinyllandrecords.com\/wp-content\/uploads\/2018\/04\/Vinil-e-arte-remixes-capa-LP.png","contentUrl":"https:\/\/shopbrasil.vinyllandrecords.com\/wp-content\/uploads\/2018\/04\/Vinil-e-arte-remixes-capa-LP.png","width":579,"height":580},{"@type":"BreadcrumbList","@id":"https:\/\/shopbrasil.vinyllandrecords.com\/produto\/vinil-e-arte-remixes\/#breadcrumb","itemListElement":[{"@type":"ListItem","position":1,"name":"In\u00edcio","item":"https:\/\/shopbrasil.vinyllandrecords.com\/"},{"@type":"ListItem","position":2,"name":"Shops","item":"https:\/\/shopbrasil.vinyllandrecords.com\/shops\/"},{"@type":"ListItem","position":3,"name":"Vinil \u00e9 Arte &#8211; Remixes"}]},{"@type":"WebSite","@id":"https:\/\/shopbrasil.vinyllandrecords.com\/#website","url":"https:\/\/shopbrasil.vinyllandrecords.com\/","name":"Vinyl Land Records","description":"ONLINE SHOP","potentialAction":[{"@type":"SearchAction","target":{"@type":"EntryPoint","urlTemplate":"https:\/\/shopbrasil.vinyllandrecords.com\/?s={search_term_string}"},"query-input":{"@type":"PropertyValueSpecification","valueRequired":true,"valueName":"search_term_string"}}],"inLanguage":"en-US"}]}},"_links":{"self":[{"href":"https:\/\/shopbrasil.vinyllandrecords.com\/en\/wp-json\/wp\/v2\/product\/65844","targetHints":{"allow":["GET"]}}],"collection":[{"href":"https:\/\/shopbrasil.vinyllandrecords.com\/en\/wp-json\/wp\/v2\/product"}],"about":[{"href":"https:\/\/shopbrasil.vinyllandrecords.com\/en\/wp-json\/wp\/v2\/types\/product"}],"wp:featuredmedia":[{"embeddable":true,"href":"https:\/\/shopbrasil.vinyllandrecords.com\/en\/wp-json\/wp\/v2\/media\/65846"}],"wp:attachment":[{"href":"https:\/\/shopbrasil.vinyllandrecords.com\/en\/wp-json\/wp\/v2\/media?parent=65844"}],"wp:term":[{"taxonomy":"product_brand","embeddable":true,"href":"https:\/\/shopbrasil.vinyllandrecords.com\/en\/wp-json\/wp\/v2\/product_brand?post=65844"},{"taxonomy":"product_cat","embeddable":true,"href":"https:\/\/shopbrasil.vinyllandrecords.com\/en\/wp-json\/wp\/v2\/product_cat?post=65844"},{"taxonomy":"product_tag","embeddable":true,"href":"https:\/\/shopbrasil.vinyllandrecords.com\/en\/wp-json\/wp\/v2\/product_tag?post=65844"}],"curies":[{"name":"wp","href":"https:\/\/api.w.org\/{rel}","templated":true}]}}