{"id":65855,"date":"2018-04-16T22:58:01","date_gmt":"2018-04-16T22:58:01","guid":{"rendered":"https:\/\/shopbrasil.vinyllandrecords.com\/?post_type=product&#038;p=65855"},"modified":"2018-08-14T14:16:17","modified_gmt":"2018-08-14T14:16:17","slug":"curumin-arrocha","status":"publish","type":"product","link":"https:\/\/shopbrasil.vinyllandrecords.com\/en\/produto\/curumin-arrocha\/","title":{"rendered":"Curumin &#8211; Arrocha"},"content":{"rendered":"<p><br \/>\n<\/p>","protected":false},"excerpt":{"rendered":"<p>Content at this player may not reflect vinyl&#8217;s actual songs.<br \/>\n<iframe src=\"https:\/\/w.soundcloud.com\/player\/?url=https%3A\/\/api.soundcloud.com\/playlists\/1930864&amp;color=%23ff5500&amp;auto_play=false&amp;hide_related=false&amp;show_comments=true&amp;show_user=true&amp;show_reposts=false&amp;show_teaser=true&amp;visual=true\" width=\"100%\" height=\"300\" frameborder=\"no\" scrolling=\"no\"><\/iframe><\/p>\n<p><strong>Importado, edi\u00e7\u00e3o limitada, capa dupla (Gatefold)<\/strong><\/p>\n<p><strong>Lado A<\/strong><br \/>\n1 &#8211; Afoxoque<br \/>\n2 &#8211; Selvage<br \/>\n3 &#8211; Treme Terra<br \/>\n4 &#8211; Passarinho<br \/>\n5 &#8211; Paris Vila Matilde<br \/>\n6 &#8211; Tupanzinho Guerreiro<\/p>\n<p><strong>Lado B<\/strong><br \/>\n1 &#8211; Vestido De Prata<br \/>\n2 &#8211; Doce<br \/>\n3 &#8211; Blimblim<br \/>\n4 &#8211; Sapo Cururu<br \/>\n5 &#8211; Acorda<br \/>\n6 &#8211; Pra Nunca Mais<br \/>\n7 &#8211; Bambora!<\/p>\n","protected":false},"featured_media":65874,"template":"","meta":[],"product_brand":[],"product_cat":[108,97],"product_tag":[],"class_list":{"0":"post-65855","1":"product","2":"type-product","3":"status-publish","4":"has-post-thumbnail","6":"product_cat-lancamentos","7":"product_cat-lp","9":"first","10":"outofstock","11":"taxable","12":"shipping-taxable","13":"product-type-simple"},"yoast_head":"<!-- This site is optimized with the Yoast SEO plugin v27.4 - https:\/\/yoast.com\/product\/yoast-seo-wordpress\/ -->\n<title>Curumin - Arrocha - Vinyl Land Records<\/title>\n<meta name=\"robots\" content=\"index, follow, max-snippet:-1, max-image-preview:large, max-video-preview:-1\" \/>\n<link rel=\"canonical\" href=\"https:\/\/shopbrasil.vinyllandrecords.com\/produto\/curumin-arrocha\/\" \/>\n<meta property=\"og:locale\" content=\"en_US\" \/>\n<meta property=\"og:type\" content=\"article\" \/>\n<meta property=\"og:title\" content=\"Curumin - Arrocha - Vinyl Land Records\" \/>\n<meta property=\"og:description\" content=\"[:pb]As m\u00fasicas abaixo podem n\u00e3o refletir fielmente o conte\u00fado do vinil.   Importado, edi\u00e7\u00e3o limitada, capa dupla (Gatefold)  Lado A 1 - Afoxoque 2 - Selvage 3 - Treme Terra 4 - Passarinho 5 - Paris Vila Matilde 6 - Tupanzinho Guerreiro  Lado B 1 - Vestido De Prata 2 - Doce 3 - Blimblim 4 - Sapo Cururu 5 - Acorda 6 - Pra Nunca Mais 7 - Bambora![:en]Content at this player may not reflect vinyl&#039;s actual songs.   Importado, edi\u00e7\u00e3o limitada, capa dupla (Gatefold)  Lado A 1 - Afoxoque 2 - Selvage 3 - Treme Terra 4 - Passarinho 5 - Paris Vila Matilde 6 - Tupanzinho Guerreiro  Lado B 1 - Vestido De Prata 2 - Doce 3 - Blimblim 4 - Sapo Cururu 5 - Acorda 6 - Pra Nunca Mais 7 - Bambora![:]\" \/>\n<meta property=\"og:url\" content=\"https:\/\/shopbrasil.vinyllandrecords.com\/produto\/curumin-arrocha\/\" \/>\n<meta property=\"og:site_name\" content=\"Vinyl Land Records\" \/>\n<meta property=\"article:modified_time\" content=\"2018-08-14T14:16:17+00:00\" \/>\n<meta property=\"og:image\" content=\"https:\/\/shopbrasil.vinyllandrecords.com\/wp-content\/uploads\/2018\/04\/ARROCHA-CAPA-QUADRADA-1024x1024.jpg\" \/>\n\t<meta property=\"og:image:width\" content=\"1024\" \/>\n\t<meta property=\"og:image:height\" content=\"1024\" \/>\n\t<meta property=\"og:image:type\" content=\"image\/jpeg\" \/>\n<meta name=\"twitter:card\" content=\"summary_large_image\" \/>\n<script type=\"application\/ld+json\" class=\"yoast-schema-graph\">{\"@context\":\"https:\\\/\\\/schema.org\",\"@graph\":[{\"@type\":\"WebPage\",\"@id\":\"https:\\\/\\\/shopbrasil.vinyllandrecords.com\\\/produto\\\/curumin-arrocha\\\/\",\"url\":\"https:\\\/\\\/shopbrasil.vinyllandrecords.com\\\/produto\\\/curumin-arrocha\\\/\",\"name\":\"Curumin - Arrocha - Vinyl Land Records\",\"isPartOf\":{\"@id\":\"https:\\\/\\\/shopbrasil.vinyllandrecords.com\\\/#website\"},\"primaryImageOfPage\":{\"@id\":\"https:\\\/\\\/shopbrasil.vinyllandrecords.com\\\/produto\\\/curumin-arrocha\\\/#primaryimage\"},\"image\":{\"@id\":\"https:\\\/\\\/shopbrasil.vinyllandrecords.com\\\/produto\\\/curumin-arrocha\\\/#primaryimage\"},\"thumbnailUrl\":\"https:\\\/\\\/shopbrasil.vinyllandrecords.com\\\/wp-content\\\/uploads\\\/2018\\\/04\\\/ARROCHA-CAPA-QUADRADA.jpg\",\"datePublished\":\"2018-04-16T22:58:01+00:00\",\"dateModified\":\"2018-08-14T14:16:17+00:00\",\"breadcrumb\":{\"@id\":\"https:\\\/\\\/shopbrasil.vinyllandrecords.com\\\/produto\\\/curumin-arrocha\\\/#breadcrumb\"},\"inLanguage\":\"en-US\",\"potentialAction\":[{\"@type\":\"ReadAction\",\"target\":[\"https:\\\/\\\/shopbrasil.vinyllandrecords.com\\\/produto\\\/curumin-arrocha\\\/\"]}]},{\"@type\":\"ImageObject\",\"inLanguage\":\"en-US\",\"@id\":\"https:\\\/\\\/shopbrasil.vinyllandrecords.com\\\/produto\\\/curumin-arrocha\\\/#primaryimage\",\"url\":\"https:\\\/\\\/shopbrasil.vinyllandrecords.com\\\/wp-content\\\/uploads\\\/2018\\\/04\\\/ARROCHA-CAPA-QUADRADA.jpg\",\"contentUrl\":\"https:\\\/\\\/shopbrasil.vinyllandrecords.com\\\/wp-content\\\/uploads\\\/2018\\\/04\\\/ARROCHA-CAPA-QUADRADA.jpg\",\"width\":1417,\"height\":1417},{\"@type\":\"BreadcrumbList\",\"@id\":\"https:\\\/\\\/shopbrasil.vinyllandrecords.com\\\/produto\\\/curumin-arrocha\\\/#breadcrumb\",\"itemListElement\":[{\"@type\":\"ListItem\",\"position\":1,\"name\":\"In\u00edcio\",\"item\":\"https:\\\/\\\/shopbrasil.vinyllandrecords.com\\\/\"},{\"@type\":\"ListItem\",\"position\":2,\"name\":\"Shops\",\"item\":\"https:\\\/\\\/shopbrasil.vinyllandrecords.com\\\/shops\\\/\"},{\"@type\":\"ListItem\",\"position\":3,\"name\":\"Curumin &#8211; Arrocha\"}]},{\"@type\":\"WebSite\",\"@id\":\"https:\\\/\\\/shopbrasil.vinyllandrecords.com\\\/#website\",\"url\":\"https:\\\/\\\/shopbrasil.vinyllandrecords.com\\\/\",\"name\":\"Vinyl Land Records\",\"description\":\"ONLINE SHOP\",\"potentialAction\":[{\"@type\":\"SearchAction\",\"target\":{\"@type\":\"EntryPoint\",\"urlTemplate\":\"https:\\\/\\\/shopbrasil.vinyllandrecords.com\\\/?s={search_term_string}\"},\"query-input\":{\"@type\":\"PropertyValueSpecification\",\"valueRequired\":true,\"valueName\":\"search_term_string\"}}],\"inLanguage\":\"en-US\"}]}<\/script>\n<!-- \/ Yoast SEO plugin. -->","yoast_head_json":{"title":"Curumin - Arrocha - Vinyl Land Records","robots":{"index":"index","follow":"follow","max-snippet":"max-snippet:-1","max-image-preview":"max-image-preview:large","max-video-preview":"max-video-preview:-1"},"canonical":"https:\/\/shopbrasil.vinyllandrecords.com\/produto\/curumin-arrocha\/","og_locale":"en_US","og_type":"article","og_title":"Curumin - Arrocha - Vinyl Land Records","og_description":"[:pb]As m\u00fasicas abaixo podem n\u00e3o refletir fielmente o conte\u00fado do vinil.   Importado, edi\u00e7\u00e3o limitada, capa dupla (Gatefold)  Lado A 1 - Afoxoque 2 - Selvage 3 - Treme Terra 4 - Passarinho 5 - Paris Vila Matilde 6 - Tupanzinho Guerreiro  Lado B 1 - Vestido De Prata 2 - Doce 3 - Blimblim 4 - Sapo Cururu 5 - Acorda 6 - Pra Nunca Mais 7 - Bambora![:en]Content at this player may not reflect vinyl's actual songs.   Importado, edi\u00e7\u00e3o limitada, capa dupla (Gatefold)  Lado A 1 - Afoxoque 2 - Selvage 3 - Treme Terra 4 - Passarinho 5 - Paris Vila Matilde 6 - Tupanzinho Guerreiro  Lado B 1 - Vestido De Prata 2 - Doce 3 - Blimblim 4 - Sapo Cururu 5 - Acorda 6 - Pra Nunca Mais 7 - Bambora![:]","og_url":"https:\/\/shopbrasil.vinyllandrecords.com\/produto\/curumin-arrocha\/","og_site_name":"Vinyl Land Records","article_modified_time":"2018-08-14T14:16:17+00:00","og_image":[{"width":1024,"height":1024,"url":"https:\/\/shopbrasil.vinyllandrecords.com\/wp-content\/uploads\/2018\/04\/ARROCHA-CAPA-QUADRADA-1024x1024.jpg","type":"image\/jpeg"}],"twitter_card":"summary_large_image","schema":{"@context":"https:\/\/schema.org","@graph":[{"@type":"WebPage","@id":"https:\/\/shopbrasil.vinyllandrecords.com\/produto\/curumin-arrocha\/","url":"https:\/\/shopbrasil.vinyllandrecords.com\/produto\/curumin-arrocha\/","name":"Curumin - Arrocha - Vinyl Land Records","isPartOf":{"@id":"https:\/\/shopbrasil.vinyllandrecords.com\/#website"},"primaryImageOfPage":{"@id":"https:\/\/shopbrasil.vinyllandrecords.com\/produto\/curumin-arrocha\/#primaryimage"},"image":{"@id":"https:\/\/shopbrasil.vinyllandrecords.com\/produto\/curumin-arrocha\/#primaryimage"},"thumbnailUrl":"https:\/\/shopbrasil.vinyllandrecords.com\/wp-content\/uploads\/2018\/04\/ARROCHA-CAPA-QUADRADA.jpg","datePublished":"2018-04-16T22:58:01+00:00","dateModified":"2018-08-14T14:16:17+00:00","breadcrumb":{"@id":"https:\/\/shopbrasil.vinyllandrecords.com\/produto\/curumin-arrocha\/#breadcrumb"},"inLanguage":"en-US","potentialAction":[{"@type":"ReadAction","target":["https:\/\/shopbrasil.vinyllandrecords.com\/produto\/curumin-arrocha\/"]}]},{"@type":"ImageObject","inLanguage":"en-US","@id":"https:\/\/shopbrasil.vinyllandrecords.com\/produto\/curumin-arrocha\/#primaryimage","url":"https:\/\/shopbrasil.vinyllandrecords.com\/wp-content\/uploads\/2018\/04\/ARROCHA-CAPA-QUADRADA.jpg","contentUrl":"https:\/\/shopbrasil.vinyllandrecords.com\/wp-content\/uploads\/2018\/04\/ARROCHA-CAPA-QUADRADA.jpg","width":1417,"height":1417},{"@type":"BreadcrumbList","@id":"https:\/\/shopbrasil.vinyllandrecords.com\/produto\/curumin-arrocha\/#breadcrumb","itemListElement":[{"@type":"ListItem","position":1,"name":"In\u00edcio","item":"https:\/\/shopbrasil.vinyllandrecords.com\/"},{"@type":"ListItem","position":2,"name":"Shops","item":"https:\/\/shopbrasil.vinyllandrecords.com\/shops\/"},{"@type":"ListItem","position":3,"name":"Curumin &#8211; Arrocha"}]},{"@type":"WebSite","@id":"https:\/\/shopbrasil.vinyllandrecords.com\/#website","url":"https:\/\/shopbrasil.vinyllandrecords.com\/","name":"Vinyl Land Records","description":"ONLINE SHOP","potentialAction":[{"@type":"SearchAction","target":{"@type":"EntryPoint","urlTemplate":"https:\/\/shopbrasil.vinyllandrecords.com\/?s={search_term_string}"},"query-input":{"@type":"PropertyValueSpecification","valueRequired":true,"valueName":"search_term_string"}}],"inLanguage":"en-US"}]}},"_links":{"self":[{"href":"https:\/\/shopbrasil.vinyllandrecords.com\/en\/wp-json\/wp\/v2\/product\/65855","targetHints":{"allow":["GET"]}}],"collection":[{"href":"https:\/\/shopbrasil.vinyllandrecords.com\/en\/wp-json\/wp\/v2\/product"}],"about":[{"href":"https:\/\/shopbrasil.vinyllandrecords.com\/en\/wp-json\/wp\/v2\/types\/product"}],"wp:featuredmedia":[{"embeddable":true,"href":"https:\/\/shopbrasil.vinyllandrecords.com\/en\/wp-json\/wp\/v2\/media\/65874"}],"wp:attachment":[{"href":"https:\/\/shopbrasil.vinyllandrecords.com\/en\/wp-json\/wp\/v2\/media?parent=65855"}],"wp:term":[{"taxonomy":"product_brand","embeddable":true,"href":"https:\/\/shopbrasil.vinyllandrecords.com\/en\/wp-json\/wp\/v2\/product_brand?post=65855"},{"taxonomy":"product_cat","embeddable":true,"href":"https:\/\/shopbrasil.vinyllandrecords.com\/en\/wp-json\/wp\/v2\/product_cat?post=65855"},{"taxonomy":"product_tag","embeddable":true,"href":"https:\/\/shopbrasil.vinyllandrecords.com\/en\/wp-json\/wp\/v2\/product_tag?post=65855"}],"curies":[{"name":"wp","href":"https:\/\/api.w.org\/{rel}","templated":true}]}}