{"id":65975,"date":"2018-04-18T19:08:14","date_gmt":"2018-04-18T19:08:14","guid":{"rendered":"https:\/\/shopbrasil.vinyllandrecords.com\/?post_type=product&#038;p=65975"},"modified":"2023-10-26T13:29:20","modified_gmt":"2023-10-26T16:29:20","slug":"flavio-renegado-minha-tribo-e-o-mundo","status":"publish","type":"product","link":"https:\/\/shopbrasil.vinyllandrecords.com\/en\/produto\/flavio-renegado-minha-tribo-e-o-mundo\/","title":{"rendered":"Fl\u00e1vio Renegado &#8211; Minha Tribo \u00e9 o Mundo"},"content":{"rendered":"<p><br \/>\n<\/p>","protected":false},"excerpt":{"rendered":"<p>Content at this player may not reflect vinyl&#8217;s actual songs.<\/p>\n<p>Since his debut in 2008, Fl\u00e1vio Renegado seemed to foresee that his songs would travel the world. Entitled \u201cDo Oiapoque a Nova York\u201d (From Oiapoque to New York), his first album was released independently and took him around the globe, including Cuba, France, UK, Spain and Australia, and dozens of cities all over Brazil.<\/p>\n<p>Now Renegado is back with a second album \u201cMinha Tribo \u00e9 o Mundo\u201d (My tribe is the world), released on LP through a partnership between Vinyl Land Records and Casulo Cultura, with musical production from Pl\u00ednio Profeta and a more urban vibe, influenced by the multiplicity of contemporary sounds. Not limited by geographic boundaries his music comunicates with african beats, caribbean rythms, north american hip hop textures, eletronic music energy and the \u201cmalandragem\u201d from samba.<\/p>\n","protected":false},"featured_media":65976,"template":"","meta":[],"product_brand":[],"product_cat":[108,122,97],"product_tag":[],"class_list":{"0":"post-65975","1":"product","2":"type-product","3":"status-publish","4":"has-post-thumbnail","6":"product_cat-lancamentos","7":"product_cat-musica-mineira-em-vinil","8":"product_cat-lp","10":"first","11":"outofstock","12":"sale","13":"taxable","14":"shipping-taxable","15":"purchasable","16":"product-type-simple"},"yoast_head":"<!-- This site is optimized with the Yoast SEO plugin v27.4 - https:\/\/yoast.com\/product\/yoast-seo-wordpress\/ -->\n<title>Fl\u00e1vio Renegado - Minha Tribo \u00e9 o Mundo - Vinyl Land Records<\/title>\n<meta name=\"robots\" content=\"index, follow, max-snippet:-1, max-image-preview:large, max-video-preview:-1\" \/>\n<link rel=\"canonical\" href=\"https:\/\/shopbrasil.vinyllandrecords.com\/produto\/flavio-renegado-minha-tribo-e-o-mundo\/\" \/>\n<meta property=\"og:locale\" content=\"en_US\" \/>\n<meta property=\"og:type\" content=\"article\" \/>\n<meta property=\"og:title\" content=\"Fl\u00e1vio Renegado - Minha Tribo \u00e9 o Mundo - Vinyl Land Records\" \/>\n<meta property=\"og:description\" content=\"[:pb]As m\u00fasicas abaixo podem n\u00e3o refletir fielmente o conte\u00fado do vinil.  Provavelmente desde a alvorada do rap nacional em meados dos anos 90, que o hip-hop brasileiro n\u00e3o vivenciava um cen\u00e1rio t\u00e3o vasto e produtivo quanto o atual. Entre registros que desafiam os limites do g\u00eanero \u2013 como N\u00f3 na Orelha, do Criolo -, trabalhos que se voltam para o grande p\u00fablico \u2013Doozicabraba e a Revolu\u00e7\u00e3o Silenciosa EP \u2013 e ainda \u00e1lbuns que honram com vivacidade as origens do estilo \u2013 como N\u00e3o H\u00e1 Lugar Melhor No Mundo Que Nosso Lugar do Projota -, o que n\u00e3o faltam s\u00e3o registros que atentam todas as exig\u00eancias do p\u00fablico. Uma produ\u00e7\u00e3o musical t\u00e3o vasta e competente que em nada deixa a desejar quando comparada ao que \u00e9 produzido l\u00e1 fora.  Fruto \u00f3bvio dessa mesma revolu\u00e7\u00e3o nada silenciosa que vem ocupando todo o cen\u00e1rio nacional, o mineiro de Belo Horizonte Fl\u00e1vio Renegado proporciona com sua recente obra um registro que se apoia em novas refer\u00eancias musicais, produzindo um trabalho visivelmente comercial, mas distante de uma tonalidade quebradi\u00e7a e insustent\u00e1vel. Dan\u00e7ante, convidativo, por\u00e9m nunca banal, Minha Tribo \u00e9 o Mundo (2011, Independente) apresenta o trabalho de um artista maduro, capaz de honrar com as exig\u00eancias de um p\u00fablico essencialmente seleto e espec\u00edfico, como quem busca pelo disparo de versos integralmente radiof\u00f4nicos.  Vindo do bem sucedido Do Oiapoque a Nova York, \u00e1lbum de 2008 que garantiu ao mineiro a l\u00e1urea de artista revela\u00e7\u00e3o no\u00a0Pr\u00eamio Hutuz daquele mesmo ano, o artista apresenta agora a mesma mistura os mesmos cruzamentos l\u00edricos e sonoros de outrora, entretanto, explorando com afinco e vivacidade todas as formas e sons enaltecidos em seu trabalho. Entre transi\u00e7\u00f5es constantes pelas vias do samba, um claro apego ao reggae e at\u00e9 pequenos flertes com um rap mais sint\u00e9tico e quase dan\u00e7ante, Renegado abandona por completo a crueza estrutural de outrora para cair de vez em um som muito mais l\u00edmpido, bem produzido e proveitosamente maduro.  Qual \u00e9 a sua tribo? Esta parece ser a pergunta do rapper durante todo o desenvolvimento do trabalho, que para al\u00e9m de ressaltar as problem\u00e1ticas que cercam a vida e a obra de Renegado (e seus conterr\u00e2neos pr\u00f3ximos), serve para refor\u00e7ar a boa fase do artista, bem como seus louros e suas gl\u00f3rias. Utilizando do cruzamento entre diferentes prefer\u00eancias musicas como um diferencial para o registro \u2013 o reggae predomina por toda a recente obra -, o rapper despeja uma sele\u00e7\u00e3o de 11 faixas, composi\u00e7\u00f5es capazes de amarrar uma sucess\u00e3o de versos bem posicionados que findam por reproduzir faixas como a conselheira Homens Maus ou a rom\u00e2ntica Qual o Nome Dela?  Repassando o constante aspecto de coletivo \u2013 em grande parte das faixas o rapper surge acompanhado nos vocais \u2013 e se anunciando como uma roda de samba versado em alguns momentos, o \u00e1lbum abre caminho para que Renegado transite pelas diferentes tribos que acaba relatando pelo trabalho, proporcionando um registro convidativo e inegavelmente f\u00e1cil. Dos beats acalentados da hom\u00f4nima m\u00fasica de abertura, passando pelos sintetizadores de Zica ou a grandiosidade da faixaSuave (com cara de rap gringo), todo o \u00e1lbum reverbera uma polidez marcada, com o rapper proporcionando um trabalho digno de se relacionar com diferentes p\u00fablicos, ou tribos.  Cleber Fachi - Miojo Indie[:en]Content at this player may not reflect vinyl&#039;s actual songs.   Since his debut in 2008, Fl\u00e1vio Renegado seemed to foresee that his songs would travel the world. Entitled \u201cDo Oiapoque a Nova York\u201d (From Oiapoque to New York), his first album was released independently and took him around the globe, including Cuba, France, UK, Spain and Australia, and dozens of cities all over Brazil.  Now Renegado is back with a second album \u201cMinha Tribo \u00e9 o Mundo\u201d (My tribe is the world), released on LP through a partnership between Vinyl Land Records and Casulo Cultura, with musical production from Pl\u00ednio Profeta and a more urban vibe, influenced by the multiplicity of contemporary sounds. Not limited by geographic boundaries his music comunicates with african beats, caribbean rythms, north american hip hop textures, eletronic music energy and the \u201cmalandragem\u201d from samba.[:]\" \/>\n<meta property=\"og:url\" content=\"https:\/\/shopbrasil.vinyllandrecords.com\/produto\/flavio-renegado-minha-tribo-e-o-mundo\/\" \/>\n<meta property=\"og:site_name\" content=\"Vinyl Land Records\" \/>\n<meta property=\"article:modified_time\" content=\"2023-10-26T16:29:20+00:00\" \/>\n<meta property=\"og:image\" content=\"https:\/\/shopbrasil.vinyllandrecords.com\/wp-content\/uploads\/2018\/04\/Minha-Tribo-Capa.jpg\" \/>\n\t<meta property=\"og:image:width\" content=\"500\" \/>\n\t<meta property=\"og:image:height\" content=\"500\" \/>\n\t<meta property=\"og:image:type\" content=\"image\/jpeg\" \/>\n<meta name=\"twitter:card\" content=\"summary_large_image\" \/>\n<script type=\"application\/ld+json\" class=\"yoast-schema-graph\">{\"@context\":\"https:\\\/\\\/schema.org\",\"@graph\":[{\"@type\":\"WebPage\",\"@id\":\"https:\\\/\\\/shopbrasil.vinyllandrecords.com\\\/produto\\\/flavio-renegado-minha-tribo-e-o-mundo\\\/\",\"url\":\"https:\\\/\\\/shopbrasil.vinyllandrecords.com\\\/produto\\\/flavio-renegado-minha-tribo-e-o-mundo\\\/\",\"name\":\"Fl\u00e1vio Renegado - Minha Tribo \u00e9 o Mundo - Vinyl Land Records\",\"isPartOf\":{\"@id\":\"https:\\\/\\\/shopbrasil.vinyllandrecords.com\\\/#website\"},\"primaryImageOfPage\":{\"@id\":\"https:\\\/\\\/shopbrasil.vinyllandrecords.com\\\/produto\\\/flavio-renegado-minha-tribo-e-o-mundo\\\/#primaryimage\"},\"image\":{\"@id\":\"https:\\\/\\\/shopbrasil.vinyllandrecords.com\\\/produto\\\/flavio-renegado-minha-tribo-e-o-mundo\\\/#primaryimage\"},\"thumbnailUrl\":\"https:\\\/\\\/shopbrasil.vinyllandrecords.com\\\/wp-content\\\/uploads\\\/2018\\\/04\\\/Minha-Tribo-Capa.jpg\",\"datePublished\":\"2018-04-18T19:08:14+00:00\",\"dateModified\":\"2023-10-26T16:29:20+00:00\",\"breadcrumb\":{\"@id\":\"https:\\\/\\\/shopbrasil.vinyllandrecords.com\\\/produto\\\/flavio-renegado-minha-tribo-e-o-mundo\\\/#breadcrumb\"},\"inLanguage\":\"en-US\",\"potentialAction\":[{\"@type\":\"ReadAction\",\"target\":[\"https:\\\/\\\/shopbrasil.vinyllandrecords.com\\\/produto\\\/flavio-renegado-minha-tribo-e-o-mundo\\\/\"]}]},{\"@type\":\"ImageObject\",\"inLanguage\":\"en-US\",\"@id\":\"https:\\\/\\\/shopbrasil.vinyllandrecords.com\\\/produto\\\/flavio-renegado-minha-tribo-e-o-mundo\\\/#primaryimage\",\"url\":\"https:\\\/\\\/shopbrasil.vinyllandrecords.com\\\/wp-content\\\/uploads\\\/2018\\\/04\\\/Minha-Tribo-Capa.jpg\",\"contentUrl\":\"https:\\\/\\\/shopbrasil.vinyllandrecords.com\\\/wp-content\\\/uploads\\\/2018\\\/04\\\/Minha-Tribo-Capa.jpg\",\"width\":500,\"height\":500},{\"@type\":\"BreadcrumbList\",\"@id\":\"https:\\\/\\\/shopbrasil.vinyllandrecords.com\\\/produto\\\/flavio-renegado-minha-tribo-e-o-mundo\\\/#breadcrumb\",\"itemListElement\":[{\"@type\":\"ListItem\",\"position\":1,\"name\":\"In\u00edcio\",\"item\":\"https:\\\/\\\/shopbrasil.vinyllandrecords.com\\\/\"},{\"@type\":\"ListItem\",\"position\":2,\"name\":\"Shops\",\"item\":\"https:\\\/\\\/shopbrasil.vinyllandrecords.com\\\/shops\\\/\"},{\"@type\":\"ListItem\",\"position\":3,\"name\":\"Fl\u00e1vio Renegado &#8211; Minha Tribo \u00e9 o Mundo\"}]},{\"@type\":\"WebSite\",\"@id\":\"https:\\\/\\\/shopbrasil.vinyllandrecords.com\\\/#website\",\"url\":\"https:\\\/\\\/shopbrasil.vinyllandrecords.com\\\/\",\"name\":\"Vinyl Land Records\",\"description\":\"ONLINE SHOP\",\"potentialAction\":[{\"@type\":\"SearchAction\",\"target\":{\"@type\":\"EntryPoint\",\"urlTemplate\":\"https:\\\/\\\/shopbrasil.vinyllandrecords.com\\\/?s={search_term_string}\"},\"query-input\":{\"@type\":\"PropertyValueSpecification\",\"valueRequired\":true,\"valueName\":\"search_term_string\"}}],\"inLanguage\":\"en-US\"}]}<\/script>\n<!-- \/ Yoast SEO plugin. -->","yoast_head_json":{"title":"Fl\u00e1vio Renegado - Minha Tribo \u00e9 o Mundo - Vinyl Land Records","robots":{"index":"index","follow":"follow","max-snippet":"max-snippet:-1","max-image-preview":"max-image-preview:large","max-video-preview":"max-video-preview:-1"},"canonical":"https:\/\/shopbrasil.vinyllandrecords.com\/produto\/flavio-renegado-minha-tribo-e-o-mundo\/","og_locale":"en_US","og_type":"article","og_title":"Fl\u00e1vio Renegado - Minha Tribo \u00e9 o Mundo - Vinyl Land Records","og_description":"[:pb]As m\u00fasicas abaixo podem n\u00e3o refletir fielmente o conte\u00fado do vinil.  Provavelmente desde a alvorada do rap nacional em meados dos anos 90, que o hip-hop brasileiro n\u00e3o vivenciava um cen\u00e1rio t\u00e3o vasto e produtivo quanto o atual. Entre registros que desafiam os limites do g\u00eanero \u2013 como N\u00f3 na Orelha, do Criolo -, trabalhos que se voltam para o grande p\u00fablico \u2013Doozicabraba e a Revolu\u00e7\u00e3o Silenciosa EP \u2013 e ainda \u00e1lbuns que honram com vivacidade as origens do estilo \u2013 como N\u00e3o H\u00e1 Lugar Melhor No Mundo Que Nosso Lugar do Projota -, o que n\u00e3o faltam s\u00e3o registros que atentam todas as exig\u00eancias do p\u00fablico. Uma produ\u00e7\u00e3o musical t\u00e3o vasta e competente que em nada deixa a desejar quando comparada ao que \u00e9 produzido l\u00e1 fora.  Fruto \u00f3bvio dessa mesma revolu\u00e7\u00e3o nada silenciosa que vem ocupando todo o cen\u00e1rio nacional, o mineiro de Belo Horizonte Fl\u00e1vio Renegado proporciona com sua recente obra um registro que se apoia em novas refer\u00eancias musicais, produzindo um trabalho visivelmente comercial, mas distante de uma tonalidade quebradi\u00e7a e insustent\u00e1vel. Dan\u00e7ante, convidativo, por\u00e9m nunca banal, Minha Tribo \u00e9 o Mundo (2011, Independente) apresenta o trabalho de um artista maduro, capaz de honrar com as exig\u00eancias de um p\u00fablico essencialmente seleto e espec\u00edfico, como quem busca pelo disparo de versos integralmente radiof\u00f4nicos.  Vindo do bem sucedido Do Oiapoque a Nova York, \u00e1lbum de 2008 que garantiu ao mineiro a l\u00e1urea de artista revela\u00e7\u00e3o no\u00a0Pr\u00eamio Hutuz daquele mesmo ano, o artista apresenta agora a mesma mistura os mesmos cruzamentos l\u00edricos e sonoros de outrora, entretanto, explorando com afinco e vivacidade todas as formas e sons enaltecidos em seu trabalho. Entre transi\u00e7\u00f5es constantes pelas vias do samba, um claro apego ao reggae e at\u00e9 pequenos flertes com um rap mais sint\u00e9tico e quase dan\u00e7ante, Renegado abandona por completo a crueza estrutural de outrora para cair de vez em um som muito mais l\u00edmpido, bem produzido e proveitosamente maduro.  Qual \u00e9 a sua tribo? Esta parece ser a pergunta do rapper durante todo o desenvolvimento do trabalho, que para al\u00e9m de ressaltar as problem\u00e1ticas que cercam a vida e a obra de Renegado (e seus conterr\u00e2neos pr\u00f3ximos), serve para refor\u00e7ar a boa fase do artista, bem como seus louros e suas gl\u00f3rias. Utilizando do cruzamento entre diferentes prefer\u00eancias musicas como um diferencial para o registro \u2013 o reggae predomina por toda a recente obra -, o rapper despeja uma sele\u00e7\u00e3o de 11 faixas, composi\u00e7\u00f5es capazes de amarrar uma sucess\u00e3o de versos bem posicionados que findam por reproduzir faixas como a conselheira Homens Maus ou a rom\u00e2ntica Qual o Nome Dela?  Repassando o constante aspecto de coletivo \u2013 em grande parte das faixas o rapper surge acompanhado nos vocais \u2013 e se anunciando como uma roda de samba versado em alguns momentos, o \u00e1lbum abre caminho para que Renegado transite pelas diferentes tribos que acaba relatando pelo trabalho, proporcionando um registro convidativo e inegavelmente f\u00e1cil. Dos beats acalentados da hom\u00f4nima m\u00fasica de abertura, passando pelos sintetizadores de Zica ou a grandiosidade da faixaSuave (com cara de rap gringo), todo o \u00e1lbum reverbera uma polidez marcada, com o rapper proporcionando um trabalho digno de se relacionar com diferentes p\u00fablicos, ou tribos.  Cleber Fachi - Miojo Indie[:en]Content at this player may not reflect vinyl's actual songs.   Since his debut in 2008, Fl\u00e1vio Renegado seemed to foresee that his songs would travel the world. Entitled \u201cDo Oiapoque a Nova York\u201d (From Oiapoque to New York), his first album was released independently and took him around the globe, including Cuba, France, UK, Spain and Australia, and dozens of cities all over Brazil.  Now Renegado is back with a second album \u201cMinha Tribo \u00e9 o Mundo\u201d (My tribe is the world), released on LP through a partnership between Vinyl Land Records and Casulo Cultura, with musical production from Pl\u00ednio Profeta and a more urban vibe, influenced by the multiplicity of contemporary sounds. Not limited by geographic boundaries his music comunicates with african beats, caribbean rythms, north american hip hop textures, eletronic music energy and the \u201cmalandragem\u201d from samba.[:]","og_url":"https:\/\/shopbrasil.vinyllandrecords.com\/produto\/flavio-renegado-minha-tribo-e-o-mundo\/","og_site_name":"Vinyl Land Records","article_modified_time":"2023-10-26T16:29:20+00:00","og_image":[{"width":500,"height":500,"url":"https:\/\/shopbrasil.vinyllandrecords.com\/wp-content\/uploads\/2018\/04\/Minha-Tribo-Capa.jpg","type":"image\/jpeg"}],"twitter_card":"summary_large_image","schema":{"@context":"https:\/\/schema.org","@graph":[{"@type":"WebPage","@id":"https:\/\/shopbrasil.vinyllandrecords.com\/produto\/flavio-renegado-minha-tribo-e-o-mundo\/","url":"https:\/\/shopbrasil.vinyllandrecords.com\/produto\/flavio-renegado-minha-tribo-e-o-mundo\/","name":"Fl\u00e1vio Renegado - Minha Tribo \u00e9 o Mundo - Vinyl Land Records","isPartOf":{"@id":"https:\/\/shopbrasil.vinyllandrecords.com\/#website"},"primaryImageOfPage":{"@id":"https:\/\/shopbrasil.vinyllandrecords.com\/produto\/flavio-renegado-minha-tribo-e-o-mundo\/#primaryimage"},"image":{"@id":"https:\/\/shopbrasil.vinyllandrecords.com\/produto\/flavio-renegado-minha-tribo-e-o-mundo\/#primaryimage"},"thumbnailUrl":"https:\/\/shopbrasil.vinyllandrecords.com\/wp-content\/uploads\/2018\/04\/Minha-Tribo-Capa.jpg","datePublished":"2018-04-18T19:08:14+00:00","dateModified":"2023-10-26T16:29:20+00:00","breadcrumb":{"@id":"https:\/\/shopbrasil.vinyllandrecords.com\/produto\/flavio-renegado-minha-tribo-e-o-mundo\/#breadcrumb"},"inLanguage":"en-US","potentialAction":[{"@type":"ReadAction","target":["https:\/\/shopbrasil.vinyllandrecords.com\/produto\/flavio-renegado-minha-tribo-e-o-mundo\/"]}]},{"@type":"ImageObject","inLanguage":"en-US","@id":"https:\/\/shopbrasil.vinyllandrecords.com\/produto\/flavio-renegado-minha-tribo-e-o-mundo\/#primaryimage","url":"https:\/\/shopbrasil.vinyllandrecords.com\/wp-content\/uploads\/2018\/04\/Minha-Tribo-Capa.jpg","contentUrl":"https:\/\/shopbrasil.vinyllandrecords.com\/wp-content\/uploads\/2018\/04\/Minha-Tribo-Capa.jpg","width":500,"height":500},{"@type":"BreadcrumbList","@id":"https:\/\/shopbrasil.vinyllandrecords.com\/produto\/flavio-renegado-minha-tribo-e-o-mundo\/#breadcrumb","itemListElement":[{"@type":"ListItem","position":1,"name":"In\u00edcio","item":"https:\/\/shopbrasil.vinyllandrecords.com\/"},{"@type":"ListItem","position":2,"name":"Shops","item":"https:\/\/shopbrasil.vinyllandrecords.com\/shops\/"},{"@type":"ListItem","position":3,"name":"Fl\u00e1vio Renegado &#8211; Minha Tribo \u00e9 o Mundo"}]},{"@type":"WebSite","@id":"https:\/\/shopbrasil.vinyllandrecords.com\/#website","url":"https:\/\/shopbrasil.vinyllandrecords.com\/","name":"Vinyl Land Records","description":"ONLINE SHOP","potentialAction":[{"@type":"SearchAction","target":{"@type":"EntryPoint","urlTemplate":"https:\/\/shopbrasil.vinyllandrecords.com\/?s={search_term_string}"},"query-input":{"@type":"PropertyValueSpecification","valueRequired":true,"valueName":"search_term_string"}}],"inLanguage":"en-US"}]}},"_links":{"self":[{"href":"https:\/\/shopbrasil.vinyllandrecords.com\/en\/wp-json\/wp\/v2\/product\/65975","targetHints":{"allow":["GET"]}}],"collection":[{"href":"https:\/\/shopbrasil.vinyllandrecords.com\/en\/wp-json\/wp\/v2\/product"}],"about":[{"href":"https:\/\/shopbrasil.vinyllandrecords.com\/en\/wp-json\/wp\/v2\/types\/product"}],"wp:featuredmedia":[{"embeddable":true,"href":"https:\/\/shopbrasil.vinyllandrecords.com\/en\/wp-json\/wp\/v2\/media\/65976"}],"wp:attachment":[{"href":"https:\/\/shopbrasil.vinyllandrecords.com\/en\/wp-json\/wp\/v2\/media?parent=65975"}],"wp:term":[{"taxonomy":"product_brand","embeddable":true,"href":"https:\/\/shopbrasil.vinyllandrecords.com\/en\/wp-json\/wp\/v2\/product_brand?post=65975"},{"taxonomy":"product_cat","embeddable":true,"href":"https:\/\/shopbrasil.vinyllandrecords.com\/en\/wp-json\/wp\/v2\/product_cat?post=65975"},{"taxonomy":"product_tag","embeddable":true,"href":"https:\/\/shopbrasil.vinyllandrecords.com\/en\/wp-json\/wp\/v2\/product_tag?post=65975"}],"curies":[{"name":"wp","href":"https:\/\/api.w.org\/{rel}","templated":true}]}}