{"id":66166,"date":"2018-04-25T19:34:49","date_gmt":"2018-04-25T19:34:49","guid":{"rendered":"https:\/\/shopbrasil.vinyllandrecords.com\/?post_type=product&#038;p=66166"},"modified":"2018-09-04T05:00:15","modified_gmt":"2018-09-04T05:00:15","slug":"bnegao-seletores-de-frequencia-sintoniza-la","status":"publish","type":"product","link":"https:\/\/shopbrasil.vinyllandrecords.com\/en\/produto\/bnegao-seletores-de-frequencia-sintoniza-la\/","title":{"rendered":"Bneg\u00e3o &amp; Seletores de Frequ\u00eancia &#8211; Sintoniza L\u00e1"},"content":{"rendered":"","protected":false},"excerpt":{"rendered":"<p>Content at this player may not reflect vinyl&#8217;s actual songs.<\/p>\n<p><strong>Gatefold Sleeve<\/strong><\/p>\n<p>Sounds and Colours by Charlie Higgins 18 December, 2012<\/p>\n<p>I\u2019m not sure what the Portuguese translation for \u201cbadass\u201d would be, but it\u2019s a fitting description for the explosive sounds on Sintoniza L\u00e1, the long awaited sophomore album from BNeg\u00e3o &amp; Seletores de Frequ\u00eancia. Carioca MC Bernardo Santos, a.k.a. BNeg\u00e3o, waited nearly a decade to rejoin forces with the band responsible for 2003\u2019s breakout record Enxugando Gelo, among the first albums available via free download in Brazil. Whether Santos really spent those last nine years hard at work in the studio or drinking caipirinhas on the beach is beside the point; Sintoniza L\u00e1 is a groove-filled powerhouse that effectively blends dub, hip-hop, R&amp;B, punk and afrobeat.<\/p>\n<p>Santos was already established in Rio\u2019s hip-hop scene when Enxugando Gelo first made waves. Influenced by Chico Science &amp; Na\u00e7\u00e3o Zumbi \u2013 to whom he paid tribute to at the closing ceremony of the Summer Olympics in London \u2014 Santos was a key member of the socially conscious rap-rock outfit Planet Hemp. The Seletores de Frequ\u00eancia\u2019s infectious sound stems from both this group and his previous solo project, The Funk Fuckers.<\/p>\n<p>In many ways Sintoniza L\u00e1 is a more accessible album than it\u2019s predecesor, which featured fewer singable choruses and more experimentation. Sintoniza L\u00e1 is a party album at heart, and it\u2019s filled with hooks, deep grooves and slick horn arrangements. The addictive opener \u201cAltera\u00e7\u00e3o (\u00c9a!)\u201d is an ass-shaking homage to Fela Kuti that perfectly sets the tone of the album. Next comes \u201cO Mundo,\u201d with its surf-rock intro, catchy refrain and solid vocal delivery by Santos. \u201cRea\u00e7\u00e3o (Panela II)\u201d is a burning dub-reggae track fortified by colourful afrobeat horns.<\/p>\n<p>Unlike a lot of MCs, Santos gives his band ample room to rock out, as on the Rage Against The Machine-esque punk rock instrumental \u201cSubconsciente\u201d and the psychodelic funk of \u201cNa Tanquila.\u201d This is a departure from Exugando Gelo, which is more lyrically driven and more closely tied to the backing band concept. Fortunately, the Seletores are unflinchingly solid as a unit; drummer Robson and bassist F\u00e1bio Kalunga drive the train, with the tasty rhythm guitar of Fabiano Moreno and Pedro Selector\u2019s killing trumpet fleshing out the sound.<\/p>\n<p>For BNeg\u00e3o\u2019s fans, the nine-year wait was well worth it. Sintoniza L\u00e1 was chosen as album of the year at this year\u2019s MTV Brazil Music Awards and has been a runaway hit with critics and fans alike. Hopefully the band will seize the opportunity so we don\u2019t have to wait as long this time around.<\/p>\n","protected":false},"featured_media":66320,"template":"","meta":[],"product_brand":[],"product_cat":[108,111,125,97],"product_tag":[],"class_list":{"0":"post-66166","1":"product","2":"type-product","3":"status-publish","4":"has-post-thumbnail","6":"product_cat-lancamentos","7":"product_cat-destaque","8":"product_cat-gatefold-sleeve","9":"product_cat-lp","11":"first","12":"outofstock","13":"purchasable","14":"product-type-simple"},"yoast_head":"<!-- This site is optimized with the Yoast SEO plugin v27.4 - https:\/\/yoast.com\/product\/yoast-seo-wordpress\/ -->\n<title>Bneg\u00e3o &amp; Seletores de Frequ\u00eancia - Sintoniza L\u00e1 - Vinyl Land Records<\/title>\n<meta name=\"robots\" content=\"index, follow, max-snippet:-1, max-image-preview:large, max-video-preview:-1\" \/>\n<link rel=\"canonical\" href=\"https:\/\/shopbrasil.vinyllandrecords.com\/produto\/bnegao-seletores-de-frequencia-sintoniza-la\/\" \/>\n<meta property=\"og:locale\" content=\"en_US\" \/>\n<meta property=\"og:type\" content=\"article\" \/>\n<meta property=\"og:title\" content=\"Bneg\u00e3o &amp; Seletores de Frequ\u00eancia - Sintoniza L\u00e1 - Vinyl Land Records\" \/>\n<meta property=\"og:description\" content=\"[:pb]As m\u00fasicas abaixo podem n\u00e3o refletir fielmente o conte\u00fado do vinil.  Capa Gatefold (inclui adesivos para corre\u00e7\u00e3o na ordem das faixas)  A mistura explosiva de Hip-Hop, Ragga, Dub, Jazz, Samba, Soul, Funk Carioca e Rock promovida pelo rapper BNeg\u00e3o e sua banda, os Seletores de Frequ\u00eancia, vem causando bastante impacto no Brasil e no exterior, atraindo um n\u00famero cada vez maior de ouvintes pelo planeta. Agora, o grupo liderado pelo ex-rapper do Planet Hemp vem mostrar sua sonoridade \u00fanica no \u00e1lbum \u201cSintoniza L\u00e1\u201d. Com 11 faixas in\u00e9ditas e participa\u00e7\u00e3o especial da cantora C\u00e9u em \u201cAltera\u00e7\u00e3o (\u00c9a!)\u201d, o disco n\u00e3o vai deixar ningu\u00e9m parado na pista. \u00c9 s\u00f3 sintonizar![:en]Content at this player may not reflect vinyl&#039;s actual songs.  Gatefold Sleeve  Sounds and Colours by Charlie Higgins 18 December, 2012  I\u2019m not sure what the Portuguese translation for \u201cbadass\u201d would be, but it\u2019s a fitting description for the explosive sounds on Sintoniza L\u00e1, the long awaited sophomore album from BNeg\u00e3o &amp; Seletores de Frequ\u00eancia. Carioca MC Bernardo Santos, a.k.a. BNeg\u00e3o, waited nearly a decade to rejoin forces with the band responsible for 2003\u2019s breakout record Enxugando Gelo, among the first albums available via free download in Brazil. Whether Santos really spent those last nine years hard at work in the studio or drinking caipirinhas on the beach is beside the point; Sintoniza L\u00e1 is a groove-filled powerhouse that effectively blends dub, hip-hop, R&amp;B, punk and afrobeat.  Santos was already established in Rio\u2019s hip-hop scene when Enxugando Gelo first made waves. Influenced by Chico Science &amp; Na\u00e7\u00e3o Zumbi \u2013 to whom he paid tribute to at the closing ceremony of the Summer Olympics in London \u2014 Santos was a key member of the socially conscious rap-rock outfit Planet Hemp. The Seletores de Frequ\u00eancia\u2019s infectious sound stems from both this group and his previous solo project, The Funk Fuckers.  In many ways Sintoniza L\u00e1 is a more accessible album than it\u2019s predecesor, which featured fewer singable choruses and more experimentation. Sintoniza L\u00e1 is a party album at heart, and it\u2019s filled with hooks, deep grooves and slick horn arrangements. The addictive opener \u201cAltera\u00e7\u00e3o (\u00c9a!)\u201d is an ass-shaking homage to Fela Kuti that perfectly sets the tone of the album. Next comes \u201cO Mundo,\u201d with its surf-rock intro, catchy refrain and solid vocal delivery by Santos. \u201cRea\u00e7\u00e3o (Panela II)\u201d is a burning dub-reggae track fortified by colourful afrobeat horns.  Unlike a lot of MCs, Santos gives his band ample room to rock out, as on the Rage Against The Machine-esque punk rock instrumental \u201cSubconsciente\u201d and the psychodelic funk of \u201cNa Tanquila.\u201d This is a departure from Exugando Gelo, which is more lyrically driven and more closely tied to the backing band concept. Fortunately, the Seletores are unflinchingly solid as a unit; drummer Robson and bassist F\u00e1bio Kalunga drive the train, with the tasty rhythm guitar of Fabiano Moreno and Pedro Selector\u2019s killing trumpet fleshing out the sound.  For BNeg\u00e3o\u2019s fans, the nine-year wait was well worth it. Sintoniza L\u00e1 was chosen as album of the year at this year\u2019s MTV Brazil Music Awards and has been a runaway hit with critics and fans alike. Hopefully the band will seize the opportunity so we don\u2019t have to wait as long this time around.[:]\" \/>\n<meta property=\"og:url\" content=\"https:\/\/shopbrasil.vinyllandrecords.com\/produto\/bnegao-seletores-de-frequencia-sintoniza-la\/\" \/>\n<meta property=\"og:site_name\" content=\"Vinyl Land Records\" \/>\n<meta property=\"article:modified_time\" content=\"2018-09-04T05:00:15+00:00\" \/>\n<meta property=\"og:image\" content=\"https:\/\/shopbrasil.vinyllandrecords.com\/wp-content\/uploads\/2018\/04\/capa_vinil_bnegao.jpg\" \/>\n\t<meta property=\"og:image:width\" content=\"800\" \/>\n\t<meta property=\"og:image:height\" content=\"800\" \/>\n\t<meta property=\"og:image:type\" content=\"image\/jpeg\" \/>\n<meta name=\"twitter:card\" content=\"summary_large_image\" \/>\n<script type=\"application\/ld+json\" class=\"yoast-schema-graph\">{\"@context\":\"https:\\\/\\\/schema.org\",\"@graph\":[{\"@type\":\"WebPage\",\"@id\":\"https:\\\/\\\/shopbrasil.vinyllandrecords.com\\\/produto\\\/bnegao-seletores-de-frequencia-sintoniza-la\\\/\",\"url\":\"https:\\\/\\\/shopbrasil.vinyllandrecords.com\\\/produto\\\/bnegao-seletores-de-frequencia-sintoniza-la\\\/\",\"name\":\"Bneg\u00e3o &amp; Seletores de Frequ\u00eancia - Sintoniza L\u00e1 - Vinyl Land Records\",\"isPartOf\":{\"@id\":\"https:\\\/\\\/shopbrasil.vinyllandrecords.com\\\/#website\"},\"primaryImageOfPage\":{\"@id\":\"https:\\\/\\\/shopbrasil.vinyllandrecords.com\\\/produto\\\/bnegao-seletores-de-frequencia-sintoniza-la\\\/#primaryimage\"},\"image\":{\"@id\":\"https:\\\/\\\/shopbrasil.vinyllandrecords.com\\\/produto\\\/bnegao-seletores-de-frequencia-sintoniza-la\\\/#primaryimage\"},\"thumbnailUrl\":\"https:\\\/\\\/shopbrasil.vinyllandrecords.com\\\/wp-content\\\/uploads\\\/2018\\\/04\\\/capa_vinil_bnegao.jpg\",\"datePublished\":\"2018-04-25T19:34:49+00:00\",\"dateModified\":\"2018-09-04T05:00:15+00:00\",\"breadcrumb\":{\"@id\":\"https:\\\/\\\/shopbrasil.vinyllandrecords.com\\\/produto\\\/bnegao-seletores-de-frequencia-sintoniza-la\\\/#breadcrumb\"},\"inLanguage\":\"en-US\",\"potentialAction\":[{\"@type\":\"ReadAction\",\"target\":[\"https:\\\/\\\/shopbrasil.vinyllandrecords.com\\\/produto\\\/bnegao-seletores-de-frequencia-sintoniza-la\\\/\"]}]},{\"@type\":\"ImageObject\",\"inLanguage\":\"en-US\",\"@id\":\"https:\\\/\\\/shopbrasil.vinyllandrecords.com\\\/produto\\\/bnegao-seletores-de-frequencia-sintoniza-la\\\/#primaryimage\",\"url\":\"https:\\\/\\\/shopbrasil.vinyllandrecords.com\\\/wp-content\\\/uploads\\\/2018\\\/04\\\/capa_vinil_bnegao.jpg\",\"contentUrl\":\"https:\\\/\\\/shopbrasil.vinyllandrecords.com\\\/wp-content\\\/uploads\\\/2018\\\/04\\\/capa_vinil_bnegao.jpg\",\"width\":800,\"height\":800},{\"@type\":\"BreadcrumbList\",\"@id\":\"https:\\\/\\\/shopbrasil.vinyllandrecords.com\\\/produto\\\/bnegao-seletores-de-frequencia-sintoniza-la\\\/#breadcrumb\",\"itemListElement\":[{\"@type\":\"ListItem\",\"position\":1,\"name\":\"In\u00edcio\",\"item\":\"https:\\\/\\\/shopbrasil.vinyllandrecords.com\\\/\"},{\"@type\":\"ListItem\",\"position\":2,\"name\":\"Shops\",\"item\":\"https:\\\/\\\/shopbrasil.vinyllandrecords.com\\\/shops\\\/\"},{\"@type\":\"ListItem\",\"position\":3,\"name\":\"Bneg\u00e3o &amp; Seletores de Frequ\u00eancia &#8211; Sintoniza L\u00e1\"}]},{\"@type\":\"WebSite\",\"@id\":\"https:\\\/\\\/shopbrasil.vinyllandrecords.com\\\/#website\",\"url\":\"https:\\\/\\\/shopbrasil.vinyllandrecords.com\\\/\",\"name\":\"Vinyl Land Records\",\"description\":\"ONLINE SHOP\",\"potentialAction\":[{\"@type\":\"SearchAction\",\"target\":{\"@type\":\"EntryPoint\",\"urlTemplate\":\"https:\\\/\\\/shopbrasil.vinyllandrecords.com\\\/?s={search_term_string}\"},\"query-input\":{\"@type\":\"PropertyValueSpecification\",\"valueRequired\":true,\"valueName\":\"search_term_string\"}}],\"inLanguage\":\"en-US\"}]}<\/script>\n<!-- \/ Yoast SEO plugin. -->","yoast_head_json":{"title":"Bneg\u00e3o &amp; Seletores de Frequ\u00eancia - Sintoniza L\u00e1 - Vinyl Land Records","robots":{"index":"index","follow":"follow","max-snippet":"max-snippet:-1","max-image-preview":"max-image-preview:large","max-video-preview":"max-video-preview:-1"},"canonical":"https:\/\/shopbrasil.vinyllandrecords.com\/produto\/bnegao-seletores-de-frequencia-sintoniza-la\/","og_locale":"en_US","og_type":"article","og_title":"Bneg\u00e3o &amp; Seletores de Frequ\u00eancia - Sintoniza L\u00e1 - Vinyl Land Records","og_description":"[:pb]As m\u00fasicas abaixo podem n\u00e3o refletir fielmente o conte\u00fado do vinil.  Capa Gatefold (inclui adesivos para corre\u00e7\u00e3o na ordem das faixas)  A mistura explosiva de Hip-Hop, Ragga, Dub, Jazz, Samba, Soul, Funk Carioca e Rock promovida pelo rapper BNeg\u00e3o e sua banda, os Seletores de Frequ\u00eancia, vem causando bastante impacto no Brasil e no exterior, atraindo um n\u00famero cada vez maior de ouvintes pelo planeta. Agora, o grupo liderado pelo ex-rapper do Planet Hemp vem mostrar sua sonoridade \u00fanica no \u00e1lbum \u201cSintoniza L\u00e1\u201d. Com 11 faixas in\u00e9ditas e participa\u00e7\u00e3o especial da cantora C\u00e9u em \u201cAltera\u00e7\u00e3o (\u00c9a!)\u201d, o disco n\u00e3o vai deixar ningu\u00e9m parado na pista. \u00c9 s\u00f3 sintonizar![:en]Content at this player may not reflect vinyl's actual songs.  Gatefold Sleeve  Sounds and Colours by Charlie Higgins 18 December, 2012  I\u2019m not sure what the Portuguese translation for \u201cbadass\u201d would be, but it\u2019s a fitting description for the explosive sounds on Sintoniza L\u00e1, the long awaited sophomore album from BNeg\u00e3o &amp; Seletores de Frequ\u00eancia. Carioca MC Bernardo Santos, a.k.a. BNeg\u00e3o, waited nearly a decade to rejoin forces with the band responsible for 2003\u2019s breakout record Enxugando Gelo, among the first albums available via free download in Brazil. Whether Santos really spent those last nine years hard at work in the studio or drinking caipirinhas on the beach is beside the point; Sintoniza L\u00e1 is a groove-filled powerhouse that effectively blends dub, hip-hop, R&amp;B, punk and afrobeat.  Santos was already established in Rio\u2019s hip-hop scene when Enxugando Gelo first made waves. Influenced by Chico Science &amp; Na\u00e7\u00e3o Zumbi \u2013 to whom he paid tribute to at the closing ceremony of the Summer Olympics in London \u2014 Santos was a key member of the socially conscious rap-rock outfit Planet Hemp. The Seletores de Frequ\u00eancia\u2019s infectious sound stems from both this group and his previous solo project, The Funk Fuckers.  In many ways Sintoniza L\u00e1 is a more accessible album than it\u2019s predecesor, which featured fewer singable choruses and more experimentation. Sintoniza L\u00e1 is a party album at heart, and it\u2019s filled with hooks, deep grooves and slick horn arrangements. The addictive opener \u201cAltera\u00e7\u00e3o (\u00c9a!)\u201d is an ass-shaking homage to Fela Kuti that perfectly sets the tone of the album. Next comes \u201cO Mundo,\u201d with its surf-rock intro, catchy refrain and solid vocal delivery by Santos. \u201cRea\u00e7\u00e3o (Panela II)\u201d is a burning dub-reggae track fortified by colourful afrobeat horns.  Unlike a lot of MCs, Santos gives his band ample room to rock out, as on the Rage Against The Machine-esque punk rock instrumental \u201cSubconsciente\u201d and the psychodelic funk of \u201cNa Tanquila.\u201d This is a departure from Exugando Gelo, which is more lyrically driven and more closely tied to the backing band concept. Fortunately, the Seletores are unflinchingly solid as a unit; drummer Robson and bassist F\u00e1bio Kalunga drive the train, with the tasty rhythm guitar of Fabiano Moreno and Pedro Selector\u2019s killing trumpet fleshing out the sound.  For BNeg\u00e3o\u2019s fans, the nine-year wait was well worth it. Sintoniza L\u00e1 was chosen as album of the year at this year\u2019s MTV Brazil Music Awards and has been a runaway hit with critics and fans alike. Hopefully the band will seize the opportunity so we don\u2019t have to wait as long this time around.[:]","og_url":"https:\/\/shopbrasil.vinyllandrecords.com\/produto\/bnegao-seletores-de-frequencia-sintoniza-la\/","og_site_name":"Vinyl Land Records","article_modified_time":"2018-09-04T05:00:15+00:00","og_image":[{"width":800,"height":800,"url":"https:\/\/shopbrasil.vinyllandrecords.com\/wp-content\/uploads\/2018\/04\/capa_vinil_bnegao.jpg","type":"image\/jpeg"}],"twitter_card":"summary_large_image","schema":{"@context":"https:\/\/schema.org","@graph":[{"@type":"WebPage","@id":"https:\/\/shopbrasil.vinyllandrecords.com\/produto\/bnegao-seletores-de-frequencia-sintoniza-la\/","url":"https:\/\/shopbrasil.vinyllandrecords.com\/produto\/bnegao-seletores-de-frequencia-sintoniza-la\/","name":"Bneg\u00e3o &amp; Seletores de Frequ\u00eancia - Sintoniza L\u00e1 - Vinyl Land Records","isPartOf":{"@id":"https:\/\/shopbrasil.vinyllandrecords.com\/#website"},"primaryImageOfPage":{"@id":"https:\/\/shopbrasil.vinyllandrecords.com\/produto\/bnegao-seletores-de-frequencia-sintoniza-la\/#primaryimage"},"image":{"@id":"https:\/\/shopbrasil.vinyllandrecords.com\/produto\/bnegao-seletores-de-frequencia-sintoniza-la\/#primaryimage"},"thumbnailUrl":"https:\/\/shopbrasil.vinyllandrecords.com\/wp-content\/uploads\/2018\/04\/capa_vinil_bnegao.jpg","datePublished":"2018-04-25T19:34:49+00:00","dateModified":"2018-09-04T05:00:15+00:00","breadcrumb":{"@id":"https:\/\/shopbrasil.vinyllandrecords.com\/produto\/bnegao-seletores-de-frequencia-sintoniza-la\/#breadcrumb"},"inLanguage":"en-US","potentialAction":[{"@type":"ReadAction","target":["https:\/\/shopbrasil.vinyllandrecords.com\/produto\/bnegao-seletores-de-frequencia-sintoniza-la\/"]}]},{"@type":"ImageObject","inLanguage":"en-US","@id":"https:\/\/shopbrasil.vinyllandrecords.com\/produto\/bnegao-seletores-de-frequencia-sintoniza-la\/#primaryimage","url":"https:\/\/shopbrasil.vinyllandrecords.com\/wp-content\/uploads\/2018\/04\/capa_vinil_bnegao.jpg","contentUrl":"https:\/\/shopbrasil.vinyllandrecords.com\/wp-content\/uploads\/2018\/04\/capa_vinil_bnegao.jpg","width":800,"height":800},{"@type":"BreadcrumbList","@id":"https:\/\/shopbrasil.vinyllandrecords.com\/produto\/bnegao-seletores-de-frequencia-sintoniza-la\/#breadcrumb","itemListElement":[{"@type":"ListItem","position":1,"name":"In\u00edcio","item":"https:\/\/shopbrasil.vinyllandrecords.com\/"},{"@type":"ListItem","position":2,"name":"Shops","item":"https:\/\/shopbrasil.vinyllandrecords.com\/shops\/"},{"@type":"ListItem","position":3,"name":"Bneg\u00e3o &amp; Seletores de Frequ\u00eancia &#8211; Sintoniza L\u00e1"}]},{"@type":"WebSite","@id":"https:\/\/shopbrasil.vinyllandrecords.com\/#website","url":"https:\/\/shopbrasil.vinyllandrecords.com\/","name":"Vinyl Land Records","description":"ONLINE SHOP","potentialAction":[{"@type":"SearchAction","target":{"@type":"EntryPoint","urlTemplate":"https:\/\/shopbrasil.vinyllandrecords.com\/?s={search_term_string}"},"query-input":{"@type":"PropertyValueSpecification","valueRequired":true,"valueName":"search_term_string"}}],"inLanguage":"en-US"}]}},"_links":{"self":[{"href":"https:\/\/shopbrasil.vinyllandrecords.com\/en\/wp-json\/wp\/v2\/product\/66166","targetHints":{"allow":["GET"]}}],"collection":[{"href":"https:\/\/shopbrasil.vinyllandrecords.com\/en\/wp-json\/wp\/v2\/product"}],"about":[{"href":"https:\/\/shopbrasil.vinyllandrecords.com\/en\/wp-json\/wp\/v2\/types\/product"}],"wp:featuredmedia":[{"embeddable":true,"href":"https:\/\/shopbrasil.vinyllandrecords.com\/en\/wp-json\/wp\/v2\/media\/66320"}],"wp:attachment":[{"href":"https:\/\/shopbrasil.vinyllandrecords.com\/en\/wp-json\/wp\/v2\/media?parent=66166"}],"wp:term":[{"taxonomy":"product_brand","embeddable":true,"href":"https:\/\/shopbrasil.vinyllandrecords.com\/en\/wp-json\/wp\/v2\/product_brand?post=66166"},{"taxonomy":"product_cat","embeddable":true,"href":"https:\/\/shopbrasil.vinyllandrecords.com\/en\/wp-json\/wp\/v2\/product_cat?post=66166"},{"taxonomy":"product_tag","embeddable":true,"href":"https:\/\/shopbrasil.vinyllandrecords.com\/en\/wp-json\/wp\/v2\/product_tag?post=66166"}],"curies":[{"name":"wp","href":"https:\/\/api.w.org\/{rel}","templated":true}]}}