{"id":66218,"date":"2018-04-25T20:29:05","date_gmt":"2018-04-25T20:29:05","guid":{"rendered":"https:\/\/shopbrasil.vinyllandrecords.com\/?post_type=product&#038;p=66218"},"modified":"2020-10-03T16:37:15","modified_gmt":"2020-10-03T16:37:15","slug":"dibigode-garnize","status":"publish","type":"product","link":"https:\/\/shopbrasil.vinyllandrecords.com\/en\/produto\/dibigode-garnize\/","title":{"rendered":"Dibigode &#8211; Garniz\u00e9"},"content":{"rendered":"<p><\/p>\n","protected":false},"excerpt":{"rendered":"<p>Content at this player may not reflect vinyl&#8217;s actual songs.<br \/>\n<iframe width=\"100%\" height=\"300\" scrolling=\"no\" frameborder=\"no\" allow=\"autoplay\" src=\"https:\/\/w.soundcloud.com\/player\/?url=https%3A\/\/api.soundcloud.com\/playlists\/99207228&#038;color=%23ff5500&#038;auto_play=false&#038;hide_related=false&#038;show_comments=true&#038;show_user=true&#038;show_reposts=false&#038;show_teaser=true&#038;visual=true\"><\/iframe><\/p>\n<p><strong>180g Gatefold Sleeve<\/strong><\/p>\n<p>&#8220;Garniz\u00e9&#8221; is the second album from the instrumental band Dibigode from Belo Horizonte\/Brazil.<\/p>\n<p>The record is an interpretation of the works of the great samba songwriter Ataulfo Alves, which is available in Gatefold LP via Vinyl Land Records.<\/p>\n<p>Includes songs like \u201cAi, que Saudades da Am\u00e9lia\u201d and &#8220;Voce\u0302 Passa eu Acho Grac\u0327a&#8221;, and was produced by Zachary Hollander at The Pearl Studios in Minneapolis with participations from Dona Jandira and clarinet player Pat O\u2019Keefe.<\/p>\n","protected":false},"featured_media":66221,"template":"","meta":[],"product_brand":[],"product_cat":[108,122,97],"product_tag":[],"class_list":{"0":"post-66218","1":"product","2":"type-product","3":"status-publish","4":"has-post-thumbnail","6":"product_cat-lancamentos","7":"product_cat-musica-mineira-em-vinil","8":"product_cat-lp","10":"first","11":"outofstock","12":"taxable","13":"shipping-taxable","14":"purchasable","15":"product-type-simple"},"yoast_head":"<!-- This site is optimized with the Yoast SEO plugin v27.4 - https:\/\/yoast.com\/product\/yoast-seo-wordpress\/ -->\n<title>Dibigode - Garniz\u00e9 - Vinyl Land Records<\/title>\n<meta name=\"robots\" content=\"index, follow, max-snippet:-1, max-image-preview:large, max-video-preview:-1\" \/>\n<link rel=\"canonical\" href=\"https:\/\/shopbrasil.vinyllandrecords.com\/produto\/dibigode-garnize\/\" \/>\n<meta property=\"og:locale\" content=\"en_US\" \/>\n<meta property=\"og:type\" content=\"article\" \/>\n<meta property=\"og:title\" content=\"Dibigode - Garniz\u00e9 - Vinyl Land Records\" \/>\n<meta property=\"og:description\" content=\"[:pb]As m\u00fasicas abaixo podem n\u00e3o refletir fielmente o conte\u00fado do vinil.   180g Capa Gatefold  Segundo \u00e1lbum da banda instrumental mineira Dibigode, Garniz\u00e9 tra\u00e7a uma\u00a0releitura da obra de Ataulfo Alves, c\u00e9lebre sambista mineiro, com roupagem rica em elementos do rock e do p\u00f3s-rock, em uma\u00a0nova interpreta\u00e7\u00e3o que aproxima as cria\u00e7\u00f5es do compositor centen\u00e1rio aos dias de hoje.[:en]Content at this player may not reflect vinyl&#039;s actual songs.   180g Gatefold Sleeve  &quot;Garniz\u00e9&quot; is the second album from the instrumental band Dibigode from Belo Horizonte\/Brazil.  The record is an interpretation of the works of the great samba songwriter Ataulfo Alves, which is available in Gatefold LP via Vinyl Land Records.  Includes songs like \u201cAi, que Saudades da Am\u00e9lia\u201d and &quot;Voce\u0302 Passa eu Acho Grac\u0327a&quot;, and was produced by Zachary Hollander at The Pearl Studios in Minneapolis with participations from Dona Jandira and clarinet player Pat O\u2019Keefe.[:]\" \/>\n<meta property=\"og:url\" content=\"https:\/\/shopbrasil.vinyllandrecords.com\/produto\/dibigode-garnize\/\" \/>\n<meta property=\"og:site_name\" content=\"Vinyl Land Records\" \/>\n<meta property=\"article:modified_time\" content=\"2020-10-03T16:37:15+00:00\" \/>\n<meta property=\"og:image\" content=\"https:\/\/shopbrasil.vinyllandrecords.com\/wp-content\/uploads\/2018\/04\/11146337_679533975526575_8107571027419705026_o.jpg\" \/>\n\t<meta property=\"og:image:width\" content=\"1000\" \/>\n\t<meta property=\"og:image:height\" content=\"1020\" \/>\n\t<meta property=\"og:image:type\" content=\"image\/jpeg\" \/>\n<meta name=\"twitter:card\" content=\"summary_large_image\" \/>\n<script type=\"application\/ld+json\" class=\"yoast-schema-graph\">{\"@context\":\"https:\\\/\\\/schema.org\",\"@graph\":[{\"@type\":\"WebPage\",\"@id\":\"https:\\\/\\\/shopbrasil.vinyllandrecords.com\\\/produto\\\/dibigode-garnize\\\/\",\"url\":\"https:\\\/\\\/shopbrasil.vinyllandrecords.com\\\/produto\\\/dibigode-garnize\\\/\",\"name\":\"Dibigode - Garniz\u00e9 - Vinyl Land Records\",\"isPartOf\":{\"@id\":\"https:\\\/\\\/shopbrasil.vinyllandrecords.com\\\/#website\"},\"primaryImageOfPage\":{\"@id\":\"https:\\\/\\\/shopbrasil.vinyllandrecords.com\\\/produto\\\/dibigode-garnize\\\/#primaryimage\"},\"image\":{\"@id\":\"https:\\\/\\\/shopbrasil.vinyllandrecords.com\\\/produto\\\/dibigode-garnize\\\/#primaryimage\"},\"thumbnailUrl\":\"https:\\\/\\\/shopbrasil.vinyllandrecords.com\\\/wp-content\\\/uploads\\\/2018\\\/04\\\/11146337_679533975526575_8107571027419705026_o.jpg\",\"datePublished\":\"2018-04-25T20:29:05+00:00\",\"dateModified\":\"2020-10-03T16:37:15+00:00\",\"breadcrumb\":{\"@id\":\"https:\\\/\\\/shopbrasil.vinyllandrecords.com\\\/produto\\\/dibigode-garnize\\\/#breadcrumb\"},\"inLanguage\":\"en-US\",\"potentialAction\":[{\"@type\":\"ReadAction\",\"target\":[\"https:\\\/\\\/shopbrasil.vinyllandrecords.com\\\/produto\\\/dibigode-garnize\\\/\"]}]},{\"@type\":\"ImageObject\",\"inLanguage\":\"en-US\",\"@id\":\"https:\\\/\\\/shopbrasil.vinyllandrecords.com\\\/produto\\\/dibigode-garnize\\\/#primaryimage\",\"url\":\"https:\\\/\\\/shopbrasil.vinyllandrecords.com\\\/wp-content\\\/uploads\\\/2018\\\/04\\\/11146337_679533975526575_8107571027419705026_o.jpg\",\"contentUrl\":\"https:\\\/\\\/shopbrasil.vinyllandrecords.com\\\/wp-content\\\/uploads\\\/2018\\\/04\\\/11146337_679533975526575_8107571027419705026_o.jpg\",\"width\":1000,\"height\":1020},{\"@type\":\"BreadcrumbList\",\"@id\":\"https:\\\/\\\/shopbrasil.vinyllandrecords.com\\\/produto\\\/dibigode-garnize\\\/#breadcrumb\",\"itemListElement\":[{\"@type\":\"ListItem\",\"position\":1,\"name\":\"In\u00edcio\",\"item\":\"https:\\\/\\\/shopbrasil.vinyllandrecords.com\\\/\"},{\"@type\":\"ListItem\",\"position\":2,\"name\":\"Shops\",\"item\":\"https:\\\/\\\/shopbrasil.vinyllandrecords.com\\\/shops\\\/\"},{\"@type\":\"ListItem\",\"position\":3,\"name\":\"Dibigode &#8211; Garniz\u00e9\"}]},{\"@type\":\"WebSite\",\"@id\":\"https:\\\/\\\/shopbrasil.vinyllandrecords.com\\\/#website\",\"url\":\"https:\\\/\\\/shopbrasil.vinyllandrecords.com\\\/\",\"name\":\"Vinyl Land Records\",\"description\":\"ONLINE SHOP\",\"potentialAction\":[{\"@type\":\"SearchAction\",\"target\":{\"@type\":\"EntryPoint\",\"urlTemplate\":\"https:\\\/\\\/shopbrasil.vinyllandrecords.com\\\/?s={search_term_string}\"},\"query-input\":{\"@type\":\"PropertyValueSpecification\",\"valueRequired\":true,\"valueName\":\"search_term_string\"}}],\"inLanguage\":\"en-US\"}]}<\/script>\n<!-- \/ Yoast SEO plugin. -->","yoast_head_json":{"title":"Dibigode - Garniz\u00e9 - Vinyl Land Records","robots":{"index":"index","follow":"follow","max-snippet":"max-snippet:-1","max-image-preview":"max-image-preview:large","max-video-preview":"max-video-preview:-1"},"canonical":"https:\/\/shopbrasil.vinyllandrecords.com\/produto\/dibigode-garnize\/","og_locale":"en_US","og_type":"article","og_title":"Dibigode - Garniz\u00e9 - Vinyl Land Records","og_description":"[:pb]As m\u00fasicas abaixo podem n\u00e3o refletir fielmente o conte\u00fado do vinil.   180g Capa Gatefold  Segundo \u00e1lbum da banda instrumental mineira Dibigode, Garniz\u00e9 tra\u00e7a uma\u00a0releitura da obra de Ataulfo Alves, c\u00e9lebre sambista mineiro, com roupagem rica em elementos do rock e do p\u00f3s-rock, em uma\u00a0nova interpreta\u00e7\u00e3o que aproxima as cria\u00e7\u00f5es do compositor centen\u00e1rio aos dias de hoje.[:en]Content at this player may not reflect vinyl's actual songs.   180g Gatefold Sleeve  \"Garniz\u00e9\" is the second album from the instrumental band Dibigode from Belo Horizonte\/Brazil.  The record is an interpretation of the works of the great samba songwriter Ataulfo Alves, which is available in Gatefold LP via Vinyl Land Records.  Includes songs like \u201cAi, que Saudades da Am\u00e9lia\u201d and \"Voce\u0302 Passa eu Acho Grac\u0327a\", and was produced by Zachary Hollander at The Pearl Studios in Minneapolis with participations from Dona Jandira and clarinet player Pat O\u2019Keefe.[:]","og_url":"https:\/\/shopbrasil.vinyllandrecords.com\/produto\/dibigode-garnize\/","og_site_name":"Vinyl Land Records","article_modified_time":"2020-10-03T16:37:15+00:00","og_image":[{"width":1000,"height":1020,"url":"https:\/\/shopbrasil.vinyllandrecords.com\/wp-content\/uploads\/2018\/04\/11146337_679533975526575_8107571027419705026_o.jpg","type":"image\/jpeg"}],"twitter_card":"summary_large_image","schema":{"@context":"https:\/\/schema.org","@graph":[{"@type":"WebPage","@id":"https:\/\/shopbrasil.vinyllandrecords.com\/produto\/dibigode-garnize\/","url":"https:\/\/shopbrasil.vinyllandrecords.com\/produto\/dibigode-garnize\/","name":"Dibigode - Garniz\u00e9 - Vinyl Land Records","isPartOf":{"@id":"https:\/\/shopbrasil.vinyllandrecords.com\/#website"},"primaryImageOfPage":{"@id":"https:\/\/shopbrasil.vinyllandrecords.com\/produto\/dibigode-garnize\/#primaryimage"},"image":{"@id":"https:\/\/shopbrasil.vinyllandrecords.com\/produto\/dibigode-garnize\/#primaryimage"},"thumbnailUrl":"https:\/\/shopbrasil.vinyllandrecords.com\/wp-content\/uploads\/2018\/04\/11146337_679533975526575_8107571027419705026_o.jpg","datePublished":"2018-04-25T20:29:05+00:00","dateModified":"2020-10-03T16:37:15+00:00","breadcrumb":{"@id":"https:\/\/shopbrasil.vinyllandrecords.com\/produto\/dibigode-garnize\/#breadcrumb"},"inLanguage":"en-US","potentialAction":[{"@type":"ReadAction","target":["https:\/\/shopbrasil.vinyllandrecords.com\/produto\/dibigode-garnize\/"]}]},{"@type":"ImageObject","inLanguage":"en-US","@id":"https:\/\/shopbrasil.vinyllandrecords.com\/produto\/dibigode-garnize\/#primaryimage","url":"https:\/\/shopbrasil.vinyllandrecords.com\/wp-content\/uploads\/2018\/04\/11146337_679533975526575_8107571027419705026_o.jpg","contentUrl":"https:\/\/shopbrasil.vinyllandrecords.com\/wp-content\/uploads\/2018\/04\/11146337_679533975526575_8107571027419705026_o.jpg","width":1000,"height":1020},{"@type":"BreadcrumbList","@id":"https:\/\/shopbrasil.vinyllandrecords.com\/produto\/dibigode-garnize\/#breadcrumb","itemListElement":[{"@type":"ListItem","position":1,"name":"In\u00edcio","item":"https:\/\/shopbrasil.vinyllandrecords.com\/"},{"@type":"ListItem","position":2,"name":"Shops","item":"https:\/\/shopbrasil.vinyllandrecords.com\/shops\/"},{"@type":"ListItem","position":3,"name":"Dibigode &#8211; Garniz\u00e9"}]},{"@type":"WebSite","@id":"https:\/\/shopbrasil.vinyllandrecords.com\/#website","url":"https:\/\/shopbrasil.vinyllandrecords.com\/","name":"Vinyl Land Records","description":"ONLINE SHOP","potentialAction":[{"@type":"SearchAction","target":{"@type":"EntryPoint","urlTemplate":"https:\/\/shopbrasil.vinyllandrecords.com\/?s={search_term_string}"},"query-input":{"@type":"PropertyValueSpecification","valueRequired":true,"valueName":"search_term_string"}}],"inLanguage":"en-US"}]}},"_links":{"self":[{"href":"https:\/\/shopbrasil.vinyllandrecords.com\/en\/wp-json\/wp\/v2\/product\/66218","targetHints":{"allow":["GET"]}}],"collection":[{"href":"https:\/\/shopbrasil.vinyllandrecords.com\/en\/wp-json\/wp\/v2\/product"}],"about":[{"href":"https:\/\/shopbrasil.vinyllandrecords.com\/en\/wp-json\/wp\/v2\/types\/product"}],"wp:featuredmedia":[{"embeddable":true,"href":"https:\/\/shopbrasil.vinyllandrecords.com\/en\/wp-json\/wp\/v2\/media\/66221"}],"wp:attachment":[{"href":"https:\/\/shopbrasil.vinyllandrecords.com\/en\/wp-json\/wp\/v2\/media?parent=66218"}],"wp:term":[{"taxonomy":"product_brand","embeddable":true,"href":"https:\/\/shopbrasil.vinyllandrecords.com\/en\/wp-json\/wp\/v2\/product_brand?post=66218"},{"taxonomy":"product_cat","embeddable":true,"href":"https:\/\/shopbrasil.vinyllandrecords.com\/en\/wp-json\/wp\/v2\/product_cat?post=66218"},{"taxonomy":"product_tag","embeddable":true,"href":"https:\/\/shopbrasil.vinyllandrecords.com\/en\/wp-json\/wp\/v2\/product_tag?post=66218"}],"curies":[{"name":"wp","href":"https:\/\/api.w.org\/{rel}","templated":true}]}}