{"id":66242,"date":"2018-04-25T20:52:39","date_gmt":"2018-04-25T20:52:39","guid":{"rendered":"https:\/\/shopbrasil.vinyllandrecords.com\/?post_type=product&#038;p=66242"},"modified":"2026-02-05T15:30:00","modified_gmt":"2026-02-05T18:30:00","slug":"felipe-cordeiro-lambada-alucinante","status":"publish","type":"product","link":"https:\/\/shopbrasil.vinyllandrecords.com\/en\/produto\/felipe-cordeiro-lambada-alucinante\/","title":{"rendered":"Felipe Cordeiro &#8211; Lambada Alucinada"},"content":{"rendered":"","protected":false},"excerpt":{"rendered":"<p>***Temporarily out of stock, new copies will arrive soon***<\/p>\n<p>Content at this player may not reflect vinyl&#8217;s actual songs.<\/p>\n<p><iframe width=\"560\" height=\"315\" src=\"https:\/\/www.youtube.com\/embed\/2dCkWDcrq7s?ecver=1\" frameborder=\"0\" allow=\"autoplay; encrypted-media\" allowfullscreen><\/iframe><\/p>\n<p><iframe width=\"560\" height=\"315\" src=\"https:\/\/www.youtube.com\/embed\/vu8SjKl4EDY?ecver=1\" frameborder=\"0\" allow=\"autoplay; encrypted-media\" allowfullscreen><\/iframe><\/p>\n<p>Vinyl Land Records proudly presents another exclusive release, this time coming straight from Bel\u00e9m do Par\u00e1!<br \/>\nFelipe Cordeiro &#8220;Lambada Alucinada&#8221; 7&#8243; inch single recorded in 45rpm and pressed in Europe with the title track on side A and his smashing hit &#8220;Problema Seu&#8221; on the flip side.<\/p>\n","protected":false},"featured_media":66248,"template":"","meta":[],"product_brand":[],"product_cat":[108,111,93],"product_tag":[],"class_list":{"0":"post-66242","1":"product","2":"type-product","3":"status-publish","4":"has-post-thumbnail","6":"product_cat-lancamentos","7":"product_cat-destaque","8":"product_cat-93","10":"first","11":"instock","12":"taxable","13":"shipping-taxable","14":"purchasable","15":"product-type-simple"},"yoast_head":"<!-- This site is optimized with the Yoast SEO plugin v27.4 - https:\/\/yoast.com\/product\/yoast-seo-wordpress\/ -->\n<title>Felipe Cordeiro - Lambada Alucinada - Vinyl Land Records<\/title>\n<meta name=\"robots\" content=\"index, follow, max-snippet:-1, max-image-preview:large, max-video-preview:-1\" \/>\n<link rel=\"canonical\" href=\"https:\/\/shopbrasil.vinyllandrecords.com\/produto\/felipe-cordeiro-lambada-alucinante\/\" \/>\n<meta property=\"og:locale\" content=\"en_US\" \/>\n<meta property=\"og:type\" content=\"article\" \/>\n<meta property=\"og:title\" content=\"Felipe Cordeiro - Lambada Alucinada - Vinyl Land Records\" \/>\n<meta property=\"og:description\" content=\"[:pb]    A Vinyl Land orgulhosamente apresenta mais um lan\u00e7amento exclusivo em vinil direto de Bel\u00e9m do Par\u00e1! Felipe Cordeiro &quot;Lambada Alucinada&quot; Compacto simples em 45rpm prensado na Europa com a faixa t\u00edtulo instrumental no lado A e o grande hit &quot;Problema Seu&quot; no lado B.[:en]***Temporarily out of stock, new copies will arrive soon***  Content at this player may not reflect vinyl&#039;s actual songs.      Vinyl Land Records proudly presents another exclusive release, this time coming straight from Bel\u00e9m do Par\u00e1! Felipe Cordeiro &quot;Lambada Alucinada&quot; 7&quot; inch single recorded in 45rpm and pressed in Europe with the title track on side A and his smashing hit &quot;Problema Seu&quot; on the flip side. [:]\" \/>\n<meta property=\"og:url\" content=\"https:\/\/shopbrasil.vinyllandrecords.com\/produto\/felipe-cordeiro-lambada-alucinante\/\" \/>\n<meta property=\"og:site_name\" content=\"Vinyl Land Records\" \/>\n<meta property=\"article:modified_time\" content=\"2026-02-05T18:30:00+00:00\" \/>\n<meta property=\"og:image\" content=\"https:\/\/shopbrasil.vinyllandrecords.com\/wp-content\/uploads\/2018\/04\/Felipe-Cordeiro-7inch-Cover.jpg\" \/>\n\t<meta property=\"og:image:width\" content=\"1139\" \/>\n\t<meta property=\"og:image:height\" content=\"1140\" \/>\n\t<meta property=\"og:image:type\" content=\"image\/jpeg\" \/>\n<meta name=\"twitter:card\" content=\"summary_large_image\" \/>\n<meta name=\"twitter:label1\" content=\"Est. reading time\" \/>\n\t<meta name=\"twitter:data1\" content=\"1 minute\" \/>\n<script type=\"application\/ld+json\" class=\"yoast-schema-graph\">{\"@context\":\"https:\\\/\\\/schema.org\",\"@graph\":[{\"@type\":\"WebPage\",\"@id\":\"https:\\\/\\\/shopbrasil.vinyllandrecords.com\\\/produto\\\/felipe-cordeiro-lambada-alucinante\\\/\",\"url\":\"https:\\\/\\\/shopbrasil.vinyllandrecords.com\\\/produto\\\/felipe-cordeiro-lambada-alucinante\\\/\",\"name\":\"Felipe Cordeiro - Lambada Alucinada - Vinyl Land Records\",\"isPartOf\":{\"@id\":\"https:\\\/\\\/shopbrasil.vinyllandrecords.com\\\/#website\"},\"primaryImageOfPage\":{\"@id\":\"https:\\\/\\\/shopbrasil.vinyllandrecords.com\\\/produto\\\/felipe-cordeiro-lambada-alucinante\\\/#primaryimage\"},\"image\":{\"@id\":\"https:\\\/\\\/shopbrasil.vinyllandrecords.com\\\/produto\\\/felipe-cordeiro-lambada-alucinante\\\/#primaryimage\"},\"thumbnailUrl\":\"https:\\\/\\\/shopbrasil.vinyllandrecords.com\\\/wp-content\\\/uploads\\\/2018\\\/04\\\/Felipe-Cordeiro-7inch-Cover.jpg\",\"datePublished\":\"2018-04-25T20:52:39+00:00\",\"dateModified\":\"2026-02-05T18:30:00+00:00\",\"breadcrumb\":{\"@id\":\"https:\\\/\\\/shopbrasil.vinyllandrecords.com\\\/produto\\\/felipe-cordeiro-lambada-alucinante\\\/#breadcrumb\"},\"inLanguage\":\"en-US\",\"potentialAction\":[{\"@type\":\"ReadAction\",\"target\":[\"https:\\\/\\\/shopbrasil.vinyllandrecords.com\\\/produto\\\/felipe-cordeiro-lambada-alucinante\\\/\"]}]},{\"@type\":\"ImageObject\",\"inLanguage\":\"en-US\",\"@id\":\"https:\\\/\\\/shopbrasil.vinyllandrecords.com\\\/produto\\\/felipe-cordeiro-lambada-alucinante\\\/#primaryimage\",\"url\":\"https:\\\/\\\/shopbrasil.vinyllandrecords.com\\\/wp-content\\\/uploads\\\/2018\\\/04\\\/Felipe-Cordeiro-7inch-Cover.jpg\",\"contentUrl\":\"https:\\\/\\\/shopbrasil.vinyllandrecords.com\\\/wp-content\\\/uploads\\\/2018\\\/04\\\/Felipe-Cordeiro-7inch-Cover.jpg\",\"width\":1139,\"height\":1140},{\"@type\":\"BreadcrumbList\",\"@id\":\"https:\\\/\\\/shopbrasil.vinyllandrecords.com\\\/produto\\\/felipe-cordeiro-lambada-alucinante\\\/#breadcrumb\",\"itemListElement\":[{\"@type\":\"ListItem\",\"position\":1,\"name\":\"In\u00edcio\",\"item\":\"https:\\\/\\\/shopbrasil.vinyllandrecords.com\\\/\"},{\"@type\":\"ListItem\",\"position\":2,\"name\":\"Shops\",\"item\":\"https:\\\/\\\/shopbrasil.vinyllandrecords.com\\\/shops\\\/\"},{\"@type\":\"ListItem\",\"position\":3,\"name\":\"Felipe Cordeiro &#8211; Lambada Alucinada\"}]},{\"@type\":\"WebSite\",\"@id\":\"https:\\\/\\\/shopbrasil.vinyllandrecords.com\\\/#website\",\"url\":\"https:\\\/\\\/shopbrasil.vinyllandrecords.com\\\/\",\"name\":\"Vinyl Land Records\",\"description\":\"ONLINE SHOP\",\"potentialAction\":[{\"@type\":\"SearchAction\",\"target\":{\"@type\":\"EntryPoint\",\"urlTemplate\":\"https:\\\/\\\/shopbrasil.vinyllandrecords.com\\\/?s={search_term_string}\"},\"query-input\":{\"@type\":\"PropertyValueSpecification\",\"valueRequired\":true,\"valueName\":\"search_term_string\"}}],\"inLanguage\":\"en-US\"}]}<\/script>\n<!-- \/ Yoast SEO plugin. -->","yoast_head_json":{"title":"Felipe Cordeiro - Lambada Alucinada - Vinyl Land Records","robots":{"index":"index","follow":"follow","max-snippet":"max-snippet:-1","max-image-preview":"max-image-preview:large","max-video-preview":"max-video-preview:-1"},"canonical":"https:\/\/shopbrasil.vinyllandrecords.com\/produto\/felipe-cordeiro-lambada-alucinante\/","og_locale":"en_US","og_type":"article","og_title":"Felipe Cordeiro - Lambada Alucinada - Vinyl Land Records","og_description":"[:pb]    A Vinyl Land orgulhosamente apresenta mais um lan\u00e7amento exclusivo em vinil direto de Bel\u00e9m do Par\u00e1! Felipe Cordeiro \"Lambada Alucinada\" Compacto simples em 45rpm prensado na Europa com a faixa t\u00edtulo instrumental no lado A e o grande hit \"Problema Seu\" no lado B.[:en]***Temporarily out of stock, new copies will arrive soon***  Content at this player may not reflect vinyl's actual songs.      Vinyl Land Records proudly presents another exclusive release, this time coming straight from Bel\u00e9m do Par\u00e1! Felipe Cordeiro \"Lambada Alucinada\" 7\" inch single recorded in 45rpm and pressed in Europe with the title track on side A and his smashing hit \"Problema Seu\" on the flip side. [:]","og_url":"https:\/\/shopbrasil.vinyllandrecords.com\/produto\/felipe-cordeiro-lambada-alucinante\/","og_site_name":"Vinyl Land Records","article_modified_time":"2026-02-05T18:30:00+00:00","og_image":[{"width":1139,"height":1140,"url":"https:\/\/shopbrasil.vinyllandrecords.com\/wp-content\/uploads\/2018\/04\/Felipe-Cordeiro-7inch-Cover.jpg","type":"image\/jpeg"}],"twitter_card":"summary_large_image","twitter_misc":{"Est. reading time":"1 minute"},"schema":{"@context":"https:\/\/schema.org","@graph":[{"@type":"WebPage","@id":"https:\/\/shopbrasil.vinyllandrecords.com\/produto\/felipe-cordeiro-lambada-alucinante\/","url":"https:\/\/shopbrasil.vinyllandrecords.com\/produto\/felipe-cordeiro-lambada-alucinante\/","name":"Felipe Cordeiro - Lambada Alucinada - Vinyl Land Records","isPartOf":{"@id":"https:\/\/shopbrasil.vinyllandrecords.com\/#website"},"primaryImageOfPage":{"@id":"https:\/\/shopbrasil.vinyllandrecords.com\/produto\/felipe-cordeiro-lambada-alucinante\/#primaryimage"},"image":{"@id":"https:\/\/shopbrasil.vinyllandrecords.com\/produto\/felipe-cordeiro-lambada-alucinante\/#primaryimage"},"thumbnailUrl":"https:\/\/shopbrasil.vinyllandrecords.com\/wp-content\/uploads\/2018\/04\/Felipe-Cordeiro-7inch-Cover.jpg","datePublished":"2018-04-25T20:52:39+00:00","dateModified":"2026-02-05T18:30:00+00:00","breadcrumb":{"@id":"https:\/\/shopbrasil.vinyllandrecords.com\/produto\/felipe-cordeiro-lambada-alucinante\/#breadcrumb"},"inLanguage":"en-US","potentialAction":[{"@type":"ReadAction","target":["https:\/\/shopbrasil.vinyllandrecords.com\/produto\/felipe-cordeiro-lambada-alucinante\/"]}]},{"@type":"ImageObject","inLanguage":"en-US","@id":"https:\/\/shopbrasil.vinyllandrecords.com\/produto\/felipe-cordeiro-lambada-alucinante\/#primaryimage","url":"https:\/\/shopbrasil.vinyllandrecords.com\/wp-content\/uploads\/2018\/04\/Felipe-Cordeiro-7inch-Cover.jpg","contentUrl":"https:\/\/shopbrasil.vinyllandrecords.com\/wp-content\/uploads\/2018\/04\/Felipe-Cordeiro-7inch-Cover.jpg","width":1139,"height":1140},{"@type":"BreadcrumbList","@id":"https:\/\/shopbrasil.vinyllandrecords.com\/produto\/felipe-cordeiro-lambada-alucinante\/#breadcrumb","itemListElement":[{"@type":"ListItem","position":1,"name":"In\u00edcio","item":"https:\/\/shopbrasil.vinyllandrecords.com\/"},{"@type":"ListItem","position":2,"name":"Shops","item":"https:\/\/shopbrasil.vinyllandrecords.com\/shops\/"},{"@type":"ListItem","position":3,"name":"Felipe Cordeiro &#8211; Lambada Alucinada"}]},{"@type":"WebSite","@id":"https:\/\/shopbrasil.vinyllandrecords.com\/#website","url":"https:\/\/shopbrasil.vinyllandrecords.com\/","name":"Vinyl Land Records","description":"ONLINE SHOP","potentialAction":[{"@type":"SearchAction","target":{"@type":"EntryPoint","urlTemplate":"https:\/\/shopbrasil.vinyllandrecords.com\/?s={search_term_string}"},"query-input":{"@type":"PropertyValueSpecification","valueRequired":true,"valueName":"search_term_string"}}],"inLanguage":"en-US"}]}},"_links":{"self":[{"href":"https:\/\/shopbrasil.vinyllandrecords.com\/en\/wp-json\/wp\/v2\/product\/66242","targetHints":{"allow":["GET"]}}],"collection":[{"href":"https:\/\/shopbrasil.vinyllandrecords.com\/en\/wp-json\/wp\/v2\/product"}],"about":[{"href":"https:\/\/shopbrasil.vinyllandrecords.com\/en\/wp-json\/wp\/v2\/types\/product"}],"wp:featuredmedia":[{"embeddable":true,"href":"https:\/\/shopbrasil.vinyllandrecords.com\/en\/wp-json\/wp\/v2\/media\/66248"}],"wp:attachment":[{"href":"https:\/\/shopbrasil.vinyllandrecords.com\/en\/wp-json\/wp\/v2\/media?parent=66242"}],"wp:term":[{"taxonomy":"product_brand","embeddable":true,"href":"https:\/\/shopbrasil.vinyllandrecords.com\/en\/wp-json\/wp\/v2\/product_brand?post=66242"},{"taxonomy":"product_cat","embeddable":true,"href":"https:\/\/shopbrasil.vinyllandrecords.com\/en\/wp-json\/wp\/v2\/product_cat?post=66242"},{"taxonomy":"product_tag","embeddable":true,"href":"https:\/\/shopbrasil.vinyllandrecords.com\/en\/wp-json\/wp\/v2\/product_tag?post=66242"}],"curies":[{"name":"wp","href":"https:\/\/api.w.org\/{rel}","templated":true}]}}