{"id":66306,"date":"2018-04-25T21:40:23","date_gmt":"2018-04-25T21:40:23","guid":{"rendered":"https:\/\/shopbrasil.vinyllandrecords.com\/?post_type=product&#038;p=66306"},"modified":"2018-08-14T14:16:14","modified_gmt":"2018-08-14T14:16:14","slug":"baianasystem-duas-cidades","status":"publish","type":"product","link":"https:\/\/shopbrasil.vinyllandrecords.com\/en\/produto\/baianasystem-duas-cidades\/","title":{"rendered":"BaianaSystem &#8211; Duas Cidades"},"content":{"rendered":"","protected":false},"excerpt":{"rendered":"<p>Content at this player may not reflect vinyl&#8217;s actual songs.<br \/>\n<iframe src=\"https:\/\/w.soundcloud.com\/player\/?url=https%3A\/\/api.soundcloud.com\/playlists\/323555125&amp;color=%23ff5500&amp;auto_play=false&amp;hide_related=false&amp;show_comments=true&amp;show_user=true&amp;show_reposts=false&amp;show_teaser=true&amp;visual=true\" width=\"100%\" height=\"300\" frameborder=\"no\" scrolling=\"no\"><\/iframe><\/p>\n<p><strong>Gatefold Sleeve, Insert, Detachable Mask and Sticker<\/strong><\/p>\n<p>Duas Cidades \u00e9 isso:<\/p>\n<p>O som das festas populares de um futuro pr\u00f3ximo.<\/p>\n<p>O trio el\u00e9trico como um soundsystem ambulante.<\/p>\n<p>O carnaval como uma experi\u00eancia social.<\/p>\n<p>A cidade (partida) como ponto de a\u00e7\u00e3o e observa\u00e7\u00e3o do ser humano<\/p>\n<p>Cada cabe\u00e7a \u00e9 um mundo. E o amor \u00e9, com certeza, a energia que est\u00e1 na ess\u00eancia desta experi\u00eancia.<\/p>\n<p>Com dend\u00ea e com afeto.<\/p>\n<p>O resultado \u00e9 um som que bate perfeitamente, com tudo no seu devido lugar.<\/p>\n<p>Mas, e voc\u00ea?<br \/>\nDepois de todo esse texto, acredito que uma pergunta deve estar rondando a sua mente:<\/p>\n<p>O que seria o BaianaSystem?<br \/>\nUm grupo? Uma banda? Um soundsystem?<br \/>\nUm coletivo? Tudo ao mesmo tempo agora?<\/p>\n<p>Bem&#8230;mais do que a certeza dessa defini\u00e7\u00e3o, uma coisa eu posso afirmar:<br \/>\no BS \u00e9 um aut\u00eantico fen\u00f4meno cultural que se expande a cada apresenta\u00e7\u00e3o, a cada carnaval, do zero aos 20 mil, em crescimento (e movimento) exponencial.<\/p>\n<p>Salvador, Nova York, S\u00e3o Paulo, Tokyo, Rio de Janeiro, Xangai&#8230;<\/p>\n<p>Aonde isso vai parar? Aonde tudo isso vai dar? Isso, s\u00f3 o tempo dir\u00e1.<br \/>\nEsperemos as cenas dos pr\u00f3ximos cap\u00edtulos desta saga extremamente singular, dentro da m\u00fasica moderna (baiana, brasileira e mundial).<\/p>\n<p>As\u00e9,<br \/>\n&#8220;BNegron&#8221;<\/p>\n","protected":false},"featured_media":66310,"template":"","meta":[],"product_brand":[],"product_cat":[108,97],"product_tag":[],"class_list":{"0":"post-66306","1":"product","2":"type-product","3":"status-publish","4":"has-post-thumbnail","6":"product_cat-lancamentos","7":"product_cat-lp","9":"first","10":"outofstock","11":"taxable","12":"shipping-taxable","13":"product-type-simple"},"yoast_head":"<!-- This site is optimized with the Yoast SEO plugin v27.3 - https:\/\/yoast.com\/product\/yoast-seo-wordpress\/ -->\n<title>BaianaSystem - Duas Cidades - Vinyl Land Records<\/title>\n<meta name=\"robots\" content=\"index, follow, max-snippet:-1, max-image-preview:large, max-video-preview:-1\" \/>\n<link rel=\"canonical\" href=\"https:\/\/shopbrasil.vinyllandrecords.com\/produto\/baianasystem-duas-cidades\/\" \/>\n<meta property=\"og:locale\" content=\"en_US\" \/>\n<meta property=\"og:type\" content=\"article\" \/>\n<meta property=\"og:title\" content=\"BaianaSystem - Duas Cidades - Vinyl Land Records\" \/>\n<meta property=\"og:description\" content=\"[:pb]As m\u00fasicas abaixo podem n\u00e3o refletir fielmente o conte\u00fado do vinil.   Capa Gatefold Premium, Encarte, M\u00e1scara Destac\u00e1vel e Adesivo  Duas Cidades \u00e9 isso:  O som das festas populares de um futuro pr\u00f3ximo. O trio el\u00e9trico como um soundsystem ambulante. O carnaval como uma experi\u00eancia social. A cidade (partida) como ponto de a\u00e7\u00e3o e observa\u00e7\u00e3o do ser humano Cada cabe\u00e7a \u00e9 um mundo. E o amor \u00e9, com certeza, a energia que est\u00e1 na ess\u00eancia desta experi\u00eancia. Com dend\u00ea e com afeto. O resultado \u00e9 um som que bate perfeitamente, com tudo no seu devido lugar. Mas, e voc\u00ea? Depois de todo esse texto, acredito que uma pergunta deve estar rondando a sua mente: O que seria o BaianaSystem? Um grupo? Uma banda? Um soundsystem? Um coletivo? Tudo ao mesmo tempo agora? Bem...mais do que a certeza dessa defini\u00e7\u00e3o, uma coisa eu posso afirmar: o BS \u00e9 um aut\u00eantico fen\u00f4meno cultural que se expande a cada apresenta\u00e7\u00e3o, a cada carnaval, do zero aos 20 mil, em crescimento (e movimento) exponencial. Salvador, Nova York, S\u00e3o Paulo, Tokyo, Rio de Janeiro, Xangai... Aonde isso vai parar? Aonde tudo isso vai dar? Isso, s\u00f3 o tempo dir\u00e1. Esperemos as cenas dos pr\u00f3ximos cap\u00edtulos desta saga extremamente singular, dentro da m\u00fasica moderna (baiana, brasileira e mundial).  As\u00e9, &quot;BNegron&quot;[:en]Content at this player may not reflect vinyl&#039;s actual songs.   Gatefold Sleeve, Insert, Detachable Mask and Sticker  Duas Cidades \u00e9 isso:  O som das festas populares de um futuro pr\u00f3ximo.  O trio el\u00e9trico como um soundsystem ambulante.  O carnaval como uma experi\u00eancia social.  A cidade (partida) como ponto de a\u00e7\u00e3o e observa\u00e7\u00e3o do ser humano  Cada cabe\u00e7a \u00e9 um mundo. E o amor \u00e9, com certeza, a energia que est\u00e1 na ess\u00eancia desta experi\u00eancia.  Com dend\u00ea e com afeto.  O resultado \u00e9 um som que bate perfeitamente, com tudo no seu devido lugar.  Mas, e voc\u00ea? Depois de todo esse texto, acredito que uma pergunta deve estar rondando a sua mente:  O que seria o BaianaSystem? Um grupo? Uma banda? Um soundsystem? Um coletivo? Tudo ao mesmo tempo agora?  Bem...mais do que a certeza dessa defini\u00e7\u00e3o, uma coisa eu posso afirmar: o BS \u00e9 um aut\u00eantico fen\u00f4meno cultural que se expande a cada apresenta\u00e7\u00e3o, a cada carnaval, do zero aos 20 mil, em crescimento (e movimento) exponencial.  Salvador, Nova York, S\u00e3o Paulo, Tokyo, Rio de Janeiro, Xangai...  Aonde isso vai parar? Aonde tudo isso vai dar? Isso, s\u00f3 o tempo dir\u00e1. Esperemos as cenas dos pr\u00f3ximos cap\u00edtulos desta saga extremamente singular, dentro da m\u00fasica moderna (baiana, brasileira e mundial).  As\u00e9, &quot;BNegron&quot;[:]\" \/>\n<meta property=\"og:url\" content=\"https:\/\/shopbrasil.vinyllandrecords.com\/produto\/baianasystem-duas-cidades\/\" \/>\n<meta property=\"og:site_name\" content=\"Vinyl Land Records\" \/>\n<meta property=\"article:modified_time\" content=\"2018-08-14T14:16:14+00:00\" \/>\n<meta property=\"og:image\" content=\"https:\/\/shopbrasil.vinyllandrecords.com\/wp-content\/uploads\/2018\/04\/baiana-capa.jpg\" \/>\n\t<meta property=\"og:image:width\" content=\"1120\" \/>\n\t<meta property=\"og:image:height\" content=\"1106\" \/>\n\t<meta property=\"og:image:type\" content=\"image\/jpeg\" \/>\n<meta name=\"twitter:card\" content=\"summary_large_image\" \/>\n<script type=\"application\/ld+json\" class=\"yoast-schema-graph\">{\"@context\":\"https:\\\/\\\/schema.org\",\"@graph\":[{\"@type\":\"WebPage\",\"@id\":\"https:\\\/\\\/shopbrasil.vinyllandrecords.com\\\/produto\\\/baianasystem-duas-cidades\\\/\",\"url\":\"https:\\\/\\\/shopbrasil.vinyllandrecords.com\\\/produto\\\/baianasystem-duas-cidades\\\/\",\"name\":\"BaianaSystem - Duas Cidades - Vinyl Land Records\",\"isPartOf\":{\"@id\":\"https:\\\/\\\/shopbrasil.vinyllandrecords.com\\\/#website\"},\"primaryImageOfPage\":{\"@id\":\"https:\\\/\\\/shopbrasil.vinyllandrecords.com\\\/produto\\\/baianasystem-duas-cidades\\\/#primaryimage\"},\"image\":{\"@id\":\"https:\\\/\\\/shopbrasil.vinyllandrecords.com\\\/produto\\\/baianasystem-duas-cidades\\\/#primaryimage\"},\"thumbnailUrl\":\"https:\\\/\\\/shopbrasil.vinyllandrecords.com\\\/wp-content\\\/uploads\\\/2018\\\/04\\\/baiana-capa.jpg\",\"datePublished\":\"2018-04-25T21:40:23+00:00\",\"dateModified\":\"2018-08-14T14:16:14+00:00\",\"breadcrumb\":{\"@id\":\"https:\\\/\\\/shopbrasil.vinyllandrecords.com\\\/produto\\\/baianasystem-duas-cidades\\\/#breadcrumb\"},\"inLanguage\":\"en-US\",\"potentialAction\":[{\"@type\":\"ReadAction\",\"target\":[\"https:\\\/\\\/shopbrasil.vinyllandrecords.com\\\/produto\\\/baianasystem-duas-cidades\\\/\"]}]},{\"@type\":\"ImageObject\",\"inLanguage\":\"en-US\",\"@id\":\"https:\\\/\\\/shopbrasil.vinyllandrecords.com\\\/produto\\\/baianasystem-duas-cidades\\\/#primaryimage\",\"url\":\"https:\\\/\\\/shopbrasil.vinyllandrecords.com\\\/wp-content\\\/uploads\\\/2018\\\/04\\\/baiana-capa.jpg\",\"contentUrl\":\"https:\\\/\\\/shopbrasil.vinyllandrecords.com\\\/wp-content\\\/uploads\\\/2018\\\/04\\\/baiana-capa.jpg\",\"width\":1120,\"height\":1106},{\"@type\":\"BreadcrumbList\",\"@id\":\"https:\\\/\\\/shopbrasil.vinyllandrecords.com\\\/produto\\\/baianasystem-duas-cidades\\\/#breadcrumb\",\"itemListElement\":[{\"@type\":\"ListItem\",\"position\":1,\"name\":\"In\u00edcio\",\"item\":\"https:\\\/\\\/shopbrasil.vinyllandrecords.com\\\/\"},{\"@type\":\"ListItem\",\"position\":2,\"name\":\"Shops\",\"item\":\"https:\\\/\\\/shopbrasil.vinyllandrecords.com\\\/shops\\\/\"},{\"@type\":\"ListItem\",\"position\":3,\"name\":\"BaianaSystem &#8211; Duas Cidades\"}]},{\"@type\":\"WebSite\",\"@id\":\"https:\\\/\\\/shopbrasil.vinyllandrecords.com\\\/#website\",\"url\":\"https:\\\/\\\/shopbrasil.vinyllandrecords.com\\\/\",\"name\":\"Vinyl Land Records\",\"description\":\"ONLINE SHOP\",\"potentialAction\":[{\"@type\":\"SearchAction\",\"target\":{\"@type\":\"EntryPoint\",\"urlTemplate\":\"https:\\\/\\\/shopbrasil.vinyllandrecords.com\\\/?s={search_term_string}\"},\"query-input\":{\"@type\":\"PropertyValueSpecification\",\"valueRequired\":true,\"valueName\":\"search_term_string\"}}],\"inLanguage\":\"en-US\"}]}<\/script>\n<!-- \/ Yoast SEO plugin. -->","yoast_head_json":{"title":"BaianaSystem - Duas Cidades - Vinyl Land Records","robots":{"index":"index","follow":"follow","max-snippet":"max-snippet:-1","max-image-preview":"max-image-preview:large","max-video-preview":"max-video-preview:-1"},"canonical":"https:\/\/shopbrasil.vinyllandrecords.com\/produto\/baianasystem-duas-cidades\/","og_locale":"en_US","og_type":"article","og_title":"BaianaSystem - Duas Cidades - Vinyl Land Records","og_description":"[:pb]As m\u00fasicas abaixo podem n\u00e3o refletir fielmente o conte\u00fado do vinil.   Capa Gatefold Premium, Encarte, M\u00e1scara Destac\u00e1vel e Adesivo  Duas Cidades \u00e9 isso:  O som das festas populares de um futuro pr\u00f3ximo. O trio el\u00e9trico como um soundsystem ambulante. O carnaval como uma experi\u00eancia social. A cidade (partida) como ponto de a\u00e7\u00e3o e observa\u00e7\u00e3o do ser humano Cada cabe\u00e7a \u00e9 um mundo. E o amor \u00e9, com certeza, a energia que est\u00e1 na ess\u00eancia desta experi\u00eancia. Com dend\u00ea e com afeto. O resultado \u00e9 um som que bate perfeitamente, com tudo no seu devido lugar. Mas, e voc\u00ea? Depois de todo esse texto, acredito que uma pergunta deve estar rondando a sua mente: O que seria o BaianaSystem? Um grupo? Uma banda? Um soundsystem? Um coletivo? Tudo ao mesmo tempo agora? Bem...mais do que a certeza dessa defini\u00e7\u00e3o, uma coisa eu posso afirmar: o BS \u00e9 um aut\u00eantico fen\u00f4meno cultural que se expande a cada apresenta\u00e7\u00e3o, a cada carnaval, do zero aos 20 mil, em crescimento (e movimento) exponencial. Salvador, Nova York, S\u00e3o Paulo, Tokyo, Rio de Janeiro, Xangai... Aonde isso vai parar? Aonde tudo isso vai dar? Isso, s\u00f3 o tempo dir\u00e1. Esperemos as cenas dos pr\u00f3ximos cap\u00edtulos desta saga extremamente singular, dentro da m\u00fasica moderna (baiana, brasileira e mundial).  As\u00e9, \"BNegron\"[:en]Content at this player may not reflect vinyl's actual songs.   Gatefold Sleeve, Insert, Detachable Mask and Sticker  Duas Cidades \u00e9 isso:  O som das festas populares de um futuro pr\u00f3ximo.  O trio el\u00e9trico como um soundsystem ambulante.  O carnaval como uma experi\u00eancia social.  A cidade (partida) como ponto de a\u00e7\u00e3o e observa\u00e7\u00e3o do ser humano  Cada cabe\u00e7a \u00e9 um mundo. E o amor \u00e9, com certeza, a energia que est\u00e1 na ess\u00eancia desta experi\u00eancia.  Com dend\u00ea e com afeto.  O resultado \u00e9 um som que bate perfeitamente, com tudo no seu devido lugar.  Mas, e voc\u00ea? Depois de todo esse texto, acredito que uma pergunta deve estar rondando a sua mente:  O que seria o BaianaSystem? Um grupo? Uma banda? Um soundsystem? Um coletivo? Tudo ao mesmo tempo agora?  Bem...mais do que a certeza dessa defini\u00e7\u00e3o, uma coisa eu posso afirmar: o BS \u00e9 um aut\u00eantico fen\u00f4meno cultural que se expande a cada apresenta\u00e7\u00e3o, a cada carnaval, do zero aos 20 mil, em crescimento (e movimento) exponencial.  Salvador, Nova York, S\u00e3o Paulo, Tokyo, Rio de Janeiro, Xangai...  Aonde isso vai parar? Aonde tudo isso vai dar? Isso, s\u00f3 o tempo dir\u00e1. Esperemos as cenas dos pr\u00f3ximos cap\u00edtulos desta saga extremamente singular, dentro da m\u00fasica moderna (baiana, brasileira e mundial).  As\u00e9, \"BNegron\"[:]","og_url":"https:\/\/shopbrasil.vinyllandrecords.com\/produto\/baianasystem-duas-cidades\/","og_site_name":"Vinyl Land Records","article_modified_time":"2018-08-14T14:16:14+00:00","og_image":[{"width":1120,"height":1106,"url":"https:\/\/shopbrasil.vinyllandrecords.com\/wp-content\/uploads\/2018\/04\/baiana-capa.jpg","type":"image\/jpeg"}],"twitter_card":"summary_large_image","schema":{"@context":"https:\/\/schema.org","@graph":[{"@type":"WebPage","@id":"https:\/\/shopbrasil.vinyllandrecords.com\/produto\/baianasystem-duas-cidades\/","url":"https:\/\/shopbrasil.vinyllandrecords.com\/produto\/baianasystem-duas-cidades\/","name":"BaianaSystem - Duas Cidades - Vinyl Land Records","isPartOf":{"@id":"https:\/\/shopbrasil.vinyllandrecords.com\/#website"},"primaryImageOfPage":{"@id":"https:\/\/shopbrasil.vinyllandrecords.com\/produto\/baianasystem-duas-cidades\/#primaryimage"},"image":{"@id":"https:\/\/shopbrasil.vinyllandrecords.com\/produto\/baianasystem-duas-cidades\/#primaryimage"},"thumbnailUrl":"https:\/\/shopbrasil.vinyllandrecords.com\/wp-content\/uploads\/2018\/04\/baiana-capa.jpg","datePublished":"2018-04-25T21:40:23+00:00","dateModified":"2018-08-14T14:16:14+00:00","breadcrumb":{"@id":"https:\/\/shopbrasil.vinyllandrecords.com\/produto\/baianasystem-duas-cidades\/#breadcrumb"},"inLanguage":"en-US","potentialAction":[{"@type":"ReadAction","target":["https:\/\/shopbrasil.vinyllandrecords.com\/produto\/baianasystem-duas-cidades\/"]}]},{"@type":"ImageObject","inLanguage":"en-US","@id":"https:\/\/shopbrasil.vinyllandrecords.com\/produto\/baianasystem-duas-cidades\/#primaryimage","url":"https:\/\/shopbrasil.vinyllandrecords.com\/wp-content\/uploads\/2018\/04\/baiana-capa.jpg","contentUrl":"https:\/\/shopbrasil.vinyllandrecords.com\/wp-content\/uploads\/2018\/04\/baiana-capa.jpg","width":1120,"height":1106},{"@type":"BreadcrumbList","@id":"https:\/\/shopbrasil.vinyllandrecords.com\/produto\/baianasystem-duas-cidades\/#breadcrumb","itemListElement":[{"@type":"ListItem","position":1,"name":"In\u00edcio","item":"https:\/\/shopbrasil.vinyllandrecords.com\/"},{"@type":"ListItem","position":2,"name":"Shops","item":"https:\/\/shopbrasil.vinyllandrecords.com\/shops\/"},{"@type":"ListItem","position":3,"name":"BaianaSystem &#8211; Duas Cidades"}]},{"@type":"WebSite","@id":"https:\/\/shopbrasil.vinyllandrecords.com\/#website","url":"https:\/\/shopbrasil.vinyllandrecords.com\/","name":"Vinyl Land Records","description":"ONLINE SHOP","potentialAction":[{"@type":"SearchAction","target":{"@type":"EntryPoint","urlTemplate":"https:\/\/shopbrasil.vinyllandrecords.com\/?s={search_term_string}"},"query-input":{"@type":"PropertyValueSpecification","valueRequired":true,"valueName":"search_term_string"}}],"inLanguage":"en-US"}]}},"_links":{"self":[{"href":"https:\/\/shopbrasil.vinyllandrecords.com\/en\/wp-json\/wp\/v2\/product\/66306","targetHints":{"allow":["GET"]}}],"collection":[{"href":"https:\/\/shopbrasil.vinyllandrecords.com\/en\/wp-json\/wp\/v2\/product"}],"about":[{"href":"https:\/\/shopbrasil.vinyllandrecords.com\/en\/wp-json\/wp\/v2\/types\/product"}],"wp:featuredmedia":[{"embeddable":true,"href":"https:\/\/shopbrasil.vinyllandrecords.com\/en\/wp-json\/wp\/v2\/media\/66310"}],"wp:attachment":[{"href":"https:\/\/shopbrasil.vinyllandrecords.com\/en\/wp-json\/wp\/v2\/media?parent=66306"}],"wp:term":[{"taxonomy":"product_brand","embeddable":true,"href":"https:\/\/shopbrasil.vinyllandrecords.com\/en\/wp-json\/wp\/v2\/product_brand?post=66306"},{"taxonomy":"product_cat","embeddable":true,"href":"https:\/\/shopbrasil.vinyllandrecords.com\/en\/wp-json\/wp\/v2\/product_cat?post=66306"},{"taxonomy":"product_tag","embeddable":true,"href":"https:\/\/shopbrasil.vinyllandrecords.com\/en\/wp-json\/wp\/v2\/product_tag?post=66306"}],"curies":[{"name":"wp","href":"https:\/\/api.w.org\/{rel}","templated":true}]}}