{"id":66311,"date":"2018-04-25T22:40:40","date_gmt":"2018-04-25T22:40:40","guid":{"rendered":"https:\/\/shopbrasil.vinyllandrecords.com\/?post_type=product&#038;p=66311"},"modified":"2023-04-20T14:17:02","modified_gmt":"2023-04-20T17:17:02","slug":"iconili-tupi-novo-mundo","status":"publish","type":"product","link":"https:\/\/shopbrasil.vinyllandrecords.com\/en\/produto\/iconili-tupi-novo-mundo\/","title":{"rendered":"Iconili &#8211; Tupi Novo Mundo"},"content":{"rendered":"","protected":false},"excerpt":{"rendered":"<p>Content at this player may not reflect vinyl&#8217;s actual songs.<\/p>\n<p><strong>Regular Sleeve \u00a0+ Insert<\/strong><\/p>\n<p>Celebrating 10 years of great music, Iconili along side Vinyl Land Records release for the first time on vinyl their debut album &#8220;Tupi Novo Mundo&#8221;, including all the tracks from the digital release plus bonus track Gentil from the album &#8220;Piac\u00f3&#8221;.<\/p>\n","protected":false},"featured_media":66312,"template":"","meta":[],"product_brand":[],"product_cat":[108,122,97],"product_tag":[],"class_list":{"0":"post-66311","1":"product","2":"type-product","3":"status-publish","4":"has-post-thumbnail","6":"product_cat-lancamentos","7":"product_cat-musica-mineira-em-vinil","8":"product_cat-lp","10":"first","11":"outofstock","12":"purchasable","13":"product-type-simple"},"yoast_head":"<!-- This site is optimized with the Yoast SEO plugin v27.4 - https:\/\/yoast.com\/product\/yoast-seo-wordpress\/ -->\n<title>Iconili - Tupi Novo Mundo - Vinyl Land Records<\/title>\n<meta name=\"robots\" content=\"index, follow, max-snippet:-1, max-image-preview:large, max-video-preview:-1\" \/>\n<link rel=\"canonical\" href=\"https:\/\/shopbrasil.vinyllandrecords.com\/produto\/iconili-tupi-novo-mundo\/\" \/>\n<meta property=\"og:locale\" content=\"en_US\" \/>\n<meta property=\"og:type\" content=\"article\" \/>\n<meta property=\"og:title\" content=\"Iconili - Tupi Novo Mundo - Vinyl Land Records\" \/>\n<meta property=\"og:description\" content=\"[:pb]As m\u00fasicas abaixo podem n\u00e3o refletir fielmente o conte\u00fado do vinil.   Regular Sleeve \u00a0+ Insert  Celebrating 10 years of great music, Iconili along side Vinyl Land Records release for the first time on vinyl their debut album &quot;Tupi Novo Mundo&quot;, including all the tracks from the digital release plus bonus track Gentil from the album &quot;Piac\u00f3&quot;.[:en]Content at this player may not reflect vinyl&#039;s actual songs.   Regular Sleeve \u00a0+ Insert  Celebrating 10 years of great music, Iconili along side Vinyl Land Records release for the first time on vinyl their debut album &quot;Tupi Novo Mundo&quot;, including all the tracks from the digital release plus bonus track Gentil from the album &quot;Piac\u00f3&quot;.[:]\" \/>\n<meta property=\"og:url\" content=\"https:\/\/shopbrasil.vinyllandrecords.com\/produto\/iconili-tupi-novo-mundo\/\" \/>\n<meta property=\"og:site_name\" content=\"Vinyl Land Records\" \/>\n<meta property=\"article:modified_time\" content=\"2023-04-20T17:17:02+00:00\" \/>\n<meta property=\"og:image\" content=\"https:\/\/shopbrasil.vinyllandrecords.com\/wp-content\/uploads\/2018\/04\/AF_Capa_LP_Tupi-copy.jpg\" \/>\n\t<meta property=\"og:image:width\" content=\"1848\" \/>\n\t<meta property=\"og:image:height\" content=\"1852\" \/>\n\t<meta property=\"og:image:type\" content=\"image\/jpeg\" \/>\n<meta name=\"twitter:card\" content=\"summary_large_image\" \/>\n<script type=\"application\/ld+json\" class=\"yoast-schema-graph\">{\"@context\":\"https:\\\/\\\/schema.org\",\"@graph\":[{\"@type\":\"WebPage\",\"@id\":\"https:\\\/\\\/shopbrasil.vinyllandrecords.com\\\/produto\\\/iconili-tupi-novo-mundo\\\/\",\"url\":\"https:\\\/\\\/shopbrasil.vinyllandrecords.com\\\/produto\\\/iconili-tupi-novo-mundo\\\/\",\"name\":\"Iconili - Tupi Novo Mundo - Vinyl Land Records\",\"isPartOf\":{\"@id\":\"https:\\\/\\\/shopbrasil.vinyllandrecords.com\\\/#website\"},\"primaryImageOfPage\":{\"@id\":\"https:\\\/\\\/shopbrasil.vinyllandrecords.com\\\/produto\\\/iconili-tupi-novo-mundo\\\/#primaryimage\"},\"image\":{\"@id\":\"https:\\\/\\\/shopbrasil.vinyllandrecords.com\\\/produto\\\/iconili-tupi-novo-mundo\\\/#primaryimage\"},\"thumbnailUrl\":\"https:\\\/\\\/shopbrasil.vinyllandrecords.com\\\/wp-content\\\/uploads\\\/2018\\\/04\\\/AF_Capa_LP_Tupi-copy.jpg\",\"datePublished\":\"2018-04-25T22:40:40+00:00\",\"dateModified\":\"2023-04-20T17:17:02+00:00\",\"breadcrumb\":{\"@id\":\"https:\\\/\\\/shopbrasil.vinyllandrecords.com\\\/produto\\\/iconili-tupi-novo-mundo\\\/#breadcrumb\"},\"inLanguage\":\"en-US\",\"potentialAction\":[{\"@type\":\"ReadAction\",\"target\":[\"https:\\\/\\\/shopbrasil.vinyllandrecords.com\\\/produto\\\/iconili-tupi-novo-mundo\\\/\"]}]},{\"@type\":\"ImageObject\",\"inLanguage\":\"en-US\",\"@id\":\"https:\\\/\\\/shopbrasil.vinyllandrecords.com\\\/produto\\\/iconili-tupi-novo-mundo\\\/#primaryimage\",\"url\":\"https:\\\/\\\/shopbrasil.vinyllandrecords.com\\\/wp-content\\\/uploads\\\/2018\\\/04\\\/AF_Capa_LP_Tupi-copy.jpg\",\"contentUrl\":\"https:\\\/\\\/shopbrasil.vinyllandrecords.com\\\/wp-content\\\/uploads\\\/2018\\\/04\\\/AF_Capa_LP_Tupi-copy.jpg\",\"width\":1848,\"height\":1852},{\"@type\":\"BreadcrumbList\",\"@id\":\"https:\\\/\\\/shopbrasil.vinyllandrecords.com\\\/produto\\\/iconili-tupi-novo-mundo\\\/#breadcrumb\",\"itemListElement\":[{\"@type\":\"ListItem\",\"position\":1,\"name\":\"In\u00edcio\",\"item\":\"https:\\\/\\\/shopbrasil.vinyllandrecords.com\\\/\"},{\"@type\":\"ListItem\",\"position\":2,\"name\":\"Shops\",\"item\":\"https:\\\/\\\/shopbrasil.vinyllandrecords.com\\\/shops\\\/\"},{\"@type\":\"ListItem\",\"position\":3,\"name\":\"Iconili &#8211; Tupi Novo Mundo\"}]},{\"@type\":\"WebSite\",\"@id\":\"https:\\\/\\\/shopbrasil.vinyllandrecords.com\\\/#website\",\"url\":\"https:\\\/\\\/shopbrasil.vinyllandrecords.com\\\/\",\"name\":\"Vinyl Land Records\",\"description\":\"ONLINE SHOP\",\"potentialAction\":[{\"@type\":\"SearchAction\",\"target\":{\"@type\":\"EntryPoint\",\"urlTemplate\":\"https:\\\/\\\/shopbrasil.vinyllandrecords.com\\\/?s={search_term_string}\"},\"query-input\":{\"@type\":\"PropertyValueSpecification\",\"valueRequired\":true,\"valueName\":\"search_term_string\"}}],\"inLanguage\":\"en-US\"}]}<\/script>\n<!-- \/ Yoast SEO plugin. -->","yoast_head_json":{"title":"Iconili - Tupi Novo Mundo - Vinyl Land Records","robots":{"index":"index","follow":"follow","max-snippet":"max-snippet:-1","max-image-preview":"max-image-preview:large","max-video-preview":"max-video-preview:-1"},"canonical":"https:\/\/shopbrasil.vinyllandrecords.com\/produto\/iconili-tupi-novo-mundo\/","og_locale":"en_US","og_type":"article","og_title":"Iconili - Tupi Novo Mundo - Vinyl Land Records","og_description":"[:pb]As m\u00fasicas abaixo podem n\u00e3o refletir fielmente o conte\u00fado do vinil.   Regular Sleeve \u00a0+ Insert  Celebrating 10 years of great music, Iconili along side Vinyl Land Records release for the first time on vinyl their debut album \"Tupi Novo Mundo\", including all the tracks from the digital release plus bonus track Gentil from the album \"Piac\u00f3\".[:en]Content at this player may not reflect vinyl's actual songs.   Regular Sleeve \u00a0+ Insert  Celebrating 10 years of great music, Iconili along side Vinyl Land Records release for the first time on vinyl their debut album \"Tupi Novo Mundo\", including all the tracks from the digital release plus bonus track Gentil from the album \"Piac\u00f3\".[:]","og_url":"https:\/\/shopbrasil.vinyllandrecords.com\/produto\/iconili-tupi-novo-mundo\/","og_site_name":"Vinyl Land Records","article_modified_time":"2023-04-20T17:17:02+00:00","og_image":[{"width":1848,"height":1852,"url":"https:\/\/shopbrasil.vinyllandrecords.com\/wp-content\/uploads\/2018\/04\/AF_Capa_LP_Tupi-copy.jpg","type":"image\/jpeg"}],"twitter_card":"summary_large_image","schema":{"@context":"https:\/\/schema.org","@graph":[{"@type":"WebPage","@id":"https:\/\/shopbrasil.vinyllandrecords.com\/produto\/iconili-tupi-novo-mundo\/","url":"https:\/\/shopbrasil.vinyllandrecords.com\/produto\/iconili-tupi-novo-mundo\/","name":"Iconili - Tupi Novo Mundo - Vinyl Land Records","isPartOf":{"@id":"https:\/\/shopbrasil.vinyllandrecords.com\/#website"},"primaryImageOfPage":{"@id":"https:\/\/shopbrasil.vinyllandrecords.com\/produto\/iconili-tupi-novo-mundo\/#primaryimage"},"image":{"@id":"https:\/\/shopbrasil.vinyllandrecords.com\/produto\/iconili-tupi-novo-mundo\/#primaryimage"},"thumbnailUrl":"https:\/\/shopbrasil.vinyllandrecords.com\/wp-content\/uploads\/2018\/04\/AF_Capa_LP_Tupi-copy.jpg","datePublished":"2018-04-25T22:40:40+00:00","dateModified":"2023-04-20T17:17:02+00:00","breadcrumb":{"@id":"https:\/\/shopbrasil.vinyllandrecords.com\/produto\/iconili-tupi-novo-mundo\/#breadcrumb"},"inLanguage":"en-US","potentialAction":[{"@type":"ReadAction","target":["https:\/\/shopbrasil.vinyllandrecords.com\/produto\/iconili-tupi-novo-mundo\/"]}]},{"@type":"ImageObject","inLanguage":"en-US","@id":"https:\/\/shopbrasil.vinyllandrecords.com\/produto\/iconili-tupi-novo-mundo\/#primaryimage","url":"https:\/\/shopbrasil.vinyllandrecords.com\/wp-content\/uploads\/2018\/04\/AF_Capa_LP_Tupi-copy.jpg","contentUrl":"https:\/\/shopbrasil.vinyllandrecords.com\/wp-content\/uploads\/2018\/04\/AF_Capa_LP_Tupi-copy.jpg","width":1848,"height":1852},{"@type":"BreadcrumbList","@id":"https:\/\/shopbrasil.vinyllandrecords.com\/produto\/iconili-tupi-novo-mundo\/#breadcrumb","itemListElement":[{"@type":"ListItem","position":1,"name":"In\u00edcio","item":"https:\/\/shopbrasil.vinyllandrecords.com\/"},{"@type":"ListItem","position":2,"name":"Shops","item":"https:\/\/shopbrasil.vinyllandrecords.com\/shops\/"},{"@type":"ListItem","position":3,"name":"Iconili &#8211; Tupi Novo Mundo"}]},{"@type":"WebSite","@id":"https:\/\/shopbrasil.vinyllandrecords.com\/#website","url":"https:\/\/shopbrasil.vinyllandrecords.com\/","name":"Vinyl Land Records","description":"ONLINE SHOP","potentialAction":[{"@type":"SearchAction","target":{"@type":"EntryPoint","urlTemplate":"https:\/\/shopbrasil.vinyllandrecords.com\/?s={search_term_string}"},"query-input":{"@type":"PropertyValueSpecification","valueRequired":true,"valueName":"search_term_string"}}],"inLanguage":"en-US"}]}},"_links":{"self":[{"href":"https:\/\/shopbrasil.vinyllandrecords.com\/en\/wp-json\/wp\/v2\/product\/66311","targetHints":{"allow":["GET"]}}],"collection":[{"href":"https:\/\/shopbrasil.vinyllandrecords.com\/en\/wp-json\/wp\/v2\/product"}],"about":[{"href":"https:\/\/shopbrasil.vinyllandrecords.com\/en\/wp-json\/wp\/v2\/types\/product"}],"wp:featuredmedia":[{"embeddable":true,"href":"https:\/\/shopbrasil.vinyllandrecords.com\/en\/wp-json\/wp\/v2\/media\/66312"}],"wp:attachment":[{"href":"https:\/\/shopbrasil.vinyllandrecords.com\/en\/wp-json\/wp\/v2\/media?parent=66311"}],"wp:term":[{"taxonomy":"product_brand","embeddable":true,"href":"https:\/\/shopbrasil.vinyllandrecords.com\/en\/wp-json\/wp\/v2\/product_brand?post=66311"},{"taxonomy":"product_cat","embeddable":true,"href":"https:\/\/shopbrasil.vinyllandrecords.com\/en\/wp-json\/wp\/v2\/product_cat?post=66311"},{"taxonomy":"product_tag","embeddable":true,"href":"https:\/\/shopbrasil.vinyllandrecords.com\/en\/wp-json\/wp\/v2\/product_tag?post=66311"}],"curies":[{"name":"wp","href":"https:\/\/api.w.org\/{rel}","templated":true}]}}