{"id":66808,"date":"2018-06-26T00:24:51","date_gmt":"2018-06-26T00:24:51","guid":{"rendered":"https:\/\/shopbrasil.vinyllandrecords.com\/?post_type=product&#038;p=66808"},"modified":"2024-06-20T10:52:02","modified_gmt":"2024-06-20T13:52:02","slug":"english-siba-fuloresta-do-samba","status":"publish","type":"product","link":"https:\/\/shopbrasil.vinyllandrecords.com\/en\/produto\/english-siba-fuloresta-do-samba\/","title":{"rendered":"Siba \u2013 Fuloresta Do Samba"},"content":{"rendered":"","protected":false},"excerpt":{"rendered":"<div>Content on this player may not reflect vinyl\u2019s actual songs.<\/div>\n<p><iframe src=\"https:\/\/www.youtube.com\/embed\/jfIPCqJc_wE\" width=\"560\" height=\"315\" frameborder=\"0\" allowfullscreen=\"allowfullscreen\"><\/iframe><\/p>\n<div><\/div>\n<div class=\"woocommerce-product-details__short-description\">\n<div>\n<div>\n<div>Double LP, 180g, gatefold<\/div>\n<\/div>\n<div>Pressed in Alemanha 2018<br \/>\nReleased by EAEO Records<\/div>\n<\/div>\n<\/div>\n","protected":false},"featured_media":66809,"template":"","meta":[],"product_brand":[],"product_cat":[107,111,113,124,125,97],"product_tag":[],"class_list":{"0":"post-66808","1":"product","2":"type-product","3":"status-publish","4":"has-post-thumbnail","6":"product_cat-garimpo","7":"product_cat-destaque","8":"product_cat-eaeo-records","9":"product_cat-2xlp","10":"product_cat-gatefold-sleeve","11":"product_cat-lp","13":"first","14":"outofstock","15":"taxable","16":"shipping-taxable","17":"purchasable","18":"product-type-simple"},"yoast_head":"<!-- This site is optimized with the Yoast SEO plugin v27.3 - https:\/\/yoast.com\/product\/yoast-seo-wordpress\/ -->\n<title>Siba \u2013 Fuloresta Do Samba - Vinyl Land Records<\/title>\n<meta name=\"robots\" content=\"index, follow, max-snippet:-1, max-image-preview:large, max-video-preview:-1\" \/>\n<link rel=\"canonical\" href=\"https:\/\/shopbrasil.vinyllandrecords.com\/produto\/english-siba-fuloresta-do-samba\/\" \/>\n<meta property=\"og:locale\" content=\"en_US\" \/>\n<meta property=\"og:type\" content=\"article\" \/>\n<meta property=\"og:title\" content=\"Siba \u2013 Fuloresta Do Samba - Vinyl Land Records\" \/>\n<meta property=\"og:description\" content=\"[:pb]As m\u00fasicas abaixo podem n\u00e3o refletir fielmente o conte\u00fado do vinil.     Vinil duplo, 180g, capa dupla\/gatefold  Prensado na Alemanha e lan\u00e7ado em 2018 Lan\u00e7amento EAEO Records  [:en]Content on this player may not reflect vinyl\u2019s actual songs.      Double LP, 180g, gatefold  Pressed in Alemanha 2018 Released by EAEO Records  [:]\" \/>\n<meta property=\"og:url\" content=\"https:\/\/shopbrasil.vinyllandrecords.com\/produto\/english-siba-fuloresta-do-samba\/\" \/>\n<meta property=\"og:site_name\" content=\"Vinyl Land Records\" \/>\n<meta property=\"article:modified_time\" content=\"2024-06-20T13:52:02+00:00\" \/>\n<meta property=\"og:image\" content=\"https:\/\/shopbrasil.vinyllandrecords.com\/wp-content\/uploads\/2018\/06\/1802_EAEOc1-nqida4j2j3zxifmwf8oili5d03kjzn3wib6exu5ao0.jpg\" \/>\n\t<meta property=\"og:image:width\" content=\"592\" \/>\n\t<meta property=\"og:image:height\" content=\"587\" \/>\n\t<meta property=\"og:image:type\" content=\"image\/jpeg\" \/>\n<meta name=\"twitter:card\" content=\"summary_large_image\" \/>\n<script type=\"application\/ld+json\" class=\"yoast-schema-graph\">{\"@context\":\"https:\\\/\\\/schema.org\",\"@graph\":[{\"@type\":\"WebPage\",\"@id\":\"https:\\\/\\\/shopbrasil.vinyllandrecords.com\\\/produto\\\/english-siba-fuloresta-do-samba\\\/\",\"url\":\"https:\\\/\\\/shopbrasil.vinyllandrecords.com\\\/produto\\\/english-siba-fuloresta-do-samba\\\/\",\"name\":\"Siba \u2013 Fuloresta Do Samba - Vinyl Land Records\",\"isPartOf\":{\"@id\":\"https:\\\/\\\/shopbrasil.vinyllandrecords.com\\\/#website\"},\"primaryImageOfPage\":{\"@id\":\"https:\\\/\\\/shopbrasil.vinyllandrecords.com\\\/produto\\\/english-siba-fuloresta-do-samba\\\/#primaryimage\"},\"image\":{\"@id\":\"https:\\\/\\\/shopbrasil.vinyllandrecords.com\\\/produto\\\/english-siba-fuloresta-do-samba\\\/#primaryimage\"},\"thumbnailUrl\":\"https:\\\/\\\/shopbrasil.vinyllandrecords.com\\\/wp-content\\\/uploads\\\/2018\\\/06\\\/1802_EAEOc1-nqida4j2j3zxifmwf8oili5d03kjzn3wib6exu5ao0.jpg\",\"datePublished\":\"2018-06-26T00:24:51+00:00\",\"dateModified\":\"2024-06-20T13:52:02+00:00\",\"breadcrumb\":{\"@id\":\"https:\\\/\\\/shopbrasil.vinyllandrecords.com\\\/produto\\\/english-siba-fuloresta-do-samba\\\/#breadcrumb\"},\"inLanguage\":\"en-US\",\"potentialAction\":[{\"@type\":\"ReadAction\",\"target\":[\"https:\\\/\\\/shopbrasil.vinyllandrecords.com\\\/produto\\\/english-siba-fuloresta-do-samba\\\/\"]}]},{\"@type\":\"ImageObject\",\"inLanguage\":\"en-US\",\"@id\":\"https:\\\/\\\/shopbrasil.vinyllandrecords.com\\\/produto\\\/english-siba-fuloresta-do-samba\\\/#primaryimage\",\"url\":\"https:\\\/\\\/shopbrasil.vinyllandrecords.com\\\/wp-content\\\/uploads\\\/2018\\\/06\\\/1802_EAEOc1-nqida4j2j3zxifmwf8oili5d03kjzn3wib6exu5ao0.jpg\",\"contentUrl\":\"https:\\\/\\\/shopbrasil.vinyllandrecords.com\\\/wp-content\\\/uploads\\\/2018\\\/06\\\/1802_EAEOc1-nqida4j2j3zxifmwf8oili5d03kjzn3wib6exu5ao0.jpg\",\"width\":592,\"height\":587},{\"@type\":\"BreadcrumbList\",\"@id\":\"https:\\\/\\\/shopbrasil.vinyllandrecords.com\\\/produto\\\/english-siba-fuloresta-do-samba\\\/#breadcrumb\",\"itemListElement\":[{\"@type\":\"ListItem\",\"position\":1,\"name\":\"In\u00edcio\",\"item\":\"https:\\\/\\\/shopbrasil.vinyllandrecords.com\\\/\"},{\"@type\":\"ListItem\",\"position\":2,\"name\":\"Shops\",\"item\":\"https:\\\/\\\/shopbrasil.vinyllandrecords.com\\\/shops\\\/\"},{\"@type\":\"ListItem\",\"position\":3,\"name\":\"Siba \u2013 Fuloresta Do Samba\"}]},{\"@type\":\"WebSite\",\"@id\":\"https:\\\/\\\/shopbrasil.vinyllandrecords.com\\\/#website\",\"url\":\"https:\\\/\\\/shopbrasil.vinyllandrecords.com\\\/\",\"name\":\"Vinyl Land Records\",\"description\":\"ONLINE SHOP\",\"potentialAction\":[{\"@type\":\"SearchAction\",\"target\":{\"@type\":\"EntryPoint\",\"urlTemplate\":\"https:\\\/\\\/shopbrasil.vinyllandrecords.com\\\/?s={search_term_string}\"},\"query-input\":{\"@type\":\"PropertyValueSpecification\",\"valueRequired\":true,\"valueName\":\"search_term_string\"}}],\"inLanguage\":\"en-US\"}]}<\/script>\n<!-- \/ Yoast SEO plugin. -->","yoast_head_json":{"title":"Siba \u2013 Fuloresta Do Samba - Vinyl Land Records","robots":{"index":"index","follow":"follow","max-snippet":"max-snippet:-1","max-image-preview":"max-image-preview:large","max-video-preview":"max-video-preview:-1"},"canonical":"https:\/\/shopbrasil.vinyllandrecords.com\/produto\/english-siba-fuloresta-do-samba\/","og_locale":"en_US","og_type":"article","og_title":"Siba \u2013 Fuloresta Do Samba - Vinyl Land Records","og_description":"[:pb]As m\u00fasicas abaixo podem n\u00e3o refletir fielmente o conte\u00fado do vinil.     Vinil duplo, 180g, capa dupla\/gatefold  Prensado na Alemanha e lan\u00e7ado em 2018 Lan\u00e7amento EAEO Records  [:en]Content on this player may not reflect vinyl\u2019s actual songs.      Double LP, 180g, gatefold  Pressed in Alemanha 2018 Released by EAEO Records  [:]","og_url":"https:\/\/shopbrasil.vinyllandrecords.com\/produto\/english-siba-fuloresta-do-samba\/","og_site_name":"Vinyl Land Records","article_modified_time":"2024-06-20T13:52:02+00:00","og_image":[{"width":592,"height":587,"url":"https:\/\/shopbrasil.vinyllandrecords.com\/wp-content\/uploads\/2018\/06\/1802_EAEOc1-nqida4j2j3zxifmwf8oili5d03kjzn3wib6exu5ao0.jpg","type":"image\/jpeg"}],"twitter_card":"summary_large_image","schema":{"@context":"https:\/\/schema.org","@graph":[{"@type":"WebPage","@id":"https:\/\/shopbrasil.vinyllandrecords.com\/produto\/english-siba-fuloresta-do-samba\/","url":"https:\/\/shopbrasil.vinyllandrecords.com\/produto\/english-siba-fuloresta-do-samba\/","name":"Siba \u2013 Fuloresta Do Samba - Vinyl Land Records","isPartOf":{"@id":"https:\/\/shopbrasil.vinyllandrecords.com\/#website"},"primaryImageOfPage":{"@id":"https:\/\/shopbrasil.vinyllandrecords.com\/produto\/english-siba-fuloresta-do-samba\/#primaryimage"},"image":{"@id":"https:\/\/shopbrasil.vinyllandrecords.com\/produto\/english-siba-fuloresta-do-samba\/#primaryimage"},"thumbnailUrl":"https:\/\/shopbrasil.vinyllandrecords.com\/wp-content\/uploads\/2018\/06\/1802_EAEOc1-nqida4j2j3zxifmwf8oili5d03kjzn3wib6exu5ao0.jpg","datePublished":"2018-06-26T00:24:51+00:00","dateModified":"2024-06-20T13:52:02+00:00","breadcrumb":{"@id":"https:\/\/shopbrasil.vinyllandrecords.com\/produto\/english-siba-fuloresta-do-samba\/#breadcrumb"},"inLanguage":"en-US","potentialAction":[{"@type":"ReadAction","target":["https:\/\/shopbrasil.vinyllandrecords.com\/produto\/english-siba-fuloresta-do-samba\/"]}]},{"@type":"ImageObject","inLanguage":"en-US","@id":"https:\/\/shopbrasil.vinyllandrecords.com\/produto\/english-siba-fuloresta-do-samba\/#primaryimage","url":"https:\/\/shopbrasil.vinyllandrecords.com\/wp-content\/uploads\/2018\/06\/1802_EAEOc1-nqida4j2j3zxifmwf8oili5d03kjzn3wib6exu5ao0.jpg","contentUrl":"https:\/\/shopbrasil.vinyllandrecords.com\/wp-content\/uploads\/2018\/06\/1802_EAEOc1-nqida4j2j3zxifmwf8oili5d03kjzn3wib6exu5ao0.jpg","width":592,"height":587},{"@type":"BreadcrumbList","@id":"https:\/\/shopbrasil.vinyllandrecords.com\/produto\/english-siba-fuloresta-do-samba\/#breadcrumb","itemListElement":[{"@type":"ListItem","position":1,"name":"In\u00edcio","item":"https:\/\/shopbrasil.vinyllandrecords.com\/"},{"@type":"ListItem","position":2,"name":"Shops","item":"https:\/\/shopbrasil.vinyllandrecords.com\/shops\/"},{"@type":"ListItem","position":3,"name":"Siba \u2013 Fuloresta Do Samba"}]},{"@type":"WebSite","@id":"https:\/\/shopbrasil.vinyllandrecords.com\/#website","url":"https:\/\/shopbrasil.vinyllandrecords.com\/","name":"Vinyl Land Records","description":"ONLINE SHOP","potentialAction":[{"@type":"SearchAction","target":{"@type":"EntryPoint","urlTemplate":"https:\/\/shopbrasil.vinyllandrecords.com\/?s={search_term_string}"},"query-input":{"@type":"PropertyValueSpecification","valueRequired":true,"valueName":"search_term_string"}}],"inLanguage":"en-US"}]}},"_links":{"self":[{"href":"https:\/\/shopbrasil.vinyllandrecords.com\/en\/wp-json\/wp\/v2\/product\/66808","targetHints":{"allow":["GET"]}}],"collection":[{"href":"https:\/\/shopbrasil.vinyllandrecords.com\/en\/wp-json\/wp\/v2\/product"}],"about":[{"href":"https:\/\/shopbrasil.vinyllandrecords.com\/en\/wp-json\/wp\/v2\/types\/product"}],"wp:featuredmedia":[{"embeddable":true,"href":"https:\/\/shopbrasil.vinyllandrecords.com\/en\/wp-json\/wp\/v2\/media\/66809"}],"wp:attachment":[{"href":"https:\/\/shopbrasil.vinyllandrecords.com\/en\/wp-json\/wp\/v2\/media?parent=66808"}],"wp:term":[{"taxonomy":"product_brand","embeddable":true,"href":"https:\/\/shopbrasil.vinyllandrecords.com\/en\/wp-json\/wp\/v2\/product_brand?post=66808"},{"taxonomy":"product_cat","embeddable":true,"href":"https:\/\/shopbrasil.vinyllandrecords.com\/en\/wp-json\/wp\/v2\/product_cat?post=66808"},{"taxonomy":"product_tag","embeddable":true,"href":"https:\/\/shopbrasil.vinyllandrecords.com\/en\/wp-json\/wp\/v2\/product_tag?post=66808"}],"curies":[{"name":"wp","href":"https:\/\/api.w.org\/{rel}","templated":true}]}}