{"id":66984,"date":"2018-08-13T17:55:39","date_gmt":"2018-08-13T17:55:39","guid":{"rendered":"https:\/\/shopbrasil.vinyllandrecords.com\/?post_type=product&#038;p=66984"},"modified":"2026-02-03T13:03:00","modified_gmt":"2026-02-03T16:03:00","slug":"monkey-jhayam","status":"publish","type":"product","link":"https:\/\/shopbrasil.vinyllandrecords.com\/en\/produto\/monkey-jhayam\/","title":{"rendered":"PRINCE FATTY PRESENTING MONKEY JHAYAM &#8211; THE ROL\u00ca OF MONKEY MAN"},"content":{"rendered":"","protected":false},"excerpt":{"rendered":"<p>Content on this player may not reflect vinyl&#8217;s actual songs.<\/p>\n<p>180g Black Vinyl LP Pressed in London\/UK (The Carvery) &#8211; (Green Vinyl Limited to 100 copies Sold out)<\/p>\n<p>Welcome to &#8220;The Rol\u00ea of Monkey Man&#8221;, the new album from Monkey Jhayam!<\/p>\n<p>Singer and songwriter since 2008 and one of the most prominent Toaster\/MC of the sound system culture in Brazil, Monkey Jhayam represents the voice that comes from the streets of the east side of S\u00e3o Paulo, Brazil. His message, conscious lyrics and militancy coupled with several special guest appearances and musical production by the great English producer Prince Fatty, all come together to form an instant classic album released by the legendary American label Delicious Vinyl and his Jamaican arm Delicious Vinyl Island, with support from Deska Sound System and Vinyl Land Records from Brazil.<\/p>\n<p>The album features 12 songs with great musicians such as Dub Judah (Twinkle Brothers), Black Steel and Mafia, Lenny Edwards and Kashta Tafari, with guest appearances by world-renowned singers such as Fatlip (Pharcyde), Nina Miranda (Smoke City), Horseman, Tippa Irie, Earl 16, Shniece Mcmenamin and Omar Lye-Fook.<\/p>\n<p>Maintaining the tradition and the unique sound of Jamaican musical production with a Brazilian twist, the album takes us on a trip back to the Caribbean island that has taken the whole planet by storm with its unique way of expressing its affections and feelings through music, Reggae music!<\/p>\n<p>Tracklist:<\/p>\n<p>01 &#8211; Rol\u00ea (Feat Horseman &amp; Earl 16)<br \/>\n02 &#8211; M\u00e3e da Lua \/ Everybody Love the Sunshine) (Feat Omar &amp; Fatlip The Pharcyde)<br \/>\n03 &#8211; Assento Reservado<br \/>\n04 \u2013 Diga-me (Feat Horseman)<br \/>\n05 &#8211; Policiais no Helic\u00f3ptero (Feat Earl 16)<br \/>\n06 &#8211; Eles N\u00e3o Sabem (Feat Tippa Irie e Earl 16)<br \/>\n07 &#8211; Manh\u00e3 de Domingo \/ Underwater Love (Feat Nina Miranda)<br \/>\n08 &#8211; Se N\u00e3o Agora Quando?<br \/>\n09 &#8211; De Que Adianta (Feat Horseman)<br \/>\n10 &#8211; Vem Comigo \/ 90% Of Me is You (Feat Shniece McMenamin)<br \/>\n11 &#8211; Fortalecendo a Cultura<br \/>\n12 &#8211; Soul Powah (Feat Shniece McMenamin)<\/p>\n<p>CREDITS<br \/>\nExecutive producers: Tropical Dope (UK), Delicious Vinyl (EUA) e Deska Sound System (Brazil)<\/p>\n<p>Label: Delicious Vinyl Island \/ Delicious Vinyl (EUA) \/ Vinyl Land Records (Brazil)<\/p>\n<p>Art Cover: Tinho<\/p>\n<p>Diagramming: Yuga<\/p>\n<p>Musicians:<\/p>\n<p>Drums: Horseman<br \/>\nPercussion: Horseman, Lenny Edwards<br \/>\nBass: Dub Judah, Black Steel and Mafia<br \/>\nGuitar: Kashta Tafari<br \/>\nKeyboards: Bubblers, Mafia and Black Steel<br \/>\nSynths: Omar Lye-Fook<br \/>\nBacking Vocals: Shniece McMenamin<br \/>\nSax: Megumi<br \/>\nSpecial guest appearences: Omar Lye-Fook. Shniece McMenamin, Fatlip (The Pharcyde), Nina Miranda (Smoke City), Earl 16, Horseman and Tippa Irie<\/p>\n<p>Recorded at Fishmarket Studios (London \u2013 UK) and The Ironworks Studio (Brighton \u2013 UK)<\/p>\n<p>Vocals recorded at Est\u00fadio Locomotiva (Belo Horizonte \u2013 Brazil) and Jungle Lord (S\u00e3o Paulo \u2013 Brasil)<\/p>\n<p>Mixing: Prince Fatty at The Ironworks Studio (Brighton \u2013 UK) e Evergreen HQ (Londres \u2013 UK)<\/p>\n<p>Mastering: Frank at The Carvery Cuts (London \u2013 UK)<\/p>\n<p>Produ\u00e7ed by: Prince Fatty e Monkey Jhayam<\/p>\n","protected":false},"featured_media":66985,"template":"","meta":[],"product_brand":[],"product_cat":[108,118,97],"product_tag":[],"class_list":{"0":"post-66984","1":"product","2":"type-product","3":"status-publish","4":"has-post-thumbnail","6":"product_cat-lancamentos","7":"product_cat-importado","8":"product_cat-lp","10":"first","11":"outofstock","12":"taxable","13":"shipping-taxable","14":"purchasable","15":"product-type-simple"},"yoast_head":"<!-- This site is optimized with the Yoast SEO plugin v27.3 - https:\/\/yoast.com\/product\/yoast-seo-wordpress\/ -->\n<title>PRINCE FATTY PRESENTING MONKEY JHAYAM - THE ROL\u00ca OF MONKEY MAN - Vinyl Land Records<\/title>\n<meta name=\"robots\" content=\"index, follow, max-snippet:-1, max-image-preview:large, max-video-preview:-1\" \/>\n<link rel=\"canonical\" href=\"https:\/\/shopbrasil.vinyllandrecords.com\/produto\/monkey-jhayam\/\" \/>\n<meta property=\"og:locale\" content=\"en_US\" \/>\n<meta property=\"og:type\" content=\"article\" \/>\n<meta property=\"og:title\" content=\"PRINCE FATTY PRESENTING MONKEY JHAYAM - THE ROL\u00ca OF MONKEY MAN - Vinyl Land Records\" \/>\n<meta property=\"og:description\" content=\"[:pb]As m\u00fasicas abaixo podem n\u00e3o refletir fielmente o conte\u00fado do vinil.  LP PRETO 180g Prensado em Londres\/UK (The Carvery) - (100 primeiras c\u00f3pias LP Verde ESGOTADO!)  Sejam bem vindos ao &quot;The Rol\u00ea of MonkeyMan&quot;, o novo \u00e1lbum de Monkey Jhayam!  Cantor e compositor desde 2008 e um dos principais expoentes da cultura sound system da Am\u00e9rica Latina, Monkey Jhayam representa a voz que vem das ruas, dos extremos da zona leste de S\u00e3o Paulo. Mensagem, consci\u00eancia e milit\u00e2ncia unidos \u00e0s diversas participa\u00e7\u00f5es mais que especiais, complementam essa obra produzida pelo grande produtor ingl\u00eas Prince Fatty.  O \u00e1lbum conta com 12 m\u00fasicas com a participa\u00e7\u00e3o de grandes m\u00fasicos como Dub Judah (Twinkle Brothers), Black Steel and Mafia, Lenny Edwards e Kashta Tafari. Al\u00e9m disto, o \u201cThe Rol\u00ea of Monkey Man\u201d fica ainda mais pesado com participa\u00e7\u00f5es especiais de cantores consagrados mundialmente como Fatlip (Pharcyde), Nina Miranda (Smoke City), Horseman, Tippa Irie, Earl 16, Shniece Mcmenamin e Omar Lye-Fook.  O \u00e1lbum mant\u00e9m a tradi\u00e7\u00e3o das produ\u00e7\u00f5es Jamaicanas com suas timbragens \u00fanicas, nos introduzindo em uma viagem com tempero brasileiro de volta \u00e0 pequena ilha caribenha que tomou de assalto todo o planeta com sua forma \u00fanica de expressar seus afetos e sentimentos atrav\u00e9s da m\u00fasica. Viva a m\u00fasica Reggae!  Tracklist:  01 - Rol\u00ea (Feat Horseman &amp; Earl 16) 02 - M\u00e3e da Lua \/ Everybody Love the Sunshine) (Feat Omar &amp; Fatlip The Phyrcide) 03 - Assento Reservado 04 \u2013 Diga-me (Feat Horseman) 05 - Policiais no Helic\u00f3ptero (Feat Earl 16) 06 - Eles N\u00e3o Sabem (Feat Tippa Irie e Earl 16) 07 - Manh\u00e3 de Domingo \/ Underwater Love (Feat Nina Miranda) 08 - Se N\u00e3o Agora Quando? 09 - De Que Adianta (Feat Horseman) 10 - Vem Comigo \/ 99% of Me (Feat Shniece McMenamin) 11 - Fortalecendo a Cultura 12 - Soul Powah (Feat Shniece)  CR\u00c9DITOS  \u2022 Produ\u00e7\u00e3o Executiva: Tropical Dope (UK), Delicious Vinyl (EUA) e DeSkaReggae Sound System (Brasil) \u2022 Selo: Delicious Vinyl Island \/ Delicious Vinyl (EUA) \/ Vinyl Land Records (Brasil) \u2022 Arte Capa: Tinho \u2022 Diagrama\u00e7\u00e3o: Yuga \u2022 M\u00fasicos:  Bateria: Horseman Percuss\u00e3o: Horseman, Lenny Edwards Baixo: Dub Judah, Black Steel and Mafia Guitarra: Kashta Tafari Teclado: Bubblers, Mafia and Black Steel Synths: Omar Lye-Fook Backing Vocals: Shniece McMenamin Sax: Megumi  \u2022 Participa\u00e7\u00f5es especiais: Omar Lye-Fook. Shniece McMenamin, Fatlip (The Pharcyde), Nina Miranda, Earl 16, Horseman e Tippa Irie \u2022 Gravado no Fishmarket Studios (Londres \u2013 UK) e no The Ironworks Studio (Brighton \u2013 UK) \u2022 Vocais gravados no Est\u00fadio Locomotiva (Belo Horizonte \u2013 Brasil) e Jungle Lord (S\u00e3o Paulo \u2013 Brasil) \u2022 Mixagem: Prince Fatty no The Ironworks Studio (Brighton \u2013 UK) e Evergreen HQ (Londres \u2013 UK) \u2022 Masteriza\u00e7\u00e3o: Frank no The Carvery Cuts (Londres \u2013 UK) \u2022 Produ\u00e7\u00e3o: Prince Fatty e Monkey Jhayam[:en]Content on this player may not reflect vinyl&#039;s actual songs.    180g Black Vinyl LP Pressed in London\/UK (The Carvery) - (Green Vinyl Limited to 100 copies Sold out)  Welcome to &quot;The Rol\u00ea of Monkey Man&quot;, the new album from Monkey Jhayam!  Singer and songwriter since 2008 and one of the most prominent Toaster\/MC of the sound system culture in Brazil, Monkey Jhayam represents the voice that comes from the streets of the east side of S\u00e3o Paulo, Brazil. His message, conscious lyrics and militancy coupled with several special guest appearances and musical production by the great English producer Prince Fatty, all come together to form an instant classic album released by the legendary American label Delicious Vinyl and his Jamaican arm Delicious Vinyl Island, with support from Deska Sound System and Vinyl Land Records from Brazil.  The album features 12 songs with great musicians such as Dub Judah (Twinkle Brothers), Black Steel and Mafia, Lenny Edwards and Kashta Tafari, with guest appearances by world-renowned singers such as Fatlip (Pharcyde), Nina Miranda (Smoke City), Horseman, Tippa Irie, Earl 16, Shniece Mcmenamin and Omar Lye-Fook.  Maintaining the tradition and the unique sound of Jamaican musical production with a Brazilian twist, the album takes us on a trip back to the Caribbean island that has taken the whole planet by storm with its unique way of expressing its affections and feelings through music, Reggae music!  Tracklist:  01 - Rol\u00ea (Feat Horseman &amp; Earl 16) 02 - M\u00e3e da Lua \/ Everybody Love the Sunshine) (Feat Omar &amp; Fatlip The Pharcyde) 03 - Assento Reservado 04 \u2013 Diga-me (Feat Horseman) 05 - Policiais no Helic\u00f3ptero (Feat Earl 16) 06 - Eles N\u00e3o Sabem (Feat Tippa Irie e Earl 16) 07 - Manh\u00e3 de Domingo \/ Underwater Love (Feat Nina Miranda) 08 - Se N\u00e3o Agora Quando? 09 - De Que Adianta (Feat Horseman) 10 - Vem Comigo \/ 90% Of Me is You (Feat Shniece McMenamin) 11 - Fortalecendo a Cultura 12 - Soul Powah (Feat Shniece McMenamin)  CREDITS Executive producers: Tropical Dope (UK), Delicious Vinyl (EUA) e Deska Sound System (Brazil)  Label: Delicious Vinyl Island \/ Delicious Vinyl (EUA) \/ Vinyl Land Records (Brazil)  Art Cover: Tinho  Diagramming: Yuga  Musicians:  Drums: Horseman Percussion: Horseman, Lenny Edwards Bass: Dub Judah, Black Steel and Mafia Guitar: Kashta Tafari Keyboards: Bubblers, Mafia and Black Steel Synths: Omar Lye-Fook Backing Vocals: Shniece McMenamin Sax: Megumi Special guest appearences: Omar Lye-Fook. Shniece McMenamin, Fatlip (The Pharcyde), Nina Miranda (Smoke City), Earl 16, Horseman and Tippa Irie  Recorded at Fishmarket Studios (London \u2013 UK) and The Ironworks Studio (Brighton \u2013 UK)  Vocals recorded at Est\u00fadio Locomotiva (Belo Horizonte \u2013 Brazil) and Jungle Lord (S\u00e3o Paulo \u2013 Brasil)  Mixing: Prince Fatty at The Ironworks Studio (Brighton \u2013 UK) e Evergreen HQ (Londres \u2013 UK)  Mastering: Frank at The Carvery Cuts (London \u2013 UK)  Produ\u00e7ed by: Prince Fatty e Monkey Jhayam[:]\" \/>\n<meta property=\"og:url\" content=\"https:\/\/shopbrasil.vinyllandrecords.com\/produto\/monkey-jhayam\/\" \/>\n<meta property=\"og:site_name\" content=\"Vinyl Land Records\" \/>\n<meta property=\"article:modified_time\" content=\"2026-02-03T16:03:00+00:00\" \/>\n<meta property=\"og:image\" content=\"https:\/\/shopbrasil.vinyllandrecords.com\/wp-content\/uploads\/2018\/08\/capa_princefatty.jpg\" \/>\n\t<meta property=\"og:image:width\" content=\"700\" \/>\n\t<meta property=\"og:image:height\" content=\"700\" \/>\n\t<meta property=\"og:image:type\" content=\"image\/jpeg\" \/>\n<meta name=\"twitter:card\" content=\"summary_large_image\" \/>\n<meta name=\"twitter:label1\" content=\"Est. reading time\" \/>\n\t<meta name=\"twitter:data1\" content=\"1 minute\" \/>\n<script type=\"application\/ld+json\" class=\"yoast-schema-graph\">{\"@context\":\"https:\\\/\\\/schema.org\",\"@graph\":[{\"@type\":\"WebPage\",\"@id\":\"https:\\\/\\\/shopbrasil.vinyllandrecords.com\\\/produto\\\/monkey-jhayam\\\/\",\"url\":\"https:\\\/\\\/shopbrasil.vinyllandrecords.com\\\/produto\\\/monkey-jhayam\\\/\",\"name\":\"PRINCE FATTY PRESENTING MONKEY JHAYAM - THE ROL\u00ca OF MONKEY MAN - Vinyl Land Records\",\"isPartOf\":{\"@id\":\"https:\\\/\\\/shopbrasil.vinyllandrecords.com\\\/#website\"},\"primaryImageOfPage\":{\"@id\":\"https:\\\/\\\/shopbrasil.vinyllandrecords.com\\\/produto\\\/monkey-jhayam\\\/#primaryimage\"},\"image\":{\"@id\":\"https:\\\/\\\/shopbrasil.vinyllandrecords.com\\\/produto\\\/monkey-jhayam\\\/#primaryimage\"},\"thumbnailUrl\":\"https:\\\/\\\/shopbrasil.vinyllandrecords.com\\\/wp-content\\\/uploads\\\/2018\\\/08\\\/capa_princefatty.jpg\",\"datePublished\":\"2018-08-13T17:55:39+00:00\",\"dateModified\":\"2026-02-03T16:03:00+00:00\",\"breadcrumb\":{\"@id\":\"https:\\\/\\\/shopbrasil.vinyllandrecords.com\\\/produto\\\/monkey-jhayam\\\/#breadcrumb\"},\"inLanguage\":\"en-US\",\"potentialAction\":[{\"@type\":\"ReadAction\",\"target\":[\"https:\\\/\\\/shopbrasil.vinyllandrecords.com\\\/produto\\\/monkey-jhayam\\\/\"]}]},{\"@type\":\"ImageObject\",\"inLanguage\":\"en-US\",\"@id\":\"https:\\\/\\\/shopbrasil.vinyllandrecords.com\\\/produto\\\/monkey-jhayam\\\/#primaryimage\",\"url\":\"https:\\\/\\\/shopbrasil.vinyllandrecords.com\\\/wp-content\\\/uploads\\\/2018\\\/08\\\/capa_princefatty.jpg\",\"contentUrl\":\"https:\\\/\\\/shopbrasil.vinyllandrecords.com\\\/wp-content\\\/uploads\\\/2018\\\/08\\\/capa_princefatty.jpg\",\"width\":700,\"height\":700},{\"@type\":\"BreadcrumbList\",\"@id\":\"https:\\\/\\\/shopbrasil.vinyllandrecords.com\\\/produto\\\/monkey-jhayam\\\/#breadcrumb\",\"itemListElement\":[{\"@type\":\"ListItem\",\"position\":1,\"name\":\"In\u00edcio\",\"item\":\"https:\\\/\\\/shopbrasil.vinyllandrecords.com\\\/\"},{\"@type\":\"ListItem\",\"position\":2,\"name\":\"Shops\",\"item\":\"https:\\\/\\\/shopbrasil.vinyllandrecords.com\\\/shops\\\/\"},{\"@type\":\"ListItem\",\"position\":3,\"name\":\"PRINCE FATTY PRESENTING MONKEY JHAYAM &#8211; THE ROL\u00ca OF MONKEY MAN\"}]},{\"@type\":\"WebSite\",\"@id\":\"https:\\\/\\\/shopbrasil.vinyllandrecords.com\\\/#website\",\"url\":\"https:\\\/\\\/shopbrasil.vinyllandrecords.com\\\/\",\"name\":\"Vinyl Land Records\",\"description\":\"ONLINE SHOP\",\"potentialAction\":[{\"@type\":\"SearchAction\",\"target\":{\"@type\":\"EntryPoint\",\"urlTemplate\":\"https:\\\/\\\/shopbrasil.vinyllandrecords.com\\\/?s={search_term_string}\"},\"query-input\":{\"@type\":\"PropertyValueSpecification\",\"valueRequired\":true,\"valueName\":\"search_term_string\"}}],\"inLanguage\":\"en-US\"}]}<\/script>\n<!-- \/ Yoast SEO plugin. -->","yoast_head_json":{"title":"PRINCE FATTY PRESENTING MONKEY JHAYAM - THE ROL\u00ca OF MONKEY MAN - Vinyl Land Records","robots":{"index":"index","follow":"follow","max-snippet":"max-snippet:-1","max-image-preview":"max-image-preview:large","max-video-preview":"max-video-preview:-1"},"canonical":"https:\/\/shopbrasil.vinyllandrecords.com\/produto\/monkey-jhayam\/","og_locale":"en_US","og_type":"article","og_title":"PRINCE FATTY PRESENTING MONKEY JHAYAM - THE ROL\u00ca OF MONKEY MAN - Vinyl Land Records","og_description":"[:pb]As m\u00fasicas abaixo podem n\u00e3o refletir fielmente o conte\u00fado do vinil.  LP PRETO 180g Prensado em Londres\/UK (The Carvery) - (100 primeiras c\u00f3pias LP Verde ESGOTADO!)  Sejam bem vindos ao \"The Rol\u00ea of MonkeyMan\", o novo \u00e1lbum de Monkey Jhayam!  Cantor e compositor desde 2008 e um dos principais expoentes da cultura sound system da Am\u00e9rica Latina, Monkey Jhayam representa a voz que vem das ruas, dos extremos da zona leste de S\u00e3o Paulo. Mensagem, consci\u00eancia e milit\u00e2ncia unidos \u00e0s diversas participa\u00e7\u00f5es mais que especiais, complementam essa obra produzida pelo grande produtor ingl\u00eas Prince Fatty.  O \u00e1lbum conta com 12 m\u00fasicas com a participa\u00e7\u00e3o de grandes m\u00fasicos como Dub Judah (Twinkle Brothers), Black Steel and Mafia, Lenny Edwards e Kashta Tafari. Al\u00e9m disto, o \u201cThe Rol\u00ea of Monkey Man\u201d fica ainda mais pesado com participa\u00e7\u00f5es especiais de cantores consagrados mundialmente como Fatlip (Pharcyde), Nina Miranda (Smoke City), Horseman, Tippa Irie, Earl 16, Shniece Mcmenamin e Omar Lye-Fook.  O \u00e1lbum mant\u00e9m a tradi\u00e7\u00e3o das produ\u00e7\u00f5es Jamaicanas com suas timbragens \u00fanicas, nos introduzindo em uma viagem com tempero brasileiro de volta \u00e0 pequena ilha caribenha que tomou de assalto todo o planeta com sua forma \u00fanica de expressar seus afetos e sentimentos atrav\u00e9s da m\u00fasica. Viva a m\u00fasica Reggae!  Tracklist:  01 - Rol\u00ea (Feat Horseman &amp; Earl 16) 02 - M\u00e3e da Lua \/ Everybody Love the Sunshine) (Feat Omar &amp; Fatlip The Phyrcide) 03 - Assento Reservado 04 \u2013 Diga-me (Feat Horseman) 05 - Policiais no Helic\u00f3ptero (Feat Earl 16) 06 - Eles N\u00e3o Sabem (Feat Tippa Irie e Earl 16) 07 - Manh\u00e3 de Domingo \/ Underwater Love (Feat Nina Miranda) 08 - Se N\u00e3o Agora Quando? 09 - De Que Adianta (Feat Horseman) 10 - Vem Comigo \/ 99% of Me (Feat Shniece McMenamin) 11 - Fortalecendo a Cultura 12 - Soul Powah (Feat Shniece)  CR\u00c9DITOS  \u2022 Produ\u00e7\u00e3o Executiva: Tropical Dope (UK), Delicious Vinyl (EUA) e DeSkaReggae Sound System (Brasil) \u2022 Selo: Delicious Vinyl Island \/ Delicious Vinyl (EUA) \/ Vinyl Land Records (Brasil) \u2022 Arte Capa: Tinho \u2022 Diagrama\u00e7\u00e3o: Yuga \u2022 M\u00fasicos:  Bateria: Horseman Percuss\u00e3o: Horseman, Lenny Edwards Baixo: Dub Judah, Black Steel and Mafia Guitarra: Kashta Tafari Teclado: Bubblers, Mafia and Black Steel Synths: Omar Lye-Fook Backing Vocals: Shniece McMenamin Sax: Megumi  \u2022 Participa\u00e7\u00f5es especiais: Omar Lye-Fook. Shniece McMenamin, Fatlip (The Pharcyde), Nina Miranda, Earl 16, Horseman e Tippa Irie \u2022 Gravado no Fishmarket Studios (Londres \u2013 UK) e no The Ironworks Studio (Brighton \u2013 UK) \u2022 Vocais gravados no Est\u00fadio Locomotiva (Belo Horizonte \u2013 Brasil) e Jungle Lord (S\u00e3o Paulo \u2013 Brasil) \u2022 Mixagem: Prince Fatty no The Ironworks Studio (Brighton \u2013 UK) e Evergreen HQ (Londres \u2013 UK) \u2022 Masteriza\u00e7\u00e3o: Frank no The Carvery Cuts (Londres \u2013 UK) \u2022 Produ\u00e7\u00e3o: Prince Fatty e Monkey Jhayam[:en]Content on this player may not reflect vinyl's actual songs.    180g Black Vinyl LP Pressed in London\/UK (The Carvery) - (Green Vinyl Limited to 100 copies Sold out)  Welcome to \"The Rol\u00ea of Monkey Man\", the new album from Monkey Jhayam!  Singer and songwriter since 2008 and one of the most prominent Toaster\/MC of the sound system culture in Brazil, Monkey Jhayam represents the voice that comes from the streets of the east side of S\u00e3o Paulo, Brazil. His message, conscious lyrics and militancy coupled with several special guest appearances and musical production by the great English producer Prince Fatty, all come together to form an instant classic album released by the legendary American label Delicious Vinyl and his Jamaican arm Delicious Vinyl Island, with support from Deska Sound System and Vinyl Land Records from Brazil.  The album features 12 songs with great musicians such as Dub Judah (Twinkle Brothers), Black Steel and Mafia, Lenny Edwards and Kashta Tafari, with guest appearances by world-renowned singers such as Fatlip (Pharcyde), Nina Miranda (Smoke City), Horseman, Tippa Irie, Earl 16, Shniece Mcmenamin and Omar Lye-Fook.  Maintaining the tradition and the unique sound of Jamaican musical production with a Brazilian twist, the album takes us on a trip back to the Caribbean island that has taken the whole planet by storm with its unique way of expressing its affections and feelings through music, Reggae music!  Tracklist:  01 - Rol\u00ea (Feat Horseman &amp; Earl 16) 02 - M\u00e3e da Lua \/ Everybody Love the Sunshine) (Feat Omar &amp; Fatlip The Pharcyde) 03 - Assento Reservado 04 \u2013 Diga-me (Feat Horseman) 05 - Policiais no Helic\u00f3ptero (Feat Earl 16) 06 - Eles N\u00e3o Sabem (Feat Tippa Irie e Earl 16) 07 - Manh\u00e3 de Domingo \/ Underwater Love (Feat Nina Miranda) 08 - Se N\u00e3o Agora Quando? 09 - De Que Adianta (Feat Horseman) 10 - Vem Comigo \/ 90% Of Me is You (Feat Shniece McMenamin) 11 - Fortalecendo a Cultura 12 - Soul Powah (Feat Shniece McMenamin)  CREDITS Executive producers: Tropical Dope (UK), Delicious Vinyl (EUA) e Deska Sound System (Brazil)  Label: Delicious Vinyl Island \/ Delicious Vinyl (EUA) \/ Vinyl Land Records (Brazil)  Art Cover: Tinho  Diagramming: Yuga  Musicians:  Drums: Horseman Percussion: Horseman, Lenny Edwards Bass: Dub Judah, Black Steel and Mafia Guitar: Kashta Tafari Keyboards: Bubblers, Mafia and Black Steel Synths: Omar Lye-Fook Backing Vocals: Shniece McMenamin Sax: Megumi Special guest appearences: Omar Lye-Fook. Shniece McMenamin, Fatlip (The Pharcyde), Nina Miranda (Smoke City), Earl 16, Horseman and Tippa Irie  Recorded at Fishmarket Studios (London \u2013 UK) and The Ironworks Studio (Brighton \u2013 UK)  Vocals recorded at Est\u00fadio Locomotiva (Belo Horizonte \u2013 Brazil) and Jungle Lord (S\u00e3o Paulo \u2013 Brasil)  Mixing: Prince Fatty at The Ironworks Studio (Brighton \u2013 UK) e Evergreen HQ (Londres \u2013 UK)  Mastering: Frank at The Carvery Cuts (London \u2013 UK)  Produ\u00e7ed by: Prince Fatty e Monkey Jhayam[:]","og_url":"https:\/\/shopbrasil.vinyllandrecords.com\/produto\/monkey-jhayam\/","og_site_name":"Vinyl Land Records","article_modified_time":"2026-02-03T16:03:00+00:00","og_image":[{"width":700,"height":700,"url":"https:\/\/shopbrasil.vinyllandrecords.com\/wp-content\/uploads\/2018\/08\/capa_princefatty.jpg","type":"image\/jpeg"}],"twitter_card":"summary_large_image","twitter_misc":{"Est. reading time":"1 minute"},"schema":{"@context":"https:\/\/schema.org","@graph":[{"@type":"WebPage","@id":"https:\/\/shopbrasil.vinyllandrecords.com\/produto\/monkey-jhayam\/","url":"https:\/\/shopbrasil.vinyllandrecords.com\/produto\/monkey-jhayam\/","name":"PRINCE FATTY PRESENTING MONKEY JHAYAM - THE ROL\u00ca OF MONKEY MAN - Vinyl Land Records","isPartOf":{"@id":"https:\/\/shopbrasil.vinyllandrecords.com\/#website"},"primaryImageOfPage":{"@id":"https:\/\/shopbrasil.vinyllandrecords.com\/produto\/monkey-jhayam\/#primaryimage"},"image":{"@id":"https:\/\/shopbrasil.vinyllandrecords.com\/produto\/monkey-jhayam\/#primaryimage"},"thumbnailUrl":"https:\/\/shopbrasil.vinyllandrecords.com\/wp-content\/uploads\/2018\/08\/capa_princefatty.jpg","datePublished":"2018-08-13T17:55:39+00:00","dateModified":"2026-02-03T16:03:00+00:00","breadcrumb":{"@id":"https:\/\/shopbrasil.vinyllandrecords.com\/produto\/monkey-jhayam\/#breadcrumb"},"inLanguage":"en-US","potentialAction":[{"@type":"ReadAction","target":["https:\/\/shopbrasil.vinyllandrecords.com\/produto\/monkey-jhayam\/"]}]},{"@type":"ImageObject","inLanguage":"en-US","@id":"https:\/\/shopbrasil.vinyllandrecords.com\/produto\/monkey-jhayam\/#primaryimage","url":"https:\/\/shopbrasil.vinyllandrecords.com\/wp-content\/uploads\/2018\/08\/capa_princefatty.jpg","contentUrl":"https:\/\/shopbrasil.vinyllandrecords.com\/wp-content\/uploads\/2018\/08\/capa_princefatty.jpg","width":700,"height":700},{"@type":"BreadcrumbList","@id":"https:\/\/shopbrasil.vinyllandrecords.com\/produto\/monkey-jhayam\/#breadcrumb","itemListElement":[{"@type":"ListItem","position":1,"name":"In\u00edcio","item":"https:\/\/shopbrasil.vinyllandrecords.com\/"},{"@type":"ListItem","position":2,"name":"Shops","item":"https:\/\/shopbrasil.vinyllandrecords.com\/shops\/"},{"@type":"ListItem","position":3,"name":"PRINCE FATTY PRESENTING MONKEY JHAYAM &#8211; THE ROL\u00ca OF MONKEY MAN"}]},{"@type":"WebSite","@id":"https:\/\/shopbrasil.vinyllandrecords.com\/#website","url":"https:\/\/shopbrasil.vinyllandrecords.com\/","name":"Vinyl Land Records","description":"ONLINE SHOP","potentialAction":[{"@type":"SearchAction","target":{"@type":"EntryPoint","urlTemplate":"https:\/\/shopbrasil.vinyllandrecords.com\/?s={search_term_string}"},"query-input":{"@type":"PropertyValueSpecification","valueRequired":true,"valueName":"search_term_string"}}],"inLanguage":"en-US"}]}},"_links":{"self":[{"href":"https:\/\/shopbrasil.vinyllandrecords.com\/en\/wp-json\/wp\/v2\/product\/66984","targetHints":{"allow":["GET"]}}],"collection":[{"href":"https:\/\/shopbrasil.vinyllandrecords.com\/en\/wp-json\/wp\/v2\/product"}],"about":[{"href":"https:\/\/shopbrasil.vinyllandrecords.com\/en\/wp-json\/wp\/v2\/types\/product"}],"wp:featuredmedia":[{"embeddable":true,"href":"https:\/\/shopbrasil.vinyllandrecords.com\/en\/wp-json\/wp\/v2\/media\/66985"}],"wp:attachment":[{"href":"https:\/\/shopbrasil.vinyllandrecords.com\/en\/wp-json\/wp\/v2\/media?parent=66984"}],"wp:term":[{"taxonomy":"product_brand","embeddable":true,"href":"https:\/\/shopbrasil.vinyllandrecords.com\/en\/wp-json\/wp\/v2\/product_brand?post=66984"},{"taxonomy":"product_cat","embeddable":true,"href":"https:\/\/shopbrasil.vinyllandrecords.com\/en\/wp-json\/wp\/v2\/product_cat?post=66984"},{"taxonomy":"product_tag","embeddable":true,"href":"https:\/\/shopbrasil.vinyllandrecords.com\/en\/wp-json\/wp\/v2\/product_tag?post=66984"}],"curies":[{"name":"wp","href":"https:\/\/api.w.org\/{rel}","templated":true}]}}