{"id":67115,"date":"2018-11-09T18:29:36","date_gmt":"2018-11-09T18:29:36","guid":{"rendered":"https:\/\/shopbrasil.vinyllandrecords.com\/?post_type=product&#038;p=67115"},"modified":"2025-06-08T20:45:18","modified_gmt":"2025-06-08T23:45:18","slug":"matheus-brant-assume-que-gosta","status":"publish","type":"product","link":"https:\/\/shopbrasil.vinyllandrecords.com\/en\/produto\/matheus-brant-assume-que-gosta\/","title":{"rendered":"Matheus Brant &#8211; Assume que Gosta"},"content":{"rendered":"","protected":false},"excerpt":{"rendered":"<p>Content on this player may not reflect vinyl\u2019s actual songs.<\/p>\n<p>Com time de peso, Matheus Brant lan\u00e7a segundo \u00e1lbum<br \/>\nInfluenciado pelo Carnaval, cantor e compositor mineiro gravou ao lado de reconhecidos m\u00fasicos da nova gera\u00e7\u00e3o; dispon\u00edvel em servi\u00e7os digitais, CD chega \u00e0s lojas em fevereiro.<\/p>\n<p>Arrocha, ax\u00e9, pagode e marchinha s\u00e3o as principais refer\u00eancias do \u00e1lbum Assume que Gosta, que o m\u00fasico Matheus Brant, 30, de Belo Horizonte, lan\u00e7a em todos os servi\u00e7os digitais e para download gratuito em seu site.<\/p>\n<p>http:\/\/matheusbrant.com.br\/<\/p>\n<p>Criador de um dos principais blocos de Carnaval da capital mineira, Me Beija que Eu Sou Pagodeiro, e com passagem por grupos de samba da cidade, como o Chap\u00e9u Panam\u00e1, ele vai al\u00e9m de uma tradu\u00e7\u00e3o de sua experi\u00eancia com a folia: o disco vem como uma moderna homenagem aos g\u00eaneros e ritmos populares que o inspiram.<\/p>\n<p>Para conseguir um resultado potente, Matheus recrutou o conterr\u00e2neo Lenis Rino, baterista de Fernanda Takai, e os guitarristas Dustan Gallas, do Cidad\u00e3o Instigado e da banda de apoio de C\u00e9u, eJo\u00e3o Erbetta, que acompanha artistas como Marcelo Jeneci, para sess\u00f5es no Est\u00fadio Doze D\u00f3lares, em S\u00e3o Paulo, em junho e setembro de 2015.<\/p>\n<p>Com produ\u00e7\u00e3o da dupla F\u00e1bio Pinczowski e Mauro Motoki, que j\u00e1 gravou com nomes como Lucas Santtana e Siba, os m\u00fasicos elaboraram arranjos exuberantes e injetaram dub, rock e psicodelia \u00e0s composi\u00e7\u00f5es do mineiro.<\/p>\n<p>As cantoras e compositoras Juliana Perdig\u00e3o (BH) Lu\u00ea (PA) abrilhantam as can\u00e7\u00f5es \u201cSereia\u201d e \u201cDo Prazer\u201d, respectivamente. J\u00e1 o rapper Kdu dos Anjos, tamb\u00e9m belo-horizontino, \u00e9 convidado e coautor de \u201cCarnaval\u201d, finalista do Concurso de Marchinhas Mestre Jonas (2014) \u2014 aqui, o verso \u201ca saudade de uma felicidade \u00e9 solid\u00e3o\u201d serve de pretexto para se agarrar \u00e0 celebra\u00e7\u00e3o das ruas.<\/p>\n<p>O americano Victor Rice, que assina t\u00edtulos de Marcelo Camelo e Tulipa, \u00e9 respons\u00e1vel pela mixagem de Assume que Gosta. A masteriza\u00e7\u00e3o \u00e9 do punk anal\u00f3gico Arthur Joly, com curr\u00edculo que vai de Elza Soares a O Terno.<\/p>\n","protected":false},"featured_media":67116,"template":"","meta":[],"product_brand":[],"product_cat":[108,111,122,97],"product_tag":[],"class_list":{"0":"post-67115","1":"product","2":"type-product","3":"status-publish","4":"has-post-thumbnail","6":"product_cat-lancamentos","7":"product_cat-destaque","8":"product_cat-musica-mineira-em-vinil","9":"product_cat-lp","11":"first","12":"outofstock","13":"taxable","14":"shipping-taxable","15":"purchasable","16":"product-type-simple"},"yoast_head":"<!-- This site is optimized with the Yoast SEO plugin v27.4 - https:\/\/yoast.com\/product\/yoast-seo-wordpress\/ -->\n<title>Matheus Brant - Assume que Gosta - Vinyl Land Records<\/title>\n<meta name=\"robots\" content=\"index, follow, max-snippet:-1, max-image-preview:large, max-video-preview:-1\" \/>\n<link rel=\"canonical\" href=\"https:\/\/shopbrasil.vinyllandrecords.com\/produto\/matheus-brant-assume-que-gosta\/\" \/>\n<meta property=\"og:locale\" content=\"en_US\" \/>\n<meta property=\"og:type\" content=\"article\" \/>\n<meta property=\"og:title\" content=\"Matheus Brant - Assume que Gosta - Vinyl Land Records\" \/>\n<meta property=\"og:description\" content=\"[:pb]As m\u00fasicas abaixo podem n\u00e3o refletir fielmente o conte\u00fado do vinil.      Com time de peso, Matheus Brant lan\u00e7a segundo \u00e1lbum Influenciado pelo Carnaval, cantor e compositor mineiro gravou ao lado de reconhecidos m\u00fasicos da nova gera\u00e7\u00e3o; dispon\u00edvel em servi\u00e7os digitais, CD chega \u00e0s lojas em fevereiro.  Arrocha, ax\u00e9, pagode e marchinha s\u00e3o as principais refer\u00eancias do \u00e1lbum Assume que Gosta, que o m\u00fasico Matheus Brant, 30, de Belo Horizonte, lan\u00e7a em todos os servi\u00e7os digitais e para download gratuito em seu site.  http:\/\/matheusbrant.com.br\/  Criador de um dos principais blocos de Carnaval da capital mineira, Me Beija que Eu Sou Pagodeiro, e com passagem por grupos de samba da cidade, como o Chap\u00e9u Panam\u00e1, ele vai al\u00e9m de uma tradu\u00e7\u00e3o de sua experi\u00eancia com a folia: o disco vem como uma moderna homenagem aos g\u00eaneros e ritmos populares que o inspiram.  Para conseguir um resultado potente, Matheus recrutou o conterr\u00e2neo Lenis Rino, baterista de Fernanda Takai, e os guitarristas Dustan Gallas, do Cidad\u00e3o Instigado e da banda de apoio de C\u00e9u, eJo\u00e3o Erbetta, que acompanha artistas como Marcelo Jeneci, para sess\u00f5es no Est\u00fadio Doze D\u00f3lares, em S\u00e3o Paulo, em junho e setembro de 2015.  Com produ\u00e7\u00e3o da dupla F\u00e1bio Pinczowski e Mauro Motoki, que j\u00e1 gravou com nomes como Lucas Santtana e Siba, os m\u00fasicos elaboraram arranjos exuberantes e injetaram dub, rock e psicodelia \u00e0s composi\u00e7\u00f5es do mineiro.  As cantoras e compositoras Juliana Perdig\u00e3o (BH) Lu\u00ea (PA) abrilhantam as can\u00e7\u00f5es \u201cSereia\u201d e \u201cDo Prazer\u201d, respectivamente. J\u00e1 o rapper Kdu dos Anjos, tamb\u00e9m belo-horizontino, \u00e9 convidado e coautor de \u201cCarnaval\u201d, finalista do Concurso de Marchinhas Mestre Jonas (2014) \u2014 aqui, o verso \u201ca saudade de uma felicidade \u00e9 solid\u00e3o\u201d serve de pretexto para se agarrar \u00e0 celebra\u00e7\u00e3o das ruas.  O americano Victor Rice, que assina t\u00edtulos de Marcelo Camelo e Tulipa, \u00e9 respons\u00e1vel pela mixagem de Assume que Gosta. A masteriza\u00e7\u00e3o \u00e9 do punk anal\u00f3gico Arthur Joly, com curr\u00edculo que vai de Elza Soares a O Terno.[:en]Content on this player may not reflect vinyl\u2019s actual songs.      Com time de peso, Matheus Brant lan\u00e7a segundo \u00e1lbum Influenciado pelo Carnaval, cantor e compositor mineiro gravou ao lado de reconhecidos m\u00fasicos da nova gera\u00e7\u00e3o; dispon\u00edvel em servi\u00e7os digitais, CD chega \u00e0s lojas em fevereiro.  Arrocha, ax\u00e9, pagode e marchinha s\u00e3o as principais refer\u00eancias do \u00e1lbum Assume que Gosta, que o m\u00fasico Matheus Brant, 30, de Belo Horizonte, lan\u00e7a em todos os servi\u00e7os digitais e para download gratuito em seu site.  http:\/\/matheusbrant.com.br\/  Criador de um dos principais blocos de Carnaval da capital mineira, Me Beija que Eu Sou Pagodeiro, e com passagem por grupos de samba da cidade, como o Chap\u00e9u Panam\u00e1, ele vai al\u00e9m de uma tradu\u00e7\u00e3o de sua experi\u00eancia com a folia: o disco vem como uma moderna homenagem aos g\u00eaneros e ritmos populares que o inspiram.  Para conseguir um resultado potente, Matheus recrutou o conterr\u00e2neo Lenis Rino, baterista de Fernanda Takai, e os guitarristas Dustan Gallas, do Cidad\u00e3o Instigado e da banda de apoio de C\u00e9u, eJo\u00e3o Erbetta, que acompanha artistas como Marcelo Jeneci, para sess\u00f5es no Est\u00fadio Doze D\u00f3lares, em S\u00e3o Paulo, em junho e setembro de 2015.  Com produ\u00e7\u00e3o da dupla F\u00e1bio Pinczowski e Mauro Motoki, que j\u00e1 gravou com nomes como Lucas Santtana e Siba, os m\u00fasicos elaboraram arranjos exuberantes e injetaram dub, rock e psicodelia \u00e0s composi\u00e7\u00f5es do mineiro.  As cantoras e compositoras Juliana Perdig\u00e3o (BH) Lu\u00ea (PA) abrilhantam as can\u00e7\u00f5es \u201cSereia\u201d e \u201cDo Prazer\u201d, respectivamente. J\u00e1 o rapper Kdu dos Anjos, tamb\u00e9m belo-horizontino, \u00e9 convidado e coautor de \u201cCarnaval\u201d, finalista do Concurso de Marchinhas Mestre Jonas (2014) \u2014 aqui, o verso \u201ca saudade de uma felicidade \u00e9 solid\u00e3o\u201d serve de pretexto para se agarrar \u00e0 celebra\u00e7\u00e3o das ruas.  O americano Victor Rice, que assina t\u00edtulos de Marcelo Camelo e Tulipa, \u00e9 respons\u00e1vel pela mixagem de Assume que Gosta. A masteriza\u00e7\u00e3o \u00e9 do punk anal\u00f3gico Arthur Joly, com curr\u00edculo que vai de Elza Soares a O Terno.[:]\" \/>\n<meta property=\"og:url\" content=\"https:\/\/shopbrasil.vinyllandrecords.com\/produto\/matheus-brant-assume-que-gosta\/\" \/>\n<meta property=\"og:site_name\" content=\"Vinyl Land Records\" \/>\n<meta property=\"article:modified_time\" content=\"2025-06-08T23:45:18+00:00\" \/>\n<meta property=\"og:image\" content=\"https:\/\/shopbrasil.vinyllandrecords.com\/wp-content\/uploads\/2018\/11\/capa-matheus-brant.jpg\" \/>\n\t<meta property=\"og:image:width\" content=\"600\" \/>\n\t<meta property=\"og:image:height\" content=\"600\" \/>\n\t<meta property=\"og:image:type\" content=\"image\/jpeg\" \/>\n<meta name=\"twitter:card\" content=\"summary_large_image\" \/>\n<script type=\"application\/ld+json\" class=\"yoast-schema-graph\">{\"@context\":\"https:\\\/\\\/schema.org\",\"@graph\":[{\"@type\":\"WebPage\",\"@id\":\"https:\\\/\\\/shopbrasil.vinyllandrecords.com\\\/produto\\\/matheus-brant-assume-que-gosta\\\/\",\"url\":\"https:\\\/\\\/shopbrasil.vinyllandrecords.com\\\/produto\\\/matheus-brant-assume-que-gosta\\\/\",\"name\":\"Matheus Brant - Assume que Gosta - Vinyl Land Records\",\"isPartOf\":{\"@id\":\"https:\\\/\\\/shopbrasil.vinyllandrecords.com\\\/#website\"},\"primaryImageOfPage\":{\"@id\":\"https:\\\/\\\/shopbrasil.vinyllandrecords.com\\\/produto\\\/matheus-brant-assume-que-gosta\\\/#primaryimage\"},\"image\":{\"@id\":\"https:\\\/\\\/shopbrasil.vinyllandrecords.com\\\/produto\\\/matheus-brant-assume-que-gosta\\\/#primaryimage\"},\"thumbnailUrl\":\"https:\\\/\\\/shopbrasil.vinyllandrecords.com\\\/wp-content\\\/uploads\\\/2018\\\/11\\\/capa-matheus-brant.jpg\",\"datePublished\":\"2018-11-09T18:29:36+00:00\",\"dateModified\":\"2025-06-08T23:45:18+00:00\",\"breadcrumb\":{\"@id\":\"https:\\\/\\\/shopbrasil.vinyllandrecords.com\\\/produto\\\/matheus-brant-assume-que-gosta\\\/#breadcrumb\"},\"inLanguage\":\"en-US\",\"potentialAction\":[{\"@type\":\"ReadAction\",\"target\":[\"https:\\\/\\\/shopbrasil.vinyllandrecords.com\\\/produto\\\/matheus-brant-assume-que-gosta\\\/\"]}]},{\"@type\":\"ImageObject\",\"inLanguage\":\"en-US\",\"@id\":\"https:\\\/\\\/shopbrasil.vinyllandrecords.com\\\/produto\\\/matheus-brant-assume-que-gosta\\\/#primaryimage\",\"url\":\"https:\\\/\\\/shopbrasil.vinyllandrecords.com\\\/wp-content\\\/uploads\\\/2018\\\/11\\\/capa-matheus-brant.jpg\",\"contentUrl\":\"https:\\\/\\\/shopbrasil.vinyllandrecords.com\\\/wp-content\\\/uploads\\\/2018\\\/11\\\/capa-matheus-brant.jpg\",\"width\":600,\"height\":600},{\"@type\":\"BreadcrumbList\",\"@id\":\"https:\\\/\\\/shopbrasil.vinyllandrecords.com\\\/produto\\\/matheus-brant-assume-que-gosta\\\/#breadcrumb\",\"itemListElement\":[{\"@type\":\"ListItem\",\"position\":1,\"name\":\"In\u00edcio\",\"item\":\"https:\\\/\\\/shopbrasil.vinyllandrecords.com\\\/\"},{\"@type\":\"ListItem\",\"position\":2,\"name\":\"Shops\",\"item\":\"https:\\\/\\\/shopbrasil.vinyllandrecords.com\\\/shops\\\/\"},{\"@type\":\"ListItem\",\"position\":3,\"name\":\"Matheus Brant &#8211; Assume que Gosta\"}]},{\"@type\":\"WebSite\",\"@id\":\"https:\\\/\\\/shopbrasil.vinyllandrecords.com\\\/#website\",\"url\":\"https:\\\/\\\/shopbrasil.vinyllandrecords.com\\\/\",\"name\":\"Vinyl Land Records\",\"description\":\"ONLINE SHOP\",\"potentialAction\":[{\"@type\":\"SearchAction\",\"target\":{\"@type\":\"EntryPoint\",\"urlTemplate\":\"https:\\\/\\\/shopbrasil.vinyllandrecords.com\\\/?s={search_term_string}\"},\"query-input\":{\"@type\":\"PropertyValueSpecification\",\"valueRequired\":true,\"valueName\":\"search_term_string\"}}],\"inLanguage\":\"en-US\"}]}<\/script>\n<!-- \/ Yoast SEO plugin. -->","yoast_head_json":{"title":"Matheus Brant - Assume que Gosta - Vinyl Land Records","robots":{"index":"index","follow":"follow","max-snippet":"max-snippet:-1","max-image-preview":"max-image-preview:large","max-video-preview":"max-video-preview:-1"},"canonical":"https:\/\/shopbrasil.vinyllandrecords.com\/produto\/matheus-brant-assume-que-gosta\/","og_locale":"en_US","og_type":"article","og_title":"Matheus Brant - Assume que Gosta - Vinyl Land Records","og_description":"[:pb]As m\u00fasicas abaixo podem n\u00e3o refletir fielmente o conte\u00fado do vinil.      Com time de peso, Matheus Brant lan\u00e7a segundo \u00e1lbum Influenciado pelo Carnaval, cantor e compositor mineiro gravou ao lado de reconhecidos m\u00fasicos da nova gera\u00e7\u00e3o; dispon\u00edvel em servi\u00e7os digitais, CD chega \u00e0s lojas em fevereiro.  Arrocha, ax\u00e9, pagode e marchinha s\u00e3o as principais refer\u00eancias do \u00e1lbum Assume que Gosta, que o m\u00fasico Matheus Brant, 30, de Belo Horizonte, lan\u00e7a em todos os servi\u00e7os digitais e para download gratuito em seu site.  http:\/\/matheusbrant.com.br\/  Criador de um dos principais blocos de Carnaval da capital mineira, Me Beija que Eu Sou Pagodeiro, e com passagem por grupos de samba da cidade, como o Chap\u00e9u Panam\u00e1, ele vai al\u00e9m de uma tradu\u00e7\u00e3o de sua experi\u00eancia com a folia: o disco vem como uma moderna homenagem aos g\u00eaneros e ritmos populares que o inspiram.  Para conseguir um resultado potente, Matheus recrutou o conterr\u00e2neo Lenis Rino, baterista de Fernanda Takai, e os guitarristas Dustan Gallas, do Cidad\u00e3o Instigado e da banda de apoio de C\u00e9u, eJo\u00e3o Erbetta, que acompanha artistas como Marcelo Jeneci, para sess\u00f5es no Est\u00fadio Doze D\u00f3lares, em S\u00e3o Paulo, em junho e setembro de 2015.  Com produ\u00e7\u00e3o da dupla F\u00e1bio Pinczowski e Mauro Motoki, que j\u00e1 gravou com nomes como Lucas Santtana e Siba, os m\u00fasicos elaboraram arranjos exuberantes e injetaram dub, rock e psicodelia \u00e0s composi\u00e7\u00f5es do mineiro.  As cantoras e compositoras Juliana Perdig\u00e3o (BH) Lu\u00ea (PA) abrilhantam as can\u00e7\u00f5es \u201cSereia\u201d e \u201cDo Prazer\u201d, respectivamente. J\u00e1 o rapper Kdu dos Anjos, tamb\u00e9m belo-horizontino, \u00e9 convidado e coautor de \u201cCarnaval\u201d, finalista do Concurso de Marchinhas Mestre Jonas (2014) \u2014 aqui, o verso \u201ca saudade de uma felicidade \u00e9 solid\u00e3o\u201d serve de pretexto para se agarrar \u00e0 celebra\u00e7\u00e3o das ruas.  O americano Victor Rice, que assina t\u00edtulos de Marcelo Camelo e Tulipa, \u00e9 respons\u00e1vel pela mixagem de Assume que Gosta. A masteriza\u00e7\u00e3o \u00e9 do punk anal\u00f3gico Arthur Joly, com curr\u00edculo que vai de Elza Soares a O Terno.[:en]Content on this player may not reflect vinyl\u2019s actual songs.      Com time de peso, Matheus Brant lan\u00e7a segundo \u00e1lbum Influenciado pelo Carnaval, cantor e compositor mineiro gravou ao lado de reconhecidos m\u00fasicos da nova gera\u00e7\u00e3o; dispon\u00edvel em servi\u00e7os digitais, CD chega \u00e0s lojas em fevereiro.  Arrocha, ax\u00e9, pagode e marchinha s\u00e3o as principais refer\u00eancias do \u00e1lbum Assume que Gosta, que o m\u00fasico Matheus Brant, 30, de Belo Horizonte, lan\u00e7a em todos os servi\u00e7os digitais e para download gratuito em seu site.  http:\/\/matheusbrant.com.br\/  Criador de um dos principais blocos de Carnaval da capital mineira, Me Beija que Eu Sou Pagodeiro, e com passagem por grupos de samba da cidade, como o Chap\u00e9u Panam\u00e1, ele vai al\u00e9m de uma tradu\u00e7\u00e3o de sua experi\u00eancia com a folia: o disco vem como uma moderna homenagem aos g\u00eaneros e ritmos populares que o inspiram.  Para conseguir um resultado potente, Matheus recrutou o conterr\u00e2neo Lenis Rino, baterista de Fernanda Takai, e os guitarristas Dustan Gallas, do Cidad\u00e3o Instigado e da banda de apoio de C\u00e9u, eJo\u00e3o Erbetta, que acompanha artistas como Marcelo Jeneci, para sess\u00f5es no Est\u00fadio Doze D\u00f3lares, em S\u00e3o Paulo, em junho e setembro de 2015.  Com produ\u00e7\u00e3o da dupla F\u00e1bio Pinczowski e Mauro Motoki, que j\u00e1 gravou com nomes como Lucas Santtana e Siba, os m\u00fasicos elaboraram arranjos exuberantes e injetaram dub, rock e psicodelia \u00e0s composi\u00e7\u00f5es do mineiro.  As cantoras e compositoras Juliana Perdig\u00e3o (BH) Lu\u00ea (PA) abrilhantam as can\u00e7\u00f5es \u201cSereia\u201d e \u201cDo Prazer\u201d, respectivamente. J\u00e1 o rapper Kdu dos Anjos, tamb\u00e9m belo-horizontino, \u00e9 convidado e coautor de \u201cCarnaval\u201d, finalista do Concurso de Marchinhas Mestre Jonas (2014) \u2014 aqui, o verso \u201ca saudade de uma felicidade \u00e9 solid\u00e3o\u201d serve de pretexto para se agarrar \u00e0 celebra\u00e7\u00e3o das ruas.  O americano Victor Rice, que assina t\u00edtulos de Marcelo Camelo e Tulipa, \u00e9 respons\u00e1vel pela mixagem de Assume que Gosta. A masteriza\u00e7\u00e3o \u00e9 do punk anal\u00f3gico Arthur Joly, com curr\u00edculo que vai de Elza Soares a O Terno.[:]","og_url":"https:\/\/shopbrasil.vinyllandrecords.com\/produto\/matheus-brant-assume-que-gosta\/","og_site_name":"Vinyl Land Records","article_modified_time":"2025-06-08T23:45:18+00:00","og_image":[{"width":600,"height":600,"url":"https:\/\/shopbrasil.vinyllandrecords.com\/wp-content\/uploads\/2018\/11\/capa-matheus-brant.jpg","type":"image\/jpeg"}],"twitter_card":"summary_large_image","schema":{"@context":"https:\/\/schema.org","@graph":[{"@type":"WebPage","@id":"https:\/\/shopbrasil.vinyllandrecords.com\/produto\/matheus-brant-assume-que-gosta\/","url":"https:\/\/shopbrasil.vinyllandrecords.com\/produto\/matheus-brant-assume-que-gosta\/","name":"Matheus Brant - Assume que Gosta - Vinyl Land Records","isPartOf":{"@id":"https:\/\/shopbrasil.vinyllandrecords.com\/#website"},"primaryImageOfPage":{"@id":"https:\/\/shopbrasil.vinyllandrecords.com\/produto\/matheus-brant-assume-que-gosta\/#primaryimage"},"image":{"@id":"https:\/\/shopbrasil.vinyllandrecords.com\/produto\/matheus-brant-assume-que-gosta\/#primaryimage"},"thumbnailUrl":"https:\/\/shopbrasil.vinyllandrecords.com\/wp-content\/uploads\/2018\/11\/capa-matheus-brant.jpg","datePublished":"2018-11-09T18:29:36+00:00","dateModified":"2025-06-08T23:45:18+00:00","breadcrumb":{"@id":"https:\/\/shopbrasil.vinyllandrecords.com\/produto\/matheus-brant-assume-que-gosta\/#breadcrumb"},"inLanguage":"en-US","potentialAction":[{"@type":"ReadAction","target":["https:\/\/shopbrasil.vinyllandrecords.com\/produto\/matheus-brant-assume-que-gosta\/"]}]},{"@type":"ImageObject","inLanguage":"en-US","@id":"https:\/\/shopbrasil.vinyllandrecords.com\/produto\/matheus-brant-assume-que-gosta\/#primaryimage","url":"https:\/\/shopbrasil.vinyllandrecords.com\/wp-content\/uploads\/2018\/11\/capa-matheus-brant.jpg","contentUrl":"https:\/\/shopbrasil.vinyllandrecords.com\/wp-content\/uploads\/2018\/11\/capa-matheus-brant.jpg","width":600,"height":600},{"@type":"BreadcrumbList","@id":"https:\/\/shopbrasil.vinyllandrecords.com\/produto\/matheus-brant-assume-que-gosta\/#breadcrumb","itemListElement":[{"@type":"ListItem","position":1,"name":"In\u00edcio","item":"https:\/\/shopbrasil.vinyllandrecords.com\/"},{"@type":"ListItem","position":2,"name":"Shops","item":"https:\/\/shopbrasil.vinyllandrecords.com\/shops\/"},{"@type":"ListItem","position":3,"name":"Matheus Brant &#8211; Assume que Gosta"}]},{"@type":"WebSite","@id":"https:\/\/shopbrasil.vinyllandrecords.com\/#website","url":"https:\/\/shopbrasil.vinyllandrecords.com\/","name":"Vinyl Land Records","description":"ONLINE SHOP","potentialAction":[{"@type":"SearchAction","target":{"@type":"EntryPoint","urlTemplate":"https:\/\/shopbrasil.vinyllandrecords.com\/?s={search_term_string}"},"query-input":{"@type":"PropertyValueSpecification","valueRequired":true,"valueName":"search_term_string"}}],"inLanguage":"en-US"}]}},"_links":{"self":[{"href":"https:\/\/shopbrasil.vinyllandrecords.com\/en\/wp-json\/wp\/v2\/product\/67115","targetHints":{"allow":["GET"]}}],"collection":[{"href":"https:\/\/shopbrasil.vinyllandrecords.com\/en\/wp-json\/wp\/v2\/product"}],"about":[{"href":"https:\/\/shopbrasil.vinyllandrecords.com\/en\/wp-json\/wp\/v2\/types\/product"}],"wp:featuredmedia":[{"embeddable":true,"href":"https:\/\/shopbrasil.vinyllandrecords.com\/en\/wp-json\/wp\/v2\/media\/67116"}],"wp:attachment":[{"href":"https:\/\/shopbrasil.vinyllandrecords.com\/en\/wp-json\/wp\/v2\/media?parent=67115"}],"wp:term":[{"taxonomy":"product_brand","embeddable":true,"href":"https:\/\/shopbrasil.vinyllandrecords.com\/en\/wp-json\/wp\/v2\/product_brand?post=67115"},{"taxonomy":"product_cat","embeddable":true,"href":"https:\/\/shopbrasil.vinyllandrecords.com\/en\/wp-json\/wp\/v2\/product_cat?post=67115"},{"taxonomy":"product_tag","embeddable":true,"href":"https:\/\/shopbrasil.vinyllandrecords.com\/en\/wp-json\/wp\/v2\/product_tag?post=67115"}],"curies":[{"name":"wp","href":"https:\/\/api.w.org\/{rel}","templated":true}]}}