{"id":67139,"date":"2018-12-18T21:59:22","date_gmt":"2018-12-19T00:59:22","guid":{"rendered":"https:\/\/shopbrasil.vinyllandrecords.com\/?post_type=product&#038;p=67139"},"modified":"2025-12-21T04:02:05","modified_gmt":"2025-12-21T07:02:05","slug":"vinil-landia-1-apresentando-orquesta-atipica-de-lhamas-e-swing-safado","status":"publish","type":"product","link":"https:\/\/shopbrasil.vinyllandrecords.com\/en\/produto\/vinil-landia-1-apresentando-orquesta-atipica-de-lhamas-e-swing-safado\/","title":{"rendered":"Vinil Landia #1 &#8211; Presenting Orquesta At\u00edpica de Lhamas and Swing Safado"},"content":{"rendered":"","protected":false},"excerpt":{"rendered":"<p>Vinil Landia \u00e9 uma festa que promove encontros inusitados entre artistas em uma noite que fica registrada para sempre em compacto! <\/p>\n<p>Quem compra o ingresso da festa leva o disco exclusivo pra casa, os que sobram vem pra c\u00e1 pro nosso site (se sobrarem). Mas no cochile, s\u00e3o somente 300 c\u00f3pias de cada disco e a maioria se vai no dia de lan\u00e7amento!<\/p>\n<p>Em seu primeiro volume, lan\u00e7ado dia 8 de dezembro de 2018 em BH, apresentamos dois hits do carnabel\u00f4! Duas bandas en\u00e9rgicas, originadas de blocos que t\u00eam como prop\u00f3sito trabalhar ritmos pouco explorados pelo Carnaval de rua da cidade. De um lado, a cumbia e as latinidades da Orquesta At\u00edpica de Lhamas com a faixa &#8220;C\u00f3mo te Lhama?&#8221;; de outro, o pagod\u00e3o baiano e a pegada afro-brasileira do Swing Safado com &#8220;Dibetim&#8221;. <\/p>\n<p>O resultado \u00e9 um lindo sete polegadas &#8220;Split&#8221; prensado em vinil transparente esfuma\u00e7ado e embalado em um mini poster com arte de Victor Zalma.<\/p>\n<p>Imperdivel!<\/p>\n","protected":false},"featured_media":67140,"template":"","meta":[],"product_brand":[],"product_cat":[108,111,126,93],"product_tag":[],"class_list":{"0":"post-67139","1":"product","2":"type-product","3":"status-publish","4":"has-post-thumbnail","6":"product_cat-lancamentos","7":"product_cat-destaque","8":"product_cat-disco-colorido","9":"product_cat-93","11":"first","12":"instock","13":"taxable","14":"shipping-taxable","15":"purchasable","16":"product-type-simple"},"yoast_head":"<!-- This site is optimized with the Yoast SEO plugin v27.4 - https:\/\/yoast.com\/product\/yoast-seo-wordpress\/ -->\n<title>Vinil Landia #1 - Presenting Orquesta At\u00edpica de Lhamas and Swing Safado - Vinyl Land Records<\/title>\n<meta name=\"robots\" content=\"index, follow, max-snippet:-1, max-image-preview:large, max-video-preview:-1\" \/>\n<link rel=\"canonical\" href=\"https:\/\/shopbrasil.vinyllandrecords.com\/produto\/vinil-landia-1-apresentando-orquesta-atipica-de-lhamas-e-swing-safado\/\" \/>\n<meta property=\"og:locale\" content=\"en_US\" \/>\n<meta property=\"og:type\" content=\"article\" \/>\n<meta property=\"og:title\" content=\"[:pb]Vinil Landia #1 - Apresentando Orquesta At\u00edpica de Lhamas e Swing Safado[:en]Vinil Landia #1 - Presenting Orquesta At\u00edpica de Lhamas and Swing Safado[:] - Vinyl Land Records\" \/>\n<meta property=\"og:description\" content=\"Vinil Landia \u00e9 uma festa que promove encontros inusitados entre artistas em uma noite que fica registrada para sempre em compacto!   Quem compra o ingresso da festa leva o disco exclusivo pra casa, os que sobram vem pra c\u00e1 pro nosso site (se sobrarem). Mas no cochile, s\u00e3o somente 300 c\u00f3pias de cada disco e a maioria se vai no dia de lan\u00e7amento!  Em seu primeiro volume, lan\u00e7ado dia 8 de dezembro de 2018 em BH, apresentamos dois hits do carnabel\u00f4! Duas bandas en\u00e9rgicas, originadas de blocos que t\u00eam como prop\u00f3sito trabalhar ritmos pouco explorados pelo Carnaval de rua da cidade. De um lado, a cumbia e as latinidades da Orquesta At\u00edpica de Lhamas com a faixa &quot;C\u00f3mo te Lhama?&quot;; de outro, o pagod\u00e3o baiano e a pegada afro-brasileira do Swing Safado com &quot;Dibetim&quot;.   O resultado \u00e9 um lindo sete polegadas &quot;Split&quot; prensado em vinil transparente esfuma\u00e7ado e embalado em um mini poster com arte de Victor Zalma.  Imperdivel!\" \/>\n<meta property=\"og:url\" content=\"https:\/\/shopbrasil.vinyllandrecords.com\/produto\/vinil-landia-1-apresentando-orquesta-atipica-de-lhamas-e-swing-safado\/\" \/>\n<meta property=\"og:site_name\" content=\"Vinyl Land Records\" \/>\n<meta property=\"article:modified_time\" content=\"2025-12-21T07:02:05+00:00\" \/>\n<meta property=\"og:image\" content=\"https:\/\/shopbrasil.vinyllandrecords.com\/wp-content\/uploads\/2018\/12\/Capa.jpg\" \/>\n\t<meta property=\"og:image:width\" content=\"1045\" \/>\n\t<meta property=\"og:image:height\" content=\"1056\" \/>\n\t<meta property=\"og:image:type\" content=\"image\/jpeg\" \/>\n<meta name=\"twitter:card\" content=\"summary_large_image\" \/>\n<script type=\"application\/ld+json\" class=\"yoast-schema-graph\">{\"@context\":\"https:\\\/\\\/schema.org\",\"@graph\":[{\"@type\":\"WebPage\",\"@id\":\"https:\\\/\\\/shopbrasil.vinyllandrecords.com\\\/produto\\\/vinil-landia-1-apresentando-orquesta-atipica-de-lhamas-e-swing-safado\\\/\",\"url\":\"https:\\\/\\\/shopbrasil.vinyllandrecords.com\\\/produto\\\/vinil-landia-1-apresentando-orquesta-atipica-de-lhamas-e-swing-safado\\\/\",\"name\":\"[:pb]Vinil Landia #1 - Apresentando Orquesta At\u00edpica de Lhamas e Swing Safado[:en]Vinil Landia #1 - Presenting Orquesta At\u00edpica de Lhamas and Swing Safado[:] - Vinyl Land Records\",\"isPartOf\":{\"@id\":\"https:\\\/\\\/shopbrasil.vinyllandrecords.com\\\/#website\"},\"primaryImageOfPage\":{\"@id\":\"https:\\\/\\\/shopbrasil.vinyllandrecords.com\\\/produto\\\/vinil-landia-1-apresentando-orquesta-atipica-de-lhamas-e-swing-safado\\\/#primaryimage\"},\"image\":{\"@id\":\"https:\\\/\\\/shopbrasil.vinyllandrecords.com\\\/produto\\\/vinil-landia-1-apresentando-orquesta-atipica-de-lhamas-e-swing-safado\\\/#primaryimage\"},\"thumbnailUrl\":\"https:\\\/\\\/shopbrasil.vinyllandrecords.com\\\/wp-content\\\/uploads\\\/2018\\\/12\\\/Capa.jpg\",\"datePublished\":\"2018-12-19T00:59:22+00:00\",\"dateModified\":\"2025-12-21T07:02:05+00:00\",\"breadcrumb\":{\"@id\":\"https:\\\/\\\/shopbrasil.vinyllandrecords.com\\\/produto\\\/vinil-landia-1-apresentando-orquesta-atipica-de-lhamas-e-swing-safado\\\/#breadcrumb\"},\"inLanguage\":\"en-US\",\"potentialAction\":[{\"@type\":\"ReadAction\",\"target\":[\"https:\\\/\\\/shopbrasil.vinyllandrecords.com\\\/produto\\\/vinil-landia-1-apresentando-orquesta-atipica-de-lhamas-e-swing-safado\\\/\"]}]},{\"@type\":\"ImageObject\",\"inLanguage\":\"en-US\",\"@id\":\"https:\\\/\\\/shopbrasil.vinyllandrecords.com\\\/produto\\\/vinil-landia-1-apresentando-orquesta-atipica-de-lhamas-e-swing-safado\\\/#primaryimage\",\"url\":\"https:\\\/\\\/shopbrasil.vinyllandrecords.com\\\/wp-content\\\/uploads\\\/2018\\\/12\\\/Capa.jpg\",\"contentUrl\":\"https:\\\/\\\/shopbrasil.vinyllandrecords.com\\\/wp-content\\\/uploads\\\/2018\\\/12\\\/Capa.jpg\",\"width\":1045,\"height\":1056},{\"@type\":\"BreadcrumbList\",\"@id\":\"https:\\\/\\\/shopbrasil.vinyllandrecords.com\\\/produto\\\/vinil-landia-1-apresentando-orquesta-atipica-de-lhamas-e-swing-safado\\\/#breadcrumb\",\"itemListElement\":[{\"@type\":\"ListItem\",\"position\":1,\"name\":\"In\u00edcio\",\"item\":\"https:\\\/\\\/shopbrasil.vinyllandrecords.com\\\/\"},{\"@type\":\"ListItem\",\"position\":2,\"name\":\"Shops\",\"item\":\"https:\\\/\\\/shopbrasil.vinyllandrecords.com\\\/shops\\\/\"},{\"@type\":\"ListItem\",\"position\":3,\"name\":\"[:pb]Vinil Landia #1 &#8211; Apresentando Orquesta At\u00edpica de Lhamas e Swing Safado[:en]Vinil Landia #1 &#8211; Presenting Orquesta At\u00edpica de Lhamas and Swing Safado[:]\"}]},{\"@type\":\"WebSite\",\"@id\":\"https:\\\/\\\/shopbrasil.vinyllandrecords.com\\\/#website\",\"url\":\"https:\\\/\\\/shopbrasil.vinyllandrecords.com\\\/\",\"name\":\"Vinyl Land Records\",\"description\":\"ONLINE SHOP\",\"potentialAction\":[{\"@type\":\"SearchAction\",\"target\":{\"@type\":\"EntryPoint\",\"urlTemplate\":\"https:\\\/\\\/shopbrasil.vinyllandrecords.com\\\/?s={search_term_string}\"},\"query-input\":{\"@type\":\"PropertyValueSpecification\",\"valueRequired\":true,\"valueName\":\"search_term_string\"}}],\"inLanguage\":\"en-US\"}]}<\/script>\n<!-- \/ Yoast SEO plugin. -->","yoast_head_json":{"title":"[:pb]Vinil Landia #1 - Apresentando Orquesta At\u00edpica de Lhamas e Swing Safado[:en]Vinil Landia #1 - Presenting Orquesta At\u00edpica de Lhamas and Swing Safado[:] - Vinyl Land Records","robots":{"index":"index","follow":"follow","max-snippet":"max-snippet:-1","max-image-preview":"max-image-preview:large","max-video-preview":"max-video-preview:-1"},"canonical":"https:\/\/shopbrasil.vinyllandrecords.com\/produto\/vinil-landia-1-apresentando-orquesta-atipica-de-lhamas-e-swing-safado\/","og_locale":"en_US","og_type":"article","og_title":"[:pb]Vinil Landia #1 - Apresentando Orquesta At\u00edpica de Lhamas e Swing Safado[:en]Vinil Landia #1 - Presenting Orquesta At\u00edpica de Lhamas and Swing Safado[:] - Vinyl Land Records","og_description":"Vinil Landia \u00e9 uma festa que promove encontros inusitados entre artistas em uma noite que fica registrada para sempre em compacto!   Quem compra o ingresso da festa leva o disco exclusivo pra casa, os que sobram vem pra c\u00e1 pro nosso site (se sobrarem). Mas no cochile, s\u00e3o somente 300 c\u00f3pias de cada disco e a maioria se vai no dia de lan\u00e7amento!  Em seu primeiro volume, lan\u00e7ado dia 8 de dezembro de 2018 em BH, apresentamos dois hits do carnabel\u00f4! Duas bandas en\u00e9rgicas, originadas de blocos que t\u00eam como prop\u00f3sito trabalhar ritmos pouco explorados pelo Carnaval de rua da cidade. De um lado, a cumbia e as latinidades da Orquesta At\u00edpica de Lhamas com a faixa \"C\u00f3mo te Lhama?\"; de outro, o pagod\u00e3o baiano e a pegada afro-brasileira do Swing Safado com \"Dibetim\".   O resultado \u00e9 um lindo sete polegadas \"Split\" prensado em vinil transparente esfuma\u00e7ado e embalado em um mini poster com arte de Victor Zalma.  Imperdivel!","og_url":"https:\/\/shopbrasil.vinyllandrecords.com\/produto\/vinil-landia-1-apresentando-orquesta-atipica-de-lhamas-e-swing-safado\/","og_site_name":"Vinyl Land Records","article_modified_time":"2025-12-21T07:02:05+00:00","og_image":[{"width":1045,"height":1056,"url":"https:\/\/shopbrasil.vinyllandrecords.com\/wp-content\/uploads\/2018\/12\/Capa.jpg","type":"image\/jpeg"}],"twitter_card":"summary_large_image","schema":{"@context":"https:\/\/schema.org","@graph":[{"@type":"WebPage","@id":"https:\/\/shopbrasil.vinyllandrecords.com\/produto\/vinil-landia-1-apresentando-orquesta-atipica-de-lhamas-e-swing-safado\/","url":"https:\/\/shopbrasil.vinyllandrecords.com\/produto\/vinil-landia-1-apresentando-orquesta-atipica-de-lhamas-e-swing-safado\/","name":"[:pb]Vinil Landia #1 - Apresentando Orquesta At\u00edpica de Lhamas e Swing Safado[:en]Vinil Landia #1 - Presenting Orquesta At\u00edpica de Lhamas and Swing Safado[:] - Vinyl Land Records","isPartOf":{"@id":"https:\/\/shopbrasil.vinyllandrecords.com\/#website"},"primaryImageOfPage":{"@id":"https:\/\/shopbrasil.vinyllandrecords.com\/produto\/vinil-landia-1-apresentando-orquesta-atipica-de-lhamas-e-swing-safado\/#primaryimage"},"image":{"@id":"https:\/\/shopbrasil.vinyllandrecords.com\/produto\/vinil-landia-1-apresentando-orquesta-atipica-de-lhamas-e-swing-safado\/#primaryimage"},"thumbnailUrl":"https:\/\/shopbrasil.vinyllandrecords.com\/wp-content\/uploads\/2018\/12\/Capa.jpg","datePublished":"2018-12-19T00:59:22+00:00","dateModified":"2025-12-21T07:02:05+00:00","breadcrumb":{"@id":"https:\/\/shopbrasil.vinyllandrecords.com\/produto\/vinil-landia-1-apresentando-orquesta-atipica-de-lhamas-e-swing-safado\/#breadcrumb"},"inLanguage":"en-US","potentialAction":[{"@type":"ReadAction","target":["https:\/\/shopbrasil.vinyllandrecords.com\/produto\/vinil-landia-1-apresentando-orquesta-atipica-de-lhamas-e-swing-safado\/"]}]},{"@type":"ImageObject","inLanguage":"en-US","@id":"https:\/\/shopbrasil.vinyllandrecords.com\/produto\/vinil-landia-1-apresentando-orquesta-atipica-de-lhamas-e-swing-safado\/#primaryimage","url":"https:\/\/shopbrasil.vinyllandrecords.com\/wp-content\/uploads\/2018\/12\/Capa.jpg","contentUrl":"https:\/\/shopbrasil.vinyllandrecords.com\/wp-content\/uploads\/2018\/12\/Capa.jpg","width":1045,"height":1056},{"@type":"BreadcrumbList","@id":"https:\/\/shopbrasil.vinyllandrecords.com\/produto\/vinil-landia-1-apresentando-orquesta-atipica-de-lhamas-e-swing-safado\/#breadcrumb","itemListElement":[{"@type":"ListItem","position":1,"name":"In\u00edcio","item":"https:\/\/shopbrasil.vinyllandrecords.com\/"},{"@type":"ListItem","position":2,"name":"Shops","item":"https:\/\/shopbrasil.vinyllandrecords.com\/shops\/"},{"@type":"ListItem","position":3,"name":"[:pb]Vinil Landia #1 &#8211; Apresentando Orquesta At\u00edpica de Lhamas e Swing Safado[:en]Vinil Landia #1 &#8211; Presenting Orquesta At\u00edpica de Lhamas and Swing Safado[:]"}]},{"@type":"WebSite","@id":"https:\/\/shopbrasil.vinyllandrecords.com\/#website","url":"https:\/\/shopbrasil.vinyllandrecords.com\/","name":"Vinyl Land Records","description":"ONLINE SHOP","potentialAction":[{"@type":"SearchAction","target":{"@type":"EntryPoint","urlTemplate":"https:\/\/shopbrasil.vinyllandrecords.com\/?s={search_term_string}"},"query-input":{"@type":"PropertyValueSpecification","valueRequired":true,"valueName":"search_term_string"}}],"inLanguage":"en-US"}]}},"_links":{"self":[{"href":"https:\/\/shopbrasil.vinyllandrecords.com\/en\/wp-json\/wp\/v2\/product\/67139","targetHints":{"allow":["GET"]}}],"collection":[{"href":"https:\/\/shopbrasil.vinyllandrecords.com\/en\/wp-json\/wp\/v2\/product"}],"about":[{"href":"https:\/\/shopbrasil.vinyllandrecords.com\/en\/wp-json\/wp\/v2\/types\/product"}],"wp:featuredmedia":[{"embeddable":true,"href":"https:\/\/shopbrasil.vinyllandrecords.com\/en\/wp-json\/wp\/v2\/media\/67140"}],"wp:attachment":[{"href":"https:\/\/shopbrasil.vinyllandrecords.com\/en\/wp-json\/wp\/v2\/media?parent=67139"}],"wp:term":[{"taxonomy":"product_brand","embeddable":true,"href":"https:\/\/shopbrasil.vinyllandrecords.com\/en\/wp-json\/wp\/v2\/product_brand?post=67139"},{"taxonomy":"product_cat","embeddable":true,"href":"https:\/\/shopbrasil.vinyllandrecords.com\/en\/wp-json\/wp\/v2\/product_cat?post=67139"},{"taxonomy":"product_tag","embeddable":true,"href":"https:\/\/shopbrasil.vinyllandrecords.com\/en\/wp-json\/wp\/v2\/product_tag?post=67139"}],"curies":[{"name":"wp","href":"https:\/\/api.w.org\/{rel}","templated":true}]}}