{"id":67184,"date":"2019-05-11T21:07:37","date_gmt":"2019-05-11T21:07:37","guid":{"rendered":"https:\/\/shopbrasil.vinyllandrecords.com\/?post_type=product&#038;p=67184"},"modified":"2026-02-03T13:03:00","modified_gmt":"2026-02-03T16:03:00","slug":"monkey-jhayam-gaby-amarantos-pulele","status":"publish","type":"product","link":"https:\/\/shopbrasil.vinyllandrecords.com\/en\/produto\/monkey-jhayam-gaby-amarantos-pulele\/","title":{"rendered":"Monkey Jhayam &#038; Gaby Amarantos &#8211; Pulel\u00ea"},"content":{"rendered":"","protected":false},"excerpt":{"rendered":"<p><iframe width=\"560\" height=\"315\" src=\"https:\/\/www.youtube.com\/embed\/Pnax-53ikro\" frameborder=\"0\" allow=\"accelerometer; autoplay; encrypted-media; gyroscope; picture-in-picture\" allowfullscreen><\/iframe><\/p>\n<p><iframe width=\"560\" height=\"315\" src=\"https:\/\/www.youtube.com\/embed\/_wny80gp0pY\" frameborder=\"0\" allow=\"accelerometer; autoplay; encrypted-media; gyroscope; picture-in-picture\" allowfullscreen><\/iframe><\/p>\n<p>Pulel\u00ea: Can\u00e7\u00e3o que fala de encontros e comunh\u00e3o, celebrando a uni\u00e3o das aparelhagens de Bel\u00e9m do Par\u00e1 com o dancehall jamaicano, com ra\u00edzes na \u00c1frica. E \u00e9 como um sinal, um momento de luz. Simples assim. Ela toca e nos conduz \u00e0 um momento \u00fanico, ao encontro do sublime, frente ao que toca. O nome disso \u00e9 Pulel\u00ea! Sintam-se todos convidados a esse prazer. Vamos juntos ecoar esse som.<\/p>\n<p>Lado A: Monkey Jhayam &#038; Gaby Amarantos &#8211; Pulel\u00ea<br \/>\nLado B: Monkey Jhayam &#8211; X9 (Informer) <\/p>\n","protected":false},"featured_media":67186,"template":"","meta":[],"product_brand":[],"product_cat":[108,111,126,93],"product_tag":[],"class_list":{"0":"post-67184","1":"product","2":"type-product","3":"status-publish","4":"has-post-thumbnail","6":"product_cat-lancamentos","7":"product_cat-destaque","8":"product_cat-disco-colorido","9":"product_cat-93","11":"first","12":"instock","13":"taxable","14":"shipping-taxable","15":"purchasable","16":"product-type-simple"},"yoast_head":"<!-- This site is optimized with the Yoast SEO plugin v27.3 - https:\/\/yoast.com\/product\/yoast-seo-wordpress\/ -->\n<title>Monkey Jhayam &amp; Gaby Amarantos - Pulel\u00ea - Vinyl Land Records<\/title>\n<meta name=\"robots\" content=\"index, follow, max-snippet:-1, max-image-preview:large, max-video-preview:-1\" \/>\n<link rel=\"canonical\" href=\"https:\/\/shopbrasil.vinyllandrecords.com\/produto\/monkey-jhayam-gaby-amarantos-pulele\/\" \/>\n<meta property=\"og:locale\" content=\"en_US\" \/>\n<meta property=\"og:type\" content=\"article\" \/>\n<meta property=\"og:title\" content=\"Monkey Jhayam &amp; Gaby Amarantos - Pulel\u00ea - Vinyl Land Records\" \/>\n<meta property=\"og:description\" content=\"Pulel\u00ea: Can\u00e7\u00e3o que fala de encontros e comunh\u00e3o, celebrando a uni\u00e3o das aparelhagens de Bel\u00e9m do Par\u00e1 com o dancehall jamaicano, com ra\u00edzes na \u00c1frica. E \u00e9 como um sinal, um momento de luz. Simples assim. Ela toca e nos conduz \u00e0 um momento \u00fanico, ao encontro do sublime, frente ao que toca. O nome disso \u00e9 Pulel\u00ea! Sintam-se todos convidados a esse prazer. Vamos juntos ecoar esse som.  Lado A: Monkey Jhayam &amp; Gaby Amarantos - Pulel\u00ea Lado B: Monkey Jhayam - X9 (Informer)\" \/>\n<meta property=\"og:url\" content=\"https:\/\/shopbrasil.vinyllandrecords.com\/produto\/monkey-jhayam-gaby-amarantos-pulele\/\" \/>\n<meta property=\"og:site_name\" content=\"Vinyl Land Records\" \/>\n<meta property=\"article:modified_time\" content=\"2026-02-03T16:03:00+00:00\" \/>\n<meta property=\"og:image\" content=\"https:\/\/shopbrasil.vinyllandrecords.com\/wp-content\/uploads\/2019\/05\/pulele-capa.jpg\" \/>\n\t<meta property=\"og:image:width\" content=\"1052\" \/>\n\t<meta property=\"og:image:height\" content=\"1052\" \/>\n\t<meta property=\"og:image:type\" content=\"image\/jpeg\" \/>\n<meta name=\"twitter:card\" content=\"summary_large_image\" \/>\n<script type=\"application\/ld+json\" class=\"yoast-schema-graph\">{\"@context\":\"https:\\\/\\\/schema.org\",\"@graph\":[{\"@type\":\"WebPage\",\"@id\":\"https:\\\/\\\/shopbrasil.vinyllandrecords.com\\\/produto\\\/monkey-jhayam-gaby-amarantos-pulele\\\/\",\"url\":\"https:\\\/\\\/shopbrasil.vinyllandrecords.com\\\/produto\\\/monkey-jhayam-gaby-amarantos-pulele\\\/\",\"name\":\"Monkey Jhayam & Gaby Amarantos - Pulel\u00ea - Vinyl Land Records\",\"isPartOf\":{\"@id\":\"https:\\\/\\\/shopbrasil.vinyllandrecords.com\\\/#website\"},\"primaryImageOfPage\":{\"@id\":\"https:\\\/\\\/shopbrasil.vinyllandrecords.com\\\/produto\\\/monkey-jhayam-gaby-amarantos-pulele\\\/#primaryimage\"},\"image\":{\"@id\":\"https:\\\/\\\/shopbrasil.vinyllandrecords.com\\\/produto\\\/monkey-jhayam-gaby-amarantos-pulele\\\/#primaryimage\"},\"thumbnailUrl\":\"https:\\\/\\\/shopbrasil.vinyllandrecords.com\\\/wp-content\\\/uploads\\\/2019\\\/05\\\/pulele-capa.jpg\",\"datePublished\":\"2019-05-11T21:07:37+00:00\",\"dateModified\":\"2026-02-03T16:03:00+00:00\",\"breadcrumb\":{\"@id\":\"https:\\\/\\\/shopbrasil.vinyllandrecords.com\\\/produto\\\/monkey-jhayam-gaby-amarantos-pulele\\\/#breadcrumb\"},\"inLanguage\":\"en-US\",\"potentialAction\":[{\"@type\":\"ReadAction\",\"target\":[\"https:\\\/\\\/shopbrasil.vinyllandrecords.com\\\/produto\\\/monkey-jhayam-gaby-amarantos-pulele\\\/\"]}]},{\"@type\":\"ImageObject\",\"inLanguage\":\"en-US\",\"@id\":\"https:\\\/\\\/shopbrasil.vinyllandrecords.com\\\/produto\\\/monkey-jhayam-gaby-amarantos-pulele\\\/#primaryimage\",\"url\":\"https:\\\/\\\/shopbrasil.vinyllandrecords.com\\\/wp-content\\\/uploads\\\/2019\\\/05\\\/pulele-capa.jpg\",\"contentUrl\":\"https:\\\/\\\/shopbrasil.vinyllandrecords.com\\\/wp-content\\\/uploads\\\/2019\\\/05\\\/pulele-capa.jpg\",\"width\":1052,\"height\":1052},{\"@type\":\"BreadcrumbList\",\"@id\":\"https:\\\/\\\/shopbrasil.vinyllandrecords.com\\\/produto\\\/monkey-jhayam-gaby-amarantos-pulele\\\/#breadcrumb\",\"itemListElement\":[{\"@type\":\"ListItem\",\"position\":1,\"name\":\"In\u00edcio\",\"item\":\"https:\\\/\\\/shopbrasil.vinyllandrecords.com\\\/\"},{\"@type\":\"ListItem\",\"position\":2,\"name\":\"Shops\",\"item\":\"https:\\\/\\\/shopbrasil.vinyllandrecords.com\\\/shops\\\/\"},{\"@type\":\"ListItem\",\"position\":3,\"name\":\"Monkey Jhayam &#038; Gaby Amarantos &#8211; Pulel\u00ea\"}]},{\"@type\":\"WebSite\",\"@id\":\"https:\\\/\\\/shopbrasil.vinyllandrecords.com\\\/#website\",\"url\":\"https:\\\/\\\/shopbrasil.vinyllandrecords.com\\\/\",\"name\":\"Vinyl Land Records\",\"description\":\"ONLINE SHOP\",\"potentialAction\":[{\"@type\":\"SearchAction\",\"target\":{\"@type\":\"EntryPoint\",\"urlTemplate\":\"https:\\\/\\\/shopbrasil.vinyllandrecords.com\\\/?s={search_term_string}\"},\"query-input\":{\"@type\":\"PropertyValueSpecification\",\"valueRequired\":true,\"valueName\":\"search_term_string\"}}],\"inLanguage\":\"en-US\"}]}<\/script>\n<!-- \/ Yoast SEO plugin. -->","yoast_head_json":{"title":"Monkey Jhayam & Gaby Amarantos - Pulel\u00ea - Vinyl Land Records","robots":{"index":"index","follow":"follow","max-snippet":"max-snippet:-1","max-image-preview":"max-image-preview:large","max-video-preview":"max-video-preview:-1"},"canonical":"https:\/\/shopbrasil.vinyllandrecords.com\/produto\/monkey-jhayam-gaby-amarantos-pulele\/","og_locale":"en_US","og_type":"article","og_title":"Monkey Jhayam & Gaby Amarantos - Pulel\u00ea - Vinyl Land Records","og_description":"Pulel\u00ea: Can\u00e7\u00e3o que fala de encontros e comunh\u00e3o, celebrando a uni\u00e3o das aparelhagens de Bel\u00e9m do Par\u00e1 com o dancehall jamaicano, com ra\u00edzes na \u00c1frica. E \u00e9 como um sinal, um momento de luz. Simples assim. Ela toca e nos conduz \u00e0 um momento \u00fanico, ao encontro do sublime, frente ao que toca. O nome disso \u00e9 Pulel\u00ea! Sintam-se todos convidados a esse prazer. Vamos juntos ecoar esse som.  Lado A: Monkey Jhayam & Gaby Amarantos - Pulel\u00ea Lado B: Monkey Jhayam - X9 (Informer)","og_url":"https:\/\/shopbrasil.vinyllandrecords.com\/produto\/monkey-jhayam-gaby-amarantos-pulele\/","og_site_name":"Vinyl Land Records","article_modified_time":"2026-02-03T16:03:00+00:00","og_image":[{"width":1052,"height":1052,"url":"https:\/\/shopbrasil.vinyllandrecords.com\/wp-content\/uploads\/2019\/05\/pulele-capa.jpg","type":"image\/jpeg"}],"twitter_card":"summary_large_image","schema":{"@context":"https:\/\/schema.org","@graph":[{"@type":"WebPage","@id":"https:\/\/shopbrasil.vinyllandrecords.com\/produto\/monkey-jhayam-gaby-amarantos-pulele\/","url":"https:\/\/shopbrasil.vinyllandrecords.com\/produto\/monkey-jhayam-gaby-amarantos-pulele\/","name":"Monkey Jhayam & Gaby Amarantos - Pulel\u00ea - Vinyl Land Records","isPartOf":{"@id":"https:\/\/shopbrasil.vinyllandrecords.com\/#website"},"primaryImageOfPage":{"@id":"https:\/\/shopbrasil.vinyllandrecords.com\/produto\/monkey-jhayam-gaby-amarantos-pulele\/#primaryimage"},"image":{"@id":"https:\/\/shopbrasil.vinyllandrecords.com\/produto\/monkey-jhayam-gaby-amarantos-pulele\/#primaryimage"},"thumbnailUrl":"https:\/\/shopbrasil.vinyllandrecords.com\/wp-content\/uploads\/2019\/05\/pulele-capa.jpg","datePublished":"2019-05-11T21:07:37+00:00","dateModified":"2026-02-03T16:03:00+00:00","breadcrumb":{"@id":"https:\/\/shopbrasil.vinyllandrecords.com\/produto\/monkey-jhayam-gaby-amarantos-pulele\/#breadcrumb"},"inLanguage":"en-US","potentialAction":[{"@type":"ReadAction","target":["https:\/\/shopbrasil.vinyllandrecords.com\/produto\/monkey-jhayam-gaby-amarantos-pulele\/"]}]},{"@type":"ImageObject","inLanguage":"en-US","@id":"https:\/\/shopbrasil.vinyllandrecords.com\/produto\/monkey-jhayam-gaby-amarantos-pulele\/#primaryimage","url":"https:\/\/shopbrasil.vinyllandrecords.com\/wp-content\/uploads\/2019\/05\/pulele-capa.jpg","contentUrl":"https:\/\/shopbrasil.vinyllandrecords.com\/wp-content\/uploads\/2019\/05\/pulele-capa.jpg","width":1052,"height":1052},{"@type":"BreadcrumbList","@id":"https:\/\/shopbrasil.vinyllandrecords.com\/produto\/monkey-jhayam-gaby-amarantos-pulele\/#breadcrumb","itemListElement":[{"@type":"ListItem","position":1,"name":"In\u00edcio","item":"https:\/\/shopbrasil.vinyllandrecords.com\/"},{"@type":"ListItem","position":2,"name":"Shops","item":"https:\/\/shopbrasil.vinyllandrecords.com\/shops\/"},{"@type":"ListItem","position":3,"name":"Monkey Jhayam &#038; Gaby Amarantos &#8211; Pulel\u00ea"}]},{"@type":"WebSite","@id":"https:\/\/shopbrasil.vinyllandrecords.com\/#website","url":"https:\/\/shopbrasil.vinyllandrecords.com\/","name":"Vinyl Land Records","description":"ONLINE SHOP","potentialAction":[{"@type":"SearchAction","target":{"@type":"EntryPoint","urlTemplate":"https:\/\/shopbrasil.vinyllandrecords.com\/?s={search_term_string}"},"query-input":{"@type":"PropertyValueSpecification","valueRequired":true,"valueName":"search_term_string"}}],"inLanguage":"en-US"}]}},"_links":{"self":[{"href":"https:\/\/shopbrasil.vinyllandrecords.com\/en\/wp-json\/wp\/v2\/product\/67184","targetHints":{"allow":["GET"]}}],"collection":[{"href":"https:\/\/shopbrasil.vinyllandrecords.com\/en\/wp-json\/wp\/v2\/product"}],"about":[{"href":"https:\/\/shopbrasil.vinyllandrecords.com\/en\/wp-json\/wp\/v2\/types\/product"}],"wp:featuredmedia":[{"embeddable":true,"href":"https:\/\/shopbrasil.vinyllandrecords.com\/en\/wp-json\/wp\/v2\/media\/67186"}],"wp:attachment":[{"href":"https:\/\/shopbrasil.vinyllandrecords.com\/en\/wp-json\/wp\/v2\/media?parent=67184"}],"wp:term":[{"taxonomy":"product_brand","embeddable":true,"href":"https:\/\/shopbrasil.vinyllandrecords.com\/en\/wp-json\/wp\/v2\/product_brand?post=67184"},{"taxonomy":"product_cat","embeddable":true,"href":"https:\/\/shopbrasil.vinyllandrecords.com\/en\/wp-json\/wp\/v2\/product_cat?post=67184"},{"taxonomy":"product_tag","embeddable":true,"href":"https:\/\/shopbrasil.vinyllandrecords.com\/en\/wp-json\/wp\/v2\/product_tag?post=67184"}],"curies":[{"name":"wp","href":"https:\/\/api.w.org\/{rel}","templated":true}]}}