{"id":67199,"date":"2019-05-27T19:07:24","date_gmt":"2019-05-27T19:07:24","guid":{"rendered":"https:\/\/shopbrasil.vinyllandrecords.com\/?post_type=product&#038;p=67199"},"modified":"2025-12-10T15:40:18","modified_gmt":"2025-12-10T18:40:18","slug":"apanhador-so-meio-que-tudo-e-um","status":"publish","type":"product","link":"https:\/\/shopbrasil.vinyllandrecords.com\/en\/produto\/apanhador-so-meio-que-tudo-e-um\/","title":{"rendered":"Apanhador S\u00f3 &#8211; Meio que tudo \u00e9 um"},"content":{"rendered":"","protected":false},"excerpt":{"rendered":"<p><iframe src=\"https:\/\/embed.spotify.com\/?uri=spotify%3Aalbum%3A2oPxv0oJskRa7oJtQGVsUS\" width=\"300\" height=\"380\" frameborder=\"0\" allowtransparency=\"true\"><\/iframe><\/p>\n<p>&#8220;MEIO QUE TUDO \u00c9 UM&#8221; (2017)<\/p>\n<p>\/\/ Capa em papel, com estampa em serigrafia frente e verso.<\/p>\n<p>\/\/ Caderno de 12 p\u00e1ginas, colorido, com capa em serigrafia e costurado<\/p>\n<p>\/\/ Bula com ficha t\u00e9cnica e letras<\/p>\n<p>Lista das m\u00fasicas:<\/p>\n<p>LADO A<\/p>\n<p>01 &#8211; Sol da D\u00favida<br \/>\n02 &#8211; Sopro<br \/>\n03 &#8211; Teia<br \/>\n04 &#8211; RJ banco imobili\u00e1rio<br \/>\n05 &#8211; O Creme e o Crime<br \/>\n06 &#8211; Bastas<br \/>\n07 &#8211; Paso hacia atr\u00e1s<\/p>\n<p>LADO B<br \/>\n01 &#8211; Viralatice dos Pr\u00e9dios<br \/>\n02 &#8211; Isabel chove<br \/>\n03 &#8211; Pelos olhos do mundo<br \/>\n04 &#8211; Conforto<br \/>\n05 &#8211; Metropolitano<br \/>\n06 &#8211; Linda, louca e livre<br \/>\n07 &#8211; O corpo vai acabar<\/p>\n","protected":false},"featured_media":67201,"template":"","meta":[],"product_brand":[],"product_cat":[107,111,120,126,97],"product_tag":[],"class_list":{"0":"post-67199","1":"product","2":"type-product","3":"status-publish","4":"has-post-thumbnail","6":"product_cat-garimpo","7":"product_cat-destaque","8":"product_cat-assustado-discos","9":"product_cat-disco-colorido","10":"product_cat-lp","12":"first","13":"outofstock","14":"taxable","15":"shipping-taxable","16":"purchasable","17":"product-type-simple"},"yoast_head":"<!-- This site is optimized with the Yoast SEO plugin v27.4 - https:\/\/yoast.com\/product\/yoast-seo-wordpress\/ -->\n<title>Apanhador S\u00f3 - Meio que tudo \u00e9 um - Vinyl Land Records<\/title>\n<meta name=\"robots\" content=\"index, follow, max-snippet:-1, max-image-preview:large, max-video-preview:-1\" \/>\n<link rel=\"canonical\" href=\"https:\/\/shopbrasil.vinyllandrecords.com\/produto\/apanhador-so-meio-que-tudo-e-um\/\" \/>\n<meta property=\"og:locale\" content=\"en_US\" \/>\n<meta property=\"og:type\" content=\"article\" \/>\n<meta property=\"og:title\" content=\"Apanhador S\u00f3 - Meio que tudo \u00e9 um - Vinyl Land Records\" \/>\n<meta property=\"og:description\" content=\"[:pb]  &quot;MEIO QUE TUDO \u00c9 UM&quot; (2017)  \/\/ Capa em papel, com estampa em serigrafia frente e verso.  \/\/ Caderno de 12 p\u00e1ginas, colorido, com capa em serigrafia e costurado  \/\/ Bula com ficha t\u00e9cnica e letras  Lista das m\u00fasicas:  LADO A  01 - Sol da D\u00favida 02 - Sopro 03 - Teia 04 - RJ banco imobili\u00e1rio 05 - O Creme e o Crime 06 - Bastas 07 - Paso hacia atr\u00e1s  LADO B 01 - Viralatice dos Pr\u00e9dios 02 - Isabel chove 03 - Pelos olhos do mundo 04 - Conforto 05 - Metropolitano 06 - Linda, louca e livre 07 - O corpo vai acabar[:en]  &quot;MEIO QUE TUDO \u00c9 UM&quot; (2017)  \/\/ Capa em papel, com estampa em serigrafia frente e verso.  \/\/ Caderno de 12 p\u00e1ginas, colorido, com capa em serigrafia e costurado  \/\/ Bula com ficha t\u00e9cnica e letras     Lista das m\u00fasicas:  LADO A  01 - Sol da D\u00favida 02 - Sopro 03 - Teia 04 - RJ banco imobili\u00e1rio 05 - O Creme e o Crime 06 - Bastas 07 - Paso hacia atr\u00e1s     LADO B 01 - Viralatice dos Pr\u00e9dios 02 - Isabel chove 03 - Pelos olhos do mundo 04 - Conforto 05 - Metropolitano 06 - Linda, louca e livre 07 - O corpo vai acabar[:]\" \/>\n<meta property=\"og:url\" content=\"https:\/\/shopbrasil.vinyllandrecords.com\/produto\/apanhador-so-meio-que-tudo-e-um\/\" \/>\n<meta property=\"og:site_name\" content=\"Vinyl Land Records\" \/>\n<meta property=\"article:modified_time\" content=\"2025-12-10T18:40:18+00:00\" \/>\n<meta property=\"og:image\" content=\"https:\/\/shopbrasil.vinyllandrecords.com\/wp-content\/uploads\/2019\/05\/apanha2.jpg\" \/>\n\t<meta property=\"og:image:width\" content=\"450\" \/>\n\t<meta property=\"og:image:height\" content=\"440\" \/>\n\t<meta property=\"og:image:type\" content=\"image\/jpeg\" \/>\n<meta name=\"twitter:card\" content=\"summary_large_image\" \/>\n<meta name=\"twitter:label1\" content=\"Est. reading time\" \/>\n\t<meta name=\"twitter:data1\" content=\"1 minute\" \/>\n<script type=\"application\/ld+json\" class=\"yoast-schema-graph\">{\"@context\":\"https:\\\/\\\/schema.org\",\"@graph\":[{\"@type\":\"WebPage\",\"@id\":\"https:\\\/\\\/shopbrasil.vinyllandrecords.com\\\/produto\\\/apanhador-so-meio-que-tudo-e-um\\\/\",\"url\":\"https:\\\/\\\/shopbrasil.vinyllandrecords.com\\\/produto\\\/apanhador-so-meio-que-tudo-e-um\\\/\",\"name\":\"Apanhador S\u00f3 - Meio que tudo \u00e9 um - Vinyl Land Records\",\"isPartOf\":{\"@id\":\"https:\\\/\\\/shopbrasil.vinyllandrecords.com\\\/#website\"},\"primaryImageOfPage\":{\"@id\":\"https:\\\/\\\/shopbrasil.vinyllandrecords.com\\\/produto\\\/apanhador-so-meio-que-tudo-e-um\\\/#primaryimage\"},\"image\":{\"@id\":\"https:\\\/\\\/shopbrasil.vinyllandrecords.com\\\/produto\\\/apanhador-so-meio-que-tudo-e-um\\\/#primaryimage\"},\"thumbnailUrl\":\"https:\\\/\\\/shopbrasil.vinyllandrecords.com\\\/wp-content\\\/uploads\\\/2019\\\/05\\\/apanha2.jpg\",\"datePublished\":\"2019-05-27T19:07:24+00:00\",\"dateModified\":\"2025-12-10T18:40:18+00:00\",\"breadcrumb\":{\"@id\":\"https:\\\/\\\/shopbrasil.vinyllandrecords.com\\\/produto\\\/apanhador-so-meio-que-tudo-e-um\\\/#breadcrumb\"},\"inLanguage\":\"en-US\",\"potentialAction\":[{\"@type\":\"ReadAction\",\"target\":[\"https:\\\/\\\/shopbrasil.vinyllandrecords.com\\\/produto\\\/apanhador-so-meio-que-tudo-e-um\\\/\"]}]},{\"@type\":\"ImageObject\",\"inLanguage\":\"en-US\",\"@id\":\"https:\\\/\\\/shopbrasil.vinyllandrecords.com\\\/produto\\\/apanhador-so-meio-que-tudo-e-um\\\/#primaryimage\",\"url\":\"https:\\\/\\\/shopbrasil.vinyllandrecords.com\\\/wp-content\\\/uploads\\\/2019\\\/05\\\/apanha2.jpg\",\"contentUrl\":\"https:\\\/\\\/shopbrasil.vinyllandrecords.com\\\/wp-content\\\/uploads\\\/2019\\\/05\\\/apanha2.jpg\",\"width\":450,\"height\":440},{\"@type\":\"BreadcrumbList\",\"@id\":\"https:\\\/\\\/shopbrasil.vinyllandrecords.com\\\/produto\\\/apanhador-so-meio-que-tudo-e-um\\\/#breadcrumb\",\"itemListElement\":[{\"@type\":\"ListItem\",\"position\":1,\"name\":\"In\u00edcio\",\"item\":\"https:\\\/\\\/shopbrasil.vinyllandrecords.com\\\/\"},{\"@type\":\"ListItem\",\"position\":2,\"name\":\"Shops\",\"item\":\"https:\\\/\\\/shopbrasil.vinyllandrecords.com\\\/shops\\\/\"},{\"@type\":\"ListItem\",\"position\":3,\"name\":\"Apanhador S\u00f3 &#8211; Meio que tudo \u00e9 um\"}]},{\"@type\":\"WebSite\",\"@id\":\"https:\\\/\\\/shopbrasil.vinyllandrecords.com\\\/#website\",\"url\":\"https:\\\/\\\/shopbrasil.vinyllandrecords.com\\\/\",\"name\":\"Vinyl Land Records\",\"description\":\"ONLINE SHOP\",\"potentialAction\":[{\"@type\":\"SearchAction\",\"target\":{\"@type\":\"EntryPoint\",\"urlTemplate\":\"https:\\\/\\\/shopbrasil.vinyllandrecords.com\\\/?s={search_term_string}\"},\"query-input\":{\"@type\":\"PropertyValueSpecification\",\"valueRequired\":true,\"valueName\":\"search_term_string\"}}],\"inLanguage\":\"en-US\"}]}<\/script>\n<!-- \/ Yoast SEO plugin. -->","yoast_head_json":{"title":"Apanhador S\u00f3 - Meio que tudo \u00e9 um - Vinyl Land Records","robots":{"index":"index","follow":"follow","max-snippet":"max-snippet:-1","max-image-preview":"max-image-preview:large","max-video-preview":"max-video-preview:-1"},"canonical":"https:\/\/shopbrasil.vinyllandrecords.com\/produto\/apanhador-so-meio-que-tudo-e-um\/","og_locale":"en_US","og_type":"article","og_title":"Apanhador S\u00f3 - Meio que tudo \u00e9 um - Vinyl Land Records","og_description":"[:pb]  \"MEIO QUE TUDO \u00c9 UM\" (2017)  \/\/ Capa em papel, com estampa em serigrafia frente e verso.  \/\/ Caderno de 12 p\u00e1ginas, colorido, com capa em serigrafia e costurado  \/\/ Bula com ficha t\u00e9cnica e letras  Lista das m\u00fasicas:  LADO A  01 - Sol da D\u00favida 02 - Sopro 03 - Teia 04 - RJ banco imobili\u00e1rio 05 - O Creme e o Crime 06 - Bastas 07 - Paso hacia atr\u00e1s  LADO B 01 - Viralatice dos Pr\u00e9dios 02 - Isabel chove 03 - Pelos olhos do mundo 04 - Conforto 05 - Metropolitano 06 - Linda, louca e livre 07 - O corpo vai acabar[:en]  \"MEIO QUE TUDO \u00c9 UM\" (2017)  \/\/ Capa em papel, com estampa em serigrafia frente e verso.  \/\/ Caderno de 12 p\u00e1ginas, colorido, com capa em serigrafia e costurado  \/\/ Bula com ficha t\u00e9cnica e letras     Lista das m\u00fasicas:  LADO A  01 - Sol da D\u00favida 02 - Sopro 03 - Teia 04 - RJ banco imobili\u00e1rio 05 - O Creme e o Crime 06 - Bastas 07 - Paso hacia atr\u00e1s     LADO B 01 - Viralatice dos Pr\u00e9dios 02 - Isabel chove 03 - Pelos olhos do mundo 04 - Conforto 05 - Metropolitano 06 - Linda, louca e livre 07 - O corpo vai acabar[:]","og_url":"https:\/\/shopbrasil.vinyllandrecords.com\/produto\/apanhador-so-meio-que-tudo-e-um\/","og_site_name":"Vinyl Land Records","article_modified_time":"2025-12-10T18:40:18+00:00","og_image":[{"width":450,"height":440,"url":"https:\/\/shopbrasil.vinyllandrecords.com\/wp-content\/uploads\/2019\/05\/apanha2.jpg","type":"image\/jpeg"}],"twitter_card":"summary_large_image","twitter_misc":{"Est. reading time":"1 minute"},"schema":{"@context":"https:\/\/schema.org","@graph":[{"@type":"WebPage","@id":"https:\/\/shopbrasil.vinyllandrecords.com\/produto\/apanhador-so-meio-que-tudo-e-um\/","url":"https:\/\/shopbrasil.vinyllandrecords.com\/produto\/apanhador-so-meio-que-tudo-e-um\/","name":"Apanhador S\u00f3 - Meio que tudo \u00e9 um - Vinyl Land Records","isPartOf":{"@id":"https:\/\/shopbrasil.vinyllandrecords.com\/#website"},"primaryImageOfPage":{"@id":"https:\/\/shopbrasil.vinyllandrecords.com\/produto\/apanhador-so-meio-que-tudo-e-um\/#primaryimage"},"image":{"@id":"https:\/\/shopbrasil.vinyllandrecords.com\/produto\/apanhador-so-meio-que-tudo-e-um\/#primaryimage"},"thumbnailUrl":"https:\/\/shopbrasil.vinyllandrecords.com\/wp-content\/uploads\/2019\/05\/apanha2.jpg","datePublished":"2019-05-27T19:07:24+00:00","dateModified":"2025-12-10T18:40:18+00:00","breadcrumb":{"@id":"https:\/\/shopbrasil.vinyllandrecords.com\/produto\/apanhador-so-meio-que-tudo-e-um\/#breadcrumb"},"inLanguage":"en-US","potentialAction":[{"@type":"ReadAction","target":["https:\/\/shopbrasil.vinyllandrecords.com\/produto\/apanhador-so-meio-que-tudo-e-um\/"]}]},{"@type":"ImageObject","inLanguage":"en-US","@id":"https:\/\/shopbrasil.vinyllandrecords.com\/produto\/apanhador-so-meio-que-tudo-e-um\/#primaryimage","url":"https:\/\/shopbrasil.vinyllandrecords.com\/wp-content\/uploads\/2019\/05\/apanha2.jpg","contentUrl":"https:\/\/shopbrasil.vinyllandrecords.com\/wp-content\/uploads\/2019\/05\/apanha2.jpg","width":450,"height":440},{"@type":"BreadcrumbList","@id":"https:\/\/shopbrasil.vinyllandrecords.com\/produto\/apanhador-so-meio-que-tudo-e-um\/#breadcrumb","itemListElement":[{"@type":"ListItem","position":1,"name":"In\u00edcio","item":"https:\/\/shopbrasil.vinyllandrecords.com\/"},{"@type":"ListItem","position":2,"name":"Shops","item":"https:\/\/shopbrasil.vinyllandrecords.com\/shops\/"},{"@type":"ListItem","position":3,"name":"Apanhador S\u00f3 &#8211; Meio que tudo \u00e9 um"}]},{"@type":"WebSite","@id":"https:\/\/shopbrasil.vinyllandrecords.com\/#website","url":"https:\/\/shopbrasil.vinyllandrecords.com\/","name":"Vinyl Land Records","description":"ONLINE SHOP","potentialAction":[{"@type":"SearchAction","target":{"@type":"EntryPoint","urlTemplate":"https:\/\/shopbrasil.vinyllandrecords.com\/?s={search_term_string}"},"query-input":{"@type":"PropertyValueSpecification","valueRequired":true,"valueName":"search_term_string"}}],"inLanguage":"en-US"}]}},"_links":{"self":[{"href":"https:\/\/shopbrasil.vinyllandrecords.com\/en\/wp-json\/wp\/v2\/product\/67199","targetHints":{"allow":["GET"]}}],"collection":[{"href":"https:\/\/shopbrasil.vinyllandrecords.com\/en\/wp-json\/wp\/v2\/product"}],"about":[{"href":"https:\/\/shopbrasil.vinyllandrecords.com\/en\/wp-json\/wp\/v2\/types\/product"}],"wp:featuredmedia":[{"embeddable":true,"href":"https:\/\/shopbrasil.vinyllandrecords.com\/en\/wp-json\/wp\/v2\/media\/67201"}],"wp:attachment":[{"href":"https:\/\/shopbrasil.vinyllandrecords.com\/en\/wp-json\/wp\/v2\/media?parent=67199"}],"wp:term":[{"taxonomy":"product_brand","embeddable":true,"href":"https:\/\/shopbrasil.vinyllandrecords.com\/en\/wp-json\/wp\/v2\/product_brand?post=67199"},{"taxonomy":"product_cat","embeddable":true,"href":"https:\/\/shopbrasil.vinyllandrecords.com\/en\/wp-json\/wp\/v2\/product_cat?post=67199"},{"taxonomy":"product_tag","embeddable":true,"href":"https:\/\/shopbrasil.vinyllandrecords.com\/en\/wp-json\/wp\/v2\/product_tag?post=67199"}],"curies":[{"name":"wp","href":"https:\/\/api.w.org\/{rel}","templated":true}]}}