{"id":67286,"date":"2019-09-04T15:46:04","date_gmt":"2019-09-04T15:46:04","guid":{"rendered":"https:\/\/shopbrasil.vinyllandrecords.com\/?post_type=product&#038;p=67286"},"modified":"2021-06-22T01:13:56","modified_gmt":"2021-06-22T04:13:56","slug":"rosa-neon-pre-venda","status":"publish","type":"product","link":"https:\/\/shopbrasil.vinyllandrecords.com\/en\/produto\/rosa-neon-pre-venda\/","title":{"rendered":"ROSA NEON"},"content":{"rendered":"","protected":false},"excerpt":{"rendered":"<p>Triple Poster Cover, LP 140G<\/p>\n<p>https:\/\/open.spotify.com\/artist\/1dZEJGHOEVRro2A3sCKegm<\/p>\n<p>https:\/\/www.youtube.com\/watch?v=rpyjxxJ5lqI<\/p>\n<p>&nbsp;<\/p>\n","protected":false},"featured_media":67310,"template":"","meta":[],"product_brand":[],"product_cat":[108,97],"product_tag":[],"class_list":{"0":"post-67286","1":"product","2":"type-product","3":"status-publish","4":"has-post-thumbnail","6":"product_cat-lancamentos","7":"product_cat-lp","9":"first","10":"outofstock","11":"taxable","12":"shipping-taxable","13":"purchasable","14":"product-type-simple"},"yoast_head":"<!-- This site is optimized with the Yoast SEO plugin v27.4 - https:\/\/yoast.com\/product\/yoast-seo-wordpress\/ -->\n<title>ROSA NEON - Vinyl Land Records<\/title>\n<meta name=\"robots\" content=\"index, follow, max-snippet:-1, max-image-preview:large, max-video-preview:-1\" \/>\n<link rel=\"canonical\" href=\"https:\/\/shopbrasil.vinyllandrecords.com\/produto\/rosa-neon-pre-venda\/\" \/>\n<meta property=\"og:locale\" content=\"en_US\" \/>\n<meta property=\"og:type\" content=\"article\" \/>\n<meta property=\"og:title\" content=\"ROSA NEON - Vinyl Land Records\" \/>\n<meta property=\"og:description\" content=\"[:pb] CAPA POSTER TRIPLA, LP SIMPLES 140G  https:\/\/open.spotify.com\/artist\/1dZEJGHOEVRro2A3sCKegm  https:\/\/www.youtube.com\/watch?v=rpyjxxJ5lqI  Rosa Neon lan\u00e7a seu primeiro \u00e1lbum completo em vinil e nos aplicativos streaming.  Grupo mineiro une dez faixas com seu pop livre, inteligente e cativante. Disco tem participa\u00e7\u00e3o de Djonga  Ao dar play no primeiro \u00e1lbum do Rosa Neon os sentimentos devem ser m\u00faltiplos, mas a sensa\u00e7\u00e3o de liberdade \u00e9 a mais pulsante. As letras algumas vezes s\u00e3o abstratas, outras mais diretas. Os arranjos s\u00e3o bem pensados, o ritmo quase sempre fren\u00e9tico e as can\u00e7\u00f5es tem jeit\u00e3o de hit. H\u00e1 coros, abertura de vozes, tons complementares, timbres e beats modernos. N\u00e3o d\u00e1 mesmo para ouvir parado. Tudo com o DNA e a riqueza da sempre importante cena musical de Minas Gerais.  Al\u00e9m do som, a est\u00e9tica tamb\u00e9m cativa. S\u00e3o extravagantes, solares. Soltaram oito singles com clipes desde novembro do ano passado tendo o visual como importante componente. Todos dirigidos por Vito Soares e Belle de Melo, integrantes do n\u00facleo base do grupo. Agora a Rosa Neon une duas novas faixas ao projeto e lan\u00e7am seu primeiro disco completo. Uma delas, &quot;C\u00ea n\u00e3o tem d\u00f3 de mim&quot; com clipe de imagens feitas em Lisboa na primeira Euro tour da Rosinha. O \u00e1lbum tamb\u00e9m sair\u00e1 em vinil.  Formada por Luiz Gabriel Lopes, Marcelo Tofani, Mariana Cavanellas e Marina Sena, a Rosa Neon \u00e9 o retrato mais pop e contempor\u00e2neo da m\u00fasica de Minas e o \u00e1lbum chega com a participa\u00e7\u00e3o e ben\u00e7\u00e3os do conterr\u00e2neo e padrinho (talvez inusitado) Djonga.  &quot; As personalidades destoam harmonicamente no Rosa. Isso \u00e9 muito interessante e talvez o motivo por eu gostar tanto. Pessoalmente, me sinto muito parte desse processo e sei l\u00e1...Eu gosto dessa merda rosa a\u00ed!&quot;, define o rapper.  A capa do \u00e1lbum com foto de Sarah Leal (outra integrante do n\u00facleo de base),  remete ao disco dos Doces B\u00e1rbaros de 1976. Certamente pela diversidade, pot\u00eancia e arte do encontro presentes tamb\u00e9m na Rosa Neon. &quot;Assim como o imagin\u00e1rio hippie como mat\u00e9ria prima, por\u00e9m j\u00e1 devidamente atualizada. O protagonismo compartilhado, a do\u00e7ura b\u00e1rbara e a sedu\u00e7\u00e3o c\u00f3smica, dentre outras hashtags&quot; acrescenta Luiz Gabriel Lopes.  Para o grupo \u00e9 de suma importante o registro desse primeiro \u00e1lbum - dessa banda que j\u00e1 nasceu queridinha do p\u00fablico e dos festivais de m\u00fasica com presen\u00e7a confirmada em alguns dos mais badalados como o Coquetel Molotov em Pernambuco, por exemplo.  &quot;Mesmo sendo lan\u00e7adas separadamente, as can\u00e7\u00f5es do disco contam uma hist\u00f3ria&quot;, afirma Marcelo. Uma das faixas novas &quot;C\u00ea n\u00e3o tem d\u00f3 de mim&quot; \u00e9 ac\u00fastica. N\u00f3s quatro viemos desse lugar de cantor e compositor carregando seu instrumento. \u00c9 um campo bem familiar pra n\u00f3s e que quer\u00edamos mostrar nesse \u00e1lbum&quot;, destaca, lembrando que os quatro integrantes possuem tamb\u00e9m seus projetos solo.  Foi durante uma tour de Luiz e Marcelo pelo interior de Minas que eles encontraram Mariana e Marina. Mais precisamente na cidade de Milho Verde. Houve ali uma liga\u00e7\u00e3o imediata. Eles continuaram trocando arte e quando cantaram juntos a can\u00e7\u00e3o &quot;Rosa Neon&quot; -de Marina Sena, decidiram se unir.  A m\u00fasica \u00e9 outra in\u00e9dita no primeiro \u00e1lbum do Rosinha, que promete fazer ainda mais barulho pop. &quot; O impacto que causamos n\u00e3o foi planejado. Percebo que no nosso estado o pop music quase n\u00e3o existia. Por todos os cantos o que se via e ouvia era can\u00e7\u00e3o. Acredito que o Rosa tem um papel nesse sentido: o da liberdade da cria\u00e7\u00e3o do campo musical. O fato de assumir o pop como um estilo tamb\u00e9m importante culturalmente, rompendo barreiras&quot;, acredita Mariana.  E single a single, clipe a clipe, verso a verso, beat a beat, a Rosa Neon trilha seu caminho fazendo um pop responsa e bem executado. Parece que eles v\u00e3o ser refer\u00eancia um dia desses, mas talvez eles nem liguem tanto pra isso. Por enquanto \u00e9 mexer o ombrim e ver estrelas.[:en]Triple Poster Cover, LP 140G  https:\/\/open.spotify.com\/artist\/1dZEJGHOEVRro2A3sCKegm  https:\/\/www.youtube.com\/watch?v=rpyjxxJ5lqI  &nbsp;[:]\" \/>\n<meta property=\"og:url\" content=\"https:\/\/shopbrasil.vinyllandrecords.com\/produto\/rosa-neon-pre-venda\/\" \/>\n<meta property=\"og:site_name\" content=\"Vinyl Land Records\" \/>\n<meta property=\"article:modified_time\" content=\"2021-06-22T04:13:56+00:00\" \/>\n<meta property=\"og:image\" content=\"https:\/\/shopbrasil.vinyllandrecords.com\/wp-content\/uploads\/2019\/09\/LP_rosa_neon_313x94cm5-scaled.jpg\" \/>\n\t<meta property=\"og:image:width\" content=\"2536\" \/>\n\t<meta property=\"og:image:height\" content=\"2560\" \/>\n\t<meta property=\"og:image:type\" content=\"image\/jpeg\" \/>\n<meta name=\"twitter:card\" content=\"summary_large_image\" \/>\n<script type=\"application\/ld+json\" class=\"yoast-schema-graph\">{\"@context\":\"https:\\\/\\\/schema.org\",\"@graph\":[{\"@type\":\"WebPage\",\"@id\":\"https:\\\/\\\/shopbrasil.vinyllandrecords.com\\\/produto\\\/rosa-neon-pre-venda\\\/\",\"url\":\"https:\\\/\\\/shopbrasil.vinyllandrecords.com\\\/produto\\\/rosa-neon-pre-venda\\\/\",\"name\":\"ROSA NEON - Vinyl Land Records\",\"isPartOf\":{\"@id\":\"https:\\\/\\\/shopbrasil.vinyllandrecords.com\\\/#website\"},\"primaryImageOfPage\":{\"@id\":\"https:\\\/\\\/shopbrasil.vinyllandrecords.com\\\/produto\\\/rosa-neon-pre-venda\\\/#primaryimage\"},\"image\":{\"@id\":\"https:\\\/\\\/shopbrasil.vinyllandrecords.com\\\/produto\\\/rosa-neon-pre-venda\\\/#primaryimage\"},\"thumbnailUrl\":\"https:\\\/\\\/shopbrasil.vinyllandrecords.com\\\/wp-content\\\/uploads\\\/2019\\\/09\\\/LP_rosa_neon_313x94cm5-scaled.jpg\",\"datePublished\":\"2019-09-04T15:46:04+00:00\",\"dateModified\":\"2021-06-22T04:13:56+00:00\",\"breadcrumb\":{\"@id\":\"https:\\\/\\\/shopbrasil.vinyllandrecords.com\\\/produto\\\/rosa-neon-pre-venda\\\/#breadcrumb\"},\"inLanguage\":\"en-US\",\"potentialAction\":[{\"@type\":\"ReadAction\",\"target\":[\"https:\\\/\\\/shopbrasil.vinyllandrecords.com\\\/produto\\\/rosa-neon-pre-venda\\\/\"]}]},{\"@type\":\"ImageObject\",\"inLanguage\":\"en-US\",\"@id\":\"https:\\\/\\\/shopbrasil.vinyllandrecords.com\\\/produto\\\/rosa-neon-pre-venda\\\/#primaryimage\",\"url\":\"https:\\\/\\\/shopbrasil.vinyllandrecords.com\\\/wp-content\\\/uploads\\\/2019\\\/09\\\/LP_rosa_neon_313x94cm5-scaled.jpg\",\"contentUrl\":\"https:\\\/\\\/shopbrasil.vinyllandrecords.com\\\/wp-content\\\/uploads\\\/2019\\\/09\\\/LP_rosa_neon_313x94cm5-scaled.jpg\",\"width\":2536,\"height\":2560},{\"@type\":\"BreadcrumbList\",\"@id\":\"https:\\\/\\\/shopbrasil.vinyllandrecords.com\\\/produto\\\/rosa-neon-pre-venda\\\/#breadcrumb\",\"itemListElement\":[{\"@type\":\"ListItem\",\"position\":1,\"name\":\"In\u00edcio\",\"item\":\"https:\\\/\\\/shopbrasil.vinyllandrecords.com\\\/\"},{\"@type\":\"ListItem\",\"position\":2,\"name\":\"Shops\",\"item\":\"https:\\\/\\\/shopbrasil.vinyllandrecords.com\\\/shops\\\/\"},{\"@type\":\"ListItem\",\"position\":3,\"name\":\"ROSA NEON\"}]},{\"@type\":\"WebSite\",\"@id\":\"https:\\\/\\\/shopbrasil.vinyllandrecords.com\\\/#website\",\"url\":\"https:\\\/\\\/shopbrasil.vinyllandrecords.com\\\/\",\"name\":\"Vinyl Land Records\",\"description\":\"ONLINE SHOP\",\"potentialAction\":[{\"@type\":\"SearchAction\",\"target\":{\"@type\":\"EntryPoint\",\"urlTemplate\":\"https:\\\/\\\/shopbrasil.vinyllandrecords.com\\\/?s={search_term_string}\"},\"query-input\":{\"@type\":\"PropertyValueSpecification\",\"valueRequired\":true,\"valueName\":\"search_term_string\"}}],\"inLanguage\":\"en-US\"}]}<\/script>\n<!-- \/ Yoast SEO plugin. -->","yoast_head_json":{"title":"ROSA NEON - Vinyl Land Records","robots":{"index":"index","follow":"follow","max-snippet":"max-snippet:-1","max-image-preview":"max-image-preview:large","max-video-preview":"max-video-preview:-1"},"canonical":"https:\/\/shopbrasil.vinyllandrecords.com\/produto\/rosa-neon-pre-venda\/","og_locale":"en_US","og_type":"article","og_title":"ROSA NEON - Vinyl Land Records","og_description":"[:pb] CAPA POSTER TRIPLA, LP SIMPLES 140G  https:\/\/open.spotify.com\/artist\/1dZEJGHOEVRro2A3sCKegm  https:\/\/www.youtube.com\/watch?v=rpyjxxJ5lqI  Rosa Neon lan\u00e7a seu primeiro \u00e1lbum completo em vinil e nos aplicativos streaming.  Grupo mineiro une dez faixas com seu pop livre, inteligente e cativante. Disco tem participa\u00e7\u00e3o de Djonga  Ao dar play no primeiro \u00e1lbum do Rosa Neon os sentimentos devem ser m\u00faltiplos, mas a sensa\u00e7\u00e3o de liberdade \u00e9 a mais pulsante. As letras algumas vezes s\u00e3o abstratas, outras mais diretas. Os arranjos s\u00e3o bem pensados, o ritmo quase sempre fren\u00e9tico e as can\u00e7\u00f5es tem jeit\u00e3o de hit. H\u00e1 coros, abertura de vozes, tons complementares, timbres e beats modernos. N\u00e3o d\u00e1 mesmo para ouvir parado. Tudo com o DNA e a riqueza da sempre importante cena musical de Minas Gerais.  Al\u00e9m do som, a est\u00e9tica tamb\u00e9m cativa. S\u00e3o extravagantes, solares. Soltaram oito singles com clipes desde novembro do ano passado tendo o visual como importante componente. Todos dirigidos por Vito Soares e Belle de Melo, integrantes do n\u00facleo base do grupo. Agora a Rosa Neon une duas novas faixas ao projeto e lan\u00e7am seu primeiro disco completo. Uma delas, \"C\u00ea n\u00e3o tem d\u00f3 de mim\" com clipe de imagens feitas em Lisboa na primeira Euro tour da Rosinha. O \u00e1lbum tamb\u00e9m sair\u00e1 em vinil.  Formada por Luiz Gabriel Lopes, Marcelo Tofani, Mariana Cavanellas e Marina Sena, a Rosa Neon \u00e9 o retrato mais pop e contempor\u00e2neo da m\u00fasica de Minas e o \u00e1lbum chega com a participa\u00e7\u00e3o e ben\u00e7\u00e3os do conterr\u00e2neo e padrinho (talvez inusitado) Djonga.  \" As personalidades destoam harmonicamente no Rosa. Isso \u00e9 muito interessante e talvez o motivo por eu gostar tanto. Pessoalmente, me sinto muito parte desse processo e sei l\u00e1...Eu gosto dessa merda rosa a\u00ed!\", define o rapper.  A capa do \u00e1lbum com foto de Sarah Leal (outra integrante do n\u00facleo de base),  remete ao disco dos Doces B\u00e1rbaros de 1976. Certamente pela diversidade, pot\u00eancia e arte do encontro presentes tamb\u00e9m na Rosa Neon. \"Assim como o imagin\u00e1rio hippie como mat\u00e9ria prima, por\u00e9m j\u00e1 devidamente atualizada. O protagonismo compartilhado, a do\u00e7ura b\u00e1rbara e a sedu\u00e7\u00e3o c\u00f3smica, dentre outras hashtags\" acrescenta Luiz Gabriel Lopes.  Para o grupo \u00e9 de suma importante o registro desse primeiro \u00e1lbum - dessa banda que j\u00e1 nasceu queridinha do p\u00fablico e dos festivais de m\u00fasica com presen\u00e7a confirmada em alguns dos mais badalados como o Coquetel Molotov em Pernambuco, por exemplo.  \"Mesmo sendo lan\u00e7adas separadamente, as can\u00e7\u00f5es do disco contam uma hist\u00f3ria\", afirma Marcelo. Uma das faixas novas \"C\u00ea n\u00e3o tem d\u00f3 de mim\" \u00e9 ac\u00fastica. N\u00f3s quatro viemos desse lugar de cantor e compositor carregando seu instrumento. \u00c9 um campo bem familiar pra n\u00f3s e que quer\u00edamos mostrar nesse \u00e1lbum\", destaca, lembrando que os quatro integrantes possuem tamb\u00e9m seus projetos solo.  Foi durante uma tour de Luiz e Marcelo pelo interior de Minas que eles encontraram Mariana e Marina. Mais precisamente na cidade de Milho Verde. Houve ali uma liga\u00e7\u00e3o imediata. Eles continuaram trocando arte e quando cantaram juntos a can\u00e7\u00e3o \"Rosa Neon\" -de Marina Sena, decidiram se unir.  A m\u00fasica \u00e9 outra in\u00e9dita no primeiro \u00e1lbum do Rosinha, que promete fazer ainda mais barulho pop. \" O impacto que causamos n\u00e3o foi planejado. Percebo que no nosso estado o pop music quase n\u00e3o existia. Por todos os cantos o que se via e ouvia era can\u00e7\u00e3o. Acredito que o Rosa tem um papel nesse sentido: o da liberdade da cria\u00e7\u00e3o do campo musical. O fato de assumir o pop como um estilo tamb\u00e9m importante culturalmente, rompendo barreiras\", acredita Mariana.  E single a single, clipe a clipe, verso a verso, beat a beat, a Rosa Neon trilha seu caminho fazendo um pop responsa e bem executado. Parece que eles v\u00e3o ser refer\u00eancia um dia desses, mas talvez eles nem liguem tanto pra isso. Por enquanto \u00e9 mexer o ombrim e ver estrelas.[:en]Triple Poster Cover, LP 140G  https:\/\/open.spotify.com\/artist\/1dZEJGHOEVRro2A3sCKegm  https:\/\/www.youtube.com\/watch?v=rpyjxxJ5lqI  &nbsp;[:]","og_url":"https:\/\/shopbrasil.vinyllandrecords.com\/produto\/rosa-neon-pre-venda\/","og_site_name":"Vinyl Land Records","article_modified_time":"2021-06-22T04:13:56+00:00","og_image":[{"width":2536,"height":2560,"url":"https:\/\/shopbrasil.vinyllandrecords.com\/wp-content\/uploads\/2019\/09\/LP_rosa_neon_313x94cm5-scaled.jpg","type":"image\/jpeg"}],"twitter_card":"summary_large_image","schema":{"@context":"https:\/\/schema.org","@graph":[{"@type":"WebPage","@id":"https:\/\/shopbrasil.vinyllandrecords.com\/produto\/rosa-neon-pre-venda\/","url":"https:\/\/shopbrasil.vinyllandrecords.com\/produto\/rosa-neon-pre-venda\/","name":"ROSA NEON - Vinyl Land Records","isPartOf":{"@id":"https:\/\/shopbrasil.vinyllandrecords.com\/#website"},"primaryImageOfPage":{"@id":"https:\/\/shopbrasil.vinyllandrecords.com\/produto\/rosa-neon-pre-venda\/#primaryimage"},"image":{"@id":"https:\/\/shopbrasil.vinyllandrecords.com\/produto\/rosa-neon-pre-venda\/#primaryimage"},"thumbnailUrl":"https:\/\/shopbrasil.vinyllandrecords.com\/wp-content\/uploads\/2019\/09\/LP_rosa_neon_313x94cm5-scaled.jpg","datePublished":"2019-09-04T15:46:04+00:00","dateModified":"2021-06-22T04:13:56+00:00","breadcrumb":{"@id":"https:\/\/shopbrasil.vinyllandrecords.com\/produto\/rosa-neon-pre-venda\/#breadcrumb"},"inLanguage":"en-US","potentialAction":[{"@type":"ReadAction","target":["https:\/\/shopbrasil.vinyllandrecords.com\/produto\/rosa-neon-pre-venda\/"]}]},{"@type":"ImageObject","inLanguage":"en-US","@id":"https:\/\/shopbrasil.vinyllandrecords.com\/produto\/rosa-neon-pre-venda\/#primaryimage","url":"https:\/\/shopbrasil.vinyllandrecords.com\/wp-content\/uploads\/2019\/09\/LP_rosa_neon_313x94cm5-scaled.jpg","contentUrl":"https:\/\/shopbrasil.vinyllandrecords.com\/wp-content\/uploads\/2019\/09\/LP_rosa_neon_313x94cm5-scaled.jpg","width":2536,"height":2560},{"@type":"BreadcrumbList","@id":"https:\/\/shopbrasil.vinyllandrecords.com\/produto\/rosa-neon-pre-venda\/#breadcrumb","itemListElement":[{"@type":"ListItem","position":1,"name":"In\u00edcio","item":"https:\/\/shopbrasil.vinyllandrecords.com\/"},{"@type":"ListItem","position":2,"name":"Shops","item":"https:\/\/shopbrasil.vinyllandrecords.com\/shops\/"},{"@type":"ListItem","position":3,"name":"ROSA NEON"}]},{"@type":"WebSite","@id":"https:\/\/shopbrasil.vinyllandrecords.com\/#website","url":"https:\/\/shopbrasil.vinyllandrecords.com\/","name":"Vinyl Land Records","description":"ONLINE SHOP","potentialAction":[{"@type":"SearchAction","target":{"@type":"EntryPoint","urlTemplate":"https:\/\/shopbrasil.vinyllandrecords.com\/?s={search_term_string}"},"query-input":{"@type":"PropertyValueSpecification","valueRequired":true,"valueName":"search_term_string"}}],"inLanguage":"en-US"}]}},"_links":{"self":[{"href":"https:\/\/shopbrasil.vinyllandrecords.com\/en\/wp-json\/wp\/v2\/product\/67286","targetHints":{"allow":["GET"]}}],"collection":[{"href":"https:\/\/shopbrasil.vinyllandrecords.com\/en\/wp-json\/wp\/v2\/product"}],"about":[{"href":"https:\/\/shopbrasil.vinyllandrecords.com\/en\/wp-json\/wp\/v2\/types\/product"}],"wp:featuredmedia":[{"embeddable":true,"href":"https:\/\/shopbrasil.vinyllandrecords.com\/en\/wp-json\/wp\/v2\/media\/67310"}],"wp:attachment":[{"href":"https:\/\/shopbrasil.vinyllandrecords.com\/en\/wp-json\/wp\/v2\/media?parent=67286"}],"wp:term":[{"taxonomy":"product_brand","embeddable":true,"href":"https:\/\/shopbrasil.vinyllandrecords.com\/en\/wp-json\/wp\/v2\/product_brand?post=67286"},{"taxonomy":"product_cat","embeddable":true,"href":"https:\/\/shopbrasil.vinyllandrecords.com\/en\/wp-json\/wp\/v2\/product_cat?post=67286"},{"taxonomy":"product_tag","embeddable":true,"href":"https:\/\/shopbrasil.vinyllandrecords.com\/en\/wp-json\/wp\/v2\/product_tag?post=67286"}],"curies":[{"name":"wp","href":"https:\/\/api.w.org\/{rel}","templated":true}]}}