{"id":67347,"date":"2019-10-28T18:25:05","date_gmt":"2019-10-28T18:25:05","guid":{"rendered":"https:\/\/shopbrasil.vinyllandrecords.com\/?post_type=product&#038;p=67347"},"modified":"2025-04-26T15:58:03","modified_gmt":"2025-04-26T18:58:03","slug":"iconili-quintais","status":"publish","type":"product","link":"https:\/\/shopbrasil.vinyllandrecords.com\/en\/produto\/iconili-quintais\/","title":{"rendered":"Iconili &#8211; Quintais"},"content":{"rendered":"","protected":false},"excerpt":{"rendered":"<p>https:\/\/youtu.be\/xoL4mVQN2ZA?list=PL8EaHn_WNh-1T6FC8mUJMUfvmZPPFNcYF<\/p>\n<p>&#8220;Quintais&#8221; (Natura Musical \/ YB 2019) \u00e9, definitivamente, o \u00e1lbum mais expansivo e marcante em 12 anos de carreira do grupo mineiro Iconili. O trabalho \u00e9 o primeiro a registrar a chegada da cantora Josi Lopes e da percussionista Chaya Vazquez. <\/p>\n<p>Criado em uma imers\u00e3o no pequeno distrito de Andr\u00e9 do Mato Dentro, em Santa B\u00e1rbara, na regi\u00e3o da Serra da Gandarela, no interior de Minas \u2014, contempla a trajet\u00f3ria da banda, tocando despretensiosamente em seu rock progressivo inicial, reinventando o afrobeat que surgiu nos trabalhos seguintes, mas, acima de tudo, multiplicando os percursos do grupo em sons plurais.<\/p>\n<p>Ao longo de nove faixas, \u201cQuintais\u201d parece, em v\u00e1rios momentos, visitar um Brasil outro e, nele, buscar uma gama que parece infinita nos tons de vermelho em que toca \u2014 vermelho do ch\u00e3o desse pa\u00eds, da terra que preenche ares descampados, vermelho at\u00e9 da lama, a lama boa, de argila, \u00e1gua e outras riquezas. \u00c9 nesse vermelho barro \u2014 \u00e0s vezes seco, \u00e0s vezes \u00famido, em outras encharcado \u2014 que se constr\u00f3i o disco, e \u00e9 a partir desse ch\u00e3o de terra que o som alcan\u00e7a, em v\u00e1rios momentos, um c\u00e9u on\u00edrico, um tanto psicod\u00e9lico, inconsciente, um tanto org\u00e2nico, intuitivo.<\/p>\n<p>Nesse terreno, crescem mantras, evoca-se ancestralidades, e a partir da massa sonora, se chega \u00e0 \u00c1frica, \u00e0s \u00cdndias (assim, no plural, onde cabem \u00c1sia e Am\u00e9ricas do passado, e onde se v\u00ea o oriente do presente). Nesse contexto, a voz surge sempre como um canto conectado com o sens\u00edvel. E a partir dele, acarinha, agride, reza. E faz ecoar a multiplicidade profunda de \u201cQuintais\u201d.<\/p>\n<p>Composta por Andr\u00e9 Orandi (teclados e sax alto), Chaya Vazquez (percuss\u00e3o), Gustavo Cunha (guitarra e synth), Henrique Staino (sax tenor e soprano), Josi Lopes (voz), Jo\u00e3o Machala (trombone), Lucas Freitas (sax bar\u00edtono e clarone), Fernando \u201cFeij\u00e3o\u201d Monteiro &#8211; que veio a substituir Mateus Bahiense (bateria) ap\u00f3s a grava\u00e7\u00e3o do \u00e1lbum, Rafa Nunes (percuss\u00e3o), Rafael Mandacaru (guitarra e teremim) e Willian Rosa (baixo), a Iconili combina de forma \u00fanica a for\u00e7a, as sutilezas e a ancestral energia dos ritmos afro-brasileiros, do rock, do afrobeat, com boas doses de psicodelia, mergulhos e contempla\u00e7\u00e3o.<\/p>\n","protected":false},"featured_media":67348,"template":"","meta":[],"product_brand":[],"product_cat":[107,111,122,126],"product_tag":[],"class_list":{"0":"post-67347","1":"product","2":"type-product","3":"status-publish","4":"has-post-thumbnail","6":"product_cat-garimpo","7":"product_cat-destaque","8":"product_cat-musica-mineira-em-vinil","9":"product_cat-disco-colorido","11":"first","12":"outofstock","13":"taxable","14":"shipping-taxable","15":"purchasable","16":"product-type-simple"},"yoast_head":"<!-- This site is optimized with the Yoast SEO plugin v27.3 - https:\/\/yoast.com\/product\/yoast-seo-wordpress\/ -->\n<title>Iconili - Quintais - Vinyl Land Records<\/title>\n<meta name=\"robots\" content=\"index, follow, max-snippet:-1, max-image-preview:large, max-video-preview:-1\" \/>\n<link rel=\"canonical\" href=\"https:\/\/shopbrasil.vinyllandrecords.com\/produto\/iconili-quintais\/\" \/>\n<meta property=\"og:locale\" content=\"en_US\" \/>\n<meta property=\"og:type\" content=\"article\" \/>\n<meta property=\"og:title\" content=\"Iconili - Quintais - Vinyl Land Records\" \/>\n<meta property=\"og:description\" content=\"https:\/\/youtu.be\/xoL4mVQN2ZA?list=PL8EaHn_WNh-1T6FC8mUJMUfvmZPPFNcYF  &quot;Quintais&quot; (Natura Musical \/ YB 2019) \u00e9, definitivamente, o \u00e1lbum mais expansivo e marcante em 12 anos de carreira do grupo mineiro Iconili. O trabalho \u00e9 o primeiro a registrar a chegada da cantora Josi Lopes e da percussionista Chaya Vazquez.   Criado em uma imers\u00e3o no pequeno distrito de Andr\u00e9 do Mato Dentro, em Santa B\u00e1rbara, na regi\u00e3o da Serra da Gandarela, no interior de Minas \u2014, contempla a trajet\u00f3ria da banda, tocando despretensiosamente em seu rock progressivo inicial, reinventando o afrobeat que surgiu nos trabalhos seguintes, mas, acima de tudo, multiplicando os percursos do grupo em sons plurais.  Ao longo de nove faixas, \u201cQuintais\u201d parece, em v\u00e1rios momentos, visitar um Brasil outro e, nele, buscar uma gama que parece infinita nos tons de vermelho em que toca \u2014 vermelho do ch\u00e3o desse pa\u00eds, da terra que preenche ares descampados, vermelho at\u00e9 da lama, a lama boa, de argila, \u00e1gua e outras riquezas. \u00c9 nesse vermelho barro \u2014 \u00e0s vezes seco, \u00e0s vezes \u00famido, em outras encharcado \u2014 que se constr\u00f3i o disco, e \u00e9 a partir desse ch\u00e3o de terra que o som alcan\u00e7a, em v\u00e1rios momentos, um c\u00e9u on\u00edrico, um tanto psicod\u00e9lico, inconsciente, um tanto org\u00e2nico, intuitivo.  Nesse terreno, crescem mantras, evoca-se ancestralidades, e a partir da massa sonora, se chega \u00e0 \u00c1frica, \u00e0s \u00cdndias (assim, no plural, onde cabem \u00c1sia e Am\u00e9ricas do passado, e onde se v\u00ea o oriente do presente). Nesse contexto, a voz surge sempre como um canto conectado com o sens\u00edvel. E a partir dele, acarinha, agride, reza. E faz ecoar a multiplicidade profunda de \u201cQuintais\u201d.  Composta por Andr\u00e9 Orandi (teclados e sax alto), Chaya Vazquez (percuss\u00e3o), Gustavo Cunha (guitarra e synth), Henrique Staino (sax tenor e soprano), Josi Lopes (voz), Jo\u00e3o Machala (trombone), Lucas Freitas (sax bar\u00edtono e clarone), Fernando \u201cFeij\u00e3o\u201d Monteiro - que veio a substituir Mateus Bahiense (bateria) ap\u00f3s a grava\u00e7\u00e3o do \u00e1lbum, Rafa Nunes (percuss\u00e3o), Rafael Mandacaru (guitarra e teremim) e Willian Rosa (baixo), a Iconili combina de forma \u00fanica a for\u00e7a, as sutilezas e a ancestral energia dos ritmos afro-brasileiros, do rock, do afrobeat, com boas doses de psicodelia, mergulhos e contempla\u00e7\u00e3o.\" \/>\n<meta property=\"og:url\" content=\"https:\/\/shopbrasil.vinyllandrecords.com\/produto\/iconili-quintais\/\" \/>\n<meta property=\"og:site_name\" content=\"Vinyl Land Records\" \/>\n<meta property=\"article:modified_time\" content=\"2025-04-26T18:58:03+00:00\" \/>\n<meta property=\"og:image\" content=\"https:\/\/shopbrasil.vinyllandrecords.com\/wp-content\/uploads\/2019\/10\/Iconiliquintais.jpeg\" \/>\n\t<meta property=\"og:image:width\" content=\"640\" \/>\n\t<meta property=\"og:image:height\" content=\"640\" \/>\n\t<meta property=\"og:image:type\" content=\"image\/jpeg\" \/>\n<meta name=\"twitter:card\" content=\"summary_large_image\" \/>\n<script type=\"application\/ld+json\" class=\"yoast-schema-graph\">{\"@context\":\"https:\\\/\\\/schema.org\",\"@graph\":[{\"@type\":\"WebPage\",\"@id\":\"https:\\\/\\\/shopbrasil.vinyllandrecords.com\\\/produto\\\/iconili-quintais\\\/\",\"url\":\"https:\\\/\\\/shopbrasil.vinyllandrecords.com\\\/produto\\\/iconili-quintais\\\/\",\"name\":\"Iconili - Quintais - Vinyl Land Records\",\"isPartOf\":{\"@id\":\"https:\\\/\\\/shopbrasil.vinyllandrecords.com\\\/#website\"},\"primaryImageOfPage\":{\"@id\":\"https:\\\/\\\/shopbrasil.vinyllandrecords.com\\\/produto\\\/iconili-quintais\\\/#primaryimage\"},\"image\":{\"@id\":\"https:\\\/\\\/shopbrasil.vinyllandrecords.com\\\/produto\\\/iconili-quintais\\\/#primaryimage\"},\"thumbnailUrl\":\"https:\\\/\\\/shopbrasil.vinyllandrecords.com\\\/wp-content\\\/uploads\\\/2019\\\/10\\\/Iconiliquintais.jpeg\",\"datePublished\":\"2019-10-28T18:25:05+00:00\",\"dateModified\":\"2025-04-26T18:58:03+00:00\",\"breadcrumb\":{\"@id\":\"https:\\\/\\\/shopbrasil.vinyllandrecords.com\\\/produto\\\/iconili-quintais\\\/#breadcrumb\"},\"inLanguage\":\"en-US\",\"potentialAction\":[{\"@type\":\"ReadAction\",\"target\":[\"https:\\\/\\\/shopbrasil.vinyllandrecords.com\\\/produto\\\/iconili-quintais\\\/\"]}]},{\"@type\":\"ImageObject\",\"inLanguage\":\"en-US\",\"@id\":\"https:\\\/\\\/shopbrasil.vinyllandrecords.com\\\/produto\\\/iconili-quintais\\\/#primaryimage\",\"url\":\"https:\\\/\\\/shopbrasil.vinyllandrecords.com\\\/wp-content\\\/uploads\\\/2019\\\/10\\\/Iconiliquintais.jpeg\",\"contentUrl\":\"https:\\\/\\\/shopbrasil.vinyllandrecords.com\\\/wp-content\\\/uploads\\\/2019\\\/10\\\/Iconiliquintais.jpeg\",\"width\":640,\"height\":640},{\"@type\":\"BreadcrumbList\",\"@id\":\"https:\\\/\\\/shopbrasil.vinyllandrecords.com\\\/produto\\\/iconili-quintais\\\/#breadcrumb\",\"itemListElement\":[{\"@type\":\"ListItem\",\"position\":1,\"name\":\"In\u00edcio\",\"item\":\"https:\\\/\\\/shopbrasil.vinyllandrecords.com\\\/\"},{\"@type\":\"ListItem\",\"position\":2,\"name\":\"Shops\",\"item\":\"https:\\\/\\\/shopbrasil.vinyllandrecords.com\\\/shops\\\/\"},{\"@type\":\"ListItem\",\"position\":3,\"name\":\"Iconili &#8211; Quintais\"}]},{\"@type\":\"WebSite\",\"@id\":\"https:\\\/\\\/shopbrasil.vinyllandrecords.com\\\/#website\",\"url\":\"https:\\\/\\\/shopbrasil.vinyllandrecords.com\\\/\",\"name\":\"Vinyl Land Records\",\"description\":\"ONLINE SHOP\",\"potentialAction\":[{\"@type\":\"SearchAction\",\"target\":{\"@type\":\"EntryPoint\",\"urlTemplate\":\"https:\\\/\\\/shopbrasil.vinyllandrecords.com\\\/?s={search_term_string}\"},\"query-input\":{\"@type\":\"PropertyValueSpecification\",\"valueRequired\":true,\"valueName\":\"search_term_string\"}}],\"inLanguage\":\"en-US\"}]}<\/script>\n<!-- \/ Yoast SEO plugin. -->","yoast_head_json":{"title":"Iconili - Quintais - Vinyl Land Records","robots":{"index":"index","follow":"follow","max-snippet":"max-snippet:-1","max-image-preview":"max-image-preview:large","max-video-preview":"max-video-preview:-1"},"canonical":"https:\/\/shopbrasil.vinyllandrecords.com\/produto\/iconili-quintais\/","og_locale":"en_US","og_type":"article","og_title":"Iconili - Quintais - Vinyl Land Records","og_description":"https:\/\/youtu.be\/xoL4mVQN2ZA?list=PL8EaHn_WNh-1T6FC8mUJMUfvmZPPFNcYF  \"Quintais\" (Natura Musical \/ YB 2019) \u00e9, definitivamente, o \u00e1lbum mais expansivo e marcante em 12 anos de carreira do grupo mineiro Iconili. O trabalho \u00e9 o primeiro a registrar a chegada da cantora Josi Lopes e da percussionista Chaya Vazquez.   Criado em uma imers\u00e3o no pequeno distrito de Andr\u00e9 do Mato Dentro, em Santa B\u00e1rbara, na regi\u00e3o da Serra da Gandarela, no interior de Minas \u2014, contempla a trajet\u00f3ria da banda, tocando despretensiosamente em seu rock progressivo inicial, reinventando o afrobeat que surgiu nos trabalhos seguintes, mas, acima de tudo, multiplicando os percursos do grupo em sons plurais.  Ao longo de nove faixas, \u201cQuintais\u201d parece, em v\u00e1rios momentos, visitar um Brasil outro e, nele, buscar uma gama que parece infinita nos tons de vermelho em que toca \u2014 vermelho do ch\u00e3o desse pa\u00eds, da terra que preenche ares descampados, vermelho at\u00e9 da lama, a lama boa, de argila, \u00e1gua e outras riquezas. \u00c9 nesse vermelho barro \u2014 \u00e0s vezes seco, \u00e0s vezes \u00famido, em outras encharcado \u2014 que se constr\u00f3i o disco, e \u00e9 a partir desse ch\u00e3o de terra que o som alcan\u00e7a, em v\u00e1rios momentos, um c\u00e9u on\u00edrico, um tanto psicod\u00e9lico, inconsciente, um tanto org\u00e2nico, intuitivo.  Nesse terreno, crescem mantras, evoca-se ancestralidades, e a partir da massa sonora, se chega \u00e0 \u00c1frica, \u00e0s \u00cdndias (assim, no plural, onde cabem \u00c1sia e Am\u00e9ricas do passado, e onde se v\u00ea o oriente do presente). Nesse contexto, a voz surge sempre como um canto conectado com o sens\u00edvel. E a partir dele, acarinha, agride, reza. E faz ecoar a multiplicidade profunda de \u201cQuintais\u201d.  Composta por Andr\u00e9 Orandi (teclados e sax alto), Chaya Vazquez (percuss\u00e3o), Gustavo Cunha (guitarra e synth), Henrique Staino (sax tenor e soprano), Josi Lopes (voz), Jo\u00e3o Machala (trombone), Lucas Freitas (sax bar\u00edtono e clarone), Fernando \u201cFeij\u00e3o\u201d Monteiro - que veio a substituir Mateus Bahiense (bateria) ap\u00f3s a grava\u00e7\u00e3o do \u00e1lbum, Rafa Nunes (percuss\u00e3o), Rafael Mandacaru (guitarra e teremim) e Willian Rosa (baixo), a Iconili combina de forma \u00fanica a for\u00e7a, as sutilezas e a ancestral energia dos ritmos afro-brasileiros, do rock, do afrobeat, com boas doses de psicodelia, mergulhos e contempla\u00e7\u00e3o.","og_url":"https:\/\/shopbrasil.vinyllandrecords.com\/produto\/iconili-quintais\/","og_site_name":"Vinyl Land Records","article_modified_time":"2025-04-26T18:58:03+00:00","og_image":[{"width":640,"height":640,"url":"https:\/\/shopbrasil.vinyllandrecords.com\/wp-content\/uploads\/2019\/10\/Iconiliquintais.jpeg","type":"image\/jpeg"}],"twitter_card":"summary_large_image","schema":{"@context":"https:\/\/schema.org","@graph":[{"@type":"WebPage","@id":"https:\/\/shopbrasil.vinyllandrecords.com\/produto\/iconili-quintais\/","url":"https:\/\/shopbrasil.vinyllandrecords.com\/produto\/iconili-quintais\/","name":"Iconili - Quintais - Vinyl Land Records","isPartOf":{"@id":"https:\/\/shopbrasil.vinyllandrecords.com\/#website"},"primaryImageOfPage":{"@id":"https:\/\/shopbrasil.vinyllandrecords.com\/produto\/iconili-quintais\/#primaryimage"},"image":{"@id":"https:\/\/shopbrasil.vinyllandrecords.com\/produto\/iconili-quintais\/#primaryimage"},"thumbnailUrl":"https:\/\/shopbrasil.vinyllandrecords.com\/wp-content\/uploads\/2019\/10\/Iconiliquintais.jpeg","datePublished":"2019-10-28T18:25:05+00:00","dateModified":"2025-04-26T18:58:03+00:00","breadcrumb":{"@id":"https:\/\/shopbrasil.vinyllandrecords.com\/produto\/iconili-quintais\/#breadcrumb"},"inLanguage":"en-US","potentialAction":[{"@type":"ReadAction","target":["https:\/\/shopbrasil.vinyllandrecords.com\/produto\/iconili-quintais\/"]}]},{"@type":"ImageObject","inLanguage":"en-US","@id":"https:\/\/shopbrasil.vinyllandrecords.com\/produto\/iconili-quintais\/#primaryimage","url":"https:\/\/shopbrasil.vinyllandrecords.com\/wp-content\/uploads\/2019\/10\/Iconiliquintais.jpeg","contentUrl":"https:\/\/shopbrasil.vinyllandrecords.com\/wp-content\/uploads\/2019\/10\/Iconiliquintais.jpeg","width":640,"height":640},{"@type":"BreadcrumbList","@id":"https:\/\/shopbrasil.vinyllandrecords.com\/produto\/iconili-quintais\/#breadcrumb","itemListElement":[{"@type":"ListItem","position":1,"name":"In\u00edcio","item":"https:\/\/shopbrasil.vinyllandrecords.com\/"},{"@type":"ListItem","position":2,"name":"Shops","item":"https:\/\/shopbrasil.vinyllandrecords.com\/shops\/"},{"@type":"ListItem","position":3,"name":"Iconili &#8211; Quintais"}]},{"@type":"WebSite","@id":"https:\/\/shopbrasil.vinyllandrecords.com\/#website","url":"https:\/\/shopbrasil.vinyllandrecords.com\/","name":"Vinyl Land Records","description":"ONLINE SHOP","potentialAction":[{"@type":"SearchAction","target":{"@type":"EntryPoint","urlTemplate":"https:\/\/shopbrasil.vinyllandrecords.com\/?s={search_term_string}"},"query-input":{"@type":"PropertyValueSpecification","valueRequired":true,"valueName":"search_term_string"}}],"inLanguage":"en-US"}]}},"_links":{"self":[{"href":"https:\/\/shopbrasil.vinyllandrecords.com\/en\/wp-json\/wp\/v2\/product\/67347","targetHints":{"allow":["GET"]}}],"collection":[{"href":"https:\/\/shopbrasil.vinyllandrecords.com\/en\/wp-json\/wp\/v2\/product"}],"about":[{"href":"https:\/\/shopbrasil.vinyllandrecords.com\/en\/wp-json\/wp\/v2\/types\/product"}],"wp:featuredmedia":[{"embeddable":true,"href":"https:\/\/shopbrasil.vinyllandrecords.com\/en\/wp-json\/wp\/v2\/media\/67348"}],"wp:attachment":[{"href":"https:\/\/shopbrasil.vinyllandrecords.com\/en\/wp-json\/wp\/v2\/media?parent=67347"}],"wp:term":[{"taxonomy":"product_brand","embeddable":true,"href":"https:\/\/shopbrasil.vinyllandrecords.com\/en\/wp-json\/wp\/v2\/product_brand?post=67347"},{"taxonomy":"product_cat","embeddable":true,"href":"https:\/\/shopbrasil.vinyllandrecords.com\/en\/wp-json\/wp\/v2\/product_cat?post=67347"},{"taxonomy":"product_tag","embeddable":true,"href":"https:\/\/shopbrasil.vinyllandrecords.com\/en\/wp-json\/wp\/v2\/product_tag?post=67347"}],"curies":[{"name":"wp","href":"https:\/\/api.w.org\/{rel}","templated":true}]}}