{"id":67484,"date":"2020-05-10T16:28:19","date_gmt":"2020-05-10T16:28:19","guid":{"rendered":"https:\/\/shopbrasil.vinyllandrecords.com\/?post_type=product&#038;p=67484"},"modified":"2024-06-20T10:52:02","modified_gmt":"2024-06-20T13:52:02","slug":"mundo-livre-sa-carnaval-na-obra","status":"publish","type":"product","link":"https:\/\/shopbrasil.vinyllandrecords.com\/en\/produto\/mundo-livre-sa-carnaval-na-obra\/","title":{"rendered":"MUNDO LIVRE SA &#8211; CARNAVAL NA OBRA"},"content":{"rendered":"","protected":false},"excerpt":{"rendered":"<p>Lan\u00e7ado em 1998, \u201cCarnaval na Obra\u201d \u00e9 o terceiro \u00e1lbum da banda Mundo Livre S\/A. A banda fundada em 1984 em Recife, Pernambuco, teve o nome retirado de discursos do presidente norte-americano Ronald Reagan.<\/p>\n<p>Uma das banda fundadoras do Manguebeat, trabalhou em um \u00e1lbum com 14 faixas, com Carlos Eduardo Miranda, Eduardo Bid, Apollo 9 e Edu K como produtores.<\/p>\n<p>Nas can\u00e7\u00f5es, fortes influ\u00eancias da rec\u00e9m turn\u00ea ao M\u00e9xico e da eletr\u00f4nica, usada como um instrumento, uma ferramenta a mais.<\/p>\n<p>Ap\u00f3s cerca de 20 anos, o trabalho foi lan\u00e7ado pela primeira vez em vinil, pela cole\u00e7\u00e3o \u201cCl\u00e1ssicos em Vinil\u201d da Polysom.<\/p>\n<p>Nesse \u00e1lbum a forma\u00e7\u00e3o da banda era: Fred Zero Quatro (voz, cavaquinho, guitarra, viol\u00e3o, banjo e surdo), Tony (bateria, caixa de ferramentas, programa\u00e7\u00e3o de bateria eletr\u00f4nica e backing vocal), F\u00e1bio (baixo), Bact\u00e9ria (teclados, guitarra e backing vocal) e Marcelo Pianinho (percuss\u00e3o).<\/p>\n<p>Ao lado de Chico Science e Na\u00e7\u00e3o Zumbi, a Mundo Livre S\/A trouxe novos elementos para a m\u00fasica brasileira, os fundadores do Manguebeat, s\u00e3o at\u00e9 hoje refer\u00eancia para as novas gera\u00e7\u00f5es. No \u00e1lbum est\u00e3o presentes os sucessos &#8220;Maroca&#8221;, &#8220;Bolo de Ameixa&#8221;, &#8220;Quem tem Bit tem Tudo&#8221;, &#8220;A Express\u00e3o Exata&#8221; e &#8220;O Africano e o Ariano&#8221;.<\/p>\n","protected":false},"featured_media":67486,"template":"","meta":[],"product_brand":[],"product_cat":[107,111,112,124,125],"product_tag":[],"class_list":{"0":"post-67484","1":"product","2":"type-product","3":"status-publish","4":"has-post-thumbnail","6":"product_cat-garimpo","7":"product_cat-destaque","8":"product_cat-polysom","9":"product_cat-2xlp","10":"product_cat-gatefold-sleeve","12":"first","13":"outofstock","14":"taxable","15":"shipping-taxable","16":"purchasable","17":"product-type-simple"},"yoast_head":"<!-- This site is optimized with the Yoast SEO plugin v27.3 - https:\/\/yoast.com\/product\/yoast-seo-wordpress\/ -->\n<title>MUNDO LIVRE SA - CARNAVAL NA OBRA - Vinyl Land Records<\/title>\n<meta name=\"robots\" content=\"index, follow, max-snippet:-1, max-image-preview:large, max-video-preview:-1\" \/>\n<link rel=\"canonical\" href=\"https:\/\/shopbrasil.vinyllandrecords.com\/produto\/mundo-livre-sa-carnaval-na-obra\/\" \/>\n<meta property=\"og:locale\" content=\"en_US\" \/>\n<meta property=\"og:type\" content=\"article\" \/>\n<meta property=\"og:title\" content=\"MUNDO LIVRE SA - CARNAVAL NA OBRA - Vinyl Land Records\" \/>\n<meta property=\"og:description\" content=\"Lan\u00e7ado em 1998, \u201cCarnaval na Obra\u201d \u00e9 o terceiro \u00e1lbum da banda Mundo Livre S\/A. A banda fundada em 1984 em Recife, Pernambuco, teve o nome retirado de discursos do presidente norte-americano Ronald Reagan.  Uma das banda fundadoras do Manguebeat, trabalhou em um \u00e1lbum com 14 faixas, com Carlos Eduardo Miranda, Eduardo Bid, Apollo 9 e Edu K como produtores.  Nas can\u00e7\u00f5es, fortes influ\u00eancias da rec\u00e9m turn\u00ea ao M\u00e9xico e da eletr\u00f4nica, usada como um instrumento, uma ferramenta a mais.  Ap\u00f3s cerca de 20 anos, o trabalho foi lan\u00e7ado pela primeira vez em vinil, pela cole\u00e7\u00e3o \u201cCl\u00e1ssicos em Vinil\u201d da Polysom.  Nesse \u00e1lbum a forma\u00e7\u00e3o da banda era: Fred Zero Quatro (voz, cavaquinho, guitarra, viol\u00e3o, banjo e surdo), Tony (bateria, caixa de ferramentas, programa\u00e7\u00e3o de bateria eletr\u00f4nica e backing vocal), F\u00e1bio (baixo), Bact\u00e9ria (teclados, guitarra e backing vocal) e Marcelo Pianinho (percuss\u00e3o).  Ao lado de Chico Science e Na\u00e7\u00e3o Zumbi, a Mundo Livre S\/A trouxe novos elementos para a m\u00fasica brasileira, os fundadores do Manguebeat, s\u00e3o at\u00e9 hoje refer\u00eancia para as novas gera\u00e7\u00f5es. No \u00e1lbum est\u00e3o presentes os sucessos &quot;Maroca&quot;, &quot;Bolo de Ameixa&quot;, &quot;Quem tem Bit tem Tudo&quot;, &quot;A Express\u00e3o Exata&quot; e &quot;O Africano e o Ariano&quot;.\" \/>\n<meta property=\"og:url\" content=\"https:\/\/shopbrasil.vinyllandrecords.com\/produto\/mundo-livre-sa-carnaval-na-obra\/\" \/>\n<meta property=\"og:site_name\" content=\"Vinyl Land Records\" \/>\n<meta property=\"article:modified_time\" content=\"2024-06-20T13:52:02+00:00\" \/>\n<meta property=\"og:image\" content=\"https:\/\/shopbrasil.vinyllandrecords.com\/wp-content\/uploads\/2020\/05\/lp-vinil-mundo-livre-sa-carnaval-na-obra-duplo-novo-lacrado-D_NQ_NP_696708-MLB28085308878_092018-F.jpg\" \/>\n\t<meta property=\"og:image:width\" content=\"1200\" \/>\n\t<meta property=\"og:image:height\" content=\"1199\" \/>\n\t<meta property=\"og:image:type\" content=\"image\/jpeg\" \/>\n<meta name=\"twitter:card\" content=\"summary_large_image\" \/>\n<script type=\"application\/ld+json\" class=\"yoast-schema-graph\">{\"@context\":\"https:\\\/\\\/schema.org\",\"@graph\":[{\"@type\":\"WebPage\",\"@id\":\"https:\\\/\\\/shopbrasil.vinyllandrecords.com\\\/produto\\\/mundo-livre-sa-carnaval-na-obra\\\/\",\"url\":\"https:\\\/\\\/shopbrasil.vinyllandrecords.com\\\/produto\\\/mundo-livre-sa-carnaval-na-obra\\\/\",\"name\":\"MUNDO LIVRE SA - CARNAVAL NA OBRA - Vinyl Land Records\",\"isPartOf\":{\"@id\":\"https:\\\/\\\/shopbrasil.vinyllandrecords.com\\\/#website\"},\"primaryImageOfPage\":{\"@id\":\"https:\\\/\\\/shopbrasil.vinyllandrecords.com\\\/produto\\\/mundo-livre-sa-carnaval-na-obra\\\/#primaryimage\"},\"image\":{\"@id\":\"https:\\\/\\\/shopbrasil.vinyllandrecords.com\\\/produto\\\/mundo-livre-sa-carnaval-na-obra\\\/#primaryimage\"},\"thumbnailUrl\":\"https:\\\/\\\/shopbrasil.vinyllandrecords.com\\\/wp-content\\\/uploads\\\/2020\\\/05\\\/lp-vinil-mundo-livre-sa-carnaval-na-obra-duplo-novo-lacrado-D_NQ_NP_696708-MLB28085308878_092018-F.jpg\",\"datePublished\":\"2020-05-10T16:28:19+00:00\",\"dateModified\":\"2024-06-20T13:52:02+00:00\",\"breadcrumb\":{\"@id\":\"https:\\\/\\\/shopbrasil.vinyllandrecords.com\\\/produto\\\/mundo-livre-sa-carnaval-na-obra\\\/#breadcrumb\"},\"inLanguage\":\"en-US\",\"potentialAction\":[{\"@type\":\"ReadAction\",\"target\":[\"https:\\\/\\\/shopbrasil.vinyllandrecords.com\\\/produto\\\/mundo-livre-sa-carnaval-na-obra\\\/\"]}]},{\"@type\":\"ImageObject\",\"inLanguage\":\"en-US\",\"@id\":\"https:\\\/\\\/shopbrasil.vinyllandrecords.com\\\/produto\\\/mundo-livre-sa-carnaval-na-obra\\\/#primaryimage\",\"url\":\"https:\\\/\\\/shopbrasil.vinyllandrecords.com\\\/wp-content\\\/uploads\\\/2020\\\/05\\\/lp-vinil-mundo-livre-sa-carnaval-na-obra-duplo-novo-lacrado-D_NQ_NP_696708-MLB28085308878_092018-F.jpg\",\"contentUrl\":\"https:\\\/\\\/shopbrasil.vinyllandrecords.com\\\/wp-content\\\/uploads\\\/2020\\\/05\\\/lp-vinil-mundo-livre-sa-carnaval-na-obra-duplo-novo-lacrado-D_NQ_NP_696708-MLB28085308878_092018-F.jpg\",\"width\":1200,\"height\":1199},{\"@type\":\"BreadcrumbList\",\"@id\":\"https:\\\/\\\/shopbrasil.vinyllandrecords.com\\\/produto\\\/mundo-livre-sa-carnaval-na-obra\\\/#breadcrumb\",\"itemListElement\":[{\"@type\":\"ListItem\",\"position\":1,\"name\":\"In\u00edcio\",\"item\":\"https:\\\/\\\/shopbrasil.vinyllandrecords.com\\\/\"},{\"@type\":\"ListItem\",\"position\":2,\"name\":\"Shops\",\"item\":\"https:\\\/\\\/shopbrasil.vinyllandrecords.com\\\/shops\\\/\"},{\"@type\":\"ListItem\",\"position\":3,\"name\":\"MUNDO LIVRE SA &#8211; CARNAVAL NA OBRA\"}]},{\"@type\":\"WebSite\",\"@id\":\"https:\\\/\\\/shopbrasil.vinyllandrecords.com\\\/#website\",\"url\":\"https:\\\/\\\/shopbrasil.vinyllandrecords.com\\\/\",\"name\":\"Vinyl Land Records\",\"description\":\"ONLINE SHOP\",\"potentialAction\":[{\"@type\":\"SearchAction\",\"target\":{\"@type\":\"EntryPoint\",\"urlTemplate\":\"https:\\\/\\\/shopbrasil.vinyllandrecords.com\\\/?s={search_term_string}\"},\"query-input\":{\"@type\":\"PropertyValueSpecification\",\"valueRequired\":true,\"valueName\":\"search_term_string\"}}],\"inLanguage\":\"en-US\"}]}<\/script>\n<!-- \/ Yoast SEO plugin. -->","yoast_head_json":{"title":"MUNDO LIVRE SA - CARNAVAL NA OBRA - Vinyl Land Records","robots":{"index":"index","follow":"follow","max-snippet":"max-snippet:-1","max-image-preview":"max-image-preview:large","max-video-preview":"max-video-preview:-1"},"canonical":"https:\/\/shopbrasil.vinyllandrecords.com\/produto\/mundo-livre-sa-carnaval-na-obra\/","og_locale":"en_US","og_type":"article","og_title":"MUNDO LIVRE SA - CARNAVAL NA OBRA - Vinyl Land Records","og_description":"Lan\u00e7ado em 1998, \u201cCarnaval na Obra\u201d \u00e9 o terceiro \u00e1lbum da banda Mundo Livre S\/A. A banda fundada em 1984 em Recife, Pernambuco, teve o nome retirado de discursos do presidente norte-americano Ronald Reagan.  Uma das banda fundadoras do Manguebeat, trabalhou em um \u00e1lbum com 14 faixas, com Carlos Eduardo Miranda, Eduardo Bid, Apollo 9 e Edu K como produtores.  Nas can\u00e7\u00f5es, fortes influ\u00eancias da rec\u00e9m turn\u00ea ao M\u00e9xico e da eletr\u00f4nica, usada como um instrumento, uma ferramenta a mais.  Ap\u00f3s cerca de 20 anos, o trabalho foi lan\u00e7ado pela primeira vez em vinil, pela cole\u00e7\u00e3o \u201cCl\u00e1ssicos em Vinil\u201d da Polysom.  Nesse \u00e1lbum a forma\u00e7\u00e3o da banda era: Fred Zero Quatro (voz, cavaquinho, guitarra, viol\u00e3o, banjo e surdo), Tony (bateria, caixa de ferramentas, programa\u00e7\u00e3o de bateria eletr\u00f4nica e backing vocal), F\u00e1bio (baixo), Bact\u00e9ria (teclados, guitarra e backing vocal) e Marcelo Pianinho (percuss\u00e3o).  Ao lado de Chico Science e Na\u00e7\u00e3o Zumbi, a Mundo Livre S\/A trouxe novos elementos para a m\u00fasica brasileira, os fundadores do Manguebeat, s\u00e3o at\u00e9 hoje refer\u00eancia para as novas gera\u00e7\u00f5es. No \u00e1lbum est\u00e3o presentes os sucessos \"Maroca\", \"Bolo de Ameixa\", \"Quem tem Bit tem Tudo\", \"A Express\u00e3o Exata\" e \"O Africano e o Ariano\".","og_url":"https:\/\/shopbrasil.vinyllandrecords.com\/produto\/mundo-livre-sa-carnaval-na-obra\/","og_site_name":"Vinyl Land Records","article_modified_time":"2024-06-20T13:52:02+00:00","og_image":[{"width":1200,"height":1199,"url":"https:\/\/shopbrasil.vinyllandrecords.com\/wp-content\/uploads\/2020\/05\/lp-vinil-mundo-livre-sa-carnaval-na-obra-duplo-novo-lacrado-D_NQ_NP_696708-MLB28085308878_092018-F.jpg","type":"image\/jpeg"}],"twitter_card":"summary_large_image","schema":{"@context":"https:\/\/schema.org","@graph":[{"@type":"WebPage","@id":"https:\/\/shopbrasil.vinyllandrecords.com\/produto\/mundo-livre-sa-carnaval-na-obra\/","url":"https:\/\/shopbrasil.vinyllandrecords.com\/produto\/mundo-livre-sa-carnaval-na-obra\/","name":"MUNDO LIVRE SA - CARNAVAL NA OBRA - Vinyl Land Records","isPartOf":{"@id":"https:\/\/shopbrasil.vinyllandrecords.com\/#website"},"primaryImageOfPage":{"@id":"https:\/\/shopbrasil.vinyllandrecords.com\/produto\/mundo-livre-sa-carnaval-na-obra\/#primaryimage"},"image":{"@id":"https:\/\/shopbrasil.vinyllandrecords.com\/produto\/mundo-livre-sa-carnaval-na-obra\/#primaryimage"},"thumbnailUrl":"https:\/\/shopbrasil.vinyllandrecords.com\/wp-content\/uploads\/2020\/05\/lp-vinil-mundo-livre-sa-carnaval-na-obra-duplo-novo-lacrado-D_NQ_NP_696708-MLB28085308878_092018-F.jpg","datePublished":"2020-05-10T16:28:19+00:00","dateModified":"2024-06-20T13:52:02+00:00","breadcrumb":{"@id":"https:\/\/shopbrasil.vinyllandrecords.com\/produto\/mundo-livre-sa-carnaval-na-obra\/#breadcrumb"},"inLanguage":"en-US","potentialAction":[{"@type":"ReadAction","target":["https:\/\/shopbrasil.vinyllandrecords.com\/produto\/mundo-livre-sa-carnaval-na-obra\/"]}]},{"@type":"ImageObject","inLanguage":"en-US","@id":"https:\/\/shopbrasil.vinyllandrecords.com\/produto\/mundo-livre-sa-carnaval-na-obra\/#primaryimage","url":"https:\/\/shopbrasil.vinyllandrecords.com\/wp-content\/uploads\/2020\/05\/lp-vinil-mundo-livre-sa-carnaval-na-obra-duplo-novo-lacrado-D_NQ_NP_696708-MLB28085308878_092018-F.jpg","contentUrl":"https:\/\/shopbrasil.vinyllandrecords.com\/wp-content\/uploads\/2020\/05\/lp-vinil-mundo-livre-sa-carnaval-na-obra-duplo-novo-lacrado-D_NQ_NP_696708-MLB28085308878_092018-F.jpg","width":1200,"height":1199},{"@type":"BreadcrumbList","@id":"https:\/\/shopbrasil.vinyllandrecords.com\/produto\/mundo-livre-sa-carnaval-na-obra\/#breadcrumb","itemListElement":[{"@type":"ListItem","position":1,"name":"In\u00edcio","item":"https:\/\/shopbrasil.vinyllandrecords.com\/"},{"@type":"ListItem","position":2,"name":"Shops","item":"https:\/\/shopbrasil.vinyllandrecords.com\/shops\/"},{"@type":"ListItem","position":3,"name":"MUNDO LIVRE SA &#8211; CARNAVAL NA OBRA"}]},{"@type":"WebSite","@id":"https:\/\/shopbrasil.vinyllandrecords.com\/#website","url":"https:\/\/shopbrasil.vinyllandrecords.com\/","name":"Vinyl Land Records","description":"ONLINE SHOP","potentialAction":[{"@type":"SearchAction","target":{"@type":"EntryPoint","urlTemplate":"https:\/\/shopbrasil.vinyllandrecords.com\/?s={search_term_string}"},"query-input":{"@type":"PropertyValueSpecification","valueRequired":true,"valueName":"search_term_string"}}],"inLanguage":"en-US"}]}},"_links":{"self":[{"href":"https:\/\/shopbrasil.vinyllandrecords.com\/en\/wp-json\/wp\/v2\/product\/67484","targetHints":{"allow":["GET"]}}],"collection":[{"href":"https:\/\/shopbrasil.vinyllandrecords.com\/en\/wp-json\/wp\/v2\/product"}],"about":[{"href":"https:\/\/shopbrasil.vinyllandrecords.com\/en\/wp-json\/wp\/v2\/types\/product"}],"wp:featuredmedia":[{"embeddable":true,"href":"https:\/\/shopbrasil.vinyllandrecords.com\/en\/wp-json\/wp\/v2\/media\/67486"}],"wp:attachment":[{"href":"https:\/\/shopbrasil.vinyllandrecords.com\/en\/wp-json\/wp\/v2\/media?parent=67484"}],"wp:term":[{"taxonomy":"product_brand","embeddable":true,"href":"https:\/\/shopbrasil.vinyllandrecords.com\/en\/wp-json\/wp\/v2\/product_brand?post=67484"},{"taxonomy":"product_cat","embeddable":true,"href":"https:\/\/shopbrasil.vinyllandrecords.com\/en\/wp-json\/wp\/v2\/product_cat?post=67484"},{"taxonomy":"product_tag","embeddable":true,"href":"https:\/\/shopbrasil.vinyllandrecords.com\/en\/wp-json\/wp\/v2\/product_tag?post=67484"}],"curies":[{"name":"wp","href":"https:\/\/api.w.org\/{rel}","templated":true}]}}