{"id":67578,"date":"2020-06-26T21:11:45","date_gmt":"2020-06-26T21:11:45","guid":{"rendered":"https:\/\/shopbrasil.vinyllandrecords.com\/?post_type=product&#038;p=67578"},"modified":"2025-01-31T08:24:42","modified_gmt":"2025-01-31T11:24:42","slug":"xis-seja-como-for","status":"publish","type":"product","link":"https:\/\/shopbrasil.vinyllandrecords.com\/en\/produto\/xis-seja-como-for\/","title":{"rendered":"XIS &#8211; SEJA COMO FOR"},"content":{"rendered":"","protected":false},"excerpt":{"rendered":"<p>https:\/\/open.spotify.com\/album\/7I9xil7ukJrSkUY46RjMSd<\/p>\n<p>Edi\u00e7\u00e3o comemorativa de 20 anos de lan\u00e7amento.<br \/>\nDuplo, novo e lacrado.<br \/>\nRemasterizado para vinil.<br \/>\nCapa gatefold, encarte com 16 p\u00e1ginas.<br \/>\nEdi\u00e7\u00e3o limitada em 500 c\u00f3pias.<br \/>\nLabel: Loop Play Discos \u200e(LPD20190011.1)<br \/>\n________________________________________<br \/>\nLado A<br \/>\n1. Entre<br \/>\n2. Bem Pior<br \/>\n3. Cole&#8230;<br \/>\n4. Perigo<br \/>\n5. Paran\u00f3ia Delirante<\/p>\n<p>Lado B<br \/>\n1. Vai e Vem<br \/>\n2. Us Mano e As Mina<br \/>\n3. Segue a Rima<\/p>\n<p>Lado C<br \/>\n1. TV \u00e9 Uma M&#8230;<br \/>\n2. Enquanto Eu Posso<br \/>\n3. Nu Gelo<br \/>\n4. 2092 A Lei Da Rua<br \/>\n5. A. Xis<\/p>\n<p>Lado D<br \/>\n1. &#8230;Tiva<br \/>\n2. Seja Como For<br \/>\n3. PB2000<br \/>\n4. A Fuga<br \/>\n5. S\u00f3 Por Voc\u00ea<\/p>\n","protected":false},"featured_media":67581,"template":"","meta":[],"product_brand":[],"product_cat":[107,111,124,130,97],"product_tag":[],"class_list":{"0":"post-67578","1":"product","2":"type-product","3":"status-publish","4":"has-post-thumbnail","6":"product_cat-garimpo","7":"product_cat-destaque","8":"product_cat-2xlp","9":"product_cat-loop-play-discos","10":"product_cat-lp","12":"first","13":"outofstock","14":"taxable","15":"shipping-taxable","16":"purchasable","17":"product-type-simple"},"yoast_head":"<!-- This site is optimized with the Yoast SEO plugin v27.3 - https:\/\/yoast.com\/product\/yoast-seo-wordpress\/ -->\n<title>XIS - SEJA COMO FOR - Vinyl Land Records<\/title>\n<meta name=\"robots\" content=\"index, follow, max-snippet:-1, max-image-preview:large, max-video-preview:-1\" \/>\n<link rel=\"canonical\" href=\"https:\/\/shopbrasil.vinyllandrecords.com\/produto\/xis-seja-como-for\/\" \/>\n<meta property=\"og:locale\" content=\"en_US\" \/>\n<meta property=\"og:type\" content=\"article\" \/>\n<meta property=\"og:title\" content=\"XIS - SEJA COMO FOR - Vinyl Land Records\" \/>\n<meta property=\"og:description\" content=\"https:\/\/open.spotify.com\/album\/7I9xil7ukJrSkUY46RjMSd  Edi\u00e7\u00e3o comemorativa de 20 anos de lan\u00e7amento. Duplo, novo e lacrado. Remasterizado para vinil. Capa gatefold, encarte com 16 p\u00e1ginas. Edi\u00e7\u00e3o limitada em 500 c\u00f3pias. Label: Loop Play Discos \u200e(LPD20190011.1) ________________________________________ Lado A 1. Entre 2. Bem Pior 3. Cole... 4. Perigo 5. Paran\u00f3ia Delirante   Lado B 1. Vai e Vem 2. Us Mano e As Mina 3. Segue a Rima   Lado C 1. TV \u00e9 Uma M... 2. Enquanto Eu Posso 3. Nu Gelo 4. 2092 A Lei Da Rua 5. A. Xis   Lado D 1. ...Tiva 2. Seja Como For 3. PB2000 4. A Fuga 5. S\u00f3 Por Voc\u00ea\" \/>\n<meta property=\"og:url\" content=\"https:\/\/shopbrasil.vinyllandrecords.com\/produto\/xis-seja-como-for\/\" \/>\n<meta property=\"og:site_name\" content=\"Vinyl Land Records\" \/>\n<meta property=\"article:modified_time\" content=\"2025-01-31T11:24:42+00:00\" \/>\n<meta property=\"og:image\" content=\"https:\/\/shopbrasil.vinyllandrecords.com\/wp-content\/uploads\/2020\/06\/xis.jpg\" \/>\n\t<meta property=\"og:image:width\" content=\"450\" \/>\n\t<meta property=\"og:image:height\" content=\"438\" \/>\n\t<meta property=\"og:image:type\" content=\"image\/jpeg\" \/>\n<meta name=\"twitter:card\" content=\"summary_large_image\" \/>\n<script type=\"application\/ld+json\" class=\"yoast-schema-graph\">{\"@context\":\"https:\\\/\\\/schema.org\",\"@graph\":[{\"@type\":\"WebPage\",\"@id\":\"https:\\\/\\\/shopbrasil.vinyllandrecords.com\\\/produto\\\/xis-seja-como-for\\\/\",\"url\":\"https:\\\/\\\/shopbrasil.vinyllandrecords.com\\\/produto\\\/xis-seja-como-for\\\/\",\"name\":\"XIS - SEJA COMO FOR - Vinyl Land Records\",\"isPartOf\":{\"@id\":\"https:\\\/\\\/shopbrasil.vinyllandrecords.com\\\/#website\"},\"primaryImageOfPage\":{\"@id\":\"https:\\\/\\\/shopbrasil.vinyllandrecords.com\\\/produto\\\/xis-seja-como-for\\\/#primaryimage\"},\"image\":{\"@id\":\"https:\\\/\\\/shopbrasil.vinyllandrecords.com\\\/produto\\\/xis-seja-como-for\\\/#primaryimage\"},\"thumbnailUrl\":\"https:\\\/\\\/shopbrasil.vinyllandrecords.com\\\/wp-content\\\/uploads\\\/2020\\\/06\\\/xis.jpg\",\"datePublished\":\"2020-06-26T21:11:45+00:00\",\"dateModified\":\"2025-01-31T11:24:42+00:00\",\"breadcrumb\":{\"@id\":\"https:\\\/\\\/shopbrasil.vinyllandrecords.com\\\/produto\\\/xis-seja-como-for\\\/#breadcrumb\"},\"inLanguage\":\"en-US\",\"potentialAction\":[{\"@type\":\"ReadAction\",\"target\":[\"https:\\\/\\\/shopbrasil.vinyllandrecords.com\\\/produto\\\/xis-seja-como-for\\\/\"]}]},{\"@type\":\"ImageObject\",\"inLanguage\":\"en-US\",\"@id\":\"https:\\\/\\\/shopbrasil.vinyllandrecords.com\\\/produto\\\/xis-seja-como-for\\\/#primaryimage\",\"url\":\"https:\\\/\\\/shopbrasil.vinyllandrecords.com\\\/wp-content\\\/uploads\\\/2020\\\/06\\\/xis.jpg\",\"contentUrl\":\"https:\\\/\\\/shopbrasil.vinyllandrecords.com\\\/wp-content\\\/uploads\\\/2020\\\/06\\\/xis.jpg\",\"width\":450,\"height\":438},{\"@type\":\"BreadcrumbList\",\"@id\":\"https:\\\/\\\/shopbrasil.vinyllandrecords.com\\\/produto\\\/xis-seja-como-for\\\/#breadcrumb\",\"itemListElement\":[{\"@type\":\"ListItem\",\"position\":1,\"name\":\"In\u00edcio\",\"item\":\"https:\\\/\\\/shopbrasil.vinyllandrecords.com\\\/\"},{\"@type\":\"ListItem\",\"position\":2,\"name\":\"Shops\",\"item\":\"https:\\\/\\\/shopbrasil.vinyllandrecords.com\\\/shops\\\/\"},{\"@type\":\"ListItem\",\"position\":3,\"name\":\"XIS &#8211; SEJA COMO FOR\"}]},{\"@type\":\"WebSite\",\"@id\":\"https:\\\/\\\/shopbrasil.vinyllandrecords.com\\\/#website\",\"url\":\"https:\\\/\\\/shopbrasil.vinyllandrecords.com\\\/\",\"name\":\"Vinyl Land Records\",\"description\":\"ONLINE SHOP\",\"potentialAction\":[{\"@type\":\"SearchAction\",\"target\":{\"@type\":\"EntryPoint\",\"urlTemplate\":\"https:\\\/\\\/shopbrasil.vinyllandrecords.com\\\/?s={search_term_string}\"},\"query-input\":{\"@type\":\"PropertyValueSpecification\",\"valueRequired\":true,\"valueName\":\"search_term_string\"}}],\"inLanguage\":\"en-US\"}]}<\/script>\n<!-- \/ Yoast SEO plugin. -->","yoast_head_json":{"title":"XIS - SEJA COMO FOR - Vinyl Land Records","robots":{"index":"index","follow":"follow","max-snippet":"max-snippet:-1","max-image-preview":"max-image-preview:large","max-video-preview":"max-video-preview:-1"},"canonical":"https:\/\/shopbrasil.vinyllandrecords.com\/produto\/xis-seja-como-for\/","og_locale":"en_US","og_type":"article","og_title":"XIS - SEJA COMO FOR - Vinyl Land Records","og_description":"https:\/\/open.spotify.com\/album\/7I9xil7ukJrSkUY46RjMSd  Edi\u00e7\u00e3o comemorativa de 20 anos de lan\u00e7amento. Duplo, novo e lacrado. Remasterizado para vinil. Capa gatefold, encarte com 16 p\u00e1ginas. Edi\u00e7\u00e3o limitada em 500 c\u00f3pias. Label: Loop Play Discos \u200e(LPD20190011.1) ________________________________________ Lado A 1. Entre 2. Bem Pior 3. Cole... 4. Perigo 5. Paran\u00f3ia Delirante   Lado B 1. Vai e Vem 2. Us Mano e As Mina 3. Segue a Rima   Lado C 1. TV \u00e9 Uma M... 2. Enquanto Eu Posso 3. Nu Gelo 4. 2092 A Lei Da Rua 5. A. Xis   Lado D 1. ...Tiva 2. Seja Como For 3. PB2000 4. A Fuga 5. S\u00f3 Por Voc\u00ea","og_url":"https:\/\/shopbrasil.vinyllandrecords.com\/produto\/xis-seja-como-for\/","og_site_name":"Vinyl Land Records","article_modified_time":"2025-01-31T11:24:42+00:00","og_image":[{"width":450,"height":438,"url":"https:\/\/shopbrasil.vinyllandrecords.com\/wp-content\/uploads\/2020\/06\/xis.jpg","type":"image\/jpeg"}],"twitter_card":"summary_large_image","schema":{"@context":"https:\/\/schema.org","@graph":[{"@type":"WebPage","@id":"https:\/\/shopbrasil.vinyllandrecords.com\/produto\/xis-seja-como-for\/","url":"https:\/\/shopbrasil.vinyllandrecords.com\/produto\/xis-seja-como-for\/","name":"XIS - SEJA COMO FOR - Vinyl Land Records","isPartOf":{"@id":"https:\/\/shopbrasil.vinyllandrecords.com\/#website"},"primaryImageOfPage":{"@id":"https:\/\/shopbrasil.vinyllandrecords.com\/produto\/xis-seja-como-for\/#primaryimage"},"image":{"@id":"https:\/\/shopbrasil.vinyllandrecords.com\/produto\/xis-seja-como-for\/#primaryimage"},"thumbnailUrl":"https:\/\/shopbrasil.vinyllandrecords.com\/wp-content\/uploads\/2020\/06\/xis.jpg","datePublished":"2020-06-26T21:11:45+00:00","dateModified":"2025-01-31T11:24:42+00:00","breadcrumb":{"@id":"https:\/\/shopbrasil.vinyllandrecords.com\/produto\/xis-seja-como-for\/#breadcrumb"},"inLanguage":"en-US","potentialAction":[{"@type":"ReadAction","target":["https:\/\/shopbrasil.vinyllandrecords.com\/produto\/xis-seja-como-for\/"]}]},{"@type":"ImageObject","inLanguage":"en-US","@id":"https:\/\/shopbrasil.vinyllandrecords.com\/produto\/xis-seja-como-for\/#primaryimage","url":"https:\/\/shopbrasil.vinyllandrecords.com\/wp-content\/uploads\/2020\/06\/xis.jpg","contentUrl":"https:\/\/shopbrasil.vinyllandrecords.com\/wp-content\/uploads\/2020\/06\/xis.jpg","width":450,"height":438},{"@type":"BreadcrumbList","@id":"https:\/\/shopbrasil.vinyllandrecords.com\/produto\/xis-seja-como-for\/#breadcrumb","itemListElement":[{"@type":"ListItem","position":1,"name":"In\u00edcio","item":"https:\/\/shopbrasil.vinyllandrecords.com\/"},{"@type":"ListItem","position":2,"name":"Shops","item":"https:\/\/shopbrasil.vinyllandrecords.com\/shops\/"},{"@type":"ListItem","position":3,"name":"XIS &#8211; SEJA COMO FOR"}]},{"@type":"WebSite","@id":"https:\/\/shopbrasil.vinyllandrecords.com\/#website","url":"https:\/\/shopbrasil.vinyllandrecords.com\/","name":"Vinyl Land Records","description":"ONLINE SHOP","potentialAction":[{"@type":"SearchAction","target":{"@type":"EntryPoint","urlTemplate":"https:\/\/shopbrasil.vinyllandrecords.com\/?s={search_term_string}"},"query-input":{"@type":"PropertyValueSpecification","valueRequired":true,"valueName":"search_term_string"}}],"inLanguage":"en-US"}]}},"_links":{"self":[{"href":"https:\/\/shopbrasil.vinyllandrecords.com\/en\/wp-json\/wp\/v2\/product\/67578","targetHints":{"allow":["GET"]}}],"collection":[{"href":"https:\/\/shopbrasil.vinyllandrecords.com\/en\/wp-json\/wp\/v2\/product"}],"about":[{"href":"https:\/\/shopbrasil.vinyllandrecords.com\/en\/wp-json\/wp\/v2\/types\/product"}],"wp:featuredmedia":[{"embeddable":true,"href":"https:\/\/shopbrasil.vinyllandrecords.com\/en\/wp-json\/wp\/v2\/media\/67581"}],"wp:attachment":[{"href":"https:\/\/shopbrasil.vinyllandrecords.com\/en\/wp-json\/wp\/v2\/media?parent=67578"}],"wp:term":[{"taxonomy":"product_brand","embeddable":true,"href":"https:\/\/shopbrasil.vinyllandrecords.com\/en\/wp-json\/wp\/v2\/product_brand?post=67578"},{"taxonomy":"product_cat","embeddable":true,"href":"https:\/\/shopbrasil.vinyllandrecords.com\/en\/wp-json\/wp\/v2\/product_cat?post=67578"},{"taxonomy":"product_tag","embeddable":true,"href":"https:\/\/shopbrasil.vinyllandrecords.com\/en\/wp-json\/wp\/v2\/product_tag?post=67578"}],"curies":[{"name":"wp","href":"https:\/\/api.w.org\/{rel}","templated":true}]}}