{"id":67619,"date":"2020-08-01T20:27:34","date_gmt":"2020-08-01T20:27:34","guid":{"rendered":"https:\/\/shopbrasil.vinyllandrecords.com\/?post_type=product&#038;p=67619"},"modified":"2025-09-16T21:56:28","modified_gmt":"2025-09-17T00:56:28","slug":"hermeto-pascoal-grupo-no-mundo-dos-sons","status":"publish","type":"product","link":"https:\/\/shopbrasil.vinyllandrecords.com\/en\/produto\/hermeto-pascoal-grupo-no-mundo-dos-sons\/","title":{"rendered":"Hermeto Pascoal &#038; Grupo &#8211; No Mundo dos Sons"},"content":{"rendered":"","protected":false},"excerpt":{"rendered":"<p>https:\/\/open.spotify.com\/album\/0n8REajY4FIhklIFTXW8s0<\/p>\n<p>Hermeto Pascoal &#8220;No Mundo dos Sons&#8221;<br \/>\nLP Duplo<br \/>\nCapa Gatefold<br \/>\nImportado &#8211; Fabricado na Alemanha<\/p>\n<p>LP 1<br \/>\nLado A<br \/>\n1. Viva S\u00e3o Paulo! [5:18]<br \/>\n2. Vin\u00edcius Dorin em B\u00fazios [5:47}<br \/>\n3. Para Thad Jones [4:11]<br \/>\n4. Para Miles Davis [7:00]<\/p>\n<p>Lado B<br \/>\n1. Mazinho tocando no Coreto [2:46]<br \/>\n2. Viva Piazzolla! [4:15]<br \/>\n3. Forr\u00f3 da Gota para Sivuca [6:05]<br \/>\n4. Carlos Malta Tupizando [5:01]<br \/>\n5. Som da Aura [4:23]<\/p>\n<p>LP 2<br \/>\nLado A<br \/>\n1. Entrando pelos Canos [3:10]<br \/>\n2. Para Tom Jobim [6:47]<br \/>\n3. Ilza Nova [7:04]<br \/>\n4. Salve, Pernambuco Percuss\u00e3o! [2:38]<br \/>\n5. Viva Edu Lobo! [3:05]<\/p>\n<p>Lado B<br \/>\n1. Para Ron Carter [6:45]<br \/>\n2. De Fabio para Jovino dos Santos [7:18]<br \/>\n3. Um abra\u00e7o Chick Corea [4:30]<br \/>\n4. Rafael amor eterno [2:40]<\/p>\n<p>Todas as m\u00fasicas por Hermeto Pascoal<br \/>\ncom:<br \/>\nHermeto Pascoal (piano, teclado, flauta baixo, escaleta, copo d&#8217;\u00e1gua, etc)<br \/>\nItiber\u00ea Zwarg &#8211; baixo e tuba<br \/>\nFabio Pascoal &#8211; percuss\u00e3o<br \/>\nAndr\u00e9 Marques &#8211; piano e flauta<br \/>\nAjurin\u00e3 Zwarg &#8211; bateria e sax soprano<br \/>\nJota P. &#8211; saxes e flautas<\/p>\n<p>Dire\u00e7\u00e3o Art\u00edstica: Hermeto Pascoal<br \/>\nDire\u00e7\u00e3o de Est\u00fadio: Fabio Pascoal<br \/>\nProdu\u00e7\u00e3o Executiva: Flavio de Abreu \u2013 Scubidu Music<br \/>\nCoordena\u00e7\u00e3o de Produ\u00e7\u00e3o: Amanda Desmonts<br \/>\nArte Gr\u00e1fica: Ruy Pereira<br \/>\nDesign Gr\u00e1fico: Tereza Bettinardi<br \/>\nFotos: Gabriel Quint\u00e3o<\/p>\n<p>Gravado no est\u00fadio Gargol\u00e2ndia em fevereiro de 2017 por Daniel T\u00e1pia<br \/>\nMixado e Masterizado no est\u00fadio Arsis por Adonias Jr.<br \/>\nAssistentes de grava\u00e7\u00e3o:Thiago Baggio e Gregory Fenile<\/p>\n<p>T\u00e9cnico e Afinador de piano: Olivio Valarini Jr.<\/p>\n","protected":false},"featured_media":67620,"template":"","meta":[],"product_brand":[],"product_cat":[107,111,124,125,97],"product_tag":[],"class_list":{"0":"post-67619","1":"product","2":"type-product","3":"status-publish","4":"has-post-thumbnail","6":"product_cat-garimpo","7":"product_cat-destaque","8":"product_cat-2xlp","9":"product_cat-gatefold-sleeve","10":"product_cat-lp","12":"first","13":"instock","14":"taxable","15":"shipping-taxable","16":"purchasable","17":"product-type-simple"},"yoast_head":"<!-- This site is optimized with the Yoast SEO plugin v27.5 - https:\/\/yoast.com\/product\/yoast-seo-wordpress\/ -->\n<title>Hermeto Pascoal &amp; Grupo - No Mundo dos Sons - Vinyl Land Records<\/title>\n<meta name=\"robots\" content=\"index, follow, max-snippet:-1, max-image-preview:large, max-video-preview:-1\" \/>\n<link rel=\"canonical\" href=\"https:\/\/shopbrasil.vinyllandrecords.com\/produto\/hermeto-pascoal-grupo-no-mundo-dos-sons\/\" \/>\n<meta property=\"og:locale\" content=\"en_US\" \/>\n<meta property=\"og:type\" content=\"article\" \/>\n<meta property=\"og:title\" content=\"Hermeto Pascoal &amp; Grupo - No Mundo dos Sons - Vinyl Land Records\" \/>\n<meta property=\"og:description\" content=\"https:\/\/open.spotify.com\/album\/0n8REajY4FIhklIFTXW8s0  Hermeto Pascoal &quot;No Mundo dos Sons&quot; LP Duplo Capa Gatefold Importado - Fabricado na Alemanha   LP 1 Lado A 1. Viva S\u00e3o Paulo! [5:18] 2. Vin\u00edcius Dorin em B\u00fazios [5:47} 3. Para Thad Jones [4:11] 4. Para Miles Davis [7:00]   Lado B 1. Mazinho tocando no Coreto [2:46] 2. Viva Piazzolla! [4:15] 3. Forr\u00f3 da Gota para Sivuca [6:05] 4. Carlos Malta Tupizando [5:01] 5. Som da Aura [4:23]   LP 2 Lado A 1. Entrando pelos Canos [3:10] 2. Para Tom Jobim [6:47] 3. Ilza Nova [7:04] 4. Salve, Pernambuco Percuss\u00e3o! [2:38] 5. Viva Edu Lobo! [3:05]   Lado B 1. Para Ron Carter [6:45] 2. De Fabio para Jovino dos Santos [7:18] 3. Um abra\u00e7o Chick Corea [4:30] 4. Rafael amor eterno [2:40]   Todas as m\u00fasicas por Hermeto Pascoal com: Hermeto Pascoal (piano, teclado, flauta baixo, escaleta, copo d&#039;\u00e1gua, etc) Itiber\u00ea Zwarg - baixo e tuba Fabio Pascoal - percuss\u00e3o Andr\u00e9 Marques - piano e flauta Ajurin\u00e3 Zwarg - bateria e sax soprano Jota P. - saxes e flautas   Dire\u00e7\u00e3o Art\u00edstica: Hermeto Pascoal Dire\u00e7\u00e3o de Est\u00fadio: Fabio Pascoal Produ\u00e7\u00e3o Executiva: Flavio de Abreu \u2013 Scubidu Music Coordena\u00e7\u00e3o de Produ\u00e7\u00e3o: Amanda Desmonts Arte Gr\u00e1fica: Ruy Pereira Design Gr\u00e1fico: Tereza Bettinardi Fotos: Gabriel Quint\u00e3o   Gravado no est\u00fadio Gargol\u00e2ndia em fevereiro de 2017 por Daniel T\u00e1pia Mixado e Masterizado no est\u00fadio Arsis por Adonias Jr. Assistentes de grava\u00e7\u00e3o:Thiago Baggio e Gregory Fenile   T\u00e9cnico e Afinador de piano: Olivio Valarini Jr.\" \/>\n<meta property=\"og:url\" content=\"https:\/\/shopbrasil.vinyllandrecords.com\/produto\/hermeto-pascoal-grupo-no-mundo-dos-sons\/\" \/>\n<meta property=\"og:site_name\" content=\"Vinyl Land Records\" \/>\n<meta property=\"article:modified_time\" content=\"2025-09-17T00:56:28+00:00\" \/>\n<meta property=\"og:image\" content=\"https:\/\/shopbrasil.vinyllandrecords.com\/wp-content\/uploads\/2020\/08\/hermeto.jpg\" \/>\n\t<meta property=\"og:image:width\" content=\"450\" \/>\n\t<meta property=\"og:image:height\" content=\"404\" \/>\n\t<meta property=\"og:image:type\" content=\"image\/jpeg\" \/>\n<meta name=\"twitter:card\" content=\"summary_large_image\" \/>\n<script type=\"application\/ld+json\" class=\"yoast-schema-graph\">{\"@context\":\"https:\\\/\\\/schema.org\",\"@graph\":[{\"@type\":\"WebPage\",\"@id\":\"https:\\\/\\\/shopbrasil.vinyllandrecords.com\\\/produto\\\/hermeto-pascoal-grupo-no-mundo-dos-sons\\\/\",\"url\":\"https:\\\/\\\/shopbrasil.vinyllandrecords.com\\\/produto\\\/hermeto-pascoal-grupo-no-mundo-dos-sons\\\/\",\"name\":\"Hermeto Pascoal & Grupo - No Mundo dos Sons - Vinyl Land Records\",\"isPartOf\":{\"@id\":\"https:\\\/\\\/shopbrasil.vinyllandrecords.com\\\/#website\"},\"primaryImageOfPage\":{\"@id\":\"https:\\\/\\\/shopbrasil.vinyllandrecords.com\\\/produto\\\/hermeto-pascoal-grupo-no-mundo-dos-sons\\\/#primaryimage\"},\"image\":{\"@id\":\"https:\\\/\\\/shopbrasil.vinyllandrecords.com\\\/produto\\\/hermeto-pascoal-grupo-no-mundo-dos-sons\\\/#primaryimage\"},\"thumbnailUrl\":\"https:\\\/\\\/shopbrasil.vinyllandrecords.com\\\/wp-content\\\/uploads\\\/2020\\\/08\\\/hermeto.jpg\",\"datePublished\":\"2020-08-01T20:27:34+00:00\",\"dateModified\":\"2025-09-17T00:56:28+00:00\",\"breadcrumb\":{\"@id\":\"https:\\\/\\\/shopbrasil.vinyllandrecords.com\\\/produto\\\/hermeto-pascoal-grupo-no-mundo-dos-sons\\\/#breadcrumb\"},\"inLanguage\":\"en-US\",\"potentialAction\":[{\"@type\":\"ReadAction\",\"target\":[\"https:\\\/\\\/shopbrasil.vinyllandrecords.com\\\/produto\\\/hermeto-pascoal-grupo-no-mundo-dos-sons\\\/\"]}]},{\"@type\":\"ImageObject\",\"inLanguage\":\"en-US\",\"@id\":\"https:\\\/\\\/shopbrasil.vinyllandrecords.com\\\/produto\\\/hermeto-pascoal-grupo-no-mundo-dos-sons\\\/#primaryimage\",\"url\":\"https:\\\/\\\/shopbrasil.vinyllandrecords.com\\\/wp-content\\\/uploads\\\/2020\\\/08\\\/hermeto.jpg\",\"contentUrl\":\"https:\\\/\\\/shopbrasil.vinyllandrecords.com\\\/wp-content\\\/uploads\\\/2020\\\/08\\\/hermeto.jpg\",\"width\":450,\"height\":404},{\"@type\":\"BreadcrumbList\",\"@id\":\"https:\\\/\\\/shopbrasil.vinyllandrecords.com\\\/produto\\\/hermeto-pascoal-grupo-no-mundo-dos-sons\\\/#breadcrumb\",\"itemListElement\":[{\"@type\":\"ListItem\",\"position\":1,\"name\":\"In\u00edcio\",\"item\":\"https:\\\/\\\/shopbrasil.vinyllandrecords.com\\\/\"},{\"@type\":\"ListItem\",\"position\":2,\"name\":\"Shops\",\"item\":\"https:\\\/\\\/shopbrasil.vinyllandrecords.com\\\/shops\\\/\"},{\"@type\":\"ListItem\",\"position\":3,\"name\":\"Hermeto Pascoal &#038; Grupo &#8211; No Mundo dos Sons\"}]},{\"@type\":\"WebSite\",\"@id\":\"https:\\\/\\\/shopbrasil.vinyllandrecords.com\\\/#website\",\"url\":\"https:\\\/\\\/shopbrasil.vinyllandrecords.com\\\/\",\"name\":\"Vinyl Land Records\",\"description\":\"ONLINE SHOP\",\"potentialAction\":[{\"@type\":\"SearchAction\",\"target\":{\"@type\":\"EntryPoint\",\"urlTemplate\":\"https:\\\/\\\/shopbrasil.vinyllandrecords.com\\\/?s={search_term_string}\"},\"query-input\":{\"@type\":\"PropertyValueSpecification\",\"valueRequired\":true,\"valueName\":\"search_term_string\"}}],\"inLanguage\":\"en-US\"}]}<\/script>\n<!-- \/ Yoast SEO plugin. -->","yoast_head_json":{"title":"Hermeto Pascoal & Grupo - No Mundo dos Sons - Vinyl Land Records","robots":{"index":"index","follow":"follow","max-snippet":"max-snippet:-1","max-image-preview":"max-image-preview:large","max-video-preview":"max-video-preview:-1"},"canonical":"https:\/\/shopbrasil.vinyllandrecords.com\/produto\/hermeto-pascoal-grupo-no-mundo-dos-sons\/","og_locale":"en_US","og_type":"article","og_title":"Hermeto Pascoal & Grupo - No Mundo dos Sons - Vinyl Land Records","og_description":"https:\/\/open.spotify.com\/album\/0n8REajY4FIhklIFTXW8s0  Hermeto Pascoal \"No Mundo dos Sons\" LP Duplo Capa Gatefold Importado - Fabricado na Alemanha   LP 1 Lado A 1. Viva S\u00e3o Paulo! [5:18] 2. Vin\u00edcius Dorin em B\u00fazios [5:47} 3. Para Thad Jones [4:11] 4. Para Miles Davis [7:00]   Lado B 1. Mazinho tocando no Coreto [2:46] 2. Viva Piazzolla! [4:15] 3. Forr\u00f3 da Gota para Sivuca [6:05] 4. Carlos Malta Tupizando [5:01] 5. Som da Aura [4:23]   LP 2 Lado A 1. Entrando pelos Canos [3:10] 2. Para Tom Jobim [6:47] 3. Ilza Nova [7:04] 4. Salve, Pernambuco Percuss\u00e3o! [2:38] 5. Viva Edu Lobo! [3:05]   Lado B 1. Para Ron Carter [6:45] 2. De Fabio para Jovino dos Santos [7:18] 3. Um abra\u00e7o Chick Corea [4:30] 4. Rafael amor eterno [2:40]   Todas as m\u00fasicas por Hermeto Pascoal com: Hermeto Pascoal (piano, teclado, flauta baixo, escaleta, copo d'\u00e1gua, etc) Itiber\u00ea Zwarg - baixo e tuba Fabio Pascoal - percuss\u00e3o Andr\u00e9 Marques - piano e flauta Ajurin\u00e3 Zwarg - bateria e sax soprano Jota P. - saxes e flautas   Dire\u00e7\u00e3o Art\u00edstica: Hermeto Pascoal Dire\u00e7\u00e3o de Est\u00fadio: Fabio Pascoal Produ\u00e7\u00e3o Executiva: Flavio de Abreu \u2013 Scubidu Music Coordena\u00e7\u00e3o de Produ\u00e7\u00e3o: Amanda Desmonts Arte Gr\u00e1fica: Ruy Pereira Design Gr\u00e1fico: Tereza Bettinardi Fotos: Gabriel Quint\u00e3o   Gravado no est\u00fadio Gargol\u00e2ndia em fevereiro de 2017 por Daniel T\u00e1pia Mixado e Masterizado no est\u00fadio Arsis por Adonias Jr. Assistentes de grava\u00e7\u00e3o:Thiago Baggio e Gregory Fenile   T\u00e9cnico e Afinador de piano: Olivio Valarini Jr.","og_url":"https:\/\/shopbrasil.vinyllandrecords.com\/produto\/hermeto-pascoal-grupo-no-mundo-dos-sons\/","og_site_name":"Vinyl Land Records","article_modified_time":"2025-09-17T00:56:28+00:00","og_image":[{"width":450,"height":404,"url":"https:\/\/shopbrasil.vinyllandrecords.com\/wp-content\/uploads\/2020\/08\/hermeto.jpg","type":"image\/jpeg"}],"twitter_card":"summary_large_image","schema":{"@context":"https:\/\/schema.org","@graph":[{"@type":"WebPage","@id":"https:\/\/shopbrasil.vinyllandrecords.com\/produto\/hermeto-pascoal-grupo-no-mundo-dos-sons\/","url":"https:\/\/shopbrasil.vinyllandrecords.com\/produto\/hermeto-pascoal-grupo-no-mundo-dos-sons\/","name":"Hermeto Pascoal & Grupo - No Mundo dos Sons - Vinyl Land Records","isPartOf":{"@id":"https:\/\/shopbrasil.vinyllandrecords.com\/#website"},"primaryImageOfPage":{"@id":"https:\/\/shopbrasil.vinyllandrecords.com\/produto\/hermeto-pascoal-grupo-no-mundo-dos-sons\/#primaryimage"},"image":{"@id":"https:\/\/shopbrasil.vinyllandrecords.com\/produto\/hermeto-pascoal-grupo-no-mundo-dos-sons\/#primaryimage"},"thumbnailUrl":"https:\/\/shopbrasil.vinyllandrecords.com\/wp-content\/uploads\/2020\/08\/hermeto.jpg","datePublished":"2020-08-01T20:27:34+00:00","dateModified":"2025-09-17T00:56:28+00:00","breadcrumb":{"@id":"https:\/\/shopbrasil.vinyllandrecords.com\/produto\/hermeto-pascoal-grupo-no-mundo-dos-sons\/#breadcrumb"},"inLanguage":"en-US","potentialAction":[{"@type":"ReadAction","target":["https:\/\/shopbrasil.vinyllandrecords.com\/produto\/hermeto-pascoal-grupo-no-mundo-dos-sons\/"]}]},{"@type":"ImageObject","inLanguage":"en-US","@id":"https:\/\/shopbrasil.vinyllandrecords.com\/produto\/hermeto-pascoal-grupo-no-mundo-dos-sons\/#primaryimage","url":"https:\/\/shopbrasil.vinyllandrecords.com\/wp-content\/uploads\/2020\/08\/hermeto.jpg","contentUrl":"https:\/\/shopbrasil.vinyllandrecords.com\/wp-content\/uploads\/2020\/08\/hermeto.jpg","width":450,"height":404},{"@type":"BreadcrumbList","@id":"https:\/\/shopbrasil.vinyllandrecords.com\/produto\/hermeto-pascoal-grupo-no-mundo-dos-sons\/#breadcrumb","itemListElement":[{"@type":"ListItem","position":1,"name":"In\u00edcio","item":"https:\/\/shopbrasil.vinyllandrecords.com\/"},{"@type":"ListItem","position":2,"name":"Shops","item":"https:\/\/shopbrasil.vinyllandrecords.com\/shops\/"},{"@type":"ListItem","position":3,"name":"Hermeto Pascoal &#038; Grupo &#8211; No Mundo dos Sons"}]},{"@type":"WebSite","@id":"https:\/\/shopbrasil.vinyllandrecords.com\/#website","url":"https:\/\/shopbrasil.vinyllandrecords.com\/","name":"Vinyl Land Records","description":"ONLINE SHOP","potentialAction":[{"@type":"SearchAction","target":{"@type":"EntryPoint","urlTemplate":"https:\/\/shopbrasil.vinyllandrecords.com\/?s={search_term_string}"},"query-input":{"@type":"PropertyValueSpecification","valueRequired":true,"valueName":"search_term_string"}}],"inLanguage":"en-US"}]}},"_links":{"self":[{"href":"https:\/\/shopbrasil.vinyllandrecords.com\/en\/wp-json\/wp\/v2\/product\/67619","targetHints":{"allow":["GET"]}}],"collection":[{"href":"https:\/\/shopbrasil.vinyllandrecords.com\/en\/wp-json\/wp\/v2\/product"}],"about":[{"href":"https:\/\/shopbrasil.vinyllandrecords.com\/en\/wp-json\/wp\/v2\/types\/product"}],"wp:featuredmedia":[{"embeddable":true,"href":"https:\/\/shopbrasil.vinyllandrecords.com\/en\/wp-json\/wp\/v2\/media\/67620"}],"wp:attachment":[{"href":"https:\/\/shopbrasil.vinyllandrecords.com\/en\/wp-json\/wp\/v2\/media?parent=67619"}],"wp:term":[{"taxonomy":"product_brand","embeddable":true,"href":"https:\/\/shopbrasil.vinyllandrecords.com\/en\/wp-json\/wp\/v2\/product_brand?post=67619"},{"taxonomy":"product_cat","embeddable":true,"href":"https:\/\/shopbrasil.vinyllandrecords.com\/en\/wp-json\/wp\/v2\/product_cat?post=67619"},{"taxonomy":"product_tag","embeddable":true,"href":"https:\/\/shopbrasil.vinyllandrecords.com\/en\/wp-json\/wp\/v2\/product_tag?post=67619"}],"curies":[{"name":"wp","href":"https:\/\/api.w.org\/{rel}","templated":true}]}}