{"id":67707,"date":"2020-09-30T20:03:30","date_gmt":"2020-09-30T20:03:30","guid":{"rendered":"https:\/\/shopbrasil.vinyllandrecords.com\/?post_type=product&#038;p=67707"},"modified":"2024-04-22T22:34:59","modified_gmt":"2024-04-23T01:34:59","slug":"the-baggios-vulcao","status":"publish","type":"product","link":"https:\/\/shopbrasil.vinyllandrecords.com\/en\/produto\/the-baggios-vulcao\/","title":{"rendered":"The Baggios &#8211; Vulc\u00e3o"},"content":{"rendered":"","protected":false},"excerpt":{"rendered":"<p><iframe width=\"560\" height=\"315\" src=\"https:\/\/www.youtube.com\/embed\/F21guTRCZKk\" frameborder=\"0\" allow=\"accelerometer; autoplay; clipboard-write; encrypted-media; gyroscope; picture-in-picture\" allowfullscreen><\/iframe><\/p>\n<p>\u201cVulc\u00e3o\u201d \u00e9 o quarto \u00e1lbum da banda sergipana The Baggios. Conhecido como um dos \u00e1lbuns de rock brasileiro na mais pura concep\u00e7\u00e3o da palavra, as m\u00fasicas levam um toque psicod\u00e9lico e levadas orientais.<\/p>\n<p>No trabalho al\u00e9m de uma mudan\u00e7a na forma\u00e7\u00e3o do grupo, que com a efetiva\u00e7\u00e3o do baixista e tecladista Rafael Ramos se tornou um trio ao lado do vocalista e guitarrista J\u00falio Andrade e o baterista Gabriel Perninha, o The Baggios apresenta uma mistura de ritmos que v\u00e3o al\u00e9m do Rock e Blues encontramos tamb\u00e9m sons regionais nordestinos, marchinhas de carnaval, repente, MPB, hip hop e o que mais surgir na musicalidade inquieta do trio.<\/p>\n<p>A banda apresentou uma profundidade em seu som, dada especialmente pelos arranjos e as orquestra\u00e7\u00f5es, que foram fundamentais em todo o trabalho.<\/p>\n<p>M\u00daSICAS DO LP<\/p>\n<p>Lado A:<\/p>\n<p>1.  Louva-a-Deus<\/p>\n<p>2.  Caldeir\u00e3o das Bruxas<\/p>\n<p>3.  Deserto &#8211; Parte Baianasystem<\/p>\n<p>4.  Espada de S\u00e3o Jorge<\/p>\n<p>5.  Em Si Menor<\/p>\n<p>Lado B:<\/p>\n<p>1.  Vermelho-Rubi<\/p>\n<p>2.  Samsara<\/p>\n<p>3.  Fera<\/p>\n<p>4.  Bem-Te-Vi &#8211;  Parte C\u00e9u<\/p>\n<p>5.  Vulc\u00e3o<\/p>\n<p>DETALHES DO PRODUTO<\/p>\n<p>Tipo de M\u00eddia: Disco de Vinil \/ LPs &#8211; Lps <\/p>\n<p>Quantidade de Discos:  1 Disco<\/p>\n<p>Capa: Simples<\/p>\n<p>Artista: The Baggios<\/p>\n<p>T\u00edtulo do LPs: Vulc\u00e3o<\/p>\n<p>Origem: Nacional <\/p>\n<p>G\u00eanero do LPs: Rock, Blues<\/p>\n","protected":false},"featured_media":67709,"template":"","meta":[],"product_brand":[],"product_cat":[107,111,120,135,97],"product_tag":[],"class_list":{"0":"post-67707","1":"product","2":"type-product","3":"status-publish","4":"has-post-thumbnail","6":"product_cat-garimpo","7":"product_cat-destaque","8":"product_cat-assustado-discos","9":"product_cat-toca-discos","10":"product_cat-lp","12":"first","13":"outofstock","14":"taxable","15":"shipping-taxable","16":"purchasable","17":"product-type-simple"},"yoast_head":"<!-- This site is optimized with the Yoast SEO plugin v27.4 - https:\/\/yoast.com\/product\/yoast-seo-wordpress\/ -->\n<title>The Baggios - Vulc\u00e3o - Vinyl Land Records<\/title>\n<meta name=\"robots\" content=\"index, follow, max-snippet:-1, max-image-preview:large, max-video-preview:-1\" \/>\n<link rel=\"canonical\" href=\"https:\/\/shopbrasil.vinyllandrecords.com\/produto\/the-baggios-vulcao\/\" \/>\n<meta property=\"og:locale\" content=\"en_US\" \/>\n<meta property=\"og:type\" content=\"article\" \/>\n<meta property=\"og:title\" content=\"The Baggios - Vulc\u00e3o - Vinyl Land Records\" \/>\n<meta property=\"og:description\" content=\"\u201cVulc\u00e3o\u201d \u00e9 o quarto \u00e1lbum da banda sergipana The Baggios. Conhecido como um dos \u00e1lbuns de rock brasileiro na mais pura concep\u00e7\u00e3o da palavra, as m\u00fasicas levam um toque psicod\u00e9lico e levadas orientais.  No trabalho al\u00e9m de uma mudan\u00e7a na forma\u00e7\u00e3o do grupo, que com a efetiva\u00e7\u00e3o do baixista e tecladista Rafael Ramos se tornou um trio ao lado do vocalista e guitarrista J\u00falio Andrade e o baterista Gabriel Perninha, o The Baggios apresenta uma mistura de ritmos que v\u00e3o al\u00e9m do Rock e Blues encontramos tamb\u00e9m sons regionais nordestinos, marchinhas de carnaval, repente, MPB, hip hop e o que mais surgir na musicalidade inquieta do trio.  A banda apresentou uma profundidade em seu som, dada especialmente pelos arranjos e as orquestra\u00e7\u00f5es, que foram fundamentais em todo o trabalho.     M\u00daSICAS DO LP  Lado A:  1. Louva-a-Deus  2. Caldeir\u00e3o das Bruxas  3. Deserto - Parte Baianasystem  4. Espada de S\u00e3o Jorge  5. Em Si Menor     Lado B:  1. Vermelho-Rubi  2. Samsara  3. Fera  4. Bem-Te-Vi - Parte C\u00e9u  5. Vulc\u00e3o     DETALHES DO PRODUTO  Tipo de M\u00eddia: Disco de Vinil \/ LPs - Lps   Quantidade de Discos: 1 Disco  Capa: Simples  Artista: The Baggios  T\u00edtulo do LPs: Vulc\u00e3o  Origem: Nacional   G\u00eanero do LPs: Rock, Blues\" \/>\n<meta property=\"og:url\" content=\"https:\/\/shopbrasil.vinyllandrecords.com\/produto\/the-baggios-vulcao\/\" \/>\n<meta property=\"og:site_name\" content=\"Vinyl Land Records\" \/>\n<meta property=\"article:modified_time\" content=\"2024-04-23T01:34:59+00:00\" \/>\n<meta property=\"og:image\" content=\"https:\/\/shopbrasil.vinyllandrecords.com\/wp-content\/uploads\/2020\/09\/thebaggiosvulcao.jpg\" \/>\n\t<meta property=\"og:image:width\" content=\"984\" \/>\n\t<meta property=\"og:image:height\" content=\"984\" \/>\n\t<meta property=\"og:image:type\" content=\"image\/jpeg\" \/>\n<meta name=\"twitter:card\" content=\"summary_large_image\" \/>\n<script type=\"application\/ld+json\" class=\"yoast-schema-graph\">{\"@context\":\"https:\\\/\\\/schema.org\",\"@graph\":[{\"@type\":\"WebPage\",\"@id\":\"https:\\\/\\\/shopbrasil.vinyllandrecords.com\\\/produto\\\/the-baggios-vulcao\\\/\",\"url\":\"https:\\\/\\\/shopbrasil.vinyllandrecords.com\\\/produto\\\/the-baggios-vulcao\\\/\",\"name\":\"The Baggios - Vulc\u00e3o - Vinyl Land Records\",\"isPartOf\":{\"@id\":\"https:\\\/\\\/shopbrasil.vinyllandrecords.com\\\/#website\"},\"primaryImageOfPage\":{\"@id\":\"https:\\\/\\\/shopbrasil.vinyllandrecords.com\\\/produto\\\/the-baggios-vulcao\\\/#primaryimage\"},\"image\":{\"@id\":\"https:\\\/\\\/shopbrasil.vinyllandrecords.com\\\/produto\\\/the-baggios-vulcao\\\/#primaryimage\"},\"thumbnailUrl\":\"https:\\\/\\\/shopbrasil.vinyllandrecords.com\\\/wp-content\\\/uploads\\\/2020\\\/09\\\/thebaggiosvulcao.jpg\",\"datePublished\":\"2020-09-30T20:03:30+00:00\",\"dateModified\":\"2024-04-23T01:34:59+00:00\",\"breadcrumb\":{\"@id\":\"https:\\\/\\\/shopbrasil.vinyllandrecords.com\\\/produto\\\/the-baggios-vulcao\\\/#breadcrumb\"},\"inLanguage\":\"en-US\",\"potentialAction\":[{\"@type\":\"ReadAction\",\"target\":[\"https:\\\/\\\/shopbrasil.vinyllandrecords.com\\\/produto\\\/the-baggios-vulcao\\\/\"]}]},{\"@type\":\"ImageObject\",\"inLanguage\":\"en-US\",\"@id\":\"https:\\\/\\\/shopbrasil.vinyllandrecords.com\\\/produto\\\/the-baggios-vulcao\\\/#primaryimage\",\"url\":\"https:\\\/\\\/shopbrasil.vinyllandrecords.com\\\/wp-content\\\/uploads\\\/2020\\\/09\\\/thebaggiosvulcao.jpg\",\"contentUrl\":\"https:\\\/\\\/shopbrasil.vinyllandrecords.com\\\/wp-content\\\/uploads\\\/2020\\\/09\\\/thebaggiosvulcao.jpg\",\"width\":984,\"height\":984},{\"@type\":\"BreadcrumbList\",\"@id\":\"https:\\\/\\\/shopbrasil.vinyllandrecords.com\\\/produto\\\/the-baggios-vulcao\\\/#breadcrumb\",\"itemListElement\":[{\"@type\":\"ListItem\",\"position\":1,\"name\":\"In\u00edcio\",\"item\":\"https:\\\/\\\/shopbrasil.vinyllandrecords.com\\\/\"},{\"@type\":\"ListItem\",\"position\":2,\"name\":\"Shops\",\"item\":\"https:\\\/\\\/shopbrasil.vinyllandrecords.com\\\/shops\\\/\"},{\"@type\":\"ListItem\",\"position\":3,\"name\":\"The Baggios &#8211; Vulc\u00e3o\"}]},{\"@type\":\"WebSite\",\"@id\":\"https:\\\/\\\/shopbrasil.vinyllandrecords.com\\\/#website\",\"url\":\"https:\\\/\\\/shopbrasil.vinyllandrecords.com\\\/\",\"name\":\"Vinyl Land Records\",\"description\":\"ONLINE SHOP\",\"potentialAction\":[{\"@type\":\"SearchAction\",\"target\":{\"@type\":\"EntryPoint\",\"urlTemplate\":\"https:\\\/\\\/shopbrasil.vinyllandrecords.com\\\/?s={search_term_string}\"},\"query-input\":{\"@type\":\"PropertyValueSpecification\",\"valueRequired\":true,\"valueName\":\"search_term_string\"}}],\"inLanguage\":\"en-US\"}]}<\/script>\n<!-- \/ Yoast SEO plugin. -->","yoast_head_json":{"title":"The Baggios - Vulc\u00e3o - Vinyl Land Records","robots":{"index":"index","follow":"follow","max-snippet":"max-snippet:-1","max-image-preview":"max-image-preview:large","max-video-preview":"max-video-preview:-1"},"canonical":"https:\/\/shopbrasil.vinyllandrecords.com\/produto\/the-baggios-vulcao\/","og_locale":"en_US","og_type":"article","og_title":"The Baggios - Vulc\u00e3o - Vinyl Land Records","og_description":"\u201cVulc\u00e3o\u201d \u00e9 o quarto \u00e1lbum da banda sergipana The Baggios. Conhecido como um dos \u00e1lbuns de rock brasileiro na mais pura concep\u00e7\u00e3o da palavra, as m\u00fasicas levam um toque psicod\u00e9lico e levadas orientais.  No trabalho al\u00e9m de uma mudan\u00e7a na forma\u00e7\u00e3o do grupo, que com a efetiva\u00e7\u00e3o do baixista e tecladista Rafael Ramos se tornou um trio ao lado do vocalista e guitarrista J\u00falio Andrade e o baterista Gabriel Perninha, o The Baggios apresenta uma mistura de ritmos que v\u00e3o al\u00e9m do Rock e Blues encontramos tamb\u00e9m sons regionais nordestinos, marchinhas de carnaval, repente, MPB, hip hop e o que mais surgir na musicalidade inquieta do trio.  A banda apresentou uma profundidade em seu som, dada especialmente pelos arranjos e as orquestra\u00e7\u00f5es, que foram fundamentais em todo o trabalho.     M\u00daSICAS DO LP  Lado A:  1. Louva-a-Deus  2. Caldeir\u00e3o das Bruxas  3. Deserto - Parte Baianasystem  4. Espada de S\u00e3o Jorge  5. Em Si Menor     Lado B:  1. Vermelho-Rubi  2. Samsara  3. Fera  4. Bem-Te-Vi - Parte C\u00e9u  5. Vulc\u00e3o     DETALHES DO PRODUTO  Tipo de M\u00eddia: Disco de Vinil \/ LPs - Lps   Quantidade de Discos: 1 Disco  Capa: Simples  Artista: The Baggios  T\u00edtulo do LPs: Vulc\u00e3o  Origem: Nacional   G\u00eanero do LPs: Rock, Blues","og_url":"https:\/\/shopbrasil.vinyllandrecords.com\/produto\/the-baggios-vulcao\/","og_site_name":"Vinyl Land Records","article_modified_time":"2024-04-23T01:34:59+00:00","og_image":[{"width":984,"height":984,"url":"https:\/\/shopbrasil.vinyllandrecords.com\/wp-content\/uploads\/2020\/09\/thebaggiosvulcao.jpg","type":"image\/jpeg"}],"twitter_card":"summary_large_image","schema":{"@context":"https:\/\/schema.org","@graph":[{"@type":"WebPage","@id":"https:\/\/shopbrasil.vinyllandrecords.com\/produto\/the-baggios-vulcao\/","url":"https:\/\/shopbrasil.vinyllandrecords.com\/produto\/the-baggios-vulcao\/","name":"The Baggios - Vulc\u00e3o - Vinyl Land Records","isPartOf":{"@id":"https:\/\/shopbrasil.vinyllandrecords.com\/#website"},"primaryImageOfPage":{"@id":"https:\/\/shopbrasil.vinyllandrecords.com\/produto\/the-baggios-vulcao\/#primaryimage"},"image":{"@id":"https:\/\/shopbrasil.vinyllandrecords.com\/produto\/the-baggios-vulcao\/#primaryimage"},"thumbnailUrl":"https:\/\/shopbrasil.vinyllandrecords.com\/wp-content\/uploads\/2020\/09\/thebaggiosvulcao.jpg","datePublished":"2020-09-30T20:03:30+00:00","dateModified":"2024-04-23T01:34:59+00:00","breadcrumb":{"@id":"https:\/\/shopbrasil.vinyllandrecords.com\/produto\/the-baggios-vulcao\/#breadcrumb"},"inLanguage":"en-US","potentialAction":[{"@type":"ReadAction","target":["https:\/\/shopbrasil.vinyllandrecords.com\/produto\/the-baggios-vulcao\/"]}]},{"@type":"ImageObject","inLanguage":"en-US","@id":"https:\/\/shopbrasil.vinyllandrecords.com\/produto\/the-baggios-vulcao\/#primaryimage","url":"https:\/\/shopbrasil.vinyllandrecords.com\/wp-content\/uploads\/2020\/09\/thebaggiosvulcao.jpg","contentUrl":"https:\/\/shopbrasil.vinyllandrecords.com\/wp-content\/uploads\/2020\/09\/thebaggiosvulcao.jpg","width":984,"height":984},{"@type":"BreadcrumbList","@id":"https:\/\/shopbrasil.vinyllandrecords.com\/produto\/the-baggios-vulcao\/#breadcrumb","itemListElement":[{"@type":"ListItem","position":1,"name":"In\u00edcio","item":"https:\/\/shopbrasil.vinyllandrecords.com\/"},{"@type":"ListItem","position":2,"name":"Shops","item":"https:\/\/shopbrasil.vinyllandrecords.com\/shops\/"},{"@type":"ListItem","position":3,"name":"The Baggios &#8211; Vulc\u00e3o"}]},{"@type":"WebSite","@id":"https:\/\/shopbrasil.vinyllandrecords.com\/#website","url":"https:\/\/shopbrasil.vinyllandrecords.com\/","name":"Vinyl Land Records","description":"ONLINE SHOP","potentialAction":[{"@type":"SearchAction","target":{"@type":"EntryPoint","urlTemplate":"https:\/\/shopbrasil.vinyllandrecords.com\/?s={search_term_string}"},"query-input":{"@type":"PropertyValueSpecification","valueRequired":true,"valueName":"search_term_string"}}],"inLanguage":"en-US"}]}},"_links":{"self":[{"href":"https:\/\/shopbrasil.vinyllandrecords.com\/en\/wp-json\/wp\/v2\/product\/67707","targetHints":{"allow":["GET"]}}],"collection":[{"href":"https:\/\/shopbrasil.vinyllandrecords.com\/en\/wp-json\/wp\/v2\/product"}],"about":[{"href":"https:\/\/shopbrasil.vinyllandrecords.com\/en\/wp-json\/wp\/v2\/types\/product"}],"wp:featuredmedia":[{"embeddable":true,"href":"https:\/\/shopbrasil.vinyllandrecords.com\/en\/wp-json\/wp\/v2\/media\/67709"}],"wp:attachment":[{"href":"https:\/\/shopbrasil.vinyllandrecords.com\/en\/wp-json\/wp\/v2\/media?parent=67707"}],"wp:term":[{"taxonomy":"product_brand","embeddable":true,"href":"https:\/\/shopbrasil.vinyllandrecords.com\/en\/wp-json\/wp\/v2\/product_brand?post=67707"},{"taxonomy":"product_cat","embeddable":true,"href":"https:\/\/shopbrasil.vinyllandrecords.com\/en\/wp-json\/wp\/v2\/product_cat?post=67707"},{"taxonomy":"product_tag","embeddable":true,"href":"https:\/\/shopbrasil.vinyllandrecords.com\/en\/wp-json\/wp\/v2\/product_tag?post=67707"}],"curies":[{"name":"wp","href":"https:\/\/api.w.org\/{rel}","templated":true}]}}