{"id":67729,"date":"2020-10-06T19:03:26","date_gmt":"2020-10-06T19:03:26","guid":{"rendered":"https:\/\/shopbrasil.vinyllandrecords.com\/?post_type=product&#038;p=67729"},"modified":"2025-06-27T01:42:22","modified_gmt":"2025-06-27T04:42:22","slug":"alejandro-cares-ritmos-clasicos","status":"publish","type":"product","link":"https:\/\/shopbrasil.vinyllandrecords.com\/en\/produto\/alejandro-cares-ritmos-clasicos\/","title":{"rendered":"Alejandro Cares &#8211; Ritmos Clasicos"},"content":{"rendered":"","protected":false},"excerpt":{"rendered":"<p>&#8211; ARTISTA: Alejandro Cares<br \/>\n&#8211; TITULO: Ritmos Clasicos<br \/>\n&#8211; GENERO: Rock, Psych, Latin<br \/>\n&#8211; ESTILO: Rock Psicod\u00e9lico<br \/>\n&#8211; FORMATO: Compacto de Vinil, 7&#8243;, 33 \u2153 RPM, 1a. Edi\u00e7\u00e3o,  250 c\u00f3pias, Encarte com letras em espanhol.<br \/>\n&#8211; DATA: Gravado 2019 \/ Lan\u00e7amento 2020<\/p>\n<p>&#8220;ALEJANDRO CARES DEBUT&#8221;<\/p>\n<p>Alejandro Cares \u00e9 argentino e estr\u00e9ia seu primeiro disco em 2020 pela PSICO BR Discos e Posters, baseado no Brasil.<\/p>\n<p>Alejandro Cares gravou quase de inteiramente as faixas, tendo participa\u00e7\u00e3o de seu grupo de amigos para produzir o disco.<\/p>\n<p>Fabricio Bizu, fundador da PSICO BR descobriu Alejandro atrav\u00e9s do video clip EL RITMO SUAVE e imediatamente se deixou levar pelo frescor das sons vibrantes e coloridos, relembrando Syd Barret com Country Joe &#038; The Fish em uma performance do divertido e dan\u00e7ante Dee-Lite, sem falar que a capa deste \u00e9 um interessante desenho que lembra a irreverencia do tra\u00e7o de Robert Crumb. <\/p>\n<p>TRACKLIST <\/p>\n<p>SIDE A<br \/>\n1. EL RITMO SUAVE<br \/>\n2. TU EFECTO<\/p>\n<p>SIDE B<br \/>\n3. LA MISION CELESTE<br \/>\n4. EL LIBRO DE LA LUZ<\/p>\n<p><iframe width=\"560\" height=\"315\" src=\"https:\/\/www.youtube.com\/embed\/J_kcWmerlgY\" frameborder=\"0\" allow=\"accelerometer; autoplay; clipboard-write; encrypted-media; gyroscope; picture-in-picture\" allowfullscreen><\/iframe><\/p>\n","protected":false},"featured_media":67731,"template":"","meta":[],"product_brand":[],"product_cat":[107,111,137,93],"product_tag":[],"class_list":{"0":"post-67729","1":"product","2":"type-product","3":"status-publish","4":"has-post-thumbnail","6":"product_cat-garimpo","7":"product_cat-destaque","8":"product_cat-psicobr-discos-e-posters","9":"product_cat-93","11":"first","12":"instock","13":"taxable","14":"shipping-taxable","15":"purchasable","16":"product-type-simple"},"yoast_head":"<!-- This site is optimized with the Yoast SEO plugin v27.4 - https:\/\/yoast.com\/product\/yoast-seo-wordpress\/ -->\n<title>Alejandro Cares - Ritmos Clasicos - Vinyl Land Records<\/title>\n<meta name=\"robots\" content=\"index, follow, max-snippet:-1, max-image-preview:large, max-video-preview:-1\" \/>\n<link rel=\"canonical\" href=\"https:\/\/shopbrasil.vinyllandrecords.com\/produto\/alejandro-cares-ritmos-clasicos\/\" \/>\n<meta property=\"og:locale\" content=\"en_US\" \/>\n<meta property=\"og:type\" content=\"article\" \/>\n<meta property=\"og:title\" content=\"Alejandro Cares - Ritmos Clasicos - Vinyl Land Records\" \/>\n<meta property=\"og:description\" content=\"- ARTISTA: Alejandro Cares - TITULO: Ritmos Clasicos - GENERO: Rock, Psych, Latin - ESTILO: Rock Psicod\u00e9lico - FORMATO: Compacto de Vinil, 7&quot;, 33 \u2153 RPM, 1a. Edi\u00e7\u00e3o, 250 c\u00f3pias, Encarte com letras em espanhol.  - DATA: Gravado 2019 \/ Lan\u00e7amento 2020  &quot;ALEJANDRO CARES DEBUT&quot;  Alejandro Cares \u00e9 argentino e estr\u00e9ia seu primeiro disco em 2020 pela PSICO BR Discos e Posters, baseado no Brasil.  Alejandro Cares gravou quase de inteiramente as faixas, tendo participa\u00e7\u00e3o de seu grupo de amigos para produzir o disco.  Fabricio Bizu, fundador da PSICO BR descobriu Alejandro atrav\u00e9s do video clip EL RITMO SUAVE e imediatamente se deixou levar pelo frescor das sons vibrantes e coloridos, relembrando Syd Barret com Country Joe &amp; The Fish em uma performance do divertido e dan\u00e7ante Dee-Lite, sem falar que a capa deste \u00e9 um interessante desenho que lembra a irreverencia do tra\u00e7o de Robert Crumb.   TRACKLIST   SIDE A 1. EL RITMO SUAVE 2. TU EFECTO  SIDE B 3. LA MISION CELESTE 4. EL LIBRO DE LA LUZ\" \/>\n<meta property=\"og:url\" content=\"https:\/\/shopbrasil.vinyllandrecords.com\/produto\/alejandro-cares-ritmos-clasicos\/\" \/>\n<meta property=\"og:site_name\" content=\"Vinyl Land Records\" \/>\n<meta property=\"article:modified_time\" content=\"2025-06-27T04:42:22+00:00\" \/>\n<meta property=\"og:image\" content=\"https:\/\/shopbrasil.vinyllandrecords.com\/wp-content\/uploads\/2020\/10\/450xN-12.jpg\" \/>\n\t<meta property=\"og:image:width\" content=\"450\" \/>\n\t<meta property=\"og:image:height\" content=\"453\" \/>\n\t<meta property=\"og:image:type\" content=\"image\/jpeg\" \/>\n<meta name=\"twitter:card\" content=\"summary_large_image\" \/>\n<script type=\"application\/ld+json\" class=\"yoast-schema-graph\">{\"@context\":\"https:\\\/\\\/schema.org\",\"@graph\":[{\"@type\":\"WebPage\",\"@id\":\"https:\\\/\\\/shopbrasil.vinyllandrecords.com\\\/produto\\\/alejandro-cares-ritmos-clasicos\\\/\",\"url\":\"https:\\\/\\\/shopbrasil.vinyllandrecords.com\\\/produto\\\/alejandro-cares-ritmos-clasicos\\\/\",\"name\":\"Alejandro Cares - Ritmos Clasicos - Vinyl Land Records\",\"isPartOf\":{\"@id\":\"https:\\\/\\\/shopbrasil.vinyllandrecords.com\\\/#website\"},\"primaryImageOfPage\":{\"@id\":\"https:\\\/\\\/shopbrasil.vinyllandrecords.com\\\/produto\\\/alejandro-cares-ritmos-clasicos\\\/#primaryimage\"},\"image\":{\"@id\":\"https:\\\/\\\/shopbrasil.vinyllandrecords.com\\\/produto\\\/alejandro-cares-ritmos-clasicos\\\/#primaryimage\"},\"thumbnailUrl\":\"https:\\\/\\\/shopbrasil.vinyllandrecords.com\\\/wp-content\\\/uploads\\\/2020\\\/10\\\/450xN-12.jpg\",\"datePublished\":\"2020-10-06T19:03:26+00:00\",\"dateModified\":\"2025-06-27T04:42:22+00:00\",\"breadcrumb\":{\"@id\":\"https:\\\/\\\/shopbrasil.vinyllandrecords.com\\\/produto\\\/alejandro-cares-ritmos-clasicos\\\/#breadcrumb\"},\"inLanguage\":\"en-US\",\"potentialAction\":[{\"@type\":\"ReadAction\",\"target\":[\"https:\\\/\\\/shopbrasil.vinyllandrecords.com\\\/produto\\\/alejandro-cares-ritmos-clasicos\\\/\"]}]},{\"@type\":\"ImageObject\",\"inLanguage\":\"en-US\",\"@id\":\"https:\\\/\\\/shopbrasil.vinyllandrecords.com\\\/produto\\\/alejandro-cares-ritmos-clasicos\\\/#primaryimage\",\"url\":\"https:\\\/\\\/shopbrasil.vinyllandrecords.com\\\/wp-content\\\/uploads\\\/2020\\\/10\\\/450xN-12.jpg\",\"contentUrl\":\"https:\\\/\\\/shopbrasil.vinyllandrecords.com\\\/wp-content\\\/uploads\\\/2020\\\/10\\\/450xN-12.jpg\",\"width\":450,\"height\":453},{\"@type\":\"BreadcrumbList\",\"@id\":\"https:\\\/\\\/shopbrasil.vinyllandrecords.com\\\/produto\\\/alejandro-cares-ritmos-clasicos\\\/#breadcrumb\",\"itemListElement\":[{\"@type\":\"ListItem\",\"position\":1,\"name\":\"In\u00edcio\",\"item\":\"https:\\\/\\\/shopbrasil.vinyllandrecords.com\\\/\"},{\"@type\":\"ListItem\",\"position\":2,\"name\":\"Shops\",\"item\":\"https:\\\/\\\/shopbrasil.vinyllandrecords.com\\\/shops\\\/\"},{\"@type\":\"ListItem\",\"position\":3,\"name\":\"Alejandro Cares &#8211; Ritmos Clasicos\"}]},{\"@type\":\"WebSite\",\"@id\":\"https:\\\/\\\/shopbrasil.vinyllandrecords.com\\\/#website\",\"url\":\"https:\\\/\\\/shopbrasil.vinyllandrecords.com\\\/\",\"name\":\"Vinyl Land Records\",\"description\":\"ONLINE SHOP\",\"potentialAction\":[{\"@type\":\"SearchAction\",\"target\":{\"@type\":\"EntryPoint\",\"urlTemplate\":\"https:\\\/\\\/shopbrasil.vinyllandrecords.com\\\/?s={search_term_string}\"},\"query-input\":{\"@type\":\"PropertyValueSpecification\",\"valueRequired\":true,\"valueName\":\"search_term_string\"}}],\"inLanguage\":\"en-US\"}]}<\/script>\n<!-- \/ Yoast SEO plugin. -->","yoast_head_json":{"title":"Alejandro Cares - Ritmos Clasicos - Vinyl Land Records","robots":{"index":"index","follow":"follow","max-snippet":"max-snippet:-1","max-image-preview":"max-image-preview:large","max-video-preview":"max-video-preview:-1"},"canonical":"https:\/\/shopbrasil.vinyllandrecords.com\/produto\/alejandro-cares-ritmos-clasicos\/","og_locale":"en_US","og_type":"article","og_title":"Alejandro Cares - Ritmos Clasicos - Vinyl Land Records","og_description":"- ARTISTA: Alejandro Cares - TITULO: Ritmos Clasicos - GENERO: Rock, Psych, Latin - ESTILO: Rock Psicod\u00e9lico - FORMATO: Compacto de Vinil, 7\", 33 \u2153 RPM, 1a. Edi\u00e7\u00e3o, 250 c\u00f3pias, Encarte com letras em espanhol.  - DATA: Gravado 2019 \/ Lan\u00e7amento 2020  \"ALEJANDRO CARES DEBUT\"  Alejandro Cares \u00e9 argentino e estr\u00e9ia seu primeiro disco em 2020 pela PSICO BR Discos e Posters, baseado no Brasil.  Alejandro Cares gravou quase de inteiramente as faixas, tendo participa\u00e7\u00e3o de seu grupo de amigos para produzir o disco.  Fabricio Bizu, fundador da PSICO BR descobriu Alejandro atrav\u00e9s do video clip EL RITMO SUAVE e imediatamente se deixou levar pelo frescor das sons vibrantes e coloridos, relembrando Syd Barret com Country Joe & The Fish em uma performance do divertido e dan\u00e7ante Dee-Lite, sem falar que a capa deste \u00e9 um interessante desenho que lembra a irreverencia do tra\u00e7o de Robert Crumb.   TRACKLIST   SIDE A 1. EL RITMO SUAVE 2. TU EFECTO  SIDE B 3. LA MISION CELESTE 4. EL LIBRO DE LA LUZ","og_url":"https:\/\/shopbrasil.vinyllandrecords.com\/produto\/alejandro-cares-ritmos-clasicos\/","og_site_name":"Vinyl Land Records","article_modified_time":"2025-06-27T04:42:22+00:00","og_image":[{"width":450,"height":453,"url":"https:\/\/shopbrasil.vinyllandrecords.com\/wp-content\/uploads\/2020\/10\/450xN-12.jpg","type":"image\/jpeg"}],"twitter_card":"summary_large_image","schema":{"@context":"https:\/\/schema.org","@graph":[{"@type":"WebPage","@id":"https:\/\/shopbrasil.vinyllandrecords.com\/produto\/alejandro-cares-ritmos-clasicos\/","url":"https:\/\/shopbrasil.vinyllandrecords.com\/produto\/alejandro-cares-ritmos-clasicos\/","name":"Alejandro Cares - Ritmos Clasicos - Vinyl Land Records","isPartOf":{"@id":"https:\/\/shopbrasil.vinyllandrecords.com\/#website"},"primaryImageOfPage":{"@id":"https:\/\/shopbrasil.vinyllandrecords.com\/produto\/alejandro-cares-ritmos-clasicos\/#primaryimage"},"image":{"@id":"https:\/\/shopbrasil.vinyllandrecords.com\/produto\/alejandro-cares-ritmos-clasicos\/#primaryimage"},"thumbnailUrl":"https:\/\/shopbrasil.vinyllandrecords.com\/wp-content\/uploads\/2020\/10\/450xN-12.jpg","datePublished":"2020-10-06T19:03:26+00:00","dateModified":"2025-06-27T04:42:22+00:00","breadcrumb":{"@id":"https:\/\/shopbrasil.vinyllandrecords.com\/produto\/alejandro-cares-ritmos-clasicos\/#breadcrumb"},"inLanguage":"en-US","potentialAction":[{"@type":"ReadAction","target":["https:\/\/shopbrasil.vinyllandrecords.com\/produto\/alejandro-cares-ritmos-clasicos\/"]}]},{"@type":"ImageObject","inLanguage":"en-US","@id":"https:\/\/shopbrasil.vinyllandrecords.com\/produto\/alejandro-cares-ritmos-clasicos\/#primaryimage","url":"https:\/\/shopbrasil.vinyllandrecords.com\/wp-content\/uploads\/2020\/10\/450xN-12.jpg","contentUrl":"https:\/\/shopbrasil.vinyllandrecords.com\/wp-content\/uploads\/2020\/10\/450xN-12.jpg","width":450,"height":453},{"@type":"BreadcrumbList","@id":"https:\/\/shopbrasil.vinyllandrecords.com\/produto\/alejandro-cares-ritmos-clasicos\/#breadcrumb","itemListElement":[{"@type":"ListItem","position":1,"name":"In\u00edcio","item":"https:\/\/shopbrasil.vinyllandrecords.com\/"},{"@type":"ListItem","position":2,"name":"Shops","item":"https:\/\/shopbrasil.vinyllandrecords.com\/shops\/"},{"@type":"ListItem","position":3,"name":"Alejandro Cares &#8211; Ritmos Clasicos"}]},{"@type":"WebSite","@id":"https:\/\/shopbrasil.vinyllandrecords.com\/#website","url":"https:\/\/shopbrasil.vinyllandrecords.com\/","name":"Vinyl Land Records","description":"ONLINE SHOP","potentialAction":[{"@type":"SearchAction","target":{"@type":"EntryPoint","urlTemplate":"https:\/\/shopbrasil.vinyllandrecords.com\/?s={search_term_string}"},"query-input":{"@type":"PropertyValueSpecification","valueRequired":true,"valueName":"search_term_string"}}],"inLanguage":"en-US"}]}},"_links":{"self":[{"href":"https:\/\/shopbrasil.vinyllandrecords.com\/en\/wp-json\/wp\/v2\/product\/67729","targetHints":{"allow":["GET"]}}],"collection":[{"href":"https:\/\/shopbrasil.vinyllandrecords.com\/en\/wp-json\/wp\/v2\/product"}],"about":[{"href":"https:\/\/shopbrasil.vinyllandrecords.com\/en\/wp-json\/wp\/v2\/types\/product"}],"wp:featuredmedia":[{"embeddable":true,"href":"https:\/\/shopbrasil.vinyllandrecords.com\/en\/wp-json\/wp\/v2\/media\/67731"}],"wp:attachment":[{"href":"https:\/\/shopbrasil.vinyllandrecords.com\/en\/wp-json\/wp\/v2\/media?parent=67729"}],"wp:term":[{"taxonomy":"product_brand","embeddable":true,"href":"https:\/\/shopbrasil.vinyllandrecords.com\/en\/wp-json\/wp\/v2\/product_brand?post=67729"},{"taxonomy":"product_cat","embeddable":true,"href":"https:\/\/shopbrasil.vinyllandrecords.com\/en\/wp-json\/wp\/v2\/product_cat?post=67729"},{"taxonomy":"product_tag","embeddable":true,"href":"https:\/\/shopbrasil.vinyllandrecords.com\/en\/wp-json\/wp\/v2\/product_tag?post=67729"}],"curies":[{"name":"wp","href":"https:\/\/api.w.org\/{rel}","templated":true}]}}