{"id":67819,"date":"2020-11-15T16:47:39","date_gmt":"2020-11-15T16:47:39","guid":{"rendered":"https:\/\/shopbrasil.vinyllandrecords.com\/?post_type=product&#038;p=67819"},"modified":"2024-09-19T11:54:33","modified_gmt":"2024-09-19T14:54:33","slug":"baianasystem-cabeca-de-papel","status":"publish","type":"product","link":"https:\/\/shopbrasil.vinyllandrecords.com\/en\/produto\/baianasystem-cabeca-de-papel\/","title":{"rendered":"BAIANASYSTEM &#8211; Cabe\u00e7a de Papel"},"content":{"rendered":"","protected":false},"excerpt":{"rendered":"<p>***ATTENTION &#8211; THIS RECORD HAS AESTHETIC DEFECTS ON ITS SURFACE THAT DON&#8217;T AFFECT ITS SOUND QUALITY. CHECK THE PICTURES BEFORE BUYING***<\/p>\n<p>A VINYL LAND Records orgulhosamente apresenta a pr\u00e9 venda de seu novo lan\u00e7amento! <\/p>\n<p>Depois de 3 anos do sucesso do LP &#8220;Duas Cidades&#8221; lan\u00e7ado pelo selo, a banda BAIANASYSTEM retorna com um compacto mais que necess\u00e1rio nesses tempos dif\u00edceis e trevosos. <\/p>\n<p>Lan\u00e7ada como single j\u00e1 no apagar das luzes de 2019 depois do aclamado LP &#8220;O Futuro N\u00e3o Demora&#8221;, a faixa Cabe\u00e7a de Papel &#8220;segue na explora\u00e7\u00e3o do universo est\u00e9tico singular da banda, onde o ritmo forte da percuss\u00e3o brasileira se une \u00e0s colagens da cultura soundsystem (..) Al\u00e9m do t\u00edtulo, que cita \u00e0 cantiga popular \u201cMarcha Soldado\u201d (\u201cmarcha soldado, cabe\u00e7a de papel\u2026\u201d), do som de passos marchando na introdu\u00e7\u00e3o da m\u00fasica, e dos sopros que remetem \u00e0 sonoridade de bandinhas militares, os versos da letra n\u00e3o escondem a cr\u00edtica pol\u00edtica da banda. Na capa do single, est\u00e1 enunciada a ideia central da m\u00fasica: \u201cProtesto do Sorriso\u201d.&#8221; (NOIZE 2019) <\/p>\n<p>J\u00e1 no Lado B, a banda flipa a faixa com os beats do duo Tropkillaz em remix editado em single dois meses ap\u00f3s apresentar a composi\u00e7\u00e3o de Russo Passapusso e Seko Bass ao mundo. A marcante arte da capa foi feita por Filipe Catarxo, a do remix por Corexplosion e o clipe por @ventinflix<\/p>\n<p>Lan\u00e7amento limitado em 500 c\u00f3pias em vinil vermelho.<\/p>\n<p><iframe width=\"560\" height=\"315\" src=\"https:\/\/www.youtube.com\/embed\/OAV9gIGbRzA\" frameborder=\"0\" allow=\"accelerometer; autoplay; clipboard-write; encrypted-media; gyroscope; picture-in-picture\" allowfullscreen><\/iframe><\/p>\n<p><iframe width=\"560\" height=\"315\" src=\"https:\/\/www.youtube.com\/embed\/CRenrYinEwk\" frameborder=\"0\" allow=\"accelerometer; autoplay; clipboard-write; encrypted-media; gyroscope; picture-in-picture\" allowfullscreen><\/iframe><\/p>\n","protected":false},"featured_media":67824,"template":"","meta":[],"product_brand":[],"product_cat":[108,111,126,93],"product_tag":[],"class_list":{"0":"post-67819","1":"product","2":"type-product","3":"status-publish","4":"has-post-thumbnail","6":"product_cat-lancamentos","7":"product_cat-destaque","8":"product_cat-disco-colorido","9":"product_cat-93","11":"first","12":"outofstock","13":"taxable","14":"shipping-taxable","15":"purchasable","16":"product-type-simple"},"yoast_head":"<!-- This site is optimized with the Yoast SEO plugin v27.3 - https:\/\/yoast.com\/product\/yoast-seo-wordpress\/ -->\n<title>BAIANASYSTEM - Cabe\u00e7a de Papel - Vinyl Land Records<\/title>\n<meta name=\"robots\" content=\"index, follow, max-snippet:-1, max-image-preview:large, max-video-preview:-1\" \/>\n<link rel=\"canonical\" href=\"https:\/\/shopbrasil.vinyllandrecords.com\/produto\/baianasystem-cabeca-de-papel\/\" \/>\n<meta property=\"og:locale\" content=\"en_US\" \/>\n<meta property=\"og:type\" content=\"article\" \/>\n<meta property=\"og:title\" content=\"BAIANASYSTEM - Cabe\u00e7a de Papel - Vinyl Land Records\" \/>\n<meta property=\"og:description\" content=\"[:pb]***ATEN\u00c7\u00c3O - DISCO APRESENTA DEFEITOS EST\u00c9TICOS EM SUA SUPERF\u00cdCIE QUE N\u00c3O AFETAM SUA QUALIDADE SONORA - CONFIRA AS FOTOS ANTES DE FAZER A COMPRA***  A VINYL LAND Records orgulhosamente apresenta a pr\u00e9 venda de seu novo lan\u00e7amento!  Depois de 3 anos do sucesso do LP &quot;Duas Cidades&quot; lan\u00e7ado pelo selo, a banda BAIANASYSTEM retorna com um compacto mais que necess\u00e1rio nesses tempos dif\u00edceis e trevosos.  Lan\u00e7ada como single j\u00e1 no apagar das luzes de 2019 depois do aclamado LP &quot;O Futuro N\u00e3o Demora&quot;, a faixa Cabe\u00e7a de Papel &quot;segue na explora\u00e7\u00e3o do universo est\u00e9tico singular da banda, onde o ritmo forte da percuss\u00e3o brasileira se une \u00e0s colagens da cultura soundsystem (..) Al\u00e9m do t\u00edtulo, que cita \u00e0 cantiga popular \u201cMarcha Soldado\u201d (\u201cmarcha soldado, cabe\u00e7a de papel\u2026\u201d), do som de passos marchando na introdu\u00e7\u00e3o da m\u00fasica, e dos sopros que remetem \u00e0 sonoridade de bandinhas militares, os versos da letra n\u00e3o escondem a cr\u00edtica pol\u00edtica da banda. Na capa do single, est\u00e1 enunciada a ideia central da m\u00fasica: \u201cProtesto do Sorriso\u201d.&quot; (NOIZE 2019)  J\u00e1 no Lado B, a banda flipa a faixa com os beats do duo Tropkillaz em remix editado em single dois meses ap\u00f3s apresentar a composi\u00e7\u00e3o de Russo Passapusso e Seko Bass ao mundo. A marcante arte da capa foi feita por Filipe Catarxo, a do remix por Corexplosion e o clipe por @ventinflix  Lan\u00e7amento limitado em 500 c\u00f3pias em vinil vermelho.      Devido a um defeito em sua fase de fabrica\u00e7\u00e3o durante a Galvanoplastia da master, o disco apresenta pequenas marcas como se fossem rachaduras, uma esp\u00e9cie de craquelado, que no lado B s\u00e3o \u00ednfimas e no lado A aparecem um pouco mais. Dependendo do \u00e2ngulo de visualiza\u00e7\u00e3o do disco as marcas n\u00e3o s\u00e3o vis\u00edveis. O \u201cgroove\u201d do disco tamb\u00e9m est\u00e1 opaco, com algumas marcas mais lisas.  Tais defeitos est\u00e9ticos n\u00e3o afetam a qualidade sonora do disco e n\u00e3o puderam ser consertados no momento da fabrica\u00e7\u00e3o. Agradecemos a compreens\u00e3o de todos e todas nesse dif\u00edcil ano de 2020.[:en]***ATTENTION - THIS RECORD HAS AESTHETIC DEFECTS ON ITS SURFACE THAT DON&#039;T AFFECT ITS SOUND QUALITY. CHECK THE PICTURES BEFORE BUYING***  A VINYL LAND Records orgulhosamente apresenta a pr\u00e9 venda de seu novo lan\u00e7amento!   Depois de 3 anos do sucesso do LP &quot;Duas Cidades&quot; lan\u00e7ado pelo selo, a banda BAIANASYSTEM retorna com um compacto mais que necess\u00e1rio nesses tempos dif\u00edceis e trevosos.   Lan\u00e7ada como single j\u00e1 no apagar das luzes de 2019 depois do aclamado LP &quot;O Futuro N\u00e3o Demora&quot;, a faixa Cabe\u00e7a de Papel &quot;segue na explora\u00e7\u00e3o do universo est\u00e9tico singular da banda, onde o ritmo forte da percuss\u00e3o brasileira se une \u00e0s colagens da cultura soundsystem (..) Al\u00e9m do t\u00edtulo, que cita \u00e0 cantiga popular \u201cMarcha Soldado\u201d (\u201cmarcha soldado, cabe\u00e7a de papel\u2026\u201d), do som de passos marchando na introdu\u00e7\u00e3o da m\u00fasica, e dos sopros que remetem \u00e0 sonoridade de bandinhas militares, os versos da letra n\u00e3o escondem a cr\u00edtica pol\u00edtica da banda. Na capa do single, est\u00e1 enunciada a ideia central da m\u00fasica: \u201cProtesto do Sorriso\u201d.&quot; (NOIZE 2019)   J\u00e1 no Lado B, a banda flipa a faixa com os beats do duo Tropkillaz em remix editado em single dois meses ap\u00f3s apresentar a composi\u00e7\u00e3o de Russo Passapusso e Seko Bass ao mundo. A marcante arte da capa foi feita por Filipe Catarxo, a do remix por Corexplosion e o clipe por @ventinflix  Lan\u00e7amento limitado em 500 c\u00f3pias em vinil vermelho.    [:]\" \/>\n<meta property=\"og:url\" content=\"https:\/\/shopbrasil.vinyllandrecords.com\/produto\/baianasystem-cabeca-de-papel\/\" \/>\n<meta property=\"og:site_name\" content=\"Vinyl Land Records\" \/>\n<meta property=\"article:modified_time\" content=\"2024-09-19T14:54:33+00:00\" \/>\n<meta property=\"og:image\" content=\"https:\/\/shopbrasil.vinyllandrecords.com\/wp-content\/uploads\/2020\/11\/compacto_baianasystem3.png\" \/>\n\t<meta property=\"og:image:width\" content=\"1080\" \/>\n\t<meta property=\"og:image:height\" content=\"1046\" \/>\n\t<meta property=\"og:image:type\" content=\"image\/png\" \/>\n<meta name=\"twitter:card\" content=\"summary_large_image\" \/>\n<meta name=\"twitter:label1\" content=\"Est. reading time\" \/>\n\t<meta name=\"twitter:data1\" content=\"1 minute\" \/>\n<script type=\"application\/ld+json\" class=\"yoast-schema-graph\">{\"@context\":\"https:\\\/\\\/schema.org\",\"@graph\":[{\"@type\":\"WebPage\",\"@id\":\"https:\\\/\\\/shopbrasil.vinyllandrecords.com\\\/produto\\\/baianasystem-cabeca-de-papel\\\/\",\"url\":\"https:\\\/\\\/shopbrasil.vinyllandrecords.com\\\/produto\\\/baianasystem-cabeca-de-papel\\\/\",\"name\":\"BAIANASYSTEM - Cabe\u00e7a de Papel - Vinyl Land Records\",\"isPartOf\":{\"@id\":\"https:\\\/\\\/shopbrasil.vinyllandrecords.com\\\/#website\"},\"primaryImageOfPage\":{\"@id\":\"https:\\\/\\\/shopbrasil.vinyllandrecords.com\\\/produto\\\/baianasystem-cabeca-de-papel\\\/#primaryimage\"},\"image\":{\"@id\":\"https:\\\/\\\/shopbrasil.vinyllandrecords.com\\\/produto\\\/baianasystem-cabeca-de-papel\\\/#primaryimage\"},\"thumbnailUrl\":\"https:\\\/\\\/shopbrasil.vinyllandrecords.com\\\/wp-content\\\/uploads\\\/2020\\\/11\\\/compacto_baianasystem3.png\",\"datePublished\":\"2020-11-15T16:47:39+00:00\",\"dateModified\":\"2024-09-19T14:54:33+00:00\",\"breadcrumb\":{\"@id\":\"https:\\\/\\\/shopbrasil.vinyllandrecords.com\\\/produto\\\/baianasystem-cabeca-de-papel\\\/#breadcrumb\"},\"inLanguage\":\"en-US\",\"potentialAction\":[{\"@type\":\"ReadAction\",\"target\":[\"https:\\\/\\\/shopbrasil.vinyllandrecords.com\\\/produto\\\/baianasystem-cabeca-de-papel\\\/\"]}]},{\"@type\":\"ImageObject\",\"inLanguage\":\"en-US\",\"@id\":\"https:\\\/\\\/shopbrasil.vinyllandrecords.com\\\/produto\\\/baianasystem-cabeca-de-papel\\\/#primaryimage\",\"url\":\"https:\\\/\\\/shopbrasil.vinyllandrecords.com\\\/wp-content\\\/uploads\\\/2020\\\/11\\\/compacto_baianasystem3.png\",\"contentUrl\":\"https:\\\/\\\/shopbrasil.vinyllandrecords.com\\\/wp-content\\\/uploads\\\/2020\\\/11\\\/compacto_baianasystem3.png\",\"width\":1080,\"height\":1046},{\"@type\":\"BreadcrumbList\",\"@id\":\"https:\\\/\\\/shopbrasil.vinyllandrecords.com\\\/produto\\\/baianasystem-cabeca-de-papel\\\/#breadcrumb\",\"itemListElement\":[{\"@type\":\"ListItem\",\"position\":1,\"name\":\"In\u00edcio\",\"item\":\"https:\\\/\\\/shopbrasil.vinyllandrecords.com\\\/\"},{\"@type\":\"ListItem\",\"position\":2,\"name\":\"Shops\",\"item\":\"https:\\\/\\\/shopbrasil.vinyllandrecords.com\\\/shops\\\/\"},{\"@type\":\"ListItem\",\"position\":3,\"name\":\"BAIANASYSTEM &#8211; Cabe\u00e7a de Papel\"}]},{\"@type\":\"WebSite\",\"@id\":\"https:\\\/\\\/shopbrasil.vinyllandrecords.com\\\/#website\",\"url\":\"https:\\\/\\\/shopbrasil.vinyllandrecords.com\\\/\",\"name\":\"Vinyl Land Records\",\"description\":\"ONLINE SHOP\",\"potentialAction\":[{\"@type\":\"SearchAction\",\"target\":{\"@type\":\"EntryPoint\",\"urlTemplate\":\"https:\\\/\\\/shopbrasil.vinyllandrecords.com\\\/?s={search_term_string}\"},\"query-input\":{\"@type\":\"PropertyValueSpecification\",\"valueRequired\":true,\"valueName\":\"search_term_string\"}}],\"inLanguage\":\"en-US\"}]}<\/script>\n<!-- \/ Yoast SEO plugin. -->","yoast_head_json":{"title":"BAIANASYSTEM - Cabe\u00e7a de Papel - Vinyl Land Records","robots":{"index":"index","follow":"follow","max-snippet":"max-snippet:-1","max-image-preview":"max-image-preview:large","max-video-preview":"max-video-preview:-1"},"canonical":"https:\/\/shopbrasil.vinyllandrecords.com\/produto\/baianasystem-cabeca-de-papel\/","og_locale":"en_US","og_type":"article","og_title":"BAIANASYSTEM - Cabe\u00e7a de Papel - Vinyl Land Records","og_description":"[:pb]***ATEN\u00c7\u00c3O - DISCO APRESENTA DEFEITOS EST\u00c9TICOS EM SUA SUPERF\u00cdCIE QUE N\u00c3O AFETAM SUA QUALIDADE SONORA - CONFIRA AS FOTOS ANTES DE FAZER A COMPRA***  A VINYL LAND Records orgulhosamente apresenta a pr\u00e9 venda de seu novo lan\u00e7amento!  Depois de 3 anos do sucesso do LP \"Duas Cidades\" lan\u00e7ado pelo selo, a banda BAIANASYSTEM retorna com um compacto mais que necess\u00e1rio nesses tempos dif\u00edceis e trevosos.  Lan\u00e7ada como single j\u00e1 no apagar das luzes de 2019 depois do aclamado LP \"O Futuro N\u00e3o Demora\", a faixa Cabe\u00e7a de Papel \"segue na explora\u00e7\u00e3o do universo est\u00e9tico singular da banda, onde o ritmo forte da percuss\u00e3o brasileira se une \u00e0s colagens da cultura soundsystem (..) Al\u00e9m do t\u00edtulo, que cita \u00e0 cantiga popular \u201cMarcha Soldado\u201d (\u201cmarcha soldado, cabe\u00e7a de papel\u2026\u201d), do som de passos marchando na introdu\u00e7\u00e3o da m\u00fasica, e dos sopros que remetem \u00e0 sonoridade de bandinhas militares, os versos da letra n\u00e3o escondem a cr\u00edtica pol\u00edtica da banda. Na capa do single, est\u00e1 enunciada a ideia central da m\u00fasica: \u201cProtesto do Sorriso\u201d.\" (NOIZE 2019)  J\u00e1 no Lado B, a banda flipa a faixa com os beats do duo Tropkillaz em remix editado em single dois meses ap\u00f3s apresentar a composi\u00e7\u00e3o de Russo Passapusso e Seko Bass ao mundo. A marcante arte da capa foi feita por Filipe Catarxo, a do remix por Corexplosion e o clipe por @ventinflix  Lan\u00e7amento limitado em 500 c\u00f3pias em vinil vermelho.      Devido a um defeito em sua fase de fabrica\u00e7\u00e3o durante a Galvanoplastia da master, o disco apresenta pequenas marcas como se fossem rachaduras, uma esp\u00e9cie de craquelado, que no lado B s\u00e3o \u00ednfimas e no lado A aparecem um pouco mais. Dependendo do \u00e2ngulo de visualiza\u00e7\u00e3o do disco as marcas n\u00e3o s\u00e3o vis\u00edveis. O \u201cgroove\u201d do disco tamb\u00e9m est\u00e1 opaco, com algumas marcas mais lisas.  Tais defeitos est\u00e9ticos n\u00e3o afetam a qualidade sonora do disco e n\u00e3o puderam ser consertados no momento da fabrica\u00e7\u00e3o. Agradecemos a compreens\u00e3o de todos e todas nesse dif\u00edcil ano de 2020.[:en]***ATTENTION - THIS RECORD HAS AESTHETIC DEFECTS ON ITS SURFACE THAT DON'T AFFECT ITS SOUND QUALITY. CHECK THE PICTURES BEFORE BUYING***  A VINYL LAND Records orgulhosamente apresenta a pr\u00e9 venda de seu novo lan\u00e7amento!   Depois de 3 anos do sucesso do LP \"Duas Cidades\" lan\u00e7ado pelo selo, a banda BAIANASYSTEM retorna com um compacto mais que necess\u00e1rio nesses tempos dif\u00edceis e trevosos.   Lan\u00e7ada como single j\u00e1 no apagar das luzes de 2019 depois do aclamado LP \"O Futuro N\u00e3o Demora\", a faixa Cabe\u00e7a de Papel \"segue na explora\u00e7\u00e3o do universo est\u00e9tico singular da banda, onde o ritmo forte da percuss\u00e3o brasileira se une \u00e0s colagens da cultura soundsystem (..) Al\u00e9m do t\u00edtulo, que cita \u00e0 cantiga popular \u201cMarcha Soldado\u201d (\u201cmarcha soldado, cabe\u00e7a de papel\u2026\u201d), do som de passos marchando na introdu\u00e7\u00e3o da m\u00fasica, e dos sopros que remetem \u00e0 sonoridade de bandinhas militares, os versos da letra n\u00e3o escondem a cr\u00edtica pol\u00edtica da banda. Na capa do single, est\u00e1 enunciada a ideia central da m\u00fasica: \u201cProtesto do Sorriso\u201d.\" (NOIZE 2019)   J\u00e1 no Lado B, a banda flipa a faixa com os beats do duo Tropkillaz em remix editado em single dois meses ap\u00f3s apresentar a composi\u00e7\u00e3o de Russo Passapusso e Seko Bass ao mundo. A marcante arte da capa foi feita por Filipe Catarxo, a do remix por Corexplosion e o clipe por @ventinflix  Lan\u00e7amento limitado em 500 c\u00f3pias em vinil vermelho.    [:]","og_url":"https:\/\/shopbrasil.vinyllandrecords.com\/produto\/baianasystem-cabeca-de-papel\/","og_site_name":"Vinyl Land Records","article_modified_time":"2024-09-19T14:54:33+00:00","og_image":[{"width":1080,"height":1046,"url":"https:\/\/shopbrasil.vinyllandrecords.com\/wp-content\/uploads\/2020\/11\/compacto_baianasystem3.png","type":"image\/png"}],"twitter_card":"summary_large_image","twitter_misc":{"Est. reading time":"1 minute"},"schema":{"@context":"https:\/\/schema.org","@graph":[{"@type":"WebPage","@id":"https:\/\/shopbrasil.vinyllandrecords.com\/produto\/baianasystem-cabeca-de-papel\/","url":"https:\/\/shopbrasil.vinyllandrecords.com\/produto\/baianasystem-cabeca-de-papel\/","name":"BAIANASYSTEM - Cabe\u00e7a de Papel - Vinyl Land Records","isPartOf":{"@id":"https:\/\/shopbrasil.vinyllandrecords.com\/#website"},"primaryImageOfPage":{"@id":"https:\/\/shopbrasil.vinyllandrecords.com\/produto\/baianasystem-cabeca-de-papel\/#primaryimage"},"image":{"@id":"https:\/\/shopbrasil.vinyllandrecords.com\/produto\/baianasystem-cabeca-de-papel\/#primaryimage"},"thumbnailUrl":"https:\/\/shopbrasil.vinyllandrecords.com\/wp-content\/uploads\/2020\/11\/compacto_baianasystem3.png","datePublished":"2020-11-15T16:47:39+00:00","dateModified":"2024-09-19T14:54:33+00:00","breadcrumb":{"@id":"https:\/\/shopbrasil.vinyllandrecords.com\/produto\/baianasystem-cabeca-de-papel\/#breadcrumb"},"inLanguage":"en-US","potentialAction":[{"@type":"ReadAction","target":["https:\/\/shopbrasil.vinyllandrecords.com\/produto\/baianasystem-cabeca-de-papel\/"]}]},{"@type":"ImageObject","inLanguage":"en-US","@id":"https:\/\/shopbrasil.vinyllandrecords.com\/produto\/baianasystem-cabeca-de-papel\/#primaryimage","url":"https:\/\/shopbrasil.vinyllandrecords.com\/wp-content\/uploads\/2020\/11\/compacto_baianasystem3.png","contentUrl":"https:\/\/shopbrasil.vinyllandrecords.com\/wp-content\/uploads\/2020\/11\/compacto_baianasystem3.png","width":1080,"height":1046},{"@type":"BreadcrumbList","@id":"https:\/\/shopbrasil.vinyllandrecords.com\/produto\/baianasystem-cabeca-de-papel\/#breadcrumb","itemListElement":[{"@type":"ListItem","position":1,"name":"In\u00edcio","item":"https:\/\/shopbrasil.vinyllandrecords.com\/"},{"@type":"ListItem","position":2,"name":"Shops","item":"https:\/\/shopbrasil.vinyllandrecords.com\/shops\/"},{"@type":"ListItem","position":3,"name":"BAIANASYSTEM &#8211; Cabe\u00e7a de Papel"}]},{"@type":"WebSite","@id":"https:\/\/shopbrasil.vinyllandrecords.com\/#website","url":"https:\/\/shopbrasil.vinyllandrecords.com\/","name":"Vinyl Land Records","description":"ONLINE SHOP","potentialAction":[{"@type":"SearchAction","target":{"@type":"EntryPoint","urlTemplate":"https:\/\/shopbrasil.vinyllandrecords.com\/?s={search_term_string}"},"query-input":{"@type":"PropertyValueSpecification","valueRequired":true,"valueName":"search_term_string"}}],"inLanguage":"en-US"}]}},"_links":{"self":[{"href":"https:\/\/shopbrasil.vinyllandrecords.com\/en\/wp-json\/wp\/v2\/product\/67819","targetHints":{"allow":["GET"]}}],"collection":[{"href":"https:\/\/shopbrasil.vinyllandrecords.com\/en\/wp-json\/wp\/v2\/product"}],"about":[{"href":"https:\/\/shopbrasil.vinyllandrecords.com\/en\/wp-json\/wp\/v2\/types\/product"}],"wp:featuredmedia":[{"embeddable":true,"href":"https:\/\/shopbrasil.vinyllandrecords.com\/en\/wp-json\/wp\/v2\/media\/67824"}],"wp:attachment":[{"href":"https:\/\/shopbrasil.vinyllandrecords.com\/en\/wp-json\/wp\/v2\/media?parent=67819"}],"wp:term":[{"taxonomy":"product_brand","embeddable":true,"href":"https:\/\/shopbrasil.vinyllandrecords.com\/en\/wp-json\/wp\/v2\/product_brand?post=67819"},{"taxonomy":"product_cat","embeddable":true,"href":"https:\/\/shopbrasil.vinyllandrecords.com\/en\/wp-json\/wp\/v2\/product_cat?post=67819"},{"taxonomy":"product_tag","embeddable":true,"href":"https:\/\/shopbrasil.vinyllandrecords.com\/en\/wp-json\/wp\/v2\/product_tag?post=67819"}],"curies":[{"name":"wp","href":"https:\/\/api.w.org\/{rel}","templated":true}]}}