{"id":68043,"date":"2021-03-04T17:31:09","date_gmt":"2021-03-04T20:31:09","guid":{"rendered":"https:\/\/shopbrasil.vinyllandrecords.com\/?post_type=product&#038;p=68043"},"modified":"2022-06-29T13:30:32","modified_gmt":"2022-06-29T16:30:32","slug":"marcelo-callado-musical-porem","status":"publish","type":"product","link":"https:\/\/shopbrasil.vinyllandrecords.com\/en\/produto\/marcelo-callado-musical-porem\/","title":{"rendered":"MARCELO CALLADO &#8211; MUSICAL POR\u00c9M"},"content":{"rendered":"","protected":false},"excerpt":{"rendered":"<p><iframe width=\"560\" height=\"315\" src=\"https:\/\/www.youtube.com\/embed\/gRI1JEYxvhw\" frameborder=\"0\" allow=\"accelerometer; autoplay; clipboard-write; encrypted-media; gyroscope; picture-in-picture\" allowfullscreen><\/iframe><\/p>\n<p>Segundo LP de Marcelo Callado: Rock e Samba e Garage e Concretismo! <\/p>\n<p>Gravadora &#8211; Rock It!  Ano &#8211; 2017 <\/p>\n<p>Track List A1 Nascer A2 Musical Por\u00e9m A3 Boa Noite Cinderella A4 Ser E N\u00e3o Ser A5 Super Supero B1 Do Tempo Do On\u00e7a B2 Passe De M\u00e1gica B3 Brincar \u00c9 Preciso B4 Sentidos B5 O Homem Nada C1 Calma Corista C2 Uma Corda Preta E Branca C3 Londres\/Amsterd\u00e3 C4 Night Paradise C5 Olhando Para Baixo D1 Fica D2 N\u00e3o Baby D3 Partic\u00edpio Passado D4 \u00c0 Toa D5 Adeusdeusa<\/p>\n","protected":false},"featured_media":68044,"template":"","meta":[],"product_brand":[],"product_cat":[107,111,124,125,97],"product_tag":[],"class_list":{"0":"post-68043","1":"product","2":"type-product","3":"status-publish","4":"has-post-thumbnail","6":"product_cat-garimpo","7":"product_cat-destaque","8":"product_cat-2xlp","9":"product_cat-gatefold-sleeve","10":"product_cat-lp","12":"first","13":"instock","14":"taxable","15":"shipping-taxable","16":"purchasable","17":"product-type-simple"},"yoast_head":"<!-- This site is optimized with the Yoast SEO plugin v27.4 - https:\/\/yoast.com\/product\/yoast-seo-wordpress\/ -->\n<title>MARCELO CALLADO - MUSICAL POR\u00c9M - Vinyl Land Records<\/title>\n<meta name=\"robots\" content=\"index, follow, max-snippet:-1, max-image-preview:large, max-video-preview:-1\" \/>\n<link rel=\"canonical\" href=\"https:\/\/shopbrasil.vinyllandrecords.com\/produto\/marcelo-callado-musical-porem\/\" \/>\n<meta property=\"og:locale\" content=\"en_US\" \/>\n<meta property=\"og:type\" content=\"article\" \/>\n<meta property=\"og:title\" content=\"MARCELO CALLADO - MUSICAL POR\u00c9M - Vinyl Land Records\" \/>\n<meta property=\"og:description\" content=\"[:pb]  Segundo LP de Marcelo Callado: Rock e Samba e Garage e Concretismo!   Gravadora - Rock It! Ano - 2017   Track List A1 Nascer A2 Musical Por\u00e9m A3 Boa Noite Cinderella A4 Ser E N\u00e3o Ser A5 Super Supero B1 Do Tempo Do On\u00e7a B2 Passe De M\u00e1gica B3 Brincar \u00c9 Preciso B4 Sentidos B5 O Homem Nada C1 Calma Corista C2 Uma Corda Preta E Branca C3 Londres\/Amsterd\u00e3 C4 Night Paradise C5 Olhando Para Baixo D1 Fica D2 N\u00e3o Baby D3 Partic\u00edpio Passado D4 \u00c0 Toa D5 Adeusdeusa    [:en]  Segundo LP de Marcelo Callado: Rock e Samba e Garage e Concretismo!   Gravadora - Rock It! Ano - 2017   Track List A1 Nascer A2 Musical Por\u00e9m A3 Boa Noite Cinderella A4 Ser E N\u00e3o Ser A5 Super Supero B1 Do Tempo Do On\u00e7a B2 Passe De M\u00e1gica B3 Brincar \u00c9 Preciso B4 Sentidos B5 O Homem Nada C1 Calma Corista C2 Uma Corda Preta E Branca C3 Londres\/Amsterd\u00e3 C4 Night Paradise C5 Olhando Para Baixo D1 Fica D2 N\u00e3o Baby D3 Partic\u00edpio Passado D4 \u00c0 Toa D5 Adeusdeusa   [:]\" \/>\n<meta property=\"og:url\" content=\"https:\/\/shopbrasil.vinyllandrecords.com\/produto\/marcelo-callado-musical-porem\/\" \/>\n<meta property=\"og:site_name\" content=\"Vinyl Land Records\" \/>\n<meta property=\"article:modified_time\" content=\"2022-06-29T16:30:32+00:00\" \/>\n<meta property=\"og:image\" content=\"https:\/\/shopbrasil.vinyllandrecords.com\/wp-content\/uploads\/2021\/03\/marcelo.jpg\" \/>\n\t<meta property=\"og:image:width\" content=\"800\" \/>\n\t<meta property=\"og:image:height\" content=\"800\" \/>\n\t<meta property=\"og:image:type\" content=\"image\/jpeg\" \/>\n<meta name=\"twitter:card\" content=\"summary_large_image\" \/>\n<script type=\"application\/ld+json\" class=\"yoast-schema-graph\">{\"@context\":\"https:\\\/\\\/schema.org\",\"@graph\":[{\"@type\":\"WebPage\",\"@id\":\"https:\\\/\\\/shopbrasil.vinyllandrecords.com\\\/produto\\\/marcelo-callado-musical-porem\\\/\",\"url\":\"https:\\\/\\\/shopbrasil.vinyllandrecords.com\\\/produto\\\/marcelo-callado-musical-porem\\\/\",\"name\":\"MARCELO CALLADO - MUSICAL POR\u00c9M - Vinyl Land Records\",\"isPartOf\":{\"@id\":\"https:\\\/\\\/shopbrasil.vinyllandrecords.com\\\/#website\"},\"primaryImageOfPage\":{\"@id\":\"https:\\\/\\\/shopbrasil.vinyllandrecords.com\\\/produto\\\/marcelo-callado-musical-porem\\\/#primaryimage\"},\"image\":{\"@id\":\"https:\\\/\\\/shopbrasil.vinyllandrecords.com\\\/produto\\\/marcelo-callado-musical-porem\\\/#primaryimage\"},\"thumbnailUrl\":\"https:\\\/\\\/shopbrasil.vinyllandrecords.com\\\/wp-content\\\/uploads\\\/2021\\\/03\\\/marcelo.jpg\",\"datePublished\":\"2021-03-04T20:31:09+00:00\",\"dateModified\":\"2022-06-29T16:30:32+00:00\",\"breadcrumb\":{\"@id\":\"https:\\\/\\\/shopbrasil.vinyllandrecords.com\\\/produto\\\/marcelo-callado-musical-porem\\\/#breadcrumb\"},\"inLanguage\":\"en-US\",\"potentialAction\":[{\"@type\":\"ReadAction\",\"target\":[\"https:\\\/\\\/shopbrasil.vinyllandrecords.com\\\/produto\\\/marcelo-callado-musical-porem\\\/\"]}]},{\"@type\":\"ImageObject\",\"inLanguage\":\"en-US\",\"@id\":\"https:\\\/\\\/shopbrasil.vinyllandrecords.com\\\/produto\\\/marcelo-callado-musical-porem\\\/#primaryimage\",\"url\":\"https:\\\/\\\/shopbrasil.vinyllandrecords.com\\\/wp-content\\\/uploads\\\/2021\\\/03\\\/marcelo.jpg\",\"contentUrl\":\"https:\\\/\\\/shopbrasil.vinyllandrecords.com\\\/wp-content\\\/uploads\\\/2021\\\/03\\\/marcelo.jpg\",\"width\":800,\"height\":800},{\"@type\":\"BreadcrumbList\",\"@id\":\"https:\\\/\\\/shopbrasil.vinyllandrecords.com\\\/produto\\\/marcelo-callado-musical-porem\\\/#breadcrumb\",\"itemListElement\":[{\"@type\":\"ListItem\",\"position\":1,\"name\":\"In\u00edcio\",\"item\":\"https:\\\/\\\/shopbrasil.vinyllandrecords.com\\\/\"},{\"@type\":\"ListItem\",\"position\":2,\"name\":\"Shops\",\"item\":\"https:\\\/\\\/shopbrasil.vinyllandrecords.com\\\/shops\\\/\"},{\"@type\":\"ListItem\",\"position\":3,\"name\":\"MARCELO CALLADO &#8211; MUSICAL POR\u00c9M\"}]},{\"@type\":\"WebSite\",\"@id\":\"https:\\\/\\\/shopbrasil.vinyllandrecords.com\\\/#website\",\"url\":\"https:\\\/\\\/shopbrasil.vinyllandrecords.com\\\/\",\"name\":\"Vinyl Land Records\",\"description\":\"ONLINE SHOP\",\"potentialAction\":[{\"@type\":\"SearchAction\",\"target\":{\"@type\":\"EntryPoint\",\"urlTemplate\":\"https:\\\/\\\/shopbrasil.vinyllandrecords.com\\\/?s={search_term_string}\"},\"query-input\":{\"@type\":\"PropertyValueSpecification\",\"valueRequired\":true,\"valueName\":\"search_term_string\"}}],\"inLanguage\":\"en-US\"}]}<\/script>\n<!-- \/ Yoast SEO plugin. -->","yoast_head_json":{"title":"MARCELO CALLADO - MUSICAL POR\u00c9M - Vinyl Land Records","robots":{"index":"index","follow":"follow","max-snippet":"max-snippet:-1","max-image-preview":"max-image-preview:large","max-video-preview":"max-video-preview:-1"},"canonical":"https:\/\/shopbrasil.vinyllandrecords.com\/produto\/marcelo-callado-musical-porem\/","og_locale":"en_US","og_type":"article","og_title":"MARCELO CALLADO - MUSICAL POR\u00c9M - Vinyl Land Records","og_description":"[:pb]  Segundo LP de Marcelo Callado: Rock e Samba e Garage e Concretismo!   Gravadora - Rock It! Ano - 2017   Track List A1 Nascer A2 Musical Por\u00e9m A3 Boa Noite Cinderella A4 Ser E N\u00e3o Ser A5 Super Supero B1 Do Tempo Do On\u00e7a B2 Passe De M\u00e1gica B3 Brincar \u00c9 Preciso B4 Sentidos B5 O Homem Nada C1 Calma Corista C2 Uma Corda Preta E Branca C3 Londres\/Amsterd\u00e3 C4 Night Paradise C5 Olhando Para Baixo D1 Fica D2 N\u00e3o Baby D3 Partic\u00edpio Passado D4 \u00c0 Toa D5 Adeusdeusa    [:en]  Segundo LP de Marcelo Callado: Rock e Samba e Garage e Concretismo!   Gravadora - Rock It! Ano - 2017   Track List A1 Nascer A2 Musical Por\u00e9m A3 Boa Noite Cinderella A4 Ser E N\u00e3o Ser A5 Super Supero B1 Do Tempo Do On\u00e7a B2 Passe De M\u00e1gica B3 Brincar \u00c9 Preciso B4 Sentidos B5 O Homem Nada C1 Calma Corista C2 Uma Corda Preta E Branca C3 Londres\/Amsterd\u00e3 C4 Night Paradise C5 Olhando Para Baixo D1 Fica D2 N\u00e3o Baby D3 Partic\u00edpio Passado D4 \u00c0 Toa D5 Adeusdeusa   [:]","og_url":"https:\/\/shopbrasil.vinyllandrecords.com\/produto\/marcelo-callado-musical-porem\/","og_site_name":"Vinyl Land Records","article_modified_time":"2022-06-29T16:30:32+00:00","og_image":[{"width":800,"height":800,"url":"https:\/\/shopbrasil.vinyllandrecords.com\/wp-content\/uploads\/2021\/03\/marcelo.jpg","type":"image\/jpeg"}],"twitter_card":"summary_large_image","schema":{"@context":"https:\/\/schema.org","@graph":[{"@type":"WebPage","@id":"https:\/\/shopbrasil.vinyllandrecords.com\/produto\/marcelo-callado-musical-porem\/","url":"https:\/\/shopbrasil.vinyllandrecords.com\/produto\/marcelo-callado-musical-porem\/","name":"MARCELO CALLADO - MUSICAL POR\u00c9M - Vinyl Land Records","isPartOf":{"@id":"https:\/\/shopbrasil.vinyllandrecords.com\/#website"},"primaryImageOfPage":{"@id":"https:\/\/shopbrasil.vinyllandrecords.com\/produto\/marcelo-callado-musical-porem\/#primaryimage"},"image":{"@id":"https:\/\/shopbrasil.vinyllandrecords.com\/produto\/marcelo-callado-musical-porem\/#primaryimage"},"thumbnailUrl":"https:\/\/shopbrasil.vinyllandrecords.com\/wp-content\/uploads\/2021\/03\/marcelo.jpg","datePublished":"2021-03-04T20:31:09+00:00","dateModified":"2022-06-29T16:30:32+00:00","breadcrumb":{"@id":"https:\/\/shopbrasil.vinyllandrecords.com\/produto\/marcelo-callado-musical-porem\/#breadcrumb"},"inLanguage":"en-US","potentialAction":[{"@type":"ReadAction","target":["https:\/\/shopbrasil.vinyllandrecords.com\/produto\/marcelo-callado-musical-porem\/"]}]},{"@type":"ImageObject","inLanguage":"en-US","@id":"https:\/\/shopbrasil.vinyllandrecords.com\/produto\/marcelo-callado-musical-porem\/#primaryimage","url":"https:\/\/shopbrasil.vinyllandrecords.com\/wp-content\/uploads\/2021\/03\/marcelo.jpg","contentUrl":"https:\/\/shopbrasil.vinyllandrecords.com\/wp-content\/uploads\/2021\/03\/marcelo.jpg","width":800,"height":800},{"@type":"BreadcrumbList","@id":"https:\/\/shopbrasil.vinyllandrecords.com\/produto\/marcelo-callado-musical-porem\/#breadcrumb","itemListElement":[{"@type":"ListItem","position":1,"name":"In\u00edcio","item":"https:\/\/shopbrasil.vinyllandrecords.com\/"},{"@type":"ListItem","position":2,"name":"Shops","item":"https:\/\/shopbrasil.vinyllandrecords.com\/shops\/"},{"@type":"ListItem","position":3,"name":"MARCELO CALLADO &#8211; MUSICAL POR\u00c9M"}]},{"@type":"WebSite","@id":"https:\/\/shopbrasil.vinyllandrecords.com\/#website","url":"https:\/\/shopbrasil.vinyllandrecords.com\/","name":"Vinyl Land Records","description":"ONLINE SHOP","potentialAction":[{"@type":"SearchAction","target":{"@type":"EntryPoint","urlTemplate":"https:\/\/shopbrasil.vinyllandrecords.com\/?s={search_term_string}"},"query-input":{"@type":"PropertyValueSpecification","valueRequired":true,"valueName":"search_term_string"}}],"inLanguage":"en-US"}]}},"_links":{"self":[{"href":"https:\/\/shopbrasil.vinyllandrecords.com\/en\/wp-json\/wp\/v2\/product\/68043","targetHints":{"allow":["GET"]}}],"collection":[{"href":"https:\/\/shopbrasil.vinyllandrecords.com\/en\/wp-json\/wp\/v2\/product"}],"about":[{"href":"https:\/\/shopbrasil.vinyllandrecords.com\/en\/wp-json\/wp\/v2\/types\/product"}],"wp:featuredmedia":[{"embeddable":true,"href":"https:\/\/shopbrasil.vinyllandrecords.com\/en\/wp-json\/wp\/v2\/media\/68044"}],"wp:attachment":[{"href":"https:\/\/shopbrasil.vinyllandrecords.com\/en\/wp-json\/wp\/v2\/media?parent=68043"}],"wp:term":[{"taxonomy":"product_brand","embeddable":true,"href":"https:\/\/shopbrasil.vinyllandrecords.com\/en\/wp-json\/wp\/v2\/product_brand?post=68043"},{"taxonomy":"product_cat","embeddable":true,"href":"https:\/\/shopbrasil.vinyllandrecords.com\/en\/wp-json\/wp\/v2\/product_cat?post=68043"},{"taxonomy":"product_tag","embeddable":true,"href":"https:\/\/shopbrasil.vinyllandrecords.com\/en\/wp-json\/wp\/v2\/product_tag?post=68043"}],"curies":[{"name":"wp","href":"https:\/\/api.w.org\/{rel}","templated":true}]}}