{"id":68050,"date":"2021-03-04T18:00:36","date_gmt":"2021-03-04T21:00:36","guid":{"rendered":"https:\/\/shopbrasil.vinyllandrecords.com\/?post_type=product&#038;p=68050"},"modified":"2024-12-24T08:35:55","modified_gmt":"2024-12-24T11:35:55","slug":"lp-racionais-mcs-escolha-seu-caminho-1992-2020","status":"publish","type":"product","link":"https:\/\/shopbrasil.vinyllandrecords.com\/en\/produto\/lp-racionais-mcs-escolha-seu-caminho-1992-2020\/","title":{"rendered":"LP Racionais MCs &#8211; Escolha Seu Caminho (1992\/2020)"},"content":{"rendered":"","protected":false},"excerpt":{"rendered":"<p><iframe src=\"https:\/\/embed.spotify.com\/?uri=spotify%3Aalbum%3A4wtgvCPdYPKF8yYPmRiW6a\" width=\"300\" height=\"380\" frameborder=\"0\" allowtransparency=\"true\"><\/iframe><\/p>\n<p>Edi\u00e7\u00e3o remasterizada 2020 do LP &#8220;Escolha Seu Caminho&#8221; dos Racionais MC&#8217;s, originalmente lan\u00e7ado em 1992<br \/>\nTiragem: 1000 c\u00f3pias<\/p>\n<p>Capa simples, acompanha obi-strip da cole\u00e7\u00e3o e encarte com letras.<\/p>\n<p>Um lan\u00e7amento Fatiado Discos, EAEO, Boogie Naipe e Cosa Nostra.<\/p>\n","protected":false},"featured_media":68054,"template":"","meta":[],"product_brand":[],"product_cat":[107,111,117,97],"product_tag":[],"class_list":{"0":"post-68050","1":"product","2":"type-product","3":"status-publish","4":"has-post-thumbnail","6":"product_cat-garimpo","7":"product_cat-destaque","8":"product_cat-fatiado-discos","9":"product_cat-lp","11":"first","12":"outofstock","13":"taxable","14":"shipping-taxable","15":"purchasable","16":"product-type-simple"},"yoast_head":"<!-- This site is optimized with the Yoast SEO plugin v27.4 - https:\/\/yoast.com\/product\/yoast-seo-wordpress\/ -->\n<title>LP Racionais MCs - Escolha Seu Caminho (1992\/2020) - Vinyl Land Records<\/title>\n<meta name=\"robots\" content=\"index, follow, max-snippet:-1, max-image-preview:large, max-video-preview:-1\" \/>\n<link rel=\"canonical\" href=\"https:\/\/shopbrasil.vinyllandrecords.com\/produto\/lp-racionais-mcs-escolha-seu-caminho-1992-2020\/\" \/>\n<meta property=\"og:locale\" content=\"en_US\" \/>\n<meta property=\"og:type\" content=\"article\" \/>\n<meta property=\"og:title\" content=\"LP Racionais MCs - Escolha Seu Caminho (1992\/2020) - Vinyl Land Records\" \/>\n<meta property=\"og:description\" content=\"[:pb]  Edi\u00e7\u00e3o remasterizada 2020 do LP &quot;Escolha Seu Caminho&quot; dos Racionais MC&#039;s, originalmente lan\u00e7ado em 1992 Tiragem: 1000 c\u00f3pias  Capa simples, acompanha obi-strip da cole\u00e7\u00e3o e encarte com letras.  Um lan\u00e7amento Fatiado Discos, EAEO, Boogie Naipe e Cosa Nostra. [:en]  Edi\u00e7\u00e3o remasterizada 2020 do LP &quot;Escolha Seu Caminho&quot; dos Racionais MC&#039;s, originalmente lan\u00e7ado em 1992 Tiragem: 1000 c\u00f3pias  Capa simples, acompanha obi-strip da cole\u00e7\u00e3o e encarte com letras.  Um lan\u00e7amento Fatiado Discos, EAEO, Boogie Naipe e Cosa Nostra.  [:]\" \/>\n<meta property=\"og:url\" content=\"https:\/\/shopbrasil.vinyllandrecords.com\/produto\/lp-racionais-mcs-escolha-seu-caminho-1992-2020\/\" \/>\n<meta property=\"og:site_name\" content=\"Vinyl Land Records\" \/>\n<meta property=\"article:modified_time\" content=\"2024-12-24T11:35:55+00:00\" \/>\n<meta property=\"og:image\" content=\"https:\/\/shopbrasil.vinyllandrecords.com\/wp-content\/uploads\/2021\/03\/escolha.jpg\" \/>\n\t<meta property=\"og:image:width\" content=\"450\" \/>\n\t<meta property=\"og:image:height\" content=\"308\" \/>\n\t<meta property=\"og:image:type\" content=\"image\/jpeg\" \/>\n<meta name=\"twitter:card\" content=\"summary_large_image\" \/>\n<script type=\"application\/ld+json\" class=\"yoast-schema-graph\">{\"@context\":\"https:\\\/\\\/schema.org\",\"@graph\":[{\"@type\":\"WebPage\",\"@id\":\"https:\\\/\\\/shopbrasil.vinyllandrecords.com\\\/produto\\\/lp-racionais-mcs-escolha-seu-caminho-1992-2020\\\/\",\"url\":\"https:\\\/\\\/shopbrasil.vinyllandrecords.com\\\/produto\\\/lp-racionais-mcs-escolha-seu-caminho-1992-2020\\\/\",\"name\":\"LP Racionais MCs - Escolha Seu Caminho (1992\\\/2020) - Vinyl Land Records\",\"isPartOf\":{\"@id\":\"https:\\\/\\\/shopbrasil.vinyllandrecords.com\\\/#website\"},\"primaryImageOfPage\":{\"@id\":\"https:\\\/\\\/shopbrasil.vinyllandrecords.com\\\/produto\\\/lp-racionais-mcs-escolha-seu-caminho-1992-2020\\\/#primaryimage\"},\"image\":{\"@id\":\"https:\\\/\\\/shopbrasil.vinyllandrecords.com\\\/produto\\\/lp-racionais-mcs-escolha-seu-caminho-1992-2020\\\/#primaryimage\"},\"thumbnailUrl\":\"https:\\\/\\\/shopbrasil.vinyllandrecords.com\\\/wp-content\\\/uploads\\\/2021\\\/03\\\/escolha.jpg\",\"datePublished\":\"2021-03-04T21:00:36+00:00\",\"dateModified\":\"2024-12-24T11:35:55+00:00\",\"breadcrumb\":{\"@id\":\"https:\\\/\\\/shopbrasil.vinyllandrecords.com\\\/produto\\\/lp-racionais-mcs-escolha-seu-caminho-1992-2020\\\/#breadcrumb\"},\"inLanguage\":\"en-US\",\"potentialAction\":[{\"@type\":\"ReadAction\",\"target\":[\"https:\\\/\\\/shopbrasil.vinyllandrecords.com\\\/produto\\\/lp-racionais-mcs-escolha-seu-caminho-1992-2020\\\/\"]}]},{\"@type\":\"ImageObject\",\"inLanguage\":\"en-US\",\"@id\":\"https:\\\/\\\/shopbrasil.vinyllandrecords.com\\\/produto\\\/lp-racionais-mcs-escolha-seu-caminho-1992-2020\\\/#primaryimage\",\"url\":\"https:\\\/\\\/shopbrasil.vinyllandrecords.com\\\/wp-content\\\/uploads\\\/2021\\\/03\\\/escolha.jpg\",\"contentUrl\":\"https:\\\/\\\/shopbrasil.vinyllandrecords.com\\\/wp-content\\\/uploads\\\/2021\\\/03\\\/escolha.jpg\",\"width\":450,\"height\":308},{\"@type\":\"BreadcrumbList\",\"@id\":\"https:\\\/\\\/shopbrasil.vinyllandrecords.com\\\/produto\\\/lp-racionais-mcs-escolha-seu-caminho-1992-2020\\\/#breadcrumb\",\"itemListElement\":[{\"@type\":\"ListItem\",\"position\":1,\"name\":\"In\u00edcio\",\"item\":\"https:\\\/\\\/shopbrasil.vinyllandrecords.com\\\/\"},{\"@type\":\"ListItem\",\"position\":2,\"name\":\"Shops\",\"item\":\"https:\\\/\\\/shopbrasil.vinyllandrecords.com\\\/shops\\\/\"},{\"@type\":\"ListItem\",\"position\":3,\"name\":\"LP Racionais MCs &#8211; Escolha Seu Caminho (1992\\\/2020)\"}]},{\"@type\":\"WebSite\",\"@id\":\"https:\\\/\\\/shopbrasil.vinyllandrecords.com\\\/#website\",\"url\":\"https:\\\/\\\/shopbrasil.vinyllandrecords.com\\\/\",\"name\":\"Vinyl Land Records\",\"description\":\"ONLINE SHOP\",\"potentialAction\":[{\"@type\":\"SearchAction\",\"target\":{\"@type\":\"EntryPoint\",\"urlTemplate\":\"https:\\\/\\\/shopbrasil.vinyllandrecords.com\\\/?s={search_term_string}\"},\"query-input\":{\"@type\":\"PropertyValueSpecification\",\"valueRequired\":true,\"valueName\":\"search_term_string\"}}],\"inLanguage\":\"en-US\"}]}<\/script>\n<!-- \/ Yoast SEO plugin. -->","yoast_head_json":{"title":"LP Racionais MCs - Escolha Seu Caminho (1992\/2020) - Vinyl Land Records","robots":{"index":"index","follow":"follow","max-snippet":"max-snippet:-1","max-image-preview":"max-image-preview:large","max-video-preview":"max-video-preview:-1"},"canonical":"https:\/\/shopbrasil.vinyllandrecords.com\/produto\/lp-racionais-mcs-escolha-seu-caminho-1992-2020\/","og_locale":"en_US","og_type":"article","og_title":"LP Racionais MCs - Escolha Seu Caminho (1992\/2020) - Vinyl Land Records","og_description":"[:pb]  Edi\u00e7\u00e3o remasterizada 2020 do LP \"Escolha Seu Caminho\" dos Racionais MC's, originalmente lan\u00e7ado em 1992 Tiragem: 1000 c\u00f3pias  Capa simples, acompanha obi-strip da cole\u00e7\u00e3o e encarte com letras.  Um lan\u00e7amento Fatiado Discos, EAEO, Boogie Naipe e Cosa Nostra. [:en]  Edi\u00e7\u00e3o remasterizada 2020 do LP \"Escolha Seu Caminho\" dos Racionais MC's, originalmente lan\u00e7ado em 1992 Tiragem: 1000 c\u00f3pias  Capa simples, acompanha obi-strip da cole\u00e7\u00e3o e encarte com letras.  Um lan\u00e7amento Fatiado Discos, EAEO, Boogie Naipe e Cosa Nostra.  [:]","og_url":"https:\/\/shopbrasil.vinyllandrecords.com\/produto\/lp-racionais-mcs-escolha-seu-caminho-1992-2020\/","og_site_name":"Vinyl Land Records","article_modified_time":"2024-12-24T11:35:55+00:00","og_image":[{"width":450,"height":308,"url":"https:\/\/shopbrasil.vinyllandrecords.com\/wp-content\/uploads\/2021\/03\/escolha.jpg","type":"image\/jpeg"}],"twitter_card":"summary_large_image","schema":{"@context":"https:\/\/schema.org","@graph":[{"@type":"WebPage","@id":"https:\/\/shopbrasil.vinyllandrecords.com\/produto\/lp-racionais-mcs-escolha-seu-caminho-1992-2020\/","url":"https:\/\/shopbrasil.vinyllandrecords.com\/produto\/lp-racionais-mcs-escolha-seu-caminho-1992-2020\/","name":"LP Racionais MCs - Escolha Seu Caminho (1992\/2020) - Vinyl Land Records","isPartOf":{"@id":"https:\/\/shopbrasil.vinyllandrecords.com\/#website"},"primaryImageOfPage":{"@id":"https:\/\/shopbrasil.vinyllandrecords.com\/produto\/lp-racionais-mcs-escolha-seu-caminho-1992-2020\/#primaryimage"},"image":{"@id":"https:\/\/shopbrasil.vinyllandrecords.com\/produto\/lp-racionais-mcs-escolha-seu-caminho-1992-2020\/#primaryimage"},"thumbnailUrl":"https:\/\/shopbrasil.vinyllandrecords.com\/wp-content\/uploads\/2021\/03\/escolha.jpg","datePublished":"2021-03-04T21:00:36+00:00","dateModified":"2024-12-24T11:35:55+00:00","breadcrumb":{"@id":"https:\/\/shopbrasil.vinyllandrecords.com\/produto\/lp-racionais-mcs-escolha-seu-caminho-1992-2020\/#breadcrumb"},"inLanguage":"en-US","potentialAction":[{"@type":"ReadAction","target":["https:\/\/shopbrasil.vinyllandrecords.com\/produto\/lp-racionais-mcs-escolha-seu-caminho-1992-2020\/"]}]},{"@type":"ImageObject","inLanguage":"en-US","@id":"https:\/\/shopbrasil.vinyllandrecords.com\/produto\/lp-racionais-mcs-escolha-seu-caminho-1992-2020\/#primaryimage","url":"https:\/\/shopbrasil.vinyllandrecords.com\/wp-content\/uploads\/2021\/03\/escolha.jpg","contentUrl":"https:\/\/shopbrasil.vinyllandrecords.com\/wp-content\/uploads\/2021\/03\/escolha.jpg","width":450,"height":308},{"@type":"BreadcrumbList","@id":"https:\/\/shopbrasil.vinyllandrecords.com\/produto\/lp-racionais-mcs-escolha-seu-caminho-1992-2020\/#breadcrumb","itemListElement":[{"@type":"ListItem","position":1,"name":"In\u00edcio","item":"https:\/\/shopbrasil.vinyllandrecords.com\/"},{"@type":"ListItem","position":2,"name":"Shops","item":"https:\/\/shopbrasil.vinyllandrecords.com\/shops\/"},{"@type":"ListItem","position":3,"name":"LP Racionais MCs &#8211; Escolha Seu Caminho (1992\/2020)"}]},{"@type":"WebSite","@id":"https:\/\/shopbrasil.vinyllandrecords.com\/#website","url":"https:\/\/shopbrasil.vinyllandrecords.com\/","name":"Vinyl Land Records","description":"ONLINE SHOP","potentialAction":[{"@type":"SearchAction","target":{"@type":"EntryPoint","urlTemplate":"https:\/\/shopbrasil.vinyllandrecords.com\/?s={search_term_string}"},"query-input":{"@type":"PropertyValueSpecification","valueRequired":true,"valueName":"search_term_string"}}],"inLanguage":"en-US"}]}},"_links":{"self":[{"href":"https:\/\/shopbrasil.vinyllandrecords.com\/en\/wp-json\/wp\/v2\/product\/68050","targetHints":{"allow":["GET"]}}],"collection":[{"href":"https:\/\/shopbrasil.vinyllandrecords.com\/en\/wp-json\/wp\/v2\/product"}],"about":[{"href":"https:\/\/shopbrasil.vinyllandrecords.com\/en\/wp-json\/wp\/v2\/types\/product"}],"wp:featuredmedia":[{"embeddable":true,"href":"https:\/\/shopbrasil.vinyllandrecords.com\/en\/wp-json\/wp\/v2\/media\/68054"}],"wp:attachment":[{"href":"https:\/\/shopbrasil.vinyllandrecords.com\/en\/wp-json\/wp\/v2\/media?parent=68050"}],"wp:term":[{"taxonomy":"product_brand","embeddable":true,"href":"https:\/\/shopbrasil.vinyllandrecords.com\/en\/wp-json\/wp\/v2\/product_brand?post=68050"},{"taxonomy":"product_cat","embeddable":true,"href":"https:\/\/shopbrasil.vinyllandrecords.com\/en\/wp-json\/wp\/v2\/product_cat?post=68050"},{"taxonomy":"product_tag","embeddable":true,"href":"https:\/\/shopbrasil.vinyllandrecords.com\/en\/wp-json\/wp\/v2\/product_tag?post=68050"}],"curies":[{"name":"wp","href":"https:\/\/api.w.org\/{rel}","templated":true}]}}