{"id":68063,"date":"2021-03-04T18:18:36","date_gmt":"2021-03-04T21:18:36","guid":{"rendered":"https:\/\/shopbrasil.vinyllandrecords.com\/?post_type=product&#038;p=68063"},"modified":"2025-01-22T20:49:33","modified_gmt":"2025-01-22T23:49:33","slug":"mundo-livre-s-a-meu-esquema-pedrosa-dj-remix","status":"publish","type":"product","link":"https:\/\/shopbrasil.vinyllandrecords.com\/en\/produto\/mundo-livre-s-a-meu-esquema-pedrosa-dj-remix\/","title":{"rendered":"Mundo Livre S\/A &#8211; Meu Esquema (Pedrosa Dj Remix)"},"content":{"rendered":"","protected":false},"excerpt":{"rendered":"<p><iframe src=\"https:\/\/embed.spotify.com\/?uri=spotify%3Aalbum%3A5VpyJk6XTMWP3yr5BOGBqn\" width=\"300\" height=\"380\" frameborder=\"0\" allowtransparency=\"true\"><\/iframe><\/p>\n<p>Mundo Livre S\/A + Pedrosa DJ &#8211; Meu Esquema (Rio Doce Piedade Mix)<\/p>\n<p>Edi\u00e7\u00e3o limitada e comemorativa de 20 anos do primeiro \u00e1lbum da banda. <\/p>\n<p>***ATEN\u00c7\u00c3O \u2013 O DISCO, PRENSADO NA VINIL BRASIL, APRESENTA  PEQUENOS DEFEITOS EST\u00c9TICOS EM SUA SUPERF\u00cdCIE QUE N\u00c3O AFETAM SUA QUALIDADE SONORA E ALGUMAS MANCHAS NA CAPA*** <\/p>\n<p>Produzido por Pedrosa DJ (engenheiro de som: Pi-R)<br \/>\nInstrumentos adicionais gravados no Est\u00fadio do Po\u00e7o\/Recife<br \/>\nViol\u00e3o e Voz: Fred ZeroQuatro<br \/>\nTeclados: Bact\u00e9ria<br \/>\nBaixo Ac\u00fastico: Areia<br \/>\nFlugelhorn: Maestro Forr\u00f3<\/p>\n<p>Faixa original lan\u00e7ada no \u00e1lbum Por Pouco<\/p>\n<p>Masterizado por Gustavo Lenza<br \/>\nCapa por Derlon<\/p>\n<p>Tracklist<br \/>\nA1\tMeu Esquema (Rio Doce \/ Piedade Mix)\t5:30<br \/>\nB1\tMeu Esquema (Acappella)<\/p>\n","protected":false},"featured_media":68066,"template":"","meta":[],"product_brand":[],"product_cat":[107,111,93],"product_tag":[],"class_list":{"0":"post-68063","1":"product","2":"type-product","3":"status-publish","4":"has-post-thumbnail","6":"product_cat-garimpo","7":"product_cat-destaque","8":"product_cat-93","10":"first","11":"instock","12":"taxable","13":"shipping-taxable","14":"purchasable","15":"product-type-simple"},"yoast_head":"<!-- This site is optimized with the Yoast SEO plugin v27.3 - https:\/\/yoast.com\/product\/yoast-seo-wordpress\/ -->\n<title>Mundo Livre S\/A - Meu Esquema (Pedrosa Dj Remix) - Vinyl Land Records<\/title>\n<meta name=\"robots\" content=\"index, follow, max-snippet:-1, max-image-preview:large, max-video-preview:-1\" \/>\n<link rel=\"canonical\" href=\"https:\/\/shopbrasil.vinyllandrecords.com\/produto\/mundo-livre-s-a-meu-esquema-pedrosa-dj-remix\/\" \/>\n<meta property=\"og:locale\" content=\"en_US\" \/>\n<meta property=\"og:type\" content=\"article\" \/>\n<meta property=\"og:title\" content=\"Mundo Livre S\/A - Meu Esquema (Pedrosa Dj Remix) - Vinyl Land Records\" \/>\n<meta property=\"og:description\" content=\"Mundo Livre S\/A + Pedrosa DJ - Meu Esquema (Rio Doce Piedade Mix)  Edi\u00e7\u00e3o limitada e comemorativa de 20 anos do primeiro \u00e1lbum da banda.   ***ATEN\u00c7\u00c3O \u2013 O DISCO, PRENSADO NA VINIL BRASIL, APRESENTA PEQUENOS DEFEITOS EST\u00c9TICOS EM SUA SUPERF\u00cdCIE QUE N\u00c3O AFETAM SUA QUALIDADE SONORA E ALGUMAS MANCHAS NA CAPA***   Produzido por Pedrosa DJ (engenheiro de som: Pi-R) Instrumentos adicionais gravados no Est\u00fadio do Po\u00e7o\/Recife Viol\u00e3o e Voz: Fred ZeroQuatro Teclados: Bact\u00e9ria Baixo Ac\u00fastico: Areia Flugelhorn: Maestro Forr\u00f3  Faixa original lan\u00e7ada no \u00e1lbum Por Pouco  Masterizado por Gustavo Lenza Capa por Derlon  Tracklist A1 Meu Esquema (Rio Doce \/ Piedade Mix) 5:30 B1 Meu Esquema (Acappella)\" \/>\n<meta property=\"og:url\" content=\"https:\/\/shopbrasil.vinyllandrecords.com\/produto\/mundo-livre-s-a-meu-esquema-pedrosa-dj-remix\/\" \/>\n<meta property=\"og:site_name\" content=\"Vinyl Land Records\" \/>\n<meta property=\"article:modified_time\" content=\"2025-01-22T23:49:33+00:00\" \/>\n<meta property=\"og:image\" content=\"https:\/\/shopbrasil.vinyllandrecords.com\/wp-content\/uploads\/2021\/03\/mlsa.jpg\" \/>\n\t<meta property=\"og:image:width\" content=\"600\" \/>\n\t<meta property=\"og:image:height\" content=\"585\" \/>\n\t<meta property=\"og:image:type\" content=\"image\/jpeg\" \/>\n<meta name=\"twitter:card\" content=\"summary_large_image\" \/>\n<script type=\"application\/ld+json\" class=\"yoast-schema-graph\">{\"@context\":\"https:\\\/\\\/schema.org\",\"@graph\":[{\"@type\":\"WebPage\",\"@id\":\"https:\\\/\\\/shopbrasil.vinyllandrecords.com\\\/produto\\\/mundo-livre-s-a-meu-esquema-pedrosa-dj-remix\\\/\",\"url\":\"https:\\\/\\\/shopbrasil.vinyllandrecords.com\\\/produto\\\/mundo-livre-s-a-meu-esquema-pedrosa-dj-remix\\\/\",\"name\":\"Mundo Livre S\\\/A - Meu Esquema (Pedrosa Dj Remix) - Vinyl Land Records\",\"isPartOf\":{\"@id\":\"https:\\\/\\\/shopbrasil.vinyllandrecords.com\\\/#website\"},\"primaryImageOfPage\":{\"@id\":\"https:\\\/\\\/shopbrasil.vinyllandrecords.com\\\/produto\\\/mundo-livre-s-a-meu-esquema-pedrosa-dj-remix\\\/#primaryimage\"},\"image\":{\"@id\":\"https:\\\/\\\/shopbrasil.vinyllandrecords.com\\\/produto\\\/mundo-livre-s-a-meu-esquema-pedrosa-dj-remix\\\/#primaryimage\"},\"thumbnailUrl\":\"https:\\\/\\\/shopbrasil.vinyllandrecords.com\\\/wp-content\\\/uploads\\\/2021\\\/03\\\/mlsa.jpg\",\"datePublished\":\"2021-03-04T21:18:36+00:00\",\"dateModified\":\"2025-01-22T23:49:33+00:00\",\"breadcrumb\":{\"@id\":\"https:\\\/\\\/shopbrasil.vinyllandrecords.com\\\/produto\\\/mundo-livre-s-a-meu-esquema-pedrosa-dj-remix\\\/#breadcrumb\"},\"inLanguage\":\"en-US\",\"potentialAction\":[{\"@type\":\"ReadAction\",\"target\":[\"https:\\\/\\\/shopbrasil.vinyllandrecords.com\\\/produto\\\/mundo-livre-s-a-meu-esquema-pedrosa-dj-remix\\\/\"]}]},{\"@type\":\"ImageObject\",\"inLanguage\":\"en-US\",\"@id\":\"https:\\\/\\\/shopbrasil.vinyllandrecords.com\\\/produto\\\/mundo-livre-s-a-meu-esquema-pedrosa-dj-remix\\\/#primaryimage\",\"url\":\"https:\\\/\\\/shopbrasil.vinyllandrecords.com\\\/wp-content\\\/uploads\\\/2021\\\/03\\\/mlsa.jpg\",\"contentUrl\":\"https:\\\/\\\/shopbrasil.vinyllandrecords.com\\\/wp-content\\\/uploads\\\/2021\\\/03\\\/mlsa.jpg\",\"width\":600,\"height\":585},{\"@type\":\"BreadcrumbList\",\"@id\":\"https:\\\/\\\/shopbrasil.vinyllandrecords.com\\\/produto\\\/mundo-livre-s-a-meu-esquema-pedrosa-dj-remix\\\/#breadcrumb\",\"itemListElement\":[{\"@type\":\"ListItem\",\"position\":1,\"name\":\"In\u00edcio\",\"item\":\"https:\\\/\\\/shopbrasil.vinyllandrecords.com\\\/\"},{\"@type\":\"ListItem\",\"position\":2,\"name\":\"Shops\",\"item\":\"https:\\\/\\\/shopbrasil.vinyllandrecords.com\\\/shops\\\/\"},{\"@type\":\"ListItem\",\"position\":3,\"name\":\"Mundo Livre S\\\/A &#8211; Meu Esquema (Pedrosa Dj Remix)\"}]},{\"@type\":\"WebSite\",\"@id\":\"https:\\\/\\\/shopbrasil.vinyllandrecords.com\\\/#website\",\"url\":\"https:\\\/\\\/shopbrasil.vinyllandrecords.com\\\/\",\"name\":\"Vinyl Land Records\",\"description\":\"ONLINE SHOP\",\"potentialAction\":[{\"@type\":\"SearchAction\",\"target\":{\"@type\":\"EntryPoint\",\"urlTemplate\":\"https:\\\/\\\/shopbrasil.vinyllandrecords.com\\\/?s={search_term_string}\"},\"query-input\":{\"@type\":\"PropertyValueSpecification\",\"valueRequired\":true,\"valueName\":\"search_term_string\"}}],\"inLanguage\":\"en-US\"}]}<\/script>\n<!-- \/ Yoast SEO plugin. -->","yoast_head_json":{"title":"Mundo Livre S\/A - Meu Esquema (Pedrosa Dj Remix) - Vinyl Land Records","robots":{"index":"index","follow":"follow","max-snippet":"max-snippet:-1","max-image-preview":"max-image-preview:large","max-video-preview":"max-video-preview:-1"},"canonical":"https:\/\/shopbrasil.vinyllandrecords.com\/produto\/mundo-livre-s-a-meu-esquema-pedrosa-dj-remix\/","og_locale":"en_US","og_type":"article","og_title":"Mundo Livre S\/A - Meu Esquema (Pedrosa Dj Remix) - Vinyl Land Records","og_description":"Mundo Livre S\/A + Pedrosa DJ - Meu Esquema (Rio Doce Piedade Mix)  Edi\u00e7\u00e3o limitada e comemorativa de 20 anos do primeiro \u00e1lbum da banda.   ***ATEN\u00c7\u00c3O \u2013 O DISCO, PRENSADO NA VINIL BRASIL, APRESENTA PEQUENOS DEFEITOS EST\u00c9TICOS EM SUA SUPERF\u00cdCIE QUE N\u00c3O AFETAM SUA QUALIDADE SONORA E ALGUMAS MANCHAS NA CAPA***   Produzido por Pedrosa DJ (engenheiro de som: Pi-R) Instrumentos adicionais gravados no Est\u00fadio do Po\u00e7o\/Recife Viol\u00e3o e Voz: Fred ZeroQuatro Teclados: Bact\u00e9ria Baixo Ac\u00fastico: Areia Flugelhorn: Maestro Forr\u00f3  Faixa original lan\u00e7ada no \u00e1lbum Por Pouco  Masterizado por Gustavo Lenza Capa por Derlon  Tracklist A1 Meu Esquema (Rio Doce \/ Piedade Mix) 5:30 B1 Meu Esquema (Acappella)","og_url":"https:\/\/shopbrasil.vinyllandrecords.com\/produto\/mundo-livre-s-a-meu-esquema-pedrosa-dj-remix\/","og_site_name":"Vinyl Land Records","article_modified_time":"2025-01-22T23:49:33+00:00","og_image":[{"width":600,"height":585,"url":"https:\/\/shopbrasil.vinyllandrecords.com\/wp-content\/uploads\/2021\/03\/mlsa.jpg","type":"image\/jpeg"}],"twitter_card":"summary_large_image","schema":{"@context":"https:\/\/schema.org","@graph":[{"@type":"WebPage","@id":"https:\/\/shopbrasil.vinyllandrecords.com\/produto\/mundo-livre-s-a-meu-esquema-pedrosa-dj-remix\/","url":"https:\/\/shopbrasil.vinyllandrecords.com\/produto\/mundo-livre-s-a-meu-esquema-pedrosa-dj-remix\/","name":"Mundo Livre S\/A - Meu Esquema (Pedrosa Dj Remix) - Vinyl Land Records","isPartOf":{"@id":"https:\/\/shopbrasil.vinyllandrecords.com\/#website"},"primaryImageOfPage":{"@id":"https:\/\/shopbrasil.vinyllandrecords.com\/produto\/mundo-livre-s-a-meu-esquema-pedrosa-dj-remix\/#primaryimage"},"image":{"@id":"https:\/\/shopbrasil.vinyllandrecords.com\/produto\/mundo-livre-s-a-meu-esquema-pedrosa-dj-remix\/#primaryimage"},"thumbnailUrl":"https:\/\/shopbrasil.vinyllandrecords.com\/wp-content\/uploads\/2021\/03\/mlsa.jpg","datePublished":"2021-03-04T21:18:36+00:00","dateModified":"2025-01-22T23:49:33+00:00","breadcrumb":{"@id":"https:\/\/shopbrasil.vinyllandrecords.com\/produto\/mundo-livre-s-a-meu-esquema-pedrosa-dj-remix\/#breadcrumb"},"inLanguage":"en-US","potentialAction":[{"@type":"ReadAction","target":["https:\/\/shopbrasil.vinyllandrecords.com\/produto\/mundo-livre-s-a-meu-esquema-pedrosa-dj-remix\/"]}]},{"@type":"ImageObject","inLanguage":"en-US","@id":"https:\/\/shopbrasil.vinyllandrecords.com\/produto\/mundo-livre-s-a-meu-esquema-pedrosa-dj-remix\/#primaryimage","url":"https:\/\/shopbrasil.vinyllandrecords.com\/wp-content\/uploads\/2021\/03\/mlsa.jpg","contentUrl":"https:\/\/shopbrasil.vinyllandrecords.com\/wp-content\/uploads\/2021\/03\/mlsa.jpg","width":600,"height":585},{"@type":"BreadcrumbList","@id":"https:\/\/shopbrasil.vinyllandrecords.com\/produto\/mundo-livre-s-a-meu-esquema-pedrosa-dj-remix\/#breadcrumb","itemListElement":[{"@type":"ListItem","position":1,"name":"In\u00edcio","item":"https:\/\/shopbrasil.vinyllandrecords.com\/"},{"@type":"ListItem","position":2,"name":"Shops","item":"https:\/\/shopbrasil.vinyllandrecords.com\/shops\/"},{"@type":"ListItem","position":3,"name":"Mundo Livre S\/A &#8211; Meu Esquema (Pedrosa Dj Remix)"}]},{"@type":"WebSite","@id":"https:\/\/shopbrasil.vinyllandrecords.com\/#website","url":"https:\/\/shopbrasil.vinyllandrecords.com\/","name":"Vinyl Land Records","description":"ONLINE SHOP","potentialAction":[{"@type":"SearchAction","target":{"@type":"EntryPoint","urlTemplate":"https:\/\/shopbrasil.vinyllandrecords.com\/?s={search_term_string}"},"query-input":{"@type":"PropertyValueSpecification","valueRequired":true,"valueName":"search_term_string"}}],"inLanguage":"en-US"}]}},"_links":{"self":[{"href":"https:\/\/shopbrasil.vinyllandrecords.com\/en\/wp-json\/wp\/v2\/product\/68063","targetHints":{"allow":["GET"]}}],"collection":[{"href":"https:\/\/shopbrasil.vinyllandrecords.com\/en\/wp-json\/wp\/v2\/product"}],"about":[{"href":"https:\/\/shopbrasil.vinyllandrecords.com\/en\/wp-json\/wp\/v2\/types\/product"}],"wp:featuredmedia":[{"embeddable":true,"href":"https:\/\/shopbrasil.vinyllandrecords.com\/en\/wp-json\/wp\/v2\/media\/68066"}],"wp:attachment":[{"href":"https:\/\/shopbrasil.vinyllandrecords.com\/en\/wp-json\/wp\/v2\/media?parent=68063"}],"wp:term":[{"taxonomy":"product_brand","embeddable":true,"href":"https:\/\/shopbrasil.vinyllandrecords.com\/en\/wp-json\/wp\/v2\/product_brand?post=68063"},{"taxonomy":"product_cat","embeddable":true,"href":"https:\/\/shopbrasil.vinyllandrecords.com\/en\/wp-json\/wp\/v2\/product_cat?post=68063"},{"taxonomy":"product_tag","embeddable":true,"href":"https:\/\/shopbrasil.vinyllandrecords.com\/en\/wp-json\/wp\/v2\/product_tag?post=68063"}],"curies":[{"name":"wp","href":"https:\/\/api.w.org\/{rel}","templated":true}]}}