{"id":68103,"date":"2021-03-15T18:35:45","date_gmt":"2021-03-15T21:35:45","guid":{"rendered":"https:\/\/shopbrasil.vinyllandrecords.com\/?post_type=product&#038;p=68103"},"modified":"2022-06-23T20:36:59","modified_gmt":"2022-06-23T23:36:59","slug":"romulo-froes-o-disco-das-horas","status":"publish","type":"product","link":"https:\/\/shopbrasil.vinyllandrecords.com\/en\/produto\/romulo-froes-o-disco-das-horas\/","title":{"rendered":"ROMULO FROES &#8211; O DISCO DAS HORAS"},"content":{"rendered":"","protected":false},"excerpt":{"rendered":"<p><iframe width=\"560\" height=\"315\" src=\"https:\/\/www.youtube.com\/embed\/iEzHCtgetCM\" frameborder=\"0\" allow=\"accelerometer; autoplay; clipboard-write; encrypted-media; gyroscope; picture-in-picture\" allowfullscreen><\/iframe><\/p>\n<p>O cantor e compositor Romulo Fr\u00f3es iniciou sua carreira na banda Losango C\u00e1qui. Em 2001 iniciou sua carreira solo.<\/p>\n<p>Seu oitavo disco solo \u201cO Disco das Horas\u201d foi lan\u00e7ado em 2018. Um esp\u00e9cie de su\u00edte que descreve a jornada amorosa de um casal em um plano al\u00e9m-vida, lembrando e reencontrando seu passado, como numa tarde a dois num hotel, eternizada. O amor entre eles na frente de tudo. O amor como a\u00e7\u00e3o pol\u00edtica frente a dureza da vida.<\/p>\n<p>Produzido pelo pr\u00f3prio artista em conjunto com Thiago Fran\u00e7a e Cac\u00e1 Lima, gravado pela empresa YBmusic.<\/p>\n<p>As m\u00fasicas t\u00eam o t\u00edtulo de uma hora especifica, indo da 1\u00aa \u00e0 13\u00aa hora. Al\u00e9m dos trabalhos solo, Romulo Fr\u00f3es faz parte do grupo Passo Torto, ao lado de Kiko Dinucci, Rodrigo Campos e Marcelo Cabral. <\/p>\n<p>M\u00daSICAS DO LP<\/p>\n<p>Lado A:<\/p>\n<p>1.  Primeira Hora<\/p>\n<p>2.  Segunda Hora<\/p>\n<p>3.  Terceira Hora<\/p>\n<p>4.  Quarta Hora<\/p>\n<p>5.  Quinta Hora<\/p>\n<p>6.  Sexta Hora<\/p>\n<p>7. S\u00e9tima Hora<\/p>\n<p>Lado B:<\/p>\n<p>1.  Oitava Hora<\/p>\n<p>2.  Nona Hora<\/p>\n<p>3.  D\u00e9cima Hora<\/p>\n<p>4.  D\u00e9cima Primeira Hora<\/p>\n<p>5.  D\u00e9cima Segunda Hora<\/p>\n<p>6.  D\u00e9cima Terceira Hora<\/p>\n","protected":false},"featured_media":68106,"template":"","meta":[],"product_brand":[],"product_cat":[107,111,120,97],"product_tag":[],"class_list":{"0":"post-68103","1":"product","2":"type-product","3":"status-publish","4":"has-post-thumbnail","6":"product_cat-garimpo","7":"product_cat-destaque","8":"product_cat-assustado-discos","9":"product_cat-lp","11":"first","12":"instock","13":"taxable","14":"shipping-taxable","15":"purchasable","16":"product-type-simple"},"yoast_head":"<!-- This site is optimized with the Yoast SEO plugin v27.3 - https:\/\/yoast.com\/product\/yoast-seo-wordpress\/ -->\n<title>ROMULO FROES - O DISCO DAS HORAS - Vinyl Land Records<\/title>\n<meta name=\"robots\" content=\"index, follow, max-snippet:-1, max-image-preview:large, max-video-preview:-1\" \/>\n<link rel=\"canonical\" href=\"https:\/\/shopbrasil.vinyllandrecords.com\/produto\/romulo-froes-o-disco-das-horas\/\" \/>\n<meta property=\"og:locale\" content=\"en_US\" \/>\n<meta property=\"og:type\" content=\"article\" \/>\n<meta property=\"og:title\" content=\"ROMULO FROES - O DISCO DAS HORAS - Vinyl Land Records\" \/>\n<meta property=\"og:description\" content=\"O cantor e compositor Romulo Fr\u00f3es iniciou sua carreira na banda Losango C\u00e1qui. Em 2001 iniciou sua carreira solo.  Seu oitavo disco solo \u201cO Disco das Horas\u201d foi lan\u00e7ado em 2018. Um esp\u00e9cie de su\u00edte que descreve a jornada amorosa de um casal em um plano al\u00e9m-vida, lembrando e reencontrando seu passado, como numa tarde a dois num hotel, eternizada. O amor entre eles na frente de tudo. O amor como a\u00e7\u00e3o pol\u00edtica frente a dureza da vida.  Produzido pelo pr\u00f3prio artista em conjunto com Thiago Fran\u00e7a e Cac\u00e1 Lima, gravado pela empresa YBmusic.  As m\u00fasicas t\u00eam o t\u00edtulo de uma hora especifica, indo da 1\u00aa \u00e0 13\u00aa hora. Al\u00e9m dos trabalhos solo, Romulo Fr\u00f3es faz parte do grupo Passo Torto, ao lado de Kiko Dinucci, Rodrigo Campos e Marcelo Cabral.     M\u00daSICAS DO LP  Lado A:  1. Primeira Hora  2. Segunda Hora  3. Terceira Hora  4. Quarta Hora  5. Quinta Hora  6. Sexta Hora  7. S\u00e9tima Hora   Lado B:  1. Oitava Hora  2. Nona Hora  3. D\u00e9cima Hora  4. D\u00e9cima Primeira Hora  5. D\u00e9cima Segunda Hora  6. D\u00e9cima Terceira Hora\" \/>\n<meta property=\"og:url\" content=\"https:\/\/shopbrasil.vinyllandrecords.com\/produto\/romulo-froes-o-disco-das-horas\/\" \/>\n<meta property=\"og:site_name\" content=\"Vinyl Land Records\" \/>\n<meta property=\"article:modified_time\" content=\"2022-06-23T23:36:59+00:00\" \/>\n<meta property=\"og:image\" content=\"https:\/\/shopbrasil.vinyllandrecords.com\/wp-content\/uploads\/2021\/03\/romulo.jpg\" \/>\n\t<meta property=\"og:image:width\" content=\"500\" \/>\n\t<meta property=\"og:image:height\" content=\"500\" \/>\n\t<meta property=\"og:image:type\" content=\"image\/jpeg\" \/>\n<meta name=\"twitter:card\" content=\"summary_large_image\" \/>\n<script type=\"application\/ld+json\" class=\"yoast-schema-graph\">{\"@context\":\"https:\\\/\\\/schema.org\",\"@graph\":[{\"@type\":\"WebPage\",\"@id\":\"https:\\\/\\\/shopbrasil.vinyllandrecords.com\\\/produto\\\/romulo-froes-o-disco-das-horas\\\/\",\"url\":\"https:\\\/\\\/shopbrasil.vinyllandrecords.com\\\/produto\\\/romulo-froes-o-disco-das-horas\\\/\",\"name\":\"ROMULO FROES - O DISCO DAS HORAS - Vinyl Land Records\",\"isPartOf\":{\"@id\":\"https:\\\/\\\/shopbrasil.vinyllandrecords.com\\\/#website\"},\"primaryImageOfPage\":{\"@id\":\"https:\\\/\\\/shopbrasil.vinyllandrecords.com\\\/produto\\\/romulo-froes-o-disco-das-horas\\\/#primaryimage\"},\"image\":{\"@id\":\"https:\\\/\\\/shopbrasil.vinyllandrecords.com\\\/produto\\\/romulo-froes-o-disco-das-horas\\\/#primaryimage\"},\"thumbnailUrl\":\"https:\\\/\\\/shopbrasil.vinyllandrecords.com\\\/wp-content\\\/uploads\\\/2021\\\/03\\\/romulo.jpg\",\"datePublished\":\"2021-03-15T21:35:45+00:00\",\"dateModified\":\"2022-06-23T23:36:59+00:00\",\"breadcrumb\":{\"@id\":\"https:\\\/\\\/shopbrasil.vinyllandrecords.com\\\/produto\\\/romulo-froes-o-disco-das-horas\\\/#breadcrumb\"},\"inLanguage\":\"en-US\",\"potentialAction\":[{\"@type\":\"ReadAction\",\"target\":[\"https:\\\/\\\/shopbrasil.vinyllandrecords.com\\\/produto\\\/romulo-froes-o-disco-das-horas\\\/\"]}]},{\"@type\":\"ImageObject\",\"inLanguage\":\"en-US\",\"@id\":\"https:\\\/\\\/shopbrasil.vinyllandrecords.com\\\/produto\\\/romulo-froes-o-disco-das-horas\\\/#primaryimage\",\"url\":\"https:\\\/\\\/shopbrasil.vinyllandrecords.com\\\/wp-content\\\/uploads\\\/2021\\\/03\\\/romulo.jpg\",\"contentUrl\":\"https:\\\/\\\/shopbrasil.vinyllandrecords.com\\\/wp-content\\\/uploads\\\/2021\\\/03\\\/romulo.jpg\",\"width\":500,\"height\":500},{\"@type\":\"BreadcrumbList\",\"@id\":\"https:\\\/\\\/shopbrasil.vinyllandrecords.com\\\/produto\\\/romulo-froes-o-disco-das-horas\\\/#breadcrumb\",\"itemListElement\":[{\"@type\":\"ListItem\",\"position\":1,\"name\":\"In\u00edcio\",\"item\":\"https:\\\/\\\/shopbrasil.vinyllandrecords.com\\\/\"},{\"@type\":\"ListItem\",\"position\":2,\"name\":\"Shops\",\"item\":\"https:\\\/\\\/shopbrasil.vinyllandrecords.com\\\/shops\\\/\"},{\"@type\":\"ListItem\",\"position\":3,\"name\":\"ROMULO FROES &#8211; O DISCO DAS HORAS\"}]},{\"@type\":\"WebSite\",\"@id\":\"https:\\\/\\\/shopbrasil.vinyllandrecords.com\\\/#website\",\"url\":\"https:\\\/\\\/shopbrasil.vinyllandrecords.com\\\/\",\"name\":\"Vinyl Land Records\",\"description\":\"ONLINE SHOP\",\"potentialAction\":[{\"@type\":\"SearchAction\",\"target\":{\"@type\":\"EntryPoint\",\"urlTemplate\":\"https:\\\/\\\/shopbrasil.vinyllandrecords.com\\\/?s={search_term_string}\"},\"query-input\":{\"@type\":\"PropertyValueSpecification\",\"valueRequired\":true,\"valueName\":\"search_term_string\"}}],\"inLanguage\":\"en-US\"}]}<\/script>\n<!-- \/ Yoast SEO plugin. -->","yoast_head_json":{"title":"ROMULO FROES - O DISCO DAS HORAS - Vinyl Land Records","robots":{"index":"index","follow":"follow","max-snippet":"max-snippet:-1","max-image-preview":"max-image-preview:large","max-video-preview":"max-video-preview:-1"},"canonical":"https:\/\/shopbrasil.vinyllandrecords.com\/produto\/romulo-froes-o-disco-das-horas\/","og_locale":"en_US","og_type":"article","og_title":"ROMULO FROES - O DISCO DAS HORAS - Vinyl Land Records","og_description":"O cantor e compositor Romulo Fr\u00f3es iniciou sua carreira na banda Losango C\u00e1qui. Em 2001 iniciou sua carreira solo.  Seu oitavo disco solo \u201cO Disco das Horas\u201d foi lan\u00e7ado em 2018. Um esp\u00e9cie de su\u00edte que descreve a jornada amorosa de um casal em um plano al\u00e9m-vida, lembrando e reencontrando seu passado, como numa tarde a dois num hotel, eternizada. O amor entre eles na frente de tudo. O amor como a\u00e7\u00e3o pol\u00edtica frente a dureza da vida.  Produzido pelo pr\u00f3prio artista em conjunto com Thiago Fran\u00e7a e Cac\u00e1 Lima, gravado pela empresa YBmusic.  As m\u00fasicas t\u00eam o t\u00edtulo de uma hora especifica, indo da 1\u00aa \u00e0 13\u00aa hora. Al\u00e9m dos trabalhos solo, Romulo Fr\u00f3es faz parte do grupo Passo Torto, ao lado de Kiko Dinucci, Rodrigo Campos e Marcelo Cabral.     M\u00daSICAS DO LP  Lado A:  1. Primeira Hora  2. Segunda Hora  3. Terceira Hora  4. Quarta Hora  5. Quinta Hora  6. Sexta Hora  7. S\u00e9tima Hora   Lado B:  1. Oitava Hora  2. Nona Hora  3. D\u00e9cima Hora  4. D\u00e9cima Primeira Hora  5. D\u00e9cima Segunda Hora  6. D\u00e9cima Terceira Hora","og_url":"https:\/\/shopbrasil.vinyllandrecords.com\/produto\/romulo-froes-o-disco-das-horas\/","og_site_name":"Vinyl Land Records","article_modified_time":"2022-06-23T23:36:59+00:00","og_image":[{"width":500,"height":500,"url":"https:\/\/shopbrasil.vinyllandrecords.com\/wp-content\/uploads\/2021\/03\/romulo.jpg","type":"image\/jpeg"}],"twitter_card":"summary_large_image","schema":{"@context":"https:\/\/schema.org","@graph":[{"@type":"WebPage","@id":"https:\/\/shopbrasil.vinyllandrecords.com\/produto\/romulo-froes-o-disco-das-horas\/","url":"https:\/\/shopbrasil.vinyllandrecords.com\/produto\/romulo-froes-o-disco-das-horas\/","name":"ROMULO FROES - O DISCO DAS HORAS - Vinyl Land Records","isPartOf":{"@id":"https:\/\/shopbrasil.vinyllandrecords.com\/#website"},"primaryImageOfPage":{"@id":"https:\/\/shopbrasil.vinyllandrecords.com\/produto\/romulo-froes-o-disco-das-horas\/#primaryimage"},"image":{"@id":"https:\/\/shopbrasil.vinyllandrecords.com\/produto\/romulo-froes-o-disco-das-horas\/#primaryimage"},"thumbnailUrl":"https:\/\/shopbrasil.vinyllandrecords.com\/wp-content\/uploads\/2021\/03\/romulo.jpg","datePublished":"2021-03-15T21:35:45+00:00","dateModified":"2022-06-23T23:36:59+00:00","breadcrumb":{"@id":"https:\/\/shopbrasil.vinyllandrecords.com\/produto\/romulo-froes-o-disco-das-horas\/#breadcrumb"},"inLanguage":"en-US","potentialAction":[{"@type":"ReadAction","target":["https:\/\/shopbrasil.vinyllandrecords.com\/produto\/romulo-froes-o-disco-das-horas\/"]}]},{"@type":"ImageObject","inLanguage":"en-US","@id":"https:\/\/shopbrasil.vinyllandrecords.com\/produto\/romulo-froes-o-disco-das-horas\/#primaryimage","url":"https:\/\/shopbrasil.vinyllandrecords.com\/wp-content\/uploads\/2021\/03\/romulo.jpg","contentUrl":"https:\/\/shopbrasil.vinyllandrecords.com\/wp-content\/uploads\/2021\/03\/romulo.jpg","width":500,"height":500},{"@type":"BreadcrumbList","@id":"https:\/\/shopbrasil.vinyllandrecords.com\/produto\/romulo-froes-o-disco-das-horas\/#breadcrumb","itemListElement":[{"@type":"ListItem","position":1,"name":"In\u00edcio","item":"https:\/\/shopbrasil.vinyllandrecords.com\/"},{"@type":"ListItem","position":2,"name":"Shops","item":"https:\/\/shopbrasil.vinyllandrecords.com\/shops\/"},{"@type":"ListItem","position":3,"name":"ROMULO FROES &#8211; O DISCO DAS HORAS"}]},{"@type":"WebSite","@id":"https:\/\/shopbrasil.vinyllandrecords.com\/#website","url":"https:\/\/shopbrasil.vinyllandrecords.com\/","name":"Vinyl Land Records","description":"ONLINE SHOP","potentialAction":[{"@type":"SearchAction","target":{"@type":"EntryPoint","urlTemplate":"https:\/\/shopbrasil.vinyllandrecords.com\/?s={search_term_string}"},"query-input":{"@type":"PropertyValueSpecification","valueRequired":true,"valueName":"search_term_string"}}],"inLanguage":"en-US"}]}},"_links":{"self":[{"href":"https:\/\/shopbrasil.vinyllandrecords.com\/en\/wp-json\/wp\/v2\/product\/68103","targetHints":{"allow":["GET"]}}],"collection":[{"href":"https:\/\/shopbrasil.vinyllandrecords.com\/en\/wp-json\/wp\/v2\/product"}],"about":[{"href":"https:\/\/shopbrasil.vinyllandrecords.com\/en\/wp-json\/wp\/v2\/types\/product"}],"wp:featuredmedia":[{"embeddable":true,"href":"https:\/\/shopbrasil.vinyllandrecords.com\/en\/wp-json\/wp\/v2\/media\/68106"}],"wp:attachment":[{"href":"https:\/\/shopbrasil.vinyllandrecords.com\/en\/wp-json\/wp\/v2\/media?parent=68103"}],"wp:term":[{"taxonomy":"product_brand","embeddable":true,"href":"https:\/\/shopbrasil.vinyllandrecords.com\/en\/wp-json\/wp\/v2\/product_brand?post=68103"},{"taxonomy":"product_cat","embeddable":true,"href":"https:\/\/shopbrasil.vinyllandrecords.com\/en\/wp-json\/wp\/v2\/product_cat?post=68103"},{"taxonomy":"product_tag","embeddable":true,"href":"https:\/\/shopbrasil.vinyllandrecords.com\/en\/wp-json\/wp\/v2\/product_tag?post=68103"}],"curies":[{"name":"wp","href":"https:\/\/api.w.org\/{rel}","templated":true}]}}