{"id":68107,"date":"2021-03-15T18:46:23","date_gmt":"2021-03-15T21:46:23","guid":{"rendered":"https:\/\/shopbrasil.vinyllandrecords.com\/?post_type=product&#038;p=68107"},"modified":"2021-05-07T15:29:14","modified_gmt":"2021-05-07T18:29:14","slug":"veronica-ferriani-porque-a-boca-fala-aquilo-do-que-o-coracao-ta-cheio","status":"publish","type":"product","link":"https:\/\/shopbrasil.vinyllandrecords.com\/en\/produto\/veronica-ferriani-porque-a-boca-fala-aquilo-do-que-o-coracao-ta-cheio\/","title":{"rendered":"VER\u00d4NICA FERRIANI &#8211; PORQUE A BOCA FALA AQUILO DO QUE O CORA\u00c7\u00c3O T\u00c1 CHEIO"},"content":{"rendered":"","protected":false},"excerpt":{"rendered":"<p><iframe width=\"560\" height=\"315\" src=\"https:\/\/www.youtube.com\/embed\/yy49aw6MULg\" frameborder=\"0\" allow=\"accelerometer; autoplay; clipboard-write; encrypted-media; gyroscope; picture-in-picture\" allowfullscreen><\/iframe><\/p>\n<p>LP VER\u00d4NICA FERRIANI<\/p>\n<p>PORQUE A BOCA FALA AQUILO DO QUE O CORA\u00c7\u00c3O T\u00c1 CHEIO<\/p>\n<p>(P) 2013, (C) 2020 \u2022 Bolach\u00e3o Discos<\/p>\n<p>\u2022 LP Branco<\/p>\n<p>\u2022 Capa Gatefold (capa dupla)<\/p>\n<p>\u2022 Com Encarte<\/p>\n<p>Made In Brazil<\/p>\n<p>Faixas:<\/p>\n<p>A1 Estampa E S\u00f3<br \/>\nA2 Zepelins<br \/>\nA3 De Boca Cheia<br \/>\nA4 Ele N\u00e3o Volta Mais<br \/>\nA5 \u00c0 Segunda Vista<\/p>\n<p>B1 Era Preciso Saber<br \/>\nB2 Dan\u00e7a A Menina<br \/>\nB3 N\u00e3o \u00c9 N\u00e3o<br \/>\nB4 Esvaziou<br \/>\nB5 C&#8217;est La Vie<br \/>\nSOBRE O DISCO:<\/p>\n<p>PORQUE A BOCA FALA AQUILO DO QUE O CORA\u00c7\u00c3O T\u00c1 CHEIO, \u00e9 a frase que d\u00e1 nome ao segundo \u00e1lbum de Ver\u00f4nica Ferriani, gravado em 2013 com a produ\u00e7\u00e3o de Marcelo Cabral e Gustavo Ruiz e que chega agora pela primeira vez no formato disco de vinil, em edi\u00e7\u00e3o limitada estreando o cat\u00e1logo da Bolach\u00e3o Discos.<\/p>\n<p>Importante int\u00e9rprete de sua gera\u00e7\u00e3o, a cantora se afirma tamb\u00e9m como compositora ao assinar as 10 faixas do disco, compostas entre 2011 e 2012. As can\u00e7\u00f5es entre si, t\u00eam em comum o mais universal dos temas &#8211; o amor, sob recorte ir\u00f4nico dos diferentes pap\u00e9is vividos por cada pessoa em suas rela\u00e7\u00f5es amorosas. De sonoridade ardente, Ver\u00f4nica envolve o ouvido com sua voz incendiada e arrebatadora. O \u00e1lbum teve seu lan\u00e7amento simult\u00e2neo no Jap\u00e3o e sua turn\u00ea viajou 13 pa\u00edses. Um disco necess\u00e1rio.<\/p>\n","protected":false},"featured_media":68109,"template":"","meta":[],"product_brand":[],"product_cat":[107,111,140,97],"product_tag":[],"class_list":{"0":"post-68107","1":"product","2":"type-product","3":"status-publish","4":"has-post-thumbnail","6":"product_cat-garimpo","7":"product_cat-destaque","8":"product_cat-bolachao-discos","9":"product_cat-lp","11":"first","12":"instock","13":"taxable","14":"shipping-taxable","15":"purchasable","16":"product-type-simple"},"yoast_head":"<!-- This site is optimized with the Yoast SEO plugin v27.4 - https:\/\/yoast.com\/product\/yoast-seo-wordpress\/ -->\n<title>VER\u00d4NICA FERRIANI - PORQUE A BOCA FALA AQUILO DO QUE O CORA\u00c7\u00c3O T\u00c1 CHEIO - Vinyl Land Records<\/title>\n<meta name=\"robots\" content=\"index, follow, max-snippet:-1, max-image-preview:large, max-video-preview:-1\" \/>\n<link rel=\"canonical\" href=\"https:\/\/shopbrasil.vinyllandrecords.com\/produto\/veronica-ferriani-porque-a-boca-fala-aquilo-do-que-o-coracao-ta-cheio\/\" \/>\n<meta property=\"og:locale\" content=\"en_US\" \/>\n<meta property=\"og:type\" content=\"article\" \/>\n<meta property=\"og:title\" content=\"VER\u00d4NICA FERRIANI - PORQUE A BOCA FALA AQUILO DO QUE O CORA\u00c7\u00c3O T\u00c1 CHEIO - Vinyl Land Records\" \/>\n<meta property=\"og:description\" content=\"[:pb]  LP VER\u00d4NICA FERRIANI  PORQUE A BOCA FALA AQUILO DO QUE O CORA\u00c7\u00c3O T\u00c1 CHEIO  (P) 2013, (C) 2020 \u2022 Bolach\u00e3o Discos  \u2022 LP Branco  \u2022 Capa Gatefold (capa dupla)  \u2022 Com Encarte  Made In Brazil  Faixas:  A1 Estampa E S\u00f3 A2 Zepelins A3 De Boca Cheia A4 Ele N\u00e3o Volta Mais A5 \u00c0 Segunda Vista  B1 Era Preciso Saber B2 Dan\u00e7a A Menina B3 N\u00e3o \u00c9 N\u00e3o B4 Esvaziou B5 C&#039;est La Vie SOBRE O DISCO:  PORQUE A BOCA FALA AQUILO DO QUE O CORA\u00c7\u00c3O T\u00c1 CHEIO, \u00e9 a frase que d\u00e1 nome ao segundo \u00e1lbum de Ver\u00f4nica Ferriani, gravado em 2013 com a produ\u00e7\u00e3o de Marcelo Cabral e Gustavo Ruiz e que chega agora pela primeira vez no formato disco de vinil, em edi\u00e7\u00e3o limitada estreando o cat\u00e1logo da Bolach\u00e3o Discos.  Importante int\u00e9rprete de sua gera\u00e7\u00e3o, a cantora se afirma tamb\u00e9m como compositora ao assinar as 10 faixas do disco, compostas entre 2011 e 2012. As can\u00e7\u00f5es entre si, t\u00eam em comum o mais universal dos temas - o amor, sob recorte ir\u00f4nico dos diferentes pap\u00e9is vividos por cada pessoa em suas rela\u00e7\u00f5es amorosas. De sonoridade ardente, Ver\u00f4nica envolve o ouvido com sua voz incendiada e arrebatadora. O \u00e1lbum teve seu lan\u00e7amento simult\u00e2neo no Jap\u00e3o e sua turn\u00ea viajou 13 pa\u00edses. Um disco necess\u00e1rio.[:en]  LP VER\u00d4NICA FERRIANI  PORQUE A BOCA FALA AQUILO DO QUE O CORA\u00c7\u00c3O T\u00c1 CHEIO  (P) 2013, (C) 2020 \u2022 Bolach\u00e3o Discos  \u2022 LP Branco  \u2022 Capa Gatefold (capa dupla)  \u2022 Com Encarte  Made In Brazil  Faixas:  A1 Estampa E S\u00f3 A2 Zepelins A3 De Boca Cheia A4 Ele N\u00e3o Volta Mais A5 \u00c0 Segunda Vista   B1 Era Preciso Saber B2 Dan\u00e7a A Menina B3 N\u00e3o \u00c9 N\u00e3o B4 Esvaziou B5 C&#039;est La Vie SOBRE O DISCO:  PORQUE A BOCA FALA AQUILO DO QUE O CORA\u00c7\u00c3O T\u00c1 CHEIO, \u00e9 a frase que d\u00e1 nome ao segundo \u00e1lbum de Ver\u00f4nica Ferriani, gravado em 2013 com a produ\u00e7\u00e3o de Marcelo Cabral e Gustavo Ruiz e que chega agora pela primeira vez no formato disco de vinil, em edi\u00e7\u00e3o limitada estreando o cat\u00e1logo da Bolach\u00e3o Discos.  Importante int\u00e9rprete de sua gera\u00e7\u00e3o, a cantora se afirma tamb\u00e9m como compositora ao assinar as 10 faixas do disco, compostas entre 2011 e 2012. As can\u00e7\u00f5es entre si, t\u00eam em comum o mais universal dos temas - o amor, sob recorte ir\u00f4nico dos diferentes pap\u00e9is vividos por cada pessoa em suas rela\u00e7\u00f5es amorosas. De sonoridade ardente, Ver\u00f4nica envolve o ouvido com sua voz incendiada e arrebatadora. O \u00e1lbum teve seu lan\u00e7amento simult\u00e2neo no Jap\u00e3o e sua turn\u00ea viajou 13 pa\u00edses. Um disco necess\u00e1rio.[:]\" \/>\n<meta property=\"og:url\" content=\"https:\/\/shopbrasil.vinyllandrecords.com\/produto\/veronica-ferriani-porque-a-boca-fala-aquilo-do-que-o-coracao-ta-cheio\/\" \/>\n<meta property=\"og:site_name\" content=\"Vinyl Land Records\" \/>\n<meta property=\"article:modified_time\" content=\"2021-05-07T18:29:14+00:00\" \/>\n<meta property=\"og:image\" content=\"https:\/\/shopbrasil.vinyllandrecords.com\/wp-content\/uploads\/2021\/03\/vero.jpg\" \/>\n\t<meta property=\"og:image:width\" content=\"600\" \/>\n\t<meta property=\"og:image:height\" content=\"600\" \/>\n\t<meta property=\"og:image:type\" content=\"image\/jpeg\" \/>\n<meta name=\"twitter:card\" content=\"summary_large_image\" \/>\n<script type=\"application\/ld+json\" class=\"yoast-schema-graph\">{\"@context\":\"https:\\\/\\\/schema.org\",\"@graph\":[{\"@type\":\"WebPage\",\"@id\":\"https:\\\/\\\/shopbrasil.vinyllandrecords.com\\\/produto\\\/veronica-ferriani-porque-a-boca-fala-aquilo-do-que-o-coracao-ta-cheio\\\/\",\"url\":\"https:\\\/\\\/shopbrasil.vinyllandrecords.com\\\/produto\\\/veronica-ferriani-porque-a-boca-fala-aquilo-do-que-o-coracao-ta-cheio\\\/\",\"name\":\"VER\u00d4NICA FERRIANI - PORQUE A BOCA FALA AQUILO DO QUE O CORA\u00c7\u00c3O T\u00c1 CHEIO - Vinyl Land Records\",\"isPartOf\":{\"@id\":\"https:\\\/\\\/shopbrasil.vinyllandrecords.com\\\/#website\"},\"primaryImageOfPage\":{\"@id\":\"https:\\\/\\\/shopbrasil.vinyllandrecords.com\\\/produto\\\/veronica-ferriani-porque-a-boca-fala-aquilo-do-que-o-coracao-ta-cheio\\\/#primaryimage\"},\"image\":{\"@id\":\"https:\\\/\\\/shopbrasil.vinyllandrecords.com\\\/produto\\\/veronica-ferriani-porque-a-boca-fala-aquilo-do-que-o-coracao-ta-cheio\\\/#primaryimage\"},\"thumbnailUrl\":\"https:\\\/\\\/shopbrasil.vinyllandrecords.com\\\/wp-content\\\/uploads\\\/2021\\\/03\\\/vero.jpg\",\"datePublished\":\"2021-03-15T21:46:23+00:00\",\"dateModified\":\"2021-05-07T18:29:14+00:00\",\"breadcrumb\":{\"@id\":\"https:\\\/\\\/shopbrasil.vinyllandrecords.com\\\/produto\\\/veronica-ferriani-porque-a-boca-fala-aquilo-do-que-o-coracao-ta-cheio\\\/#breadcrumb\"},\"inLanguage\":\"en-US\",\"potentialAction\":[{\"@type\":\"ReadAction\",\"target\":[\"https:\\\/\\\/shopbrasil.vinyllandrecords.com\\\/produto\\\/veronica-ferriani-porque-a-boca-fala-aquilo-do-que-o-coracao-ta-cheio\\\/\"]}]},{\"@type\":\"ImageObject\",\"inLanguage\":\"en-US\",\"@id\":\"https:\\\/\\\/shopbrasil.vinyllandrecords.com\\\/produto\\\/veronica-ferriani-porque-a-boca-fala-aquilo-do-que-o-coracao-ta-cheio\\\/#primaryimage\",\"url\":\"https:\\\/\\\/shopbrasil.vinyllandrecords.com\\\/wp-content\\\/uploads\\\/2021\\\/03\\\/vero.jpg\",\"contentUrl\":\"https:\\\/\\\/shopbrasil.vinyllandrecords.com\\\/wp-content\\\/uploads\\\/2021\\\/03\\\/vero.jpg\",\"width\":600,\"height\":600},{\"@type\":\"BreadcrumbList\",\"@id\":\"https:\\\/\\\/shopbrasil.vinyllandrecords.com\\\/produto\\\/veronica-ferriani-porque-a-boca-fala-aquilo-do-que-o-coracao-ta-cheio\\\/#breadcrumb\",\"itemListElement\":[{\"@type\":\"ListItem\",\"position\":1,\"name\":\"In\u00edcio\",\"item\":\"https:\\\/\\\/shopbrasil.vinyllandrecords.com\\\/\"},{\"@type\":\"ListItem\",\"position\":2,\"name\":\"Shops\",\"item\":\"https:\\\/\\\/shopbrasil.vinyllandrecords.com\\\/shops\\\/\"},{\"@type\":\"ListItem\",\"position\":3,\"name\":\"VER\u00d4NICA FERRIANI &#8211; PORQUE A BOCA FALA AQUILO DO QUE O CORA\u00c7\u00c3O T\u00c1 CHEIO\"}]},{\"@type\":\"WebSite\",\"@id\":\"https:\\\/\\\/shopbrasil.vinyllandrecords.com\\\/#website\",\"url\":\"https:\\\/\\\/shopbrasil.vinyllandrecords.com\\\/\",\"name\":\"Vinyl Land Records\",\"description\":\"ONLINE SHOP\",\"potentialAction\":[{\"@type\":\"SearchAction\",\"target\":{\"@type\":\"EntryPoint\",\"urlTemplate\":\"https:\\\/\\\/shopbrasil.vinyllandrecords.com\\\/?s={search_term_string}\"},\"query-input\":{\"@type\":\"PropertyValueSpecification\",\"valueRequired\":true,\"valueName\":\"search_term_string\"}}],\"inLanguage\":\"en-US\"}]}<\/script>\n<!-- \/ Yoast SEO plugin. -->","yoast_head_json":{"title":"VER\u00d4NICA FERRIANI - PORQUE A BOCA FALA AQUILO DO QUE O CORA\u00c7\u00c3O T\u00c1 CHEIO - Vinyl Land Records","robots":{"index":"index","follow":"follow","max-snippet":"max-snippet:-1","max-image-preview":"max-image-preview:large","max-video-preview":"max-video-preview:-1"},"canonical":"https:\/\/shopbrasil.vinyllandrecords.com\/produto\/veronica-ferriani-porque-a-boca-fala-aquilo-do-que-o-coracao-ta-cheio\/","og_locale":"en_US","og_type":"article","og_title":"VER\u00d4NICA FERRIANI - PORQUE A BOCA FALA AQUILO DO QUE O CORA\u00c7\u00c3O T\u00c1 CHEIO - Vinyl Land Records","og_description":"[:pb]  LP VER\u00d4NICA FERRIANI  PORQUE A BOCA FALA AQUILO DO QUE O CORA\u00c7\u00c3O T\u00c1 CHEIO  (P) 2013, (C) 2020 \u2022 Bolach\u00e3o Discos  \u2022 LP Branco  \u2022 Capa Gatefold (capa dupla)  \u2022 Com Encarte  Made In Brazil  Faixas:  A1 Estampa E S\u00f3 A2 Zepelins A3 De Boca Cheia A4 Ele N\u00e3o Volta Mais A5 \u00c0 Segunda Vista  B1 Era Preciso Saber B2 Dan\u00e7a A Menina B3 N\u00e3o \u00c9 N\u00e3o B4 Esvaziou B5 C'est La Vie SOBRE O DISCO:  PORQUE A BOCA FALA AQUILO DO QUE O CORA\u00c7\u00c3O T\u00c1 CHEIO, \u00e9 a frase que d\u00e1 nome ao segundo \u00e1lbum de Ver\u00f4nica Ferriani, gravado em 2013 com a produ\u00e7\u00e3o de Marcelo Cabral e Gustavo Ruiz e que chega agora pela primeira vez no formato disco de vinil, em edi\u00e7\u00e3o limitada estreando o cat\u00e1logo da Bolach\u00e3o Discos.  Importante int\u00e9rprete de sua gera\u00e7\u00e3o, a cantora se afirma tamb\u00e9m como compositora ao assinar as 10 faixas do disco, compostas entre 2011 e 2012. As can\u00e7\u00f5es entre si, t\u00eam em comum o mais universal dos temas - o amor, sob recorte ir\u00f4nico dos diferentes pap\u00e9is vividos por cada pessoa em suas rela\u00e7\u00f5es amorosas. De sonoridade ardente, Ver\u00f4nica envolve o ouvido com sua voz incendiada e arrebatadora. O \u00e1lbum teve seu lan\u00e7amento simult\u00e2neo no Jap\u00e3o e sua turn\u00ea viajou 13 pa\u00edses. Um disco necess\u00e1rio.[:en]  LP VER\u00d4NICA FERRIANI  PORQUE A BOCA FALA AQUILO DO QUE O CORA\u00c7\u00c3O T\u00c1 CHEIO  (P) 2013, (C) 2020 \u2022 Bolach\u00e3o Discos  \u2022 LP Branco  \u2022 Capa Gatefold (capa dupla)  \u2022 Com Encarte  Made In Brazil  Faixas:  A1 Estampa E S\u00f3 A2 Zepelins A3 De Boca Cheia A4 Ele N\u00e3o Volta Mais A5 \u00c0 Segunda Vista   B1 Era Preciso Saber B2 Dan\u00e7a A Menina B3 N\u00e3o \u00c9 N\u00e3o B4 Esvaziou B5 C'est La Vie SOBRE O DISCO:  PORQUE A BOCA FALA AQUILO DO QUE O CORA\u00c7\u00c3O T\u00c1 CHEIO, \u00e9 a frase que d\u00e1 nome ao segundo \u00e1lbum de Ver\u00f4nica Ferriani, gravado em 2013 com a produ\u00e7\u00e3o de Marcelo Cabral e Gustavo Ruiz e que chega agora pela primeira vez no formato disco de vinil, em edi\u00e7\u00e3o limitada estreando o cat\u00e1logo da Bolach\u00e3o Discos.  Importante int\u00e9rprete de sua gera\u00e7\u00e3o, a cantora se afirma tamb\u00e9m como compositora ao assinar as 10 faixas do disco, compostas entre 2011 e 2012. As can\u00e7\u00f5es entre si, t\u00eam em comum o mais universal dos temas - o amor, sob recorte ir\u00f4nico dos diferentes pap\u00e9is vividos por cada pessoa em suas rela\u00e7\u00f5es amorosas. De sonoridade ardente, Ver\u00f4nica envolve o ouvido com sua voz incendiada e arrebatadora. O \u00e1lbum teve seu lan\u00e7amento simult\u00e2neo no Jap\u00e3o e sua turn\u00ea viajou 13 pa\u00edses. Um disco necess\u00e1rio.[:]","og_url":"https:\/\/shopbrasil.vinyllandrecords.com\/produto\/veronica-ferriani-porque-a-boca-fala-aquilo-do-que-o-coracao-ta-cheio\/","og_site_name":"Vinyl Land Records","article_modified_time":"2021-05-07T18:29:14+00:00","og_image":[{"width":600,"height":600,"url":"https:\/\/shopbrasil.vinyllandrecords.com\/wp-content\/uploads\/2021\/03\/vero.jpg","type":"image\/jpeg"}],"twitter_card":"summary_large_image","schema":{"@context":"https:\/\/schema.org","@graph":[{"@type":"WebPage","@id":"https:\/\/shopbrasil.vinyllandrecords.com\/produto\/veronica-ferriani-porque-a-boca-fala-aquilo-do-que-o-coracao-ta-cheio\/","url":"https:\/\/shopbrasil.vinyllandrecords.com\/produto\/veronica-ferriani-porque-a-boca-fala-aquilo-do-que-o-coracao-ta-cheio\/","name":"VER\u00d4NICA FERRIANI - PORQUE A BOCA FALA AQUILO DO QUE O CORA\u00c7\u00c3O T\u00c1 CHEIO - Vinyl Land Records","isPartOf":{"@id":"https:\/\/shopbrasil.vinyllandrecords.com\/#website"},"primaryImageOfPage":{"@id":"https:\/\/shopbrasil.vinyllandrecords.com\/produto\/veronica-ferriani-porque-a-boca-fala-aquilo-do-que-o-coracao-ta-cheio\/#primaryimage"},"image":{"@id":"https:\/\/shopbrasil.vinyllandrecords.com\/produto\/veronica-ferriani-porque-a-boca-fala-aquilo-do-que-o-coracao-ta-cheio\/#primaryimage"},"thumbnailUrl":"https:\/\/shopbrasil.vinyllandrecords.com\/wp-content\/uploads\/2021\/03\/vero.jpg","datePublished":"2021-03-15T21:46:23+00:00","dateModified":"2021-05-07T18:29:14+00:00","breadcrumb":{"@id":"https:\/\/shopbrasil.vinyllandrecords.com\/produto\/veronica-ferriani-porque-a-boca-fala-aquilo-do-que-o-coracao-ta-cheio\/#breadcrumb"},"inLanguage":"en-US","potentialAction":[{"@type":"ReadAction","target":["https:\/\/shopbrasil.vinyllandrecords.com\/produto\/veronica-ferriani-porque-a-boca-fala-aquilo-do-que-o-coracao-ta-cheio\/"]}]},{"@type":"ImageObject","inLanguage":"en-US","@id":"https:\/\/shopbrasil.vinyllandrecords.com\/produto\/veronica-ferriani-porque-a-boca-fala-aquilo-do-que-o-coracao-ta-cheio\/#primaryimage","url":"https:\/\/shopbrasil.vinyllandrecords.com\/wp-content\/uploads\/2021\/03\/vero.jpg","contentUrl":"https:\/\/shopbrasil.vinyllandrecords.com\/wp-content\/uploads\/2021\/03\/vero.jpg","width":600,"height":600},{"@type":"BreadcrumbList","@id":"https:\/\/shopbrasil.vinyllandrecords.com\/produto\/veronica-ferriani-porque-a-boca-fala-aquilo-do-que-o-coracao-ta-cheio\/#breadcrumb","itemListElement":[{"@type":"ListItem","position":1,"name":"In\u00edcio","item":"https:\/\/shopbrasil.vinyllandrecords.com\/"},{"@type":"ListItem","position":2,"name":"Shops","item":"https:\/\/shopbrasil.vinyllandrecords.com\/shops\/"},{"@type":"ListItem","position":3,"name":"VER\u00d4NICA FERRIANI &#8211; PORQUE A BOCA FALA AQUILO DO QUE O CORA\u00c7\u00c3O T\u00c1 CHEIO"}]},{"@type":"WebSite","@id":"https:\/\/shopbrasil.vinyllandrecords.com\/#website","url":"https:\/\/shopbrasil.vinyllandrecords.com\/","name":"Vinyl Land Records","description":"ONLINE SHOP","potentialAction":[{"@type":"SearchAction","target":{"@type":"EntryPoint","urlTemplate":"https:\/\/shopbrasil.vinyllandrecords.com\/?s={search_term_string}"},"query-input":{"@type":"PropertyValueSpecification","valueRequired":true,"valueName":"search_term_string"}}],"inLanguage":"en-US"}]}},"_links":{"self":[{"href":"https:\/\/shopbrasil.vinyllandrecords.com\/en\/wp-json\/wp\/v2\/product\/68107","targetHints":{"allow":["GET"]}}],"collection":[{"href":"https:\/\/shopbrasil.vinyllandrecords.com\/en\/wp-json\/wp\/v2\/product"}],"about":[{"href":"https:\/\/shopbrasil.vinyllandrecords.com\/en\/wp-json\/wp\/v2\/types\/product"}],"wp:featuredmedia":[{"embeddable":true,"href":"https:\/\/shopbrasil.vinyllandrecords.com\/en\/wp-json\/wp\/v2\/media\/68109"}],"wp:attachment":[{"href":"https:\/\/shopbrasil.vinyllandrecords.com\/en\/wp-json\/wp\/v2\/media?parent=68107"}],"wp:term":[{"taxonomy":"product_brand","embeddable":true,"href":"https:\/\/shopbrasil.vinyllandrecords.com\/en\/wp-json\/wp\/v2\/product_brand?post=68107"},{"taxonomy":"product_cat","embeddable":true,"href":"https:\/\/shopbrasil.vinyllandrecords.com\/en\/wp-json\/wp\/v2\/product_cat?post=68107"},{"taxonomy":"product_tag","embeddable":true,"href":"https:\/\/shopbrasil.vinyllandrecords.com\/en\/wp-json\/wp\/v2\/product_tag?post=68107"}],"curies":[{"name":"wp","href":"https:\/\/api.w.org\/{rel}","templated":true}]}}