{"id":68143,"date":"2021-04-22T16:37:05","date_gmt":"2021-04-22T19:37:05","guid":{"rendered":"https:\/\/shopbrasil.vinyllandrecords.com\/?post_type=product&#038;p=68143"},"modified":"2024-10-27T00:50:34","modified_gmt":"2024-10-27T03:50:34","slug":"ronnie-von-a-maquina-voadora","status":"publish","type":"product","link":"https:\/\/shopbrasil.vinyllandrecords.com\/en\/produto\/ronnie-von-a-maquina-voadora\/","title":{"rendered":"RONNIE VON &#8211; A M\u00c1QUINA VOADORA"},"content":{"rendered":"","protected":false},"excerpt":{"rendered":"<p><iframe width=\"560\" height=\"315\" src=\"https:\/\/www.youtube.com\/embed\/l64I8EDoFME\" title=\"YouTube video player\" frameborder=\"0\" allow=\"accelerometer; autoplay; clipboard-write; encrypted-media; gyroscope; picture-in-picture\" allowfullscreen><\/iframe><\/p>\n<p>M\u00e1quina Voadora \u00e9 um marco da m\u00fasica brasileira, inspirado na psicodelia dos Beatles.<\/p>\n<p>O disco, quase conceitual, tem como  tema a avia\u00e7\u00e3o e faz refer\u00eancias aos livros escritos por Antoine de Saint-Exup\u00e9ry, em particular o Pequeno Pr\u00edncipe.<\/p>\n<p>               Lado A<\/p>\n<p>                        1. A M\u00e1quina Voadora<\/p>\n<p>                         2. Baby de Tal<\/p>\n<p>                         3. O Ver\u00e3o Nos Chama<\/p>\n<p>                         4. Seu Olhar No Meu<\/p>\n<p>                         5. Imagem<\/p>\n<p>                         6. Continentes e Civiliza\u00e7\u00f5es <\/p>\n<p>                Lado B<\/p>\n<p>                          1.  Viva o Chopp Escuro<\/p>\n<p>                          2. Enseada<\/p>\n<p>                          3.Tema de Alessandra<\/p>\n<p>                          4. \u00c1guas de Sempre<\/p>\n<p>                          5. Cidade<\/p>\n<p>                          6. Voc\u00ea de Azul<\/p>\n","protected":false},"featured_media":68144,"template":"","meta":[],"product_brand":[],"product_cat":[143],"product_tag":[],"class_list":{"0":"post-68143","1":"product","2":"type-product","3":"status-publish","4":"has-post-thumbnail","6":"product_cat-monstro-discos","8":"first","9":"outofstock","10":"taxable","11":"shipping-taxable","12":"purchasable","13":"product-type-simple"},"yoast_head":"<!-- This site is optimized with the Yoast SEO plugin v27.3 - https:\/\/yoast.com\/product\/yoast-seo-wordpress\/ -->\n<title>RONNIE VON - A M\u00c1QUINA VOADORA - Vinyl Land Records<\/title>\n<meta name=\"robots\" content=\"index, follow, max-snippet:-1, max-image-preview:large, max-video-preview:-1\" \/>\n<link rel=\"canonical\" href=\"https:\/\/shopbrasil.vinyllandrecords.com\/produto\/ronnie-von-a-maquina-voadora\/\" \/>\n<meta property=\"og:locale\" content=\"en_US\" \/>\n<meta property=\"og:type\" content=\"article\" \/>\n<meta property=\"og:title\" content=\"RONNIE VON - A M\u00c1QUINA VOADORA - Vinyl Land Records\" \/>\n<meta property=\"og:description\" content=\"M\u00e1quina Voadora \u00e9 um marco da m\u00fasica brasileira, inspirado na psicodelia dos Beatles.  O disco, quase conceitual, tem como tema a avia\u00e7\u00e3o e faz refer\u00eancias aos livros escritos por Antoine de Saint-Exup\u00e9ry, em particular o Pequeno Pr\u00edncipe.          Lado A              1. A M\u00e1quina Voadora               2. Baby de Tal               3. O Ver\u00e3o Nos Chama               4. Seu Olhar No Meu               5. Imagem               6. Continentes e Civiliza\u00e7\u00f5es                 Lado B               1. Viva o Chopp Escuro               2. Enseada               3.Tema de Alessandra               4. \u00c1guas de Sempre               5. Cidade               6. Voc\u00ea de Azul\" \/>\n<meta property=\"og:url\" content=\"https:\/\/shopbrasil.vinyllandrecords.com\/produto\/ronnie-von-a-maquina-voadora\/\" \/>\n<meta property=\"og:site_name\" content=\"Vinyl Land Records\" \/>\n<meta property=\"article:modified_time\" content=\"2024-10-27T03:50:34+00:00\" \/>\n<meta property=\"og:image\" content=\"https:\/\/shopbrasil.vinyllandrecords.com\/wp-content\/uploads\/2021\/04\/Ronnie-Von-A-Ma\u0301quina-Voadora-1970.jpg\" \/>\n\t<meta property=\"og:image:width\" content=\"620\" \/>\n\t<meta property=\"og:image:height\" content=\"622\" \/>\n\t<meta property=\"og:image:type\" content=\"image\/jpeg\" \/>\n<meta name=\"twitter:card\" content=\"summary_large_image\" \/>\n<script type=\"application\/ld+json\" class=\"yoast-schema-graph\">{\"@context\":\"https:\\\/\\\/schema.org\",\"@graph\":[{\"@type\":\"WebPage\",\"@id\":\"https:\\\/\\\/shopbrasil.vinyllandrecords.com\\\/produto\\\/ronnie-von-a-maquina-voadora\\\/\",\"url\":\"https:\\\/\\\/shopbrasil.vinyllandrecords.com\\\/produto\\\/ronnie-von-a-maquina-voadora\\\/\",\"name\":\"RONNIE VON - A M\u00c1QUINA VOADORA - Vinyl Land Records\",\"isPartOf\":{\"@id\":\"https:\\\/\\\/shopbrasil.vinyllandrecords.com\\\/#website\"},\"primaryImageOfPage\":{\"@id\":\"https:\\\/\\\/shopbrasil.vinyllandrecords.com\\\/produto\\\/ronnie-von-a-maquina-voadora\\\/#primaryimage\"},\"image\":{\"@id\":\"https:\\\/\\\/shopbrasil.vinyllandrecords.com\\\/produto\\\/ronnie-von-a-maquina-voadora\\\/#primaryimage\"},\"thumbnailUrl\":\"https:\\\/\\\/shopbrasil.vinyllandrecords.com\\\/wp-content\\\/uploads\\\/2021\\\/04\\\/Ronnie-Von-A-Ma\u0301quina-Voadora-1970.jpg\",\"datePublished\":\"2021-04-22T19:37:05+00:00\",\"dateModified\":\"2024-10-27T03:50:34+00:00\",\"breadcrumb\":{\"@id\":\"https:\\\/\\\/shopbrasil.vinyllandrecords.com\\\/produto\\\/ronnie-von-a-maquina-voadora\\\/#breadcrumb\"},\"inLanguage\":\"en-US\",\"potentialAction\":[{\"@type\":\"ReadAction\",\"target\":[\"https:\\\/\\\/shopbrasil.vinyllandrecords.com\\\/produto\\\/ronnie-von-a-maquina-voadora\\\/\"]}]},{\"@type\":\"ImageObject\",\"inLanguage\":\"en-US\",\"@id\":\"https:\\\/\\\/shopbrasil.vinyllandrecords.com\\\/produto\\\/ronnie-von-a-maquina-voadora\\\/#primaryimage\",\"url\":\"https:\\\/\\\/shopbrasil.vinyllandrecords.com\\\/wp-content\\\/uploads\\\/2021\\\/04\\\/Ronnie-Von-A-Ma\u0301quina-Voadora-1970.jpg\",\"contentUrl\":\"https:\\\/\\\/shopbrasil.vinyllandrecords.com\\\/wp-content\\\/uploads\\\/2021\\\/04\\\/Ronnie-Von-A-Ma\u0301quina-Voadora-1970.jpg\",\"width\":620,\"height\":622},{\"@type\":\"BreadcrumbList\",\"@id\":\"https:\\\/\\\/shopbrasil.vinyllandrecords.com\\\/produto\\\/ronnie-von-a-maquina-voadora\\\/#breadcrumb\",\"itemListElement\":[{\"@type\":\"ListItem\",\"position\":1,\"name\":\"In\u00edcio\",\"item\":\"https:\\\/\\\/shopbrasil.vinyllandrecords.com\\\/\"},{\"@type\":\"ListItem\",\"position\":2,\"name\":\"Shops\",\"item\":\"https:\\\/\\\/shopbrasil.vinyllandrecords.com\\\/shops\\\/\"},{\"@type\":\"ListItem\",\"position\":3,\"name\":\"RONNIE VON &#8211; A M\u00c1QUINA VOADORA\"}]},{\"@type\":\"WebSite\",\"@id\":\"https:\\\/\\\/shopbrasil.vinyllandrecords.com\\\/#website\",\"url\":\"https:\\\/\\\/shopbrasil.vinyllandrecords.com\\\/\",\"name\":\"Vinyl Land Records\",\"description\":\"ONLINE SHOP\",\"potentialAction\":[{\"@type\":\"SearchAction\",\"target\":{\"@type\":\"EntryPoint\",\"urlTemplate\":\"https:\\\/\\\/shopbrasil.vinyllandrecords.com\\\/?s={search_term_string}\"},\"query-input\":{\"@type\":\"PropertyValueSpecification\",\"valueRequired\":true,\"valueName\":\"search_term_string\"}}],\"inLanguage\":\"en-US\"}]}<\/script>\n<!-- \/ Yoast SEO plugin. -->","yoast_head_json":{"title":"RONNIE VON - A M\u00c1QUINA VOADORA - Vinyl Land Records","robots":{"index":"index","follow":"follow","max-snippet":"max-snippet:-1","max-image-preview":"max-image-preview:large","max-video-preview":"max-video-preview:-1"},"canonical":"https:\/\/shopbrasil.vinyllandrecords.com\/produto\/ronnie-von-a-maquina-voadora\/","og_locale":"en_US","og_type":"article","og_title":"RONNIE VON - A M\u00c1QUINA VOADORA - Vinyl Land Records","og_description":"M\u00e1quina Voadora \u00e9 um marco da m\u00fasica brasileira, inspirado na psicodelia dos Beatles.  O disco, quase conceitual, tem como tema a avia\u00e7\u00e3o e faz refer\u00eancias aos livros escritos por Antoine de Saint-Exup\u00e9ry, em particular o Pequeno Pr\u00edncipe.          Lado A              1. A M\u00e1quina Voadora               2. Baby de Tal               3. O Ver\u00e3o Nos Chama               4. Seu Olhar No Meu               5. Imagem               6. Continentes e Civiliza\u00e7\u00f5es                 Lado B               1. Viva o Chopp Escuro               2. Enseada               3.Tema de Alessandra               4. \u00c1guas de Sempre               5. Cidade               6. Voc\u00ea de Azul","og_url":"https:\/\/shopbrasil.vinyllandrecords.com\/produto\/ronnie-von-a-maquina-voadora\/","og_site_name":"Vinyl Land Records","article_modified_time":"2024-10-27T03:50:34+00:00","og_image":[{"width":620,"height":622,"url":"https:\/\/shopbrasil.vinyllandrecords.com\/wp-content\/uploads\/2021\/04\/Ronnie-Von-A-Ma\u0301quina-Voadora-1970.jpg","type":"image\/jpeg"}],"twitter_card":"summary_large_image","schema":{"@context":"https:\/\/schema.org","@graph":[{"@type":"WebPage","@id":"https:\/\/shopbrasil.vinyllandrecords.com\/produto\/ronnie-von-a-maquina-voadora\/","url":"https:\/\/shopbrasil.vinyllandrecords.com\/produto\/ronnie-von-a-maquina-voadora\/","name":"RONNIE VON - A M\u00c1QUINA VOADORA - Vinyl Land Records","isPartOf":{"@id":"https:\/\/shopbrasil.vinyllandrecords.com\/#website"},"primaryImageOfPage":{"@id":"https:\/\/shopbrasil.vinyllandrecords.com\/produto\/ronnie-von-a-maquina-voadora\/#primaryimage"},"image":{"@id":"https:\/\/shopbrasil.vinyllandrecords.com\/produto\/ronnie-von-a-maquina-voadora\/#primaryimage"},"thumbnailUrl":"https:\/\/shopbrasil.vinyllandrecords.com\/wp-content\/uploads\/2021\/04\/Ronnie-Von-A-Ma\u0301quina-Voadora-1970.jpg","datePublished":"2021-04-22T19:37:05+00:00","dateModified":"2024-10-27T03:50:34+00:00","breadcrumb":{"@id":"https:\/\/shopbrasil.vinyllandrecords.com\/produto\/ronnie-von-a-maquina-voadora\/#breadcrumb"},"inLanguage":"en-US","potentialAction":[{"@type":"ReadAction","target":["https:\/\/shopbrasil.vinyllandrecords.com\/produto\/ronnie-von-a-maquina-voadora\/"]}]},{"@type":"ImageObject","inLanguage":"en-US","@id":"https:\/\/shopbrasil.vinyllandrecords.com\/produto\/ronnie-von-a-maquina-voadora\/#primaryimage","url":"https:\/\/shopbrasil.vinyllandrecords.com\/wp-content\/uploads\/2021\/04\/Ronnie-Von-A-Ma\u0301quina-Voadora-1970.jpg","contentUrl":"https:\/\/shopbrasil.vinyllandrecords.com\/wp-content\/uploads\/2021\/04\/Ronnie-Von-A-Ma\u0301quina-Voadora-1970.jpg","width":620,"height":622},{"@type":"BreadcrumbList","@id":"https:\/\/shopbrasil.vinyllandrecords.com\/produto\/ronnie-von-a-maquina-voadora\/#breadcrumb","itemListElement":[{"@type":"ListItem","position":1,"name":"In\u00edcio","item":"https:\/\/shopbrasil.vinyllandrecords.com\/"},{"@type":"ListItem","position":2,"name":"Shops","item":"https:\/\/shopbrasil.vinyllandrecords.com\/shops\/"},{"@type":"ListItem","position":3,"name":"RONNIE VON &#8211; A M\u00c1QUINA VOADORA"}]},{"@type":"WebSite","@id":"https:\/\/shopbrasil.vinyllandrecords.com\/#website","url":"https:\/\/shopbrasil.vinyllandrecords.com\/","name":"Vinyl Land Records","description":"ONLINE SHOP","potentialAction":[{"@type":"SearchAction","target":{"@type":"EntryPoint","urlTemplate":"https:\/\/shopbrasil.vinyllandrecords.com\/?s={search_term_string}"},"query-input":{"@type":"PropertyValueSpecification","valueRequired":true,"valueName":"search_term_string"}}],"inLanguage":"en-US"}]}},"_links":{"self":[{"href":"https:\/\/shopbrasil.vinyllandrecords.com\/en\/wp-json\/wp\/v2\/product\/68143","targetHints":{"allow":["GET"]}}],"collection":[{"href":"https:\/\/shopbrasil.vinyllandrecords.com\/en\/wp-json\/wp\/v2\/product"}],"about":[{"href":"https:\/\/shopbrasil.vinyllandrecords.com\/en\/wp-json\/wp\/v2\/types\/product"}],"wp:featuredmedia":[{"embeddable":true,"href":"https:\/\/shopbrasil.vinyllandrecords.com\/en\/wp-json\/wp\/v2\/media\/68144"}],"wp:attachment":[{"href":"https:\/\/shopbrasil.vinyllandrecords.com\/en\/wp-json\/wp\/v2\/media?parent=68143"}],"wp:term":[{"taxonomy":"product_brand","embeddable":true,"href":"https:\/\/shopbrasil.vinyllandrecords.com\/en\/wp-json\/wp\/v2\/product_brand?post=68143"},{"taxonomy":"product_cat","embeddable":true,"href":"https:\/\/shopbrasil.vinyllandrecords.com\/en\/wp-json\/wp\/v2\/product_cat?post=68143"},{"taxonomy":"product_tag","embeddable":true,"href":"https:\/\/shopbrasil.vinyllandrecords.com\/en\/wp-json\/wp\/v2\/product_tag?post=68143"}],"curies":[{"name":"wp","href":"https:\/\/api.w.org\/{rel}","templated":true}]}}