{"id":68146,"date":"2021-04-22T16:54:02","date_gmt":"2021-04-22T19:54:02","guid":{"rendered":"https:\/\/shopbrasil.vinyllandrecords.com\/?post_type=product&#038;p=68146"},"modified":"2021-04-22T16:54:02","modified_gmt":"2021-04-22T19:54:02","slug":"aplique-de-carne-trilha-sonora-do-espetaculo-instalacao","status":"publish","type":"product","link":"https:\/\/shopbrasil.vinyllandrecords.com\/en\/produto\/aplique-de-carne-trilha-sonora-do-espetaculo-instalacao\/","title":{"rendered":"Aplique de Carne &#8211; Trilha Sonora do Espet\u00e1culo \/ Instala\u00e7\u00e3o"},"content":{"rendered":"","protected":false},"excerpt":{"rendered":"<p><iframe width=\"560\" height=\"315\" src=\"https:\/\/www.youtube.com\/embed\/7wDumSoB6xA\" title=\"YouTube video player\" frameborder=\"0\" allow=\"accelerometer; autoplay; clipboard-write; encrypted-media; gyroscope; picture-in-picture\" allowfullscreen><\/iframe><\/p>\n<p>https:\/\/soundcloud.com\/aplique-de-carne<\/p>\n<p>Disco mais que obscuro e nunca vendido na internet! <\/p>\n<p>Aplique de Carne \u00e9 uma instala\u00e7\u00e3o multim\u00eddia que re\u00fane escultura, body art, m\u00fasica, shows ao vivo, v\u00eddeo-arte exibidos sob formato de performance.<\/p>\n<p>Era uma vez uma menina que fugiu da barriga da m\u00e3e para seguir vit\u00f3rias r\u00e9gias incandescentes e nadou durante dias pelo rio Amazonas amparada e nutrida por arraias at\u00e9 ser deixada na beira do rio para ser criada por um casal sem filhos. Esta menina cresceu saud\u00e1vel, brincando como qualquer crian\u00e7a ribeirinha e alimentou o sonho de ser uma estrela como as que assistia, fascinada, na TV da comunidade. Crescida, a menina tem uma revela\u00e7\u00e3o atrav\u00e9s de um sonho e, ao acordar, percebe que \u00e9 diferente de todas as mulheres. Esta descoberta ir\u00e1 afetar toda a vida de Aplique at\u00e9 ela se tornar uma super star!<\/p>\n<p>A exposi\u00e7\u00e3o \u00e9 uma parceria de Alexandre Vogler (artista pl\u00e1stico), Paulo Tiefenthaler (ator e performer) e Botika (m\u00fasico e poeta), com produ\u00e7\u00e3o de Ana Maria Bonjour.<\/p>\n","protected":false},"featured_media":68148,"template":"","meta":[],"product_brand":[],"product_cat":[],"product_tag":[],"class_list":{"0":"post-68146","1":"product","2":"type-product","3":"status-publish","4":"has-post-thumbnail","7":"first","8":"instock","9":"sale","10":"taxable","11":"shipping-taxable","12":"purchasable","13":"product-type-simple"},"yoast_head":"<!-- This site is optimized with the Yoast SEO plugin v27.5 - https:\/\/yoast.com\/product\/yoast-seo-wordpress\/ -->\n<title>Aplique de Carne - Trilha Sonora do Espet\u00e1culo \/ Instala\u00e7\u00e3o - Vinyl Land Records<\/title>\n<meta name=\"robots\" content=\"index, follow, max-snippet:-1, max-image-preview:large, max-video-preview:-1\" \/>\n<link rel=\"canonical\" href=\"https:\/\/shopbrasil.vinyllandrecords.com\/produto\/aplique-de-carne-trilha-sonora-do-espetaculo-instalacao\/\" \/>\n<meta property=\"og:locale\" content=\"en_US\" \/>\n<meta property=\"og:type\" content=\"article\" \/>\n<meta property=\"og:title\" content=\"Aplique de Carne - Trilha Sonora do Espet\u00e1culo \/ Instala\u00e7\u00e3o - Vinyl Land Records\" \/>\n<meta property=\"og:description\" content=\"[:pb]  https:\/\/soundcloud.com\/aplique-de-carne  Disco mais que obscuro e nunca vendido na internet!   Aplique de Carne \u00e9 uma instala\u00e7\u00e3o multim\u00eddia que re\u00fane escultura, body art, m\u00fasica, shows ao vivo, v\u00eddeo-arte exibidos sob formato de performance.  Era uma vez uma menina que fugiu da barriga da m\u00e3e para seguir vit\u00f3rias r\u00e9gias incandescentes e nadou durante dias pelo rio Amazonas amparada e nutrida por arraias at\u00e9 ser deixada na beira do rio para ser criada por um casal sem filhos. Esta menina cresceu saud\u00e1vel, brincando como qualquer crian\u00e7a ribeirinha e alimentou o sonho de ser uma estrela como as que assistia, fascinada, na TV da comunidade. Crescida, a menina tem uma revela\u00e7\u00e3o atrav\u00e9s de um sonho e, ao acordar, percebe que \u00e9 diferente de todas as mulheres. Esta descoberta ir\u00e1 afetar toda a vida de Aplique at\u00e9 ela se tornar uma super star!  A exposi\u00e7\u00e3o \u00e9 uma parceria de Alexandre Vogler (artista pl\u00e1stico), Paulo Tiefenthaler (ator e performer) e Botika (m\u00fasico e poeta), com produ\u00e7\u00e3o de Ana Maria Bonjour.   [:en]  https:\/\/soundcloud.com\/aplique-de-carne  Disco mais que obscuro e nunca vendido na internet!   Aplique de Carne \u00e9 uma instala\u00e7\u00e3o multim\u00eddia que re\u00fane escultura, body art, m\u00fasica, shows ao vivo, v\u00eddeo-arte exibidos sob formato de performance.  Era uma vez uma menina que fugiu da barriga da m\u00e3e para seguir vit\u00f3rias r\u00e9gias incandescentes e nadou durante dias pelo rio Amazonas amparada e nutrida por arraias at\u00e9 ser deixada na beira do rio para ser criada por um casal sem filhos. Esta menina cresceu saud\u00e1vel, brincando como qualquer crian\u00e7a ribeirinha e alimentou o sonho de ser uma estrela como as que assistia, fascinada, na TV da comunidade. Crescida, a menina tem uma revela\u00e7\u00e3o atrav\u00e9s de um sonho e, ao acordar, percebe que \u00e9 diferente de todas as mulheres. Esta descoberta ir\u00e1 afetar toda a vida de Aplique at\u00e9 ela se tornar uma super star!  A exposi\u00e7\u00e3o \u00e9 uma parceria de Alexandre Vogler (artista pl\u00e1stico), Paulo Tiefenthaler (ator e performer) e Botika (m\u00fasico e poeta), com produ\u00e7\u00e3o de Ana Maria Bonjour.    [:]\" \/>\n<meta property=\"og:url\" content=\"https:\/\/shopbrasil.vinyllandrecords.com\/produto\/aplique-de-carne-trilha-sonora-do-espetaculo-instalacao\/\" \/>\n<meta property=\"og:site_name\" content=\"Vinyl Land Records\" \/>\n<meta property=\"og:image\" content=\"https:\/\/shopbrasil.vinyllandrecords.com\/wp-content\/uploads\/2021\/04\/photo_2021-04-22_16-54-27.jpg\" \/>\n\t<meta property=\"og:image:width\" content=\"720\" \/>\n\t<meta property=\"og:image:height\" content=\"717\" \/>\n\t<meta property=\"og:image:type\" content=\"image\/jpeg\" \/>\n<meta name=\"twitter:card\" content=\"summary_large_image\" \/>\n<script type=\"application\/ld+json\" class=\"yoast-schema-graph\">{\"@context\":\"https:\\\/\\\/schema.org\",\"@graph\":[{\"@type\":\"WebPage\",\"@id\":\"https:\\\/\\\/shopbrasil.vinyllandrecords.com\\\/produto\\\/aplique-de-carne-trilha-sonora-do-espetaculo-instalacao\\\/\",\"url\":\"https:\\\/\\\/shopbrasil.vinyllandrecords.com\\\/produto\\\/aplique-de-carne-trilha-sonora-do-espetaculo-instalacao\\\/\",\"name\":\"Aplique de Carne - Trilha Sonora do Espet\u00e1culo \\\/ Instala\u00e7\u00e3o - Vinyl Land Records\",\"isPartOf\":{\"@id\":\"https:\\\/\\\/shopbrasil.vinyllandrecords.com\\\/#website\"},\"primaryImageOfPage\":{\"@id\":\"https:\\\/\\\/shopbrasil.vinyllandrecords.com\\\/produto\\\/aplique-de-carne-trilha-sonora-do-espetaculo-instalacao\\\/#primaryimage\"},\"image\":{\"@id\":\"https:\\\/\\\/shopbrasil.vinyllandrecords.com\\\/produto\\\/aplique-de-carne-trilha-sonora-do-espetaculo-instalacao\\\/#primaryimage\"},\"thumbnailUrl\":\"https:\\\/\\\/shopbrasil.vinyllandrecords.com\\\/wp-content\\\/uploads\\\/2021\\\/04\\\/photo_2021-04-22_16-54-27.jpg\",\"datePublished\":\"2021-04-22T19:54:02+00:00\",\"breadcrumb\":{\"@id\":\"https:\\\/\\\/shopbrasil.vinyllandrecords.com\\\/produto\\\/aplique-de-carne-trilha-sonora-do-espetaculo-instalacao\\\/#breadcrumb\"},\"inLanguage\":\"en-US\",\"potentialAction\":[{\"@type\":\"ReadAction\",\"target\":[\"https:\\\/\\\/shopbrasil.vinyllandrecords.com\\\/produto\\\/aplique-de-carne-trilha-sonora-do-espetaculo-instalacao\\\/\"]}]},{\"@type\":\"ImageObject\",\"inLanguage\":\"en-US\",\"@id\":\"https:\\\/\\\/shopbrasil.vinyllandrecords.com\\\/produto\\\/aplique-de-carne-trilha-sonora-do-espetaculo-instalacao\\\/#primaryimage\",\"url\":\"https:\\\/\\\/shopbrasil.vinyllandrecords.com\\\/wp-content\\\/uploads\\\/2021\\\/04\\\/photo_2021-04-22_16-54-27.jpg\",\"contentUrl\":\"https:\\\/\\\/shopbrasil.vinyllandrecords.com\\\/wp-content\\\/uploads\\\/2021\\\/04\\\/photo_2021-04-22_16-54-27.jpg\",\"width\":720,\"height\":717},{\"@type\":\"BreadcrumbList\",\"@id\":\"https:\\\/\\\/shopbrasil.vinyllandrecords.com\\\/produto\\\/aplique-de-carne-trilha-sonora-do-espetaculo-instalacao\\\/#breadcrumb\",\"itemListElement\":[{\"@type\":\"ListItem\",\"position\":1,\"name\":\"In\u00edcio\",\"item\":\"https:\\\/\\\/shopbrasil.vinyllandrecords.com\\\/\"},{\"@type\":\"ListItem\",\"position\":2,\"name\":\"Shops\",\"item\":\"https:\\\/\\\/shopbrasil.vinyllandrecords.com\\\/shops\\\/\"},{\"@type\":\"ListItem\",\"position\":3,\"name\":\"Aplique de Carne &#8211; Trilha Sonora do Espet\u00e1culo \\\/ Instala\u00e7\u00e3o\"}]},{\"@type\":\"WebSite\",\"@id\":\"https:\\\/\\\/shopbrasil.vinyllandrecords.com\\\/#website\",\"url\":\"https:\\\/\\\/shopbrasil.vinyllandrecords.com\\\/\",\"name\":\"Vinyl Land Records\",\"description\":\"ONLINE SHOP\",\"potentialAction\":[{\"@type\":\"SearchAction\",\"target\":{\"@type\":\"EntryPoint\",\"urlTemplate\":\"https:\\\/\\\/shopbrasil.vinyllandrecords.com\\\/?s={search_term_string}\"},\"query-input\":{\"@type\":\"PropertyValueSpecification\",\"valueRequired\":true,\"valueName\":\"search_term_string\"}}],\"inLanguage\":\"en-US\"}]}<\/script>\n<!-- \/ Yoast SEO plugin. -->","yoast_head_json":{"title":"Aplique de Carne - Trilha Sonora do Espet\u00e1culo \/ Instala\u00e7\u00e3o - Vinyl Land Records","robots":{"index":"index","follow":"follow","max-snippet":"max-snippet:-1","max-image-preview":"max-image-preview:large","max-video-preview":"max-video-preview:-1"},"canonical":"https:\/\/shopbrasil.vinyllandrecords.com\/produto\/aplique-de-carne-trilha-sonora-do-espetaculo-instalacao\/","og_locale":"en_US","og_type":"article","og_title":"Aplique de Carne - Trilha Sonora do Espet\u00e1culo \/ Instala\u00e7\u00e3o - Vinyl Land Records","og_description":"[:pb]  https:\/\/soundcloud.com\/aplique-de-carne  Disco mais que obscuro e nunca vendido na internet!   Aplique de Carne \u00e9 uma instala\u00e7\u00e3o multim\u00eddia que re\u00fane escultura, body art, m\u00fasica, shows ao vivo, v\u00eddeo-arte exibidos sob formato de performance.  Era uma vez uma menina que fugiu da barriga da m\u00e3e para seguir vit\u00f3rias r\u00e9gias incandescentes e nadou durante dias pelo rio Amazonas amparada e nutrida por arraias at\u00e9 ser deixada na beira do rio para ser criada por um casal sem filhos. Esta menina cresceu saud\u00e1vel, brincando como qualquer crian\u00e7a ribeirinha e alimentou o sonho de ser uma estrela como as que assistia, fascinada, na TV da comunidade. Crescida, a menina tem uma revela\u00e7\u00e3o atrav\u00e9s de um sonho e, ao acordar, percebe que \u00e9 diferente de todas as mulheres. Esta descoberta ir\u00e1 afetar toda a vida de Aplique at\u00e9 ela se tornar uma super star!  A exposi\u00e7\u00e3o \u00e9 uma parceria de Alexandre Vogler (artista pl\u00e1stico), Paulo Tiefenthaler (ator e performer) e Botika (m\u00fasico e poeta), com produ\u00e7\u00e3o de Ana Maria Bonjour.   [:en]  https:\/\/soundcloud.com\/aplique-de-carne  Disco mais que obscuro e nunca vendido na internet!   Aplique de Carne \u00e9 uma instala\u00e7\u00e3o multim\u00eddia que re\u00fane escultura, body art, m\u00fasica, shows ao vivo, v\u00eddeo-arte exibidos sob formato de performance.  Era uma vez uma menina que fugiu da barriga da m\u00e3e para seguir vit\u00f3rias r\u00e9gias incandescentes e nadou durante dias pelo rio Amazonas amparada e nutrida por arraias at\u00e9 ser deixada na beira do rio para ser criada por um casal sem filhos. Esta menina cresceu saud\u00e1vel, brincando como qualquer crian\u00e7a ribeirinha e alimentou o sonho de ser uma estrela como as que assistia, fascinada, na TV da comunidade. Crescida, a menina tem uma revela\u00e7\u00e3o atrav\u00e9s de um sonho e, ao acordar, percebe que \u00e9 diferente de todas as mulheres. Esta descoberta ir\u00e1 afetar toda a vida de Aplique at\u00e9 ela se tornar uma super star!  A exposi\u00e7\u00e3o \u00e9 uma parceria de Alexandre Vogler (artista pl\u00e1stico), Paulo Tiefenthaler (ator e performer) e Botika (m\u00fasico e poeta), com produ\u00e7\u00e3o de Ana Maria Bonjour.    [:]","og_url":"https:\/\/shopbrasil.vinyllandrecords.com\/produto\/aplique-de-carne-trilha-sonora-do-espetaculo-instalacao\/","og_site_name":"Vinyl Land Records","og_image":[{"width":720,"height":717,"url":"https:\/\/shopbrasil.vinyllandrecords.com\/wp-content\/uploads\/2021\/04\/photo_2021-04-22_16-54-27.jpg","type":"image\/jpeg"}],"twitter_card":"summary_large_image","schema":{"@context":"https:\/\/schema.org","@graph":[{"@type":"WebPage","@id":"https:\/\/shopbrasil.vinyllandrecords.com\/produto\/aplique-de-carne-trilha-sonora-do-espetaculo-instalacao\/","url":"https:\/\/shopbrasil.vinyllandrecords.com\/produto\/aplique-de-carne-trilha-sonora-do-espetaculo-instalacao\/","name":"Aplique de Carne - Trilha Sonora do Espet\u00e1culo \/ Instala\u00e7\u00e3o - Vinyl Land Records","isPartOf":{"@id":"https:\/\/shopbrasil.vinyllandrecords.com\/#website"},"primaryImageOfPage":{"@id":"https:\/\/shopbrasil.vinyllandrecords.com\/produto\/aplique-de-carne-trilha-sonora-do-espetaculo-instalacao\/#primaryimage"},"image":{"@id":"https:\/\/shopbrasil.vinyllandrecords.com\/produto\/aplique-de-carne-trilha-sonora-do-espetaculo-instalacao\/#primaryimage"},"thumbnailUrl":"https:\/\/shopbrasil.vinyllandrecords.com\/wp-content\/uploads\/2021\/04\/photo_2021-04-22_16-54-27.jpg","datePublished":"2021-04-22T19:54:02+00:00","breadcrumb":{"@id":"https:\/\/shopbrasil.vinyllandrecords.com\/produto\/aplique-de-carne-trilha-sonora-do-espetaculo-instalacao\/#breadcrumb"},"inLanguage":"en-US","potentialAction":[{"@type":"ReadAction","target":["https:\/\/shopbrasil.vinyllandrecords.com\/produto\/aplique-de-carne-trilha-sonora-do-espetaculo-instalacao\/"]}]},{"@type":"ImageObject","inLanguage":"en-US","@id":"https:\/\/shopbrasil.vinyllandrecords.com\/produto\/aplique-de-carne-trilha-sonora-do-espetaculo-instalacao\/#primaryimage","url":"https:\/\/shopbrasil.vinyllandrecords.com\/wp-content\/uploads\/2021\/04\/photo_2021-04-22_16-54-27.jpg","contentUrl":"https:\/\/shopbrasil.vinyllandrecords.com\/wp-content\/uploads\/2021\/04\/photo_2021-04-22_16-54-27.jpg","width":720,"height":717},{"@type":"BreadcrumbList","@id":"https:\/\/shopbrasil.vinyllandrecords.com\/produto\/aplique-de-carne-trilha-sonora-do-espetaculo-instalacao\/#breadcrumb","itemListElement":[{"@type":"ListItem","position":1,"name":"In\u00edcio","item":"https:\/\/shopbrasil.vinyllandrecords.com\/"},{"@type":"ListItem","position":2,"name":"Shops","item":"https:\/\/shopbrasil.vinyllandrecords.com\/shops\/"},{"@type":"ListItem","position":3,"name":"Aplique de Carne &#8211; Trilha Sonora do Espet\u00e1culo \/ Instala\u00e7\u00e3o"}]},{"@type":"WebSite","@id":"https:\/\/shopbrasil.vinyllandrecords.com\/#website","url":"https:\/\/shopbrasil.vinyllandrecords.com\/","name":"Vinyl Land Records","description":"ONLINE SHOP","potentialAction":[{"@type":"SearchAction","target":{"@type":"EntryPoint","urlTemplate":"https:\/\/shopbrasil.vinyllandrecords.com\/?s={search_term_string}"},"query-input":{"@type":"PropertyValueSpecification","valueRequired":true,"valueName":"search_term_string"}}],"inLanguage":"en-US"}]}},"_links":{"self":[{"href":"https:\/\/shopbrasil.vinyllandrecords.com\/en\/wp-json\/wp\/v2\/product\/68146","targetHints":{"allow":["GET"]}}],"collection":[{"href":"https:\/\/shopbrasil.vinyllandrecords.com\/en\/wp-json\/wp\/v2\/product"}],"about":[{"href":"https:\/\/shopbrasil.vinyllandrecords.com\/en\/wp-json\/wp\/v2\/types\/product"}],"wp:featuredmedia":[{"embeddable":true,"href":"https:\/\/shopbrasil.vinyllandrecords.com\/en\/wp-json\/wp\/v2\/media\/68148"}],"wp:attachment":[{"href":"https:\/\/shopbrasil.vinyllandrecords.com\/en\/wp-json\/wp\/v2\/media?parent=68146"}],"wp:term":[{"taxonomy":"product_brand","embeddable":true,"href":"https:\/\/shopbrasil.vinyllandrecords.com\/en\/wp-json\/wp\/v2\/product_brand?post=68146"},{"taxonomy":"product_cat","embeddable":true,"href":"https:\/\/shopbrasil.vinyllandrecords.com\/en\/wp-json\/wp\/v2\/product_cat?post=68146"},{"taxonomy":"product_tag","embeddable":true,"href":"https:\/\/shopbrasil.vinyllandrecords.com\/en\/wp-json\/wp\/v2\/product_tag?post=68146"}],"curies":[{"name":"wp","href":"https:\/\/api.w.org\/{rel}","templated":true}]}}