{"id":68155,"date":"2021-04-22T17:20:59","date_gmt":"2021-04-22T20:20:59","guid":{"rendered":"https:\/\/shopbrasil.vinyllandrecords.com\/?post_type=product&#038;p=68155"},"modified":"2024-06-24T18:39:26","modified_gmt":"2024-06-24T21:39:26","slug":"anvil-fx-anvil-machine","status":"publish","type":"product","link":"https:\/\/shopbrasil.vinyllandrecords.com\/en\/produto\/anvil-fx-anvil-machine\/","title":{"rendered":"Anvil FX &#8211; Anvil Machine"},"content":{"rendered":"","protected":false},"excerpt":{"rendered":"<p><iframe width=\"560\" height=\"315\" src=\"https:\/\/www.youtube.com\/embed\/nLbK66ksk_Y\" title=\"YouTube video player\" frameborder=\"0\" allow=\"accelerometer; autoplay; clipboard-write; encrypted-media; gyroscope; picture-in-picture\" allowfullscreen><\/iframe><\/p>\n<p>Released by YB MUSIC &#8211; Resist\u00eancia Anal\u00f3gica (S\u00e3o Paulo)<br \/>\nlimited 200 copies vinyl 180g<br \/>\ncontact: beto.paulo@gmail.com<br \/>\npublishing: alternet music <\/p>\n<p>1.<br \/>\nAnvil Machine 07:06<br \/>\n2.<br \/>\nADD 05:15<br \/>\n3.<br \/>\nParanoid Assassin 03:13<br \/>\n4.<br \/>\nShinemartys 03:05<br \/>\n5.<br \/>\nPsych Mood 05:56<br \/>\n6.<br \/>\nWhen it Makes No Difference 03:35<br \/>\n7.<br \/>\nKraker Bumb 03:27<br \/>\n8.<br \/>\nThe Fake Landing on The Moon in 1968 06:30<\/p>\n<p>video Psych Mood:<br \/>\nvimeo.com\/59733302<br \/>\ncreen mozallowfullscreen allowFullScreen><\/iframe><br \/>\ncredits<br \/>\nreleased March 7, 2013 <\/p>\n<p>Recorded at Lobo Sound Design, Reco-Head Studio &#038; YB Studios<br \/>\nMixed, Mastered &#038; Enginered by Carlos &#8220;Cac\u00e1&#8221; Lima<br \/>\nAssistents: Regis Baba, Klaus Sena &#038; Fernando Rischbieter<br \/>\nA&#038;R: Maur\u00edcio Tagliari<br \/>\nLabel Manager: Allana Morais <\/p>\n<p>Cover art by Adriana Peliano<br \/>\nGraphic Design by Kureb<br \/>\nAnvil Fx Logo by Jo\u00e3o Lavieri<\/p>\n","protected":false},"featured_media":68156,"template":"","meta":[],"product_brand":[],"product_cat":[107,111,95],"product_tag":[],"class_list":{"0":"post-68155","1":"product","2":"type-product","3":"status-publish","4":"has-post-thumbnail","6":"product_cat-garimpo","7":"product_cat-destaque","8":"product_cat-95","10":"first","11":"outofstock","12":"taxable","13":"shipping-taxable","14":"purchasable","15":"product-type-simple"},"yoast_head":"<!-- This site is optimized with the Yoast SEO plugin v27.4 - https:\/\/yoast.com\/product\/yoast-seo-wordpress\/ -->\n<title>Anvil FX - Anvil Machine - Vinyl Land Records<\/title>\n<meta name=\"robots\" content=\"index, follow, max-snippet:-1, max-image-preview:large, max-video-preview:-1\" \/>\n<link rel=\"canonical\" href=\"https:\/\/shopbrasil.vinyllandrecords.com\/produto\/anvil-fx-anvil-machine\/\" \/>\n<meta property=\"og:locale\" content=\"en_US\" \/>\n<meta property=\"og:type\" content=\"article\" \/>\n<meta property=\"og:title\" content=\"Anvil FX - Anvil Machine - Vinyl Land Records\" \/>\n<meta property=\"og:description\" content=\"[:pb]  Released by YB MUSIC - Resist\u00eancia Anal\u00f3gica (S\u00e3o Paulo) limited 200 copies vinyl 180g contact: beto.paulo@gmail.com publishing: alternet music  1. Anvil Machine 07:06 2. ADD 05:15 3. Paranoid Assassin 03:13 4. Shinemartys 03:05 5. Psych Mood 05:56 6. When it Makes No Difference 03:35 7. Kraker Bumb 03:27 8. The Fake Landing on The Moon in 1968 06:30  video Psych Mood: vimeo.com\/59733302 creen mozallowfullscreen allowFullScreen&gt; credits released March 7, 2013  Recorded at Lobo Sound Design, Reco-Head Studio &amp; YB Studios Mixed, Mastered &amp; Enginered by Carlos &quot;Cac\u00e1&quot; Lima Assistents: Regis Baba, Klaus Sena &amp; Fernando Rischbieter A&amp;R: Maur\u00edcio Tagliari Label Manager: Allana Morais  Cover art by Adriana Peliano Graphic Design by Kureb Anvil Fx Logo by Jo\u00e3o Lavieri[:en]  Released by YB MUSIC - Resist\u00eancia Anal\u00f3gica (S\u00e3o Paulo)  limited 200 copies vinyl 180g  contact: beto.paulo@gmail.com  publishing: alternet music   1. Anvil Machine 07:06 2. ADD 05:15 3. Paranoid Assassin 03:13 4. Shinemartys 03:05 5. Psych Mood 05:56 6. When it Makes No Difference 03:35 7. Kraker Bumb 03:27 8. The Fake Landing on The Moon in 1968 06:30  video Psych Mood:  vimeo.com\/59733302  creen mozallowfullscreen allowFullScreen&gt; credits released March 7, 2013   Recorded at Lobo Sound Design, Reco-Head Studio &amp; YB Studios  Mixed, Mastered &amp; Enginered by Carlos &quot;Cac\u00e1&quot; Lima  Assistents: Regis Baba, Klaus Sena &amp; Fernando Rischbieter  A&amp;R: Maur\u00edcio Tagliari  Label Manager: Allana Morais   Cover art by Adriana Peliano  Graphic Design by Kureb  Anvil Fx Logo by Jo\u00e3o Lavieri[:]\" \/>\n<meta property=\"og:url\" content=\"https:\/\/shopbrasil.vinyllandrecords.com\/produto\/anvil-fx-anvil-machine\/\" \/>\n<meta property=\"og:site_name\" content=\"Vinyl Land Records\" \/>\n<meta property=\"article:modified_time\" content=\"2024-06-24T21:39:26+00:00\" \/>\n<meta property=\"og:image\" content=\"https:\/\/shopbrasil.vinyllandrecords.com\/wp-content\/uploads\/2021\/04\/anvil.jpg\" \/>\n\t<meta property=\"og:image:width\" content=\"815\" \/>\n\t<meta property=\"og:image:height\" content=\"822\" \/>\n\t<meta property=\"og:image:type\" content=\"image\/jpeg\" \/>\n<meta name=\"twitter:card\" content=\"summary_large_image\" \/>\n<script type=\"application\/ld+json\" class=\"yoast-schema-graph\">{\"@context\":\"https:\\\/\\\/schema.org\",\"@graph\":[{\"@type\":\"WebPage\",\"@id\":\"https:\\\/\\\/shopbrasil.vinyllandrecords.com\\\/produto\\\/anvil-fx-anvil-machine\\\/\",\"url\":\"https:\\\/\\\/shopbrasil.vinyllandrecords.com\\\/produto\\\/anvil-fx-anvil-machine\\\/\",\"name\":\"Anvil FX - Anvil Machine - Vinyl Land Records\",\"isPartOf\":{\"@id\":\"https:\\\/\\\/shopbrasil.vinyllandrecords.com\\\/#website\"},\"primaryImageOfPage\":{\"@id\":\"https:\\\/\\\/shopbrasil.vinyllandrecords.com\\\/produto\\\/anvil-fx-anvil-machine\\\/#primaryimage\"},\"image\":{\"@id\":\"https:\\\/\\\/shopbrasil.vinyllandrecords.com\\\/produto\\\/anvil-fx-anvil-machine\\\/#primaryimage\"},\"thumbnailUrl\":\"https:\\\/\\\/shopbrasil.vinyllandrecords.com\\\/wp-content\\\/uploads\\\/2021\\\/04\\\/anvil.jpg\",\"datePublished\":\"2021-04-22T20:20:59+00:00\",\"dateModified\":\"2024-06-24T21:39:26+00:00\",\"breadcrumb\":{\"@id\":\"https:\\\/\\\/shopbrasil.vinyllandrecords.com\\\/produto\\\/anvil-fx-anvil-machine\\\/#breadcrumb\"},\"inLanguage\":\"en-US\",\"potentialAction\":[{\"@type\":\"ReadAction\",\"target\":[\"https:\\\/\\\/shopbrasil.vinyllandrecords.com\\\/produto\\\/anvil-fx-anvil-machine\\\/\"]}]},{\"@type\":\"ImageObject\",\"inLanguage\":\"en-US\",\"@id\":\"https:\\\/\\\/shopbrasil.vinyllandrecords.com\\\/produto\\\/anvil-fx-anvil-machine\\\/#primaryimage\",\"url\":\"https:\\\/\\\/shopbrasil.vinyllandrecords.com\\\/wp-content\\\/uploads\\\/2021\\\/04\\\/anvil.jpg\",\"contentUrl\":\"https:\\\/\\\/shopbrasil.vinyllandrecords.com\\\/wp-content\\\/uploads\\\/2021\\\/04\\\/anvil.jpg\",\"width\":815,\"height\":822},{\"@type\":\"BreadcrumbList\",\"@id\":\"https:\\\/\\\/shopbrasil.vinyllandrecords.com\\\/produto\\\/anvil-fx-anvil-machine\\\/#breadcrumb\",\"itemListElement\":[{\"@type\":\"ListItem\",\"position\":1,\"name\":\"In\u00edcio\",\"item\":\"https:\\\/\\\/shopbrasil.vinyllandrecords.com\\\/\"},{\"@type\":\"ListItem\",\"position\":2,\"name\":\"Shops\",\"item\":\"https:\\\/\\\/shopbrasil.vinyllandrecords.com\\\/shops\\\/\"},{\"@type\":\"ListItem\",\"position\":3,\"name\":\"Anvil FX &#8211; Anvil Machine\"}]},{\"@type\":\"WebSite\",\"@id\":\"https:\\\/\\\/shopbrasil.vinyllandrecords.com\\\/#website\",\"url\":\"https:\\\/\\\/shopbrasil.vinyllandrecords.com\\\/\",\"name\":\"Vinyl Land Records\",\"description\":\"ONLINE SHOP\",\"potentialAction\":[{\"@type\":\"SearchAction\",\"target\":{\"@type\":\"EntryPoint\",\"urlTemplate\":\"https:\\\/\\\/shopbrasil.vinyllandrecords.com\\\/?s={search_term_string}\"},\"query-input\":{\"@type\":\"PropertyValueSpecification\",\"valueRequired\":true,\"valueName\":\"search_term_string\"}}],\"inLanguage\":\"en-US\"}]}<\/script>\n<!-- \/ Yoast SEO plugin. -->","yoast_head_json":{"title":"Anvil FX - Anvil Machine - Vinyl Land Records","robots":{"index":"index","follow":"follow","max-snippet":"max-snippet:-1","max-image-preview":"max-image-preview:large","max-video-preview":"max-video-preview:-1"},"canonical":"https:\/\/shopbrasil.vinyllandrecords.com\/produto\/anvil-fx-anvil-machine\/","og_locale":"en_US","og_type":"article","og_title":"Anvil FX - Anvil Machine - Vinyl Land Records","og_description":"[:pb]  Released by YB MUSIC - Resist\u00eancia Anal\u00f3gica (S\u00e3o Paulo) limited 200 copies vinyl 180g contact: beto.paulo@gmail.com publishing: alternet music  1. Anvil Machine 07:06 2. ADD 05:15 3. Paranoid Assassin 03:13 4. Shinemartys 03:05 5. Psych Mood 05:56 6. When it Makes No Difference 03:35 7. Kraker Bumb 03:27 8. The Fake Landing on The Moon in 1968 06:30  video Psych Mood: vimeo.com\/59733302 creen mozallowfullscreen allowFullScreen&gt; credits released March 7, 2013  Recorded at Lobo Sound Design, Reco-Head Studio &amp; YB Studios Mixed, Mastered &amp; Enginered by Carlos \"Cac\u00e1\" Lima Assistents: Regis Baba, Klaus Sena &amp; Fernando Rischbieter A&amp;R: Maur\u00edcio Tagliari Label Manager: Allana Morais  Cover art by Adriana Peliano Graphic Design by Kureb Anvil Fx Logo by Jo\u00e3o Lavieri[:en]  Released by YB MUSIC - Resist\u00eancia Anal\u00f3gica (S\u00e3o Paulo)  limited 200 copies vinyl 180g  contact: beto.paulo@gmail.com  publishing: alternet music   1. Anvil Machine 07:06 2. ADD 05:15 3. Paranoid Assassin 03:13 4. Shinemartys 03:05 5. Psych Mood 05:56 6. When it Makes No Difference 03:35 7. Kraker Bumb 03:27 8. The Fake Landing on The Moon in 1968 06:30  video Psych Mood:  vimeo.com\/59733302  creen mozallowfullscreen allowFullScreen> credits released March 7, 2013   Recorded at Lobo Sound Design, Reco-Head Studio & YB Studios  Mixed, Mastered & Enginered by Carlos \"Cac\u00e1\" Lima  Assistents: Regis Baba, Klaus Sena & Fernando Rischbieter  A&R: Maur\u00edcio Tagliari  Label Manager: Allana Morais   Cover art by Adriana Peliano  Graphic Design by Kureb  Anvil Fx Logo by Jo\u00e3o Lavieri[:]","og_url":"https:\/\/shopbrasil.vinyllandrecords.com\/produto\/anvil-fx-anvil-machine\/","og_site_name":"Vinyl Land Records","article_modified_time":"2024-06-24T21:39:26+00:00","og_image":[{"width":815,"height":822,"url":"https:\/\/shopbrasil.vinyllandrecords.com\/wp-content\/uploads\/2021\/04\/anvil.jpg","type":"image\/jpeg"}],"twitter_card":"summary_large_image","schema":{"@context":"https:\/\/schema.org","@graph":[{"@type":"WebPage","@id":"https:\/\/shopbrasil.vinyllandrecords.com\/produto\/anvil-fx-anvil-machine\/","url":"https:\/\/shopbrasil.vinyllandrecords.com\/produto\/anvil-fx-anvil-machine\/","name":"Anvil FX - Anvil Machine - Vinyl Land Records","isPartOf":{"@id":"https:\/\/shopbrasil.vinyllandrecords.com\/#website"},"primaryImageOfPage":{"@id":"https:\/\/shopbrasil.vinyllandrecords.com\/produto\/anvil-fx-anvil-machine\/#primaryimage"},"image":{"@id":"https:\/\/shopbrasil.vinyllandrecords.com\/produto\/anvil-fx-anvil-machine\/#primaryimage"},"thumbnailUrl":"https:\/\/shopbrasil.vinyllandrecords.com\/wp-content\/uploads\/2021\/04\/anvil.jpg","datePublished":"2021-04-22T20:20:59+00:00","dateModified":"2024-06-24T21:39:26+00:00","breadcrumb":{"@id":"https:\/\/shopbrasil.vinyllandrecords.com\/produto\/anvil-fx-anvil-machine\/#breadcrumb"},"inLanguage":"en-US","potentialAction":[{"@type":"ReadAction","target":["https:\/\/shopbrasil.vinyllandrecords.com\/produto\/anvil-fx-anvil-machine\/"]}]},{"@type":"ImageObject","inLanguage":"en-US","@id":"https:\/\/shopbrasil.vinyllandrecords.com\/produto\/anvil-fx-anvil-machine\/#primaryimage","url":"https:\/\/shopbrasil.vinyllandrecords.com\/wp-content\/uploads\/2021\/04\/anvil.jpg","contentUrl":"https:\/\/shopbrasil.vinyllandrecords.com\/wp-content\/uploads\/2021\/04\/anvil.jpg","width":815,"height":822},{"@type":"BreadcrumbList","@id":"https:\/\/shopbrasil.vinyllandrecords.com\/produto\/anvil-fx-anvil-machine\/#breadcrumb","itemListElement":[{"@type":"ListItem","position":1,"name":"In\u00edcio","item":"https:\/\/shopbrasil.vinyllandrecords.com\/"},{"@type":"ListItem","position":2,"name":"Shops","item":"https:\/\/shopbrasil.vinyllandrecords.com\/shops\/"},{"@type":"ListItem","position":3,"name":"Anvil FX &#8211; Anvil Machine"}]},{"@type":"WebSite","@id":"https:\/\/shopbrasil.vinyllandrecords.com\/#website","url":"https:\/\/shopbrasil.vinyllandrecords.com\/","name":"Vinyl Land Records","description":"ONLINE SHOP","potentialAction":[{"@type":"SearchAction","target":{"@type":"EntryPoint","urlTemplate":"https:\/\/shopbrasil.vinyllandrecords.com\/?s={search_term_string}"},"query-input":{"@type":"PropertyValueSpecification","valueRequired":true,"valueName":"search_term_string"}}],"inLanguage":"en-US"}]}},"_links":{"self":[{"href":"https:\/\/shopbrasil.vinyllandrecords.com\/en\/wp-json\/wp\/v2\/product\/68155","targetHints":{"allow":["GET"]}}],"collection":[{"href":"https:\/\/shopbrasil.vinyllandrecords.com\/en\/wp-json\/wp\/v2\/product"}],"about":[{"href":"https:\/\/shopbrasil.vinyllandrecords.com\/en\/wp-json\/wp\/v2\/types\/product"}],"wp:featuredmedia":[{"embeddable":true,"href":"https:\/\/shopbrasil.vinyllandrecords.com\/en\/wp-json\/wp\/v2\/media\/68156"}],"wp:attachment":[{"href":"https:\/\/shopbrasil.vinyllandrecords.com\/en\/wp-json\/wp\/v2\/media?parent=68155"}],"wp:term":[{"taxonomy":"product_brand","embeddable":true,"href":"https:\/\/shopbrasil.vinyllandrecords.com\/en\/wp-json\/wp\/v2\/product_brand?post=68155"},{"taxonomy":"product_cat","embeddable":true,"href":"https:\/\/shopbrasil.vinyllandrecords.com\/en\/wp-json\/wp\/v2\/product_cat?post=68155"},{"taxonomy":"product_tag","embeddable":true,"href":"https:\/\/shopbrasil.vinyllandrecords.com\/en\/wp-json\/wp\/v2\/product_tag?post=68155"}],"curies":[{"name":"wp","href":"https:\/\/api.w.org\/{rel}","templated":true}]}}