{"id":68165,"date":"2021-04-22T18:12:25","date_gmt":"2021-04-22T21:12:25","guid":{"rendered":"https:\/\/shopbrasil.vinyllandrecords.com\/?post_type=product&#038;p=68165"},"modified":"2022-06-23T19:44:43","modified_gmt":"2022-06-23T22:44:43","slug":"o-meu-nome-e-qualquer-um-cesar-lacerda-e-romulo-froes","status":"publish","type":"product","link":"https:\/\/shopbrasil.vinyllandrecords.com\/en\/produto\/o-meu-nome-e-qualquer-um-cesar-lacerda-e-romulo-froes\/","title":{"rendered":"O MEU NOME \u00c9 QUALQUER UM | C\u00e9sar Lacerda e Romulo Fr\u00f3es"},"content":{"rendered":"","protected":false},"excerpt":{"rendered":"<p><iframe width=\"560\" height=\"315\" src=\"https:\/\/www.youtube.com\/embed\/2rW34m2fEsU\" title=\"YouTube video player\" frameborder=\"0\" allow=\"accelerometer; autoplay; clipboard-write; encrypted-media; gyroscope; picture-in-picture\" allowfullscreen><\/iframe><\/p>\n<p>A vida \u00e9 formada pelos encontros. A cada um deles, o mundo e as pessoas v\u00e3o aprofundando as suas experi\u00eancias e modificando as suas percep\u00e7\u00f5es, formando assim, novas configura\u00e7\u00f5es de reflex\u00e3o sobre a exist\u00eancia. Com C\u00e9sar Lacerda e Romulo Fr\u00f3es n\u00e3o foi diferente. Os dois artistas se conheceram e em apenas dois meses compuseram vinte can\u00e7\u00f5es. Treze delas formam o disco in\u00e9dito, \u201cO Meu Nome \u00e9 Qualquer Um\u201d.<\/p>\n<p>No disco, uma esp\u00e9cie de anti-her\u00f3i contempor\u00e2neo percorre o Brasil de agora tentando compreender a complexa mir\u00edade de assuntos \u00e0 sua volta. O problema racial, o terceiro sexo, as redes sociais, o assassinato de crian\u00e7as negras na favela, o amor, a morte. A ambiciosa cartografia reflete o protagonismo inquieto destes dois importantes artistas da cena contempor\u00e2nea de m\u00fasica popular brasileira.<\/p>\n<p>O encontro desses dois artistas \u00e9 motivo de celebra\u00e7\u00e3o, e confirma a riqueza das suas trajet\u00f3rias. A import\u00e2ncia dos seus trabalhos revela inquietude est\u00e9tica e uma busca incessante pela reformula\u00e7\u00e3o da ideia de can\u00e7\u00e3o. \u201cO Meu Nome \u00e9 Qualquer Um\u201d, \u00e9 espelho que reflete com beleza e afrontamento n\u00e3o apenas o Brasil contempor\u00e2neo, mas tamb\u00e9m a relev\u00e2ncia de C\u00e9sar Lacerda e Romulo Fr\u00f3es para a m\u00fasica feita hoje no pa\u00eds<\/p>\n<p>Lan\u00e7amento Selo Circus e YBMusic<\/p>\n<p>2017<\/p>\n","protected":false},"featured_media":68168,"template":"","meta":[],"product_brand":[],"product_cat":[107,111,115,97],"product_tag":[],"class_list":{"0":"post-68165","1":"product","2":"type-product","3":"status-publish","4":"has-post-thumbnail","6":"product_cat-garimpo","7":"product_cat-destaque","8":"product_cat-circus-producoes","9":"product_cat-lp","11":"first","12":"instock","13":"taxable","14":"shipping-taxable","15":"purchasable","16":"product-type-simple"},"yoast_head":"<!-- This site is optimized with the Yoast SEO plugin v27.5 - https:\/\/yoast.com\/product\/yoast-seo-wordpress\/ -->\n<title>O MEU NOME \u00c9 QUALQUER UM | C\u00e9sar Lacerda e Romulo Fr\u00f3es - Vinyl Land Records<\/title>\n<meta name=\"robots\" content=\"index, follow, max-snippet:-1, max-image-preview:large, max-video-preview:-1\" \/>\n<link rel=\"canonical\" href=\"https:\/\/shopbrasil.vinyllandrecords.com\/produto\/o-meu-nome-e-qualquer-um-cesar-lacerda-e-romulo-froes\/\" \/>\n<meta property=\"og:locale\" content=\"en_US\" \/>\n<meta property=\"og:type\" content=\"article\" \/>\n<meta property=\"og:title\" content=\"O MEU NOME \u00c9 QUALQUER UM | C\u00e9sar Lacerda e Romulo Fr\u00f3es - Vinyl Land Records\" \/>\n<meta property=\"og:description\" content=\"A vida \u00e9 formada pelos encontros. A cada um deles, o mundo e as pessoas v\u00e3o aprofundando as suas experi\u00eancias e modificando as suas percep\u00e7\u00f5es, formando assim, novas configura\u00e7\u00f5es de reflex\u00e3o sobre a exist\u00eancia. Com C\u00e9sar Lacerda e Romulo Fr\u00f3es n\u00e3o foi diferente. Os dois artistas se conheceram e em apenas dois meses compuseram vinte can\u00e7\u00f5es. Treze delas formam o disco in\u00e9dito, \u201cO Meu Nome \u00e9 Qualquer Um\u201d.  No disco, uma esp\u00e9cie de anti-her\u00f3i contempor\u00e2neo percorre o Brasil de agora tentando compreender a complexa mir\u00edade de assuntos \u00e0 sua volta. O problema racial, o terceiro sexo, as redes sociais, o assassinato de crian\u00e7as negras na favela, o amor, a morte. A ambiciosa cartografia reflete o protagonismo inquieto destes dois importantes artistas da cena contempor\u00e2nea de m\u00fasica popular brasileira.  O encontro desses dois artistas \u00e9 motivo de celebra\u00e7\u00e3o, e confirma a riqueza das suas trajet\u00f3rias. A import\u00e2ncia dos seus trabalhos revela inquietude est\u00e9tica e uma busca incessante pela reformula\u00e7\u00e3o da ideia de can\u00e7\u00e3o. \u201cO Meu Nome \u00e9 Qualquer Um\u201d, \u00e9 espelho que reflete com beleza e afrontamento n\u00e3o apenas o Brasil contempor\u00e2neo, mas tamb\u00e9m a relev\u00e2ncia de C\u00e9sar Lacerda e Romulo Fr\u00f3es para a m\u00fasica feita hoje no pa\u00eds  Lan\u00e7amento Selo Circus e YBMusic  2017\" \/>\n<meta property=\"og:url\" content=\"https:\/\/shopbrasil.vinyllandrecords.com\/produto\/o-meu-nome-e-qualquer-um-cesar-lacerda-e-romulo-froes\/\" \/>\n<meta property=\"og:site_name\" content=\"Vinyl Land Records\" \/>\n<meta property=\"article:modified_time\" content=\"2022-06-23T22:44:43+00:00\" \/>\n<meta property=\"og:image\" content=\"https:\/\/shopbrasil.vinyllandrecords.com\/wp-content\/uploads\/2021\/04\/cesarLacerdaRomuloFroes_oMeuNomeEQualquerUm_capa_1440_72-3-600x600-1.jpg\" \/>\n\t<meta property=\"og:image:width\" content=\"600\" \/>\n\t<meta property=\"og:image:height\" content=\"600\" \/>\n\t<meta property=\"og:image:type\" content=\"image\/jpeg\" \/>\n<meta name=\"twitter:card\" content=\"summary_large_image\" \/>\n<script type=\"application\/ld+json\" class=\"yoast-schema-graph\">{\"@context\":\"https:\\\/\\\/schema.org\",\"@graph\":[{\"@type\":\"WebPage\",\"@id\":\"https:\\\/\\\/shopbrasil.vinyllandrecords.com\\\/produto\\\/o-meu-nome-e-qualquer-um-cesar-lacerda-e-romulo-froes\\\/\",\"url\":\"https:\\\/\\\/shopbrasil.vinyllandrecords.com\\\/produto\\\/o-meu-nome-e-qualquer-um-cesar-lacerda-e-romulo-froes\\\/\",\"name\":\"O MEU NOME \u00c9 QUALQUER UM | C\u00e9sar Lacerda e Romulo Fr\u00f3es - Vinyl Land Records\",\"isPartOf\":{\"@id\":\"https:\\\/\\\/shopbrasil.vinyllandrecords.com\\\/#website\"},\"primaryImageOfPage\":{\"@id\":\"https:\\\/\\\/shopbrasil.vinyllandrecords.com\\\/produto\\\/o-meu-nome-e-qualquer-um-cesar-lacerda-e-romulo-froes\\\/#primaryimage\"},\"image\":{\"@id\":\"https:\\\/\\\/shopbrasil.vinyllandrecords.com\\\/produto\\\/o-meu-nome-e-qualquer-um-cesar-lacerda-e-romulo-froes\\\/#primaryimage\"},\"thumbnailUrl\":\"https:\\\/\\\/shopbrasil.vinyllandrecords.com\\\/wp-content\\\/uploads\\\/2021\\\/04\\\/cesarLacerdaRomuloFroes_oMeuNomeEQualquerUm_capa_1440_72-3-600x600-1.jpg\",\"datePublished\":\"2021-04-22T21:12:25+00:00\",\"dateModified\":\"2022-06-23T22:44:43+00:00\",\"breadcrumb\":{\"@id\":\"https:\\\/\\\/shopbrasil.vinyllandrecords.com\\\/produto\\\/o-meu-nome-e-qualquer-um-cesar-lacerda-e-romulo-froes\\\/#breadcrumb\"},\"inLanguage\":\"en-US\",\"potentialAction\":[{\"@type\":\"ReadAction\",\"target\":[\"https:\\\/\\\/shopbrasil.vinyllandrecords.com\\\/produto\\\/o-meu-nome-e-qualquer-um-cesar-lacerda-e-romulo-froes\\\/\"]}]},{\"@type\":\"ImageObject\",\"inLanguage\":\"en-US\",\"@id\":\"https:\\\/\\\/shopbrasil.vinyllandrecords.com\\\/produto\\\/o-meu-nome-e-qualquer-um-cesar-lacerda-e-romulo-froes\\\/#primaryimage\",\"url\":\"https:\\\/\\\/shopbrasil.vinyllandrecords.com\\\/wp-content\\\/uploads\\\/2021\\\/04\\\/cesarLacerdaRomuloFroes_oMeuNomeEQualquerUm_capa_1440_72-3-600x600-1.jpg\",\"contentUrl\":\"https:\\\/\\\/shopbrasil.vinyllandrecords.com\\\/wp-content\\\/uploads\\\/2021\\\/04\\\/cesarLacerdaRomuloFroes_oMeuNomeEQualquerUm_capa_1440_72-3-600x600-1.jpg\",\"width\":600,\"height\":600},{\"@type\":\"BreadcrumbList\",\"@id\":\"https:\\\/\\\/shopbrasil.vinyllandrecords.com\\\/produto\\\/o-meu-nome-e-qualquer-um-cesar-lacerda-e-romulo-froes\\\/#breadcrumb\",\"itemListElement\":[{\"@type\":\"ListItem\",\"position\":1,\"name\":\"In\u00edcio\",\"item\":\"https:\\\/\\\/shopbrasil.vinyllandrecords.com\\\/\"},{\"@type\":\"ListItem\",\"position\":2,\"name\":\"Shops\",\"item\":\"https:\\\/\\\/shopbrasil.vinyllandrecords.com\\\/shops\\\/\"},{\"@type\":\"ListItem\",\"position\":3,\"name\":\"O MEU NOME \u00c9 QUALQUER UM | C\u00e9sar Lacerda e Romulo Fr\u00f3es\"}]},{\"@type\":\"WebSite\",\"@id\":\"https:\\\/\\\/shopbrasil.vinyllandrecords.com\\\/#website\",\"url\":\"https:\\\/\\\/shopbrasil.vinyllandrecords.com\\\/\",\"name\":\"Vinyl Land Records\",\"description\":\"ONLINE SHOP\",\"potentialAction\":[{\"@type\":\"SearchAction\",\"target\":{\"@type\":\"EntryPoint\",\"urlTemplate\":\"https:\\\/\\\/shopbrasil.vinyllandrecords.com\\\/?s={search_term_string}\"},\"query-input\":{\"@type\":\"PropertyValueSpecification\",\"valueRequired\":true,\"valueName\":\"search_term_string\"}}],\"inLanguage\":\"en-US\"}]}<\/script>\n<!-- \/ Yoast SEO plugin. -->","yoast_head_json":{"title":"O MEU NOME \u00c9 QUALQUER UM | C\u00e9sar Lacerda e Romulo Fr\u00f3es - Vinyl Land Records","robots":{"index":"index","follow":"follow","max-snippet":"max-snippet:-1","max-image-preview":"max-image-preview:large","max-video-preview":"max-video-preview:-1"},"canonical":"https:\/\/shopbrasil.vinyllandrecords.com\/produto\/o-meu-nome-e-qualquer-um-cesar-lacerda-e-romulo-froes\/","og_locale":"en_US","og_type":"article","og_title":"O MEU NOME \u00c9 QUALQUER UM | C\u00e9sar Lacerda e Romulo Fr\u00f3es - Vinyl Land Records","og_description":"A vida \u00e9 formada pelos encontros. A cada um deles, o mundo e as pessoas v\u00e3o aprofundando as suas experi\u00eancias e modificando as suas percep\u00e7\u00f5es, formando assim, novas configura\u00e7\u00f5es de reflex\u00e3o sobre a exist\u00eancia. Com C\u00e9sar Lacerda e Romulo Fr\u00f3es n\u00e3o foi diferente. Os dois artistas se conheceram e em apenas dois meses compuseram vinte can\u00e7\u00f5es. Treze delas formam o disco in\u00e9dito, \u201cO Meu Nome \u00e9 Qualquer Um\u201d.  No disco, uma esp\u00e9cie de anti-her\u00f3i contempor\u00e2neo percorre o Brasil de agora tentando compreender a complexa mir\u00edade de assuntos \u00e0 sua volta. O problema racial, o terceiro sexo, as redes sociais, o assassinato de crian\u00e7as negras na favela, o amor, a morte. A ambiciosa cartografia reflete o protagonismo inquieto destes dois importantes artistas da cena contempor\u00e2nea de m\u00fasica popular brasileira.  O encontro desses dois artistas \u00e9 motivo de celebra\u00e7\u00e3o, e confirma a riqueza das suas trajet\u00f3rias. A import\u00e2ncia dos seus trabalhos revela inquietude est\u00e9tica e uma busca incessante pela reformula\u00e7\u00e3o da ideia de can\u00e7\u00e3o. \u201cO Meu Nome \u00e9 Qualquer Um\u201d, \u00e9 espelho que reflete com beleza e afrontamento n\u00e3o apenas o Brasil contempor\u00e2neo, mas tamb\u00e9m a relev\u00e2ncia de C\u00e9sar Lacerda e Romulo Fr\u00f3es para a m\u00fasica feita hoje no pa\u00eds  Lan\u00e7amento Selo Circus e YBMusic  2017","og_url":"https:\/\/shopbrasil.vinyllandrecords.com\/produto\/o-meu-nome-e-qualquer-um-cesar-lacerda-e-romulo-froes\/","og_site_name":"Vinyl Land Records","article_modified_time":"2022-06-23T22:44:43+00:00","og_image":[{"width":600,"height":600,"url":"https:\/\/shopbrasil.vinyllandrecords.com\/wp-content\/uploads\/2021\/04\/cesarLacerdaRomuloFroes_oMeuNomeEQualquerUm_capa_1440_72-3-600x600-1.jpg","type":"image\/jpeg"}],"twitter_card":"summary_large_image","schema":{"@context":"https:\/\/schema.org","@graph":[{"@type":"WebPage","@id":"https:\/\/shopbrasil.vinyllandrecords.com\/produto\/o-meu-nome-e-qualquer-um-cesar-lacerda-e-romulo-froes\/","url":"https:\/\/shopbrasil.vinyllandrecords.com\/produto\/o-meu-nome-e-qualquer-um-cesar-lacerda-e-romulo-froes\/","name":"O MEU NOME \u00c9 QUALQUER UM | C\u00e9sar Lacerda e Romulo Fr\u00f3es - Vinyl Land Records","isPartOf":{"@id":"https:\/\/shopbrasil.vinyllandrecords.com\/#website"},"primaryImageOfPage":{"@id":"https:\/\/shopbrasil.vinyllandrecords.com\/produto\/o-meu-nome-e-qualquer-um-cesar-lacerda-e-romulo-froes\/#primaryimage"},"image":{"@id":"https:\/\/shopbrasil.vinyllandrecords.com\/produto\/o-meu-nome-e-qualquer-um-cesar-lacerda-e-romulo-froes\/#primaryimage"},"thumbnailUrl":"https:\/\/shopbrasil.vinyllandrecords.com\/wp-content\/uploads\/2021\/04\/cesarLacerdaRomuloFroes_oMeuNomeEQualquerUm_capa_1440_72-3-600x600-1.jpg","datePublished":"2021-04-22T21:12:25+00:00","dateModified":"2022-06-23T22:44:43+00:00","breadcrumb":{"@id":"https:\/\/shopbrasil.vinyllandrecords.com\/produto\/o-meu-nome-e-qualquer-um-cesar-lacerda-e-romulo-froes\/#breadcrumb"},"inLanguage":"en-US","potentialAction":[{"@type":"ReadAction","target":["https:\/\/shopbrasil.vinyllandrecords.com\/produto\/o-meu-nome-e-qualquer-um-cesar-lacerda-e-romulo-froes\/"]}]},{"@type":"ImageObject","inLanguage":"en-US","@id":"https:\/\/shopbrasil.vinyllandrecords.com\/produto\/o-meu-nome-e-qualquer-um-cesar-lacerda-e-romulo-froes\/#primaryimage","url":"https:\/\/shopbrasil.vinyllandrecords.com\/wp-content\/uploads\/2021\/04\/cesarLacerdaRomuloFroes_oMeuNomeEQualquerUm_capa_1440_72-3-600x600-1.jpg","contentUrl":"https:\/\/shopbrasil.vinyllandrecords.com\/wp-content\/uploads\/2021\/04\/cesarLacerdaRomuloFroes_oMeuNomeEQualquerUm_capa_1440_72-3-600x600-1.jpg","width":600,"height":600},{"@type":"BreadcrumbList","@id":"https:\/\/shopbrasil.vinyllandrecords.com\/produto\/o-meu-nome-e-qualquer-um-cesar-lacerda-e-romulo-froes\/#breadcrumb","itemListElement":[{"@type":"ListItem","position":1,"name":"In\u00edcio","item":"https:\/\/shopbrasil.vinyllandrecords.com\/"},{"@type":"ListItem","position":2,"name":"Shops","item":"https:\/\/shopbrasil.vinyllandrecords.com\/shops\/"},{"@type":"ListItem","position":3,"name":"O MEU NOME \u00c9 QUALQUER UM | C\u00e9sar Lacerda e Romulo Fr\u00f3es"}]},{"@type":"WebSite","@id":"https:\/\/shopbrasil.vinyllandrecords.com\/#website","url":"https:\/\/shopbrasil.vinyllandrecords.com\/","name":"Vinyl Land Records","description":"ONLINE SHOP","potentialAction":[{"@type":"SearchAction","target":{"@type":"EntryPoint","urlTemplate":"https:\/\/shopbrasil.vinyllandrecords.com\/?s={search_term_string}"},"query-input":{"@type":"PropertyValueSpecification","valueRequired":true,"valueName":"search_term_string"}}],"inLanguage":"en-US"}]}},"_links":{"self":[{"href":"https:\/\/shopbrasil.vinyllandrecords.com\/en\/wp-json\/wp\/v2\/product\/68165","targetHints":{"allow":["GET"]}}],"collection":[{"href":"https:\/\/shopbrasil.vinyllandrecords.com\/en\/wp-json\/wp\/v2\/product"}],"about":[{"href":"https:\/\/shopbrasil.vinyllandrecords.com\/en\/wp-json\/wp\/v2\/types\/product"}],"wp:featuredmedia":[{"embeddable":true,"href":"https:\/\/shopbrasil.vinyllandrecords.com\/en\/wp-json\/wp\/v2\/media\/68168"}],"wp:attachment":[{"href":"https:\/\/shopbrasil.vinyllandrecords.com\/en\/wp-json\/wp\/v2\/media?parent=68165"}],"wp:term":[{"taxonomy":"product_brand","embeddable":true,"href":"https:\/\/shopbrasil.vinyllandrecords.com\/en\/wp-json\/wp\/v2\/product_brand?post=68165"},{"taxonomy":"product_cat","embeddable":true,"href":"https:\/\/shopbrasil.vinyllandrecords.com\/en\/wp-json\/wp\/v2\/product_cat?post=68165"},{"taxonomy":"product_tag","embeddable":true,"href":"https:\/\/shopbrasil.vinyllandrecords.com\/en\/wp-json\/wp\/v2\/product_tag?post=68165"}],"curies":[{"name":"wp","href":"https:\/\/api.w.org\/{rel}","templated":true}]}}