{"id":68169,"date":"2021-04-22T18:39:50","date_gmt":"2021-04-22T21:39:50","guid":{"rendered":"https:\/\/shopbrasil.vinyllandrecords.com\/?post_type=product&#038;p=68169"},"modified":"2023-06-05T15:53:48","modified_gmt":"2023-06-05T18:53:48","slug":"anderson-guerra-%e2%80%8e-mercurio-758","status":"publish","type":"product","link":"https:\/\/shopbrasil.vinyllandrecords.com\/en\/produto\/anderson-guerra-%e2%80%8e-mercurio-758\/","title":{"rendered":"Anderson Guerra \u200e\u2013 Mercurio 758"},"content":{"rendered":"","protected":false},"excerpt":{"rendered":"<p><iframe width=\"560\" height=\"315\" src=\"https:\/\/www.youtube.com\/embed\/videoseries?list=OLAK5uy_k8ugf-wQfVVDjxulouHTVVCGug2w_aIYY\" title=\"YouTube video player\" frameborder=\"0\" allow=\"accelerometer; autoplay; clipboard-write; encrypted-media; gyroscope; picture-in-picture\" allowfullscreen><\/iframe><\/p>\n<p>Obscure record by guitar player and producer Anderson Guerra. Recorded in 2011 at Bunker Studios in Nova Lima , Minas Gerais with 100% analog equipment, no computers used. Pressed on vinyl directly from the master tapes. A true master piece of Brazilian rock from Minas Gerais from the 2000s, released under the radar of the press and general public, never sold on stores and record shops.<\/p>\n<p>Posted on the internet for the first time in 2019. if you are reading this nowadays, press play at the youtube playlist and enjoy this underground gem!  <\/p>\n<p>Includes an original peace of the master tapes inside each record! Private press limited to 300 copies, never sold commercially. A record to be discovered in a distant future&#8230;<\/p>\n","protected":false},"featured_media":68171,"template":"","meta":[],"product_brand":[],"product_cat":[107,111,97],"product_tag":[],"class_list":{"0":"post-68169","1":"product","2":"type-product","3":"status-publish","4":"has-post-thumbnail","6":"product_cat-garimpo","7":"product_cat-destaque","8":"product_cat-lp","10":"first","11":"instock","12":"taxable","13":"shipping-taxable","14":"purchasable","15":"product-type-simple"},"yoast_head":"<!-- This site is optimized with the Yoast SEO plugin v27.3 - https:\/\/yoast.com\/product\/yoast-seo-wordpress\/ -->\n<title>Anderson Guerra \u200e\u2013 Mercurio 758 - Vinyl Land Records<\/title>\n<meta name=\"robots\" content=\"index, follow, max-snippet:-1, max-image-preview:large, max-video-preview:-1\" \/>\n<link rel=\"canonical\" href=\"https:\/\/shopbrasil.vinyllandrecords.com\/produto\/anderson-guerra-\u200e-mercurio-758\/\" \/>\n<meta property=\"og:locale\" content=\"en_US\" \/>\n<meta property=\"og:type\" content=\"article\" \/>\n<meta property=\"og:title\" content=\"Anderson Guerra \u200e\u2013 Mercurio 758 - Vinyl Land Records\" \/>\n<meta property=\"og:description\" content=\"[:pb]  Obscuro disco de Anderson Guerra, guitarrista e produtor de Minas Gerais. Gravado em 2011 de forma totalmente anal\u00f3gica nos est\u00fadios Bunker e prensado em vinil a partir das fitas masters originais. Um obra prima do rock mineiro independente dos anos 2000, que passou totalmente batida de lojistas, amantes dos discos de vinil e p\u00fablico em geral. Postado na internet pela primeira pela primeira vez somente em 2019. Caso voc\u00ea esteja lendo esse recado, aperte o play na playlist do youtube sem medo de ser feliz para conhecer essa rel\u00edquia.   Inclui um peda\u00e7o da fita master dentro do encarte do LP!   Edi\u00e7\u00e3o privada limitad\u00edssima de 300 c\u00f3pias que nunca foram vendidas comercialmente, um disco para ser cultuado num futuro distante... [:en]  Obscure record by guitar player and producer Anderson Guerra. Recorded in 2011 at Bunker Studios in Nova Lima , Minas Gerais with 100% analog equipment, no computers used. Pressed on vinyl directly from the master tapes. A true master piece of Brazilian rock from Minas Gerais from the 2000s, released under the radar of the press and general public, never sold on stores and record shops.  Posted on the internet for the first time in 2019. if you are reading this nowadays, press play at the youtube playlist and enjoy this underground gem!   Includes an original peace of the master tapes inside each record! Private press limited to 300 copies, never sold commercially. A record to be discovered in a distant future... [:]\" \/>\n<meta property=\"og:url\" content=\"https:\/\/shopbrasil.vinyllandrecords.com\/produto\/anderson-guerra-\u200e-mercurio-758\/\" \/>\n<meta property=\"og:site_name\" content=\"Vinyl Land Records\" \/>\n<meta property=\"article:modified_time\" content=\"2023-06-05T18:53:48+00:00\" \/>\n<meta property=\"og:image\" content=\"https:\/\/shopbrasil.vinyllandrecords.com\/wp-content\/uploads\/2021\/04\/Anderson.jpg\" \/>\n\t<meta property=\"og:image:width\" content=\"300\" \/>\n\t<meta property=\"og:image:height\" content=\"300\" \/>\n\t<meta property=\"og:image:type\" content=\"image\/jpeg\" \/>\n<meta name=\"twitter:card\" content=\"summary_large_image\" \/>\n<script type=\"application\/ld+json\" class=\"yoast-schema-graph\">{\"@context\":\"https:\\\/\\\/schema.org\",\"@graph\":[{\"@type\":\"WebPage\",\"@id\":\"https:\\\/\\\/shopbrasil.vinyllandrecords.com\\\/produto\\\/anderson-guerra-%e2%80%8e-mercurio-758\\\/\",\"url\":\"https:\\\/\\\/shopbrasil.vinyllandrecords.com\\\/produto\\\/anderson-guerra-%e2%80%8e-mercurio-758\\\/\",\"name\":\"Anderson Guerra \u200e\u2013 Mercurio 758 - Vinyl Land Records\",\"isPartOf\":{\"@id\":\"https:\\\/\\\/shopbrasil.vinyllandrecords.com\\\/#website\"},\"primaryImageOfPage\":{\"@id\":\"https:\\\/\\\/shopbrasil.vinyllandrecords.com\\\/produto\\\/anderson-guerra-%e2%80%8e-mercurio-758\\\/#primaryimage\"},\"image\":{\"@id\":\"https:\\\/\\\/shopbrasil.vinyllandrecords.com\\\/produto\\\/anderson-guerra-%e2%80%8e-mercurio-758\\\/#primaryimage\"},\"thumbnailUrl\":\"https:\\\/\\\/shopbrasil.vinyllandrecords.com\\\/wp-content\\\/uploads\\\/2021\\\/04\\\/Anderson.jpg\",\"datePublished\":\"2021-04-22T21:39:50+00:00\",\"dateModified\":\"2023-06-05T18:53:48+00:00\",\"breadcrumb\":{\"@id\":\"https:\\\/\\\/shopbrasil.vinyllandrecords.com\\\/produto\\\/anderson-guerra-%e2%80%8e-mercurio-758\\\/#breadcrumb\"},\"inLanguage\":\"en-US\",\"potentialAction\":[{\"@type\":\"ReadAction\",\"target\":[\"https:\\\/\\\/shopbrasil.vinyllandrecords.com\\\/produto\\\/anderson-guerra-%e2%80%8e-mercurio-758\\\/\"]}]},{\"@type\":\"ImageObject\",\"inLanguage\":\"en-US\",\"@id\":\"https:\\\/\\\/shopbrasil.vinyllandrecords.com\\\/produto\\\/anderson-guerra-%e2%80%8e-mercurio-758\\\/#primaryimage\",\"url\":\"https:\\\/\\\/shopbrasil.vinyllandrecords.com\\\/wp-content\\\/uploads\\\/2021\\\/04\\\/Anderson.jpg\",\"contentUrl\":\"https:\\\/\\\/shopbrasil.vinyllandrecords.com\\\/wp-content\\\/uploads\\\/2021\\\/04\\\/Anderson.jpg\",\"width\":300,\"height\":300},{\"@type\":\"BreadcrumbList\",\"@id\":\"https:\\\/\\\/shopbrasil.vinyllandrecords.com\\\/produto\\\/anderson-guerra-%e2%80%8e-mercurio-758\\\/#breadcrumb\",\"itemListElement\":[{\"@type\":\"ListItem\",\"position\":1,\"name\":\"In\u00edcio\",\"item\":\"https:\\\/\\\/shopbrasil.vinyllandrecords.com\\\/\"},{\"@type\":\"ListItem\",\"position\":2,\"name\":\"Shops\",\"item\":\"https:\\\/\\\/shopbrasil.vinyllandrecords.com\\\/shops\\\/\"},{\"@type\":\"ListItem\",\"position\":3,\"name\":\"Anderson Guerra \u200e\u2013 Mercurio 758\"}]},{\"@type\":\"WebSite\",\"@id\":\"https:\\\/\\\/shopbrasil.vinyllandrecords.com\\\/#website\",\"url\":\"https:\\\/\\\/shopbrasil.vinyllandrecords.com\\\/\",\"name\":\"Vinyl Land Records\",\"description\":\"ONLINE SHOP\",\"potentialAction\":[{\"@type\":\"SearchAction\",\"target\":{\"@type\":\"EntryPoint\",\"urlTemplate\":\"https:\\\/\\\/shopbrasil.vinyllandrecords.com\\\/?s={search_term_string}\"},\"query-input\":{\"@type\":\"PropertyValueSpecification\",\"valueRequired\":true,\"valueName\":\"search_term_string\"}}],\"inLanguage\":\"en-US\"}]}<\/script>\n<!-- \/ Yoast SEO plugin. -->","yoast_head_json":{"title":"Anderson Guerra \u200e\u2013 Mercurio 758 - Vinyl Land Records","robots":{"index":"index","follow":"follow","max-snippet":"max-snippet:-1","max-image-preview":"max-image-preview:large","max-video-preview":"max-video-preview:-1"},"canonical":"https:\/\/shopbrasil.vinyllandrecords.com\/produto\/anderson-guerra-\u200e-mercurio-758\/","og_locale":"en_US","og_type":"article","og_title":"Anderson Guerra \u200e\u2013 Mercurio 758 - Vinyl Land Records","og_description":"[:pb]  Obscuro disco de Anderson Guerra, guitarrista e produtor de Minas Gerais. Gravado em 2011 de forma totalmente anal\u00f3gica nos est\u00fadios Bunker e prensado em vinil a partir das fitas masters originais. Um obra prima do rock mineiro independente dos anos 2000, que passou totalmente batida de lojistas, amantes dos discos de vinil e p\u00fablico em geral. Postado na internet pela primeira pela primeira vez somente em 2019. Caso voc\u00ea esteja lendo esse recado, aperte o play na playlist do youtube sem medo de ser feliz para conhecer essa rel\u00edquia.   Inclui um peda\u00e7o da fita master dentro do encarte do LP!   Edi\u00e7\u00e3o privada limitad\u00edssima de 300 c\u00f3pias que nunca foram vendidas comercialmente, um disco para ser cultuado num futuro distante... [:en]  Obscure record by guitar player and producer Anderson Guerra. Recorded in 2011 at Bunker Studios in Nova Lima , Minas Gerais with 100% analog equipment, no computers used. Pressed on vinyl directly from the master tapes. A true master piece of Brazilian rock from Minas Gerais from the 2000s, released under the radar of the press and general public, never sold on stores and record shops.  Posted on the internet for the first time in 2019. if you are reading this nowadays, press play at the youtube playlist and enjoy this underground gem!   Includes an original peace of the master tapes inside each record! Private press limited to 300 copies, never sold commercially. A record to be discovered in a distant future... [:]","og_url":"https:\/\/shopbrasil.vinyllandrecords.com\/produto\/anderson-guerra-\u200e-mercurio-758\/","og_site_name":"Vinyl Land Records","article_modified_time":"2023-06-05T18:53:48+00:00","og_image":[{"width":300,"height":300,"url":"https:\/\/shopbrasil.vinyllandrecords.com\/wp-content\/uploads\/2021\/04\/Anderson.jpg","type":"image\/jpeg"}],"twitter_card":"summary_large_image","schema":{"@context":"https:\/\/schema.org","@graph":[{"@type":"WebPage","@id":"https:\/\/shopbrasil.vinyllandrecords.com\/produto\/anderson-guerra-%e2%80%8e-mercurio-758\/","url":"https:\/\/shopbrasil.vinyllandrecords.com\/produto\/anderson-guerra-%e2%80%8e-mercurio-758\/","name":"Anderson Guerra \u200e\u2013 Mercurio 758 - Vinyl Land Records","isPartOf":{"@id":"https:\/\/shopbrasil.vinyllandrecords.com\/#website"},"primaryImageOfPage":{"@id":"https:\/\/shopbrasil.vinyllandrecords.com\/produto\/anderson-guerra-%e2%80%8e-mercurio-758\/#primaryimage"},"image":{"@id":"https:\/\/shopbrasil.vinyllandrecords.com\/produto\/anderson-guerra-%e2%80%8e-mercurio-758\/#primaryimage"},"thumbnailUrl":"https:\/\/shopbrasil.vinyllandrecords.com\/wp-content\/uploads\/2021\/04\/Anderson.jpg","datePublished":"2021-04-22T21:39:50+00:00","dateModified":"2023-06-05T18:53:48+00:00","breadcrumb":{"@id":"https:\/\/shopbrasil.vinyllandrecords.com\/produto\/anderson-guerra-%e2%80%8e-mercurio-758\/#breadcrumb"},"inLanguage":"en-US","potentialAction":[{"@type":"ReadAction","target":["https:\/\/shopbrasil.vinyllandrecords.com\/produto\/anderson-guerra-%e2%80%8e-mercurio-758\/"]}]},{"@type":"ImageObject","inLanguage":"en-US","@id":"https:\/\/shopbrasil.vinyllandrecords.com\/produto\/anderson-guerra-%e2%80%8e-mercurio-758\/#primaryimage","url":"https:\/\/shopbrasil.vinyllandrecords.com\/wp-content\/uploads\/2021\/04\/Anderson.jpg","contentUrl":"https:\/\/shopbrasil.vinyllandrecords.com\/wp-content\/uploads\/2021\/04\/Anderson.jpg","width":300,"height":300},{"@type":"BreadcrumbList","@id":"https:\/\/shopbrasil.vinyllandrecords.com\/produto\/anderson-guerra-%e2%80%8e-mercurio-758\/#breadcrumb","itemListElement":[{"@type":"ListItem","position":1,"name":"In\u00edcio","item":"https:\/\/shopbrasil.vinyllandrecords.com\/"},{"@type":"ListItem","position":2,"name":"Shops","item":"https:\/\/shopbrasil.vinyllandrecords.com\/shops\/"},{"@type":"ListItem","position":3,"name":"Anderson Guerra \u200e\u2013 Mercurio 758"}]},{"@type":"WebSite","@id":"https:\/\/shopbrasil.vinyllandrecords.com\/#website","url":"https:\/\/shopbrasil.vinyllandrecords.com\/","name":"Vinyl Land Records","description":"ONLINE SHOP","potentialAction":[{"@type":"SearchAction","target":{"@type":"EntryPoint","urlTemplate":"https:\/\/shopbrasil.vinyllandrecords.com\/?s={search_term_string}"},"query-input":{"@type":"PropertyValueSpecification","valueRequired":true,"valueName":"search_term_string"}}],"inLanguage":"en-US"}]}},"_links":{"self":[{"href":"https:\/\/shopbrasil.vinyllandrecords.com\/en\/wp-json\/wp\/v2\/product\/68169","targetHints":{"allow":["GET"]}}],"collection":[{"href":"https:\/\/shopbrasil.vinyllandrecords.com\/en\/wp-json\/wp\/v2\/product"}],"about":[{"href":"https:\/\/shopbrasil.vinyllandrecords.com\/en\/wp-json\/wp\/v2\/types\/product"}],"wp:featuredmedia":[{"embeddable":true,"href":"https:\/\/shopbrasil.vinyllandrecords.com\/en\/wp-json\/wp\/v2\/media\/68171"}],"wp:attachment":[{"href":"https:\/\/shopbrasil.vinyllandrecords.com\/en\/wp-json\/wp\/v2\/media?parent=68169"}],"wp:term":[{"taxonomy":"product_brand","embeddable":true,"href":"https:\/\/shopbrasil.vinyllandrecords.com\/en\/wp-json\/wp\/v2\/product_brand?post=68169"},{"taxonomy":"product_cat","embeddable":true,"href":"https:\/\/shopbrasil.vinyllandrecords.com\/en\/wp-json\/wp\/v2\/product_cat?post=68169"},{"taxonomy":"product_tag","embeddable":true,"href":"https:\/\/shopbrasil.vinyllandrecords.com\/en\/wp-json\/wp\/v2\/product_tag?post=68169"}],"curies":[{"name":"wp","href":"https:\/\/api.w.org\/{rel}","templated":true}]}}