{"id":68178,"date":"2021-04-22T18:57:24","date_gmt":"2021-04-22T21:57:24","guid":{"rendered":"https:\/\/shopbrasil.vinyllandrecords.com\/?post_type=product&#038;p=68178"},"modified":"2021-04-22T19:03:00","modified_gmt":"2021-04-22T22:03:00","slug":"nasca-supersimetria","status":"publish","type":"product","link":"https:\/\/shopbrasil.vinyllandrecords.com\/en\/produto\/nasca-supersimetria\/","title":{"rendered":"Nasca &#8211; Supersimetria"},"content":{"rendered":"","protected":false},"excerpt":{"rendered":"<p><iframe width=\"560\" height=\"315\" src=\"https:\/\/www.youtube.com\/embed\/SLWGk8tEn7M\" title=\"YouTube video player\" frameborder=\"0\" allow=\"accelerometer; autoplay; clipboard-write; encrypted-media; gyroscope; picture-in-picture\" allowfullscreen><\/iframe><\/p>\n<p>Grande lan\u00e7amento do compositor, arranjador e multi instrumentista Otto Nascarella, que lan\u00e7a seu \u00e1lbum solo sob a alcunha de Nasca.<\/p>\n<p>Se curte balan\u00e7o, groove, afrobeat, jazz, percuss\u00e3o, soul, esse disco \u00e9 pra voc\u00ea.<\/p>\n<p>Um \u00e1lbum excelente, um verdadeiro passeio de m\u00fasica brasileira misturado ao funk, jazz e soul, com produ\u00e7\u00e3o incr\u00edvel, pra ser escutado num volume alto. Esse \u00e9 som de pista!<\/p>\n<p>A1\tOnde Vai Dar?<br \/>\nA2\tDo Mississipi Ao S\u00e3o Francisco (Pifunk Com Malta)<br \/>\nA3\tDemocracia E Seus Dem\u00f4nios<br \/>\nA4\tSupersimetria<br \/>\nA5\tPano Branco<br \/>\nB1\tCorinthians &#8211; Itaquera Palmeiras &#8211; Barra Funda<br \/>\nB2\tBroken Promises<br \/>\nB3\tA Voz<br \/>\nB4\tSanta Teresa<\/p>\n<p>http:\/\/www.oficinademacacos.com\/2016\/10\/nasca-supersimetria.html<\/p>\n<p>O som \u00e9 em sua totalidade brasileir\u00edssimo, mas n\u00e3o se parece nenhum outro. \u00c9 original e carregado de refer\u00eancias regionais e globais. Mensagens capciosas, est\u00f3rias inteligentemente colocadas, acompanhadas por r\u00edtmicas envolventes e arrebatadoras. E, para dar t\u00e3o certo, uma sensibilidade absurda pra organizar tudo isso, assim, de forma magistral! Prepare-se para conhecer o universo sonoro de Nasca!<\/p>\n<p>Nasca, aquele cabra do Saravah Soul, lan\u00e7a seu primeiro disco solo, o convincente &#8220;Supersimetria&#8221;. O projeto que foi viabilizado atrav\u00e9s de crowdfunding, abre as portas da mente (e do cora\u00e7\u00e3o) de Otto Nascarella. Um disco que intimamente desmonta a bagagem deste cidad\u00e3o do mundo adquirida ao longo de sua caminhada. Viv\u00eancias pelas ondas do Funk e Afrobeat est\u00e3o estampadas na sonoridade, mas o que sobressai s\u00e3o as heran\u00e7as e saudades tupiniquins. Por\u00e9m, pra ficar melhor, tais brasileirices nuncas s\u00e3o reveladas diretamente. Est\u00e3o sempre influenciadas, repaginadas, maquiadas por aquele groove malemolente e moderno que foge das fronteiras da m\u00fasica brasileira. Linhas de baixo marcantes, solos inspirad\u00edssimos, aliados a percuss\u00f5es e batidas quebradas e extasiantes.<\/p>\n<p>O disco (que aqui toca no repeat desde o lan\u00e7amento) escancara de vez o talento de Nasca para a coisa. &#8220;Onde Vai Dar?&#8221; relata a riqueza reluzente da diversidade, da complexidade das rela\u00e7\u00f5es e da beleza de um povo. Caindo como uma luva, &#8220;Democracia E Seus Dem\u00f4nios&#8221; ressalta de forma brilhante a calamidade do nosso atual cen\u00e1rio pol\u00edtico. Em &#8220;A Voz&#8221;, o habilidoso Nasca constr\u00f3i um po\u00e9tico e requintado beat-box apenas com sua(s) voz(es). Ou\u00e7a &#8220;Corinthians Itaquera, Palmeiras Barrafunda&#8221; e sinta a sutileza do cotidiano paulistano. Como nos discos do Saravah Soul, temos tamb\u00e9m can\u00e7\u00f5es em ingl\u00eas e portugu\u00eas, como &#8220;Broken Promisses&#8221;. Destaque tamb\u00e9m para a participa\u00e7\u00e3o de Carlos Malta, em &#8220;Do Mississipi Ao S\u00e3o Francisco (Ou Pifunk Com Malta)&#8221;. Levando o nome do disco, &#8220;Supersimetria&#8221; volta seu olhar para o Jazz, ou o Afro-Jazz, numa vibe entre Phil Cohran e Moacir Santos. Um trabalho completo, bem definido e, j\u00e1 adianto, atemporal! Para saber mais sobre o disco, sobre todos envolvidos no processo, acesse o site oficial &#8211; aproveite e compre o disco atrav\u00e9s de v\u00e1rias plataformas!<\/p>\n","protected":false},"featured_media":68181,"template":"","meta":[],"product_brand":[],"product_cat":[],"product_tag":[],"class_list":{"0":"post-68178","1":"product","2":"type-product","3":"status-publish","4":"has-post-thumbnail","7":"first","8":"instock","9":"taxable","10":"shipping-taxable","11":"purchasable","12":"product-type-simple"},"yoast_head":"<!-- This site is optimized with the Yoast SEO plugin v27.4 - https:\/\/yoast.com\/product\/yoast-seo-wordpress\/ -->\n<title>Nasca - Supersimetria - Vinyl Land Records<\/title>\n<meta name=\"robots\" content=\"index, follow, max-snippet:-1, max-image-preview:large, max-video-preview:-1\" \/>\n<link rel=\"canonical\" href=\"https:\/\/shopbrasil.vinyllandrecords.com\/produto\/nasca-supersimetria\/\" \/>\n<meta property=\"og:locale\" content=\"en_US\" \/>\n<meta property=\"og:type\" content=\"article\" \/>\n<meta property=\"og:title\" content=\"Nasca - Supersimetria - Vinyl Land Records\" \/>\n<meta property=\"og:description\" content=\"Grande lan\u00e7amento do compositor, arranjador e multi instrumentista Otto Nascarella, que lan\u00e7a seu \u00e1lbum solo sob a alcunha de Nasca.  Se curte balan\u00e7o, groove, afrobeat, jazz, percuss\u00e3o, soul, esse disco \u00e9 pra voc\u00ea.  Um \u00e1lbum excelente, um verdadeiro passeio de m\u00fasica brasileira misturado ao funk, jazz e soul, com produ\u00e7\u00e3o incr\u00edvel, pra ser escutado num volume alto. Esse \u00e9 som de pista!  A1 Onde Vai Dar?  A2 Do Mississipi Ao S\u00e3o Francisco (Pifunk Com Malta)  A3 Democracia E Seus Dem\u00f4nios  A4 Supersimetria  A5 Pano Branco  B1 Corinthians - Itaquera Palmeiras - Barra Funda  B2 Broken Promises  B3 A Voz  B4 Santa Teresa  http:\/\/www.oficinademacacos.com\/2016\/10\/nasca-supersimetria.html  O som \u00e9 em sua totalidade brasileir\u00edssimo, mas n\u00e3o se parece nenhum outro. \u00c9 original e carregado de refer\u00eancias regionais e globais. Mensagens capciosas, est\u00f3rias inteligentemente colocadas, acompanhadas por r\u00edtmicas envolventes e arrebatadoras. E, para dar t\u00e3o certo, uma sensibilidade absurda pra organizar tudo isso, assim, de forma magistral! Prepare-se para conhecer o universo sonoro de Nasca!  Nasca, aquele cabra do Saravah Soul, lan\u00e7a seu primeiro disco solo, o convincente &quot;Supersimetria&quot;. O projeto que foi viabilizado atrav\u00e9s de crowdfunding, abre as portas da mente (e do cora\u00e7\u00e3o) de Otto Nascarella. Um disco que intimamente desmonta a bagagem deste cidad\u00e3o do mundo adquirida ao longo de sua caminhada. Viv\u00eancias pelas ondas do Funk e Afrobeat est\u00e3o estampadas na sonoridade, mas o que sobressai s\u00e3o as heran\u00e7as e saudades tupiniquins. Por\u00e9m, pra ficar melhor, tais brasileirices nuncas s\u00e3o reveladas diretamente. Est\u00e3o sempre influenciadas, repaginadas, maquiadas por aquele groove malemolente e moderno que foge das fronteiras da m\u00fasica brasileira. Linhas de baixo marcantes, solos inspirad\u00edssimos, aliados a percuss\u00f5es e batidas quebradas e extasiantes.  O disco (que aqui toca no repeat desde o lan\u00e7amento) escancara de vez o talento de Nasca para a coisa. &quot;Onde Vai Dar?&quot; relata a riqueza reluzente da diversidade, da complexidade das rela\u00e7\u00f5es e da beleza de um povo. Caindo como uma luva, &quot;Democracia E Seus Dem\u00f4nios&quot; ressalta de forma brilhante a calamidade do nosso atual cen\u00e1rio pol\u00edtico. Em &quot;A Voz&quot;, o habilidoso Nasca constr\u00f3i um po\u00e9tico e requintado beat-box apenas com sua(s) voz(es). Ou\u00e7a &quot;Corinthians Itaquera, Palmeiras Barrafunda&quot; e sinta a sutileza do cotidiano paulistano. Como nos discos do Saravah Soul, temos tamb\u00e9m can\u00e7\u00f5es em ingl\u00eas e portugu\u00eas, como &quot;Broken Promisses&quot;. Destaque tamb\u00e9m para a participa\u00e7\u00e3o de Carlos Malta, em &quot;Do Mississipi Ao S\u00e3o Francisco (Ou Pifunk Com Malta)&quot;. Levando o nome do disco, &quot;Supersimetria&quot; volta seu olhar para o Jazz, ou o Afro-Jazz, numa vibe entre Phil Cohran e Moacir Santos. Um trabalho completo, bem definido e, j\u00e1 adianto, atemporal! Para saber mais sobre o disco, sobre todos envolvidos no processo, acesse o site oficial - aproveite e compre o disco atrav\u00e9s de v\u00e1rias plataformas!\" \/>\n<meta property=\"og:url\" content=\"https:\/\/shopbrasil.vinyllandrecords.com\/produto\/nasca-supersimetria\/\" \/>\n<meta property=\"og:site_name\" content=\"Vinyl Land Records\" \/>\n<meta property=\"article:modified_time\" content=\"2021-04-22T22:03:00+00:00\" \/>\n<meta property=\"og:image\" content=\"https:\/\/shopbrasil.vinyllandrecords.com\/wp-content\/uploads\/2021\/04\/nasca-1.png\" \/>\n\t<meta property=\"og:image:width\" content=\"450\" \/>\n\t<meta property=\"og:image:height\" content=\"450\" \/>\n\t<meta property=\"og:image:type\" content=\"image\/png\" \/>\n<meta name=\"twitter:card\" content=\"summary_large_image\" \/>\n<script type=\"application\/ld+json\" class=\"yoast-schema-graph\">{\"@context\":\"https:\\\/\\\/schema.org\",\"@graph\":[{\"@type\":\"WebPage\",\"@id\":\"https:\\\/\\\/shopbrasil.vinyllandrecords.com\\\/produto\\\/nasca-supersimetria\\\/\",\"url\":\"https:\\\/\\\/shopbrasil.vinyllandrecords.com\\\/produto\\\/nasca-supersimetria\\\/\",\"name\":\"Nasca - Supersimetria - Vinyl Land Records\",\"isPartOf\":{\"@id\":\"https:\\\/\\\/shopbrasil.vinyllandrecords.com\\\/#website\"},\"primaryImageOfPage\":{\"@id\":\"https:\\\/\\\/shopbrasil.vinyllandrecords.com\\\/produto\\\/nasca-supersimetria\\\/#primaryimage\"},\"image\":{\"@id\":\"https:\\\/\\\/shopbrasil.vinyllandrecords.com\\\/produto\\\/nasca-supersimetria\\\/#primaryimage\"},\"thumbnailUrl\":\"https:\\\/\\\/shopbrasil.vinyllandrecords.com\\\/wp-content\\\/uploads\\\/2021\\\/04\\\/nasca-1.png\",\"datePublished\":\"2021-04-22T21:57:24+00:00\",\"dateModified\":\"2021-04-22T22:03:00+00:00\",\"breadcrumb\":{\"@id\":\"https:\\\/\\\/shopbrasil.vinyllandrecords.com\\\/produto\\\/nasca-supersimetria\\\/#breadcrumb\"},\"inLanguage\":\"en-US\",\"potentialAction\":[{\"@type\":\"ReadAction\",\"target\":[\"https:\\\/\\\/shopbrasil.vinyllandrecords.com\\\/produto\\\/nasca-supersimetria\\\/\"]}]},{\"@type\":\"ImageObject\",\"inLanguage\":\"en-US\",\"@id\":\"https:\\\/\\\/shopbrasil.vinyllandrecords.com\\\/produto\\\/nasca-supersimetria\\\/#primaryimage\",\"url\":\"https:\\\/\\\/shopbrasil.vinyllandrecords.com\\\/wp-content\\\/uploads\\\/2021\\\/04\\\/nasca-1.png\",\"contentUrl\":\"https:\\\/\\\/shopbrasil.vinyllandrecords.com\\\/wp-content\\\/uploads\\\/2021\\\/04\\\/nasca-1.png\",\"width\":450,\"height\":450},{\"@type\":\"BreadcrumbList\",\"@id\":\"https:\\\/\\\/shopbrasil.vinyllandrecords.com\\\/produto\\\/nasca-supersimetria\\\/#breadcrumb\",\"itemListElement\":[{\"@type\":\"ListItem\",\"position\":1,\"name\":\"In\u00edcio\",\"item\":\"https:\\\/\\\/shopbrasil.vinyllandrecords.com\\\/\"},{\"@type\":\"ListItem\",\"position\":2,\"name\":\"Shops\",\"item\":\"https:\\\/\\\/shopbrasil.vinyllandrecords.com\\\/shops\\\/\"},{\"@type\":\"ListItem\",\"position\":3,\"name\":\"Nasca &#8211; Supersimetria\"}]},{\"@type\":\"WebSite\",\"@id\":\"https:\\\/\\\/shopbrasil.vinyllandrecords.com\\\/#website\",\"url\":\"https:\\\/\\\/shopbrasil.vinyllandrecords.com\\\/\",\"name\":\"Vinyl Land Records\",\"description\":\"ONLINE SHOP\",\"potentialAction\":[{\"@type\":\"SearchAction\",\"target\":{\"@type\":\"EntryPoint\",\"urlTemplate\":\"https:\\\/\\\/shopbrasil.vinyllandrecords.com\\\/?s={search_term_string}\"},\"query-input\":{\"@type\":\"PropertyValueSpecification\",\"valueRequired\":true,\"valueName\":\"search_term_string\"}}],\"inLanguage\":\"en-US\"}]}<\/script>\n<!-- \/ Yoast SEO plugin. -->","yoast_head_json":{"title":"Nasca - Supersimetria - Vinyl Land Records","robots":{"index":"index","follow":"follow","max-snippet":"max-snippet:-1","max-image-preview":"max-image-preview:large","max-video-preview":"max-video-preview:-1"},"canonical":"https:\/\/shopbrasil.vinyllandrecords.com\/produto\/nasca-supersimetria\/","og_locale":"en_US","og_type":"article","og_title":"Nasca - Supersimetria - Vinyl Land Records","og_description":"Grande lan\u00e7amento do compositor, arranjador e multi instrumentista Otto Nascarella, que lan\u00e7a seu \u00e1lbum solo sob a alcunha de Nasca.  Se curte balan\u00e7o, groove, afrobeat, jazz, percuss\u00e3o, soul, esse disco \u00e9 pra voc\u00ea.  Um \u00e1lbum excelente, um verdadeiro passeio de m\u00fasica brasileira misturado ao funk, jazz e soul, com produ\u00e7\u00e3o incr\u00edvel, pra ser escutado num volume alto. Esse \u00e9 som de pista!  A1 Onde Vai Dar?  A2 Do Mississipi Ao S\u00e3o Francisco (Pifunk Com Malta)  A3 Democracia E Seus Dem\u00f4nios  A4 Supersimetria  A5 Pano Branco  B1 Corinthians - Itaquera Palmeiras - Barra Funda  B2 Broken Promises  B3 A Voz  B4 Santa Teresa  http:\/\/www.oficinademacacos.com\/2016\/10\/nasca-supersimetria.html  O som \u00e9 em sua totalidade brasileir\u00edssimo, mas n\u00e3o se parece nenhum outro. \u00c9 original e carregado de refer\u00eancias regionais e globais. Mensagens capciosas, est\u00f3rias inteligentemente colocadas, acompanhadas por r\u00edtmicas envolventes e arrebatadoras. E, para dar t\u00e3o certo, uma sensibilidade absurda pra organizar tudo isso, assim, de forma magistral! Prepare-se para conhecer o universo sonoro de Nasca!  Nasca, aquele cabra do Saravah Soul, lan\u00e7a seu primeiro disco solo, o convincente \"Supersimetria\". O projeto que foi viabilizado atrav\u00e9s de crowdfunding, abre as portas da mente (e do cora\u00e7\u00e3o) de Otto Nascarella. Um disco que intimamente desmonta a bagagem deste cidad\u00e3o do mundo adquirida ao longo de sua caminhada. Viv\u00eancias pelas ondas do Funk e Afrobeat est\u00e3o estampadas na sonoridade, mas o que sobressai s\u00e3o as heran\u00e7as e saudades tupiniquins. Por\u00e9m, pra ficar melhor, tais brasileirices nuncas s\u00e3o reveladas diretamente. Est\u00e3o sempre influenciadas, repaginadas, maquiadas por aquele groove malemolente e moderno que foge das fronteiras da m\u00fasica brasileira. Linhas de baixo marcantes, solos inspirad\u00edssimos, aliados a percuss\u00f5es e batidas quebradas e extasiantes.  O disco (que aqui toca no repeat desde o lan\u00e7amento) escancara de vez o talento de Nasca para a coisa. \"Onde Vai Dar?\" relata a riqueza reluzente da diversidade, da complexidade das rela\u00e7\u00f5es e da beleza de um povo. Caindo como uma luva, \"Democracia E Seus Dem\u00f4nios\" ressalta de forma brilhante a calamidade do nosso atual cen\u00e1rio pol\u00edtico. Em \"A Voz\", o habilidoso Nasca constr\u00f3i um po\u00e9tico e requintado beat-box apenas com sua(s) voz(es). Ou\u00e7a \"Corinthians Itaquera, Palmeiras Barrafunda\" e sinta a sutileza do cotidiano paulistano. Como nos discos do Saravah Soul, temos tamb\u00e9m can\u00e7\u00f5es em ingl\u00eas e portugu\u00eas, como \"Broken Promisses\". Destaque tamb\u00e9m para a participa\u00e7\u00e3o de Carlos Malta, em \"Do Mississipi Ao S\u00e3o Francisco (Ou Pifunk Com Malta)\". Levando o nome do disco, \"Supersimetria\" volta seu olhar para o Jazz, ou o Afro-Jazz, numa vibe entre Phil Cohran e Moacir Santos. Um trabalho completo, bem definido e, j\u00e1 adianto, atemporal! Para saber mais sobre o disco, sobre todos envolvidos no processo, acesse o site oficial - aproveite e compre o disco atrav\u00e9s de v\u00e1rias plataformas!","og_url":"https:\/\/shopbrasil.vinyllandrecords.com\/produto\/nasca-supersimetria\/","og_site_name":"Vinyl Land Records","article_modified_time":"2021-04-22T22:03:00+00:00","og_image":[{"width":450,"height":450,"url":"https:\/\/shopbrasil.vinyllandrecords.com\/wp-content\/uploads\/2021\/04\/nasca-1.png","type":"image\/png"}],"twitter_card":"summary_large_image","schema":{"@context":"https:\/\/schema.org","@graph":[{"@type":"WebPage","@id":"https:\/\/shopbrasil.vinyllandrecords.com\/produto\/nasca-supersimetria\/","url":"https:\/\/shopbrasil.vinyllandrecords.com\/produto\/nasca-supersimetria\/","name":"Nasca - Supersimetria - Vinyl Land Records","isPartOf":{"@id":"https:\/\/shopbrasil.vinyllandrecords.com\/#website"},"primaryImageOfPage":{"@id":"https:\/\/shopbrasil.vinyllandrecords.com\/produto\/nasca-supersimetria\/#primaryimage"},"image":{"@id":"https:\/\/shopbrasil.vinyllandrecords.com\/produto\/nasca-supersimetria\/#primaryimage"},"thumbnailUrl":"https:\/\/shopbrasil.vinyllandrecords.com\/wp-content\/uploads\/2021\/04\/nasca-1.png","datePublished":"2021-04-22T21:57:24+00:00","dateModified":"2021-04-22T22:03:00+00:00","breadcrumb":{"@id":"https:\/\/shopbrasil.vinyllandrecords.com\/produto\/nasca-supersimetria\/#breadcrumb"},"inLanguage":"en-US","potentialAction":[{"@type":"ReadAction","target":["https:\/\/shopbrasil.vinyllandrecords.com\/produto\/nasca-supersimetria\/"]}]},{"@type":"ImageObject","inLanguage":"en-US","@id":"https:\/\/shopbrasil.vinyllandrecords.com\/produto\/nasca-supersimetria\/#primaryimage","url":"https:\/\/shopbrasil.vinyllandrecords.com\/wp-content\/uploads\/2021\/04\/nasca-1.png","contentUrl":"https:\/\/shopbrasil.vinyllandrecords.com\/wp-content\/uploads\/2021\/04\/nasca-1.png","width":450,"height":450},{"@type":"BreadcrumbList","@id":"https:\/\/shopbrasil.vinyllandrecords.com\/produto\/nasca-supersimetria\/#breadcrumb","itemListElement":[{"@type":"ListItem","position":1,"name":"In\u00edcio","item":"https:\/\/shopbrasil.vinyllandrecords.com\/"},{"@type":"ListItem","position":2,"name":"Shops","item":"https:\/\/shopbrasil.vinyllandrecords.com\/shops\/"},{"@type":"ListItem","position":3,"name":"Nasca &#8211; Supersimetria"}]},{"@type":"WebSite","@id":"https:\/\/shopbrasil.vinyllandrecords.com\/#website","url":"https:\/\/shopbrasil.vinyllandrecords.com\/","name":"Vinyl Land Records","description":"ONLINE SHOP","potentialAction":[{"@type":"SearchAction","target":{"@type":"EntryPoint","urlTemplate":"https:\/\/shopbrasil.vinyllandrecords.com\/?s={search_term_string}"},"query-input":{"@type":"PropertyValueSpecification","valueRequired":true,"valueName":"search_term_string"}}],"inLanguage":"en-US"}]}},"_links":{"self":[{"href":"https:\/\/shopbrasil.vinyllandrecords.com\/en\/wp-json\/wp\/v2\/product\/68178","targetHints":{"allow":["GET"]}}],"collection":[{"href":"https:\/\/shopbrasil.vinyllandrecords.com\/en\/wp-json\/wp\/v2\/product"}],"about":[{"href":"https:\/\/shopbrasil.vinyllandrecords.com\/en\/wp-json\/wp\/v2\/types\/product"}],"wp:featuredmedia":[{"embeddable":true,"href":"https:\/\/shopbrasil.vinyllandrecords.com\/en\/wp-json\/wp\/v2\/media\/68181"}],"wp:attachment":[{"href":"https:\/\/shopbrasil.vinyllandrecords.com\/en\/wp-json\/wp\/v2\/media?parent=68178"}],"wp:term":[{"taxonomy":"product_brand","embeddable":true,"href":"https:\/\/shopbrasil.vinyllandrecords.com\/en\/wp-json\/wp\/v2\/product_brand?post=68178"},{"taxonomy":"product_cat","embeddable":true,"href":"https:\/\/shopbrasil.vinyllandrecords.com\/en\/wp-json\/wp\/v2\/product_cat?post=68178"},{"taxonomy":"product_tag","embeddable":true,"href":"https:\/\/shopbrasil.vinyllandrecords.com\/en\/wp-json\/wp\/v2\/product_tag?post=68178"}],"curies":[{"name":"wp","href":"https:\/\/api.w.org\/{rel}","templated":true}]}}