{"id":68272,"date":"2021-09-08T19:15:07","date_gmt":"2021-09-08T22:15:07","guid":{"rendered":"https:\/\/shopbrasil.vinyllandrecords.com\/?post_type=product&#038;p=68272"},"modified":"2022-01-28T10:51:38","modified_gmt":"2022-01-28T13:51:38","slug":"mamelo-sound-system-urbalia","status":"publish","type":"product","link":"https:\/\/shopbrasil.vinyllandrecords.com\/en\/produto\/mamelo-sound-system-urbalia\/","title":{"rendered":"Mamelo Sound System &#8211; Urb\u00e1lia"},"content":{"rendered":"","protected":false},"excerpt":{"rendered":"<p><iframe width=\"560\" height=\"315\" src=\"https:\/\/www.youtube.com\/embed\/videoseries?list=PL95C93B5F0B4050F0\" title=\"YouTube video player\" frameborder=\"0\" allow=\"accelerometer; autoplay; clipboard-write; encrypted-media; gyroscope; picture-in-picture\" allowfullscreen><\/iframe><\/p>\n<p>Vinil 10&#8243; colorido duplo nacional prensado na Fran\u00e7a, novo e com encarte. 2019, Loop Play Discos.<\/p>\n<p>Urb\u00e1lia, lan\u00e7ado em 2003, \u00e9 o segundo \u00e1lbum do Mamelo Sound System, produzido por Alexandre Basa e com participa\u00e7\u00f5es de Afrika Bambaata, DJ Primo, Geanine Marques, entre outros.<\/p>\n<p>Para comemorar os 15 anos de lan\u00e7amento do \u00e1lbum, que na \u00e9poca saiu apenas em CD e que foi marcante no rap alternativo, Urb\u00e1lia ganha uma edi\u00e7\u00e3o em disco duplo, com vinis coloridos no formato 10\u201d e capa gatefold. O disco foi remasterizado para vinil por Fernando Sanchez, no El Rocha. A arte gr\u00e1fica tamb\u00e9m foi refeita, e quem assumiu essa responsa foi o Magr\u00e3o, que tinha desenvolvido a arte na \u00e9poca do lan\u00e7amento do CD. <\/p>\n<p>Os discos foram prensados na Europa e a edi\u00e7\u00e3o \u00e9 limitada em 500 c\u00f3pias numeradas.<\/p>\n","protected":false},"featured_media":68273,"template":"","meta":[],"product_brand":[],"product_cat":[107,111,124,126,130,94],"product_tag":[],"class_list":{"0":"post-68272","1":"product","2":"type-product","3":"status-publish","4":"has-post-thumbnail","6":"product_cat-garimpo","7":"product_cat-destaque","8":"product_cat-2xlp","9":"product_cat-disco-colorido","10":"product_cat-loop-play-discos","11":"product_cat-94","13":"first","14":"instock","15":"taxable","16":"shipping-taxable","17":"purchasable","18":"product-type-simple"},"yoast_head":"<!-- This site is optimized with the Yoast SEO plugin v27.4 - https:\/\/yoast.com\/product\/yoast-seo-wordpress\/ -->\n<title>Mamelo Sound System - Urb\u00e1lia - Vinyl Land Records<\/title>\n<meta name=\"robots\" content=\"index, follow, max-snippet:-1, max-image-preview:large, max-video-preview:-1\" \/>\n<link rel=\"canonical\" href=\"https:\/\/shopbrasil.vinyllandrecords.com\/produto\/mamelo-sound-system-urbalia\/\" \/>\n<meta property=\"og:locale\" content=\"en_US\" \/>\n<meta property=\"og:type\" content=\"article\" \/>\n<meta property=\"og:title\" content=\"Mamelo Sound System - Urb\u00e1lia - Vinyl Land Records\" \/>\n<meta property=\"og:description\" content=\"Vinil 10&quot; colorido duplo nacional prensado na Fran\u00e7a, novo e com encarte. 2019, Loop Play Discos.  Urb\u00e1lia, lan\u00e7ado em 2003, \u00e9 o segundo \u00e1lbum do Mamelo Sound System, produzido por Alexandre Basa e com participa\u00e7\u00f5es de Afrika Bambaata, DJ Primo, Geanine Marques, entre outros.  Para comemorar os 15 anos de lan\u00e7amento do \u00e1lbum, que na \u00e9poca saiu apenas em CD e que foi marcante no rap alternativo, Urb\u00e1lia ganha uma edi\u00e7\u00e3o em disco duplo, com vinis coloridos no formato 10\u201d e capa gatefold. O disco foi remasterizado para vinil por Fernando Sanchez, no El Rocha. A arte gr\u00e1fica tamb\u00e9m foi refeita, e quem assumiu essa responsa foi o Magr\u00e3o, que tinha desenvolvido a arte na \u00e9poca do lan\u00e7amento do CD.   Os discos foram prensados na Europa e a edi\u00e7\u00e3o \u00e9 limitada em 500 c\u00f3pias numeradas.\" \/>\n<meta property=\"og:url\" content=\"https:\/\/shopbrasil.vinyllandrecords.com\/produto\/mamelo-sound-system-urbalia\/\" \/>\n<meta property=\"og:site_name\" content=\"Vinyl Land Records\" \/>\n<meta property=\"article:modified_time\" content=\"2022-01-28T13:51:38+00:00\" \/>\n<meta property=\"og:image\" content=\"https:\/\/shopbrasil.vinyllandrecords.com\/wp-content\/uploads\/2021\/09\/mamelo-1.jpeg\" \/>\n\t<meta property=\"og:image:width\" content=\"400\" \/>\n\t<meta property=\"og:image:height\" content=\"400\" \/>\n\t<meta property=\"og:image:type\" content=\"image\/jpeg\" \/>\n<meta name=\"twitter:card\" content=\"summary_large_image\" \/>\n<script type=\"application\/ld+json\" class=\"yoast-schema-graph\">{\"@context\":\"https:\\\/\\\/schema.org\",\"@graph\":[{\"@type\":\"WebPage\",\"@id\":\"https:\\\/\\\/shopbrasil.vinyllandrecords.com\\\/produto\\\/mamelo-sound-system-urbalia\\\/\",\"url\":\"https:\\\/\\\/shopbrasil.vinyllandrecords.com\\\/produto\\\/mamelo-sound-system-urbalia\\\/\",\"name\":\"Mamelo Sound System - Urb\u00e1lia - Vinyl Land Records\",\"isPartOf\":{\"@id\":\"https:\\\/\\\/shopbrasil.vinyllandrecords.com\\\/#website\"},\"primaryImageOfPage\":{\"@id\":\"https:\\\/\\\/shopbrasil.vinyllandrecords.com\\\/produto\\\/mamelo-sound-system-urbalia\\\/#primaryimage\"},\"image\":{\"@id\":\"https:\\\/\\\/shopbrasil.vinyllandrecords.com\\\/produto\\\/mamelo-sound-system-urbalia\\\/#primaryimage\"},\"thumbnailUrl\":\"https:\\\/\\\/shopbrasil.vinyllandrecords.com\\\/wp-content\\\/uploads\\\/2021\\\/09\\\/mamelo-1.jpeg\",\"datePublished\":\"2021-09-08T22:15:07+00:00\",\"dateModified\":\"2022-01-28T13:51:38+00:00\",\"breadcrumb\":{\"@id\":\"https:\\\/\\\/shopbrasil.vinyllandrecords.com\\\/produto\\\/mamelo-sound-system-urbalia\\\/#breadcrumb\"},\"inLanguage\":\"en-US\",\"potentialAction\":[{\"@type\":\"ReadAction\",\"target\":[\"https:\\\/\\\/shopbrasil.vinyllandrecords.com\\\/produto\\\/mamelo-sound-system-urbalia\\\/\"]}]},{\"@type\":\"ImageObject\",\"inLanguage\":\"en-US\",\"@id\":\"https:\\\/\\\/shopbrasil.vinyllandrecords.com\\\/produto\\\/mamelo-sound-system-urbalia\\\/#primaryimage\",\"url\":\"https:\\\/\\\/shopbrasil.vinyllandrecords.com\\\/wp-content\\\/uploads\\\/2021\\\/09\\\/mamelo-1.jpeg\",\"contentUrl\":\"https:\\\/\\\/shopbrasil.vinyllandrecords.com\\\/wp-content\\\/uploads\\\/2021\\\/09\\\/mamelo-1.jpeg\",\"width\":400,\"height\":400},{\"@type\":\"BreadcrumbList\",\"@id\":\"https:\\\/\\\/shopbrasil.vinyllandrecords.com\\\/produto\\\/mamelo-sound-system-urbalia\\\/#breadcrumb\",\"itemListElement\":[{\"@type\":\"ListItem\",\"position\":1,\"name\":\"In\u00edcio\",\"item\":\"https:\\\/\\\/shopbrasil.vinyllandrecords.com\\\/\"},{\"@type\":\"ListItem\",\"position\":2,\"name\":\"Shops\",\"item\":\"https:\\\/\\\/shopbrasil.vinyllandrecords.com\\\/shops\\\/\"},{\"@type\":\"ListItem\",\"position\":3,\"name\":\"Mamelo Sound System &#8211; Urb\u00e1lia\"}]},{\"@type\":\"WebSite\",\"@id\":\"https:\\\/\\\/shopbrasil.vinyllandrecords.com\\\/#website\",\"url\":\"https:\\\/\\\/shopbrasil.vinyllandrecords.com\\\/\",\"name\":\"Vinyl Land Records\",\"description\":\"ONLINE SHOP\",\"potentialAction\":[{\"@type\":\"SearchAction\",\"target\":{\"@type\":\"EntryPoint\",\"urlTemplate\":\"https:\\\/\\\/shopbrasil.vinyllandrecords.com\\\/?s={search_term_string}\"},\"query-input\":{\"@type\":\"PropertyValueSpecification\",\"valueRequired\":true,\"valueName\":\"search_term_string\"}}],\"inLanguage\":\"en-US\"}]}<\/script>\n<!-- \/ Yoast SEO plugin. -->","yoast_head_json":{"title":"Mamelo Sound System - Urb\u00e1lia - Vinyl Land Records","robots":{"index":"index","follow":"follow","max-snippet":"max-snippet:-1","max-image-preview":"max-image-preview:large","max-video-preview":"max-video-preview:-1"},"canonical":"https:\/\/shopbrasil.vinyllandrecords.com\/produto\/mamelo-sound-system-urbalia\/","og_locale":"en_US","og_type":"article","og_title":"Mamelo Sound System - Urb\u00e1lia - Vinyl Land Records","og_description":"Vinil 10\" colorido duplo nacional prensado na Fran\u00e7a, novo e com encarte. 2019, Loop Play Discos.  Urb\u00e1lia, lan\u00e7ado em 2003, \u00e9 o segundo \u00e1lbum do Mamelo Sound System, produzido por Alexandre Basa e com participa\u00e7\u00f5es de Afrika Bambaata, DJ Primo, Geanine Marques, entre outros.  Para comemorar os 15 anos de lan\u00e7amento do \u00e1lbum, que na \u00e9poca saiu apenas em CD e que foi marcante no rap alternativo, Urb\u00e1lia ganha uma edi\u00e7\u00e3o em disco duplo, com vinis coloridos no formato 10\u201d e capa gatefold. O disco foi remasterizado para vinil por Fernando Sanchez, no El Rocha. A arte gr\u00e1fica tamb\u00e9m foi refeita, e quem assumiu essa responsa foi o Magr\u00e3o, que tinha desenvolvido a arte na \u00e9poca do lan\u00e7amento do CD.   Os discos foram prensados na Europa e a edi\u00e7\u00e3o \u00e9 limitada em 500 c\u00f3pias numeradas.","og_url":"https:\/\/shopbrasil.vinyllandrecords.com\/produto\/mamelo-sound-system-urbalia\/","og_site_name":"Vinyl Land Records","article_modified_time":"2022-01-28T13:51:38+00:00","og_image":[{"width":400,"height":400,"url":"https:\/\/shopbrasil.vinyllandrecords.com\/wp-content\/uploads\/2021\/09\/mamelo-1.jpeg","type":"image\/jpeg"}],"twitter_card":"summary_large_image","schema":{"@context":"https:\/\/schema.org","@graph":[{"@type":"WebPage","@id":"https:\/\/shopbrasil.vinyllandrecords.com\/produto\/mamelo-sound-system-urbalia\/","url":"https:\/\/shopbrasil.vinyllandrecords.com\/produto\/mamelo-sound-system-urbalia\/","name":"Mamelo Sound System - Urb\u00e1lia - Vinyl Land Records","isPartOf":{"@id":"https:\/\/shopbrasil.vinyllandrecords.com\/#website"},"primaryImageOfPage":{"@id":"https:\/\/shopbrasil.vinyllandrecords.com\/produto\/mamelo-sound-system-urbalia\/#primaryimage"},"image":{"@id":"https:\/\/shopbrasil.vinyllandrecords.com\/produto\/mamelo-sound-system-urbalia\/#primaryimage"},"thumbnailUrl":"https:\/\/shopbrasil.vinyllandrecords.com\/wp-content\/uploads\/2021\/09\/mamelo-1.jpeg","datePublished":"2021-09-08T22:15:07+00:00","dateModified":"2022-01-28T13:51:38+00:00","breadcrumb":{"@id":"https:\/\/shopbrasil.vinyllandrecords.com\/produto\/mamelo-sound-system-urbalia\/#breadcrumb"},"inLanguage":"en-US","potentialAction":[{"@type":"ReadAction","target":["https:\/\/shopbrasil.vinyllandrecords.com\/produto\/mamelo-sound-system-urbalia\/"]}]},{"@type":"ImageObject","inLanguage":"en-US","@id":"https:\/\/shopbrasil.vinyllandrecords.com\/produto\/mamelo-sound-system-urbalia\/#primaryimage","url":"https:\/\/shopbrasil.vinyllandrecords.com\/wp-content\/uploads\/2021\/09\/mamelo-1.jpeg","contentUrl":"https:\/\/shopbrasil.vinyllandrecords.com\/wp-content\/uploads\/2021\/09\/mamelo-1.jpeg","width":400,"height":400},{"@type":"BreadcrumbList","@id":"https:\/\/shopbrasil.vinyllandrecords.com\/produto\/mamelo-sound-system-urbalia\/#breadcrumb","itemListElement":[{"@type":"ListItem","position":1,"name":"In\u00edcio","item":"https:\/\/shopbrasil.vinyllandrecords.com\/"},{"@type":"ListItem","position":2,"name":"Shops","item":"https:\/\/shopbrasil.vinyllandrecords.com\/shops\/"},{"@type":"ListItem","position":3,"name":"Mamelo Sound System &#8211; Urb\u00e1lia"}]},{"@type":"WebSite","@id":"https:\/\/shopbrasil.vinyllandrecords.com\/#website","url":"https:\/\/shopbrasil.vinyllandrecords.com\/","name":"Vinyl Land Records","description":"ONLINE SHOP","potentialAction":[{"@type":"SearchAction","target":{"@type":"EntryPoint","urlTemplate":"https:\/\/shopbrasil.vinyllandrecords.com\/?s={search_term_string}"},"query-input":{"@type":"PropertyValueSpecification","valueRequired":true,"valueName":"search_term_string"}}],"inLanguage":"en-US"}]}},"_links":{"self":[{"href":"https:\/\/shopbrasil.vinyllandrecords.com\/en\/wp-json\/wp\/v2\/product\/68272","targetHints":{"allow":["GET"]}}],"collection":[{"href":"https:\/\/shopbrasil.vinyllandrecords.com\/en\/wp-json\/wp\/v2\/product"}],"about":[{"href":"https:\/\/shopbrasil.vinyllandrecords.com\/en\/wp-json\/wp\/v2\/types\/product"}],"wp:featuredmedia":[{"embeddable":true,"href":"https:\/\/shopbrasil.vinyllandrecords.com\/en\/wp-json\/wp\/v2\/media\/68273"}],"wp:attachment":[{"href":"https:\/\/shopbrasil.vinyllandrecords.com\/en\/wp-json\/wp\/v2\/media?parent=68272"}],"wp:term":[{"taxonomy":"product_brand","embeddable":true,"href":"https:\/\/shopbrasil.vinyllandrecords.com\/en\/wp-json\/wp\/v2\/product_brand?post=68272"},{"taxonomy":"product_cat","embeddable":true,"href":"https:\/\/shopbrasil.vinyllandrecords.com\/en\/wp-json\/wp\/v2\/product_cat?post=68272"},{"taxonomy":"product_tag","embeddable":true,"href":"https:\/\/shopbrasil.vinyllandrecords.com\/en\/wp-json\/wp\/v2\/product_tag?post=68272"}],"curies":[{"name":"wp","href":"https:\/\/api.w.org\/{rel}","templated":true}]}}