{"id":68276,"date":"2021-09-08T19:27:06","date_gmt":"2021-09-08T22:27:06","guid":{"rendered":"https:\/\/shopbrasil.vinyllandrecords.com\/?post_type=product&#038;p=68276"},"modified":"2024-04-22T22:34:52","modified_gmt":"2024-04-23T01:34:52","slug":"amaro-freitas-rasif","status":"publish","type":"product","link":"https:\/\/shopbrasil.vinyllandrecords.com\/en\/produto\/amaro-freitas-rasif\/","title":{"rendered":"AMARO FREITAS \u2013 RASIF"},"content":{"rendered":"","protected":false},"excerpt":{"rendered":"<p><iframe width=\"560\" height=\"315\" src=\"https:\/\/www.youtube.com\/embed\/xmiV_F3q_mg\" title=\"YouTube video player\" frameborder=\"0\" allow=\"accelerometer; autoplay; clipboard-write; encrypted-media; gyroscope; picture-in-picture\" allowfullscreen><\/iframe><\/p>\n<p>Lan\u00e7ado em 2018, o \u00e1lbum \u2018Rasif\u2019 traduz para o jazz culturas tradicionais nordestinas e conecta com naturalidade \u00e0 vanguarda de nomes como Vijay Iyer, Thelonious Monk, Moacir Santos e Hermeto Pascoal.<\/p>\n<p>O m\u00fasico \u00e9 acompanhado pelo contrabaixo ac\u00fastico de Jean Elton, e pela bateria de Hugo Medeiros. A partir deste lan\u00e7amento, o trio ingressou em circuitos internacionais e se consolidou como uma das maiores refer\u00eancias do jazz contempor\u00e2neo brasileiro.<\/p>\n<p>Para a merecida edi\u00e7\u00e3o nacional de \u2018Rasif\u2019, preparamos um novo projeto gr\u00e1fico, com tiragem limitada, vinil 180 gramas, capa gatefold empastada, p\u00f4ster exclusivo e material in\u00e9dito.<\/p>\n","protected":false},"featured_media":68279,"template":"","meta":[],"product_brand":[],"product_cat":[107,111,131,97],"product_tag":[],"class_list":{"0":"post-68276","1":"product","2":"type-product","3":"status-publish","4":"has-post-thumbnail","6":"product_cat-garimpo","7":"product_cat-destaque","8":"product_cat-tres-selos","9":"product_cat-lp","11":"first","12":"outofstock","13":"taxable","14":"shipping-taxable","15":"purchasable","16":"product-type-simple"},"yoast_head":"<!-- This site is optimized with the Yoast SEO plugin v27.4 - https:\/\/yoast.com\/product\/yoast-seo-wordpress\/ -->\n<title>AMARO FREITAS \u2013 RASIF - Vinyl Land Records<\/title>\n<meta name=\"robots\" content=\"index, follow, max-snippet:-1, max-image-preview:large, max-video-preview:-1\" \/>\n<link rel=\"canonical\" href=\"https:\/\/shopbrasil.vinyllandrecords.com\/produto\/amaro-freitas-rasif\/\" \/>\n<meta property=\"og:locale\" content=\"en_US\" \/>\n<meta property=\"og:type\" content=\"article\" \/>\n<meta property=\"og:title\" content=\"AMARO FREITAS \u2013 RASIF - Vinyl Land Records\" \/>\n<meta property=\"og:description\" content=\"Lan\u00e7ado em 2018, o \u00e1lbum \u2018Rasif\u2019 traduz para o jazz culturas tradicionais nordestinas e conecta com naturalidade \u00e0 vanguarda de nomes como Vijay Iyer, Thelonious Monk, Moacir Santos e Hermeto Pascoal.  O m\u00fasico \u00e9 acompanhado pelo contrabaixo ac\u00fastico de Jean Elton, e pela bateria de Hugo Medeiros. A partir deste lan\u00e7amento, o trio ingressou em circuitos internacionais e se consolidou como uma das maiores refer\u00eancias do jazz contempor\u00e2neo brasileiro.  Para a merecida edi\u00e7\u00e3o nacional de \u2018Rasif\u2019, preparamos um novo projeto gr\u00e1fico, com tiragem limitada, vinil 180 gramas, capa gatefold empastada, p\u00f4ster exclusivo e material in\u00e9dito.\" \/>\n<meta property=\"og:url\" content=\"https:\/\/shopbrasil.vinyllandrecords.com\/produto\/amaro-freitas-rasif\/\" \/>\n<meta property=\"og:site_name\" content=\"Vinyl Land Records\" \/>\n<meta property=\"article:modified_time\" content=\"2024-04-23T01:34:52+00:00\" \/>\n<meta property=\"og:image\" content=\"https:\/\/shopbrasil.vinyllandrecords.com\/wp-content\/uploads\/2021\/09\/rasif.jpeg\" \/>\n\t<meta property=\"og:image:width\" content=\"1250\" \/>\n\t<meta property=\"og:image:height\" content=\"1250\" \/>\n\t<meta property=\"og:image:type\" content=\"image\/jpeg\" \/>\n<meta name=\"twitter:card\" content=\"summary_large_image\" \/>\n<script type=\"application\/ld+json\" class=\"yoast-schema-graph\">{\"@context\":\"https:\\\/\\\/schema.org\",\"@graph\":[{\"@type\":\"WebPage\",\"@id\":\"https:\\\/\\\/shopbrasil.vinyllandrecords.com\\\/produto\\\/amaro-freitas-rasif\\\/\",\"url\":\"https:\\\/\\\/shopbrasil.vinyllandrecords.com\\\/produto\\\/amaro-freitas-rasif\\\/\",\"name\":\"AMARO FREITAS \u2013 RASIF - Vinyl Land Records\",\"isPartOf\":{\"@id\":\"https:\\\/\\\/shopbrasil.vinyllandrecords.com\\\/#website\"},\"primaryImageOfPage\":{\"@id\":\"https:\\\/\\\/shopbrasil.vinyllandrecords.com\\\/produto\\\/amaro-freitas-rasif\\\/#primaryimage\"},\"image\":{\"@id\":\"https:\\\/\\\/shopbrasil.vinyllandrecords.com\\\/produto\\\/amaro-freitas-rasif\\\/#primaryimage\"},\"thumbnailUrl\":\"https:\\\/\\\/shopbrasil.vinyllandrecords.com\\\/wp-content\\\/uploads\\\/2021\\\/09\\\/rasif.jpeg\",\"datePublished\":\"2021-09-08T22:27:06+00:00\",\"dateModified\":\"2024-04-23T01:34:52+00:00\",\"breadcrumb\":{\"@id\":\"https:\\\/\\\/shopbrasil.vinyllandrecords.com\\\/produto\\\/amaro-freitas-rasif\\\/#breadcrumb\"},\"inLanguage\":\"en-US\",\"potentialAction\":[{\"@type\":\"ReadAction\",\"target\":[\"https:\\\/\\\/shopbrasil.vinyllandrecords.com\\\/produto\\\/amaro-freitas-rasif\\\/\"]}]},{\"@type\":\"ImageObject\",\"inLanguage\":\"en-US\",\"@id\":\"https:\\\/\\\/shopbrasil.vinyllandrecords.com\\\/produto\\\/amaro-freitas-rasif\\\/#primaryimage\",\"url\":\"https:\\\/\\\/shopbrasil.vinyllandrecords.com\\\/wp-content\\\/uploads\\\/2021\\\/09\\\/rasif.jpeg\",\"contentUrl\":\"https:\\\/\\\/shopbrasil.vinyllandrecords.com\\\/wp-content\\\/uploads\\\/2021\\\/09\\\/rasif.jpeg\",\"width\":1250,\"height\":1250},{\"@type\":\"BreadcrumbList\",\"@id\":\"https:\\\/\\\/shopbrasil.vinyllandrecords.com\\\/produto\\\/amaro-freitas-rasif\\\/#breadcrumb\",\"itemListElement\":[{\"@type\":\"ListItem\",\"position\":1,\"name\":\"In\u00edcio\",\"item\":\"https:\\\/\\\/shopbrasil.vinyllandrecords.com\\\/\"},{\"@type\":\"ListItem\",\"position\":2,\"name\":\"Shops\",\"item\":\"https:\\\/\\\/shopbrasil.vinyllandrecords.com\\\/shops\\\/\"},{\"@type\":\"ListItem\",\"position\":3,\"name\":\"AMARO FREITAS \u2013 RASIF\"}]},{\"@type\":\"WebSite\",\"@id\":\"https:\\\/\\\/shopbrasil.vinyllandrecords.com\\\/#website\",\"url\":\"https:\\\/\\\/shopbrasil.vinyllandrecords.com\\\/\",\"name\":\"Vinyl Land Records\",\"description\":\"ONLINE SHOP\",\"potentialAction\":[{\"@type\":\"SearchAction\",\"target\":{\"@type\":\"EntryPoint\",\"urlTemplate\":\"https:\\\/\\\/shopbrasil.vinyllandrecords.com\\\/?s={search_term_string}\"},\"query-input\":{\"@type\":\"PropertyValueSpecification\",\"valueRequired\":true,\"valueName\":\"search_term_string\"}}],\"inLanguage\":\"en-US\"}]}<\/script>\n<!-- \/ Yoast SEO plugin. -->","yoast_head_json":{"title":"AMARO FREITAS \u2013 RASIF - Vinyl Land Records","robots":{"index":"index","follow":"follow","max-snippet":"max-snippet:-1","max-image-preview":"max-image-preview:large","max-video-preview":"max-video-preview:-1"},"canonical":"https:\/\/shopbrasil.vinyllandrecords.com\/produto\/amaro-freitas-rasif\/","og_locale":"en_US","og_type":"article","og_title":"AMARO FREITAS \u2013 RASIF - Vinyl Land Records","og_description":"Lan\u00e7ado em 2018, o \u00e1lbum \u2018Rasif\u2019 traduz para o jazz culturas tradicionais nordestinas e conecta com naturalidade \u00e0 vanguarda de nomes como Vijay Iyer, Thelonious Monk, Moacir Santos e Hermeto Pascoal.  O m\u00fasico \u00e9 acompanhado pelo contrabaixo ac\u00fastico de Jean Elton, e pela bateria de Hugo Medeiros. A partir deste lan\u00e7amento, o trio ingressou em circuitos internacionais e se consolidou como uma das maiores refer\u00eancias do jazz contempor\u00e2neo brasileiro.  Para a merecida edi\u00e7\u00e3o nacional de \u2018Rasif\u2019, preparamos um novo projeto gr\u00e1fico, com tiragem limitada, vinil 180 gramas, capa gatefold empastada, p\u00f4ster exclusivo e material in\u00e9dito.","og_url":"https:\/\/shopbrasil.vinyllandrecords.com\/produto\/amaro-freitas-rasif\/","og_site_name":"Vinyl Land Records","article_modified_time":"2024-04-23T01:34:52+00:00","og_image":[{"width":1250,"height":1250,"url":"https:\/\/shopbrasil.vinyllandrecords.com\/wp-content\/uploads\/2021\/09\/rasif.jpeg","type":"image\/jpeg"}],"twitter_card":"summary_large_image","schema":{"@context":"https:\/\/schema.org","@graph":[{"@type":"WebPage","@id":"https:\/\/shopbrasil.vinyllandrecords.com\/produto\/amaro-freitas-rasif\/","url":"https:\/\/shopbrasil.vinyllandrecords.com\/produto\/amaro-freitas-rasif\/","name":"AMARO FREITAS \u2013 RASIF - Vinyl Land Records","isPartOf":{"@id":"https:\/\/shopbrasil.vinyllandrecords.com\/#website"},"primaryImageOfPage":{"@id":"https:\/\/shopbrasil.vinyllandrecords.com\/produto\/amaro-freitas-rasif\/#primaryimage"},"image":{"@id":"https:\/\/shopbrasil.vinyllandrecords.com\/produto\/amaro-freitas-rasif\/#primaryimage"},"thumbnailUrl":"https:\/\/shopbrasil.vinyllandrecords.com\/wp-content\/uploads\/2021\/09\/rasif.jpeg","datePublished":"2021-09-08T22:27:06+00:00","dateModified":"2024-04-23T01:34:52+00:00","breadcrumb":{"@id":"https:\/\/shopbrasil.vinyllandrecords.com\/produto\/amaro-freitas-rasif\/#breadcrumb"},"inLanguage":"en-US","potentialAction":[{"@type":"ReadAction","target":["https:\/\/shopbrasil.vinyllandrecords.com\/produto\/amaro-freitas-rasif\/"]}]},{"@type":"ImageObject","inLanguage":"en-US","@id":"https:\/\/shopbrasil.vinyllandrecords.com\/produto\/amaro-freitas-rasif\/#primaryimage","url":"https:\/\/shopbrasil.vinyllandrecords.com\/wp-content\/uploads\/2021\/09\/rasif.jpeg","contentUrl":"https:\/\/shopbrasil.vinyllandrecords.com\/wp-content\/uploads\/2021\/09\/rasif.jpeg","width":1250,"height":1250},{"@type":"BreadcrumbList","@id":"https:\/\/shopbrasil.vinyllandrecords.com\/produto\/amaro-freitas-rasif\/#breadcrumb","itemListElement":[{"@type":"ListItem","position":1,"name":"In\u00edcio","item":"https:\/\/shopbrasil.vinyllandrecords.com\/"},{"@type":"ListItem","position":2,"name":"Shops","item":"https:\/\/shopbrasil.vinyllandrecords.com\/shops\/"},{"@type":"ListItem","position":3,"name":"AMARO FREITAS \u2013 RASIF"}]},{"@type":"WebSite","@id":"https:\/\/shopbrasil.vinyllandrecords.com\/#website","url":"https:\/\/shopbrasil.vinyllandrecords.com\/","name":"Vinyl Land Records","description":"ONLINE SHOP","potentialAction":[{"@type":"SearchAction","target":{"@type":"EntryPoint","urlTemplate":"https:\/\/shopbrasil.vinyllandrecords.com\/?s={search_term_string}"},"query-input":{"@type":"PropertyValueSpecification","valueRequired":true,"valueName":"search_term_string"}}],"inLanguage":"en-US"}]}},"_links":{"self":[{"href":"https:\/\/shopbrasil.vinyllandrecords.com\/en\/wp-json\/wp\/v2\/product\/68276","targetHints":{"allow":["GET"]}}],"collection":[{"href":"https:\/\/shopbrasil.vinyllandrecords.com\/en\/wp-json\/wp\/v2\/product"}],"about":[{"href":"https:\/\/shopbrasil.vinyllandrecords.com\/en\/wp-json\/wp\/v2\/types\/product"}],"wp:featuredmedia":[{"embeddable":true,"href":"https:\/\/shopbrasil.vinyllandrecords.com\/en\/wp-json\/wp\/v2\/media\/68279"}],"wp:attachment":[{"href":"https:\/\/shopbrasil.vinyllandrecords.com\/en\/wp-json\/wp\/v2\/media?parent=68276"}],"wp:term":[{"taxonomy":"product_brand","embeddable":true,"href":"https:\/\/shopbrasil.vinyllandrecords.com\/en\/wp-json\/wp\/v2\/product_brand?post=68276"},{"taxonomy":"product_cat","embeddable":true,"href":"https:\/\/shopbrasil.vinyllandrecords.com\/en\/wp-json\/wp\/v2\/product_cat?post=68276"},{"taxonomy":"product_tag","embeddable":true,"href":"https:\/\/shopbrasil.vinyllandrecords.com\/en\/wp-json\/wp\/v2\/product_tag?post=68276"}],"curies":[{"name":"wp","href":"https:\/\/api.w.org\/{rel}","templated":true}]}}