{"id":68284,"date":"2021-09-08T19:51:58","date_gmt":"2021-09-08T22:51:58","guid":{"rendered":"https:\/\/shopbrasil.vinyllandrecords.com\/?post_type=product&#038;p=68284"},"modified":"2022-08-15T16:17:44","modified_gmt":"2022-08-15T19:17:44","slug":"basalto-coletanea-2020-londrina","status":"publish","type":"product","link":"https:\/\/shopbrasil.vinyllandrecords.com\/en\/produto\/basalto-coletanea-2020-londrina\/","title":{"rendered":"Basalto &#8211; Colet\u00e2nea 2020 Londrina"},"content":{"rendered":"","protected":false},"excerpt":{"rendered":"<p><iframe width=\"560\" height=\"315\" src=\"https:\/\/www.youtube.com\/embed\/rnKWKkT_UkM\" title=\"YouTube video player\" frameborder=\"0\" allow=\"accelerometer; autoplay; clipboard-write; encrypted-media; gyroscope; picture-in-picture\" allowfullscreen><\/iframe><\/p>\n<p>Fruto da parceria entre Fresta Produ\u00e7\u00f5es Art\u00edsticas, Vaca Records e Leste BR, com o patroc\u00ednio da Prefeitura Municipal de Londrina \u2013 Secretaria Municipal de Cultura (PROMIC), o LP \u201cBasalto\u201d foi gravado ao vivo, entre janeiro e outubro de 2018, no est\u00fadio Vaca Records<\/p>\n<p>A colet\u00e2nea em vinil tem produ\u00e7\u00e3o musical (capta\u00e7\u00e3o, mixagem e masteriza\u00e7\u00e3o) de Eduardo Benvenhu; curadoria e produ\u00e7\u00e3o executiva de Jo\u00e3o Gabriel Galv\u00e3o; produ\u00e7\u00e3o executiva e gest\u00e3o de patroc\u00ednio de Bruno Gehring; produ\u00e7\u00e3o gr\u00e1fica de Marcus Bellaver e Felipe Augusto; e texto de apresenta\u00e7\u00e3o de Karen Deb\u00e9rt\u00f3lis.<\/p>\n<p>O disco foi prensado em LP de 12 polegadas e 180 gramas pela Polysom e leva capa gatefold e encarte com a letra e ficha t\u00e9cnica das m\u00fasicas. <\/p>\n<p>Side A<br \/>\n1\tmut657\u2013\tEncanto Das Folhas<br \/>\n2\tAbacate Contempor\u00e2neo\u2013\tSua Conta<br \/>\n3\tMano Fler, Melk, UZI (40), DJ Samu\u2013\tMilagres De Luz<br \/>\n4\tMama Quilla\u2013\tImagina\u00e7\u00e3o<br \/>\n5\tRed Mess\u2013\tDoidimai<br \/>\nSide B<br \/>\n6\tAmino\u00e1cido\u2013\tTakio Groove<br \/>\n7\tCabur\u00e9 Canela\u2013\tAndorinha<br \/>\n8\tMescalha\u2013\tVagalumes No Port\u00e3o<br \/>\n9\tPisada Da Jurema\u2013\tVissungo<br \/>\n10\tHermano El\u00e9trix\u2013\tFlor De Pitangueira<\/p>\n","protected":false},"featured_media":68287,"template":"","meta":[],"product_brand":[],"product_cat":[107,111,97],"product_tag":[],"class_list":{"0":"post-68284","1":"product","2":"type-product","3":"status-publish","4":"has-post-thumbnail","6":"product_cat-garimpo","7":"product_cat-destaque","8":"product_cat-lp","10":"first","11":"instock","12":"taxable","13":"shipping-taxable","14":"purchasable","15":"product-type-simple"},"yoast_head":"<!-- This site is optimized with the Yoast SEO plugin v27.4 - https:\/\/yoast.com\/product\/yoast-seo-wordpress\/ -->\n<title>Basalto - Colet\u00e2nea 2020 Londrina - Vinyl Land Records<\/title>\n<meta name=\"robots\" content=\"index, follow, max-snippet:-1, max-image-preview:large, max-video-preview:-1\" \/>\n<link rel=\"canonical\" href=\"https:\/\/shopbrasil.vinyllandrecords.com\/produto\/basalto-coletanea-2020-londrina\/\" \/>\n<meta property=\"og:locale\" content=\"en_US\" \/>\n<meta property=\"og:type\" content=\"article\" \/>\n<meta property=\"og:title\" content=\"Basalto - Colet\u00e2nea 2020 Londrina - Vinyl Land Records\" \/>\n<meta property=\"og:description\" content=\"Fruto da parceria entre Fresta Produ\u00e7\u00f5es Art\u00edsticas, Vaca Records e Leste BR, com o patroc\u00ednio da Prefeitura Municipal de Londrina \u2013 Secretaria Municipal de Cultura (PROMIC), o LP \u201cBasalto\u201d foi gravado ao vivo, entre janeiro e outubro de 2018, no est\u00fadio Vaca Records  A colet\u00e2nea em vinil tem produ\u00e7\u00e3o musical (capta\u00e7\u00e3o, mixagem e masteriza\u00e7\u00e3o) de Eduardo Benvenhu; curadoria e produ\u00e7\u00e3o executiva de Jo\u00e3o Gabriel Galv\u00e3o; produ\u00e7\u00e3o executiva e gest\u00e3o de patroc\u00ednio de Bruno Gehring; produ\u00e7\u00e3o gr\u00e1fica de Marcus Bellaver e Felipe Augusto; e texto de apresenta\u00e7\u00e3o de Karen Deb\u00e9rt\u00f3lis.  O disco foi prensado em LP de 12 polegadas e 180 gramas pela Polysom e leva capa gatefold e encarte com a letra e ficha t\u00e9cnica das m\u00fasicas.   Side A  1 mut657\u2013 Encanto Das Folhas 2 Abacate Contempor\u00e2neo\u2013 Sua Conta 3 Mano Fler, Melk, UZI (40), DJ Samu\u2013 Milagres De Luz 4 Mama Quilla\u2013 Imagina\u00e7\u00e3o 5 Red Mess\u2013 Doidimai Side B  6 Amino\u00e1cido\u2013 Takio Groove 7 Cabur\u00e9 Canela\u2013 Andorinha 8 Mescalha\u2013 Vagalumes No Port\u00e3o 9 Pisada Da Jurema\u2013 Vissungo 10 Hermano El\u00e9trix\u2013 Flor De Pitangueira\" \/>\n<meta property=\"og:url\" content=\"https:\/\/shopbrasil.vinyllandrecords.com\/produto\/basalto-coletanea-2020-londrina\/\" \/>\n<meta property=\"og:site_name\" content=\"Vinyl Land Records\" \/>\n<meta property=\"article:modified_time\" content=\"2022-08-15T19:17:44+00:00\" \/>\n<meta property=\"og:image\" content=\"https:\/\/shopbrasil.vinyllandrecords.com\/wp-content\/uploads\/2021\/09\/Capa_Coleta\u0302nea-Basalto_Marcus-Bellaver-364x364-1.png\" \/>\n\t<meta property=\"og:image:width\" content=\"364\" \/>\n\t<meta property=\"og:image:height\" content=\"364\" \/>\n\t<meta property=\"og:image:type\" content=\"image\/png\" \/>\n<meta name=\"twitter:card\" content=\"summary_large_image\" \/>\n<script type=\"application\/ld+json\" class=\"yoast-schema-graph\">{\"@context\":\"https:\\\/\\\/schema.org\",\"@graph\":[{\"@type\":\"WebPage\",\"@id\":\"https:\\\/\\\/shopbrasil.vinyllandrecords.com\\\/produto\\\/basalto-coletanea-2020-londrina\\\/\",\"url\":\"https:\\\/\\\/shopbrasil.vinyllandrecords.com\\\/produto\\\/basalto-coletanea-2020-londrina\\\/\",\"name\":\"Basalto - Colet\u00e2nea 2020 Londrina - Vinyl Land Records\",\"isPartOf\":{\"@id\":\"https:\\\/\\\/shopbrasil.vinyllandrecords.com\\\/#website\"},\"primaryImageOfPage\":{\"@id\":\"https:\\\/\\\/shopbrasil.vinyllandrecords.com\\\/produto\\\/basalto-coletanea-2020-londrina\\\/#primaryimage\"},\"image\":{\"@id\":\"https:\\\/\\\/shopbrasil.vinyllandrecords.com\\\/produto\\\/basalto-coletanea-2020-londrina\\\/#primaryimage\"},\"thumbnailUrl\":\"https:\\\/\\\/shopbrasil.vinyllandrecords.com\\\/wp-content\\\/uploads\\\/2021\\\/09\\\/Capa_Coleta\u0302nea-Basalto_Marcus-Bellaver-364x364-1.png\",\"datePublished\":\"2021-09-08T22:51:58+00:00\",\"dateModified\":\"2022-08-15T19:17:44+00:00\",\"breadcrumb\":{\"@id\":\"https:\\\/\\\/shopbrasil.vinyllandrecords.com\\\/produto\\\/basalto-coletanea-2020-londrina\\\/#breadcrumb\"},\"inLanguage\":\"en-US\",\"potentialAction\":[{\"@type\":\"ReadAction\",\"target\":[\"https:\\\/\\\/shopbrasil.vinyllandrecords.com\\\/produto\\\/basalto-coletanea-2020-londrina\\\/\"]}]},{\"@type\":\"ImageObject\",\"inLanguage\":\"en-US\",\"@id\":\"https:\\\/\\\/shopbrasil.vinyllandrecords.com\\\/produto\\\/basalto-coletanea-2020-londrina\\\/#primaryimage\",\"url\":\"https:\\\/\\\/shopbrasil.vinyllandrecords.com\\\/wp-content\\\/uploads\\\/2021\\\/09\\\/Capa_Coleta\u0302nea-Basalto_Marcus-Bellaver-364x364-1.png\",\"contentUrl\":\"https:\\\/\\\/shopbrasil.vinyllandrecords.com\\\/wp-content\\\/uploads\\\/2021\\\/09\\\/Capa_Coleta\u0302nea-Basalto_Marcus-Bellaver-364x364-1.png\",\"width\":364,\"height\":364},{\"@type\":\"BreadcrumbList\",\"@id\":\"https:\\\/\\\/shopbrasil.vinyllandrecords.com\\\/produto\\\/basalto-coletanea-2020-londrina\\\/#breadcrumb\",\"itemListElement\":[{\"@type\":\"ListItem\",\"position\":1,\"name\":\"In\u00edcio\",\"item\":\"https:\\\/\\\/shopbrasil.vinyllandrecords.com\\\/\"},{\"@type\":\"ListItem\",\"position\":2,\"name\":\"Shops\",\"item\":\"https:\\\/\\\/shopbrasil.vinyllandrecords.com\\\/shops\\\/\"},{\"@type\":\"ListItem\",\"position\":3,\"name\":\"Basalto &#8211; Colet\u00e2nea 2020 Londrina\"}]},{\"@type\":\"WebSite\",\"@id\":\"https:\\\/\\\/shopbrasil.vinyllandrecords.com\\\/#website\",\"url\":\"https:\\\/\\\/shopbrasil.vinyllandrecords.com\\\/\",\"name\":\"Vinyl Land Records\",\"description\":\"ONLINE SHOP\",\"potentialAction\":[{\"@type\":\"SearchAction\",\"target\":{\"@type\":\"EntryPoint\",\"urlTemplate\":\"https:\\\/\\\/shopbrasil.vinyllandrecords.com\\\/?s={search_term_string}\"},\"query-input\":{\"@type\":\"PropertyValueSpecification\",\"valueRequired\":true,\"valueName\":\"search_term_string\"}}],\"inLanguage\":\"en-US\"}]}<\/script>\n<!-- \/ Yoast SEO plugin. -->","yoast_head_json":{"title":"Basalto - Colet\u00e2nea 2020 Londrina - Vinyl Land Records","robots":{"index":"index","follow":"follow","max-snippet":"max-snippet:-1","max-image-preview":"max-image-preview:large","max-video-preview":"max-video-preview:-1"},"canonical":"https:\/\/shopbrasil.vinyllandrecords.com\/produto\/basalto-coletanea-2020-londrina\/","og_locale":"en_US","og_type":"article","og_title":"Basalto - Colet\u00e2nea 2020 Londrina - Vinyl Land Records","og_description":"Fruto da parceria entre Fresta Produ\u00e7\u00f5es Art\u00edsticas, Vaca Records e Leste BR, com o patroc\u00ednio da Prefeitura Municipal de Londrina \u2013 Secretaria Municipal de Cultura (PROMIC), o LP \u201cBasalto\u201d foi gravado ao vivo, entre janeiro e outubro de 2018, no est\u00fadio Vaca Records  A colet\u00e2nea em vinil tem produ\u00e7\u00e3o musical (capta\u00e7\u00e3o, mixagem e masteriza\u00e7\u00e3o) de Eduardo Benvenhu; curadoria e produ\u00e7\u00e3o executiva de Jo\u00e3o Gabriel Galv\u00e3o; produ\u00e7\u00e3o executiva e gest\u00e3o de patroc\u00ednio de Bruno Gehring; produ\u00e7\u00e3o gr\u00e1fica de Marcus Bellaver e Felipe Augusto; e texto de apresenta\u00e7\u00e3o de Karen Deb\u00e9rt\u00f3lis.  O disco foi prensado em LP de 12 polegadas e 180 gramas pela Polysom e leva capa gatefold e encarte com a letra e ficha t\u00e9cnica das m\u00fasicas.   Side A  1 mut657\u2013 Encanto Das Folhas 2 Abacate Contempor\u00e2neo\u2013 Sua Conta 3 Mano Fler, Melk, UZI (40), DJ Samu\u2013 Milagres De Luz 4 Mama Quilla\u2013 Imagina\u00e7\u00e3o 5 Red Mess\u2013 Doidimai Side B  6 Amino\u00e1cido\u2013 Takio Groove 7 Cabur\u00e9 Canela\u2013 Andorinha 8 Mescalha\u2013 Vagalumes No Port\u00e3o 9 Pisada Da Jurema\u2013 Vissungo 10 Hermano El\u00e9trix\u2013 Flor De Pitangueira","og_url":"https:\/\/shopbrasil.vinyllandrecords.com\/produto\/basalto-coletanea-2020-londrina\/","og_site_name":"Vinyl Land Records","article_modified_time":"2022-08-15T19:17:44+00:00","og_image":[{"width":364,"height":364,"url":"https:\/\/shopbrasil.vinyllandrecords.com\/wp-content\/uploads\/2021\/09\/Capa_Coleta\u0302nea-Basalto_Marcus-Bellaver-364x364-1.png","type":"image\/png"}],"twitter_card":"summary_large_image","schema":{"@context":"https:\/\/schema.org","@graph":[{"@type":"WebPage","@id":"https:\/\/shopbrasil.vinyllandrecords.com\/produto\/basalto-coletanea-2020-londrina\/","url":"https:\/\/shopbrasil.vinyllandrecords.com\/produto\/basalto-coletanea-2020-londrina\/","name":"Basalto - Colet\u00e2nea 2020 Londrina - Vinyl Land Records","isPartOf":{"@id":"https:\/\/shopbrasil.vinyllandrecords.com\/#website"},"primaryImageOfPage":{"@id":"https:\/\/shopbrasil.vinyllandrecords.com\/produto\/basalto-coletanea-2020-londrina\/#primaryimage"},"image":{"@id":"https:\/\/shopbrasil.vinyllandrecords.com\/produto\/basalto-coletanea-2020-londrina\/#primaryimage"},"thumbnailUrl":"https:\/\/shopbrasil.vinyllandrecords.com\/wp-content\/uploads\/2021\/09\/Capa_Coleta\u0302nea-Basalto_Marcus-Bellaver-364x364-1.png","datePublished":"2021-09-08T22:51:58+00:00","dateModified":"2022-08-15T19:17:44+00:00","breadcrumb":{"@id":"https:\/\/shopbrasil.vinyllandrecords.com\/produto\/basalto-coletanea-2020-londrina\/#breadcrumb"},"inLanguage":"en-US","potentialAction":[{"@type":"ReadAction","target":["https:\/\/shopbrasil.vinyllandrecords.com\/produto\/basalto-coletanea-2020-londrina\/"]}]},{"@type":"ImageObject","inLanguage":"en-US","@id":"https:\/\/shopbrasil.vinyllandrecords.com\/produto\/basalto-coletanea-2020-londrina\/#primaryimage","url":"https:\/\/shopbrasil.vinyllandrecords.com\/wp-content\/uploads\/2021\/09\/Capa_Coleta\u0302nea-Basalto_Marcus-Bellaver-364x364-1.png","contentUrl":"https:\/\/shopbrasil.vinyllandrecords.com\/wp-content\/uploads\/2021\/09\/Capa_Coleta\u0302nea-Basalto_Marcus-Bellaver-364x364-1.png","width":364,"height":364},{"@type":"BreadcrumbList","@id":"https:\/\/shopbrasil.vinyllandrecords.com\/produto\/basalto-coletanea-2020-londrina\/#breadcrumb","itemListElement":[{"@type":"ListItem","position":1,"name":"In\u00edcio","item":"https:\/\/shopbrasil.vinyllandrecords.com\/"},{"@type":"ListItem","position":2,"name":"Shops","item":"https:\/\/shopbrasil.vinyllandrecords.com\/shops\/"},{"@type":"ListItem","position":3,"name":"Basalto &#8211; Colet\u00e2nea 2020 Londrina"}]},{"@type":"WebSite","@id":"https:\/\/shopbrasil.vinyllandrecords.com\/#website","url":"https:\/\/shopbrasil.vinyllandrecords.com\/","name":"Vinyl Land Records","description":"ONLINE SHOP","potentialAction":[{"@type":"SearchAction","target":{"@type":"EntryPoint","urlTemplate":"https:\/\/shopbrasil.vinyllandrecords.com\/?s={search_term_string}"},"query-input":{"@type":"PropertyValueSpecification","valueRequired":true,"valueName":"search_term_string"}}],"inLanguage":"en-US"}]}},"_links":{"self":[{"href":"https:\/\/shopbrasil.vinyllandrecords.com\/en\/wp-json\/wp\/v2\/product\/68284","targetHints":{"allow":["GET"]}}],"collection":[{"href":"https:\/\/shopbrasil.vinyllandrecords.com\/en\/wp-json\/wp\/v2\/product"}],"about":[{"href":"https:\/\/shopbrasil.vinyllandrecords.com\/en\/wp-json\/wp\/v2\/types\/product"}],"wp:featuredmedia":[{"embeddable":true,"href":"https:\/\/shopbrasil.vinyllandrecords.com\/en\/wp-json\/wp\/v2\/media\/68287"}],"wp:attachment":[{"href":"https:\/\/shopbrasil.vinyllandrecords.com\/en\/wp-json\/wp\/v2\/media?parent=68284"}],"wp:term":[{"taxonomy":"product_brand","embeddable":true,"href":"https:\/\/shopbrasil.vinyllandrecords.com\/en\/wp-json\/wp\/v2\/product_brand?post=68284"},{"taxonomy":"product_cat","embeddable":true,"href":"https:\/\/shopbrasil.vinyllandrecords.com\/en\/wp-json\/wp\/v2\/product_cat?post=68284"},{"taxonomy":"product_tag","embeddable":true,"href":"https:\/\/shopbrasil.vinyllandrecords.com\/en\/wp-json\/wp\/v2\/product_tag?post=68284"}],"curies":[{"name":"wp","href":"https:\/\/api.w.org\/{rel}","templated":true}]}}