{"id":68294,"date":"2021-09-08T20:16:34","date_gmt":"2021-09-08T23:16:34","guid":{"rendered":"https:\/\/shopbrasil.vinyllandrecords.com\/?post_type=product&#038;p=68294"},"modified":"2021-09-08T20:18:21","modified_gmt":"2021-09-08T23:18:21","slug":"elo-da-corrente-rosa-de-jerico","status":"publish","type":"product","link":"https:\/\/shopbrasil.vinyllandrecords.com\/en\/produto\/elo-da-corrente-rosa-de-jerico\/","title":{"rendered":"ELO DA CORRENTE &#8211; ROSA DE JERIC\u00d3"},"content":{"rendered":"","protected":false},"excerpt":{"rendered":"<p><iframe width=\"560\" height=\"315\" src=\"https:\/\/www.youtube.com\/embed\/TEG6eT_hRgg\" title=\"YouTube video player\" frameborder=\"0\" allow=\"accelerometer; autoplay; clipboard-write; encrypted-media; gyroscope; picture-in-picture\" allowfullscreen><\/iframe><\/p>\n<p>Novo e lacrado.<br \/>\nVinil transparente.<br \/>\nInclui encarte \/ poster 30cm x 60cm<br \/>\nEdi\u00e7\u00e3o limitada em 500 c\u00f3pias.<br \/>\nLabel: Loop Play Discos \u200e(LPD20200012.1)<br \/>\n________________________________________<br \/>\nLado A<br \/>\n1. Rosa de Jeric\u00f3<br \/>\n2. Pros Meus Manos<br \/>\n3. Cacha\u00e7a<br \/>\n4. Livre<br \/>\n5. Ouvidinho de Mercado<br \/>\n6. Solitude<br \/>\n7. Skit<\/p>\n<p>Lado B<br \/>\n1. O Sol Vem Dizer<br \/>\n2. Veias Abertas<br \/>\n3. Solst\u00edcio de Inverno<br \/>\n4. Miss\u00e3o<br \/>\n5. Santosha<br \/>\n6. Mariana<\/p>\n","protected":false},"featured_media":68296,"template":"","meta":[],"product_brand":[],"product_cat":[107,111,126,130,97],"product_tag":[],"class_list":{"0":"post-68294","1":"product","2":"type-product","3":"status-publish","4":"has-post-thumbnail","6":"product_cat-garimpo","7":"product_cat-destaque","8":"product_cat-disco-colorido","9":"product_cat-loop-play-discos","10":"product_cat-lp","12":"first","13":"instock","14":"taxable","15":"shipping-taxable","16":"purchasable","17":"product-type-simple"},"yoast_head":"<!-- This site is optimized with the Yoast SEO plugin v27.4 - https:\/\/yoast.com\/product\/yoast-seo-wordpress\/ -->\n<title>ELO DA CORRENTE - ROSA DE JERIC\u00d3 - Vinyl Land Records<\/title>\n<meta name=\"robots\" content=\"index, follow, max-snippet:-1, max-image-preview:large, max-video-preview:-1\" \/>\n<link rel=\"canonical\" href=\"https:\/\/shopbrasil.vinyllandrecords.com\/produto\/elo-da-corrente-rosa-de-jerico\/\" \/>\n<meta property=\"og:locale\" content=\"en_US\" \/>\n<meta property=\"og:type\" content=\"article\" \/>\n<meta property=\"og:title\" content=\"ELO DA CORRENTE - ROSA DE JERIC\u00d3 - Vinyl Land Records\" \/>\n<meta property=\"og:description\" content=\"Novo e lacrado. Vinil transparente. Inclui encarte \/ poster 30cm x 60cm Edi\u00e7\u00e3o limitada em 500 c\u00f3pias. Label: Loop Play Discos \u200e(LPD20200012.1) ________________________________________ Lado A 1. Rosa de Jeric\u00f3 2. Pros Meus Manos 3. Cacha\u00e7a 4. Livre 5. Ouvidinho de Mercado 6. Solitude 7. Skit   Lado B 1. O Sol Vem Dizer 2. Veias Abertas 3. Solst\u00edcio de Inverno 4. Miss\u00e3o 5. Santosha 6. Mariana\" \/>\n<meta property=\"og:url\" content=\"https:\/\/shopbrasil.vinyllandrecords.com\/produto\/elo-da-corrente-rosa-de-jerico\/\" \/>\n<meta property=\"og:site_name\" content=\"Vinyl Land Records\" \/>\n<meta property=\"article:modified_time\" content=\"2021-09-08T23:18:21+00:00\" \/>\n<meta property=\"og:image\" content=\"https:\/\/shopbrasil.vinyllandrecords.com\/wp-content\/uploads\/2021\/09\/elo.jpeg\" \/>\n\t<meta property=\"og:image:width\" content=\"450\" \/>\n\t<meta property=\"og:image:height\" content=\"450\" \/>\n\t<meta property=\"og:image:type\" content=\"image\/jpeg\" \/>\n<meta name=\"twitter:card\" content=\"summary_large_image\" \/>\n<script type=\"application\/ld+json\" class=\"yoast-schema-graph\">{\"@context\":\"https:\\\/\\\/schema.org\",\"@graph\":[{\"@type\":\"WebPage\",\"@id\":\"https:\\\/\\\/shopbrasil.vinyllandrecords.com\\\/produto\\\/elo-da-corrente-rosa-de-jerico\\\/\",\"url\":\"https:\\\/\\\/shopbrasil.vinyllandrecords.com\\\/produto\\\/elo-da-corrente-rosa-de-jerico\\\/\",\"name\":\"ELO DA CORRENTE - ROSA DE JERIC\u00d3 - Vinyl Land Records\",\"isPartOf\":{\"@id\":\"https:\\\/\\\/shopbrasil.vinyllandrecords.com\\\/#website\"},\"primaryImageOfPage\":{\"@id\":\"https:\\\/\\\/shopbrasil.vinyllandrecords.com\\\/produto\\\/elo-da-corrente-rosa-de-jerico\\\/#primaryimage\"},\"image\":{\"@id\":\"https:\\\/\\\/shopbrasil.vinyllandrecords.com\\\/produto\\\/elo-da-corrente-rosa-de-jerico\\\/#primaryimage\"},\"thumbnailUrl\":\"https:\\\/\\\/shopbrasil.vinyllandrecords.com\\\/wp-content\\\/uploads\\\/2021\\\/09\\\/elo.jpeg\",\"datePublished\":\"2021-09-08T23:16:34+00:00\",\"dateModified\":\"2021-09-08T23:18:21+00:00\",\"breadcrumb\":{\"@id\":\"https:\\\/\\\/shopbrasil.vinyllandrecords.com\\\/produto\\\/elo-da-corrente-rosa-de-jerico\\\/#breadcrumb\"},\"inLanguage\":\"en-US\",\"potentialAction\":[{\"@type\":\"ReadAction\",\"target\":[\"https:\\\/\\\/shopbrasil.vinyllandrecords.com\\\/produto\\\/elo-da-corrente-rosa-de-jerico\\\/\"]}]},{\"@type\":\"ImageObject\",\"inLanguage\":\"en-US\",\"@id\":\"https:\\\/\\\/shopbrasil.vinyllandrecords.com\\\/produto\\\/elo-da-corrente-rosa-de-jerico\\\/#primaryimage\",\"url\":\"https:\\\/\\\/shopbrasil.vinyllandrecords.com\\\/wp-content\\\/uploads\\\/2021\\\/09\\\/elo.jpeg\",\"contentUrl\":\"https:\\\/\\\/shopbrasil.vinyllandrecords.com\\\/wp-content\\\/uploads\\\/2021\\\/09\\\/elo.jpeg\",\"width\":450,\"height\":450},{\"@type\":\"BreadcrumbList\",\"@id\":\"https:\\\/\\\/shopbrasil.vinyllandrecords.com\\\/produto\\\/elo-da-corrente-rosa-de-jerico\\\/#breadcrumb\",\"itemListElement\":[{\"@type\":\"ListItem\",\"position\":1,\"name\":\"In\u00edcio\",\"item\":\"https:\\\/\\\/shopbrasil.vinyllandrecords.com\\\/\"},{\"@type\":\"ListItem\",\"position\":2,\"name\":\"Shops\",\"item\":\"https:\\\/\\\/shopbrasil.vinyllandrecords.com\\\/shops\\\/\"},{\"@type\":\"ListItem\",\"position\":3,\"name\":\"ELO DA CORRENTE &#8211; ROSA DE JERIC\u00d3\"}]},{\"@type\":\"WebSite\",\"@id\":\"https:\\\/\\\/shopbrasil.vinyllandrecords.com\\\/#website\",\"url\":\"https:\\\/\\\/shopbrasil.vinyllandrecords.com\\\/\",\"name\":\"Vinyl Land Records\",\"description\":\"ONLINE SHOP\",\"potentialAction\":[{\"@type\":\"SearchAction\",\"target\":{\"@type\":\"EntryPoint\",\"urlTemplate\":\"https:\\\/\\\/shopbrasil.vinyllandrecords.com\\\/?s={search_term_string}\"},\"query-input\":{\"@type\":\"PropertyValueSpecification\",\"valueRequired\":true,\"valueName\":\"search_term_string\"}}],\"inLanguage\":\"en-US\"}]}<\/script>\n<!-- \/ Yoast SEO plugin. -->","yoast_head_json":{"title":"ELO DA CORRENTE - ROSA DE JERIC\u00d3 - Vinyl Land Records","robots":{"index":"index","follow":"follow","max-snippet":"max-snippet:-1","max-image-preview":"max-image-preview:large","max-video-preview":"max-video-preview:-1"},"canonical":"https:\/\/shopbrasil.vinyllandrecords.com\/produto\/elo-da-corrente-rosa-de-jerico\/","og_locale":"en_US","og_type":"article","og_title":"ELO DA CORRENTE - ROSA DE JERIC\u00d3 - Vinyl Land Records","og_description":"Novo e lacrado. Vinil transparente. Inclui encarte \/ poster 30cm x 60cm Edi\u00e7\u00e3o limitada em 500 c\u00f3pias. Label: Loop Play Discos \u200e(LPD20200012.1) ________________________________________ Lado A 1. Rosa de Jeric\u00f3 2. Pros Meus Manos 3. Cacha\u00e7a 4. Livre 5. Ouvidinho de Mercado 6. Solitude 7. Skit   Lado B 1. O Sol Vem Dizer 2. Veias Abertas 3. Solst\u00edcio de Inverno 4. Miss\u00e3o 5. Santosha 6. Mariana","og_url":"https:\/\/shopbrasil.vinyllandrecords.com\/produto\/elo-da-corrente-rosa-de-jerico\/","og_site_name":"Vinyl Land Records","article_modified_time":"2021-09-08T23:18:21+00:00","og_image":[{"width":450,"height":450,"url":"https:\/\/shopbrasil.vinyllandrecords.com\/wp-content\/uploads\/2021\/09\/elo.jpeg","type":"image\/jpeg"}],"twitter_card":"summary_large_image","schema":{"@context":"https:\/\/schema.org","@graph":[{"@type":"WebPage","@id":"https:\/\/shopbrasil.vinyllandrecords.com\/produto\/elo-da-corrente-rosa-de-jerico\/","url":"https:\/\/shopbrasil.vinyllandrecords.com\/produto\/elo-da-corrente-rosa-de-jerico\/","name":"ELO DA CORRENTE - ROSA DE JERIC\u00d3 - Vinyl Land Records","isPartOf":{"@id":"https:\/\/shopbrasil.vinyllandrecords.com\/#website"},"primaryImageOfPage":{"@id":"https:\/\/shopbrasil.vinyllandrecords.com\/produto\/elo-da-corrente-rosa-de-jerico\/#primaryimage"},"image":{"@id":"https:\/\/shopbrasil.vinyllandrecords.com\/produto\/elo-da-corrente-rosa-de-jerico\/#primaryimage"},"thumbnailUrl":"https:\/\/shopbrasil.vinyllandrecords.com\/wp-content\/uploads\/2021\/09\/elo.jpeg","datePublished":"2021-09-08T23:16:34+00:00","dateModified":"2021-09-08T23:18:21+00:00","breadcrumb":{"@id":"https:\/\/shopbrasil.vinyllandrecords.com\/produto\/elo-da-corrente-rosa-de-jerico\/#breadcrumb"},"inLanguage":"en-US","potentialAction":[{"@type":"ReadAction","target":["https:\/\/shopbrasil.vinyllandrecords.com\/produto\/elo-da-corrente-rosa-de-jerico\/"]}]},{"@type":"ImageObject","inLanguage":"en-US","@id":"https:\/\/shopbrasil.vinyllandrecords.com\/produto\/elo-da-corrente-rosa-de-jerico\/#primaryimage","url":"https:\/\/shopbrasil.vinyllandrecords.com\/wp-content\/uploads\/2021\/09\/elo.jpeg","contentUrl":"https:\/\/shopbrasil.vinyllandrecords.com\/wp-content\/uploads\/2021\/09\/elo.jpeg","width":450,"height":450},{"@type":"BreadcrumbList","@id":"https:\/\/shopbrasil.vinyllandrecords.com\/produto\/elo-da-corrente-rosa-de-jerico\/#breadcrumb","itemListElement":[{"@type":"ListItem","position":1,"name":"In\u00edcio","item":"https:\/\/shopbrasil.vinyllandrecords.com\/"},{"@type":"ListItem","position":2,"name":"Shops","item":"https:\/\/shopbrasil.vinyllandrecords.com\/shops\/"},{"@type":"ListItem","position":3,"name":"ELO DA CORRENTE &#8211; ROSA DE JERIC\u00d3"}]},{"@type":"WebSite","@id":"https:\/\/shopbrasil.vinyllandrecords.com\/#website","url":"https:\/\/shopbrasil.vinyllandrecords.com\/","name":"Vinyl Land Records","description":"ONLINE SHOP","potentialAction":[{"@type":"SearchAction","target":{"@type":"EntryPoint","urlTemplate":"https:\/\/shopbrasil.vinyllandrecords.com\/?s={search_term_string}"},"query-input":{"@type":"PropertyValueSpecification","valueRequired":true,"valueName":"search_term_string"}}],"inLanguage":"en-US"}]}},"_links":{"self":[{"href":"https:\/\/shopbrasil.vinyllandrecords.com\/en\/wp-json\/wp\/v2\/product\/68294","targetHints":{"allow":["GET"]}}],"collection":[{"href":"https:\/\/shopbrasil.vinyllandrecords.com\/en\/wp-json\/wp\/v2\/product"}],"about":[{"href":"https:\/\/shopbrasil.vinyllandrecords.com\/en\/wp-json\/wp\/v2\/types\/product"}],"wp:featuredmedia":[{"embeddable":true,"href":"https:\/\/shopbrasil.vinyllandrecords.com\/en\/wp-json\/wp\/v2\/media\/68296"}],"wp:attachment":[{"href":"https:\/\/shopbrasil.vinyllandrecords.com\/en\/wp-json\/wp\/v2\/media?parent=68294"}],"wp:term":[{"taxonomy":"product_brand","embeddable":true,"href":"https:\/\/shopbrasil.vinyllandrecords.com\/en\/wp-json\/wp\/v2\/product_brand?post=68294"},{"taxonomy":"product_cat","embeddable":true,"href":"https:\/\/shopbrasil.vinyllandrecords.com\/en\/wp-json\/wp\/v2\/product_cat?post=68294"},{"taxonomy":"product_tag","embeddable":true,"href":"https:\/\/shopbrasil.vinyllandrecords.com\/en\/wp-json\/wp\/v2\/product_tag?post=68294"}],"curies":[{"name":"wp","href":"https:\/\/api.w.org\/{rel}","templated":true}]}}