{"id":68297,"date":"2021-09-08T20:34:08","date_gmt":"2021-09-08T23:34:08","guid":{"rendered":"https:\/\/shopbrasil.vinyllandrecords.com\/?post_type=product&#038;p=68297"},"modified":"2025-02-28T10:59:36","modified_gmt":"2025-02-28T13:59:36","slug":"persona-som","status":"publish","type":"product","link":"https:\/\/shopbrasil.vinyllandrecords.com\/en\/produto\/persona-som\/","title":{"rendered":"PERSONA &#8211; SOM"},"content":{"rendered":"","protected":false},"excerpt":{"rendered":"<p><iframe width=\"560\" height=\"315\" src=\"https:\/\/www.youtube.com\/embed\/HI4yy0_ybng\" title=\"YouTube video player\" frameborder=\"0\" allow=\"accelerometer; autoplay; clipboard-write; encrypted-media; gyroscope; picture-in-picture\" allowfullscreen><\/iframe><br \/>\n<iframe style=\"border: 0; width: 100%; height: 120px;\" src=\"https:\/\/bandcamp.com\/EmbeddedPlayer\/album=86151177\/size=large\/bgcol=ffffff\/linkcol=0687f5\/tracklist=false\/artwork=small\/transparent=true\/\" seamless><a href=\"https:\/\/discosnada.bandcamp.com\/album\/persona-som\">Persona &#8211; Som by Discos Nada<\/a><\/iframe><\/p>\n<p>Persona \u201cO Jogo Das Muta\u00e7\u00f5es\u201d foi criado pelo artista pl\u00e1stico Roberto Campadello no inicio da d\u00e9cada de 70. O jogo consiste em um espelho semi reflexivo, duas velas e um disco de 10 Polegadas. Esse jogo de luz, sombra, reflexo e transpar\u00eancia, aliado \u00e0 trilha sonora imersiva, faz com que os rostos dos jogadores se fundam criando uma nova criatura a cada movimento, onde n\u00e3o existe mais voc\u00ea ou eu, apenas Voc\u00eau. Para compor a trilha sonora Roberto convidou Luiz Carlini que chamou seus parceiros de Tutti-Frutti, Lee Marccuci e Franklyn Paolillo, e juntos ao Roberto, sua esposa Carmen Flores e uma trupe de intronautas, gravaram esse que \u00e9 um dos momentos mais experimentais da m\u00fasica brasileira at\u00e9 hoje. Essa reedi\u00e7\u00e3o foi remasterizada a partir das fitas originais e cont\u00e9m duas m\u00fasicas bonus, in\u00e9ditas em vinil, um livreto de 24 p\u00e1ginas repleto de imagens e hist\u00f3rias da \u00e9poca e um poster com as instru\u00e7\u00f5es do jogo.<\/p>\n","protected":false},"featured_media":68299,"template":"","meta":[],"product_brand":[],"product_cat":[107,111,142,97],"product_tag":[],"class_list":{"0":"post-68297","1":"product","2":"type-product","3":"status-publish","4":"has-post-thumbnail","6":"product_cat-garimpo","7":"product_cat-destaque","8":"product_cat-nada-nada-discos","9":"product_cat-lp","11":"first","12":"outofstock","13":"taxable","14":"shipping-taxable","15":"purchasable","16":"product-type-simple"},"yoast_head":"<!-- This site is optimized with the Yoast SEO plugin v27.4 - https:\/\/yoast.com\/product\/yoast-seo-wordpress\/ -->\n<title>PERSONA - SOM - Vinyl Land Records<\/title>\n<meta name=\"robots\" content=\"index, follow, max-snippet:-1, max-image-preview:large, max-video-preview:-1\" \/>\n<link rel=\"canonical\" href=\"https:\/\/shopbrasil.vinyllandrecords.com\/produto\/persona-som\/\" \/>\n<meta property=\"og:locale\" content=\"en_US\" \/>\n<meta property=\"og:type\" content=\"article\" \/>\n<meta property=\"og:title\" content=\"PERSONA - SOM - Vinyl Land Records\" \/>\n<meta property=\"og:description\" content=\"Persona - Som by Discos Nada  Persona \u201cO Jogo Das Muta\u00e7\u00f5es\u201d foi criado pelo artista pl\u00e1stico Roberto Campadello no inicio da d\u00e9cada de 70. O jogo consiste em um espelho semi reflexivo, duas velas e um disco de 10 Polegadas. Esse jogo de luz, sombra, reflexo e transpar\u00eancia, aliado \u00e0 trilha sonora imersiva, faz com que os rostos dos jogadores se fundam criando uma nova criatura a cada movimento, onde n\u00e3o existe mais voc\u00ea ou eu, apenas Voc\u00eau. Para compor a trilha sonora Roberto convidou Luiz Carlini que chamou seus parceiros de Tutti-Frutti, Lee Marccuci e Franklyn Paolillo, e juntos ao Roberto, sua esposa Carmen Flores e uma trupe de intronautas, gravaram esse que \u00e9 um dos momentos mais experimentais da m\u00fasica brasileira at\u00e9 hoje. Essa reedi\u00e7\u00e3o foi remasterizada a partir das fitas originais e cont\u00e9m duas m\u00fasicas bonus, in\u00e9ditas em vinil, um livreto de 24 p\u00e1ginas repleto de imagens e hist\u00f3rias da \u00e9poca e um poster com as instru\u00e7\u00f5es do jogo.\" \/>\n<meta property=\"og:url\" content=\"https:\/\/shopbrasil.vinyllandrecords.com\/produto\/persona-som\/\" \/>\n<meta property=\"og:site_name\" content=\"Vinyl Land Records\" \/>\n<meta property=\"article:modified_time\" content=\"2025-02-28T13:59:36+00:00\" \/>\n<meta property=\"og:image\" content=\"https:\/\/shopbrasil.vinyllandrecords.com\/wp-content\/uploads\/2021\/09\/persona.jpeg\" \/>\n\t<meta property=\"og:image:width\" content=\"1200\" \/>\n\t<meta property=\"og:image:height\" content=\"1200\" \/>\n\t<meta property=\"og:image:type\" content=\"image\/jpeg\" \/>\n<meta name=\"twitter:card\" content=\"summary_large_image\" \/>\n<script type=\"application\/ld+json\" class=\"yoast-schema-graph\">{\"@context\":\"https:\\\/\\\/schema.org\",\"@graph\":[{\"@type\":\"WebPage\",\"@id\":\"https:\\\/\\\/shopbrasil.vinyllandrecords.com\\\/produto\\\/persona-som\\\/\",\"url\":\"https:\\\/\\\/shopbrasil.vinyllandrecords.com\\\/produto\\\/persona-som\\\/\",\"name\":\"PERSONA - SOM - Vinyl Land Records\",\"isPartOf\":{\"@id\":\"https:\\\/\\\/shopbrasil.vinyllandrecords.com\\\/#website\"},\"primaryImageOfPage\":{\"@id\":\"https:\\\/\\\/shopbrasil.vinyllandrecords.com\\\/produto\\\/persona-som\\\/#primaryimage\"},\"image\":{\"@id\":\"https:\\\/\\\/shopbrasil.vinyllandrecords.com\\\/produto\\\/persona-som\\\/#primaryimage\"},\"thumbnailUrl\":\"https:\\\/\\\/shopbrasil.vinyllandrecords.com\\\/wp-content\\\/uploads\\\/2021\\\/09\\\/persona.jpeg\",\"datePublished\":\"2021-09-08T23:34:08+00:00\",\"dateModified\":\"2025-02-28T13:59:36+00:00\",\"breadcrumb\":{\"@id\":\"https:\\\/\\\/shopbrasil.vinyllandrecords.com\\\/produto\\\/persona-som\\\/#breadcrumb\"},\"inLanguage\":\"en-US\",\"potentialAction\":[{\"@type\":\"ReadAction\",\"target\":[\"https:\\\/\\\/shopbrasil.vinyllandrecords.com\\\/produto\\\/persona-som\\\/\"]}]},{\"@type\":\"ImageObject\",\"inLanguage\":\"en-US\",\"@id\":\"https:\\\/\\\/shopbrasil.vinyllandrecords.com\\\/produto\\\/persona-som\\\/#primaryimage\",\"url\":\"https:\\\/\\\/shopbrasil.vinyllandrecords.com\\\/wp-content\\\/uploads\\\/2021\\\/09\\\/persona.jpeg\",\"contentUrl\":\"https:\\\/\\\/shopbrasil.vinyllandrecords.com\\\/wp-content\\\/uploads\\\/2021\\\/09\\\/persona.jpeg\",\"width\":1200,\"height\":1200},{\"@type\":\"BreadcrumbList\",\"@id\":\"https:\\\/\\\/shopbrasil.vinyllandrecords.com\\\/produto\\\/persona-som\\\/#breadcrumb\",\"itemListElement\":[{\"@type\":\"ListItem\",\"position\":1,\"name\":\"In\u00edcio\",\"item\":\"https:\\\/\\\/shopbrasil.vinyllandrecords.com\\\/\"},{\"@type\":\"ListItem\",\"position\":2,\"name\":\"Shops\",\"item\":\"https:\\\/\\\/shopbrasil.vinyllandrecords.com\\\/shops\\\/\"},{\"@type\":\"ListItem\",\"position\":3,\"name\":\"PERSONA &#8211; SOM\"}]},{\"@type\":\"WebSite\",\"@id\":\"https:\\\/\\\/shopbrasil.vinyllandrecords.com\\\/#website\",\"url\":\"https:\\\/\\\/shopbrasil.vinyllandrecords.com\\\/\",\"name\":\"Vinyl Land Records\",\"description\":\"ONLINE SHOP\",\"potentialAction\":[{\"@type\":\"SearchAction\",\"target\":{\"@type\":\"EntryPoint\",\"urlTemplate\":\"https:\\\/\\\/shopbrasil.vinyllandrecords.com\\\/?s={search_term_string}\"},\"query-input\":{\"@type\":\"PropertyValueSpecification\",\"valueRequired\":true,\"valueName\":\"search_term_string\"}}],\"inLanguage\":\"en-US\"}]}<\/script>\n<!-- \/ Yoast SEO plugin. -->","yoast_head_json":{"title":"PERSONA - SOM - Vinyl Land Records","robots":{"index":"index","follow":"follow","max-snippet":"max-snippet:-1","max-image-preview":"max-image-preview:large","max-video-preview":"max-video-preview:-1"},"canonical":"https:\/\/shopbrasil.vinyllandrecords.com\/produto\/persona-som\/","og_locale":"en_US","og_type":"article","og_title":"PERSONA - SOM - Vinyl Land Records","og_description":"Persona - Som by Discos Nada  Persona \u201cO Jogo Das Muta\u00e7\u00f5es\u201d foi criado pelo artista pl\u00e1stico Roberto Campadello no inicio da d\u00e9cada de 70. O jogo consiste em um espelho semi reflexivo, duas velas e um disco de 10 Polegadas. Esse jogo de luz, sombra, reflexo e transpar\u00eancia, aliado \u00e0 trilha sonora imersiva, faz com que os rostos dos jogadores se fundam criando uma nova criatura a cada movimento, onde n\u00e3o existe mais voc\u00ea ou eu, apenas Voc\u00eau. Para compor a trilha sonora Roberto convidou Luiz Carlini que chamou seus parceiros de Tutti-Frutti, Lee Marccuci e Franklyn Paolillo, e juntos ao Roberto, sua esposa Carmen Flores e uma trupe de intronautas, gravaram esse que \u00e9 um dos momentos mais experimentais da m\u00fasica brasileira at\u00e9 hoje. Essa reedi\u00e7\u00e3o foi remasterizada a partir das fitas originais e cont\u00e9m duas m\u00fasicas bonus, in\u00e9ditas em vinil, um livreto de 24 p\u00e1ginas repleto de imagens e hist\u00f3rias da \u00e9poca e um poster com as instru\u00e7\u00f5es do jogo.","og_url":"https:\/\/shopbrasil.vinyllandrecords.com\/produto\/persona-som\/","og_site_name":"Vinyl Land Records","article_modified_time":"2025-02-28T13:59:36+00:00","og_image":[{"width":1200,"height":1200,"url":"https:\/\/shopbrasil.vinyllandrecords.com\/wp-content\/uploads\/2021\/09\/persona.jpeg","type":"image\/jpeg"}],"twitter_card":"summary_large_image","schema":{"@context":"https:\/\/schema.org","@graph":[{"@type":"WebPage","@id":"https:\/\/shopbrasil.vinyllandrecords.com\/produto\/persona-som\/","url":"https:\/\/shopbrasil.vinyllandrecords.com\/produto\/persona-som\/","name":"PERSONA - SOM - Vinyl Land Records","isPartOf":{"@id":"https:\/\/shopbrasil.vinyllandrecords.com\/#website"},"primaryImageOfPage":{"@id":"https:\/\/shopbrasil.vinyllandrecords.com\/produto\/persona-som\/#primaryimage"},"image":{"@id":"https:\/\/shopbrasil.vinyllandrecords.com\/produto\/persona-som\/#primaryimage"},"thumbnailUrl":"https:\/\/shopbrasil.vinyllandrecords.com\/wp-content\/uploads\/2021\/09\/persona.jpeg","datePublished":"2021-09-08T23:34:08+00:00","dateModified":"2025-02-28T13:59:36+00:00","breadcrumb":{"@id":"https:\/\/shopbrasil.vinyllandrecords.com\/produto\/persona-som\/#breadcrumb"},"inLanguage":"en-US","potentialAction":[{"@type":"ReadAction","target":["https:\/\/shopbrasil.vinyllandrecords.com\/produto\/persona-som\/"]}]},{"@type":"ImageObject","inLanguage":"en-US","@id":"https:\/\/shopbrasil.vinyllandrecords.com\/produto\/persona-som\/#primaryimage","url":"https:\/\/shopbrasil.vinyllandrecords.com\/wp-content\/uploads\/2021\/09\/persona.jpeg","contentUrl":"https:\/\/shopbrasil.vinyllandrecords.com\/wp-content\/uploads\/2021\/09\/persona.jpeg","width":1200,"height":1200},{"@type":"BreadcrumbList","@id":"https:\/\/shopbrasil.vinyllandrecords.com\/produto\/persona-som\/#breadcrumb","itemListElement":[{"@type":"ListItem","position":1,"name":"In\u00edcio","item":"https:\/\/shopbrasil.vinyllandrecords.com\/"},{"@type":"ListItem","position":2,"name":"Shops","item":"https:\/\/shopbrasil.vinyllandrecords.com\/shops\/"},{"@type":"ListItem","position":3,"name":"PERSONA &#8211; SOM"}]},{"@type":"WebSite","@id":"https:\/\/shopbrasil.vinyllandrecords.com\/#website","url":"https:\/\/shopbrasil.vinyllandrecords.com\/","name":"Vinyl Land Records","description":"ONLINE SHOP","potentialAction":[{"@type":"SearchAction","target":{"@type":"EntryPoint","urlTemplate":"https:\/\/shopbrasil.vinyllandrecords.com\/?s={search_term_string}"},"query-input":{"@type":"PropertyValueSpecification","valueRequired":true,"valueName":"search_term_string"}}],"inLanguage":"en-US"}]}},"_links":{"self":[{"href":"https:\/\/shopbrasil.vinyllandrecords.com\/en\/wp-json\/wp\/v2\/product\/68297","targetHints":{"allow":["GET"]}}],"collection":[{"href":"https:\/\/shopbrasil.vinyllandrecords.com\/en\/wp-json\/wp\/v2\/product"}],"about":[{"href":"https:\/\/shopbrasil.vinyllandrecords.com\/en\/wp-json\/wp\/v2\/types\/product"}],"wp:featuredmedia":[{"embeddable":true,"href":"https:\/\/shopbrasil.vinyllandrecords.com\/en\/wp-json\/wp\/v2\/media\/68299"}],"wp:attachment":[{"href":"https:\/\/shopbrasil.vinyllandrecords.com\/en\/wp-json\/wp\/v2\/media?parent=68297"}],"wp:term":[{"taxonomy":"product_brand","embeddable":true,"href":"https:\/\/shopbrasil.vinyllandrecords.com\/en\/wp-json\/wp\/v2\/product_brand?post=68297"},{"taxonomy":"product_cat","embeddable":true,"href":"https:\/\/shopbrasil.vinyllandrecords.com\/en\/wp-json\/wp\/v2\/product_cat?post=68297"},{"taxonomy":"product_tag","embeddable":true,"href":"https:\/\/shopbrasil.vinyllandrecords.com\/en\/wp-json\/wp\/v2\/product_tag?post=68297"}],"curies":[{"name":"wp","href":"https:\/\/api.w.org\/{rel}","templated":true}]}}