{"id":68303,"date":"2021-09-08T21:08:06","date_gmt":"2021-09-09T00:08:06","guid":{"rendered":"https:\/\/shopbrasil.vinyllandrecords.com\/?post_type=product&#038;p=68303"},"modified":"2021-09-08T21:10:16","modified_gmt":"2021-09-09T00:10:16","slug":"julico-ike-mare","status":"publish","type":"product","link":"https:\/\/shopbrasil.vinyllandrecords.com\/en\/produto\/julico-ike-mare\/","title":{"rendered":"Julico &#8211; Ik\u00ea Mar\u00e9"},"content":{"rendered":"","protected":false},"excerpt":{"rendered":"<p><iframe width=\"560\" height=\"315\" src=\"https:\/\/www.youtube.com\/embed\/puvbH5E6owM\" title=\"YouTube video player\" frameborder=\"0\" allow=\"accelerometer; autoplay; clipboard-write; encrypted-media; gyroscope; picture-in-picture\" allowfullscreen><\/iframe><\/p>\n<p>O elogiado vocalista e guitarrista do The Baggios, Julico, lan\u00e7ou seu primeiro disco solo Ik\u00ea Mar\u00e9 pelo selo Limaia Discos.<\/p>\n<p>O \u00e1lbum vem sendo muito elogiado, considerado um dos mais importantes da m\u00fasica brasileira de 2020, com resenhas nos principais sites especializados, al\u00e9m de estar presente em cerca de 10 listas de melhores do ano, entre elas a respeitada APCA, Associa\u00e7\u00e3o Paulista de Cr\u00edticos de Artes.<\/p>\n<p>\u201cIk\u00ea Mar\u00e9\u201d, \u00e9 uma cria\u00e7\u00e3o de J\u00falio Andrade, a palavra s\u00f3 existe \u2013 ainda \u2013 no imagin\u00e1tio do m\u00fasico sergipano, ela representa o tempo, com seus ensinamentos e ciclos: o m\u00fasico idealiza e reflete sobre isso cercado pela natureza, em frente ao mar, e ali se perde na finitude da exist\u00eancia.<\/p>\n<p>Ik\u00ea mar\u00e9 \u00e9, tamb\u00e9m, um estado de esp\u00edrito, em constante transforma\u00e7\u00e3o, a incessante busca por caminhos diversos na vida, conquistados a partir do conhecimento que o tempo oferece, pode ser pela arte ou pela conviv\u00eancia humana.<\/p>\n<p>O trabalho \u00e9 composto por 13 m\u00fasicas, com a fus\u00e3o do soul, do funk e psicodelismo da m\u00fasica brasileira, \u00e9 uma fus\u00e3o de ritmos e etnias e ik\u00ea mar\u00e9, al\u00e9m de bai\u00e3o, desert blues e folk. A verve da m\u00fasica brasileira setentista d\u00e1 o tom ao disco, explorando o swing e o groove.<\/p>\n<p>O trabalho est\u00e1 dispon\u00edvel no formato vinil 180 gramas na cor verde azulado, pelo selo fonogr\u00e1fico Lamaia Discos, rec\u00e9m-criado pelo pr\u00f3prio J\u00falio Andrade. O vinil \u00e9 acompanhado de um poster formato A2 de um emblem\u00e1tico clique de Victor Balde.<\/p>\n<p>M\u00daSICAS DO LP<\/p>\n<p>Lado A:<\/p>\n<p>1. Ik\u00ea Mar\u00e9<\/p>\n<p>2. Nuvens Negras<\/p>\n<p>3. Aonde Viemos Parar<\/p>\n<p>4. Todo Santo Dia<\/p>\n<p>5. Eu S\u00e3o \/ Curtis Says<\/p>\n<p>6. Surfista de Trem<\/p>\n<p>7. Ca\u00edpe Novo<\/p>\n<p>Lado B:<\/p>\n<p>1. Outrora<\/p>\n<p>2. Paramopama \/ Vaza-Barris<\/p>\n<p>3. Rosemari<\/p>\n<p>4. Pelejamor<\/p>\n<p>5. S\u00e3o Cristov\u00e3o Via Niger<\/p>\n<p>6. Ca\u00edpe Velho<\/p>\n","protected":false},"featured_media":68304,"template":"","meta":[],"product_brand":[],"product_cat":[107,111,125,126,97],"product_tag":[],"class_list":{"0":"post-68303","1":"product","2":"type-product","3":"status-publish","4":"has-post-thumbnail","6":"product_cat-garimpo","7":"product_cat-destaque","8":"product_cat-gatefold-sleeve","9":"product_cat-disco-colorido","10":"product_cat-lp","12":"first","13":"instock","14":"taxable","15":"shipping-taxable","16":"purchasable","17":"product-type-simple"},"yoast_head":"<!-- This site is optimized with the Yoast SEO plugin v27.4 - https:\/\/yoast.com\/product\/yoast-seo-wordpress\/ -->\n<title>Julico - Ik\u00ea Mar\u00e9 - Vinyl Land Records<\/title>\n<meta name=\"robots\" content=\"index, follow, max-snippet:-1, max-image-preview:large, max-video-preview:-1\" \/>\n<link rel=\"canonical\" href=\"https:\/\/shopbrasil.vinyllandrecords.com\/produto\/julico-ike-mare\/\" \/>\n<meta property=\"og:locale\" content=\"en_US\" \/>\n<meta property=\"og:type\" content=\"article\" \/>\n<meta property=\"og:title\" content=\"Julico - Ik\u00ea Mar\u00e9 - Vinyl Land Records\" \/>\n<meta property=\"og:description\" content=\"O elogiado vocalista e guitarrista do The Baggios, Julico, lan\u00e7ou seu primeiro disco solo Ik\u00ea Mar\u00e9 pelo selo Limaia Discos.  O \u00e1lbum vem sendo muito elogiado, considerado um dos mais importantes da m\u00fasica brasileira de 2020, com resenhas nos principais sites especializados, al\u00e9m de estar presente em cerca de 10 listas de melhores do ano, entre elas a respeitada APCA, Associa\u00e7\u00e3o Paulista de Cr\u00edticos de Artes.  \u201cIk\u00ea Mar\u00e9\u201d, \u00e9 uma cria\u00e7\u00e3o de J\u00falio Andrade, a palavra s\u00f3 existe \u2013 ainda \u2013 no imagin\u00e1tio do m\u00fasico sergipano, ela representa o tempo, com seus ensinamentos e ciclos: o m\u00fasico idealiza e reflete sobre isso cercado pela natureza, em frente ao mar, e ali se perde na finitude da exist\u00eancia.  Ik\u00ea mar\u00e9 \u00e9, tamb\u00e9m, um estado de esp\u00edrito, em constante transforma\u00e7\u00e3o, a incessante busca por caminhos diversos na vida, conquistados a partir do conhecimento que o tempo oferece, pode ser pela arte ou pela conviv\u00eancia humana.  O trabalho \u00e9 composto por 13 m\u00fasicas, com a fus\u00e3o do soul, do funk e psicodelismo da m\u00fasica brasileira, \u00e9 uma fus\u00e3o de ritmos e etnias e ik\u00ea mar\u00e9, al\u00e9m de bai\u00e3o, desert blues e folk. A verve da m\u00fasica brasileira setentista d\u00e1 o tom ao disco, explorando o swing e o groove.  O trabalho est\u00e1 dispon\u00edvel no formato vinil 180 gramas na cor verde azulado, pelo selo fonogr\u00e1fico Lamaia Discos, rec\u00e9m-criado pelo pr\u00f3prio J\u00falio Andrade. O vinil \u00e9 acompanhado de um poster formato A2 de um emblem\u00e1tico clique de Victor Balde.     M\u00daSICAS DO LP  Lado A:  1. Ik\u00ea Mar\u00e9  2. Nuvens Negras  3. Aonde Viemos Parar  4. Todo Santo Dia  5. Eu S\u00e3o \/ Curtis Says  6. Surfista de Trem  7. Ca\u00edpe Novo     Lado B:  1. Outrora  2. Paramopama \/ Vaza-Barris  3. Rosemari  4. Pelejamor  5. S\u00e3o Cristov\u00e3o Via Niger  6. Ca\u00edpe Velho\" \/>\n<meta property=\"og:url\" content=\"https:\/\/shopbrasil.vinyllandrecords.com\/produto\/julico-ike-mare\/\" \/>\n<meta property=\"og:site_name\" content=\"Vinyl Land Records\" \/>\n<meta property=\"article:modified_time\" content=\"2021-09-09T00:10:16+00:00\" \/>\n<meta property=\"og:image\" content=\"https:\/\/shopbrasil.vinyllandrecords.com\/wp-content\/uploads\/2021\/09\/julico.jpeg\" \/>\n\t<meta property=\"og:image:width\" content=\"512\" \/>\n\t<meta property=\"og:image:height\" content=\"512\" \/>\n\t<meta property=\"og:image:type\" content=\"image\/jpeg\" \/>\n<meta name=\"twitter:card\" content=\"summary_large_image\" \/>\n<script type=\"application\/ld+json\" class=\"yoast-schema-graph\">{\"@context\":\"https:\\\/\\\/schema.org\",\"@graph\":[{\"@type\":\"WebPage\",\"@id\":\"https:\\\/\\\/shopbrasil.vinyllandrecords.com\\\/produto\\\/julico-ike-mare\\\/\",\"url\":\"https:\\\/\\\/shopbrasil.vinyllandrecords.com\\\/produto\\\/julico-ike-mare\\\/\",\"name\":\"Julico - Ik\u00ea Mar\u00e9 - Vinyl Land Records\",\"isPartOf\":{\"@id\":\"https:\\\/\\\/shopbrasil.vinyllandrecords.com\\\/#website\"},\"primaryImageOfPage\":{\"@id\":\"https:\\\/\\\/shopbrasil.vinyllandrecords.com\\\/produto\\\/julico-ike-mare\\\/#primaryimage\"},\"image\":{\"@id\":\"https:\\\/\\\/shopbrasil.vinyllandrecords.com\\\/produto\\\/julico-ike-mare\\\/#primaryimage\"},\"thumbnailUrl\":\"https:\\\/\\\/shopbrasil.vinyllandrecords.com\\\/wp-content\\\/uploads\\\/2021\\\/09\\\/julico.jpeg\",\"datePublished\":\"2021-09-09T00:08:06+00:00\",\"dateModified\":\"2021-09-09T00:10:16+00:00\",\"breadcrumb\":{\"@id\":\"https:\\\/\\\/shopbrasil.vinyllandrecords.com\\\/produto\\\/julico-ike-mare\\\/#breadcrumb\"},\"inLanguage\":\"en-US\",\"potentialAction\":[{\"@type\":\"ReadAction\",\"target\":[\"https:\\\/\\\/shopbrasil.vinyllandrecords.com\\\/produto\\\/julico-ike-mare\\\/\"]}]},{\"@type\":\"ImageObject\",\"inLanguage\":\"en-US\",\"@id\":\"https:\\\/\\\/shopbrasil.vinyllandrecords.com\\\/produto\\\/julico-ike-mare\\\/#primaryimage\",\"url\":\"https:\\\/\\\/shopbrasil.vinyllandrecords.com\\\/wp-content\\\/uploads\\\/2021\\\/09\\\/julico.jpeg\",\"contentUrl\":\"https:\\\/\\\/shopbrasil.vinyllandrecords.com\\\/wp-content\\\/uploads\\\/2021\\\/09\\\/julico.jpeg\",\"width\":512,\"height\":512},{\"@type\":\"BreadcrumbList\",\"@id\":\"https:\\\/\\\/shopbrasil.vinyllandrecords.com\\\/produto\\\/julico-ike-mare\\\/#breadcrumb\",\"itemListElement\":[{\"@type\":\"ListItem\",\"position\":1,\"name\":\"In\u00edcio\",\"item\":\"https:\\\/\\\/shopbrasil.vinyllandrecords.com\\\/\"},{\"@type\":\"ListItem\",\"position\":2,\"name\":\"Shops\",\"item\":\"https:\\\/\\\/shopbrasil.vinyllandrecords.com\\\/shops\\\/\"},{\"@type\":\"ListItem\",\"position\":3,\"name\":\"Julico &#8211; Ik\u00ea Mar\u00e9\"}]},{\"@type\":\"WebSite\",\"@id\":\"https:\\\/\\\/shopbrasil.vinyllandrecords.com\\\/#website\",\"url\":\"https:\\\/\\\/shopbrasil.vinyllandrecords.com\\\/\",\"name\":\"Vinyl Land Records\",\"description\":\"ONLINE SHOP\",\"potentialAction\":[{\"@type\":\"SearchAction\",\"target\":{\"@type\":\"EntryPoint\",\"urlTemplate\":\"https:\\\/\\\/shopbrasil.vinyllandrecords.com\\\/?s={search_term_string}\"},\"query-input\":{\"@type\":\"PropertyValueSpecification\",\"valueRequired\":true,\"valueName\":\"search_term_string\"}}],\"inLanguage\":\"en-US\"}]}<\/script>\n<!-- \/ Yoast SEO plugin. -->","yoast_head_json":{"title":"Julico - Ik\u00ea Mar\u00e9 - Vinyl Land Records","robots":{"index":"index","follow":"follow","max-snippet":"max-snippet:-1","max-image-preview":"max-image-preview:large","max-video-preview":"max-video-preview:-1"},"canonical":"https:\/\/shopbrasil.vinyllandrecords.com\/produto\/julico-ike-mare\/","og_locale":"en_US","og_type":"article","og_title":"Julico - Ik\u00ea Mar\u00e9 - Vinyl Land Records","og_description":"O elogiado vocalista e guitarrista do The Baggios, Julico, lan\u00e7ou seu primeiro disco solo Ik\u00ea Mar\u00e9 pelo selo Limaia Discos.  O \u00e1lbum vem sendo muito elogiado, considerado um dos mais importantes da m\u00fasica brasileira de 2020, com resenhas nos principais sites especializados, al\u00e9m de estar presente em cerca de 10 listas de melhores do ano, entre elas a respeitada APCA, Associa\u00e7\u00e3o Paulista de Cr\u00edticos de Artes.  \u201cIk\u00ea Mar\u00e9\u201d, \u00e9 uma cria\u00e7\u00e3o de J\u00falio Andrade, a palavra s\u00f3 existe \u2013 ainda \u2013 no imagin\u00e1tio do m\u00fasico sergipano, ela representa o tempo, com seus ensinamentos e ciclos: o m\u00fasico idealiza e reflete sobre isso cercado pela natureza, em frente ao mar, e ali se perde na finitude da exist\u00eancia.  Ik\u00ea mar\u00e9 \u00e9, tamb\u00e9m, um estado de esp\u00edrito, em constante transforma\u00e7\u00e3o, a incessante busca por caminhos diversos na vida, conquistados a partir do conhecimento que o tempo oferece, pode ser pela arte ou pela conviv\u00eancia humana.  O trabalho \u00e9 composto por 13 m\u00fasicas, com a fus\u00e3o do soul, do funk e psicodelismo da m\u00fasica brasileira, \u00e9 uma fus\u00e3o de ritmos e etnias e ik\u00ea mar\u00e9, al\u00e9m de bai\u00e3o, desert blues e folk. A verve da m\u00fasica brasileira setentista d\u00e1 o tom ao disco, explorando o swing e o groove.  O trabalho est\u00e1 dispon\u00edvel no formato vinil 180 gramas na cor verde azulado, pelo selo fonogr\u00e1fico Lamaia Discos, rec\u00e9m-criado pelo pr\u00f3prio J\u00falio Andrade. O vinil \u00e9 acompanhado de um poster formato A2 de um emblem\u00e1tico clique de Victor Balde.     M\u00daSICAS DO LP  Lado A:  1. Ik\u00ea Mar\u00e9  2. Nuvens Negras  3. Aonde Viemos Parar  4. Todo Santo Dia  5. Eu S\u00e3o \/ Curtis Says  6. Surfista de Trem  7. Ca\u00edpe Novo     Lado B:  1. Outrora  2. Paramopama \/ Vaza-Barris  3. Rosemari  4. Pelejamor  5. S\u00e3o Cristov\u00e3o Via Niger  6. Ca\u00edpe Velho","og_url":"https:\/\/shopbrasil.vinyllandrecords.com\/produto\/julico-ike-mare\/","og_site_name":"Vinyl Land Records","article_modified_time":"2021-09-09T00:10:16+00:00","og_image":[{"width":512,"height":512,"url":"https:\/\/shopbrasil.vinyllandrecords.com\/wp-content\/uploads\/2021\/09\/julico.jpeg","type":"image\/jpeg"}],"twitter_card":"summary_large_image","schema":{"@context":"https:\/\/schema.org","@graph":[{"@type":"WebPage","@id":"https:\/\/shopbrasil.vinyllandrecords.com\/produto\/julico-ike-mare\/","url":"https:\/\/shopbrasil.vinyllandrecords.com\/produto\/julico-ike-mare\/","name":"Julico - Ik\u00ea Mar\u00e9 - Vinyl Land Records","isPartOf":{"@id":"https:\/\/shopbrasil.vinyllandrecords.com\/#website"},"primaryImageOfPage":{"@id":"https:\/\/shopbrasil.vinyllandrecords.com\/produto\/julico-ike-mare\/#primaryimage"},"image":{"@id":"https:\/\/shopbrasil.vinyllandrecords.com\/produto\/julico-ike-mare\/#primaryimage"},"thumbnailUrl":"https:\/\/shopbrasil.vinyllandrecords.com\/wp-content\/uploads\/2021\/09\/julico.jpeg","datePublished":"2021-09-09T00:08:06+00:00","dateModified":"2021-09-09T00:10:16+00:00","breadcrumb":{"@id":"https:\/\/shopbrasil.vinyllandrecords.com\/produto\/julico-ike-mare\/#breadcrumb"},"inLanguage":"en-US","potentialAction":[{"@type":"ReadAction","target":["https:\/\/shopbrasil.vinyllandrecords.com\/produto\/julico-ike-mare\/"]}]},{"@type":"ImageObject","inLanguage":"en-US","@id":"https:\/\/shopbrasil.vinyllandrecords.com\/produto\/julico-ike-mare\/#primaryimage","url":"https:\/\/shopbrasil.vinyllandrecords.com\/wp-content\/uploads\/2021\/09\/julico.jpeg","contentUrl":"https:\/\/shopbrasil.vinyllandrecords.com\/wp-content\/uploads\/2021\/09\/julico.jpeg","width":512,"height":512},{"@type":"BreadcrumbList","@id":"https:\/\/shopbrasil.vinyllandrecords.com\/produto\/julico-ike-mare\/#breadcrumb","itemListElement":[{"@type":"ListItem","position":1,"name":"In\u00edcio","item":"https:\/\/shopbrasil.vinyllandrecords.com\/"},{"@type":"ListItem","position":2,"name":"Shops","item":"https:\/\/shopbrasil.vinyllandrecords.com\/shops\/"},{"@type":"ListItem","position":3,"name":"Julico &#8211; Ik\u00ea Mar\u00e9"}]},{"@type":"WebSite","@id":"https:\/\/shopbrasil.vinyllandrecords.com\/#website","url":"https:\/\/shopbrasil.vinyllandrecords.com\/","name":"Vinyl Land Records","description":"ONLINE SHOP","potentialAction":[{"@type":"SearchAction","target":{"@type":"EntryPoint","urlTemplate":"https:\/\/shopbrasil.vinyllandrecords.com\/?s={search_term_string}"},"query-input":{"@type":"PropertyValueSpecification","valueRequired":true,"valueName":"search_term_string"}}],"inLanguage":"en-US"}]}},"_links":{"self":[{"href":"https:\/\/shopbrasil.vinyllandrecords.com\/en\/wp-json\/wp\/v2\/product\/68303","targetHints":{"allow":["GET"]}}],"collection":[{"href":"https:\/\/shopbrasil.vinyllandrecords.com\/en\/wp-json\/wp\/v2\/product"}],"about":[{"href":"https:\/\/shopbrasil.vinyllandrecords.com\/en\/wp-json\/wp\/v2\/types\/product"}],"wp:featuredmedia":[{"embeddable":true,"href":"https:\/\/shopbrasil.vinyllandrecords.com\/en\/wp-json\/wp\/v2\/media\/68304"}],"wp:attachment":[{"href":"https:\/\/shopbrasil.vinyllandrecords.com\/en\/wp-json\/wp\/v2\/media?parent=68303"}],"wp:term":[{"taxonomy":"product_brand","embeddable":true,"href":"https:\/\/shopbrasil.vinyllandrecords.com\/en\/wp-json\/wp\/v2\/product_brand?post=68303"},{"taxonomy":"product_cat","embeddable":true,"href":"https:\/\/shopbrasil.vinyllandrecords.com\/en\/wp-json\/wp\/v2\/product_cat?post=68303"},{"taxonomy":"product_tag","embeddable":true,"href":"https:\/\/shopbrasil.vinyllandrecords.com\/en\/wp-json\/wp\/v2\/product_tag?post=68303"}],"curies":[{"name":"wp","href":"https:\/\/api.w.org\/{rel}","templated":true}]}}