{"id":68308,"date":"2021-09-08T21:40:15","date_gmt":"2021-09-09T00:40:15","guid":{"rendered":"https:\/\/shopbrasil.vinyllandrecords.com\/?post_type=product&#038;p=68308"},"modified":"2025-12-01T08:14:22","modified_gmt":"2025-12-01T11:14:22","slug":"dr-drumah-presents-the-confinement-vol-1-africa","status":"publish","type":"product","link":"https:\/\/shopbrasil.vinyllandrecords.com\/en\/produto\/dr-drumah-presents-the-confinement-vol-1-africa\/","title":{"rendered":"DR. DRUMAH PRESENTS THE CONFINEMENT &#8211; VOL. 1: AFRICA"},"content":{"rendered":"","protected":false},"excerpt":{"rendered":"<p><iframe width=\"560\" height=\"315\" src=\"https:\/\/www.youtube.com\/embed\/NdjGUjQO7YQ\" title=\"YouTube video player\" frameborder=\"0\" allow=\"accelerometer; autoplay; clipboard-write; encrypted-media; gyroscope; picture-in-picture\" allowfullscreen><\/iframe><\/p>\n<p>The Confinement Vol. 01: Africa<\/p>\n<p>O hip hop \u00e9 mais que uma cultura. \u00c9 uma m\u00e1quina do tempo e um teletransportador. A linguagem do sample, as colagens e as batidas digitais podem te levar para lugares reais ou imagin\u00e1rios. S\u00f3 \u00e9 preciso que haja um bom piloto no comando da nave. Dr. Drumah (alcunha do baterista baiano Jorge Dubman para sua persona beatmaker) nos guia para uma \u00c1frica ao mesmo tempo futurista e ancestral com seu novo trabalho, \u201cThe Confinement Vol. 1\u201d \u2013 uma beat tape criada durante a quarentena a partir de bases surrupiadas de seu acervo de discos africanos, com oito faixas instrumentais e duas com a participa\u00e7\u00e3o do MC australiano Liam Monkhouse AKA Mista Monk (do grupo Black Jesus Experience).<br \/>\nO ouvinte mais familiarizado com a produ\u00e7\u00e3o de m\u00fasica africana dos anos 70, reconhecer\u00e1 um \u201cone, two, three, four\u201d de Fela Kuti, um ou outro riff de guitarra que te instiga a puxar na mem\u00f3ria qual \u00e9 a fonte e aquele som de teclados anal\u00f3gicos t\u00e3o peculiar ao afro-groove setentista. Essa sensa\u00e7\u00e3o de intimidade com alguns timbres e loops se emaranha com a surpresa de um universo desconhecido que o artista constr\u00f3i a partir das interven\u00e7\u00f5es dos beats e manipula\u00e7\u00e3o dos samples. A audi\u00e7\u00e3o de 20 minutos instiga na mente a proje\u00e7\u00e3o de slides afro-futuristas em um sobrevoo delirante e rasante pelas paisagens da Nig\u00e9ria, do Benin, da Eti\u00f3pia, de Burkina Fasso e de Gana.<br \/>\nA \u00c1frica \u00e9 a fonte r\u00edtmica de toda a m\u00fasica negra mundial. Soul, funk, jazz, reggae, salsa, cumbia, samba e tudo mais t\u00eam suas ra\u00edzes nos batuques do continente. Ao mesmo tempo, sobretudo na d\u00e9cada de 70, essas sementes da m\u00fasica ocidental dan\u00e7ante retornaram \u00e0 terra de origem e fizeram brotar novos ritmos como afro-funk, makossa, afrobeat, ethio jazz, voodoo funk e muito mais. \u201cThe Confinement Vol. 1\u201d promove mais uma jornada pelos oceanos, com um timoneiro baiano no leme da nau que navega com os ensinamentos do hip hop a bordo e um mar de refer\u00eancias no horizonte. Boa viagem!<\/p>\n<p>Ramiro Zwetsch<\/p>\n<p>S\u00e3o Paulo, 21 de abril de 2020 <\/p>\n<p>01- Flying To Mother Land<br \/>\n02- The Antidote (Feat. Mista Monk of Black Jesus Experience)<br \/>\n03- Shadow Dance<br \/>\n04- Shining and Smiling<br \/>\n05-  Mukuka&#8217;s Rocket<br \/>\n06-  Freedom Fighters<br \/>\n07- Remains Of The Day (Feat. Mista Monk of Black Jesus Experience)<br \/>\n08- Front Line<br \/>\n09- The Mirage<br \/>\n10- Africanism<\/p>\n<p>Produzido e mixado por Dr. Drumah AKA Nu-Konduktor (Kzah 04 Records)<\/p>\n<p>Masterizado por: Felipe Pomar (Subrec)<\/p>\n<p>Participa\u00e7\u00e3o Especial:<\/p>\n<p>Liam Monkhouse AKA Mista Monk: (Track 02 e 07)<\/p>\n<p>Stina Sia: (Track 01 e 10)<\/p>\n<p>Cover Art: Frederico Amazonas (Subrec)<\/p>\n","protected":false},"featured_media":68313,"template":"","meta":[],"product_brand":[],"product_cat":[107,111,97],"product_tag":[],"class_list":{"0":"post-68308","1":"product","2":"type-product","3":"status-publish","4":"has-post-thumbnail","6":"product_cat-garimpo","7":"product_cat-destaque","8":"product_cat-lp","10":"first","11":"instock","12":"taxable","13":"shipping-taxable","14":"purchasable","15":"product-type-simple"},"yoast_head":"<!-- This site is optimized with the Yoast SEO plugin v27.4 - https:\/\/yoast.com\/product\/yoast-seo-wordpress\/ -->\n<title>DR. DRUMAH PRESENTS THE CONFINEMENT - VOL. 1: AFRICA - Vinyl Land Records<\/title>\n<meta name=\"robots\" content=\"index, follow, max-snippet:-1, max-image-preview:large, max-video-preview:-1\" \/>\n<link rel=\"canonical\" href=\"https:\/\/shopbrasil.vinyllandrecords.com\/produto\/dr-drumah-presents-the-confinement-vol-1-africa\/\" \/>\n<meta property=\"og:locale\" content=\"en_US\" \/>\n<meta property=\"og:type\" content=\"article\" \/>\n<meta property=\"og:title\" content=\"DR. DRUMAH PRESENTS THE CONFINEMENT - VOL. 1: AFRICA - Vinyl Land Records\" \/>\n<meta property=\"og:description\" content=\"The Confinement Vol. 01: Africa  O hip hop \u00e9 mais que uma cultura. \u00c9 uma m\u00e1quina do tempo e um teletransportador. A linguagem do sample, as colagens e as batidas digitais podem te levar para lugares reais ou imagin\u00e1rios. S\u00f3 \u00e9 preciso que haja um bom piloto no comando da nave. Dr. Drumah (alcunha do baterista baiano Jorge Dubman para sua persona beatmaker) nos guia para uma \u00c1frica ao mesmo tempo futurista e ancestral com seu novo trabalho, \u201cThe Confinement Vol. 1\u201d \u2013 uma beat tape criada durante a quarentena a partir de bases surrupiadas de seu acervo de discos africanos, com oito faixas instrumentais e duas com a participa\u00e7\u00e3o do MC australiano Liam Monkhouse AKA Mista Monk (do grupo Black Jesus Experience). O ouvinte mais familiarizado com a produ\u00e7\u00e3o de m\u00fasica africana dos anos 70, reconhecer\u00e1 um \u201cone, two, three, four\u201d de Fela Kuti, um ou outro riff de guitarra que te instiga a puxar na mem\u00f3ria qual \u00e9 a fonte e aquele som de teclados anal\u00f3gicos t\u00e3o peculiar ao afro-groove setentista. Essa sensa\u00e7\u00e3o de intimidade com alguns timbres e loops se emaranha com a surpresa de um universo desconhecido que o artista constr\u00f3i a partir das interven\u00e7\u00f5es dos beats e manipula\u00e7\u00e3o dos samples. A audi\u00e7\u00e3o de 20 minutos instiga na mente a proje\u00e7\u00e3o de slides afro-futuristas em um sobrevoo delirante e rasante pelas paisagens da Nig\u00e9ria, do Benin, da Eti\u00f3pia, de Burkina Fasso e de Gana. A \u00c1frica \u00e9 a fonte r\u00edtmica de toda a m\u00fasica negra mundial. Soul, funk, jazz, reggae, salsa, cumbia, samba e tudo mais t\u00eam suas ra\u00edzes nos batuques do continente. Ao mesmo tempo, sobretudo na d\u00e9cada de 70, essas sementes da m\u00fasica ocidental dan\u00e7ante retornaram \u00e0 terra de origem e fizeram brotar novos ritmos como afro-funk, makossa, afrobeat, ethio jazz, voodoo funk e muito mais. \u201cThe Confinement Vol. 1\u201d promove mais uma jornada pelos oceanos, com um timoneiro baiano no leme da nau que navega com os ensinamentos do hip hop a bordo e um mar de refer\u00eancias no horizonte. Boa viagem!  Ramiro Zwetsch  S\u00e3o Paulo, 21 de abril de 2020   01- Flying To Mother Land 02- The Antidote (Feat. Mista Monk of Black Jesus Experience) 03- Shadow Dance 04- Shining and Smiling 05- Mukuka&#039;s Rocket 06- Freedom Fighters 07- Remains Of The Day (Feat. Mista Monk of Black Jesus Experience) 08- Front Line 09- The Mirage 10- Africanism  Produzido e mixado por Dr. Drumah AKA Nu-Konduktor (Kzah 04 Records)  Masterizado por: Felipe Pomar (Subrec)  Participa\u00e7\u00e3o Especial:  Liam Monkhouse AKA Mista Monk: (Track 02 e 07)  Stina Sia: (Track 01 e 10)  Cover Art: Frederico Amazonas (Subrec)\" \/>\n<meta property=\"og:url\" content=\"https:\/\/shopbrasil.vinyllandrecords.com\/produto\/dr-drumah-presents-the-confinement-vol-1-africa\/\" \/>\n<meta property=\"og:site_name\" content=\"Vinyl Land Records\" \/>\n<meta property=\"article:modified_time\" content=\"2025-12-01T11:14:22+00:00\" \/>\n<meta property=\"og:image\" content=\"https:\/\/shopbrasil.vinyllandrecords.com\/wp-content\/uploads\/2021\/09\/drdrumah.jpeg\" \/>\n\t<meta property=\"og:image:width\" content=\"1000\" \/>\n\t<meta property=\"og:image:height\" content=\"1000\" \/>\n\t<meta property=\"og:image:type\" content=\"image\/jpeg\" \/>\n<meta name=\"twitter:card\" content=\"summary_large_image\" \/>\n<script type=\"application\/ld+json\" class=\"yoast-schema-graph\">{\"@context\":\"https:\\\/\\\/schema.org\",\"@graph\":[{\"@type\":\"WebPage\",\"@id\":\"https:\\\/\\\/shopbrasil.vinyllandrecords.com\\\/produto\\\/dr-drumah-presents-the-confinement-vol-1-africa\\\/\",\"url\":\"https:\\\/\\\/shopbrasil.vinyllandrecords.com\\\/produto\\\/dr-drumah-presents-the-confinement-vol-1-africa\\\/\",\"name\":\"DR. DRUMAH PRESENTS THE CONFINEMENT - VOL. 1: AFRICA - Vinyl Land Records\",\"isPartOf\":{\"@id\":\"https:\\\/\\\/shopbrasil.vinyllandrecords.com\\\/#website\"},\"primaryImageOfPage\":{\"@id\":\"https:\\\/\\\/shopbrasil.vinyllandrecords.com\\\/produto\\\/dr-drumah-presents-the-confinement-vol-1-africa\\\/#primaryimage\"},\"image\":{\"@id\":\"https:\\\/\\\/shopbrasil.vinyllandrecords.com\\\/produto\\\/dr-drumah-presents-the-confinement-vol-1-africa\\\/#primaryimage\"},\"thumbnailUrl\":\"https:\\\/\\\/shopbrasil.vinyllandrecords.com\\\/wp-content\\\/uploads\\\/2021\\\/09\\\/drdrumah.jpeg\",\"datePublished\":\"2021-09-09T00:40:15+00:00\",\"dateModified\":\"2025-12-01T11:14:22+00:00\",\"breadcrumb\":{\"@id\":\"https:\\\/\\\/shopbrasil.vinyllandrecords.com\\\/produto\\\/dr-drumah-presents-the-confinement-vol-1-africa\\\/#breadcrumb\"},\"inLanguage\":\"en-US\",\"potentialAction\":[{\"@type\":\"ReadAction\",\"target\":[\"https:\\\/\\\/shopbrasil.vinyllandrecords.com\\\/produto\\\/dr-drumah-presents-the-confinement-vol-1-africa\\\/\"]}]},{\"@type\":\"ImageObject\",\"inLanguage\":\"en-US\",\"@id\":\"https:\\\/\\\/shopbrasil.vinyllandrecords.com\\\/produto\\\/dr-drumah-presents-the-confinement-vol-1-africa\\\/#primaryimage\",\"url\":\"https:\\\/\\\/shopbrasil.vinyllandrecords.com\\\/wp-content\\\/uploads\\\/2021\\\/09\\\/drdrumah.jpeg\",\"contentUrl\":\"https:\\\/\\\/shopbrasil.vinyllandrecords.com\\\/wp-content\\\/uploads\\\/2021\\\/09\\\/drdrumah.jpeg\",\"width\":1000,\"height\":1000},{\"@type\":\"BreadcrumbList\",\"@id\":\"https:\\\/\\\/shopbrasil.vinyllandrecords.com\\\/produto\\\/dr-drumah-presents-the-confinement-vol-1-africa\\\/#breadcrumb\",\"itemListElement\":[{\"@type\":\"ListItem\",\"position\":1,\"name\":\"In\u00edcio\",\"item\":\"https:\\\/\\\/shopbrasil.vinyllandrecords.com\\\/\"},{\"@type\":\"ListItem\",\"position\":2,\"name\":\"Shops\",\"item\":\"https:\\\/\\\/shopbrasil.vinyllandrecords.com\\\/shops\\\/\"},{\"@type\":\"ListItem\",\"position\":3,\"name\":\"DR. DRUMAH PRESENTS THE CONFINEMENT &#8211; VOL. 1: AFRICA\"}]},{\"@type\":\"WebSite\",\"@id\":\"https:\\\/\\\/shopbrasil.vinyllandrecords.com\\\/#website\",\"url\":\"https:\\\/\\\/shopbrasil.vinyllandrecords.com\\\/\",\"name\":\"Vinyl Land Records\",\"description\":\"ONLINE SHOP\",\"potentialAction\":[{\"@type\":\"SearchAction\",\"target\":{\"@type\":\"EntryPoint\",\"urlTemplate\":\"https:\\\/\\\/shopbrasil.vinyllandrecords.com\\\/?s={search_term_string}\"},\"query-input\":{\"@type\":\"PropertyValueSpecification\",\"valueRequired\":true,\"valueName\":\"search_term_string\"}}],\"inLanguage\":\"en-US\"}]}<\/script>\n<!-- \/ Yoast SEO plugin. -->","yoast_head_json":{"title":"DR. DRUMAH PRESENTS THE CONFINEMENT - VOL. 1: AFRICA - Vinyl Land Records","robots":{"index":"index","follow":"follow","max-snippet":"max-snippet:-1","max-image-preview":"max-image-preview:large","max-video-preview":"max-video-preview:-1"},"canonical":"https:\/\/shopbrasil.vinyllandrecords.com\/produto\/dr-drumah-presents-the-confinement-vol-1-africa\/","og_locale":"en_US","og_type":"article","og_title":"DR. DRUMAH PRESENTS THE CONFINEMENT - VOL. 1: AFRICA - Vinyl Land Records","og_description":"The Confinement Vol. 01: Africa  O hip hop \u00e9 mais que uma cultura. \u00c9 uma m\u00e1quina do tempo e um teletransportador. A linguagem do sample, as colagens e as batidas digitais podem te levar para lugares reais ou imagin\u00e1rios. S\u00f3 \u00e9 preciso que haja um bom piloto no comando da nave. Dr. Drumah (alcunha do baterista baiano Jorge Dubman para sua persona beatmaker) nos guia para uma \u00c1frica ao mesmo tempo futurista e ancestral com seu novo trabalho, \u201cThe Confinement Vol. 1\u201d \u2013 uma beat tape criada durante a quarentena a partir de bases surrupiadas de seu acervo de discos africanos, com oito faixas instrumentais e duas com a participa\u00e7\u00e3o do MC australiano Liam Monkhouse AKA Mista Monk (do grupo Black Jesus Experience). O ouvinte mais familiarizado com a produ\u00e7\u00e3o de m\u00fasica africana dos anos 70, reconhecer\u00e1 um \u201cone, two, three, four\u201d de Fela Kuti, um ou outro riff de guitarra que te instiga a puxar na mem\u00f3ria qual \u00e9 a fonte e aquele som de teclados anal\u00f3gicos t\u00e3o peculiar ao afro-groove setentista. Essa sensa\u00e7\u00e3o de intimidade com alguns timbres e loops se emaranha com a surpresa de um universo desconhecido que o artista constr\u00f3i a partir das interven\u00e7\u00f5es dos beats e manipula\u00e7\u00e3o dos samples. A audi\u00e7\u00e3o de 20 minutos instiga na mente a proje\u00e7\u00e3o de slides afro-futuristas em um sobrevoo delirante e rasante pelas paisagens da Nig\u00e9ria, do Benin, da Eti\u00f3pia, de Burkina Fasso e de Gana. A \u00c1frica \u00e9 a fonte r\u00edtmica de toda a m\u00fasica negra mundial. Soul, funk, jazz, reggae, salsa, cumbia, samba e tudo mais t\u00eam suas ra\u00edzes nos batuques do continente. Ao mesmo tempo, sobretudo na d\u00e9cada de 70, essas sementes da m\u00fasica ocidental dan\u00e7ante retornaram \u00e0 terra de origem e fizeram brotar novos ritmos como afro-funk, makossa, afrobeat, ethio jazz, voodoo funk e muito mais. \u201cThe Confinement Vol. 1\u201d promove mais uma jornada pelos oceanos, com um timoneiro baiano no leme da nau que navega com os ensinamentos do hip hop a bordo e um mar de refer\u00eancias no horizonte. Boa viagem!  Ramiro Zwetsch  S\u00e3o Paulo, 21 de abril de 2020   01- Flying To Mother Land 02- The Antidote (Feat. Mista Monk of Black Jesus Experience) 03- Shadow Dance 04- Shining and Smiling 05- Mukuka's Rocket 06- Freedom Fighters 07- Remains Of The Day (Feat. Mista Monk of Black Jesus Experience) 08- Front Line 09- The Mirage 10- Africanism  Produzido e mixado por Dr. Drumah AKA Nu-Konduktor (Kzah 04 Records)  Masterizado por: Felipe Pomar (Subrec)  Participa\u00e7\u00e3o Especial:  Liam Monkhouse AKA Mista Monk: (Track 02 e 07)  Stina Sia: (Track 01 e 10)  Cover Art: Frederico Amazonas (Subrec)","og_url":"https:\/\/shopbrasil.vinyllandrecords.com\/produto\/dr-drumah-presents-the-confinement-vol-1-africa\/","og_site_name":"Vinyl Land Records","article_modified_time":"2025-12-01T11:14:22+00:00","og_image":[{"width":1000,"height":1000,"url":"https:\/\/shopbrasil.vinyllandrecords.com\/wp-content\/uploads\/2021\/09\/drdrumah.jpeg","type":"image\/jpeg"}],"twitter_card":"summary_large_image","schema":{"@context":"https:\/\/schema.org","@graph":[{"@type":"WebPage","@id":"https:\/\/shopbrasil.vinyllandrecords.com\/produto\/dr-drumah-presents-the-confinement-vol-1-africa\/","url":"https:\/\/shopbrasil.vinyllandrecords.com\/produto\/dr-drumah-presents-the-confinement-vol-1-africa\/","name":"DR. DRUMAH PRESENTS THE CONFINEMENT - VOL. 1: AFRICA - Vinyl Land Records","isPartOf":{"@id":"https:\/\/shopbrasil.vinyllandrecords.com\/#website"},"primaryImageOfPage":{"@id":"https:\/\/shopbrasil.vinyllandrecords.com\/produto\/dr-drumah-presents-the-confinement-vol-1-africa\/#primaryimage"},"image":{"@id":"https:\/\/shopbrasil.vinyllandrecords.com\/produto\/dr-drumah-presents-the-confinement-vol-1-africa\/#primaryimage"},"thumbnailUrl":"https:\/\/shopbrasil.vinyllandrecords.com\/wp-content\/uploads\/2021\/09\/drdrumah.jpeg","datePublished":"2021-09-09T00:40:15+00:00","dateModified":"2025-12-01T11:14:22+00:00","breadcrumb":{"@id":"https:\/\/shopbrasil.vinyllandrecords.com\/produto\/dr-drumah-presents-the-confinement-vol-1-africa\/#breadcrumb"},"inLanguage":"en-US","potentialAction":[{"@type":"ReadAction","target":["https:\/\/shopbrasil.vinyllandrecords.com\/produto\/dr-drumah-presents-the-confinement-vol-1-africa\/"]}]},{"@type":"ImageObject","inLanguage":"en-US","@id":"https:\/\/shopbrasil.vinyllandrecords.com\/produto\/dr-drumah-presents-the-confinement-vol-1-africa\/#primaryimage","url":"https:\/\/shopbrasil.vinyllandrecords.com\/wp-content\/uploads\/2021\/09\/drdrumah.jpeg","contentUrl":"https:\/\/shopbrasil.vinyllandrecords.com\/wp-content\/uploads\/2021\/09\/drdrumah.jpeg","width":1000,"height":1000},{"@type":"BreadcrumbList","@id":"https:\/\/shopbrasil.vinyllandrecords.com\/produto\/dr-drumah-presents-the-confinement-vol-1-africa\/#breadcrumb","itemListElement":[{"@type":"ListItem","position":1,"name":"In\u00edcio","item":"https:\/\/shopbrasil.vinyllandrecords.com\/"},{"@type":"ListItem","position":2,"name":"Shops","item":"https:\/\/shopbrasil.vinyllandrecords.com\/shops\/"},{"@type":"ListItem","position":3,"name":"DR. DRUMAH PRESENTS THE CONFINEMENT &#8211; VOL. 1: AFRICA"}]},{"@type":"WebSite","@id":"https:\/\/shopbrasil.vinyllandrecords.com\/#website","url":"https:\/\/shopbrasil.vinyllandrecords.com\/","name":"Vinyl Land Records","description":"ONLINE SHOP","potentialAction":[{"@type":"SearchAction","target":{"@type":"EntryPoint","urlTemplate":"https:\/\/shopbrasil.vinyllandrecords.com\/?s={search_term_string}"},"query-input":{"@type":"PropertyValueSpecification","valueRequired":true,"valueName":"search_term_string"}}],"inLanguage":"en-US"}]}},"_links":{"self":[{"href":"https:\/\/shopbrasil.vinyllandrecords.com\/en\/wp-json\/wp\/v2\/product\/68308","targetHints":{"allow":["GET"]}}],"collection":[{"href":"https:\/\/shopbrasil.vinyllandrecords.com\/en\/wp-json\/wp\/v2\/product"}],"about":[{"href":"https:\/\/shopbrasil.vinyllandrecords.com\/en\/wp-json\/wp\/v2\/types\/product"}],"wp:featuredmedia":[{"embeddable":true,"href":"https:\/\/shopbrasil.vinyllandrecords.com\/en\/wp-json\/wp\/v2\/media\/68313"}],"wp:attachment":[{"href":"https:\/\/shopbrasil.vinyllandrecords.com\/en\/wp-json\/wp\/v2\/media?parent=68308"}],"wp:term":[{"taxonomy":"product_brand","embeddable":true,"href":"https:\/\/shopbrasil.vinyllandrecords.com\/en\/wp-json\/wp\/v2\/product_brand?post=68308"},{"taxonomy":"product_cat","embeddable":true,"href":"https:\/\/shopbrasil.vinyllandrecords.com\/en\/wp-json\/wp\/v2\/product_cat?post=68308"},{"taxonomy":"product_tag","embeddable":true,"href":"https:\/\/shopbrasil.vinyllandrecords.com\/en\/wp-json\/wp\/v2\/product_tag?post=68308"}],"curies":[{"name":"wp","href":"https:\/\/api.w.org\/{rel}","templated":true}]}}