{"id":68484,"date":"2022-07-07T19:15:46","date_gmt":"2022-07-07T22:15:46","guid":{"rendered":"https:\/\/shopbrasil.vinyllandrecords.com\/?post_type=product&#038;p=68484"},"modified":"2024-01-24T12:59:15","modified_gmt":"2024-01-24T15:59:15","slug":"maria-beraldo-cavala","status":"publish","type":"product","link":"https:\/\/shopbrasil.vinyllandrecords.com\/en\/produto\/maria-beraldo-cavala\/","title":{"rendered":"Maria Beraldo &#8211; Cavala"},"content":{"rendered":"","protected":false},"excerpt":{"rendered":"<p><iframe width=\"560\" height=\"315\" src=\"https:\/\/www.youtube.com\/embed\/_cDpkDY_vdA\" title=\"YouTube video player\" frameborder=\"0\" allow=\"accelerometer; autoplay; clipboard-write; encrypted-media; gyroscope; picture-in-picture\" allowfullscreen><\/iframe><\/p>\n<p>Cavala \u00e9 o \u00e1lbum de estreia da cantora, compositora e clarinetista Maria Beraldo.O lan\u00e7amento foi feito pelo Selo RISCO.<\/p>\n<p>Com sonoridade experimental voltada ao alternativo e ao indie, a principal tem\u00e1tica do disco est\u00e1 no empoderamento l\u00e9sbico.<\/p>\n<p>O \u00e1lbum foi eleito o 12\u00ba melhor disco brasileiro de 2018 pela revista Rolling Stone Brasil e um dos 25 melhores \u00e1lbuns brasileiros do primeiro semestre de 2018 pela Associa\u00e7\u00e3o Paulista de Cr\u00edticos de Arte.<\/p>\n<p>M\u00daSICAS DO LP<\/p>\n<p>Lado A:<\/p>\n<p>1.  Tenso<\/p>\n<p>2.  Da Menor Import\u00e2ncia<\/p>\n<p>3.  Amor Verdade<\/p>\n<p>4.  Maria<\/p>\n<p>5.  Rainha<\/p>\n<p>Lado B:<\/p>\n<p>1.  Eu te Amo<\/p>\n<p>2.  Cavala<\/p>\n<p>3.  Helena<\/p>\n<p>4.  Sussussussu<\/p>\n<p>5.  Gatas Sapatas<\/p>\n","protected":false},"featured_media":68491,"template":"","meta":[],"product_brand":[],"product_cat":[107,111,128,131,97],"product_tag":[],"class_list":{"0":"post-68484","1":"product","2":"type-product","3":"status-publish","4":"has-post-thumbnail","6":"product_cat-garimpo","7":"product_cat-destaque","8":"product_cat-3-selos","9":"product_cat-tres-selos","10":"product_cat-lp","12":"first","13":"outofstock","14":"taxable","15":"shipping-taxable","16":"purchasable","17":"product-type-simple"},"yoast_head":"<!-- This site is optimized with the Yoast SEO plugin v27.4 - https:\/\/yoast.com\/product\/yoast-seo-wordpress\/ -->\n<title>Maria Beraldo - Cavala - Vinyl Land Records<\/title>\n<meta name=\"robots\" content=\"index, follow, max-snippet:-1, max-image-preview:large, max-video-preview:-1\" \/>\n<link rel=\"canonical\" href=\"https:\/\/shopbrasil.vinyllandrecords.com\/produto\/maria-beraldo-cavala\/\" \/>\n<meta property=\"og:locale\" content=\"en_US\" \/>\n<meta property=\"og:type\" content=\"article\" \/>\n<meta property=\"og:title\" content=\"Maria Beraldo - Cavala - Vinyl Land Records\" \/>\n<meta property=\"og:description\" content=\"[:en]  Cavala \u00e9 o \u00e1lbum de estreia da cantora, compositora e clarinetista Maria Beraldo.O lan\u00e7amento foi feito pelo Selo RISCO.  Com sonoridade experimental voltada ao alternativo e ao indie, a principal tem\u00e1tica do disco est\u00e1 no empoderamento l\u00e9sbico.  O \u00e1lbum foi eleito o 12\u00ba melhor disco brasileiro de 2018 pela revista Rolling Stone Brasil e um dos 25 melhores \u00e1lbuns brasileiros do primeiro semestre de 2018 pela Associa\u00e7\u00e3o Paulista de Cr\u00edticos de Arte.  M\u00daSICAS DO LP  Lado A:  1. Tenso  2. Da Menor Import\u00e2ncia  3. Amor Verdade  4. Maria  5. Rainha  Lado B:  1. Eu te Amo  2. Cavala  3. Helena  4. Sussussussu  5. Gatas Sapatas[:]\" \/>\n<meta property=\"og:url\" content=\"https:\/\/shopbrasil.vinyllandrecords.com\/produto\/maria-beraldo-cavala\/\" \/>\n<meta property=\"og:site_name\" content=\"Vinyl Land Records\" \/>\n<meta property=\"article:modified_time\" content=\"2024-01-24T15:59:15+00:00\" \/>\n<meta property=\"og:image\" content=\"https:\/\/shopbrasil.vinyllandrecords.com\/wp-content\/uploads\/2022\/07\/cavala.jpg\" \/>\n\t<meta property=\"og:image:width\" content=\"1200\" \/>\n\t<meta property=\"og:image:height\" content=\"1200\" \/>\n\t<meta property=\"og:image:type\" content=\"image\/jpeg\" \/>\n<meta name=\"twitter:card\" content=\"summary_large_image\" \/>\n<script type=\"application\/ld+json\" class=\"yoast-schema-graph\">{\"@context\":\"https:\\\/\\\/schema.org\",\"@graph\":[{\"@type\":\"WebPage\",\"@id\":\"https:\\\/\\\/shopbrasil.vinyllandrecords.com\\\/produto\\\/maria-beraldo-cavala\\\/\",\"url\":\"https:\\\/\\\/shopbrasil.vinyllandrecords.com\\\/produto\\\/maria-beraldo-cavala\\\/\",\"name\":\"Maria Beraldo - Cavala - Vinyl Land Records\",\"isPartOf\":{\"@id\":\"https:\\\/\\\/shopbrasil.vinyllandrecords.com\\\/#website\"},\"primaryImageOfPage\":{\"@id\":\"https:\\\/\\\/shopbrasil.vinyllandrecords.com\\\/produto\\\/maria-beraldo-cavala\\\/#primaryimage\"},\"image\":{\"@id\":\"https:\\\/\\\/shopbrasil.vinyllandrecords.com\\\/produto\\\/maria-beraldo-cavala\\\/#primaryimage\"},\"thumbnailUrl\":\"https:\\\/\\\/shopbrasil.vinyllandrecords.com\\\/wp-content\\\/uploads\\\/2022\\\/07\\\/cavala.jpg\",\"datePublished\":\"2022-07-07T22:15:46+00:00\",\"dateModified\":\"2024-01-24T15:59:15+00:00\",\"breadcrumb\":{\"@id\":\"https:\\\/\\\/shopbrasil.vinyllandrecords.com\\\/produto\\\/maria-beraldo-cavala\\\/#breadcrumb\"},\"inLanguage\":\"en-US\",\"potentialAction\":[{\"@type\":\"ReadAction\",\"target\":[\"https:\\\/\\\/shopbrasil.vinyllandrecords.com\\\/produto\\\/maria-beraldo-cavala\\\/\"]}]},{\"@type\":\"ImageObject\",\"inLanguage\":\"en-US\",\"@id\":\"https:\\\/\\\/shopbrasil.vinyllandrecords.com\\\/produto\\\/maria-beraldo-cavala\\\/#primaryimage\",\"url\":\"https:\\\/\\\/shopbrasil.vinyllandrecords.com\\\/wp-content\\\/uploads\\\/2022\\\/07\\\/cavala.jpg\",\"contentUrl\":\"https:\\\/\\\/shopbrasil.vinyllandrecords.com\\\/wp-content\\\/uploads\\\/2022\\\/07\\\/cavala.jpg\",\"width\":1200,\"height\":1200},{\"@type\":\"BreadcrumbList\",\"@id\":\"https:\\\/\\\/shopbrasil.vinyllandrecords.com\\\/produto\\\/maria-beraldo-cavala\\\/#breadcrumb\",\"itemListElement\":[{\"@type\":\"ListItem\",\"position\":1,\"name\":\"In\u00edcio\",\"item\":\"https:\\\/\\\/shopbrasil.vinyllandrecords.com\\\/\"},{\"@type\":\"ListItem\",\"position\":2,\"name\":\"Shops\",\"item\":\"https:\\\/\\\/shopbrasil.vinyllandrecords.com\\\/shops\\\/\"},{\"@type\":\"ListItem\",\"position\":3,\"name\":\"Maria Beraldo &#8211; Cavala\"}]},{\"@type\":\"WebSite\",\"@id\":\"https:\\\/\\\/shopbrasil.vinyllandrecords.com\\\/#website\",\"url\":\"https:\\\/\\\/shopbrasil.vinyllandrecords.com\\\/\",\"name\":\"Vinyl Land Records\",\"description\":\"ONLINE SHOP\",\"potentialAction\":[{\"@type\":\"SearchAction\",\"target\":{\"@type\":\"EntryPoint\",\"urlTemplate\":\"https:\\\/\\\/shopbrasil.vinyllandrecords.com\\\/?s={search_term_string}\"},\"query-input\":{\"@type\":\"PropertyValueSpecification\",\"valueRequired\":true,\"valueName\":\"search_term_string\"}}],\"inLanguage\":\"en-US\"}]}<\/script>\n<!-- \/ Yoast SEO plugin. -->","yoast_head_json":{"title":"Maria Beraldo - Cavala - Vinyl Land Records","robots":{"index":"index","follow":"follow","max-snippet":"max-snippet:-1","max-image-preview":"max-image-preview:large","max-video-preview":"max-video-preview:-1"},"canonical":"https:\/\/shopbrasil.vinyllandrecords.com\/produto\/maria-beraldo-cavala\/","og_locale":"en_US","og_type":"article","og_title":"Maria Beraldo - Cavala - Vinyl Land Records","og_description":"[:en]  Cavala \u00e9 o \u00e1lbum de estreia da cantora, compositora e clarinetista Maria Beraldo.O lan\u00e7amento foi feito pelo Selo RISCO.  Com sonoridade experimental voltada ao alternativo e ao indie, a principal tem\u00e1tica do disco est\u00e1 no empoderamento l\u00e9sbico.  O \u00e1lbum foi eleito o 12\u00ba melhor disco brasileiro de 2018 pela revista Rolling Stone Brasil e um dos 25 melhores \u00e1lbuns brasileiros do primeiro semestre de 2018 pela Associa\u00e7\u00e3o Paulista de Cr\u00edticos de Arte.  M\u00daSICAS DO LP  Lado A:  1. Tenso  2. Da Menor Import\u00e2ncia  3. Amor Verdade  4. Maria  5. Rainha  Lado B:  1. Eu te Amo  2. Cavala  3. Helena  4. Sussussussu  5. Gatas Sapatas[:]","og_url":"https:\/\/shopbrasil.vinyllandrecords.com\/produto\/maria-beraldo-cavala\/","og_site_name":"Vinyl Land Records","article_modified_time":"2024-01-24T15:59:15+00:00","og_image":[{"width":1200,"height":1200,"url":"https:\/\/shopbrasil.vinyllandrecords.com\/wp-content\/uploads\/2022\/07\/cavala.jpg","type":"image\/jpeg"}],"twitter_card":"summary_large_image","schema":{"@context":"https:\/\/schema.org","@graph":[{"@type":"WebPage","@id":"https:\/\/shopbrasil.vinyllandrecords.com\/produto\/maria-beraldo-cavala\/","url":"https:\/\/shopbrasil.vinyllandrecords.com\/produto\/maria-beraldo-cavala\/","name":"Maria Beraldo - Cavala - Vinyl Land Records","isPartOf":{"@id":"https:\/\/shopbrasil.vinyllandrecords.com\/#website"},"primaryImageOfPage":{"@id":"https:\/\/shopbrasil.vinyllandrecords.com\/produto\/maria-beraldo-cavala\/#primaryimage"},"image":{"@id":"https:\/\/shopbrasil.vinyllandrecords.com\/produto\/maria-beraldo-cavala\/#primaryimage"},"thumbnailUrl":"https:\/\/shopbrasil.vinyllandrecords.com\/wp-content\/uploads\/2022\/07\/cavala.jpg","datePublished":"2022-07-07T22:15:46+00:00","dateModified":"2024-01-24T15:59:15+00:00","breadcrumb":{"@id":"https:\/\/shopbrasil.vinyllandrecords.com\/produto\/maria-beraldo-cavala\/#breadcrumb"},"inLanguage":"en-US","potentialAction":[{"@type":"ReadAction","target":["https:\/\/shopbrasil.vinyllandrecords.com\/produto\/maria-beraldo-cavala\/"]}]},{"@type":"ImageObject","inLanguage":"en-US","@id":"https:\/\/shopbrasil.vinyllandrecords.com\/produto\/maria-beraldo-cavala\/#primaryimage","url":"https:\/\/shopbrasil.vinyllandrecords.com\/wp-content\/uploads\/2022\/07\/cavala.jpg","contentUrl":"https:\/\/shopbrasil.vinyllandrecords.com\/wp-content\/uploads\/2022\/07\/cavala.jpg","width":1200,"height":1200},{"@type":"BreadcrumbList","@id":"https:\/\/shopbrasil.vinyllandrecords.com\/produto\/maria-beraldo-cavala\/#breadcrumb","itemListElement":[{"@type":"ListItem","position":1,"name":"In\u00edcio","item":"https:\/\/shopbrasil.vinyllandrecords.com\/"},{"@type":"ListItem","position":2,"name":"Shops","item":"https:\/\/shopbrasil.vinyllandrecords.com\/shops\/"},{"@type":"ListItem","position":3,"name":"Maria Beraldo &#8211; Cavala"}]},{"@type":"WebSite","@id":"https:\/\/shopbrasil.vinyllandrecords.com\/#website","url":"https:\/\/shopbrasil.vinyllandrecords.com\/","name":"Vinyl Land Records","description":"ONLINE SHOP","potentialAction":[{"@type":"SearchAction","target":{"@type":"EntryPoint","urlTemplate":"https:\/\/shopbrasil.vinyllandrecords.com\/?s={search_term_string}"},"query-input":{"@type":"PropertyValueSpecification","valueRequired":true,"valueName":"search_term_string"}}],"inLanguage":"en-US"}]}},"_links":{"self":[{"href":"https:\/\/shopbrasil.vinyllandrecords.com\/en\/wp-json\/wp\/v2\/product\/68484","targetHints":{"allow":["GET"]}}],"collection":[{"href":"https:\/\/shopbrasil.vinyllandrecords.com\/en\/wp-json\/wp\/v2\/product"}],"about":[{"href":"https:\/\/shopbrasil.vinyllandrecords.com\/en\/wp-json\/wp\/v2\/types\/product"}],"wp:featuredmedia":[{"embeddable":true,"href":"https:\/\/shopbrasil.vinyllandrecords.com\/en\/wp-json\/wp\/v2\/media\/68491"}],"wp:attachment":[{"href":"https:\/\/shopbrasil.vinyllandrecords.com\/en\/wp-json\/wp\/v2\/media?parent=68484"}],"wp:term":[{"taxonomy":"product_brand","embeddable":true,"href":"https:\/\/shopbrasil.vinyllandrecords.com\/en\/wp-json\/wp\/v2\/product_brand?post=68484"},{"taxonomy":"product_cat","embeddable":true,"href":"https:\/\/shopbrasil.vinyllandrecords.com\/en\/wp-json\/wp\/v2\/product_cat?post=68484"},{"taxonomy":"product_tag","embeddable":true,"href":"https:\/\/shopbrasil.vinyllandrecords.com\/en\/wp-json\/wp\/v2\/product_tag?post=68484"}],"curies":[{"name":"wp","href":"https:\/\/api.w.org\/{rel}","templated":true}]}}