{"id":68509,"date":"2022-07-17T21:41:17","date_gmt":"2022-07-18T00:41:17","guid":{"rendered":"https:\/\/shopbrasil.vinyllandrecords.com\/?post_type=product&#038;p=68509"},"modified":"2025-10-29T22:58:23","modified_gmt":"2025-10-30T01:58:23","slug":"orquestra-popular-bomba-hemeterio-jorrando-cultura","status":"publish","type":"product","link":"https:\/\/shopbrasil.vinyllandrecords.com\/en\/produto\/orquestra-popular-bomba-hemeterio-jorrando-cultura\/","title":{"rendered":"Orquestra Popular Da Bomba Do Hemeterio &#8211; Jorrando Cultura"},"content":{"rendered":"","protected":false},"excerpt":{"rendered":"<p class=\"qtranxs-available-languages-message qtranxs-available-languages-message-en\">Sorry, this entry is only available in <a href=\"https:\/\/shopbrasil.vinyllandrecords.com\/pb\/wp-json\/wp\/v2\/product\/68509\" class=\"qtranxs-available-language-link qtranxs-available-language-link-pb\" title=\"Portugu\u00eas\">Portugu\u00eas<\/a>.<\/p>\n","protected":false},"featured_media":68510,"template":"","meta":[],"product_brand":[],"product_cat":[107,111,97],"product_tag":[],"class_list":{"0":"post-68509","1":"product","2":"type-product","3":"status-publish","4":"has-post-thumbnail","6":"product_cat-garimpo","7":"product_cat-destaque","8":"product_cat-lp","10":"first","11":"outofstock","12":"taxable","13":"shipping-taxable","14":"purchasable","15":"product-type-simple"},"yoast_head":"<!-- This site is optimized with the Yoast SEO plugin v27.4 - https:\/\/yoast.com\/product\/yoast-seo-wordpress\/ -->\n<title>Orquestra Popular Da Bomba Do Hemeterio - Jorrando Cultura - Vinyl Land Records<\/title>\n<meta name=\"robots\" content=\"index, follow, max-snippet:-1, max-image-preview:large, max-video-preview:-1\" \/>\n<link rel=\"canonical\" href=\"https:\/\/shopbrasil.vinyllandrecords.com\/produto\/orquestra-popular-bomba-hemeterio-jorrando-cultura\/\" \/>\n<meta property=\"og:locale\" content=\"en_US\" \/>\n<meta property=\"og:type\" content=\"article\" \/>\n<meta property=\"og:title\" content=\"Orquestra Popular Da Bomba Do Hemeterio - Jorrando Cultura - Vinyl Land Records\" \/>\n<meta property=\"og:description\" content=\"[:pb]  Primeiro \u00e1lbum da Orquestra Popular da Bomba do Hemet\u00e9rio. Produzido por Maestro Forr\u00f3, Parr\u00f4, Waltinho D\u00b4Souza e Natanael D\u00e1diva. Mixado por Jefferson Farias, Maestro Forr\u00f3, Parr\u00f4 e Waltinho D\u00b4Souza. Exceto a faixa &quot;Luanda de D\u00b4Agora&quot;, mixada por L\u00e9o Lima.  Lado A  1. Frevando em Paris 2. Tanajura 3. Suburbano 4. Frevando em Bomba do Hemet\u00e9rio 5. Luanda d&#039;Agora  Lado B  1. Suite Am\u00e9rica 2. Dadinha no Passo 3. Fantasia\/Elefante 4. Cabelo de Fogo 5. Bolada nas Costas 6. Maracatu Sambar[:]\" \/>\n<meta property=\"og:url\" content=\"https:\/\/shopbrasil.vinyllandrecords.com\/produto\/orquestra-popular-bomba-hemeterio-jorrando-cultura\/\" \/>\n<meta property=\"og:site_name\" content=\"Vinyl Land Records\" \/>\n<meta property=\"article:modified_time\" content=\"2025-10-30T01:58:23+00:00\" \/>\n<meta property=\"og:image\" content=\"https:\/\/shopbrasil.vinyllandrecords.com\/wp-content\/uploads\/2022\/07\/450xN.jpg\" \/>\n\t<meta property=\"og:image:width\" content=\"450\" \/>\n\t<meta property=\"og:image:height\" content=\"502\" \/>\n\t<meta property=\"og:image:type\" content=\"image\/jpeg\" \/>\n<meta name=\"twitter:card\" content=\"summary_large_image\" \/>\n<script type=\"application\/ld+json\" class=\"yoast-schema-graph\">{\"@context\":\"https:\\\/\\\/schema.org\",\"@graph\":[{\"@type\":\"WebPage\",\"@id\":\"https:\\\/\\\/shopbrasil.vinyllandrecords.com\\\/produto\\\/orquestra-popular-bomba-hemeterio-jorrando-cultura\\\/\",\"url\":\"https:\\\/\\\/shopbrasil.vinyllandrecords.com\\\/produto\\\/orquestra-popular-bomba-hemeterio-jorrando-cultura\\\/\",\"name\":\"Orquestra Popular Da Bomba Do Hemeterio - Jorrando Cultura - Vinyl Land Records\",\"isPartOf\":{\"@id\":\"https:\\\/\\\/shopbrasil.vinyllandrecords.com\\\/#website\"},\"primaryImageOfPage\":{\"@id\":\"https:\\\/\\\/shopbrasil.vinyllandrecords.com\\\/produto\\\/orquestra-popular-bomba-hemeterio-jorrando-cultura\\\/#primaryimage\"},\"image\":{\"@id\":\"https:\\\/\\\/shopbrasil.vinyllandrecords.com\\\/produto\\\/orquestra-popular-bomba-hemeterio-jorrando-cultura\\\/#primaryimage\"},\"thumbnailUrl\":\"https:\\\/\\\/shopbrasil.vinyllandrecords.com\\\/wp-content\\\/uploads\\\/2022\\\/07\\\/450xN.jpg\",\"datePublished\":\"2022-07-18T00:41:17+00:00\",\"dateModified\":\"2025-10-30T01:58:23+00:00\",\"breadcrumb\":{\"@id\":\"https:\\\/\\\/shopbrasil.vinyllandrecords.com\\\/produto\\\/orquestra-popular-bomba-hemeterio-jorrando-cultura\\\/#breadcrumb\"},\"inLanguage\":\"en-US\",\"potentialAction\":[{\"@type\":\"ReadAction\",\"target\":[\"https:\\\/\\\/shopbrasil.vinyllandrecords.com\\\/produto\\\/orquestra-popular-bomba-hemeterio-jorrando-cultura\\\/\"]}]},{\"@type\":\"ImageObject\",\"inLanguage\":\"en-US\",\"@id\":\"https:\\\/\\\/shopbrasil.vinyllandrecords.com\\\/produto\\\/orquestra-popular-bomba-hemeterio-jorrando-cultura\\\/#primaryimage\",\"url\":\"https:\\\/\\\/shopbrasil.vinyllandrecords.com\\\/wp-content\\\/uploads\\\/2022\\\/07\\\/450xN.jpg\",\"contentUrl\":\"https:\\\/\\\/shopbrasil.vinyllandrecords.com\\\/wp-content\\\/uploads\\\/2022\\\/07\\\/450xN.jpg\",\"width\":450,\"height\":502},{\"@type\":\"BreadcrumbList\",\"@id\":\"https:\\\/\\\/shopbrasil.vinyllandrecords.com\\\/produto\\\/orquestra-popular-bomba-hemeterio-jorrando-cultura\\\/#breadcrumb\",\"itemListElement\":[{\"@type\":\"ListItem\",\"position\":1,\"name\":\"In\u00edcio\",\"item\":\"https:\\\/\\\/shopbrasil.vinyllandrecords.com\\\/\"},{\"@type\":\"ListItem\",\"position\":2,\"name\":\"Shops\",\"item\":\"https:\\\/\\\/shopbrasil.vinyllandrecords.com\\\/shops\\\/\"},{\"@type\":\"ListItem\",\"position\":3,\"name\":\"Orquestra Popular Da Bomba Do Hemeterio &#8211; Jorrando Cultura\"}]},{\"@type\":\"WebSite\",\"@id\":\"https:\\\/\\\/shopbrasil.vinyllandrecords.com\\\/#website\",\"url\":\"https:\\\/\\\/shopbrasil.vinyllandrecords.com\\\/\",\"name\":\"Vinyl Land Records\",\"description\":\"ONLINE SHOP\",\"potentialAction\":[{\"@type\":\"SearchAction\",\"target\":{\"@type\":\"EntryPoint\",\"urlTemplate\":\"https:\\\/\\\/shopbrasil.vinyllandrecords.com\\\/?s={search_term_string}\"},\"query-input\":{\"@type\":\"PropertyValueSpecification\",\"valueRequired\":true,\"valueName\":\"search_term_string\"}}],\"inLanguage\":\"en-US\"}]}<\/script>\n<!-- \/ Yoast SEO plugin. -->","yoast_head_json":{"title":"Orquestra Popular Da Bomba Do Hemeterio - Jorrando Cultura - Vinyl Land Records","robots":{"index":"index","follow":"follow","max-snippet":"max-snippet:-1","max-image-preview":"max-image-preview:large","max-video-preview":"max-video-preview:-1"},"canonical":"https:\/\/shopbrasil.vinyllandrecords.com\/produto\/orquestra-popular-bomba-hemeterio-jorrando-cultura\/","og_locale":"en_US","og_type":"article","og_title":"Orquestra Popular Da Bomba Do Hemeterio - Jorrando Cultura - Vinyl Land Records","og_description":"[:pb]  Primeiro \u00e1lbum da Orquestra Popular da Bomba do Hemet\u00e9rio. Produzido por Maestro Forr\u00f3, Parr\u00f4, Waltinho D\u00b4Souza e Natanael D\u00e1diva. Mixado por Jefferson Farias, Maestro Forr\u00f3, Parr\u00f4 e Waltinho D\u00b4Souza. Exceto a faixa \"Luanda de D\u00b4Agora\", mixada por L\u00e9o Lima.  Lado A  1. Frevando em Paris 2. Tanajura 3. Suburbano 4. Frevando em Bomba do Hemet\u00e9rio 5. Luanda d'Agora  Lado B  1. Suite Am\u00e9rica 2. Dadinha no Passo 3. Fantasia\/Elefante 4. Cabelo de Fogo 5. Bolada nas Costas 6. Maracatu Sambar[:]","og_url":"https:\/\/shopbrasil.vinyllandrecords.com\/produto\/orquestra-popular-bomba-hemeterio-jorrando-cultura\/","og_site_name":"Vinyl Land Records","article_modified_time":"2025-10-30T01:58:23+00:00","og_image":[{"width":450,"height":502,"url":"https:\/\/shopbrasil.vinyllandrecords.com\/wp-content\/uploads\/2022\/07\/450xN.jpg","type":"image\/jpeg"}],"twitter_card":"summary_large_image","schema":{"@context":"https:\/\/schema.org","@graph":[{"@type":"WebPage","@id":"https:\/\/shopbrasil.vinyllandrecords.com\/produto\/orquestra-popular-bomba-hemeterio-jorrando-cultura\/","url":"https:\/\/shopbrasil.vinyllandrecords.com\/produto\/orquestra-popular-bomba-hemeterio-jorrando-cultura\/","name":"Orquestra Popular Da Bomba Do Hemeterio - Jorrando Cultura - Vinyl Land Records","isPartOf":{"@id":"https:\/\/shopbrasil.vinyllandrecords.com\/#website"},"primaryImageOfPage":{"@id":"https:\/\/shopbrasil.vinyllandrecords.com\/produto\/orquestra-popular-bomba-hemeterio-jorrando-cultura\/#primaryimage"},"image":{"@id":"https:\/\/shopbrasil.vinyllandrecords.com\/produto\/orquestra-popular-bomba-hemeterio-jorrando-cultura\/#primaryimage"},"thumbnailUrl":"https:\/\/shopbrasil.vinyllandrecords.com\/wp-content\/uploads\/2022\/07\/450xN.jpg","datePublished":"2022-07-18T00:41:17+00:00","dateModified":"2025-10-30T01:58:23+00:00","breadcrumb":{"@id":"https:\/\/shopbrasil.vinyllandrecords.com\/produto\/orquestra-popular-bomba-hemeterio-jorrando-cultura\/#breadcrumb"},"inLanguage":"en-US","potentialAction":[{"@type":"ReadAction","target":["https:\/\/shopbrasil.vinyllandrecords.com\/produto\/orquestra-popular-bomba-hemeterio-jorrando-cultura\/"]}]},{"@type":"ImageObject","inLanguage":"en-US","@id":"https:\/\/shopbrasil.vinyllandrecords.com\/produto\/orquestra-popular-bomba-hemeterio-jorrando-cultura\/#primaryimage","url":"https:\/\/shopbrasil.vinyllandrecords.com\/wp-content\/uploads\/2022\/07\/450xN.jpg","contentUrl":"https:\/\/shopbrasil.vinyllandrecords.com\/wp-content\/uploads\/2022\/07\/450xN.jpg","width":450,"height":502},{"@type":"BreadcrumbList","@id":"https:\/\/shopbrasil.vinyllandrecords.com\/produto\/orquestra-popular-bomba-hemeterio-jorrando-cultura\/#breadcrumb","itemListElement":[{"@type":"ListItem","position":1,"name":"In\u00edcio","item":"https:\/\/shopbrasil.vinyllandrecords.com\/"},{"@type":"ListItem","position":2,"name":"Shops","item":"https:\/\/shopbrasil.vinyllandrecords.com\/shops\/"},{"@type":"ListItem","position":3,"name":"Orquestra Popular Da Bomba Do Hemeterio &#8211; Jorrando Cultura"}]},{"@type":"WebSite","@id":"https:\/\/shopbrasil.vinyllandrecords.com\/#website","url":"https:\/\/shopbrasil.vinyllandrecords.com\/","name":"Vinyl Land Records","description":"ONLINE SHOP","potentialAction":[{"@type":"SearchAction","target":{"@type":"EntryPoint","urlTemplate":"https:\/\/shopbrasil.vinyllandrecords.com\/?s={search_term_string}"},"query-input":{"@type":"PropertyValueSpecification","valueRequired":true,"valueName":"search_term_string"}}],"inLanguage":"en-US"}]}},"_links":{"self":[{"href":"https:\/\/shopbrasil.vinyllandrecords.com\/en\/wp-json\/wp\/v2\/product\/68509","targetHints":{"allow":["GET"]}}],"collection":[{"href":"https:\/\/shopbrasil.vinyllandrecords.com\/en\/wp-json\/wp\/v2\/product"}],"about":[{"href":"https:\/\/shopbrasil.vinyllandrecords.com\/en\/wp-json\/wp\/v2\/types\/product"}],"wp:featuredmedia":[{"embeddable":true,"href":"https:\/\/shopbrasil.vinyllandrecords.com\/en\/wp-json\/wp\/v2\/media\/68510"}],"wp:attachment":[{"href":"https:\/\/shopbrasil.vinyllandrecords.com\/en\/wp-json\/wp\/v2\/media?parent=68509"}],"wp:term":[{"taxonomy":"product_brand","embeddable":true,"href":"https:\/\/shopbrasil.vinyllandrecords.com\/en\/wp-json\/wp\/v2\/product_brand?post=68509"},{"taxonomy":"product_cat","embeddable":true,"href":"https:\/\/shopbrasil.vinyllandrecords.com\/en\/wp-json\/wp\/v2\/product_cat?post=68509"},{"taxonomy":"product_tag","embeddable":true,"href":"https:\/\/shopbrasil.vinyllandrecords.com\/en\/wp-json\/wp\/v2\/product_tag?post=68509"}],"curies":[{"name":"wp","href":"https:\/\/api.w.org\/{rel}","templated":true}]}}