{"id":68513,"date":"2022-07-17T22:06:39","date_gmt":"2022-07-18T01:06:39","guid":{"rendered":"https:\/\/shopbrasil.vinyllandrecords.com\/?post_type=product&#038;p=68513"},"modified":"2026-03-20T17:09:19","modified_gmt":"2026-03-20T20:09:19","slug":"odair-jose-hibernar-casa-mocas-ouvindo-radio","status":"publish","type":"product","link":"https:\/\/shopbrasil.vinyllandrecords.com\/en\/produto\/odair-jose-hibernar-casa-mocas-ouvindo-radio\/","title":{"rendered":"Odair Jos\u00e9 \u2013 Hibernar Na Casa Das Mo\u00e7as Ouvindo R\u00e1dio"},"content":{"rendered":"","protected":false},"excerpt":{"rendered":"<p class=\"qtranxs-available-languages-message qtranxs-available-languages-message-en\">Sorry, this entry is only available in <a href=\"https:\/\/shopbrasil.vinyllandrecords.com\/pb\/wp-json\/wp\/v2\/product\/68513\" class=\"qtranxs-available-language-link qtranxs-available-language-link-pb\" title=\"Portugu\u00eas\">Portugu\u00eas<\/a>.<\/p>\n","protected":false},"featured_media":68514,"template":"","meta":[],"product_brand":[],"product_cat":[107,111,143,97],"product_tag":[],"class_list":{"0":"post-68513","1":"product","2":"type-product","3":"status-publish","4":"has-post-thumbnail","6":"product_cat-garimpo","7":"product_cat-destaque","8":"product_cat-monstro-discos","9":"product_cat-lp","11":"first","12":"outofstock","13":"taxable","14":"shipping-taxable","15":"purchasable","16":"product-type-simple"},"yoast_head":"<!-- This site is optimized with the Yoast SEO plugin v27.4 - https:\/\/yoast.com\/product\/yoast-seo-wordpress\/ -->\n<title>Odair Jos\u00e9 \u2013 Hibernar Na Casa Das Mo\u00e7as Ouvindo R\u00e1dio - Vinyl Land Records<\/title>\n<meta name=\"robots\" content=\"index, follow, max-snippet:-1, max-image-preview:large, max-video-preview:-1\" \/>\n<link rel=\"canonical\" href=\"https:\/\/shopbrasil.vinyllandrecords.com\/produto\/odair-jose-hibernar-casa-mocas-ouvindo-radio\/\" \/>\n<meta property=\"og:locale\" content=\"en_US\" \/>\n<meta property=\"og:type\" content=\"article\" \/>\n<meta property=\"og:title\" content=\"Odair Jos\u00e9 \u2013 Hibernar Na Casa Das Mo\u00e7as Ouvindo R\u00e1dio - Vinyl Land Records\" \/>\n<meta property=\"og:description\" content=\"[:pb]  Trig\u00e9simo s\u00e9timo disco da carreira de Odair Jos\u00e9, um dos artistas mais populares do Brasil. \u00c1lbum que encerra a trilogia iniciada com Dia 16 (2015) e Gatos e Ratos (2016)[:]\" \/>\n<meta property=\"og:url\" content=\"https:\/\/shopbrasil.vinyllandrecords.com\/produto\/odair-jose-hibernar-casa-mocas-ouvindo-radio\/\" \/>\n<meta property=\"og:site_name\" content=\"Vinyl Land Records\" \/>\n<meta property=\"article:modified_time\" content=\"2026-03-20T20:09:19+00:00\" \/>\n<meta property=\"og:image\" content=\"https:\/\/shopbrasil.vinyllandrecords.com\/wp-content\/uploads\/2022\/07\/zoom-capa_odair1-510x510-1.jpeg\" \/>\n\t<meta property=\"og:image:width\" content=\"510\" \/>\n\t<meta property=\"og:image:height\" content=\"510\" \/>\n\t<meta property=\"og:image:type\" content=\"image\/jpeg\" \/>\n<meta name=\"twitter:card\" content=\"summary_large_image\" \/>\n<script type=\"application\/ld+json\" class=\"yoast-schema-graph\">{\"@context\":\"https:\\\/\\\/schema.org\",\"@graph\":[{\"@type\":\"WebPage\",\"@id\":\"https:\\\/\\\/shopbrasil.vinyllandrecords.com\\\/produto\\\/odair-jose-hibernar-casa-mocas-ouvindo-radio\\\/\",\"url\":\"https:\\\/\\\/shopbrasil.vinyllandrecords.com\\\/produto\\\/odair-jose-hibernar-casa-mocas-ouvindo-radio\\\/\",\"name\":\"Odair Jos\u00e9 \u2013 Hibernar Na Casa Das Mo\u00e7as Ouvindo R\u00e1dio - Vinyl Land Records\",\"isPartOf\":{\"@id\":\"https:\\\/\\\/shopbrasil.vinyllandrecords.com\\\/#website\"},\"primaryImageOfPage\":{\"@id\":\"https:\\\/\\\/shopbrasil.vinyllandrecords.com\\\/produto\\\/odair-jose-hibernar-casa-mocas-ouvindo-radio\\\/#primaryimage\"},\"image\":{\"@id\":\"https:\\\/\\\/shopbrasil.vinyllandrecords.com\\\/produto\\\/odair-jose-hibernar-casa-mocas-ouvindo-radio\\\/#primaryimage\"},\"thumbnailUrl\":\"https:\\\/\\\/shopbrasil.vinyllandrecords.com\\\/wp-content\\\/uploads\\\/2022\\\/07\\\/zoom-capa_odair1-510x510-1.jpeg\",\"datePublished\":\"2022-07-18T01:06:39+00:00\",\"dateModified\":\"2026-03-20T20:09:19+00:00\",\"breadcrumb\":{\"@id\":\"https:\\\/\\\/shopbrasil.vinyllandrecords.com\\\/produto\\\/odair-jose-hibernar-casa-mocas-ouvindo-radio\\\/#breadcrumb\"},\"inLanguage\":\"en-US\",\"potentialAction\":[{\"@type\":\"ReadAction\",\"target\":[\"https:\\\/\\\/shopbrasil.vinyllandrecords.com\\\/produto\\\/odair-jose-hibernar-casa-mocas-ouvindo-radio\\\/\"]}]},{\"@type\":\"ImageObject\",\"inLanguage\":\"en-US\",\"@id\":\"https:\\\/\\\/shopbrasil.vinyllandrecords.com\\\/produto\\\/odair-jose-hibernar-casa-mocas-ouvindo-radio\\\/#primaryimage\",\"url\":\"https:\\\/\\\/shopbrasil.vinyllandrecords.com\\\/wp-content\\\/uploads\\\/2022\\\/07\\\/zoom-capa_odair1-510x510-1.jpeg\",\"contentUrl\":\"https:\\\/\\\/shopbrasil.vinyllandrecords.com\\\/wp-content\\\/uploads\\\/2022\\\/07\\\/zoom-capa_odair1-510x510-1.jpeg\",\"width\":510,\"height\":510},{\"@type\":\"BreadcrumbList\",\"@id\":\"https:\\\/\\\/shopbrasil.vinyllandrecords.com\\\/produto\\\/odair-jose-hibernar-casa-mocas-ouvindo-radio\\\/#breadcrumb\",\"itemListElement\":[{\"@type\":\"ListItem\",\"position\":1,\"name\":\"In\u00edcio\",\"item\":\"https:\\\/\\\/shopbrasil.vinyllandrecords.com\\\/\"},{\"@type\":\"ListItem\",\"position\":2,\"name\":\"Shops\",\"item\":\"https:\\\/\\\/shopbrasil.vinyllandrecords.com\\\/shops\\\/\"},{\"@type\":\"ListItem\",\"position\":3,\"name\":\"Odair Jos\u00e9 \u2013 Hibernar Na Casa Das Mo\u00e7as Ouvindo R\u00e1dio\"}]},{\"@type\":\"WebSite\",\"@id\":\"https:\\\/\\\/shopbrasil.vinyllandrecords.com\\\/#website\",\"url\":\"https:\\\/\\\/shopbrasil.vinyllandrecords.com\\\/\",\"name\":\"Vinyl Land Records\",\"description\":\"ONLINE SHOP\",\"potentialAction\":[{\"@type\":\"SearchAction\",\"target\":{\"@type\":\"EntryPoint\",\"urlTemplate\":\"https:\\\/\\\/shopbrasil.vinyllandrecords.com\\\/?s={search_term_string}\"},\"query-input\":{\"@type\":\"PropertyValueSpecification\",\"valueRequired\":true,\"valueName\":\"search_term_string\"}}],\"inLanguage\":\"en-US\"}]}<\/script>\n<!-- \/ Yoast SEO plugin. -->","yoast_head_json":{"title":"Odair Jos\u00e9 \u2013 Hibernar Na Casa Das Mo\u00e7as Ouvindo R\u00e1dio - Vinyl Land Records","robots":{"index":"index","follow":"follow","max-snippet":"max-snippet:-1","max-image-preview":"max-image-preview:large","max-video-preview":"max-video-preview:-1"},"canonical":"https:\/\/shopbrasil.vinyllandrecords.com\/produto\/odair-jose-hibernar-casa-mocas-ouvindo-radio\/","og_locale":"en_US","og_type":"article","og_title":"Odair Jos\u00e9 \u2013 Hibernar Na Casa Das Mo\u00e7as Ouvindo R\u00e1dio - Vinyl Land Records","og_description":"[:pb]  Trig\u00e9simo s\u00e9timo disco da carreira de Odair Jos\u00e9, um dos artistas mais populares do Brasil. \u00c1lbum que encerra a trilogia iniciada com Dia 16 (2015) e Gatos e Ratos (2016)[:]","og_url":"https:\/\/shopbrasil.vinyllandrecords.com\/produto\/odair-jose-hibernar-casa-mocas-ouvindo-radio\/","og_site_name":"Vinyl Land Records","article_modified_time":"2026-03-20T20:09:19+00:00","og_image":[{"width":510,"height":510,"url":"https:\/\/shopbrasil.vinyllandrecords.com\/wp-content\/uploads\/2022\/07\/zoom-capa_odair1-510x510-1.jpeg","type":"image\/jpeg"}],"twitter_card":"summary_large_image","schema":{"@context":"https:\/\/schema.org","@graph":[{"@type":"WebPage","@id":"https:\/\/shopbrasil.vinyllandrecords.com\/produto\/odair-jose-hibernar-casa-mocas-ouvindo-radio\/","url":"https:\/\/shopbrasil.vinyllandrecords.com\/produto\/odair-jose-hibernar-casa-mocas-ouvindo-radio\/","name":"Odair Jos\u00e9 \u2013 Hibernar Na Casa Das Mo\u00e7as Ouvindo R\u00e1dio - Vinyl Land Records","isPartOf":{"@id":"https:\/\/shopbrasil.vinyllandrecords.com\/#website"},"primaryImageOfPage":{"@id":"https:\/\/shopbrasil.vinyllandrecords.com\/produto\/odair-jose-hibernar-casa-mocas-ouvindo-radio\/#primaryimage"},"image":{"@id":"https:\/\/shopbrasil.vinyllandrecords.com\/produto\/odair-jose-hibernar-casa-mocas-ouvindo-radio\/#primaryimage"},"thumbnailUrl":"https:\/\/shopbrasil.vinyllandrecords.com\/wp-content\/uploads\/2022\/07\/zoom-capa_odair1-510x510-1.jpeg","datePublished":"2022-07-18T01:06:39+00:00","dateModified":"2026-03-20T20:09:19+00:00","breadcrumb":{"@id":"https:\/\/shopbrasil.vinyllandrecords.com\/produto\/odair-jose-hibernar-casa-mocas-ouvindo-radio\/#breadcrumb"},"inLanguage":"en-US","potentialAction":[{"@type":"ReadAction","target":["https:\/\/shopbrasil.vinyllandrecords.com\/produto\/odair-jose-hibernar-casa-mocas-ouvindo-radio\/"]}]},{"@type":"ImageObject","inLanguage":"en-US","@id":"https:\/\/shopbrasil.vinyllandrecords.com\/produto\/odair-jose-hibernar-casa-mocas-ouvindo-radio\/#primaryimage","url":"https:\/\/shopbrasil.vinyllandrecords.com\/wp-content\/uploads\/2022\/07\/zoom-capa_odair1-510x510-1.jpeg","contentUrl":"https:\/\/shopbrasil.vinyllandrecords.com\/wp-content\/uploads\/2022\/07\/zoom-capa_odair1-510x510-1.jpeg","width":510,"height":510},{"@type":"BreadcrumbList","@id":"https:\/\/shopbrasil.vinyllandrecords.com\/produto\/odair-jose-hibernar-casa-mocas-ouvindo-radio\/#breadcrumb","itemListElement":[{"@type":"ListItem","position":1,"name":"In\u00edcio","item":"https:\/\/shopbrasil.vinyllandrecords.com\/"},{"@type":"ListItem","position":2,"name":"Shops","item":"https:\/\/shopbrasil.vinyllandrecords.com\/shops\/"},{"@type":"ListItem","position":3,"name":"Odair Jos\u00e9 \u2013 Hibernar Na Casa Das Mo\u00e7as Ouvindo R\u00e1dio"}]},{"@type":"WebSite","@id":"https:\/\/shopbrasil.vinyllandrecords.com\/#website","url":"https:\/\/shopbrasil.vinyllandrecords.com\/","name":"Vinyl Land Records","description":"ONLINE SHOP","potentialAction":[{"@type":"SearchAction","target":{"@type":"EntryPoint","urlTemplate":"https:\/\/shopbrasil.vinyllandrecords.com\/?s={search_term_string}"},"query-input":{"@type":"PropertyValueSpecification","valueRequired":true,"valueName":"search_term_string"}}],"inLanguage":"en-US"}]}},"_links":{"self":[{"href":"https:\/\/shopbrasil.vinyllandrecords.com\/en\/wp-json\/wp\/v2\/product\/68513","targetHints":{"allow":["GET"]}}],"collection":[{"href":"https:\/\/shopbrasil.vinyllandrecords.com\/en\/wp-json\/wp\/v2\/product"}],"about":[{"href":"https:\/\/shopbrasil.vinyllandrecords.com\/en\/wp-json\/wp\/v2\/types\/product"}],"wp:featuredmedia":[{"embeddable":true,"href":"https:\/\/shopbrasil.vinyllandrecords.com\/en\/wp-json\/wp\/v2\/media\/68514"}],"wp:attachment":[{"href":"https:\/\/shopbrasil.vinyllandrecords.com\/en\/wp-json\/wp\/v2\/media?parent=68513"}],"wp:term":[{"taxonomy":"product_brand","embeddable":true,"href":"https:\/\/shopbrasil.vinyllandrecords.com\/en\/wp-json\/wp\/v2\/product_brand?post=68513"},{"taxonomy":"product_cat","embeddable":true,"href":"https:\/\/shopbrasil.vinyllandrecords.com\/en\/wp-json\/wp\/v2\/product_cat?post=68513"},{"taxonomy":"product_tag","embeddable":true,"href":"https:\/\/shopbrasil.vinyllandrecords.com\/en\/wp-json\/wp\/v2\/product_tag?post=68513"}],"curies":[{"name":"wp","href":"https:\/\/api.w.org\/{rel}","templated":true}]}}