{"id":68515,"date":"2022-07-17T22:32:15","date_gmt":"2022-07-18T01:32:15","guid":{"rendered":"https:\/\/shopbrasil.vinyllandrecords.com\/?post_type=product&#038;p=68515"},"modified":"2022-07-17T22:32:16","modified_gmt":"2022-07-18T01:32:16","slug":"ondas-sismicas-10-cancoes-cantoras-brasileiras","status":"publish","type":"product","link":"https:\/\/shopbrasil.vinyllandrecords.com\/en\/produto\/ondas-sismicas-10-cancoes-cantoras-brasileiras\/","title":{"rendered":"Ondas S\u00edsmicas: 10 Can\u00e7\u00f5es de Cantoras Brasileiras do S\u00e9c. XXI"},"content":{"rendered":"","protected":false},"excerpt":{"rendered":"<p class=\"qtranxs-available-languages-message qtranxs-available-languages-message-en\">Sorry, this entry is only available in <a href=\"https:\/\/shopbrasil.vinyllandrecords.com\/pb\/wp-json\/wp\/v2\/product\/68515\" class=\"qtranxs-available-language-link qtranxs-available-language-link-pb\" title=\"Portugu\u00eas\">Portugu\u00eas<\/a>.<\/p>\n","protected":false},"featured_media":68516,"template":"","meta":[],"product_brand":[],"product_cat":[107,111,145,97],"product_tag":[],"class_list":{"0":"post-68515","1":"product","2":"type-product","3":"status-publish","4":"has-post-thumbnail","6":"product_cat-garimpo","7":"product_cat-destaque","8":"product_cat-amigues-do-vinil","9":"product_cat-lp","11":"first","12":"instock","13":"taxable","14":"shipping-taxable","15":"purchasable","16":"product-type-simple"},"yoast_head":"<!-- This site is optimized with the Yoast SEO plugin v27.4 - https:\/\/yoast.com\/product\/yoast-seo-wordpress\/ -->\n<title>Ondas S\u00edsmicas: 10 Can\u00e7\u00f5es de Cantoras Brasileiras do S\u00e9c. XXI - Vinyl Land Records<\/title>\n<meta name=\"robots\" content=\"index, follow, max-snippet:-1, max-image-preview:large, max-video-preview:-1\" \/>\n<link rel=\"canonical\" href=\"https:\/\/shopbrasil.vinyllandrecords.com\/produto\/ondas-sismicas-10-cancoes-cantoras-brasileiras\/\" \/>\n<meta property=\"og:locale\" content=\"en_US\" \/>\n<meta property=\"og:type\" content=\"article\" \/>\n<meta property=\"og:title\" content=\"Ondas S\u00edsmicas: 10 Can\u00e7\u00f5es de Cantoras Brasileiras do S\u00e9c. XXI - Vinyl Land Records\" \/>\n<meta property=\"og:description\" content=\"[:pb]A colet\u00e2nea \u201cOndas S\u00edsmicas: 10 can\u00e7\u00f5es de cantoras brasileiras do s\u00e9culo 21\u201d \u00e9 uma adapta\u00e7\u00e3o do livro \u201cOndas S\u00edsmicas: 90 discos de cantoras brasileiras do s\u00e9culo 21\u201d, escrito pelo autor curitibano Gabriel Bernini. O compilado, lan\u00e7ado em LP e streaming, inclui 10 faixas de cantoras que tiveram seus discos resenhados no livro.  O LP carrega uma poesia in\u00e9dita da cantora MEL, e o encarte, um manifesto redigido por Laura Diaz (CARNEOSSO), vocalista da banda TETO PRETO. \u201cOndas S\u00edsmicas\u201d \u00e9 um lan\u00e7amento Romaria Discos, com apoio da Made In Quebrada Discos e da Vinyl Land.  LADO A 1 - Laya \u201cMais Brilhantes\u201d 2 - PERIGOSAH \u201cDeusas &amp; Diabas\u201d 3 - Estela Cassilatti \u201cHist\u00f3ria de Fantasmas\u201d 4 - Kika \u201cPor A\u00ed\u201d 5 - Tika \u201cAnoitece\u201d  LADO B 1 - Lila \u201cPu\u00e9rpera\u201d 2 - Pat C. \u201cCowboy Cosmopolita\u201d 3 - Malu Maria, Lucinha Turnbull \u201cO Para\u00edso \u00e9 Dentro\u201d 4 - Uli \u201cRespeita as Mina\u201d 5 - Dicy \u201cRosa Semba, Menina que Deus Crioula\u201d[:]\" \/>\n<meta property=\"og:url\" content=\"https:\/\/shopbrasil.vinyllandrecords.com\/produto\/ondas-sismicas-10-cancoes-cantoras-brasileiras\/\" \/>\n<meta property=\"og:site_name\" content=\"Vinyl Land Records\" \/>\n<meta property=\"article:modified_time\" content=\"2022-07-18T01:32:16+00:00\" \/>\n<meta property=\"og:image\" content=\"https:\/\/shopbrasil.vinyllandrecords.com\/wp-content\/uploads\/2022\/07\/450xN-3.jpg\" \/>\n\t<meta property=\"og:image:width\" content=\"450\" \/>\n\t<meta property=\"og:image:height\" content=\"457\" \/>\n\t<meta property=\"og:image:type\" content=\"image\/jpeg\" \/>\n<meta name=\"twitter:card\" content=\"summary_large_image\" \/>\n<script type=\"application\/ld+json\" class=\"yoast-schema-graph\">{\"@context\":\"https:\\\/\\\/schema.org\",\"@graph\":[{\"@type\":\"WebPage\",\"@id\":\"https:\\\/\\\/shopbrasil.vinyllandrecords.com\\\/produto\\\/ondas-sismicas-10-cancoes-cantoras-brasileiras\\\/\",\"url\":\"https:\\\/\\\/shopbrasil.vinyllandrecords.com\\\/produto\\\/ondas-sismicas-10-cancoes-cantoras-brasileiras\\\/\",\"name\":\"Ondas S\u00edsmicas: 10 Can\u00e7\u00f5es de Cantoras Brasileiras do S\u00e9c. XXI - Vinyl Land Records\",\"isPartOf\":{\"@id\":\"https:\\\/\\\/shopbrasil.vinyllandrecords.com\\\/#website\"},\"primaryImageOfPage\":{\"@id\":\"https:\\\/\\\/shopbrasil.vinyllandrecords.com\\\/produto\\\/ondas-sismicas-10-cancoes-cantoras-brasileiras\\\/#primaryimage\"},\"image\":{\"@id\":\"https:\\\/\\\/shopbrasil.vinyllandrecords.com\\\/produto\\\/ondas-sismicas-10-cancoes-cantoras-brasileiras\\\/#primaryimage\"},\"thumbnailUrl\":\"https:\\\/\\\/shopbrasil.vinyllandrecords.com\\\/wp-content\\\/uploads\\\/2022\\\/07\\\/450xN-3.jpg\",\"datePublished\":\"2022-07-18T01:32:15+00:00\",\"dateModified\":\"2022-07-18T01:32:16+00:00\",\"breadcrumb\":{\"@id\":\"https:\\\/\\\/shopbrasil.vinyllandrecords.com\\\/produto\\\/ondas-sismicas-10-cancoes-cantoras-brasileiras\\\/#breadcrumb\"},\"inLanguage\":\"en-US\",\"potentialAction\":[{\"@type\":\"ReadAction\",\"target\":[\"https:\\\/\\\/shopbrasil.vinyllandrecords.com\\\/produto\\\/ondas-sismicas-10-cancoes-cantoras-brasileiras\\\/\"]}]},{\"@type\":\"ImageObject\",\"inLanguage\":\"en-US\",\"@id\":\"https:\\\/\\\/shopbrasil.vinyllandrecords.com\\\/produto\\\/ondas-sismicas-10-cancoes-cantoras-brasileiras\\\/#primaryimage\",\"url\":\"https:\\\/\\\/shopbrasil.vinyllandrecords.com\\\/wp-content\\\/uploads\\\/2022\\\/07\\\/450xN-3.jpg\",\"contentUrl\":\"https:\\\/\\\/shopbrasil.vinyllandrecords.com\\\/wp-content\\\/uploads\\\/2022\\\/07\\\/450xN-3.jpg\",\"width\":450,\"height\":457},{\"@type\":\"BreadcrumbList\",\"@id\":\"https:\\\/\\\/shopbrasil.vinyllandrecords.com\\\/produto\\\/ondas-sismicas-10-cancoes-cantoras-brasileiras\\\/#breadcrumb\",\"itemListElement\":[{\"@type\":\"ListItem\",\"position\":1,\"name\":\"In\u00edcio\",\"item\":\"https:\\\/\\\/shopbrasil.vinyllandrecords.com\\\/\"},{\"@type\":\"ListItem\",\"position\":2,\"name\":\"Shops\",\"item\":\"https:\\\/\\\/shopbrasil.vinyllandrecords.com\\\/shops\\\/\"},{\"@type\":\"ListItem\",\"position\":3,\"name\":\"Ondas S\u00edsmicas: 10 Can\u00e7\u00f5es de Cantoras Brasileiras do S\u00e9c. XXI\"}]},{\"@type\":\"WebSite\",\"@id\":\"https:\\\/\\\/shopbrasil.vinyllandrecords.com\\\/#website\",\"url\":\"https:\\\/\\\/shopbrasil.vinyllandrecords.com\\\/\",\"name\":\"Vinyl Land Records\",\"description\":\"ONLINE SHOP\",\"potentialAction\":[{\"@type\":\"SearchAction\",\"target\":{\"@type\":\"EntryPoint\",\"urlTemplate\":\"https:\\\/\\\/shopbrasil.vinyllandrecords.com\\\/?s={search_term_string}\"},\"query-input\":{\"@type\":\"PropertyValueSpecification\",\"valueRequired\":true,\"valueName\":\"search_term_string\"}}],\"inLanguage\":\"en-US\"}]}<\/script>\n<!-- \/ Yoast SEO plugin. -->","yoast_head_json":{"title":"Ondas S\u00edsmicas: 10 Can\u00e7\u00f5es de Cantoras Brasileiras do S\u00e9c. XXI - Vinyl Land Records","robots":{"index":"index","follow":"follow","max-snippet":"max-snippet:-1","max-image-preview":"max-image-preview:large","max-video-preview":"max-video-preview:-1"},"canonical":"https:\/\/shopbrasil.vinyllandrecords.com\/produto\/ondas-sismicas-10-cancoes-cantoras-brasileiras\/","og_locale":"en_US","og_type":"article","og_title":"Ondas S\u00edsmicas: 10 Can\u00e7\u00f5es de Cantoras Brasileiras do S\u00e9c. XXI - Vinyl Land Records","og_description":"[:pb]A colet\u00e2nea \u201cOndas S\u00edsmicas: 10 can\u00e7\u00f5es de cantoras brasileiras do s\u00e9culo 21\u201d \u00e9 uma adapta\u00e7\u00e3o do livro \u201cOndas S\u00edsmicas: 90 discos de cantoras brasileiras do s\u00e9culo 21\u201d, escrito pelo autor curitibano Gabriel Bernini. O compilado, lan\u00e7ado em LP e streaming, inclui 10 faixas de cantoras que tiveram seus discos resenhados no livro.  O LP carrega uma poesia in\u00e9dita da cantora MEL, e o encarte, um manifesto redigido por Laura Diaz (CARNEOSSO), vocalista da banda TETO PRETO. \u201cOndas S\u00edsmicas\u201d \u00e9 um lan\u00e7amento Romaria Discos, com apoio da Made In Quebrada Discos e da Vinyl Land.  LADO A 1 - Laya \u201cMais Brilhantes\u201d 2 - PERIGOSAH \u201cDeusas & Diabas\u201d 3 - Estela Cassilatti \u201cHist\u00f3ria de Fantasmas\u201d 4 - Kika \u201cPor A\u00ed\u201d 5 - Tika \u201cAnoitece\u201d  LADO B 1 - Lila \u201cPu\u00e9rpera\u201d 2 - Pat C. \u201cCowboy Cosmopolita\u201d 3 - Malu Maria, Lucinha Turnbull \u201cO Para\u00edso \u00e9 Dentro\u201d 4 - Uli \u201cRespeita as Mina\u201d 5 - Dicy \u201cRosa Semba, Menina que Deus Crioula\u201d[:]","og_url":"https:\/\/shopbrasil.vinyllandrecords.com\/produto\/ondas-sismicas-10-cancoes-cantoras-brasileiras\/","og_site_name":"Vinyl Land Records","article_modified_time":"2022-07-18T01:32:16+00:00","og_image":[{"width":450,"height":457,"url":"https:\/\/shopbrasil.vinyllandrecords.com\/wp-content\/uploads\/2022\/07\/450xN-3.jpg","type":"image\/jpeg"}],"twitter_card":"summary_large_image","schema":{"@context":"https:\/\/schema.org","@graph":[{"@type":"WebPage","@id":"https:\/\/shopbrasil.vinyllandrecords.com\/produto\/ondas-sismicas-10-cancoes-cantoras-brasileiras\/","url":"https:\/\/shopbrasil.vinyllandrecords.com\/produto\/ondas-sismicas-10-cancoes-cantoras-brasileiras\/","name":"Ondas S\u00edsmicas: 10 Can\u00e7\u00f5es de Cantoras Brasileiras do S\u00e9c. XXI - Vinyl Land Records","isPartOf":{"@id":"https:\/\/shopbrasil.vinyllandrecords.com\/#website"},"primaryImageOfPage":{"@id":"https:\/\/shopbrasil.vinyllandrecords.com\/produto\/ondas-sismicas-10-cancoes-cantoras-brasileiras\/#primaryimage"},"image":{"@id":"https:\/\/shopbrasil.vinyllandrecords.com\/produto\/ondas-sismicas-10-cancoes-cantoras-brasileiras\/#primaryimage"},"thumbnailUrl":"https:\/\/shopbrasil.vinyllandrecords.com\/wp-content\/uploads\/2022\/07\/450xN-3.jpg","datePublished":"2022-07-18T01:32:15+00:00","dateModified":"2022-07-18T01:32:16+00:00","breadcrumb":{"@id":"https:\/\/shopbrasil.vinyllandrecords.com\/produto\/ondas-sismicas-10-cancoes-cantoras-brasileiras\/#breadcrumb"},"inLanguage":"en-US","potentialAction":[{"@type":"ReadAction","target":["https:\/\/shopbrasil.vinyllandrecords.com\/produto\/ondas-sismicas-10-cancoes-cantoras-brasileiras\/"]}]},{"@type":"ImageObject","inLanguage":"en-US","@id":"https:\/\/shopbrasil.vinyllandrecords.com\/produto\/ondas-sismicas-10-cancoes-cantoras-brasileiras\/#primaryimage","url":"https:\/\/shopbrasil.vinyllandrecords.com\/wp-content\/uploads\/2022\/07\/450xN-3.jpg","contentUrl":"https:\/\/shopbrasil.vinyllandrecords.com\/wp-content\/uploads\/2022\/07\/450xN-3.jpg","width":450,"height":457},{"@type":"BreadcrumbList","@id":"https:\/\/shopbrasil.vinyllandrecords.com\/produto\/ondas-sismicas-10-cancoes-cantoras-brasileiras\/#breadcrumb","itemListElement":[{"@type":"ListItem","position":1,"name":"In\u00edcio","item":"https:\/\/shopbrasil.vinyllandrecords.com\/"},{"@type":"ListItem","position":2,"name":"Shops","item":"https:\/\/shopbrasil.vinyllandrecords.com\/shops\/"},{"@type":"ListItem","position":3,"name":"Ondas S\u00edsmicas: 10 Can\u00e7\u00f5es de Cantoras Brasileiras do S\u00e9c. XXI"}]},{"@type":"WebSite","@id":"https:\/\/shopbrasil.vinyllandrecords.com\/#website","url":"https:\/\/shopbrasil.vinyllandrecords.com\/","name":"Vinyl Land Records","description":"ONLINE SHOP","potentialAction":[{"@type":"SearchAction","target":{"@type":"EntryPoint","urlTemplate":"https:\/\/shopbrasil.vinyllandrecords.com\/?s={search_term_string}"},"query-input":{"@type":"PropertyValueSpecification","valueRequired":true,"valueName":"search_term_string"}}],"inLanguage":"en-US"}]}},"_links":{"self":[{"href":"https:\/\/shopbrasil.vinyllandrecords.com\/en\/wp-json\/wp\/v2\/product\/68515","targetHints":{"allow":["GET"]}}],"collection":[{"href":"https:\/\/shopbrasil.vinyllandrecords.com\/en\/wp-json\/wp\/v2\/product"}],"about":[{"href":"https:\/\/shopbrasil.vinyllandrecords.com\/en\/wp-json\/wp\/v2\/types\/product"}],"wp:featuredmedia":[{"embeddable":true,"href":"https:\/\/shopbrasil.vinyllandrecords.com\/en\/wp-json\/wp\/v2\/media\/68516"}],"wp:attachment":[{"href":"https:\/\/shopbrasil.vinyllandrecords.com\/en\/wp-json\/wp\/v2\/media?parent=68515"}],"wp:term":[{"taxonomy":"product_brand","embeddable":true,"href":"https:\/\/shopbrasil.vinyllandrecords.com\/en\/wp-json\/wp\/v2\/product_brand?post=68515"},{"taxonomy":"product_cat","embeddable":true,"href":"https:\/\/shopbrasil.vinyllandrecords.com\/en\/wp-json\/wp\/v2\/product_cat?post=68515"},{"taxonomy":"product_tag","embeddable":true,"href":"https:\/\/shopbrasil.vinyllandrecords.com\/en\/wp-json\/wp\/v2\/product_tag?post=68515"}],"curies":[{"name":"wp","href":"https:\/\/api.w.org\/{rel}","templated":true}]}}